{"id":291,"date":"2021-03-09T12:12:36","date_gmt":"2021-03-09T18:12:36","guid":{"rendered":"http:\/\/dcv.artcom.mx\/pda\/?page_id=291"},"modified":"2022-02-22T17:02:58","modified_gmt":"2022-02-22T23:02:58","slug":"estructura","status":"publish","type":"page","link":"https:\/\/dcv.artcom.mx\/pda\/estructura\/","title":{"rendered":"Estructura"},"content":{"rendered":"<p>[et_pb_section fb_built=\u00bb1&#8243; admin_label=\u00bbHero\u00bb _builder_version=\u00bb3.22&#8243; custom_padding=\u00bb0px|0px|0px|0px\u00bb animation_style=\u00bbzoom\u00bb animation_intensity_zoom=\u00bb4%\u00bb global_colors_info=\u00bb{}\u00bb][et_pb_row column_structure=\u00bb1_2,1_2&#8243; use_custom_gutter=\u00bbon\u00bb gutter_width=\u00bb1&#8243; make_equal=\u00bbon\u00bb module_class=\u00bb et_pb_row_fullwidth\u00bb _builder_version=\u00bb4.9.1&#8243; background_color=\u00bb#1B455E\u00bb background_image=\u00bbhttp:\/\/dcv.artcom.mx\/pda\/wp-content\/uploads\/2020\/12\/circle-background-pattern.png\u00bb width=\u00bb100%\u00bb width_tablet=\u00bb100%\u00bb width_phone=\u00bb\u00bb width_last_edited=\u00bbon|desktop\u00bb max_width=\u00bb100%\u00bb max_width_tablet=\u00bb100%\u00bb max_width_phone=\u00bb\u00bb max_width_last_edited=\u00bbon|desktop\u00bb custom_padding=\u00bb0px||0px|\u00bb animation_style=\u00bbslide\u00bb animation_direction=\u00bbtop\u00bb animation_intensity_slide=\u00bb3%\u00bb make_fullwidth=\u00bbon\u00bb global_colors_info=\u00bb{}\u00bb][et_pb_column type=\u00bb1_2&#8243; _builder_version=\u00bb3.25&#8243; custom_padding=\u00bb10%|8%|10%|8%\u00bb global_colors_info=\u00bb{}\u00bb custom_padding__hover=\u00bb|||\u00bb][et_pb_text _builder_version=\u00bb4.9.1&#8243; text_font=\u00bbMontserrat|500||on|||||\u00bb text_text_color=\u00bb#FFFFFF\u00bb text_letter_spacing=\u00bb3px\u00bb custom_margin=\u00bb||45px|\u00bb animation_style=\u00bbslide\u00bb animation_direction=\u00bbbottom\u00bb text_font_size_tablet=\u00bb\u00bb text_font_size_phone=\u00bb14px\u00bb text_font_size_last_edited=\u00bbon|phone\u00bb locked=\u00bboff\u00bb global_colors_info=\u00bb{}\u00bb]<\/p>\n<p>Portafolio de Aprendizaje<\/p>\n<p>[\/et_pb_text][et_pb_text _builder_version=\u00bb4.9.1&#8243; text_font=\u00bb||||||||\u00bb header_font=\u00bbMontserrat|700||on|||||\u00bb header_text_color=\u00bb#15EADF\u00bb header_font_size=\u00bb60px\u00bb header_line_height=\u00bb1.3em\u00bb custom_margin=\u00bb||40px|\u00bb animation_style=\u00bbfade\u00bb header_font_last_edited=\u00bboff|desktop\u00bb header_font_size_tablet=\u00bb50px\u00bb header_font_size_phone=\u00bb38px\u00bb header_font_size_last_edited=\u00bbon|phone\u00bb locked=\u00bboff\u00bb global_colors_info=\u00bb{}\u00bb]<\/p>\n<h1>ESTRUCTURA DE PORTAFOLIO DCV online<\/h1>\n<p>[\/et_pb_text][et_pb_text _builder_version=\u00bb4.9.1&#8243; text_font=\u00bbMontserrat||||\u00bb text_text_color=\u00bb#FFFFFF\u00bb text_font_size=\u00bb20px\u00bb text_line_height=\u00bb1.8em\u00bb header_font=\u00bb||||||||\u00bb custom_margin=\u00bb||50px|\u00bb animation_style=\u00bbslide\u00bb animation_direction=\u00bbtop\u00bb animation_intensity_slide=\u00bb17%\u00bb text_font_size_tablet=\u00bb\u00bb text_font_size_phone=\u00bb18px\u00bb text_font_size_last_edited=\u00bbon|phone\u00bb locked=\u00bboff\u00bb global_colors_info=\u00bb{}\u00bb]<\/p>\n<p>El portafolio online de cada alumno tiene una estructura uniforme para todos los estudiantes y contempla los aspectos necesarios para evaluar su desarrollo acad\u00e9mico. La estructura base del portafolio es la siguiente:<\/p>\n<p>[\/et_pb_text][\/et_pb_column][et_pb_column type=\u00bb1_2&#8243; _builder_version=\u00bb3.25&#8243; background_image=\u00bbhttp:\/\/dcv.artcom.mx\/pda\/wp-content\/uploads\/2020\/12\/business_01.jpg\u00bb parallax=\u00bbon\u00bb custom_padding=\u00bb|||\u00bb global_colors_info=\u00bb{}\u00bb custom_padding__hover=\u00bb|||\u00bb][\/et_pb_column][\/et_pb_row][\/et_pb_section][et_pb_section fb_built=\u00bb1&#8243; admin_label=\u00bbService Section\u00bb _builder_version=\u00bb3.22&#8243; custom_margin=\u00bb|||\u00bb custom_padding=\u00bb110px||110px|\u00bb global_colors_info=\u00bb{}\u00bb][et_pb_row column_structure=\u00bb1_2,1_2&#8243; use_custom_gutter=\u00bbon\u00bb gutter_width=\u00bb2&#8243; make_equal=\u00bbon\u00bb admin_label=\u00bbServices\u00bb _builder_version=\u00bb3.25&#8243; max_width=\u00bb80%\u00bb custom_padding=\u00bb25px||25px|\u00bb use_custom_width=\u00bbon\u00bb width_unit=\u00bboff\u00bb global_colors_info=\u00bb{}\u00bb][et_pb_column type=\u00bb1_2&#8243; _builder_version=\u00bb3.25&#8243; custom_padding=\u00bb|||\u00bb global_colors_info=\u00bb{}\u00bb custom_padding__hover=\u00bb|||\u00bb][et_pb_blurb title=\u00bb1. Home \/ Inicio\u00bb use_icon=\u00bbon\u00bb font_icon=\u00bb&#xe074;||divi||400&#8243; icon_color=\u00bb#15EADF\u00bb image_icon_width=\u00bb60px\u00bb admin_label=\u00bb1. Home \/ Inicio\u00bb _builder_version=\u00bb4.13.0&#8243; header_font=\u00bbMontserrat|on|||\u00bb header_text_color=\u00bb#1B455E\u00bb header_font_size=\u00bb22px\u00bb header_line_height=\u00bb1.4em\u00bb body_font=\u00bbMontserrat||||\u00bb body_text_align=\u00bbleft\u00bb body_text_color=\u00bb#747d88&#8243; body_line_height=\u00bb1.8em\u00bb text_orientation=\u00bbcenter\u00bb custom_padding=\u00bb30px|30px|30px|30px\u00bb animation_style=\u00bbzoom\u00bb border_width_all=\u00bb0px\u00bb border_color_all=\u00bb#dddddd\u00bb border_style_all=\u00bbsolid\u00bb use_border_color=\u00bbon\u00bb border_color=\u00bb#dddddd\u00bb icon_font_size=\u00bb60px\u00bb global_colors_info=\u00bb{}\u00bb]<\/p>\n<p>La p\u00e1gina de inicio es una pantalla breve que presenta detalles del portafolio en general, puede tocar temas acerca del alumno como individuo, mostramos algunos proyectos destacados (que se visualizar\u00e1n m\u00e1s profundamente en el apartado de evidencias) o elementos de su agrado (como frases c\u00e9lebres, temas o gr\u00e1ficos).<\/p>\n<p>[\/et_pb_blurb][et_pb_blurb title=\u00bb2. Acerca de m\u00ed\u00bb use_icon=\u00bbon\u00bb font_icon=\u00bb&#xe08a;||divi||400&#8243; icon_color=\u00bb#15EADF\u00bb image_icon_width=\u00bb60px\u00bb admin_label=\u00bb2. Acerca de m\u00ed\u00bb _builder_version=\u00bb4.13.0&#8243; header_font=\u00bbMontserrat|on|||\u00bb header_text_color=\u00bb#353740&#8243; header_font_size=\u00bb22px\u00bb header_line_height=\u00bb1.4em\u00bb body_font=\u00bbMontserrat||||\u00bb body_text_align=\u00bbleft\u00bb body_text_color=\u00bb#747d88&#8243; body_line_height=\u00bb1.8em\u00bb text_orientation=\u00bbcenter\u00bb custom_padding=\u00bb30px|30px|30px|30px\u00bb animation_style=\u00bbzoom\u00bb animation_delay=\u00bb100ms\u00bb border_width_all=\u00bb0px\u00bb border_color_all=\u00bb#dddddd\u00bb border_style_all=\u00bbsolid\u00bb use_border_color=\u00bbon\u00bb border_color=\u00bb#dddddd\u00bb icon_font_size=\u00bb60px\u00bb inline_fonts=\u00bbMontserrat\u00bb global_colors_info=\u00bb{}\u00bb]<\/p>\n<p>En esta secci\u00f3n se hace referencia personal al alumno describiendo en una breve autobiograf\u00eda (mediante texto y fotograf\u00eda\/s) datos de la historia de vida del individuo, sentido de misi\u00f3n, estudios realizados, experiencias en la iglesia o fuera de ella, intereses o hobbies personales.<\/p>\n<p>Se abordar\u00e1 tambi\u00e9n la declaraci\u00f3n de cosmovisi\u00f3n personal, as\u00ed como la proyecci\u00f3n de vida, pudiendo desglosarlo por objetivos (y estos a su vez en objetivos a corto, mediano y largo plazo).<\/p>\n<p><span style=\"font-family: Montserrat\"><em><\/em><\/span><span style=\"font-family: Montserrat\"><em>***Esa secci\u00f3n deber\u00e1 estar traducida tambi\u00e9n en ingl\u00e9s.<\/em><\/span><\/p>\n<p>[\/et_pb_blurb][et_pb_blurb title=\u00bb3. Mi carrera\u00bb use_icon=\u00bbon\u00bb font_icon=\u00bb&#xe086;||divi||400&#8243; icon_color=\u00bb#15EADF\u00bb image_icon_width=\u00bb60px\u00bb admin_label=\u00bb3. Mi carrera\u00bb _builder_version=\u00bb4.13.0&#8243; header_font=\u00bbMontserrat|on|||\u00bb header_text_color=\u00bb#353740&#8243; header_font_size=\u00bb22px\u00bb header_line_height=\u00bb1.4em\u00bb body_font=\u00bbMontserrat||||\u00bb body_text_align=\u00bbleft\u00bb body_text_color=\u00bb#747d88&#8243; body_line_height=\u00bb1.8em\u00bb text_orientation=\u00bbcenter\u00bb custom_padding=\u00bb30px|30px|30px|30px\u00bb animation_style=\u00bbzoom\u00bb animation_delay=\u00bb200ms\u00bb border_width_all=\u00bb0px\u00bb border_color_all=\u00bb#dddddd\u00bb border_style_all=\u00bbsolid\u00bb use_border_color=\u00bbon\u00bb border_color=\u00bb#dddddd\u00bb icon_font_size=\u00bb60px\u00bb global_colors_info=\u00bb{}\u00bb]<\/p>\n<p>En esta secci\u00f3n del portafolio se debe desarrollar la presentaci\u00f3n de la carrera (Dise\u00f1o de Comunicaci\u00f3n Visual) desde una perspectiva personal del alumno y los motivos por los cuales estudia esta carrera. Adem\u00e1s deber\u00e1 presentar las fortalezas, limitaciones y expectativas personales en relaci\u00f3n a la carrera que estudia.<\/p>\n<p>[\/et_pb_blurb][et_pb_blurb title=\u00bb4. Mi PLE\u00bb use_icon=\u00bbon\u00bb font_icon=\u00bb&#xe0de;||divi||400&#8243; icon_color=\u00bb#15EADF\u00bb image_icon_width=\u00bb60px\u00bb admin_label=\u00bb4. Mi PLE\u00bb _builder_version=\u00bb4.13.0&#8243; header_font=\u00bbMontserrat|on|||\u00bb header_text_color=\u00bb#1B455E\u00bb header_font_size=\u00bb22px\u00bb header_line_height=\u00bb1.4em\u00bb body_font=\u00bbMontserrat||||\u00bb body_text_align=\u00bbleft\u00bb body_text_color=\u00bb#747d88&#8243; body_line_height=\u00bb1.8em\u00bb text_orientation=\u00bbcenter\u00bb custom_padding=\u00bb30px|30px|30px|30px\u00bb animation_style=\u00bbzoom\u00bb border_width_all=\u00bb0px\u00bb border_color_all=\u00bb#dddddd\u00bb border_style_all=\u00bbsolid\u00bb use_border_color=\u00bbon\u00bb border_color=\u00bb#dddddd\u00bb icon_font_size=\u00bb60px\u00bb global_colors_info=\u00bb{}\u00bb]<\/p>\n<p>Mi Entorno Personal de Aprendizaje\u00a0es como un directorio donde tu presentas el \u201centorno\u201d donde t\u00fa te desenvuelves para mostrar tu trabajo, tus pr\u00e1cticas o las obras que realizas, pero tambi\u00e9n es en esta secci\u00f3n del portafolio donde debes presentar d\u00f3nde buscas informaci\u00f3n e inspiraci\u00f3n y donde te nutres de m\u00e1s conocimiento a un nivel individual, es por ello que debes incluir las siguientes dos \u00e1reas:<\/p>\n<p><span style=\"color: #fc5f10\"><strong>I. D\u00f3nde p\u00fablico:\u200b<br \/><\/strong><\/span>Aqu\u00ed se debe presentar una relaci\u00f3n de las direcciones web de todas las plataformas utilizadas para publicar las obras o contenidos que realices como un ejercicio de difusi\u00f3n de las\u00a0piezas de dise\u00f1o en distintos formatos o tus intereses (ej: Video \u2013 Youtube o Vimeo \/ Audio \u2013 Soundcloud \/ Presentaciones \u2013 Slideshare \/ Fotos \u2013 Flickr \/ Documentos PDF \u2013 Issuu o Scribd \/ Facebook \/ Twitter \/ Linkedin).<\/p>\n<p><span style=\"color: #fc5f10\"><strong>II. D\u00f3nde busco:\u200b<br \/><\/strong><\/span>Tambi\u00e9n se deber\u00e1 compilar las direcciones de los sitios en la web que son tus predilectos en la b\u00fasqueda de recursos, inspiraci\u00f3n y aprendizaje personal (ej: blogs, portafolios de dise\u00f1adores o agencias de renombre, canales y cuentas de redes sociale de contenidos o charlas enfocadas al dise\u00f1o y \u00e1reas de inter\u00e9s para ti, etc.)<\/p>\n<p>[\/et_pb_blurb][\/et_pb_column][et_pb_column type=\u00bb1_2&#8243; _builder_version=\u00bb3.25&#8243; custom_padding=\u00bb|||\u00bb global_colors_info=\u00bb{}\u00bb custom_padding__hover=\u00bb|||\u00bb][et_pb_blurb title=\u00bb5. Evidencias\u00bb use_icon=\u00bbon\u00bb font_icon=\u00bb&#xe0f4;||divi||400&#8243; icon_color=\u00bb#15EADF\u00bb image_icon_width=\u00bb60px\u00bb admin_label=\u00bb5. Evidencias\u00bb _builder_version=\u00bb4.13.0&#8243; header_font=\u00bbMontserrat|on|||\u00bb header_text_color=\u00bb#353740&#8243; header_font_size=\u00bb22px\u00bb header_line_height=\u00bb1.4em\u00bb body_font=\u00bbMontserrat||||\u00bb body_text_align=\u00bbleft\u00bb body_text_color=\u00bb#747d88&#8243; body_line_height=\u00bb1.8em\u00bb text_orientation=\u00bbcenter\u00bb custom_padding=\u00bb30px|30px|30px|30px\u00bb animation_style=\u00bbzoom\u00bb animation_delay=\u00bb100ms\u00bb border_width_all=\u00bb0px\u00bb border_color_all=\u00bb#dddddd\u00bb border_style_all=\u00bbsolid\u00bb use_border_color=\u00bbon\u00bb border_color=\u00bb#dddddd\u00bb icon_font_size=\u00bb60px\u00bb inline_fonts=\u00bbMontserrat\u00bb global_colors_info=\u00bb{}\u00bb]<\/p>\n<p>Las evidencias se realizar\u00e1n combinando \u200belementos textuales\u200b (redacci\u00f3n que describa y contextualice la\/s evidencia\/s) y\u200b elementos multimedia\u200b (gr\u00e1ficos, im\u00e1genes, videos o audios) para demostrar las piezas desarrolladas en cada proyectos. Esta secci\u00f3n es la m\u00e1s valiosa del portafolio, en ella deber\u00e1s enlistar las evidencias de los proyectos realizados en las siguientes \u00e1reas:<\/p>\n<p><span style=\"color: #fc5f10\"><strong>I.\u200b \u200bProyectos acad\u00e9micos:\u00a0<\/strong><\/span>Aqu\u00ed colocar\u00e1s las evidencias que son producidas como parte del aprendizaje y pr\u00e1ctica dentro de las aulas de clase, es decir los proyectos realizados en las asignaciones de cada materia del curso. En esta secci\u00f3n se deber\u00e1n clasificar trabajos realizados, estos pueden ser dise\u00f1os, videos, audios, anuncios, pinturas y otras t\u00e9cnicas que se realicen durante las clases. Estos proyectos t\u00fa los seleccionas (pero debes asesorarte con tu tutor). Tambi\u00e9n ten en cuenta que debes incluir un texto para cada proyecto donde compartas las competencias que alcanzaste, un an\u00e1lisis o reflexi\u00f3n que acompa\u00f1e a la documentaci\u00f3n visual de los proyectos.<\/p>\n<p><span style=\"color: #fc5f10\"><strong>II.\u200b \u200bDiarios Metacognitivos:\u00a0<\/strong><\/span>En esta secci\u00f3n elegir\u00e1s un \u201cproyecto estelar\u201d por cada uno de los semestres del a\u00f1o escolar, y presentar\u00e1s el desarrollo de dichos proyectos a manera de \u201creflexiones\u201d en formato de \u201cbit\u00e1cora\u201d, es decir cronol\u00f3gicamente, puede ser diario, semanal o por etapas, t\u00fa decides. Ten en cuenta evidenciar y hablar sobre el proceso y producci\u00f3n del proyecto de clase que seleccionaste; especificando los logros, dificultades y a\u00fan los fracasos que enfrentaste durante su desarrollo.<br \/><span style=\"font-family: Montserrat;font-weight: normal\"><em>***En total, cada a\u00f1o escolar, se deber\u00e1n realizar dos diarios metacognitivos, es decir uno por cada semestre cursado.<\/em><\/span><\/p>\n<p><span style=\"color: #fc5f10\"><strong>III.\u200b \u200bActividades laborales y certificaciones:\u00a0<\/strong><\/span>Aqu\u00ed debes agregar las evidencias y explicaciones de lo que has hecho en trabajos realizados fuera del aula, desempe\u00f1ando alguna responsabilidad laboral que est\u00e9\u00a0relacionada con tu \u00e1rea de estudio. Por otro lado, aqu\u00ed podr\u00e1s registrar cuales son las certificaciones que haz realizado en cualquier otro entorno de aprendizaje fuera de la licenciatura (como cursos, talleres, webinars, etc.).<\/p>\n<p><strong><span style=\"color: #fc5f10\">IV.\u200b \u200bEmprendimientos personales:\u00a0<\/span><\/strong>Aqu\u00ed puedes presentar los trabajos que hayas realizado fuera del \u00e1mbito acad\u00e9mico. Puedes incluir las actividades de inter\u00e9s personal que quiz\u00e1s tienen un v\u00ednculo con la profesi\u00f3n. Adem\u00e1s de proyectos de emprendimiento que se apoyen en las habilidades y conocimientos adquiridos.<\/p>\n<p><span style=\"color: #fc5f10\"><strong>V.\u200b \u200bActividades eclesi\u00e1sticas y espirituales:\u00a0<\/strong><\/span>Aqu\u00ed debes agregar las explicaciones y evidencias de lo que has hecho en los ministerios de la iglesia, destacando las habilidades y experiencias que han sido significativas por la satisfacci\u00f3n e impacto en tu vida espiritual.<\/p>\n<p>[\/et_pb_blurb][et_pb_blurb title=\u00bb6. Autoevaluaci\u00f3n\u00bb use_icon=\u00bbon\u00bb font_icon=\u00bb&#xe0f0;||divi||400&#8243; icon_color=\u00bb#15EADF\u00bb image_icon_width=\u00bb60px\u00bb admin_label=\u00bb6. Autoevaluaci\u00f3n\u00bb _builder_version=\u00bb4.13.0&#8243; header_font=\u00bbMontserrat|on|||\u00bb header_text_color=\u00bb#353740&#8243; header_font_size=\u00bb22px\u00bb header_line_height=\u00bb1.4em\u00bb body_font=\u00bbMontserrat||||\u00bb body_text_align=\u00bbleft\u00bb body_text_color=\u00bb#747d88&#8243; body_line_height=\u00bb1.8em\u00bb text_orientation=\u00bbcenter\u00bb custom_padding=\u00bb30px|30px|30px|30px\u00bb animation_style=\u00bbzoom\u00bb animation_delay=\u00bb200ms\u00bb border_width_all=\u00bb0px\u00bb border_color_all=\u00bb#dddddd\u00bb border_style_all=\u00bbsolid\u00bb use_border_color=\u00bbon\u00bb border_color=\u00bb#dddddd\u00bb icon_font_size=\u00bb60px\u00bb global_colors_info=\u00bb{}\u00bb]<\/p>\n<p>Esta secci\u00f3n se compone de dos partes, la primera es una medici\u00f3n de evaluaci\u00f3n por cada materia cuantificable de cada semestre (ejemplo: 1-10, 0%-100%) apoyada de gr\u00e1ficas (ejemplo: barras de avance o progreso). La segunda parte es una redacci\u00f3n en el que se describe por qu\u00e9 se adjudica dicha autoevaluaci\u00f3n. Destaca las \u00e1reas que se fortalecieron durante las clases, aspectos acad\u00e9micos, espirituales y personales, adem\u00e1s ten en cuenta abordar las \u00e1reas de oportunidad que a\u00fan puedes mejorar.<\/p>\n<p>[\/et_pb_blurb][et_pb_blurb title=\u00bb7. Investigaci\u00f3n\u00bb use_icon=\u00bbon\u00bb font_icon=\u00bb&#xe0f7;||divi||400&#8243; icon_color=\u00bb#15EADF\u00bb image_icon_width=\u00bb60px\u00bb admin_label=\u00bb7. Investigaci\u00f3n\u00bb _builder_version=\u00bb4.13.0&#8243; header_font=\u00bbMontserrat|on|||\u00bb header_text_color=\u00bb#353740&#8243; header_font_size=\u00bb22px\u00bb header_line_height=\u00bb1.4em\u00bb body_font=\u00bbMontserrat||||\u00bb body_text_align=\u00bbleft\u00bb body_text_color=\u00bb#747d88&#8243; body_line_height=\u00bb1.8em\u00bb text_orientation=\u00bbcenter\u00bb custom_padding=\u00bb30px|30px|30px|30px\u00bb animation_style=\u00bbzoom\u00bb animation_delay=\u00bb200ms\u00bb border_width_all=\u00bb0px\u00bb border_color_all=\u00bb#dddddd\u00bb border_style_all=\u00bbsolid\u00bb use_border_color=\u00bbon\u00bb border_color=\u00bb#dddddd\u00bb icon_font_size=\u00bb60px\u00bb global_colors_info=\u00bb{}\u00bb]<\/p>\n<p>Aqu\u00ed deber\u00e1s mostrar el estado actual de tu proyecto de investigaci\u00f3n dependiendo el semestre que cursas:<\/p>\n<p><span style=\"color: #fc5f10;\"><strong>2\u00ba semestre:\u200b<\/strong><\/span> Borrador de anteproyecto<br \/><span style=\"color: #fc5f10;\"><strong>4\u00ba semestre:\u200b<\/strong><\/span> Investigaci\u00f3n a la que se esta escrito (t\u00edtulo de la investigaci\u00f3n, docente y aportaci\u00f3n a la investigaci\u00f3n). L\u00ednea\/s de investigaci\u00f3n a la cual pertenece.<br \/><span style=\"color: #fc5f10;\"><strong>6\u00ba semestre:<\/strong><\/span>\u200b Anteproyecto autorizado y art\u00edculo de investigaci\u00f3n en progreso.<\/p>\n<p>[\/et_pb_blurb][\/et_pb_column][\/et_pb_row][\/et_pb_section]<\/p>\n","protected":false},"excerpt":{"rendered":"<p>Portafolio de AprendizajeESTRUCTURA DE PORTAFOLIO DCV onlineEl portafolio online de cada alumno tiene una estructura uniforme para todos los estudiantes y contempla los aspectos necesarios para evaluar su desarrollo acad\u00e9mico. La estructura base del portafolio es la siguiente:La p\u00e1gina de inicio es una pantalla breve que presenta detalles del portafolio en general, puede tocar temas [&hellip;]<\/p>\n","protected":false},"author":5,"featured_media":0,"parent":0,"menu_order":0,"comment_status":"closed","ping_status":"closed","template":"","meta":{"_et_pb_use_builder":"on","_et_pb_old_content":"","_et_gb_content_width":"","inline_featured_image":false,"footnotes":""},"_links":{"self":[{"href":"https:\/\/dcv.artcom.mx\/pda\/wp-json\/wp\/v2\/pages\/291"}],"collection":[{"href":"https:\/\/dcv.artcom.mx\/pda\/wp-json\/wp\/v2\/pages"}],"about":[{"href":"https:\/\/dcv.artcom.mx\/pda\/wp-json\/wp\/v2\/types\/page"}],"author":[{"embeddable":true,"href":"https:\/\/dcv.artcom.mx\/pda\/wp-json\/wp\/v2\/users\/5"}],"replies":[{"embeddable":true,"href":"https:\/\/dcv.artcom.mx\/pda\/wp-json\/wp\/v2\/comments?post=291"}],"version-history":[{"count":11,"href":"https:\/\/dcv.artcom.mx\/pda\/wp-json\/wp\/v2\/pages\/291\/revisions"}],"predecessor-version":[{"id":340,"href":"https:\/\/dcv.artcom.mx\/pda\/wp-json\/wp\/v2\/pages\/291\/revisions\/340"}],"wp:attachment":[{"href":"https:\/\/dcv.artcom.mx\/pda\/wp-json\/wp\/v2\/media?parent=291"}],"curies":[{"name":"wp","href":"https:\/\/api.w.org\/{rel}","templated":true}]}}