{"id":18,"date":"2020-12-17T16:34:24","date_gmt":"2020-12-17T16:34:24","guid":{"rendered":"http:\/\/dcv.artcom.mx\/pda\/inicio\/"},"modified":"2021-03-09T15:44:58","modified_gmt":"2021-03-09T21:44:58","slug":"inicio","status":"publish","type":"page","link":"https:\/\/dcv.artcom.mx\/pda\/","title":{"rendered":"Inicio"},"content":{"rendered":"<p>[et_pb_section fb_built=\u00bb1&#8243; admin_label=\u00bbHero\u00bb _builder_version=\u00bb3.22&#8243; custom_padding=\u00bb0px|0px|0px|0px\u00bb animation_style=\u00bbzoom\u00bb animation_intensity_zoom=\u00bb4%\u00bb][et_pb_row column_structure=\u00bb1_2,1_2&#8243; use_custom_gutter=\u00bbon\u00bb gutter_width=\u00bb1&#8243; make_equal=\u00bbon\u00bb module_class=\u00bb et_pb_row_fullwidth\u00bb _builder_version=\u00bb4.8.2&#8243; background_color=\u00bb#1b455e\u00bb background_image=\u00bbhttp:\/\/dcv.artcom.mx\/pda\/wp-content\/uploads\/2020\/12\/circle-background-pattern.png\u00bb background_position=\u00bbtop_left\u00bb background_repeat=\u00bbrepeat\u00bb width=\u00bb100%\u00bb width_tablet=\u00bb100%\u00bb width_phone=\u00bb\u00bb width_last_edited=\u00bbon|desktop\u00bb max_width=\u00bb100%\u00bb max_width_tablet=\u00bb100%\u00bb max_width_phone=\u00bb\u00bb max_width_last_edited=\u00bbon|desktop\u00bb custom_padding=\u00bb0px||0px|\u00bb animation_style=\u00bbslide\u00bb animation_direction=\u00bbtop\u00bb animation_intensity_slide=\u00bb3%\u00bb make_fullwidth=\u00bbon\u00bb][et_pb_column type=\u00bb1_2&#8243; _builder_version=\u00bb3.25&#8243; custom_padding=\u00bb10%|8%|10%|8%\u00bb custom_padding__hover=\u00bb|||\u00bb][et_pb_text _builder_version=\u00bb4.8.2&#8243; text_font=\u00bb||||||||\u00bb header_font=\u00bbMontserrat|700||on|||||\u00bb header_text_color=\u00bb#f7f7f7&#8243; header_font_size=\u00bb100px\u00bb header_line_height=\u00bb1.3em\u00bb background_size=\u00bbinitial\u00bb background_position=\u00bbtop_left\u00bb background_repeat=\u00bbrepeat\u00bb custom_margin=\u00bb||40px|\u00bb animation_style=\u00bbfade\u00bb header_font_size_last_edited=\u00bboff|desktop\u00bb locked=\u00bboff\u00bb]<\/p>\n<h1>PDA<span style=\"color: #15eadf\">DCV<\/span><\/h1>\n<p>[\/et_pb_text][et_pb_text _builder_version=\u00bb3.27.4&#8243; text_font=\u00bbMontserrat||||\u00bb text_text_color=\u00bb#353740&#8243; text_font_size=\u00bb20px\u00bb text_line_height=\u00bb1.8em\u00bb header_font=\u00bb||||||||\u00bb background_size=\u00bbinitial\u00bb background_position=\u00bbtop_left\u00bb background_repeat=\u00bbrepeat\u00bb custom_margin=\u00bb||50px|\u00bb animation_style=\u00bbslide\u00bb animation_direction=\u00bbtop\u00bb animation_intensity_slide=\u00bb17%\u00bb locked=\u00bboff\u00bb]<\/p>\n<p style=\"text-align: center\"><span style=\"color: #ffffff;font-size: medium\">La funci\u00f3n principal del portfolio, para un profesional del dise\u00f1o o de cualquier profesional de las artes gr\u00e1ficas, se resume espec\u00edficamente a representar visualmente sus competencias,\u00a0 para de esta manera llegar a obtener oportunidades de trabajo o clientes potenciales.<\/span><\/p>\n<p>[\/et_pb_text][\/et_pb_column][et_pb_column type=\u00bb1_2&#8243; _builder_version=\u00bb4.8.2&#8243; background_image=\u00bbhttp:\/\/dcv.artcom.mx\/pda\/wp-content\/uploads\/2021\/02\/Captura-de-pantalla-2021-02-04-a-las-15.23.03.png\u00bb background_position=\u00bbcenter_right\u00bb custom_padding=\u00bb|||\u00bb custom_padding__hover=\u00bb|||\u00bb][\/et_pb_column][\/et_pb_row][\/et_pb_section][et_pb_section fb_built=\u00bb1&#8243; admin_label=\u00bbService Section\u00bb _builder_version=\u00bb3.22&#8243; custom_margin=\u00bb|||\u00bb custom_padding=\u00bb110px||110px|\u00bb][et_pb_row admin_label=\u00bbQuote\u00bb _builder_version=\u00bb3.25&#8243; background_size=\u00bbinitial\u00bb background_position=\u00bbtop_left\u00bb background_repeat=\u00bbrepeat\u00bb][et_pb_column type=\u00bb4_4&#8243; _builder_version=\u00bb3.25&#8243; custom_padding=\u00bb|||\u00bb custom_padding__hover=\u00bb|||\u00bb][et_pb_text admin_label=\u00bbQuote\u00bb _builder_version=\u00bb3.27.4&#8243; text_text_color=\u00bb#747d88&#8243; text_font_size=\u00bb24px\u00bb text_line_height=\u00bb1.8em\u00bb background_size=\u00bbinitial\u00bb background_position=\u00bbtop_left\u00bb background_repeat=\u00bbrepeat\u00bb text_orientation=\u00bbcenter\u00bb max_width=\u00bb700px\u00bb module_alignment=\u00bbcenter\u00bb animation_style=\u00bbflip\u00bb animation_direction=\u00bbtop\u00bb animation_intensity_flip=\u00bb20%\u00bb]<\/p>\n<p>Explora el sitio para conocer m\u00e1s acerca de cu\u00e1nto contendr\u00e1, c\u00f3mo construir, y qu\u00e9 se evaluara en tu portafolio&#8230;\u00a0<\/p>\n<p>[\/et_pb_text][\/et_pb_column][\/et_pb_row][et_pb_row column_structure=\u00bb1_3,1_3,1_3&#8243; make_equal=\u00bbon\u00bb admin_label=\u00bbServices\u00bb _builder_version=\u00bb3.25&#8243; background_size=\u00bbinitial\u00bb background_position=\u00bbtop_left\u00bb background_repeat=\u00bbrepeat\u00bb custom_padding=\u00bb25px||25px|\u00bb][et_pb_column type=\u00bb1_3&#8243; _builder_version=\u00bb3.25&#8243; custom_padding=\u00bb|||\u00bb custom_padding__hover=\u00bb|||\u00bb][et_pb_blurb title=\u00bbDirectorio\u00bb use_icon=\u00bbon\u00bb font_icon=\u00bb%%148%%\u00bb icon_color=\u00bb#15EADF\u00bb use_icon_font_size=\u00bbon\u00bb icon_font_size=\u00bb60px\u00bb _builder_version=\u00bb4.9.1&#8243; header_font=\u00bbMontserrat|on|||\u00bb header_text_color=\u00bb#353740&#8243; header_font_size=\u00bb22px\u00bb header_line_height=\u00bb1.4em\u00bb body_font=\u00bbMontserrat||||\u00bb body_text_color=\u00bb#747d88&#8243; body_line_height=\u00bb1.8em\u00bb background_size=\u00bbinitial\u00bb background_position=\u00bbtop_left\u00bb background_repeat=\u00bbrepeat\u00bb text_orientation=\u00bbcenter\u00bb custom_padding=\u00bb30px|30px|30px|30px\u00bb animation_style=\u00bbzoom\u00bb link_option_url=\u00bbhttp:\/\/dcv.artcom.mx\/pda\/directorio\/\u00bb hover_enabled=\u00bb0&#8243; border_width_all=\u00bb0px\u00bb border_color_all=\u00bb#dddddd\u00bb border_style_all=\u00bbsolid\u00bb use_border_color=\u00bbon\u00bb border_color=\u00bb#dddddd\u00bb sticky_enabled=\u00bb0&#8243;]<\/p>\n<p>Localiza un enlace a tu sitio para acceder, editar o consultar otros portafolios<\/p>\n<p>[\/et_pb_blurb][\/et_pb_column][et_pb_column type=\u00bb1_3&#8243; _builder_version=\u00bb3.25&#8243; custom_padding=\u00bb|||\u00bb custom_padding__hover=\u00bb|||\u00bb][et_pb_blurb title=\u00bbPortafolio muestra\u00bb use_icon=\u00bbon\u00bb font_icon=\u00bb%%126%%\u00bb icon_color=\u00bb#15EADF\u00bb use_icon_font_size=\u00bbon\u00bb icon_font_size=\u00bb60px\u00bb _builder_version=\u00bb4.9.1&#8243; header_font=\u00bbMontserrat|on|||\u00bb header_text_color=\u00bb#353740&#8243; header_font_size=\u00bb22px\u00bb header_line_height=\u00bb1.4em\u00bb body_font=\u00bbMontserrat||||\u00bb body_text_color=\u00bb#747d88&#8243; body_line_height=\u00bb1.8em\u00bb background_size=\u00bbinitial\u00bb background_position=\u00bbtop_left\u00bb background_repeat=\u00bbrepeat\u00bb text_orientation=\u00bbcenter\u00bb custom_padding=\u00bb30px|30px|30px|30px\u00bb animation_style=\u00bbzoom\u00bb animation_delay=\u00bb100ms\u00bb link_option_url=\u00bbhttp:\/\/dcv.artcom.mx\/pda\/portafolio-muestra\/\u00bb hover_enabled=\u00bb0&#8243; border_width_all=\u00bb0px\u00bb border_color_all=\u00bb#dddddd\u00bb border_style_all=\u00bbsolid\u00bb use_border_color=\u00bbon\u00bb border_color=\u00bb#dddddd\u00bb sticky_enabled=\u00bb0&#8243;]<\/p>\n<p>Qu\u00e9 debe contener tu portafolio, tips y recursos a tu alcance<\/p>\n<p>[\/et_pb_blurb][\/et_pb_column][et_pb_column type=\u00bb1_3&#8243; _builder_version=\u00bb3.25&#8243; custom_padding=\u00bb|||\u00bb custom_padding__hover=\u00bb|||\u00bb][et_pb_blurb title=\u00bbEvaluaci\u00f3n\u00bb use_icon=\u00bbon\u00bb font_icon=\u00bb%%75%%\u00bb icon_color=\u00bb#15EADF\u00bb use_icon_font_size=\u00bbon\u00bb icon_font_size=\u00bb60px\u00bb _builder_version=\u00bb4.9.1&#8243; header_font=\u00bbMontserrat|on|||\u00bb header_text_color=\u00bb#353740&#8243; header_font_size=\u00bb22px\u00bb header_line_height=\u00bb1.4em\u00bb body_font=\u00bbMontserrat||||\u00bb body_text_color=\u00bb#747d88&#8243; body_line_height=\u00bb1.8em\u00bb background_size=\u00bbinitial\u00bb background_position=\u00bbtop_left\u00bb background_repeat=\u00bbrepeat\u00bb text_orientation=\u00bbcenter\u00bb custom_padding=\u00bb30px|30px|30px|30px\u00bb animation_style=\u00bbzoom\u00bb animation_delay=\u00bb200ms\u00bb link_option_url=\u00bbhttp:\/\/dcv.artcom.mx\/pda\/evaluacion\/\u00bb hover_enabled=\u00bb0&#8243; border_width_all=\u00bb0px\u00bb border_color_all=\u00bb#dddddd\u00bb border_style_all=\u00bbsolid\u00bb use_border_color=\u00bbon\u00bb border_color=\u00bb#dddddd\u00bb sticky_enabled=\u00bb0&#8243;]<\/p>\n<p>Conoce los requerimientos que definir\u00e1n tu calificaci\u00f3n<\/p>\n<p>[\/et_pb_blurb][\/et_pb_column][\/et_pb_row][\/et_pb_section][et_pb_section fb_built=\u00bb1&#8243; admin_label=\u00bbLatest Work Section\u00bb _builder_version=\u00bb3.22&#8243; background_color=\u00bb#f7f7f7&#8243; custom_padding=\u00bb110px||110px|\u00bb][et_pb_row admin_label=\u00bbService Section Title\u00bb _builder_version=\u00bb3.25&#8243; background_size=\u00bbinitial\u00bb background_position=\u00bbtop_left\u00bb background_repeat=\u00bbrepeat\u00bb custom_margin=\u00bb||40px|\u00bb animation_style=\u00bbfade\u00bb animation_direction=\u00bbtop\u00bb saved_tabs=\u00bball\u00bb][et_pb_column type=\u00bb4_4&#8243; _builder_version=\u00bb3.25&#8243; custom_padding=\u00bb|||\u00bb custom_padding__hover=\u00bb|||\u00bb][et_pb_text admin_label=\u00bbTitle\u00bb _builder_version=\u00bb3.27.4&#8243; text_font=\u00bbMontserrat||||||||\u00bb text_text_color=\u00bb#747d88&#8243; text_line_height=\u00bb1.9em\u00bb header_font=\u00bb||||||||\u00bb header_2_font=\u00bbMontserrat|700||on|||||\u00bb header_2_font_size=\u00bb42px\u00bb header_2_line_height=\u00bb1.3em\u00bb background_size=\u00bbinitial\u00bb background_position=\u00bbtop_left\u00bb background_repeat=\u00bbrepeat\u00bb text_orientation=\u00bbcenter\u00bb max_width=\u00bb700px\u00bb module_alignment=\u00bbcenter\u00bb animation_style=\u00bbslide\u00bb animation_direction=\u00bbbottom\u00bb animation_intensity_slide=\u00bb4%\u00bb]<\/p>\n<h2>Trabajos destacados<\/h2>\n<p>[\/et_pb_text][et_pb_text admin_label=\u00bbSubtitle\u00bb _builder_version=\u00bb3.27.4&#8243; text_font=\u00bbMontserrat||||\u00bb text_text_color=\u00bb#747d88&#8243; text_line_height=\u00bb1.8em\u00bb header_font=\u00bb||||||||\u00bb background_size=\u00bbinitial\u00bb background_position=\u00bbtop_left\u00bb background_repeat=\u00bbrepeat\u00bb text_orientation=\u00bbcenter\u00bb max_width=\u00bb700px\u00bb module_alignment=\u00bbcenter\u00bb custom_margin=\u00bb|||\u00bb animation_style=\u00bbslide\u00bb animation_direction=\u00bbbottom\u00bb animation_delay=\u00bb100ms\u00bb animation_intensity_slide=\u00bb4%\u00bb]<\/p>\n<p>Debido a la reestructuraci\u00f3n del sitio, los trabajos destacados se agregar\u00e1n en el transcurso del semestre<\/p>\n<p>[\/et_pb_text][\/et_pb_column][\/et_pb_row][et_pb_row column_structure=\u00bb1_5,1_5,1_5,1_5,1_5&#8243; make_equal=\u00bbon\u00bb admin_label=\u00bbServices\u00bb _builder_version=\u00bb3.25&#8243; background_size=\u00bbinitial\u00bb background_position=\u00bbtop_left\u00bb background_repeat=\u00bbrepeat\u00bb custom_padding=\u00bb25px||25px|\u00bb][et_pb_column type=\u00bb1_5&#8243; _builder_version=\u00bb3.25&#8243; custom_padding=\u00bb|||\u00bb custom_padding__hover=\u00bb|||\u00bb][et_pb_blurb use_icon=\u00bbon\u00bb font_icon=\u00bb%%171%%\u00bb icon_color=\u00bb#15EADF\u00bb use_icon_font_size=\u00bbon\u00bb icon_font_size=\u00bb60px\u00bb _builder_version=\u00bb4.9.1&#8243; header_font=\u00bbMontserrat|on|||\u00bb header_text_color=\u00bb#353740&#8243; header_font_size=\u00bb22px\u00bb header_line_height=\u00bb1.4em\u00bb body_font=\u00bbMontserrat||||\u00bb body_text_color=\u00bb#747d88&#8243; body_line_height=\u00bb1.8em\u00bb background_size=\u00bbinitial\u00bb background_position=\u00bbtop_left\u00bb background_repeat=\u00bbrepeat\u00bb text_orientation=\u00bbcenter\u00bb custom_padding=\u00bb30px|30px|30px|30px\u00bb animation_style=\u00bbzoom\u00bb hover_enabled=\u00bb0&#8243; border_width_all=\u00bb0px\u00bb border_color_all=\u00bb#dddddd\u00bb border_style_all=\u00bbsolid\u00bb use_border_color=\u00bbon\u00bb border_color=\u00bb#dddddd\u00bb sticky_enabled=\u00bb0&#8243;][\/et_pb_blurb][\/et_pb_column][et_pb_column type=\u00bb1_5&#8243; _builder_version=\u00bb3.25&#8243; custom_padding=\u00bb|||\u00bb custom_padding__hover=\u00bb|||\u00bb][et_pb_blurb use_icon=\u00bbon\u00bb font_icon=\u00bb%%171%%\u00bb icon_color=\u00bb#15EADF\u00bb use_icon_font_size=\u00bbon\u00bb icon_font_size=\u00bb60px\u00bb _builder_version=\u00bb4.9.1&#8243; header_font=\u00bbMontserrat|on|||\u00bb header_text_color=\u00bb#353740&#8243; header_font_size=\u00bb22px\u00bb header_line_height=\u00bb1.4em\u00bb body_font=\u00bbMontserrat||||\u00bb body_text_color=\u00bb#747d88&#8243; body_line_height=\u00bb1.8em\u00bb background_size=\u00bbinitial\u00bb background_position=\u00bbtop_left\u00bb background_repeat=\u00bbrepeat\u00bb text_orientation=\u00bbcenter\u00bb custom_padding=\u00bb30px|30px|30px|30px\u00bb animation_style=\u00bbzoom\u00bb hover_enabled=\u00bb0&#8243; border_width_all=\u00bb0px\u00bb border_color_all=\u00bb#dddddd\u00bb border_style_all=\u00bbsolid\u00bb use_border_color=\u00bbon\u00bb border_color=\u00bb#dddddd\u00bb sticky_enabled=\u00bb0&#8243;][\/et_pb_blurb][\/et_pb_column][et_pb_column type=\u00bb1_5&#8243; _builder_version=\u00bb3.25&#8243; custom_padding=\u00bb|||\u00bb custom_padding__hover=\u00bb|||\u00bb][et_pb_blurb use_icon=\u00bbon\u00bb font_icon=\u00bb%%171%%\u00bb icon_color=\u00bb#15EADF\u00bb use_icon_font_size=\u00bbon\u00bb icon_font_size=\u00bb60px\u00bb _builder_version=\u00bb4.9.1&#8243; header_font=\u00bbMontserrat|on|||\u00bb header_text_color=\u00bb#353740&#8243; header_font_size=\u00bb22px\u00bb header_line_height=\u00bb1.4em\u00bb body_font=\u00bbMontserrat||||\u00bb body_text_color=\u00bb#747d88&#8243; body_line_height=\u00bb1.8em\u00bb background_size=\u00bbinitial\u00bb background_position=\u00bbtop_left\u00bb background_repeat=\u00bbrepeat\u00bb text_orientation=\u00bbcenter\u00bb custom_padding=\u00bb30px|30px|30px|30px\u00bb animation_style=\u00bbzoom\u00bb hover_enabled=\u00bb0&#8243; border_width_all=\u00bb0px\u00bb border_color_all=\u00bb#dddddd\u00bb border_style_all=\u00bbsolid\u00bb use_border_color=\u00bbon\u00bb border_color=\u00bb#dddddd\u00bb sticky_enabled=\u00bb0&#8243;][\/et_pb_blurb][\/et_pb_column][et_pb_column type=\u00bb1_5&#8243; _builder_version=\u00bb3.25&#8243; custom_padding=\u00bb|||\u00bb custom_padding__hover=\u00bb|||\u00bb][et_pb_blurb use_icon=\u00bbon\u00bb font_icon=\u00bb%%171%%\u00bb icon_color=\u00bb#15EADF\u00bb use_icon_font_size=\u00bbon\u00bb icon_font_size=\u00bb60px\u00bb _builder_version=\u00bb4.9.1&#8243; header_font=\u00bbMontserrat|on|||\u00bb header_text_color=\u00bb#353740&#8243; header_font_size=\u00bb22px\u00bb header_line_height=\u00bb1.4em\u00bb body_font=\u00bbMontserrat||||\u00bb body_text_color=\u00bb#747d88&#8243; body_line_height=\u00bb1.8em\u00bb background_size=\u00bbinitial\u00bb background_position=\u00bbtop_left\u00bb background_repeat=\u00bbrepeat\u00bb text_orientation=\u00bbcenter\u00bb custom_padding=\u00bb30px|30px|30px|30px\u00bb animation_style=\u00bbzoom\u00bb hover_enabled=\u00bb0&#8243; border_width_all=\u00bb0px\u00bb border_color_all=\u00bb#dddddd\u00bb border_style_all=\u00bbsolid\u00bb use_border_color=\u00bbon\u00bb border_color=\u00bb#dddddd\u00bb sticky_enabled=\u00bb0&#8243;][\/et_pb_blurb][\/et_pb_column][et_pb_column type=\u00bb1_5&#8243; _builder_version=\u00bb3.25&#8243; custom_padding=\u00bb|||\u00bb custom_padding__hover=\u00bb|||\u00bb][et_pb_blurb use_icon=\u00bbon\u00bb font_icon=\u00bb%%171%%\u00bb icon_color=\u00bb#15EADF\u00bb use_icon_font_size=\u00bbon\u00bb icon_font_size=\u00bb60px\u00bb _builder_version=\u00bb4.9.1&#8243; header_font=\u00bbMontserrat|on|||\u00bb header_text_color=\u00bb#353740&#8243; header_font_size=\u00bb22px\u00bb header_line_height=\u00bb1.4em\u00bb body_font=\u00bbMontserrat||||\u00bb body_text_color=\u00bb#747d88&#8243; body_line_height=\u00bb1.8em\u00bb background_size=\u00bbinitial\u00bb background_position=\u00bbtop_left\u00bb background_repeat=\u00bbrepeat\u00bb text_orientation=\u00bbcenter\u00bb custom_padding=\u00bb30px|30px|30px|30px\u00bb animation_style=\u00bbzoom\u00bb hover_enabled=\u00bb0&#8243; border_width_all=\u00bb0px\u00bb border_color_all=\u00bb#dddddd\u00bb border_style_all=\u00bbsolid\u00bb use_border_color=\u00bbon\u00bb border_color=\u00bb#dddddd\u00bb sticky_enabled=\u00bb0&#8243;][\/et_pb_blurb][\/et_pb_column][\/et_pb_row][et_pb_row _builder_version=\u00bb3.25&#8243; background_size=\u00bbinitial\u00bb background_position=\u00bbtop_left\u00bb background_repeat=\u00bbrepeat\u00bb][et_pb_column type=\u00bb4_4&#8243; _builder_version=\u00bb3.25&#8243; custom_padding=\u00bb|||\u00bb custom_padding__hover=\u00bb|||\u00bb][\/et_pb_column][\/et_pb_row][\/et_pb_section]<\/p>\n","protected":false},"excerpt":{"rendered":"<p>PDADCVLa funci\u00f3n principal del portfolio, para un profesional del dise\u00f1o o de cualquier profesional de las artes gr\u00e1ficas, se resume espec\u00edficamente a representar visualmente sus competencias,\u00a0 para de esta manera llegar a obtener oportunidades de trabajo o clientes potenciales.Explora el sitio para conocer m\u00e1s acerca de cu\u00e1nto contendr\u00e1, c\u00f3mo construir, y qu\u00e9 se evaluara en [&hellip;]<\/p>\n","protected":false},"author":1,"featured_media":0,"parent":0,"menu_order":0,"comment_status":"closed","ping_status":"closed","template":"","meta":{"_et_pb_use_builder":"on","_et_pb_old_content":"<!-- wp:coblocks\/gallery-masonry {\"align\":\"full\",\"lightbox\":true,\"gutter\":50,\"gridSize\":\"xlrg\",\"className\":\"px\"} -->\n<div class=\"wp-block-coblocks-gallery-masonry alignfull px\"><div class=\"coblocks-gallery has-caption-style-dark has-gutter has-lightbox\"><ul class=\"has-grid-xlrg has-gutter-50 has-gutter-mobile-15\"><li class=\"coblocks-gallery--item\"><figure class=\"coblocks-gallery--figure\"><img src=\"http:\/\/dcv.artcom.mx\/pda\/wp-content\/uploads\/2020\/12\/image-1.jpg\" alt=\"Descripci\u00f3n de la imagen\" data-id=\"4\" data-link=\"http:\/\/dcv.artcom.mx\/pda\/image-1\/\" class=\"wp-image-4\"\/><\/figure><\/li><li class=\"coblocks-gallery--item\"><figure class=\"coblocks-gallery--figure\"><img src=\"http:\/\/dcv.artcom.mx\/pda\/wp-content\/uploads\/2020\/12\/image-2.jpg\" alt=\"Descripci\u00f3n de la imagen\" data-id=\"5\" data-link=\"http:\/\/dcv.artcom.mx\/pda\/image-2\/\" class=\"wp-image-5\"\/><\/figure><\/li><li class=\"coblocks-gallery--item\"><figure class=\"coblocks-gallery--figure\"><img src=\"http:\/\/dcv.artcom.mx\/pda\/wp-content\/uploads\/2020\/12\/image-3.jpg\" alt=\"Descripci\u00f3n de la imagen\" data-id=\"6\" data-link=\"http:\/\/dcv.artcom.mx\/pda\/image-3\/\" class=\"wp-image-6\"\/><\/figure><\/li><li class=\"coblocks-gallery--item\"><figure class=\"coblocks-gallery--figure\"><img src=\"http:\/\/dcv.artcom.mx\/pda\/wp-content\/uploads\/2020\/12\/image-4.jpg\" alt=\"Descripci\u00f3n de la imagen\" data-id=\"7\" data-link=\"http:\/\/dcv.artcom.mx\/pda\/image-4\/\" class=\"wp-image-7\"\/><\/figure><\/li><li class=\"coblocks-gallery--item\"><figure class=\"coblocks-gallery--figure\"><img src=\"http:\/\/dcv.artcom.mx\/pda\/wp-content\/uploads\/2020\/12\/image-5.jpg\" alt=\"Descripci\u00f3n de la imagen\" data-id=\"8\" data-link=\"http:\/\/dcv.artcom.mx\/pda\/image-5\/\" class=\"wp-image-8\"\/><\/figure><\/li><li class=\"coblocks-gallery--item\"><figure class=\"coblocks-gallery--figure\"><img src=\"http:\/\/dcv.artcom.mx\/pda\/wp-content\/uploads\/2020\/12\/image-6.jpg\" alt=\"Descripci\u00f3n de la imagen\" data-id=\"9\" data-link=\"http:\/\/dcv.artcom.mx\/pda\/image-6\/\" class=\"wp-image-9\"\/><\/figure><\/li><li class=\"coblocks-gallery--item\"><figure class=\"coblocks-gallery--figure\"><img src=\"http:\/\/dcv.artcom.mx\/pda\/wp-content\/uploads\/2020\/12\/image-7.jpg\" alt=\"Descripci\u00f3n de la imagen\" data-id=\"10\" data-link=\"http:\/\/dcv.artcom.mx\/pda\/image-7\/\" class=\"wp-image-10\"\/><\/figure><\/li><li class=\"coblocks-gallery--item\"><figure class=\"coblocks-gallery--figure\"><img src=\"http:\/\/dcv.artcom.mx\/pda\/wp-content\/uploads\/2020\/12\/image-8.jpg\" alt=\"Descripci\u00f3n de la imagen\" data-id=\"11\" data-link=\"http:\/\/dcv.artcom.mx\/pda\/image-8\/\" class=\"wp-image-11\"\/><\/figure><\/li><li class=\"coblocks-gallery--item\"><figure class=\"coblocks-gallery--figure\"><img src=\"http:\/\/dcv.artcom.mx\/pda\/wp-content\/uploads\/2020\/12\/image-9.jpg\" alt=\"Descripci\u00f3n de la imagen\" data-id=\"12\" data-link=\"http:\/\/dcv.artcom.mx\/pda\/image-9\/\" class=\"wp-image-12\"\/><\/figure><\/li><li class=\"coblocks-gallery--item\"><figure class=\"coblocks-gallery--figure\"><img src=\"http:\/\/dcv.artcom.mx\/pda\/wp-content\/uploads\/2020\/12\/image-10.jpg\" alt=\"Descripci\u00f3n de la imagen\" data-id=\"13\" data-link=\"http:\/\/dcv.artcom.mx\/pda\/image-10\/\" class=\"wp-image-13\"\/><\/figure><\/li><li class=\"coblocks-gallery--item\"><figure class=\"coblocks-gallery--figure\"><img src=\"http:\/\/dcv.artcom.mx\/pda\/wp-content\/uploads\/2020\/12\/image-11.jpg\" alt=\"Descripci\u00f3n de la imagen\" data-id=\"14\" data-link=\"http:\/\/dcv.artcom.mx\/pda\/image-11\/\" class=\"wp-image-14\"\/><\/figure><\/li><li class=\"coblocks-gallery--item\"><figure class=\"coblocks-gallery--figure\"><img src=\"http:\/\/dcv.artcom.mx\/pda\/wp-content\/uploads\/2020\/12\/image-12.jpg\" alt=\"Descripci\u00f3n de la imagen\" data-id=\"15\" data-link=\"http:\/\/dcv.artcom.mx\/pda\/image-12\/\" class=\"wp-image-15\"\/><\/figure><\/li><\/ul><\/div><\/div>\n<!-- \/wp:coblocks\/gallery-masonry -->\n\n<!-- wp:button {\"align\":\"center\",\"className\":\"is-style-outline\"} -->\n<div class=\"wp-block-button aligncenter is-style-outline\"><a class=\"wp-block-button__link\" href=\"http:\/\/dcv.artcom.mx\/pda\/contacto\/\">\u00bfNecesitas un nuevo dise\u00f1o?<\/a><\/div>\n<!-- \/wp:button -->","_et_gb_content_width":"","inline_featured_image":false,"footnotes":""},"_links":{"self":[{"href":"https:\/\/dcv.artcom.mx\/pda\/wp-json\/wp\/v2\/pages\/18"}],"collection":[{"href":"https:\/\/dcv.artcom.mx\/pda\/wp-json\/wp\/v2\/pages"}],"about":[{"href":"https:\/\/dcv.artcom.mx\/pda\/wp-json\/wp\/v2\/types\/page"}],"author":[{"embeddable":true,"href":"https:\/\/dcv.artcom.mx\/pda\/wp-json\/wp\/v2\/users\/1"}],"replies":[{"embeddable":true,"href":"https:\/\/dcv.artcom.mx\/pda\/wp-json\/wp\/v2\/comments?post=18"}],"version-history":[{"count":18,"href":"https:\/\/dcv.artcom.mx\/pda\/wp-json\/wp\/v2\/pages\/18\/revisions"}],"predecessor-version":[{"id":307,"href":"https:\/\/dcv.artcom.mx\/pda\/wp-json\/wp\/v2\/pages\/18\/revisions\/307"}],"wp:attachment":[{"href":"https:\/\/dcv.artcom.mx\/pda\/wp-json\/wp\/v2\/media?parent=18"}],"curies":[{"name":"wp","href":"https:\/\/api.w.org\/{rel}","templated":true}]}}