{"id":71,"date":"2020-03-03T18:04:57","date_gmt":"2020-03-04T00:04:57","guid":{"rendered":"http:\/\/pdadcv.artcom.mx\/portafolio-demo\/?page_id=71"},"modified":"2021-03-29T19:11:03","modified_gmt":"2021-03-29T19:11:03","slug":"proyectos-academicos","status":"publish","type":"page","link":"https:\/\/dcv.artcom.mx\/pda\/demo\/evidencias\/proyectos-academicos\/","title":{"rendered":"Proyectos Acad\u00e9micos"},"content":{"rendered":"<p>[et_pb_section fb_built=\u00bb1&#8243; _builder_version=\u00bb4.9.0&#8243; _module_preset=\u00bbdefault\u00bb background_color=\u00bb#252DA3&#8243;][et_pb_row _builder_version=\u00bb4.9.0&#8243; _module_preset=\u00bbdefault\u00bb][et_pb_column type=\u00bb4_4&#8243; _builder_version=\u00bb4.9.0&#8243; _module_preset=\u00bbdefault\u00bb][et_pb_text _builder_version=\u00bb4.9.0&#8243; _module_preset=\u00bbdefault\u00bb text_font_size=\u00bb69px\u00bb header_text_color=\u00bb#FFFFFF\u00bb text_orientation=\u00bbcenter\u00bb]<\/p>\n<h1>PRIMER SEMESTRE<\/h1>\n<p>[\/et_pb_text][\/et_pb_column][\/et_pb_row][et_pb_row column_structure=\u00bb1_2,1_2&#8243; _builder_version=\u00bb4.9.0&#8243; _module_preset=\u00bbdefault\u00bb height=\u00bb920px\u00bb max_height=\u00bb794px\u00bb][et_pb_column type=\u00bb1_2&#8243; _builder_version=\u00bb4.9.0&#8243; _module_preset=\u00bbdefault\u00bb][et_pb_accordion open_toggle_text_color=\u00bb#FFFFFF\u00bb _builder_version=\u00bb4.9.0&#8243; _module_preset=\u00bbdefault\u00bb body_text_color=\u00bb#A8B3EA\u00bb border_width_all=\u00bb0px\u00bb][et_pb_accordion_item title=\u00bbIlustraci\u00f3n Digital\u00bb open=\u00bbon\u00bb _builder_version=\u00bb4.9.0&#8243; _module_preset=\u00bbdefault\u00bb background_color=\u00bbRGBA(0,0,0,0)\u00bb background_enable_color=\u00bbon\u00bb]<\/p>\n<h6><span style=\"color: #a8b3ea\">Proyecto: Beethoven y Haydn<\/span><\/h6>\n<p>Este proyecto consta de una ilustraci\u00f3n en t\u00e9cnica mapa de bits, realizada para el cartel de una obra de teatro. Se presenta a los personajes de los m\u00fasicos Beethoven y Haydn en un ambiente de una ciudad, en un estilo caricaturizado, pero con alto detalle de luminocidades y acabados.<\/p>\n<p>&nbsp;<\/p>\n<ul>\n<li><span style=\"font-size: large\"><strong>Profesor Jos\u00e9 Fabi\u00e1n<\/strong><\/span><\/li>\n<li><span style=\"font-size: large\"><strong>Entrega 12 de Febrero 2021<\/strong><\/span><\/li>\n<li><span style=\"font-size: large\"><strong>Tama\u00f1o 11&#8243; x 17&#8243; 300 dpi<\/strong><\/span><\/li>\n<li><span style=\"font-size: large\"><strong>T\u00e9cnica digital Mapa de bits<\/strong><\/span><\/li>\n<li><span style=\"font-size: large\"><strong>Software Photoshop<\/strong><\/span><\/li>\n<li><span style=\"font-size: large\"><strong>Unidad 1<\/strong><\/span><\/li>\n<li><span style=\"font-size: large\"><strong>Enfoque de Negocios<\/strong><\/span><\/li>\n<\/ul>\n<p>[\/et_pb_accordion_item][\/et_pb_accordion][et_pb_circle_counter title=\u00bbCalificaci\u00f3n\u00bb number=\u00bb98&#8243; percent_sign=\u00bboff\u00bb _builder_version=\u00bb4.9.0&#8243; _module_preset=\u00bbdefault\u00bb title_level=\u00bbh6&#8243; title_text_color=\u00bb#A8B3EA\u00bb title_font_size=\u00bb17px\u00bb number_text_align=\u00bbcenter\u00bb number_text_color=\u00bb#FFFFFF\u00bb max_width=\u00bb108px\u00bb module_alignment=\u00bbcenter\u00bb][\/et_pb_circle_counter][\/et_pb_column][et_pb_column type=\u00bb1_2&#8243; _builder_version=\u00bb4.9.0&#8243; _module_preset=\u00bbdefault\u00bb][et_pb_gallery gallery_ids=\u00bb211,212,213,214&#8243; fullwidth=\u00bbon\u00bb _builder_version=\u00bb4.9.0&#8243; _module_preset=\u00bbdefault\u00bb background_color=\u00bb#A8B3EA\u00bb max_width=\u00bb67%\u00bb module_alignment=\u00bbcenter\u00bb][\/et_pb_gallery][\/et_pb_column][\/et_pb_row][et_pb_row column_structure=\u00bb1_2,1_2&#8243; _builder_version=\u00bb4.9.0&#8243; _module_preset=\u00bbdefault\u00bb background_color=\u00bb#A8B3EA\u00bb module_alignment=\u00bbcenter\u00bb custom_margin=\u00bb6px|26px|6px|26px|true|true\u00bb custom_padding=\u00bb|40px||40px|false|false\u00bb border_radii=\u00bbon|34px|34px|34px|34px\u00bb border_color_all=\u00bb#8653B2&#8243;][et_pb_column type=\u00bb1_2&#8243; _builder_version=\u00bb4.9.0&#8243; _module_preset=\u00bbdefault\u00bb][et_pb_gallery gallery_ids=\u00bb211,212,213,214&#8243; fullwidth=\u00bbon\u00bb _builder_version=\u00bb4.9.0&#8243; _module_preset=\u00bbdefault\u00bb background_color=\u00bbRGBA(0,0,0,0)\u00bb max_width=\u00bb100%\u00bb module_alignment=\u00bbleft\u00bb custom_padding=\u00bb|0px||||\u00bb border_radii=\u00bbon|34px|34px|34px|34px\u00bb border_color_all=\u00bbRGBA(0,0,0,0)\u00bb][\/et_pb_gallery][\/et_pb_column][et_pb_column type=\u00bb1_2&#8243; _builder_version=\u00bb4.9.0&#8243; _module_preset=\u00bbdefault\u00bb][et_pb_accordion open_toggle_text_color=\u00bb#FFFFFF\u00bb _builder_version=\u00bb4.9.0&#8243; _module_preset=\u00bbdefault\u00bb toggle_text_align=\u00bbcenter\u00bb toggle_font_size=\u00bb52px\u00bb body_text_color=\u00bb#252DA3&#8243; border_width_all=\u00bb0px\u00bb][et_pb_accordion_item title=\u00bbIlustraci\u00f3n Digital\u00bb open=\u00bbon\u00bb _builder_version=\u00bb4.9.0&#8243; _module_preset=\u00bbdefault\u00bb background_color=\u00bbRGBA(0,0,0,0)\u00bb background_enable_color=\u00bbon\u00bb]<\/p>\n<h6><span style=\"color: #a8b3ea\"><span style=\"color: #252da3\">Proyecto: Beethoven<\/span> y Haydn<\/span><\/h6>\n<p style=\"text-align: justify\">Este proyecto consta de una ilustraci\u00f3n digital en t\u00e9cnica mapa de bits, realizada para el cartel de una obra de teatro. Se presenta a los personajes de los m\u00fasicos Beethoven y Haydn en un ambiente de una ciudad, en un estilo caricaturizado, pero con alto detalle de luminocidades y acabados.<\/p>\n<p>&nbsp;<\/p>\n<ul>\n<li><span><strong>Profesor Jos\u00e9 Fabi\u00e1n<\/strong><\/span><\/li>\n<li><span><strong>Fecha de entrega 12 de Febrero 2021<\/strong><\/span><\/li>\n<li><span><strong>Tama\u00f1o 11 x 17&#8243;<\/strong><\/span><\/li>\n<li><span><strong>T\u00e9cnica digital Mapa de bits<\/strong><\/span><\/li>\n<li><span><strong>Resoluci\u00f3n 300 dpi<\/strong><\/span><\/li>\n<li><span><strong>Software Photoshop<\/strong><\/span><\/li>\n<li><span><strong>Unidad 3<\/strong><\/span><\/li>\n<\/ul>\n<p>[\/et_pb_accordion_item][\/et_pb_accordion][\/et_pb_column][\/et_pb_row][et_pb_row _builder_version=\u00bb4.9.0&#8243; _module_preset=\u00bbdefault\u00bb background_color=\u00bb#A8B3EA\u00bb transform_scale=\u00bb104%|104%\u00bb transform_translate=\u00bb81px|21px\u00bb transform_translate_linked=\u00bboff\u00bb max_width=\u00bb918px\u00bb module_alignment=\u00bbleft\u00bb height=\u00bb753px\u00bb animation_style=\u00bbbounce\u00bb animation_direction=\u00bbbottom\u00bb border_radii=\u00bbon|46px|46px|46px|46px\u00bb border_width_all=\u00bb26px\u00bb border_color_all=\u00bb#A8B3EA\u00bb][et_pb_column type=\u00bb4_4&#8243; _builder_version=\u00bb4.9.0&#8243; _module_preset=\u00bbdefault\u00bb][et_pb_accordion open_toggle_text_color=\u00bb#FFFFFF\u00bb _builder_version=\u00bb4.9.0&#8243; _module_preset=\u00bbdefault\u00bb toggle_text_align=\u00bbcenter\u00bb toggle_font_size=\u00bb50px\u00bb body_text_color=\u00bb#252DA3&#8243; custom_margin=\u00bb|16px||||\u00bb border_width_all=\u00bb0px\u00bb][et_pb_accordion_item title=\u00bbIlustraci\u00f3n Digital\u00bb open=\u00bbon\u00bb _builder_version=\u00bb4.9.0&#8243; _module_preset=\u00bbdefault\u00bb background_color=\u00bbRGBA(0,0,0,0)\u00bb background_enable_color=\u00bbon\u00bb]<\/p>\n<h6><span style=\"color: #252da3\">Proyecto: Beethoven y Haydn<\/span><\/h6>\n<p style=\"text-align: justify\">Este proyecto consta de una ilustraci\u00f3n digital en t\u00e9cnica mapa de bits, realizada para el cartel de una obra de teatro. Se presenta a los personajes de los m\u00fasicos Beethoven y Haydn en un ambiente de una ciudad, en un estilo caricaturizado, pero con alto detalle de luminocidades y acabados.<\/p>\n<p>&nbsp;<\/p>\n<ul>\n<li><span><strong>Profesor Jos\u00e9 Fabi\u00e1n<\/strong><\/span><\/li>\n<li><span><strong>Fecha de entrega 12 de Febrero 2021<\/strong><\/span><\/li>\n<li><span><strong>Tama\u00f1o 11 x 17&#8243;<\/strong><\/span><\/li>\n<li><span><strong>T\u00e9cnica digital Mapa de bits<\/strong><\/span><\/li>\n<li><span><strong>Resoluci\u00f3n 300 dpi<\/strong><\/span><\/li>\n<li><span><strong>Software Photoshop<\/strong><\/span><\/li>\n<li><span><strong>Unidad 3<\/strong><\/span><\/li>\n<\/ul>\n<p>[\/et_pb_accordion_item][\/et_pb_accordion][et_pb_image src=\u00bbhttp:\/\/dcv.artcom.mx\/pda\/demo\/wp-content\/uploads\/sites\/32\/2021\/03\/Captura-de-pantalla-2021-03-01-a-las-09.20.33.jpg\u00bb title_text=\u00bbCaptura-de-pantalla-2021-03-01-a-la(s)-09.20.33&#8243; _builder_version=\u00bb4.9.0&#8243; _module_preset=\u00bbdefault\u00bb transform_translate=\u00bb212px|29px\u00bb transform_translate_linked=\u00bboff\u00bb width=\u00bb70%\u00bb module_alignment=\u00bbcenter\u00bb custom_margin=\u00bb-308px|||574px||\u00bb custom_padding=\u00bb|||62px||\u00bb border_width_all=\u00bb10px\u00bb border_color_all=\u00bb#252DA3&#8243;][\/et_pb_image][\/et_pb_column][\/et_pb_row][et_pb_row _builder_version=\u00bb4.9.0&#8243; _module_preset=\u00bbdefault\u00bb background_color=\u00bb#D6D6D6&#8243; transform_translate=\u00bb-21px|-2px\u00bb transform_translate_linked=\u00bboff\u00bb max_width=\u00bb918px\u00bb module_alignment=\u00bbright\u00bb height=\u00bb753px\u00bb custom_margin=\u00bb||||false\u00bb custom_padding=\u00bb20px|23px|20px|23px|true|true\u00bb animation_style=\u00bbbounce\u00bb animation_direction=\u00bbbottom\u00bb border_radii=\u00bbon|0px|0px|0px|0px\u00bb border_color_all=\u00bb#D6D6D6&#8243;][et_pb_column type=\u00bb4_4&#8243; _builder_version=\u00bb4.9.0&#8243; _module_preset=\u00bbdefault\u00bb][et_pb_accordion open_toggle_text_color=\u00bb#FFFFFF\u00bb _builder_version=\u00bb4.9.0&#8243; _module_preset=\u00bbdefault\u00bb toggle_text_align=\u00bbcenter\u00bb toggle_font_size=\u00bb50px\u00bb body_text_color=\u00bb#252DA3&#8243; custom_margin=\u00bb|16px||||\u00bb border_width_all=\u00bb0px\u00bb][et_pb_accordion_item title=\u00bbIlustraci\u00f3n Digital\u00bb open=\u00bbon\u00bb _builder_version=\u00bb4.9.0&#8243; _module_preset=\u00bbdefault\u00bb background_color=\u00bbRGBA(0,0,0,0)\u00bb background_enable_color=\u00bbon\u00bb]<\/p>\n<h6><span style=\"color: #252da3\">Proyecto: Beethoven y Haydn<\/span><\/h6>\n<p style=\"text-align: justify\">Este proyecto consta de una ilustraci\u00f3n digital en t\u00e9cnica mapa de bits, realizada para el cartel de una obra de teatro. Se presenta a los personajes de los m\u00fasicos Beethoven y Haydn en un ambiente de una ciudad, en un estilo caricaturizado, pero con alto detalle de luminocidades y acabados.<\/p>\n<p>[\/et_pb_accordion_item][\/et_pb_accordion][et_pb_image src=\u00bbhttp:\/\/dcv.artcom.mx\/pda\/demo\/wp-content\/uploads\/sites\/32\/2021\/03\/Captura-de-pantalla-2021-03-01-a-las-09.20.33.jpg\u00bb title_text=\u00bbCaptura-de-pantalla-2021-03-01-a-la(s)-09.20.33&#8243; show_bottom_space=\u00bboff\u00bb _builder_version=\u00bb4.9.0&#8243; _module_preset=\u00bbdefault\u00bb transform_translate=\u00bb17px|0px\u00bb transform_translate_linked=\u00bboff\u00bb width=\u00bb47%\u00bb module_alignment=\u00bbleft\u00bb][\/et_pb_image][et_pb_accordion open_toggle_text_color=\u00bb#FFFFFF\u00bb _builder_version=\u00bb4.9.0&#8243; _module_preset=\u00bbdefault\u00bb toggle_text_align=\u00bbcenter\u00bb toggle_font_size=\u00bb50px\u00bb body_text_color=\u00bb#252DA3&#8243; transform_translate=\u00bb0px|-300px\u00bb transform_translate_linked=\u00bboff\u00bb width=\u00bb40%\u00bb module_alignment=\u00bbright\u00bb custom_margin=\u00bb|16px||||\u00bb border_width_all=\u00bb0px\u00bb][et_pb_accordion_item open=\u00bbon\u00bb _builder_version=\u00bb4.9.0&#8243; _module_preset=\u00bbdefault\u00bb background_color=\u00bbRGBA(0,0,0,0)\u00bb background_enable_color=\u00bbon\u00bb]<\/p>\n<ul>\n<li><span><strong>Profesor Jos\u00e9 Fabi\u00e1n<\/strong><\/span><\/li>\n<li><span><strong>Fecha de entrega 12 de Febrero 2021<\/strong><\/span><\/li>\n<li><span><strong>Tama\u00f1o 11 x 17&#8243;<\/strong><\/span><\/li>\n<li><span><strong>T\u00e9cnica digital Mapa de bits<\/strong><\/span><\/li>\n<li><span><strong>Resoluci\u00f3n 300 dpi<\/strong><\/span><\/li>\n<li><span><strong>Software Photoshop<\/strong><\/span><\/li>\n<li><span><strong>Unidad 3<\/strong><\/span><\/li>\n<\/ul>\n<p>[\/et_pb_accordion_item][\/et_pb_accordion][\/et_pb_column][\/et_pb_row][\/et_pb_section][et_pb_section fb_built=\u00bb1&#8243; _builder_version=\u00bb4.9.0&#8243; _module_preset=\u00bbdefault\u00bb background_color=\u00bb#7FB253&#8243;][et_pb_row _builder_version=\u00bb4.9.0&#8243; _module_preset=\u00bbdefault\u00bb][et_pb_column type=\u00bb4_4&#8243; _builder_version=\u00bb4.9.0&#8243; _module_preset=\u00bbdefault\u00bb][et_pb_text _builder_version=\u00bb4.9.0&#8243; _module_preset=\u00bbdefault\u00bb text_font_size=\u00bb69px\u00bb header_text_color=\u00bb#FFFFFF\u00bb text_orientation=\u00bbcenter\u00bb]<\/p>\n<h1>PRIMER SEMESTRE<\/h1>\n<p>[\/et_pb_text][\/et_pb_column][\/et_pb_row][et_pb_row column_structure=\u00bb1_2,1_2&#8243; _builder_version=\u00bb4.9.0&#8243; _module_preset=\u00bbdefault\u00bb][et_pb_column type=\u00bb1_2&#8243; _builder_version=\u00bb4.9.0&#8243; _module_preset=\u00bbdefault\u00bb][et_pb_accordion open_toggle_text_color=\u00bb#FFFFFF\u00bb _builder_version=\u00bb4.9.0&#8243; _module_preset=\u00bbdefault\u00bb body_text_color=\u00bb#5C6D31&#8243; border_width_all=\u00bb0px\u00bb][et_pb_accordion_item title=\u00bbIlustraci\u00f3n Digital\u00bb open=\u00bbon\u00bb _builder_version=\u00bb4.9.0&#8243; _module_preset=\u00bbdefault\u00bb background_color=\u00bbRGBA(0,0,0,0)\u00bb background_enable_color=\u00bbon\u00bb]<\/p>\n<h6><span style=\"color: #000000\">Proyecto: Beethoven y Haydn<\/span><\/h6>\n<p>Este proyecto consta de una ilustraci\u00f3n digital en t\u00e9cnica mapa de bits, realizada para el cartel de una obra de teatro. Se presenta a los personajes de los m\u00fasicos Beethoven y Haydn en un ambiente de una ciudad, en un estilo caricaturizado, pero con alto detalle de luminocidades y acabados.<\/p>\n<p>&nbsp;<\/p>\n<ul>\n<li><span style=\"font-size: large\"><strong>Profesor Jos\u00e9 Fabi\u00e1n<\/strong><\/span><\/li>\n<li><span style=\"font-size: large\"><strong>Fecha de entrega 12 de Febrero 2021<\/strong><\/span><\/li>\n<li><span style=\"font-size: large\"><strong>Tama\u00f1o 11 x 17&#8243;<\/strong><\/span><\/li>\n<li><span style=\"font-size: large\"><strong>T\u00e9cnica digital Mapa de bits<\/strong><\/span><\/li>\n<li><span style=\"font-size: large\"><strong>Resoluci\u00f3n 300 dpi<\/strong><\/span><\/li>\n<li><span style=\"font-size: large\"><strong>Software Photoshop<\/strong><\/span><\/li>\n<li><span style=\"font-size: large\"><strong>Unidad 3<\/strong><\/span><\/li>\n<\/ul>\n<p>[\/et_pb_accordion_item][\/et_pb_accordion][\/et_pb_column][et_pb_column type=\u00bb1_2&#8243; _builder_version=\u00bb4.9.0&#8243; _module_preset=\u00bbdefault\u00bb][et_pb_gallery gallery_ids=\u00bb211,212,213,214&#8243; fullwidth=\u00bbon\u00bb _builder_version=\u00bb4.9.0&#8243; _module_preset=\u00bbdefault\u00bb background_color=\u00bb#A8B3EA\u00bb max_width=\u00bb67%\u00bb module_alignment=\u00bbcenter\u00bb][\/et_pb_gallery][\/et_pb_column][\/et_pb_row][et_pb_row column_structure=\u00bb1_2,1_2&#8243; _builder_version=\u00bb4.9.0&#8243; _module_preset=\u00bbdefault\u00bb background_color=\u00bb#5B8500&#8243; module_alignment=\u00bbcenter\u00bb custom_margin=\u00bb6px|26px|6px|26px|true|true\u00bb custom_padding=\u00bb|40px||40px|false|false\u00bb border_radii=\u00bbon|34px|34px|34px|34px\u00bb border_color_all=\u00bb#8653B2&#8243;][et_pb_column type=\u00bb1_2&#8243; _builder_version=\u00bb4.9.0&#8243; _module_preset=\u00bbdefault\u00bb][et_pb_gallery gallery_ids=\u00bb211,212,213,214&#8243; fullwidth=\u00bbon\u00bb _builder_version=\u00bb4.9.0&#8243; _module_preset=\u00bbdefault\u00bb background_color=\u00bbRGBA(0,0,0,0)\u00bb max_width=\u00bb100%\u00bb module_alignment=\u00bbleft\u00bb custom_padding=\u00bb|0px||||\u00bb border_radii=\u00bbon|34px|34px|34px|34px\u00bb border_color_all=\u00bbRGBA(0,0,0,0)\u00bb][\/et_pb_gallery][\/et_pb_column][et_pb_column type=\u00bb1_2&#8243; _builder_version=\u00bb4.9.0&#8243; _module_preset=\u00bbdefault\u00bb][et_pb_accordion open_toggle_text_color=\u00bb#FFFFFF\u00bb _builder_version=\u00bb4.9.0&#8243; _module_preset=\u00bbdefault\u00bb toggle_text_align=\u00bbcenter\u00bb toggle_font_size=\u00bb52px\u00bb body_text_color=\u00bb#252DA3&#8243; border_width_all=\u00bb0px\u00bb][et_pb_accordion_item title=\u00bbIlustraci\u00f3n Digital\u00bb open=\u00bbon\u00bb _builder_version=\u00bb4.9.0&#8243; _module_preset=\u00bbdefault\u00bb background_color=\u00bbRGBA(0,0,0,0)\u00bb background_enable_color=\u00bbon\u00bb]<\/p>\n<h6><span style=\"color: #bad39a\">Proyecto: Beethoven y Haydn<\/span><\/h6>\n<p style=\"text-align: justify\"><span style=\"color: #bad39a\">Este proyecto consta de una ilustraci\u00f3n digital en t\u00e9cnica mapa de bits, realizada para el cartel de una obra de teatro. Se presenta a los personajes de los m\u00fasicos Beethoven y Haydn en un ambiente de una ciudad, en un estilo caricaturizado, pero con alto detalle de luminocidades y acabados.<\/span><\/p>\n<p><span style=\"color: #bad39a\">\u00a0<\/span><\/p>\n<ul>\n<li><span style=\"color: #bad39a\"><strong>Profesor Jos\u00e9 Fabi\u00e1n<\/strong><\/span><\/li>\n<li><span style=\"color: #bad39a\"><strong>Fecha de entrega 12 de Febrero 2021<\/strong><\/span><\/li>\n<li><span style=\"color: #bad39a\"><strong>Tama\u00f1o 11 x 17&#8243;<\/strong><\/span><\/li>\n<li><span style=\"color: #bad39a\"><strong>T\u00e9cnica digital Mapa de bits<\/strong><\/span><\/li>\n<li><span style=\"color: #bad39a\"><strong>Resoluci\u00f3n 300 dpi<\/strong><\/span><\/li>\n<li><span style=\"color: #bad39a\"><strong>Software Photoshop<\/strong><\/span><\/li>\n<li><span style=\"color: #bad39a\"><strong>Unidad 3<\/strong><\/span><\/li>\n<\/ul>\n<p>[\/et_pb_accordion_item][\/et_pb_accordion][\/et_pb_column][\/et_pb_row][et_pb_row _builder_version=\u00bb4.9.0&#8243; _module_preset=\u00bbdefault\u00bb background_color=\u00bb#5B8500&#8243; transform_translate=\u00bb92px|24px\u00bb transform_translate_linked=\u00bboff\u00bb max_width=\u00bb918px\u00bb module_alignment=\u00bbleft\u00bb height=\u00bb753px\u00bb custom_padding=\u00bb|20px||20px|true|true\u00bb border_color_all=\u00bb#A8B3EA\u00bb][et_pb_column type=\u00bb4_4&#8243; _builder_version=\u00bb4.9.0&#8243; _module_preset=\u00bbdefault\u00bb][et_pb_accordion open_toggle_text_color=\u00bb#FFFFFF\u00bb _builder_version=\u00bb4.9.0&#8243; _module_preset=\u00bbdefault\u00bb toggle_text_align=\u00bbcenter\u00bb toggle_font_size=\u00bb50px\u00bb body_text_color=\u00bb#252DA3&#8243; custom_margin=\u00bb|16px||||\u00bb border_width_all=\u00bb0px\u00bb][et_pb_accordion_item title=\u00bbIlustraci\u00f3n Digital\u00bb open=\u00bbon\u00bb _builder_version=\u00bb4.9.0&#8243; _module_preset=\u00bbdefault\u00bb background_color=\u00bbRGBA(0,0,0,0)\u00bb background_enable_color=\u00bbon\u00bb]<\/p>\n<h6><span style=\"color: #252da3\">Proyecto: Beethoven y Haydn<\/span><\/h6>\n<p style=\"text-align: justify\">Este proyecto consta de una ilustraci\u00f3n digital en t\u00e9cnica mapa de bits, realizada para el cartel de una obra de teatro. Se presenta a los personajes de los m\u00fasicos Beethoven y Haydn en un ambiente de una ciudad, en un estilo caricaturizado, pero con alto detalle de luminocidades y acabados.<\/p>\n<p>&nbsp;<\/p>\n<ul>\n<li><span><strong>Profesor Jos\u00e9 Fabi\u00e1n<\/strong><\/span><\/li>\n<li><span><strong>Fecha de entrega 12 de Febrero 2021<\/strong><\/span><\/li>\n<li><span><strong>Tama\u00f1o 11 x 17&#8243;<\/strong><\/span><\/li>\n<li><span><strong>T\u00e9cnica digital Mapa de bits<\/strong><\/span><\/li>\n<li><span><strong>Resoluci\u00f3n 300 dpi<\/strong><\/span><\/li>\n<li><span><strong>Software Photoshop<\/strong><\/span><\/li>\n<li><span><strong>Unidad 3<\/strong><\/span><\/li>\n<\/ul>\n<p>[\/et_pb_accordion_item][\/et_pb_accordion][et_pb_image src=\u00bbhttp:\/\/dcv.artcom.mx\/pda\/demo\/wp-content\/uploads\/sites\/32\/2021\/03\/Captura-de-pantalla-2021-03-01-a-las-09.20.33.jpg\u00bb title_text=\u00bbCaptura-de-pantalla-2021-03-01-a-la(s)-09.20.33&#8243; _builder_version=\u00bb4.9.0&#8243; _module_preset=\u00bbdefault\u00bb transform_translate=\u00bb212px|29px\u00bb transform_translate_linked=\u00bboff\u00bb width=\u00bb70%\u00bb module_alignment=\u00bbcenter\u00bb custom_margin=\u00bb-308px|||574px||\u00bb custom_padding=\u00bb|||62px||\u00bb border_width_all=\u00bb10px\u00bb border_color_all=\u00bb#252DA3&#8243;][\/et_pb_image][\/et_pb_column][\/et_pb_row][et_pb_row _builder_version=\u00bb4.9.0&#8243; _module_preset=\u00bbdefault\u00bb background_color=\u00bb#B2E08A\u00bb transform_translate=\u00bb-21px|-2px\u00bb transform_translate_linked=\u00bboff\u00bb max_width=\u00bb918px\u00bb module_alignment=\u00bbright\u00bb height=\u00bb753px\u00bb custom_margin=\u00bb||||false\u00bb custom_padding=\u00bb20px|23px|20px|23px|true|true\u00bb animation_style=\u00bbslide\u00bb animation_direction=\u00bbbottom\u00bb animation_duration=\u00bb300ms\u00bb border_radii=\u00bbon|0px|0px|0px|0px\u00bb border_color_all=\u00bb#D6D6D6&#8243;][et_pb_column type=\u00bb4_4&#8243; _builder_version=\u00bb4.9.0&#8243; _module_preset=\u00bbdefault\u00bb][et_pb_accordion open_toggle_text_color=\u00bb#FFFFFF\u00bb _builder_version=\u00bb4.9.0&#8243; _module_preset=\u00bbdefault\u00bb toggle_text_align=\u00bbcenter\u00bb toggle_font_size=\u00bb50px\u00bb body_text_color=\u00bb#252DA3&#8243; custom_margin=\u00bb|16px||||\u00bb border_width_all=\u00bb0px\u00bb][et_pb_accordion_item title=\u00bbIlustraci\u00f3n Digital\u00bb open=\u00bbon\u00bb _builder_version=\u00bb4.9.0&#8243; _module_preset=\u00bbdefault\u00bb background_color=\u00bbRGBA(0,0,0,0)\u00bb background_enable_color=\u00bbon\u00bb]<\/p>\n<h6><span style=\"color: #252da3\">Proyecto: Beethoven y Haydn<\/span><\/h6>\n<p style=\"text-align: justify\">Este proyecto consta de una ilustraci\u00f3n digital en t\u00e9cnica mapa de bits, realizada para el cartel de una obra de teatro. Se presenta a los personajes de los m\u00fasicos Beethoven y Haydn en un ambiente de una ciudad, en un estilo caricaturizado, pero con alto detalle de luminocidades y acabados.<\/p>\n<p>[\/et_pb_accordion_item][\/et_pb_accordion][et_pb_image src=\u00bbhttp:\/\/dcv.artcom.mx\/pda\/demo\/wp-content\/uploads\/sites\/32\/2021\/03\/Captura-de-pantalla-2021-03-01-a-las-09.20.33.jpg\u00bb title_text=\u00bbCaptura-de-pantalla-2021-03-01-a-la(s)-09.20.33&#8243; show_bottom_space=\u00bboff\u00bb _builder_version=\u00bb4.9.0&#8243; _module_preset=\u00bbdefault\u00bb transform_translate=\u00bb17px|0px\u00bb transform_translate_linked=\u00bboff\u00bb width=\u00bb47%\u00bb module_alignment=\u00bbleft\u00bb][\/et_pb_image][et_pb_accordion open_toggle_text_color=\u00bb#FFFFFF\u00bb _builder_version=\u00bb4.9.0&#8243; _module_preset=\u00bbdefault\u00bb toggle_text_align=\u00bbcenter\u00bb toggle_font_size=\u00bb50px\u00bb body_text_color=\u00bb#252DA3&#8243; transform_translate=\u00bb0px|-300px\u00bb transform_translate_linked=\u00bboff\u00bb width=\u00bb40%\u00bb module_alignment=\u00bbright\u00bb custom_margin=\u00bb|16px||||\u00bb border_width_all=\u00bb0px\u00bb][et_pb_accordion_item open=\u00bbon\u00bb _builder_version=\u00bb4.9.0&#8243; _module_preset=\u00bbdefault\u00bb background_color=\u00bbRGBA(0,0,0,0)\u00bb background_enable_color=\u00bbon\u00bb]<\/p>\n<ul>\n<li><span><strong>Profesor Jos\u00e9 Fabi\u00e1n<\/strong><\/span><\/li>\n<li><span><strong>Fecha de entrega 12 de Febrero 2021<\/strong><\/span><\/li>\n<li><span><strong>Tama\u00f1o 11 x 17&#8243;<\/strong><\/span><\/li>\n<li><span><strong>T\u00e9cnica digital Mapa de bits<\/strong><\/span><\/li>\n<li><span><strong>Resoluci\u00f3n 300 dpi<\/strong><\/span><\/li>\n<li><span><strong>Software Photoshop<\/strong><\/span><\/li>\n<li><span><strong>Unidad 3<\/strong><\/span><\/li>\n<\/ul>\n<p>[\/et_pb_accordion_item][\/et_pb_accordion][\/et_pb_column][\/et_pb_row][\/et_pb_section]<\/p>\n","protected":false},"excerpt":{"rendered":"<p>PRIMER SEMESTREProyecto: Beethoven y Haydn Este proyecto consta de una ilustraci\u00f3n en t\u00e9cnica mapa de bits, realizada para el cartel de una obra de teatro. Se presenta a los personajes de los m\u00fasicos Beethoven y Haydn en un ambiente de una ciudad, en un estilo caricaturizado, pero con alto detalle de luminocidades y acabados. &nbsp; [&hellip;]<\/p>\n","protected":false},"author":36,"featured_media":0,"parent":11,"menu_order":1,"comment_status":"closed","ping_status":"closed","template":"","meta":{"_et_pb_use_builder":"on","_et_pb_old_content":"","_et_gb_content_width":"","inline_featured_image":false,"footnotes":""},"_links":{"self":[{"href":"https:\/\/dcv.artcom.mx\/pda\/demo\/wp-json\/wp\/v2\/pages\/71"}],"collection":[{"href":"https:\/\/dcv.artcom.mx\/pda\/demo\/wp-json\/wp\/v2\/pages"}],"about":[{"href":"https:\/\/dcv.artcom.mx\/pda\/demo\/wp-json\/wp\/v2\/types\/page"}],"author":[{"embeddable":true,"href":"https:\/\/dcv.artcom.mx\/pda\/demo\/wp-json\/wp\/v2\/users\/36"}],"replies":[{"embeddable":true,"href":"https:\/\/dcv.artcom.mx\/pda\/demo\/wp-json\/wp\/v2\/comments?post=71"}],"version-history":[{"count":22,"href":"https:\/\/dcv.artcom.mx\/pda\/demo\/wp-json\/wp\/v2\/pages\/71\/revisions"}],"predecessor-version":[{"id":260,"href":"https:\/\/dcv.artcom.mx\/pda\/demo\/wp-json\/wp\/v2\/pages\/71\/revisions\/260"}],"up":[{"embeddable":true,"href":"https:\/\/dcv.artcom.mx\/pda\/demo\/wp-json\/wp\/v2\/pages\/11"}],"wp:attachment":[{"href":"https:\/\/dcv.artcom.mx\/pda\/demo\/wp-json\/wp\/v2\/media?parent=71"}],"curies":[{"name":"wp","href":"https:\/\/api.w.org\/{rel}","templated":true}]}}