{"id":1920,"date":"2025-03-24T22:07:40","date_gmt":"2025-03-24T22:07:40","guid":{"rendered":"https:\/\/dcv.artcom.mx\/pda\/1220618\/?page_id=1920"},"modified":"2025-05-18T21:31:01","modified_gmt":"2025-05-18T21:31:01","slug":"tercer-semestre","status":"publish","type":"page","link":"https:\/\/dcv.artcom.mx\/pda\/1220618\/tercer-semestre\/","title":{"rendered":"Primer semestre"},"content":{"rendered":"<p>[et_pb_section fb_built=\u00bb1&#8243; admin_label=\u00bbPopular Courses\u00bb _builder_version=\u00bb4.24.2&#8243; _module_preset=\u00bbdefault\u00bb background_enable_color=\u00bboff\u00bb background_image=\u00bbhttp:\/\/dcv.artcom.mx\/pda\/1220618\/wp-content\/uploads\/sites\/42\/2024\/04\/financial-planning-6c.png\u00bb background_size=\u00bbinitial\u00bb background_position=\u00bbtop_center\u00bb background_vertical_offset=\u00bb30px\u00bb overflow-x=\u00bbhidden\u00bb overflow-y=\u00bbhidden\u00bb custom_padding=\u00bb4vw||||false|false\u00bb locked=\u00bboff\u00bb collapsed=\u00bbon\u00bb global_colors_info=\u00bb{}\u00bb][et_pb_row column_structure=\u00bb1_3,1_3,1_3&#8243; _builder_version=\u00bb4.22.0&#8243; _module_preset=\u00bbdefault\u00bb animation_style=\u00bbbounce\u00bb locked=\u00bboff\u00bb global_colors_info=\u00bb{}\u00bb][et_pb_column type=\u00bb1_3&#8243; _builder_version=\u00bb4.22.0&#8243; _module_preset=\u00bbdefault\u00bb background_color=\u00bb#FFFFFF\u00bb custom_padding=\u00bb|30px|30px|30px|false|true\u00bb border_radii=\u00bbon|10px|10px|10px|10px\u00bb box_shadow_style=\u00bbpreset4&#8243; box_shadow_horizontal=\u00bb0px\u00bb box_shadow_vertical=\u00bb60px\u00bb box_shadow_blur=\u00bb90px\u00bb box_shadow_color=\u00bbrgba(0,0,0,0.08)\u00bb global_colors_info=\u00bb{}\u00bb][et_pb_image src=\u00bbhttp:\/\/dcv.artcom.mx\/pda\/1220618\/wp-content\/uploads\/sites\/42\/2023\/04\/por2-02.png\u00bb title_text=\u00bbtrazado de foto\u00bb _builder_version=\u00bb4.24.2&#8243; _module_preset=\u00bbdefault\u00bb custom_margin=\u00bb|-30px||-30px|false|true\u00bb global_colors_info=\u00bb{%22gcid-ea6a34b7-3964-4bb3-9ab0-b3684573f27e%22:%91%22background_color%22%93}\u00bb][\/et_pb_image][et_pb_text _builder_version=\u00bb4.24.2&#8243; _module_preset=\u00bbd1f5eed7-1969-48d3-826d-fdb8050eb478&#8243; custom_margin=\u00bb||0px||false|false\u00bb global_colors_info=\u00bb{}\u00bb]<\/p>\n<h4>Trazado Fotogr\u00e1fico<\/h4>\n<p>[\/et_pb_text][et_pb_text _builder_version=\u00bb4.24.2&#8243; _module_preset=\u00bb604780db-020c-4083-a9c1-108cd4f8b23b\u00bb custom_margin=\u00bb||0px||false|false\u00bb custom_padding=\u00bb||4px|||\u00bb global_colors_info=\u00bb{}\u00bb]<\/p>\n<p data-start=\"87\" data-end=\"321\" class=\"\"><span style=\"color: #e09900\"><strong>Taller de Gr\u00e1ficos vectoriales.\u00a0<\/strong><\/span><\/p>\n<p data-start=\"87\" data-end=\"321\" class=\"\">Para aprender a utilizar la herramienta de Illustrator, realizamos una pieza de ilustraci\u00f3n vectorial a partir de una fotograf\u00eda de nuestra elecci\u00f3n. Usamos nodos y m\u00faltiples capas para construir la imagen con precisi\u00f3n y detalle.<\/p>\n<p data-start=\"323\" data-end=\"366\" class=\"\"><strong data-start=\"323\" data-end=\"346\">Software utilizado:<\/strong><br data-start=\"346\" data-end=\"349\" \/>Adobe Illustrator<\/p>\n<p data-start=\"323\" data-end=\"366\" class=\"\">\n<p>[\/et_pb_text][\/et_pb_column][et_pb_column type=\u00bb1_3&#8243; _builder_version=\u00bb4.22.0&#8243; _module_preset=\u00bbdefault\u00bb background_color=\u00bb#FFFFFF\u00bb custom_padding=\u00bb|30px|30px|30px|false|true\u00bb border_radii=\u00bbon|10px|10px|10px|10px\u00bb box_shadow_style=\u00bbpreset4&#8243; box_shadow_horizontal=\u00bb0px\u00bb box_shadow_vertical=\u00bb60px\u00bb box_shadow_blur=\u00bb90px\u00bb box_shadow_color=\u00bbrgba(0,0,0,0.08)\u00bb global_colors_info=\u00bb{}\u00bb][et_pb_image src=\u00bbhttp:\/\/dcv.artcom.mx\/pda\/1220618\/wp-content\/uploads\/sites\/42\/2024\/04\/Mesa-de-trabajo-5-1.jpg\u00bb title_text=\u00bbMesa de trabajo 5&#8243; _builder_version=\u00bb4.24.2&#8243; _module_preset=\u00bbdefault\u00bb transform_scale=\u00bb102%|102%\u00bb custom_margin=\u00bb|-30px||-30px|false|true\u00bb hover_enabled=\u00bb0&#8243; locked=\u00bboff\u00bb global_colors_info=\u00bb{%22gcid-ea6a34b7-3964-4bb3-9ab0-b3684573f27e%22:%91%22background_color%22%93}\u00bb sticky_enabled=\u00bb0&#8243;][\/et_pb_image][et_pb_text _builder_version=\u00bb4.24.2&#8243; _module_preset=\u00bbd1f5eed7-1969-48d3-826d-fdb8050eb478&#8243; custom_margin=\u00bb||0px||false|false\u00bb global_colors_info=\u00bb{}\u00bb]<\/p>\n<h4>Calendario con jerarqu\u00edas\u00a0<\/h4>\n<p>[\/et_pb_text][et_pb_text _builder_version=\u00bb4.24.2&#8243; _module_preset=\u00bbdefault\u00bb global_colors_info=\u00bb{}\u00bb]<\/p>\n<p data-start=\"87\" data-end=\"321\" class=\"\"><strong><span style=\"color: #e09900\">Taller de Gr\u00e1ficos vectoriales<\/span>.\u00a0<\/strong><\/p>\n<p data-start=\"87\" data-end=\"321\" class=\"\">Para aprender a utilizar la herramienta de Illustrator, realizamos una pieza para aprender a usar las jerarquias, las lineas.<\/p>\n<p data-start=\"323\" data-end=\"366\" class=\"\"><strong data-start=\"323\" data-end=\"346\">Software utilizado:<\/strong><br data-start=\"346\" data-end=\"349\" \/>Adobe Illustrator<\/p>\n<p>[\/et_pb_text][\/et_pb_column][et_pb_column type=\u00bb1_3&#8243; _builder_version=\u00bb4.22.0&#8243; _module_preset=\u00bbdefault\u00bb background_color=\u00bb#FFFFFF\u00bb custom_padding=\u00bb|30px|30px|30px|false|true\u00bb border_radii=\u00bbon|10px|10px|10px|10px\u00bb box_shadow_style=\u00bbpreset4&#8243; box_shadow_horizontal=\u00bb0px\u00bb box_shadow_vertical=\u00bb60px\u00bb box_shadow_blur=\u00bb90px\u00bb box_shadow_color=\u00bbrgba(0,0,0,0.08)\u00bb global_colors_info=\u00bb{}\u00bb][et_pb_image src=\u00bbhttp:\/\/dcv.artcom.mx\/pda\/1220618\/wp-content\/uploads\/sites\/42\/2023\/04\/Simbolos-Biblicos-vida-de-Jesus-10.png\u00bb title_text=\u00bbSimbolos Bibl\u00edcos vida de Jes\u00fas-10&#8243; _builder_version=\u00bb4.24.2&#8243; _module_preset=\u00bbdefault\u00bb custom_margin=\u00bb|-30px||-30px|false|true\u00bb locked=\u00bboff\u00bb global_colors_info=\u00bb{%22gcid-ea6a34b7-3964-4bb3-9ab0-b3684573f27e%22:%91%22background_color%22%93}\u00bb][\/et_pb_image][et_pb_text _builder_version=\u00bb4.24.2&#8243; _module_preset=\u00bbd1f5eed7-1969-48d3-826d-fdb8050eb478&#8243; custom_margin=\u00bb||0px||false|false\u00bb global_colors_info=\u00bb{}\u00bb]<\/p>\n<h4>Iconos Biblicos.<\/h4>\n<p><strong><span style=\"color: #e09900\">Taller de Gr\u00e1ficos vectoriales.\u00a0<\/span><\/strong><\/p>\n<p>Para aprender a utilizar las herramientas de Adobe Illustrator, en este ejercicio nos enfocamos en el uso de la herramienta <em data-start=\"209\" data-end=\"222\">Buscatrazos<\/em>. A partir de ella, desarrollamos una serie de 10 \u00edconos inspirados en el tema del nacimiento de Jes\u00fas.<\/p>\n<p data-start=\"323\" data-end=\"366\" class=\"\"><strong data-start=\"323\" data-end=\"346\">Software utilizado:<\/strong><br data-start=\"346\" data-end=\"349\" \/>Adobe Illustrator<\/p>\n<p>[\/et_pb_text][et_pb_button button_url=\u00bb@ET-DC@eyJkeW5hbWljIjp0cnVlLCJjb250ZW50IjoicG9zdF9saW5rX3VybF9wYWdlIiwic2V0dGluZ3MiOnsicG9zdF9pZCI6IjIyNzkiLCJlbmFibGVfaHRtbCI6Im9mZiJ9fQ==@\u00bb url_new_window=\u00bbon\u00bb button_text=\u00bbExplora m\u00e1s\u00bb _builder_version=\u00bb4.24.2&#8243; _dynamic_attributes=\u00bbbutton_url\u00bb _module_preset=\u00bbdefault\u00bb custom_button=\u00bbon\u00bb button_text_color=\u00bb#E09900&#8243; button_border_width=\u00bb0px\u00bb button_font=\u00bb|600|||||||\u00bb button_icon=\u00bb&#xf105;||fa||900&#8243; transform_scale_linked=\u00bboff\u00bb transform_translate=\u00bb78px|-32px\u00bb transform_translate_linked=\u00bboff\u00bb custom_margin=\u00bb||-61px|||\u00bb custom_padding=\u00bb44px|||||\u00bb hover_enabled=\u00bb0&#8243; global_colors_info=\u00bb{}\u00bb sticky_enabled=\u00bb0&#8243;][\/et_pb_button][\/et_pb_column][\/et_pb_row][et_pb_row column_structure=\u00bb1_3,1_3,1_3&#8243; _builder_version=\u00bb4.24.2&#8243; _module_preset=\u00bbdefault\u00bb max_width=\u00bb1280px\u00bb hover_enabled=\u00bb0&#8243; locked=\u00bboff\u00bb global_colors_info=\u00bb{}\u00bb sticky_enabled=\u00bb0&#8243;][et_pb_column type=\u00bb1_3&#8243; _builder_version=\u00bb4.22.0&#8243; _module_preset=\u00bbdefault\u00bb background_color=\u00bb#FFFFFF\u00bb transform_translate=\u00bb28px|-15px\u00bb transform_translate_linked=\u00bboff\u00bb custom_padding=\u00bb|30px|30px|30px|false|true\u00bb border_radii=\u00bbon|10px|10px|10px|10px\u00bb box_shadow_style=\u00bbpreset4&#8243; box_shadow_horizontal=\u00bb0px\u00bb box_shadow_vertical=\u00bb60px\u00bb box_shadow_blur=\u00bb90px\u00bb box_shadow_color=\u00bbrgba(0,0,0,0.08)\u00bb global_colors_info=\u00bb{}\u00bb][et_pb_image src=\u00bbhttp:\/\/dcv.artcom.mx\/pda\/1220618\/wp-content\/uploads\/sites\/42\/2023\/04\/WhatsApp-Image-2022-09-29-at-11.51.01-PM-2.jpeg\u00bb title_text=\u00bbWhatsApp Image 2022-09-29 at 11.51.01 PM 2&#8243; _builder_version=\u00bb4.24.2&#8243; _module_preset=\u00bbdefault\u00bb custom_margin=\u00bb|-30px||-30px|false|true\u00bb global_colors_info=\u00bb{%22gcid-ea6a34b7-3964-4bb3-9ab0-b3684573f27e%22:%91%22background_color%22%93}\u00bb][\/et_pb_image][et_pb_text _builder_version=\u00bb4.24.2&#8243; _module_preset=\u00bbd1f5eed7-1969-48d3-826d-fdb8050eb478&#8243; custom_margin=\u00bb||0px||false|false\u00bb global_colors_info=\u00bb{}\u00bb]<\/p>\n<h4>Teorias de Gestal<\/h4>\n<p><span style=\"color: #0051e8\"><strong>Fundamentos de dise\u00f1o<\/strong><\/span><\/p>\n<p><span>Esta materia fue una de mis favoritas, ya que aprendimos a conocer y aplicar las teor\u00edas de la Gestalt. En mi caso, trabaj\u00e9 con el principio de figura-fondo, utilizando la forma de una hoja para simular el cabello afro de una persona.<\/span><\/p>\n<p><strong><\/strong><\/p>\n<p>[\/et_pb_text][\/et_pb_column][et_pb_column type=\u00bb1_3&#8243; _builder_version=\u00bb4.24.2&#8243; _module_preset=\u00bbdefault\u00bb background_color=\u00bb#FFFFFF\u00bb transform_translate=\u00bb0px|-285px\u00bb transform_translate_linked=\u00bboff\u00bb custom_padding=\u00bb|30px|30px|30px|false|true\u00bb hover_enabled=\u00bb0&#8243; border_radii=\u00bbon|10px|10px|10px|10px\u00bb box_shadow_style=\u00bbpreset4&#8243; box_shadow_horizontal=\u00bb0px\u00bb box_shadow_vertical=\u00bb60px\u00bb box_shadow_blur=\u00bb90px\u00bb box_shadow_color=\u00bbrgba(0,0,0,0.08)\u00bb global_colors_info=\u00bb{}\u00bb sticky_enabled=\u00bb0&#8243;][et_pb_image src=\u00bbhttp:\/\/dcv.artcom.mx\/pda\/1220618\/wp-content\/uploads\/sites\/42\/2023\/04\/FINAAAL-02.png\u00bb title_text=\u00bbFINAAAL-02&#8243; _builder_version=\u00bb4.24.2&#8243; _module_preset=\u00bbdefault\u00bb transform_scale=\u00bb102%|102%\u00bb custom_margin=\u00bb|-30px|-3px|-30px|false|true\u00bb custom_padding=\u00bb0px|||||\u00bb locked=\u00bboff\u00bb global_colors_info=\u00bb{%22gcid-ea6a34b7-3964-4bb3-9ab0-b3684573f27e%22:%91%22background_color%22%93}\u00bb][\/et_pb_image][et_pb_text _builder_version=\u00bb4.24.2&#8243; _module_preset=\u00bbd1f5eed7-1969-48d3-826d-fdb8050eb478&#8243; custom_margin=\u00bb||0px||false|false\u00bb global_colors_info=\u00bb{}\u00bb]<\/p>\n<h4>Abtracci\u00f3n.\u00a0<\/h4>\n<p><span style=\"color: #0051e8\"><strong>Fundamentos de dise\u00f1o<\/strong><\/span><\/p>\n<p><span>Este ejercicio nos permiti\u00f3 explorar y comprender los diferentes niveles de abstracci\u00f3n: baja, media y alta, aplic\u00e1ndolos en la simplificaci\u00f3n de formas sin perder su esencia visual.<\/span><\/p>\n<p><strong><\/strong><\/p>\n<p>[\/et_pb_text][\/et_pb_column][et_pb_column type=\u00bb1_3&#8243; _builder_version=\u00bb4.24.2&#8243; _module_preset=\u00bbdefault\u00bb background_color=\u00bb#FFFFFF\u00bb transform_translate=\u00bb-30px|-134px\u00bb transform_translate_linked=\u00bboff\u00bb custom_padding=\u00bb|30px|30px|30px|false|true\u00bb border_radii=\u00bbon|10px|10px|10px|10px\u00bb box_shadow_style=\u00bbpreset4&#8243; box_shadow_horizontal=\u00bb0px\u00bb box_shadow_vertical=\u00bb60px\u00bb box_shadow_blur=\u00bb90px\u00bb box_shadow_color=\u00bbrgba(0,0,0,0.08)\u00bb global_colors_info=\u00bb{}\u00bb][et_pb_image src=\u00bbhttp:\/\/dcv.artcom.mx\/pda\/1220618\/wp-content\/uploads\/sites\/42\/2023\/04\/Isologos-de-elementos-profesionales-1.png\u00bb title_text=\u00bbIsologos de elementos profesionales (1)\u00bb _builder_version=\u00bb4.24.2&#8243; _module_preset=\u00bbdefault\u00bb transform_scale=\u00bb102%|102%\u00bb custom_margin=\u00bb|-30px||-30px|false|true\u00bb locked=\u00bboff\u00bb global_colors_info=\u00bb{%22gcid-ea6a34b7-3964-4bb3-9ab0-b3684573f27e%22:%91%22background_color%22%93}\u00bb][\/et_pb_image][et_pb_text _builder_version=\u00bb4.24.2&#8243; _module_preset=\u00bbd1f5eed7-1969-48d3-826d-fdb8050eb478&#8243; custom_margin=\u00bb-75px||0px||false|false\u00bb global_colors_info=\u00bb{}\u00bb]<\/p>\n<h4>Isologos Profesionales<\/h4>\n<p><span style=\"color: #e09900\"><strong>Taller de Gr\u00e1ficos vectoriales.\u00a0<\/strong><\/span><\/p>\n<p><span>Este ejercicio nos permiti\u00f3 explorar y comprender los diferentes niveles de abstracci\u00f3n: baja, media y alta, aplic\u00e1ndolos en la simplificaci\u00f3n de formas sin perder su esencia visual.<\/span><\/p>\n<p><strong><\/strong><\/p>\n<p>[\/et_pb_text][et_pb_button button_url=\u00bb@ET-DC@eyJkeW5hbWljIjp0cnVlLCJjb250ZW50IjoicG9zdF9saW5rX3VybF9wYWdlIiwic2V0dGluZ3MiOnsicG9zdF9pZCI6IjIyOTgiLCJlbmFibGVfaHRtbCI6Im9mZiJ9fQ==@\u00bb url_new_window=\u00bbon\u00bb button_text=\u00bbExplora m\u00e1s\u00bb _builder_version=\u00bb4.24.2&#8243; _dynamic_attributes=\u00bbbutton_url\u00bb _module_preset=\u00bbdefault\u00bb custom_button=\u00bbon\u00bb button_text_color=\u00bb#E09900&#8243; button_border_width=\u00bb0px\u00bb button_font=\u00bb|600|||||||\u00bb button_icon=\u00bb&#xf105;||fa||900&#8243; transform_scale_linked=\u00bboff\u00bb transform_translate=\u00bb78px|-32px\u00bb transform_translate_linked=\u00bboff\u00bb custom_margin=\u00bb||-61px|||\u00bb custom_padding=\u00bb44px|||||\u00bb hover_enabled=\u00bb0&#8243; global_colors_info=\u00bb{}\u00bb sticky_enabled=\u00bb0&#8243;][\/et_pb_button][\/et_pb_column][\/et_pb_row][et_pb_row column_structure=\u00bb1_3,1_3,1_3&#8243; _builder_version=\u00bb4.24.2&#8243; _module_preset=\u00bbdefault\u00bb animation_style=\u00bbbounce\u00bb hover_enabled=\u00bb0&#8243; locked=\u00bboff\u00bb global_colors_info=\u00bb{}\u00bb sticky_enabled=\u00bb0&#8243;][et_pb_column type=\u00bb1_3&#8243; _builder_version=\u00bb4.22.0&#8243; _module_preset=\u00bbdefault\u00bb background_color=\u00bb#FFFFFF\u00bb custom_padding=\u00bb|30px|30px|30px|false|true\u00bb hover_enabled=\u00bb0&#8243; border_radii=\u00bbon|10px|10px|10px|10px\u00bb box_shadow_style=\u00bbpreset4&#8243; box_shadow_horizontal=\u00bb0px\u00bb box_shadow_vertical=\u00bb60px\u00bb box_shadow_blur=\u00bb90px\u00bb box_shadow_color=\u00bbrgba(0,0,0,0.08)\u00bb global_colors_info=\u00bb{}\u00bb transform_translate_linked=\u00bboff\u00bb transform_translate=\u00bb0px|-36px\u00bb sticky_enabled=\u00bb0&#8243;][et_pb_image src=\u00bbhttp:\/\/dcv.artcom.mx\/pda\/1220618\/wp-content\/uploads\/sites\/42\/2025\/05\/WhatsApp20Image202022-09-0820at2011.53.3820PM.png\u00bb title_text=\u00bbletra faltante \u00bb _builder_version=\u00bb4.24.2&#8243; _module_preset=\u00bbdefault\u00bb custom_margin=\u00bb|-30px||-30px|false|true\u00bb global_colors_info=\u00bb{%22gcid-ea6a34b7-3964-4bb3-9ab0-b3684573f27e%22:%91%22background_color%22%93}\u00bb][\/et_pb_image][et_pb_text _builder_version=\u00bb4.24.2&#8243; _module_preset=\u00bbd1f5eed7-1969-48d3-826d-fdb8050eb478&#8243; custom_margin=\u00bb||0px||false|false\u00bb global_colors_info=\u00bb{}\u00bb]<\/p>\n<h4>Letra Faltante <\/h4>\n<p>[\/et_pb_text][et_pb_text _builder_version=\u00bb4.24.2&#8243; _module_preset=\u00bb604780db-020c-4083-a9c1-108cd4f8b23b\u00bb custom_margin=\u00bb||0px||false|false\u00bb custom_padding=\u00bb||4px|||\u00bb global_colors_info=\u00bb{}\u00bb]<\/p>\n<p data-start=\"87\" data-end=\"321\" class=\"\">\n<p data-start=\"87\" data-end=\"321\" class=\"\"><span style=\"color: #0051e8\"><strong>Fundamentos de dise\u00f1o<\/strong><\/span><\/p>\n<p data-start=\"87\" data-end=\"321\" class=\"\">Para aprender a utilizar la herramienta de Illustrator, realizamos una pieza de ilustraci\u00f3n vectorial a partir de una fotograf\u00eda de nuestra elecci\u00f3n. Usamos nodos y m\u00faltiples capas para construir la imagen con precisi\u00f3n y detalle.<\/p>\n<p data-start=\"323\" data-end=\"366\" class=\"\"><strong data-start=\"323\" data-end=\"346\">Software utilizado:<\/strong><br data-start=\"346\" data-end=\"349\" \/>Adobe Illustrator<\/p>\n<p data-start=\"323\" data-end=\"366\" class=\"\">\n<p>[\/et_pb_text][\/et_pb_column][et_pb_column type=\u00bb1_3&#8243; _builder_version=\u00bb4.24.2&#8243; _module_preset=\u00bbdefault\u00bb background_color=\u00bb#FFFFFF\u00bb custom_padding=\u00bb|30px|30px|30px|false|true\u00bb border_radii=\u00bbon|10px|10px|10px|10px\u00bb box_shadow_style=\u00bbpreset4&#8243; box_shadow_horizontal=\u00bb0px\u00bb box_shadow_vertical=\u00bb60px\u00bb box_shadow_blur=\u00bb90px\u00bb box_shadow_color=\u00bbrgba(0,0,0,0.08)\u00bb global_colors_info=\u00bb{}\u00bb transform_translate_linked=\u00bboff\u00bb transform_translate=\u00bb0px|-187px\u00bb][et_pb_image src=\u00bbhttp:\/\/dcv.artcom.mx\/pda\/1220618\/wp-content\/uploads\/sites\/42\/2024\/04\/Mesa-de-trabajo-5-1.jpg\u00bb title_text=\u00bbMesa de trabajo 5&#8243; _builder_version=\u00bb4.24.2&#8243; _module_preset=\u00bbdefault\u00bb transform_scale=\u00bb102%|102%\u00bb custom_margin=\u00bb|-30px||-30px|false|true\u00bb locked=\u00bboff\u00bb global_colors_info=\u00bb{%22gcid-ea6a34b7-3964-4bb3-9ab0-b3684573f27e%22:%91%22background_color%22%93}\u00bb][\/et_pb_image][et_pb_text _builder_version=\u00bb4.24.2&#8243; _module_preset=\u00bbd1f5eed7-1969-48d3-826d-fdb8050eb478&#8243; custom_margin=\u00bb||0px||false|false\u00bb global_colors_info=\u00bb{}\u00bb]<\/p>\n<h4>Calendario con jerarqu\u00edas\u00a0<\/h4>\n<p>[\/et_pb_text][et_pb_text _builder_version=\u00bb4.24.2&#8243; _module_preset=\u00bbdefault\u00bb global_colors_info=\u00bb{}\u00bb]<\/p>\n<p data-start=\"87\" data-end=\"321\" class=\"\"><strong><span style=\"color: #e09900\">Taller de Gr\u00e1ficos vectoriales<\/span>.\u00a0<\/strong><\/p>\n<p data-start=\"87\" data-end=\"321\" class=\"\">Para aprender a utilizar la herramienta de Illustrator, realizamos una pieza para aprender a usar las jerarquias, las lineas.<\/p>\n<p data-start=\"323\" data-end=\"366\" class=\"\"><strong data-start=\"323\" data-end=\"346\">Software utilizado:<\/strong><br data-start=\"346\" data-end=\"349\" \/>Adobe Illustrator<\/p>\n<p>[\/et_pb_text][\/et_pb_column][et_pb_column type=\u00bb1_3&#8243; _builder_version=\u00bb4.24.2&#8243; _module_preset=\u00bbdefault\u00bb background_color=\u00bb#FFFFFF\u00bb custom_padding=\u00bb|30px|30px|30px|false|true\u00bb hover_enabled=\u00bb0&#8243; border_radii=\u00bbon|10px|10px|10px|10px\u00bb box_shadow_style=\u00bbpreset4&#8243; box_shadow_horizontal=\u00bb0px\u00bb box_shadow_vertical=\u00bb60px\u00bb box_shadow_blur=\u00bb90px\u00bb box_shadow_color=\u00bbrgba(0,0,0,0.08)\u00bb global_colors_info=\u00bb{}\u00bb transform_translate_linked=\u00bboff\u00bb transform_translate=\u00bb0px|-145px\u00bb sticky_enabled=\u00bb0&#8243;][et_pb_image src=\u00bbhttp:\/\/dcv.artcom.mx\/pda\/1220618\/wp-content\/uploads\/sites\/42\/2023\/04\/Simbolos-Biblicos-vida-de-Jesus-10.png\u00bb title_text=\u00bbSimbolos Bibl\u00edcos vida de Jes\u00fas-10&#8243; _builder_version=\u00bb4.24.2&#8243; _module_preset=\u00bbdefault\u00bb custom_margin=\u00bb|-30px||-30px|false|true\u00bb locked=\u00bboff\u00bb global_colors_info=\u00bb{%22gcid-ea6a34b7-3964-4bb3-9ab0-b3684573f27e%22:%91%22background_color%22%93}\u00bb][\/et_pb_image][et_pb_text _builder_version=\u00bb4.24.2&#8243; _module_preset=\u00bbd1f5eed7-1969-48d3-826d-fdb8050eb478&#8243; custom_margin=\u00bb||0px||false|false\u00bb global_colors_info=\u00bb{}\u00bb]<\/p>\n<h4>Iconos Biblicos.<\/h4>\n<p><strong><span style=\"color: #e09900\">Taller de Gr\u00e1ficos vectoriales.\u00a0<\/span><\/strong><\/p>\n<p>Para aprender a utilizar las herramientas de Adobe Illustrator, en este ejercicio nos enfocamos en el uso de la herramienta <em data-start=\"209\" data-end=\"222\">Buscatrazos<\/em>. A partir de ella, desarrollamos una serie de 10 \u00edconos inspirados en el tema del nacimiento de Jes\u00fas.<\/p>\n<p data-start=\"323\" data-end=\"366\" class=\"\"><strong data-start=\"323\" data-end=\"346\">Software utilizado:<\/strong><br data-start=\"346\" data-end=\"349\" \/>Adobe Illustrator<\/p>\n<p>[\/et_pb_text][\/et_pb_column][\/et_pb_row][et_pb_row column_structure=\u00bb1_2,1_2&#8243; _builder_version=\u00bb4.24.2&#8243; _module_preset=\u00bbdefault\u00bb max_width=\u00bb1280px\u00bb locked=\u00bboff\u00bb global_colors_info=\u00bb{}\u00bb][et_pb_column type=\u00bb1_2&#8243; _builder_version=\u00bb4.22.0&#8243; _module_preset=\u00bbdefault\u00bb background_color=\u00bb#FFFFFF\u00bb custom_padding=\u00bb|30px|30px|30px|false|true\u00bb border_radii=\u00bbon|10px|10px|10px|10px\u00bb box_shadow_style=\u00bbpreset4&#8243; box_shadow_horizontal=\u00bb0px\u00bb box_shadow_vertical=\u00bb60px\u00bb box_shadow_blur=\u00bb90px\u00bb box_shadow_color=\u00bbrgba(0,0,0,0.08)\u00bb global_colors_info=\u00bb{}\u00bb][et_pb_image src=\u00bbhttp:\/\/dcv.artcom.mx\/pda\/1220618\/wp-content\/uploads\/sites\/42\/2024\/05\/123.jpg\u00bb title_text=\u00bb123&#8243; _builder_version=\u00bb4.24.2&#8243; _module_preset=\u00bbdefault\u00bb transform_translate=\u00bb0px|-25px\u00bb transform_translate_linked=\u00bboff\u00bb custom_margin=\u00bb|-30px||-30px|false|true\u00bb locked=\u00bboff\u00bb global_colors_info=\u00bb{%22gcid-ea6a34b7-3964-4bb3-9ab0-b3684573f27e%22:%91%22background_color%22%93}\u00bb][\/et_pb_image][et_pb_text _builder_version=\u00bb4.24.2&#8243; _module_preset=\u00bbd1f5eed7-1969-48d3-826d-fdb8050eb478&#8243; custom_margin=\u00bb||0px||false|false\u00bb global_colors_info=\u00bb{}\u00bb]<\/p>\n<h4>Pap\u00e1, Pap\u00e1, Una foto, si?<\/h4>\n<p><span style=\"color: #ff0f97\"><strong><span>Historia del Arte. <\/span><\/strong><\/span><\/p>\n<p>Este ejercicio nos permiti\u00f3 explorar y comprender los diferentes niveles de abstracci\u00f3n: baja, media y alta, aplic\u00e1ndolos en la simplificaci\u00f3n de formas sin perder su esencia visual.<\/p>\n<p><strong><\/strong><\/p>\n<p>[\/et_pb_text][\/et_pb_column][et_pb_column type=\u00bb1_2&#8243; _builder_version=\u00bb4.22.0&#8243; _module_preset=\u00bbdefault\u00bb background_color=\u00bb#FFFFFF\u00bb custom_padding=\u00bb|30px|30px|30px|false|true\u00bb border_radii=\u00bbon|10px|10px|10px|10px\u00bb box_shadow_style=\u00bbpreset4&#8243; box_shadow_horizontal=\u00bb0px\u00bb box_shadow_vertical=\u00bb60px\u00bb box_shadow_blur=\u00bb90px\u00bb box_shadow_color=\u00bbrgba(0,0,0,0.08)\u00bb global_colors_info=\u00bb{}\u00bb][et_pb_image src=\u00bbhttp:\/\/dcv.artcom.mx\/pda\/1220618\/wp-content\/uploads\/sites\/42\/2023\/04\/integrador.png\u00bb title_text=\u00bbintegrador\u00bb _builder_version=\u00bb4.24.2&#8243; _module_preset=\u00bbdefault\u00bb custom_margin=\u00bb|-30px||-30px|false|true\u00bb locked=\u00bboff\u00bb global_colors_info=\u00bb{%22gcid-ea6a34b7-3964-4bb3-9ab0-b3684573f27e%22:%91%22background_color%22%93}\u00bb][\/et_pb_image][et_pb_text _builder_version=\u00bb4.24.2&#8243; _module_preset=\u00bbd1f5eed7-1969-48d3-826d-fdb8050eb478&#8243; custom_margin=\u00bb||0px||false|false\u00bb global_colors_info=\u00bb{}\u00bb]<\/p>\n<h4>Conexci\u00f3n-on<\/h4>\n<p><span style=\"color: #1b00ea\"><strong><span>Fundamentos de Dise\u00f1o<\/span><\/strong><\/span><\/p>\n<p>Este ejercicio nos permiti\u00f3 explorar y comprender los diferentes niveles de abstracci\u00f3n: baja, media y alta, aplic\u00e1ndolos en la simplificaci\u00f3n de formas sin perder su esencia visual.<\/p>\n<p><strong><\/strong><\/p>\n<p>[\/et_pb_text][\/et_pb_column][\/et_pb_row][\/et_pb_section]<\/p>\n","protected":false},"excerpt":{"rendered":"<p>Trazado Fotogr\u00e1ficoTaller de Gr\u00e1ficos vectoriales.\u00a0 Para aprender a utilizar la herramienta de Illustrator, realizamos una pieza de ilustraci\u00f3n vectorial a partir de una fotograf\u00eda de nuestra elecci\u00f3n. Usamos nodos y m\u00faltiples capas para construir la imagen con precisi\u00f3n y detalle. Software utilizado:Adobe Illustrator Calendario con jerarqu\u00edas\u00a0Taller de Gr\u00e1ficos vectoriales.\u00a0 Para aprender a utilizar la herramienta [&hellip;]<\/p>\n","protected":false},"author":44,"featured_media":0,"parent":0,"menu_order":0,"comment_status":"closed","ping_status":"closed","template":"","meta":{"_et_pb_use_builder":"on","_et_pb_old_content":"","_et_gb_content_width":"","inline_featured_image":false,"footnotes":""},"_links":{"self":[{"href":"https:\/\/dcv.artcom.mx\/pda\/1220618\/wp-json\/wp\/v2\/pages\/1920"}],"collection":[{"href":"https:\/\/dcv.artcom.mx\/pda\/1220618\/wp-json\/wp\/v2\/pages"}],"about":[{"href":"https:\/\/dcv.artcom.mx\/pda\/1220618\/wp-json\/wp\/v2\/types\/page"}],"author":[{"embeddable":true,"href":"https:\/\/dcv.artcom.mx\/pda\/1220618\/wp-json\/wp\/v2\/users\/44"}],"replies":[{"embeddable":true,"href":"https:\/\/dcv.artcom.mx\/pda\/1220618\/wp-json\/wp\/v2\/comments?post=1920"}],"version-history":[{"count":14,"href":"https:\/\/dcv.artcom.mx\/pda\/1220618\/wp-json\/wp\/v2\/pages\/1920\/revisions"}],"predecessor-version":[{"id":2303,"href":"https:\/\/dcv.artcom.mx\/pda\/1220618\/wp-json\/wp\/v2\/pages\/1920\/revisions\/2303"}],"wp:attachment":[{"href":"https:\/\/dcv.artcom.mx\/pda\/1220618\/wp-json\/wp\/v2\/media?parent=1920"}],"curies":[{"name":"wp","href":"https:\/\/api.w.org\/{rel}","templated":true}]}}