{"id":1391,"date":"2024-03-27T18:47:24","date_gmt":"2024-03-27T18:47:24","guid":{"rendered":"https:\/\/dcv.artcom.mx\/pda\/1220618\/?page_id=1391"},"modified":"2025-05-13T12:36:32","modified_gmt":"2025-05-13T12:36:32","slug":"home","status":"publish","type":"page","link":"https:\/\/dcv.artcom.mx\/pda\/1220618\/","title":{"rendered":"Home"},"content":{"rendered":"<p>[et_pb_section fb_built=\u00bb1&#8243; _builder_version=\u00bb4.24.2&#8243; _module_preset=\u00bbdefault\u00bb background_enable_color=\u00bboff\u00bb use_background_color_gradient=\u00bbon\u00bb background_color_gradient_type=\u00bbcircular\u00bb background_color_gradient_stops=\u00bb#ff0ff7 0%|rgba(224,224,224,0) 51%\u00bb background_image=\u00bbhttp:\/\/dcv.artcom.mx\/pda\/1220618\/wp-content\/uploads\/sites\/42\/2025\/05\/portada_.png\u00bb background_enable_image=\u00bbon\u00bb custom_margin=\u00bb-2px||32px|114px|false|false\u00bb custom_padding=\u00bb379px||79px|0px|false|false\u00bb animation_style=\u00bbfade\u00bb animation_duration=\u00bb1600ms\u00bb hover_enabled=\u00bb0&#8243; collapsed=\u00bbon\u00bb global_colors_info=\u00bb{}\u00bb sticky_enabled=\u00bb0&#8243;][et_pb_row column_structure=\u00bb1_3,1_3,1_3&#8243; _builder_version=\u00bb4.24.2&#8243; _module_preset=\u00bbdefault\u00bb global_colors_info=\u00bb{}\u00bb][et_pb_column type=\u00bb1_3&#8243; _builder_version=\u00bb4.24.2&#8243; _module_preset=\u00bbdefault\u00bb global_colors_info=\u00bb{}\u00bb][et_pb_text _builder_version=\u00bb4.24.2&#8243; _module_preset=\u00bbdefault\u00bb text_font=\u00bb|600|||||||\u00bb text_text_color=\u00bb#FF0F97&#8243; transform_translate=\u00bb-85px|-18px\u00bb transform_translate_linked=\u00bboff\u00bb custom_margin=\u00bb-94px||||false|false\u00bb custom_padding=\u00bb0px||||false|false\u00bb animation_style=\u00bbbounce\u00bb animation_direction=\u00bbcenter\u00bb hover_enabled=\u00bb0&#8243; global_colors_info=\u00bb{}\u00bb sticky_enabled=\u00bb0&#8243;]<\/p>\n<p>\u00abCada creaci\u00f3n es una oportunidad para aprender sobre ti mismo y sobre el mundo que te rodea\u00bb &#8211; Rick Rubin<\/p>\n<p>[\/et_pb_text][et_pb_text _builder_version=\u00bb4.24.2&#8243; _module_preset=\u00bbdefault\u00bb text_font=\u00bbArchivo Narrow|600|||||||\u00bb text_text_color=\u00bb#FF0F97&#8243; transform_translate=\u00bb-85px|-134px\u00bb transform_translate_linked=\u00bboff\u00bb custom_margin=\u00bb-92px||-24px|5px|false|false\u00bb custom_padding=\u00bb48px||38px|0px|false|false\u00bb animation_style=\u00bbbounce\u00bb animation_direction=\u00bbcenter\u00bb hover_enabled=\u00bb0&#8243; global_colors_info=\u00bb{}\u00bb text_font_size=\u00bb52px\u00bb sticky_enabled=\u00bb0&#8243;]<\/p>\n<p><strong>PORTAFOLIO<\/strong><\/p>\n<p>&nbsp;<\/p>\n<p>[\/et_pb_text][\/et_pb_column][et_pb_column type=\u00bb1_3&#8243; _builder_version=\u00bb4.24.2&#8243; _module_preset=\u00bbdefault\u00bb global_colors_info=\u00bb{}\u00bb][\/et_pb_column][et_pb_column type=\u00bb1_3&#8243; _builder_version=\u00bb4.24.2&#8243; _module_preset=\u00bbdefault\u00bb global_colors_info=\u00bb{}\u00bb][et_pb_text _builder_version=\u00bb4.24.2&#8243; _module_preset=\u00bbdefault\u00bb text_font=\u00bb|600|||||||\u00bb text_text_color=\u00bb#FF0F97&#8243; transform_translate=\u00bb24px|-67px\u00bb transform_translate_linked=\u00bboff\u00bb text_orientation=\u00bbright\u00bb custom_margin=\u00bb-55px||||false|false\u00bb animation_style=\u00bbbounce\u00bb animation_direction=\u00bbcenter\u00bb global_colors_info=\u00bb{}\u00bb]<\/p>\n<p data-start=\"136\" data-end=\"158\">\u2726\u00a0Bienvenida\/o a mi portafolio \u2726\u00a0<br data-start=\"188\" data-end=\"191\" \/>\u00a0<span>Dise\u00f1o, pienso, dudo, me caigo, vuelvo.<\/span><br data-start=\"218\" data-end=\"221\" \/><span>Este portafolio no es perfecto, pero es <span style=\"text-decoration: underline\">real.<\/span><\/span><br data-start=\"266\" data-end=\"269\" \/><span>Cada proyecto aqu\u00ed tiene una historia, un esfuerzo, y un pedazo de m\u00ed. <\/span>Porque dise\u00f1ar, <span style=\"text-decoration: underline\">para m\u00ed<\/span>, es aprender a seguir, incluso cuando cuesta.<\/p>\n<p>[\/et_pb_text][\/et_pb_column][\/et_pb_row][\/et_pb_section][et_pb_section fb_built=\u00bb1&#8243; _builder_version=\u00bb4.24.2&#8243; _module_preset=\u00bbdefault\u00bb background_color=\u00bb#ff54cf\u00bb custom_margin=\u00bb2px|||||\u00bb locked=\u00bboff\u00bb collapsed=\u00bbon\u00bb global_colors_info=\u00bb{}\u00bb][et_pb_row _builder_version=\u00bb4.24.2&#8243; _module_preset=\u00bbdefault\u00bb min_height=\u00bb454px\u00bb custom_margin=\u00bb-34px|auto||auto||\u00bb sticky_limit_top=\u00bbbody\u00bb global_colors_info=\u00bb{}\u00bb][et_pb_column type=\u00bb4_4&#8243; _builder_version=\u00bb4.24.2&#8243; _module_preset=\u00bbdefault\u00bb global_colors_info=\u00bb{}\u00bb][et_pb_video src=\u00bbhttp:\/\/dcv.artcom.mx\/pda\/1220618\/wp-content\/uploads\/sites\/42\/2025\/05\/ezyZip-2.mp4&#8243; _builder_version=\u00bb4.24.2&#8243; _module_preset=\u00bbdefault\u00bb transform_scale=\u00bb90%|90%\u00bb min_height=\u00bb405px\u00bb custom_margin=\u00bb||-1px||false|false\u00bb animation_style=\u00bbbounce\u00bb animation_duration=\u00bb850ms\u00bb custom_css_before=\u00bbdisplay: block;||content: %22%22;||position: absolute;||top: 0;||left: 0;||width: 100%;||height: 100%;||background-color: rgba(0, 0, 0, 0.5);||z-index: 1;\u00bb box_shadow_style=\u00bbpreset3&#8243; box_shadow_horizontal=\u00bb-8px\u00bb box_shadow_spread=\u00bb-32px\u00bb box_shadow_color=\u00bbRGBA(255,255,255,0)\u00bb box_shadow_position=\u00bbinner\u00bb global_colors_info=\u00bb{}\u00bb][\/et_pb_video][\/et_pb_column][\/et_pb_row][et_pb_row column_structure=\u00bb1_3,1_3,1_3&#8243; _builder_version=\u00bb4.24.2&#8243; _module_preset=\u00bbdefault\u00bb global_colors_info=\u00bb{}\u00bb][et_pb_column type=\u00bb1_3&#8243; _builder_version=\u00bb4.24.2&#8243; _module_preset=\u00bbdefault\u00bb global_colors_info=\u00bb{}\u00bb][et_pb_text _builder_version=\u00bb4.24.2&#8243; _module_preset=\u00bbdefault\u00bb text_font=\u00bbAlbert Sans|300|||||||\u00bb text_line_height=\u00bb1.2em\u00bb background_layout=\u00bbdark\u00bb global_colors_info=\u00bb{}\u00bb]<\/p>\n<p style=\"text-align: center\"><strong>Cont\u00e1ctame\u00a0<\/strong><\/p>\n<p style=\"text-align: center\">nonart.studio@gmail.com<\/p>\n<p>[\/et_pb_text][\/et_pb_column][et_pb_column type=\u00bb1_3&#8243; _builder_version=\u00bb4.24.2&#8243; _module_preset=\u00bbdefault\u00bb global_colors_info=\u00bb{}\u00bb][et_pb_text _builder_version=\u00bb4.24.2&#8243; _module_preset=\u00bbdefault\u00bb text_font=\u00bbAlbert Sans|300|||||||\u00bb background_layout=\u00bbdark\u00bb link_option_url=\u00bbhttps:\/\/www.instagram.com\/nonart.desing\/\u00bb link_option_url_new_window=\u00bbon\u00bb global_colors_info=\u00bb{}\u00bb]<\/p>\n<p style=\"text-align: center\"><strong>Follow me<\/strong><\/p>\n<p style=\"text-align: center\">@nonart.desing<\/p>\n<p><strong><\/strong><\/p>\n<p>[\/et_pb_text][\/et_pb_column][et_pb_column type=\u00bb1_3&#8243; _builder_version=\u00bb4.24.2&#8243; _module_preset=\u00bbdefault\u00bb global_colors_info=\u00bb{}\u00bb][et_pb_text _builder_version=\u00bb4.24.2&#8243; _module_preset=\u00bbdefault\u00bb text_font=\u00bbAlbert Sans|300|||||||\u00bb text_line_height=\u00bb1.2em\u00bb background_layout=\u00bbdark\u00bb global_colors_info=\u00bb{}\u00bb]<\/p>\n<p style=\"text-align: center\"><strong>Llama<\/strong><\/p>\n<p style=\"text-align: center\">899-9630735<\/p>\n<p>[\/et_pb_text][\/et_pb_column][\/et_pb_row][\/et_pb_section][et_pb_section fb_built=\u00bb1&#8243; admin_label=\u00bbHeader\u00bb _builder_version=\u00bb4.16&#8243; _module_preset=\u00bbdefault\u00bb global_colors_info=\u00bb{}\u00bb][et_pb_row make_equal=\u00bbon\u00bb _builder_version=\u00bb4.16&#8243; _module_preset=\u00bbdefault\u00bb locked=\u00bboff\u00bb global_colors_info=\u00bb{}\u00bb][et_pb_column type=\u00bb4_4&#8243; _builder_version=\u00bb4.16&#8243; _module_preset=\u00bbdefault\u00bb global_colors_info=\u00bb{}\u00bb][et_pb_button button_url=\u00bbhttps:\/\/dcv.artcom.mx\/pda\/1220618\/proyectos-academicos\/\u00bb button_text=\u00bbConoce mis Proyectos\u00bb button_alignment=\u00bbright\u00bb _builder_version=\u00bb4.24.2&#8243; _module_preset=\u00bba93bd5f4-85ca-4af8-aab9-5954042d5969&#8243; custom_button=\u00bbon\u00bb button_text_size=\u00bb16px\u00bb button_text_color=\u00bb#ffffff\u00bb button_bg_color=\u00bb#FF0F97&#8243; button_border_width=\u00bb0px\u00bb button_border_radius=\u00bb0px\u00bb button_letter_spacing=\u00bb2px\u00bb button_font=\u00bbMontserrat|600||on|||||\u00bb custom_padding=\u00bb15px|30px|15px|30px|true|true\u00bb custom_padding_tablet=\u00bb13px|25px|13px|25px|true|true\u00bb custom_padding_phone=\u00bb10px|20px|10px|20px|true|true\u00bb custom_padding_last_edited=\u00bbon|phone\u00bb button_text_size_tablet=\u00bb15px\u00bb button_text_size_phone=\u00bb14px\u00bb button_text_size_last_edited=\u00bbon|phone\u00bb locked=\u00bboff\u00bb global_colors_info=\u00bb{}\u00bb button_bg_color__hover_enabled=\u00bbon|hover\u00bb button_bg_color__hover=\u00bb#383838&#8243; button_bg_enable_color__hover=\u00bbon\u00bb][\/et_pb_button][\/et_pb_column][\/et_pb_row][\/et_pb_section][et_pb_section fb_built=\u00bb1&#8243; admin_label=\u00bbGallery\u00bb _builder_version=\u00bb4.16&#8243; _module_preset=\u00bbdefault\u00bb global_colors_info=\u00bb{}\u00bb][et_pb_row column_structure=\u00bb1_2,1_2&#8243; _builder_version=\u00bb4.16&#8243; _module_preset=\u00bbdefault\u00bb global_colors_info=\u00bb{}\u00bb][et_pb_column type=\u00bb1_2&#8243; _builder_version=\u00bb4.16&#8243; _module_preset=\u00bbdefault\u00bb global_colors_info=\u00bb{}\u00bb][et_pb_text _builder_version=\u00bb4.24.2&#8243; _module_preset=\u00bb1a914801-878b-478b-ae42-cadac3b4260e\u00bb header_2_font=\u00bbMontserrat|700|||||||\u00bb header_2_text_color=\u00bb#000000&#8243; header_2_font_size=\u00bb100px\u00bb header_2_line_height=\u00bb1.35em\u00bb header_2_font_size_tablet=\u00bb50px\u00bb header_2_font_size_phone=\u00bb30px\u00bb header_2_font_size_last_edited=\u00bbon|phone\u00bb locked=\u00bboff\u00bb global_colors_info=\u00bb{}\u00bb]<\/p>\n<h2><span style=\"color: #ff0f97\">NEVER<\/span><\/h2>\n<h2><span style=\"color: #ff0f97\">GIVE UP!<\/span><\/h2>\n<h2><span style=\"color: #ff0f97\">Nona:)<\/span><\/h2>\n<p>[\/et_pb_text][\/et_pb_column][et_pb_column type=\u00bb1_2&#8243; _builder_version=\u00bb4.16&#8243; _module_preset=\u00bbdefault\u00bb global_colors_info=\u00bb{}\u00bb][et_pb_image src=\u00bbhttp:\/\/dcv.artcom.mx\/pda\/1220618\/wp-content\/uploads\/sites\/42\/2025\/04\/portafolio-foto&#8211;scaled.jpg\u00bb title_text=\u00bbportafolio-foto-\u00bb _builder_version=\u00bb4.24.2&#8243; _module_preset=\u00bbdefault\u00bb scroll_vertical_motion_enable=\u00bbon\u00bb scroll_vertical_motion=\u00bb0|50|50|100|1|0|-1&#8243; scroll_rotating_enable=\u00bbon\u00bb scroll_rotating=\u00bb0|50|50|100|5\u00b0|10\u00b0|15\u00b0\u00bb scroll_vertical_motion_tablet=\u00bb0|50|50|100|0|0|0&#8243; scroll_vertical_motion_phone=\u00bb0|50|50|100|0|0|0&#8243; scroll_vertical_motion_last_edited=\u00bbon|tablet\u00bb scroll_rotating_tablet=\u00bb0|50|50|100|0\u00b0|0\u00b0|0\u00b0\u00bb scroll_rotating_phone=\u00bb0|50|50|100|0\u00b0|0\u00b0|0\u00b0\u00bb scroll_rotating_last_edited=\u00bbon|tablet\u00bb border_width_all=\u00bb20px\u00bb border_color_all=\u00bb#FFFFFF\u00bb border_width_bottom=\u00bb80px\u00bb box_shadow_style=\u00bbpreset1&#8243; box_shadow_blur=\u00bb80px\u00bb box_shadow_color=\u00bbrgba(0,0,0,0.1)\u00bb locked=\u00bboff\u00bb global_colors_info=\u00bb{}\u00bb][\/et_pb_image][\/et_pb_column][\/et_pb_row][et_pb_row column_structure=\u00bb1_2,1_2&#8243; _builder_version=\u00bb4.16&#8243; _module_preset=\u00bbdefault\u00bb global_colors_info=\u00bb{}\u00bb][et_pb_column type=\u00bb1_2&#8243; _builder_version=\u00bb4.16&#8243; _module_preset=\u00bbdefault\u00bb global_colors_info=\u00bb{}\u00bb][et_pb_image src=\u00bbhttp:\/\/dcv.artcom.mx\/pda\/1220618\/wp-content\/uploads\/sites\/42\/2023\/05\/portafolio-musa.jpg\u00bb title_text=\u00bbportafolio-musa\u00bb _builder_version=\u00bb4.24.2&#8243; _module_preset=\u00bbdefault\u00bb transform_scale=\u00bb176%|176%\u00bb max_width=\u00bb40%\u00bb max_width_tablet=\u00bb100%\u00bb max_width_phone=\u00bb100%\u00bb max_width_last_edited=\u00bbon|tablet\u00bb module_alignment=\u00bbcenter\u00bb custom_margin=\u00bb50px||||false|false\u00bb custom_margin_tablet=\u00bb0px||||false|false\u00bb custom_margin_phone=\u00bb0px||||false|false\u00bb custom_margin_last_edited=\u00bbon|phone\u00bb scroll_vertical_motion_enable=\u00bbon\u00bb scroll_vertical_motion=\u00bb0|50|50|100|1|0|-1&#8243; scroll_rotating_enable=\u00bbon\u00bb scroll_rotating=\u00bb0|50|50|100|-10\u00b0|-20\u00b0|-30\u00b0\u00bb scroll_vertical_motion_tablet=\u00bb0|50|50|100|0|0|0&#8243; scroll_vertical_motion_phone=\u00bb0|50|50|100|0|0|0&#8243; scroll_vertical_motion_last_edited=\u00bbon|tablet\u00bb scroll_rotating_tablet=\u00bb0|50|50|100|0\u00b0|0\u00b0|0\u00b0\u00bb scroll_rotating_phone=\u00bb0|50|50|100|0\u00b0|0\u00b0|0\u00b0\u00bb scroll_rotating_last_edited=\u00bbon|tablet\u00bb border_width_all=\u00bb10px\u00bb border_color_all=\u00bb#FFFFFF\u00bb border_width_bottom=\u00bb40px\u00bb box_shadow_style=\u00bbpreset1&#8243; box_shadow_blur=\u00bb80px\u00bb box_shadow_color=\u00bbrgba(0,0,0,0.1)\u00bb locked=\u00bboff\u00bb global_colors_info=\u00bb{%22gcid-d116008b-ce49-46ea-9433-049c9562a0bc%22:%91%22box_shadow_color%22%93}\u00bb][\/et_pb_image][\/et_pb_column][et_pb_column type=\u00bb1_2&#8243; _builder_version=\u00bb4.16&#8243; _module_preset=\u00bbdefault\u00bb global_colors_info=\u00bb{}\u00bb][et_pb_image src=\u00bbhttp:\/\/dcv.artcom.mx\/pda\/1220618\/wp-content\/uploads\/sites\/42\/2025\/05\/si-logo-2_-scaled.jpg\u00bb title_text=\u00bbtennis \u00bb _builder_version=\u00bb4.24.2&#8243; _module_preset=\u00bbdefault\u00bb transform_scale=\u00bb116%|116%\u00bb transform_translate=\u00bb59px|0px\u00bb transform_translate_linked=\u00bboff\u00bb max_width=\u00bb60%\u00bb max_width_tablet=\u00bb100%\u00bb max_width_phone=\u00bb100%\u00bb max_width_last_edited=\u00bbon|desktop\u00bb scroll_vertical_motion_enable=\u00bbon\u00bb scroll_vertical_motion=\u00bb0|50|50|100|1.5|0|-1.5&#8243; scroll_rotating_enable=\u00bbon\u00bb scroll_rotating=\u00bb0|50|50|100|10\u00b0|20\u00b0|30\u00b0\u00bb scroll_vertical_motion_tablet=\u00bb0|50|50|100|0|0|0&#8243; scroll_vertical_motion_phone=\u00bb0|50|50|100|0|0|0&#8243; scroll_vertical_motion_last_edited=\u00bbon|desktop\u00bb scroll_rotating_tablet=\u00bb0|50|50|100|0\u00b0|0\u00b0|0\u00b0\u00bb scroll_rotating_phone=\u00bb0|50|50|100|0\u00b0|0\u00b0|0\u00b0\u00bb scroll_rotating_last_edited=\u00bbon|tablet\u00bb border_width_all=\u00bb14px\u00bb border_color_all=\u00bb#FFFFFF\u00bb border_width_bottom=\u00bb60px\u00bb box_shadow_style=\u00bbpreset1&#8243; box_shadow_blur=\u00bb80px\u00bb box_shadow_color=\u00bbrgba(0,0,0,0.1)\u00bb locked=\u00bboff\u00bb global_colors_info=\u00bb{%22gcid-d116008b-ce49-46ea-9433-049c9562a0bc%22:%91%22box_shadow_color%22%93}\u00bb][\/et_pb_image][\/et_pb_column][\/et_pb_row][et_pb_row column_structure=\u00bb1_3,1_3,1_3&#8243; _builder_version=\u00bb4.16&#8243; _module_preset=\u00bbdefault\u00bb global_colors_info=\u00bb{}\u00bb][et_pb_column type=\u00bb1_3&#8243; _builder_version=\u00bb4.16&#8243; _module_preset=\u00bbdefault\u00bb global_colors_info=\u00bb{}\u00bb][et_pb_image src=\u00bbhttp:\/\/dcv.artcom.mx\/pda\/1220618\/wp-content\/uploads\/sites\/42\/2025\/05\/R7A3929.jpg\u00bb title_text=\u00bb_R7A3929&#8243; _builder_version=\u00bb4.24.2&#8243; _module_preset=\u00bbdefault\u00bb transform_scale=\u00bb176%|176%\u00bb max_width=\u00bb40%\u00bb max_width_tablet=\u00bb100%\u00bb max_width_phone=\u00bb100%\u00bb max_width_last_edited=\u00bbon|tablet\u00bb module_alignment=\u00bbcenter\u00bb custom_margin=\u00bb50px||||false|false\u00bb custom_margin_tablet=\u00bb0px||||false|false\u00bb custom_margin_phone=\u00bb0px||||false|false\u00bb custom_margin_last_edited=\u00bbon|phone\u00bb scroll_vertical_motion_enable=\u00bbon\u00bb scroll_vertical_motion=\u00bb0|50|50|100|1|0|-1&#8243; scroll_rotating_enable=\u00bbon\u00bb scroll_rotating=\u00bb0|50|50|100|-10\u00b0|-20\u00b0|-30\u00b0\u00bb scroll_vertical_motion_tablet=\u00bb0|50|50|100|0|0|0&#8243; scroll_vertical_motion_phone=\u00bb0|50|50|100|0|0|0&#8243; scroll_vertical_motion_last_edited=\u00bbon|tablet\u00bb scroll_rotating_tablet=\u00bb0|50|50|100|0\u00b0|0\u00b0|0\u00b0\u00bb scroll_rotating_phone=\u00bb0|50|50|100|0\u00b0|0\u00b0|0\u00b0\u00bb scroll_rotating_last_edited=\u00bbon|tablet\u00bb border_width_all=\u00bb10px\u00bb border_color_all=\u00bb#FFFFFF\u00bb border_width_bottom=\u00bb40px\u00bb box_shadow_style=\u00bbpreset1&#8243; box_shadow_blur=\u00bb80px\u00bb box_shadow_color=\u00bbrgba(0,0,0,0.1)\u00bb locked=\u00bboff\u00bb global_colors_info=\u00bb{%22gcid-d116008b-ce49-46ea-9433-049c9562a0bc%22:%91%22box_shadow_color%22%93}\u00bb][\/et_pb_image][\/et_pb_column][et_pb_column type=\u00bb1_3&#8243; _builder_version=\u00bb4.24.2&#8243; _module_preset=\u00bbdefault\u00bb global_colors_info=\u00bb{}\u00bb][et_pb_image src=\u00bbhttp:\/\/dcv.artcom.mx\/pda\/1220618\/wp-content\/uploads\/sites\/42\/2025\/05\/DIAR1622.jpg\u00bb title_text=\u00bbDIAR1622&#8243; _builder_version=\u00bb4.24.2&#8243; _module_preset=\u00bbdefault\u00bb transform_translate=\u00bb0px|-78px\u00bb transform_translate_linked=\u00bboff\u00bb scroll_vertical_motion_enable=\u00bbon\u00bb scroll_vertical_motion=\u00bb0|50|50|100|1|0|-1&#8243; scroll_rotating_enable=\u00bbon\u00bb scroll_rotating=\u00bb0|50|50|100|5\u00b0|10\u00b0|15\u00b0\u00bb scroll_vertical_motion_tablet=\u00bb0|50|50|100|0|0|0&#8243; scroll_vertical_motion_phone=\u00bb0|50|50|100|0|0|0&#8243; scroll_vertical_motion_last_edited=\u00bbon|tablet\u00bb scroll_rotating_tablet=\u00bb0|50|50|100|0\u00b0|0\u00b0|0\u00b0\u00bb scroll_rotating_phone=\u00bb0|50|50|100|0\u00b0|0\u00b0|0\u00b0\u00bb scroll_rotating_last_edited=\u00bbon|tablet\u00bb border_width_all=\u00bb20px\u00bb border_color_all=\u00bb#FFFFFF\u00bb border_width_bottom=\u00bb80px\u00bb box_shadow_style=\u00bbpreset1&#8243; box_shadow_blur=\u00bb80px\u00bb box_shadow_color=\u00bbrgba(0,0,0,0.1)\u00bb locked=\u00bboff\u00bb global_colors_info=\u00bb{}\u00bb][\/et_pb_image][\/et_pb_column][et_pb_column type=\u00bb1_3&#8243; _builder_version=\u00bb4.16&#8243; _module_preset=\u00bbdefault\u00bb global_colors_info=\u00bb{}\u00bb][et_pb_image src=\u00bbhttp:\/\/dcv.artcom.mx\/pda\/1220618\/wp-content\/uploads\/sites\/42\/2024\/04\/R7A9390.jpg\u00bb title_text=\u00bb_R7A9390&#8243; _builder_version=\u00bb4.24.2&#8243; _module_preset=\u00bbdefault\u00bb transform_scale=\u00bb116%|116%\u00bb transform_translate=\u00bb59px|0px\u00bb transform_translate_linked=\u00bboff\u00bb max_width=\u00bb60%\u00bb max_width_tablet=\u00bb100%\u00bb max_width_phone=\u00bb100%\u00bb max_width_last_edited=\u00bbon|desktop\u00bb scroll_vertical_motion_enable=\u00bbon\u00bb scroll_vertical_motion=\u00bb0|50|50|100|1.5|0|-1.5&#8243; scroll_rotating_enable=\u00bbon\u00bb scroll_rotating=\u00bb0|50|50|100|10\u00b0|20\u00b0|30\u00b0\u00bb scroll_vertical_motion_tablet=\u00bb0|50|50|100|0|0|0&#8243; scroll_vertical_motion_phone=\u00bb0|50|50|100|0|0|0&#8243; scroll_vertical_motion_last_edited=\u00bbon|desktop\u00bb scroll_rotating_tablet=\u00bb0|50|50|100|0\u00b0|0\u00b0|0\u00b0\u00bb scroll_rotating_phone=\u00bb0|50|50|100|0\u00b0|0\u00b0|0\u00b0\u00bb scroll_rotating_last_edited=\u00bbon|tablet\u00bb border_width_all=\u00bb14px\u00bb border_color_all=\u00bb#FFFFFF\u00bb border_width_bottom=\u00bb60px\u00bb box_shadow_style=\u00bbpreset1&#8243; box_shadow_blur=\u00bb80px\u00bb box_shadow_color=\u00bbrgba(0,0,0,0.1)\u00bb locked=\u00bboff\u00bb global_colors_info=\u00bb{%22gcid-d116008b-ce49-46ea-9433-049c9562a0bc%22:%91%22box_shadow_color%22%93}\u00bb][\/et_pb_image][\/et_pb_column][\/et_pb_row][\/et_pb_section][et_pb_section fb_built=\u00bb1&#8243; admin_label=\u00bbFooter\u00bb _builder_version=\u00bb4.16&#8243; _module_preset=\u00bbdefault\u00bb saved_tabs=\u00bball\u00bb locked=\u00bboff\u00bb global_colors_info=\u00bb{}\u00bb][\/et_pb_section]<\/p>\n","protected":false},"excerpt":{"rendered":"<p>\u00abCada creaci\u00f3n es una oportunidad para aprender sobre ti mismo y sobre el mundo que te rodea\u00bb &#8211; Rick RubinPORTAFOLIO &nbsp;\u2726\u00a0Bienvenida\/o a mi portafolio \u2726\u00a0\u00a0Dise\u00f1o, pienso, dudo, me caigo, vuelvo.Este portafolio no es perfecto, pero es real.Cada proyecto aqu\u00ed tiene una historia, un esfuerzo, y un pedazo de m\u00ed. Porque dise\u00f1ar, para m\u00ed, es aprender [&hellip;]<\/p>\n","protected":false},"author":44,"featured_media":0,"parent":0,"menu_order":0,"comment_status":"closed","ping_status":"closed","template":"","meta":{"_et_pb_use_builder":"on","_et_pb_old_content":"","_et_gb_content_width":"","inline_featured_image":false,"footnotes":""},"_links":{"self":[{"href":"https:\/\/dcv.artcom.mx\/pda\/1220618\/wp-json\/wp\/v2\/pages\/1391"}],"collection":[{"href":"https:\/\/dcv.artcom.mx\/pda\/1220618\/wp-json\/wp\/v2\/pages"}],"about":[{"href":"https:\/\/dcv.artcom.mx\/pda\/1220618\/wp-json\/wp\/v2\/types\/page"}],"author":[{"embeddable":true,"href":"https:\/\/dcv.artcom.mx\/pda\/1220618\/wp-json\/wp\/v2\/users\/44"}],"replies":[{"embeddable":true,"href":"https:\/\/dcv.artcom.mx\/pda\/1220618\/wp-json\/wp\/v2\/comments?post=1391"}],"version-history":[{"count":42,"href":"https:\/\/dcv.artcom.mx\/pda\/1220618\/wp-json\/wp\/v2\/pages\/1391\/revisions"}],"predecessor-version":[{"id":2135,"href":"https:\/\/dcv.artcom.mx\/pda\/1220618\/wp-json\/wp\/v2\/pages\/1391\/revisions\/2135"}],"wp:attachment":[{"href":"https:\/\/dcv.artcom.mx\/pda\/1220618\/wp-json\/wp\/v2\/media?parent=1391"}],"curies":[{"name":"wp","href":"https:\/\/api.w.org\/{rel}","templated":true}]}}