{"id":977,"date":"2025-05-11T18:26:17","date_gmt":"2025-05-11T18:26:17","guid":{"rendered":"https:\/\/dcv.artcom.mx\/pda\/1220497\/?page_id=977"},"modified":"2025-05-13T21:01:50","modified_gmt":"2025-05-13T21:01:50","slug":"evidencias-academicas","status":"publish","type":"page","link":"https:\/\/dcv.artcom.mx\/pda\/1220497\/evidencias-academicas\/","title":{"rendered":"3. Proyectos acad\u00e9micos"},"content":{"rendered":"<p>[et_pb_section fb_built=\u00bb1&#8243; _builder_version=\u00bb4.24.2&#8243; _module_preset=\u00bbdefault\u00bb background_image=\u00bbhttp:\/\/dcv.artcom.mx\/pda\/1220497\/wp-content\/uploads\/sites\/47\/2025\/05\/pyacademicos.png\u00bb custom_padding=\u00bb122px|||||\u00bb global_colors_info=\u00bb{}\u00bb][\/et_pb_section][et_pb_section fb_built=\u00bb1&#8243; _builder_version=\u00bb4.24.2&#8243; _module_preset=\u00bbdefault\u00bb custom_padding=\u00bb32px||38px|||\u00bb global_colors_info=\u00bb{}\u00bb][et_pb_row _builder_version=\u00bb4.24.2&#8243; _module_preset=\u00bbdefault\u00bb global_colors_info=\u00bb{}\u00bb][et_pb_column type=\u00bb4_4&#8243; _builder_version=\u00bb4.24.2&#8243; _module_preset=\u00bbdefault\u00bb global_colors_info=\u00bb{}\u00bb][et_pb_heading title=\u00bb3er a\u00f1o\u00bb _builder_version=\u00bb4.24.2&#8243; _module_preset=\u00bbdefault\u00bb title_font=\u00bb|700|||||||\u00bb title_text_color=\u00bb#ffeea4&#8243; title_font_size=\u00bb40px\u00bb custom_margin=\u00bb||6px|||\u00bb global_colors_info=\u00bb{}\u00bb][\/et_pb_heading][et_pb_text _builder_version=\u00bb4.24.2&#8243; _module_preset=\u00bbdefault\u00bb text_font=\u00bbPoppins|300|||||||\u00bb text_text_color=\u00bb#5e5e5e\u00bb text_font_size=\u00bb15px\u00bb global_colors_info=\u00bb{}\u00bb]<\/p>\n<p data-start=\"197\" data-end=\"696\" class=\"\">En esta secci\u00f3n encontrar\u00e1s una selecci\u00f3n de proyectos que he desarrollado durante mi tercer a\u00f1o de carrera. Cada uno representa un reto diferente, donde he podido aplicar lo que he aprendido, experimentar con nuevas herramientas y seguir definiendo mi estilo como dise\u00f1adora. Algunos fueron parte de clases espec\u00edficas, otros nacieron de ideas personales que llev\u00e9 al aula. Lo que tienen en com\u00fan es que todos reflejan mi crecimiento, mis intereses y las \u00e1reas del dise\u00f1o que m\u00e1s disfruto explorar.<\/p>\n<p>[\/et_pb_text][\/et_pb_column][\/et_pb_row][\/et_pb_section][et_pb_section fb_built=\u00bb1&#8243; _builder_version=\u00bb4.24.2&#8243; _module_preset=\u00bbdefault\u00bb background_image=\u00bbhttp:\/\/dcv.artcom.mx\/pda\/1220497\/wp-content\/uploads\/sites\/47\/2025\/05\/degradado.png\u00bb box_shadow_style=\u00bbpreset1&#8243; global_colors_info=\u00bb{}\u00bb][et_pb_row _builder_version=\u00bb4.24.2&#8243; _module_preset=\u00bbdefault\u00bb global_colors_info=\u00bb{}\u00bb][et_pb_column type=\u00bb4_4&#8243; _builder_version=\u00bb4.24.2&#8243; _module_preset=\u00bbdefault\u00bb global_colors_info=\u00bb{}\u00bb][et_pb_heading title=\u00bb5to Semestre\u00bb _builder_version=\u00bb4.24.2&#8243; _module_preset=\u00bbdefault\u00bb title_font=\u00bb|800|||||||\u00bb title_text_align=\u00bbcenter\u00bb title_text_color=\u00bb#ffffff\u00bb title_font_size=\u00bb46px\u00bb title_text_shadow_style=\u00bbpreset3&#8243; global_colors_info=\u00bb{}\u00bb][\/et_pb_heading][et_pb_slider _builder_version=\u00bb4.24.2&#8243; _module_preset=\u00bbdefault\u00bb header_text_color=\u00bb#F23039&#8243; body_text_color=\u00bb#F23039&#8243; body_font_size=\u00bb16px\u00bb background_enable_color=\u00bboff\u00bb width=\u00bb100%\u00bb max_width=\u00bb100%\u00bb module_alignment=\u00bbcenter\u00bb box_shadow_style=\u00bbpreset1&#8243; locked=\u00bboff\u00bb global_colors_info=\u00bb{}\u00bb][et_pb_slide heading=\u00bbMerry Christmas &#8211; J&#8217;dore\u00bb image=\u00bbhttp:\/\/dcv.artcom.mx\/pda\/1220497\/wp-content\/uploads\/sites\/47\/2025\/02\/3-scaled.jpg\u00bb _builder_version=\u00bb4.24.2&#8243; _module_preset=\u00bbdefault\u00bb header_font=\u00bb|700|||||||\u00bb header_text_color=\u00bb#243086&#8243; body_font=\u00bbPoppins|300|||||||\u00bb body_text_color=\u00bb#000000&#8243; background_color=\u00bbrgba(255,255,255,0.6)\u00bb background_enable_color=\u00bbon\u00bb text_orientation=\u00bbleft\u00bb locked=\u00bboff\u00bb global_colors_info=\u00bb{}\u00bb sticky_transition=\u00bbon\u00bb]<\/p>\n<p style=\"text-align: left\"><strong><\/strong><\/p>\n<p style=\"text-align: left\"><b>Fotograf\u00eda Comercial<\/b><\/p>\n<p style=\"text-align: left\">Fotograf\u00eda publicitaria con concepto navide\u00f1o.<\/p>\n<p>[\/et_pb_slide][et_pb_slide heading=\u00bbLa Voz del Desiertp\u00bb image=\u00bbhttp:\/\/dcv.artcom.mx\/pda\/1220497\/wp-content\/uploads\/sites\/47\/2025\/02\/PRIMERA-PLANA.jpg\u00bb _builder_version=\u00bb4.24.2&#8243; _module_preset=\u00bbdefault\u00bb header_font=\u00bb|700|||||||\u00bb header_text_color=\u00bb#243086&#8243; body_font=\u00bbPoppins|300|||||||\u00bb body_text_color=\u00bb#000000&#8243; background_color=\u00bbrgba(255,255,255,0.6)\u00bb background_enable_color=\u00bbon\u00bb text_orientation=\u00bbleft\u00bb locked=\u00bboff\u00bb global_colors_info=\u00bb{}\u00bb sticky_transition=\u00bbon\u00bb]<\/p>\n<p style=\"text-align: left\"><strong><\/strong><\/p>\n<p style=\"text-align: left\"><b>Dise\u00f1o Editorial<\/b><\/p>\n<p style=\"text-align: left\">Redise\u00f1o de una primera plana de un perid\u00f3dico.<\/p>\n<p>[\/et_pb_slide][et_pb_slide heading=\u00bbFotograf\u00eda Sorpresa\u00bb image=\u00bbhttp:\/\/dcv.artcom.mx\/pda\/1220497\/wp-content\/uploads\/sites\/47\/2025\/03\/foto-sorpresa-scaled.jpeg\u00bb _builder_version=\u00bb4.24.2&#8243; _module_preset=\u00bbdefault\u00bb header_font=\u00bb|700|||||||\u00bb header_text_color=\u00bb#243086&#8243; body_font=\u00bbPoppins|300|||||||\u00bb body_text_color=\u00bb#000000&#8243; background_color=\u00bbrgba(255,255,255,0.6)\u00bb background_enable_color=\u00bbon\u00bb text_orientation=\u00bbleft\u00bb locked=\u00bboff\u00bb global_colors_info=\u00bb{}\u00bb sticky_transition=\u00bbon\u00bb]<\/p>\n<p style=\"text-align: left\"><strong><\/strong><\/p>\n<p style=\"text-align: left\"><b>Fotograf\u00eda Comercial<\/b><\/p>\n<p style=\"text-align: left\">Ejercicio de creatividad de fotograf\u00eda y edici\u00f3n.<\/p>\n<p>[\/et_pb_slide][et_pb_slide heading=\u00bbSistema de Orientaci\u00f3n: Expo Artcom\u00bb image=\u00bbhttp:\/\/dcv.artcom.mx\/pda\/1220497\/wp-content\/uploads\/sites\/47\/2025\/03\/Captura-de-pantalla-2025-03-24-a-las-9.53.45\u202fa.m.png\u00bb _builder_version=\u00bb4.24.2&#8243; _module_preset=\u00bbdefault\u00bb header_font=\u00bb|700|||||||\u00bb header_text_color=\u00bb#243086&#8243; body_font=\u00bbPoppins|300|||||||\u00bb body_text_color=\u00bb#000000&#8243; background_color=\u00bbrgba(255,255,255,0.6)\u00bb background_enable_color=\u00bbon\u00bb text_orientation=\u00bbleft\u00bb locked=\u00bboff\u00bb global_colors_info=\u00bb{}\u00bb sticky_transition=\u00bbon\u00bb]<\/p>\n<p style=\"text-align: left\"><strong><\/strong><\/p>\n<p style=\"text-align: left\"><b>Dise\u00f1o de Informaci\u00f3n Ambiental<\/b><\/p>\n<p style=\"text-align: left\">Redise\u00f1o de sistema de orientaci\u00f3n para la Expo Artcom<\/p>\n<p>[\/et_pb_slide][et_pb_slide heading=\u00bbEnlace Creativo\u00bb image=\u00bbhttp:\/\/dcv.artcom.mx\/pda\/1220497\/wp-content\/uploads\/sites\/47\/2025\/03\/POST-1-14.png\u00bb _builder_version=\u00bb4.24.2&#8243; _module_preset=\u00bbdefault\u00bb header_font=\u00bb|700|||||||\u00bb header_text_color=\u00bb#243086&#8243; body_font=\u00bbPoppins|300|||||||\u00bb body_text_color=\u00bb#000000&#8243; background_color=\u00bbrgba(255,255,255,0.6)\u00bb background_enable_color=\u00bbon\u00bb text_orientation=\u00bbleft\u00bb locked=\u00bboff\u00bb global_colors_info=\u00bb{}\u00bb sticky_transition=\u00bbon\u00bb]<\/p>\n<p style=\"text-align: left\"><strong><\/strong><\/p>\n<p style=\"text-align: left\"><b>Publicidad<\/b><\/p>\n<p style=\"text-align: left\">Identidad, publicidad y dise\u00f1o completo de la Expo Artcom 2024-2025<\/p>\n<p>[\/et_pb_slide][et_pb_slide heading=\u00bbcomunicacion.um\u00bb image=\u00bbhttp:\/\/dcv.artcom.mx\/pda\/1220497\/wp-content\/uploads\/sites\/47\/2025\/03\/IMG_0875.jpg\u00bb _builder_version=\u00bb4.24.2&#8243; _module_preset=\u00bbdefault\u00bb header_font=\u00bb|700|||||||\u00bb header_text_color=\u00bb#243086&#8243; body_font=\u00bbPoppins|300|||||||\u00bb body_text_color=\u00bb#000000&#8243; background_color=\u00bbrgba(255,255,255,0.6)\u00bb background_enable_color=\u00bbon\u00bb text_orientation=\u00bbleft\u00bb locked=\u00bboff\u00bb global_colors_info=\u00bb{}\u00bb sticky_transition=\u00bbon\u00bb]<\/p>\n<p style=\"text-align: left\"><strong><\/strong><\/p>\n<p style=\"text-align: left\"><b>Publicidad<\/b><\/p>\n<p style=\"text-align: left\">Manejamos las cuentas de redes sociales de la carrera de comunicaci\u00f3n y medios.<\/p>\n<p>[\/et_pb_slide][et_pb_slide heading=\u00bbFotograf\u00eda de Estudio\u00bb image=\u00bbhttp:\/\/dcv.artcom.mx\/pda\/1220497\/wp-content\/uploads\/sites\/47\/2025\/03\/Key-fill-and-hair-light.jpeg\u00bb _builder_version=\u00bb4.24.2&#8243; _module_preset=\u00bbdefault\u00bb header_font=\u00bb|700|||||||\u00bb header_text_color=\u00bb#243086&#8243; body_font=\u00bbPoppins|300|||||||\u00bb body_text_color=\u00bb#000000&#8243; background_color=\u00bbrgba(255,255,255,0.6)\u00bb background_enable_color=\u00bbon\u00bb text_orientation=\u00bbleft\u00bb locked=\u00bboff\u00bb global_colors_info=\u00bb{}\u00bb sticky_transition=\u00bbon\u00bb]<\/p>\n<p style=\"text-align: left\"><strong><\/strong><\/p>\n<p style=\"text-align: left\"><b>Fotograf\u00eda Comercial<\/b><\/p>\n<p style=\"text-align: left\">Ejercicio de luces y retratos en estudio.<\/p>\n<p>[\/et_pb_slide][\/et_pb_slider][\/et_pb_column][\/et_pb_row][\/et_pb_section][et_pb_section fb_built=\u00bb1&#8243; _builder_version=\u00bb4.24.2&#8243; _module_preset=\u00bbdefault\u00bb global_colors_info=\u00bb{}\u00bb][et_pb_row _builder_version=\u00bb4.24.2&#8243; _module_preset=\u00bbdefault\u00bb global_colors_info=\u00bb{}\u00bb][et_pb_column type=\u00bb4_4&#8243; _builder_version=\u00bb4.24.2&#8243; _module_preset=\u00bbdefault\u00bb global_colors_info=\u00bb{}\u00bb][et_pb_text _builder_version=\u00bb4.24.2&#8243; _module_preset=\u00bbdefault\u00bb text_font=\u00bbPoppins|300|||||||\u00bb global_colors_info=\u00bb{}\u00bb]<\/p>\n<p data-start=\"144\" data-end=\"626\" class=\"\">Durante este a\u00f1o he tenido la oportunidad de trabajar en proyectos m\u00e1s complejos y completos, lo que me ha ayudado a desarrollar tanto mi parte creativa como t\u00e9cnica. He aprendido a organizar mejor mis ideas, a tomar decisiones de dise\u00f1o con m\u00e1s intenci\u00f3n y a pulir los detalles que marcan la diferencia. Cada proyecto ha sido una oportunidad para experimentar, equivocarme y aprender algo nuevo. Sin duda, este a\u00f1o ha sido clave para descubrir lo que me apasiona dentro del dise\u00f1o.<\/p>\n<p>[\/et_pb_text][\/et_pb_column][\/et_pb_row][\/et_pb_section][et_pb_section fb_built=\u00bb1&#8243; _builder_version=\u00bb4.24.2&#8243; _module_preset=\u00bbdefault\u00bb background_image=\u00bbhttp:\/\/dcv.artcom.mx\/pda\/1220497\/wp-content\/uploads\/sites\/47\/2025\/05\/degradado.png\u00bb box_shadow_style=\u00bbpreset1&#8243; locked=\u00bboff\u00bb global_colors_info=\u00bb{}\u00bb][et_pb_row _builder_version=\u00bb4.24.2&#8243; _module_preset=\u00bbdefault\u00bb global_colors_info=\u00bb{}\u00bb][et_pb_column type=\u00bb4_4&#8243; _builder_version=\u00bb4.24.2&#8243; _module_preset=\u00bbdefault\u00bb global_colors_info=\u00bb{}\u00bb][et_pb_heading title=\u00bb6to Semestre\u00bb _builder_version=\u00bb4.24.2&#8243; _module_preset=\u00bbdefault\u00bb title_font=\u00bb|800|||||||\u00bb title_text_align=\u00bbcenter\u00bb title_text_color=\u00bb#ffffff\u00bb title_font_size=\u00bb46px\u00bb hover_enabled=\u00bb0&#8243; title_text_shadow_style=\u00bbpreset3&#8243; global_colors_info=\u00bb{}\u00bb sticky_enabled=\u00bb0&#8243;][\/et_pb_heading][et_pb_slider _builder_version=\u00bb4.24.2&#8243; _module_preset=\u00bbdefault\u00bb header_text_color=\u00bb#F23039&#8243; body_text_color=\u00bb#F23039&#8243; body_font_size=\u00bb16px\u00bb background_enable_color=\u00bboff\u00bb width=\u00bb100%\u00bb max_width=\u00bb100%\u00bb module_alignment=\u00bbcenter\u00bb box_shadow_style=\u00bbpreset1&#8243; locked=\u00bboff\u00bb global_colors_info=\u00bb{}\u00bb][et_pb_slide heading=\u00bbCris\u00e1lida\u00bb image=\u00bbhttp:\/\/dcv.artcom.mx\/pda\/1220497\/wp-content\/uploads\/sites\/47\/2025\/05\/4.jpg\u00bb _builder_version=\u00bb4.24.2&#8243; _module_preset=\u00bbdefault\u00bb header_font=\u00bb|700|||||||\u00bb header_text_color=\u00bb#243086&#8243; body_font=\u00bbPoppins|300|||||||\u00bb body_text_color=\u00bb#000000&#8243; background_color=\u00bbrgba(255,255,255,0.6)\u00bb background_enable_color=\u00bbon\u00bb text_orientation=\u00bbleft\u00bb locked=\u00bboff\u00bb global_colors_info=\u00bb{}\u00bb sticky_transition=\u00bbon\u00bb]<\/p>\n<p style=\"text-align: left\"><strong><\/strong><\/p>\n<p style=\"text-align: left\"><b>Gesti\u00f3n Profesional<\/b><\/p>\n<p style=\"text-align: left\">Planeaci\u00f3n y supervisi\u00f3n de la semana de la creatividad 2025.<\/p>\n<p>[\/et_pb_slide][et_pb_slide heading=\u00bbBooth 30 Aniversario DCV\u00bb image=\u00bbhttp:\/\/dcv.artcom.mx\/pda\/1220497\/wp-content\/uploads\/sites\/47\/2025\/05\/booth30aniv2-scaled.jpg\u00bb _builder_version=\u00bb4.24.2&#8243; _module_preset=\u00bbdefault\u00bb header_font=\u00bb|700|||||||\u00bb header_text_color=\u00bb#243086&#8243; body_font=\u00bbPoppins|300|||||||\u00bb body_text_color=\u00bb#000000&#8243; background_color=\u00bbrgba(255,255,255,0.6)\u00bb background_enable_color=\u00bbon\u00bb text_orientation=\u00bbleft\u00bb locked=\u00bboff\u00bb global_colors_info=\u00bb{}\u00bb sticky_transition=\u00bbon\u00bb]<\/p>\n<p style=\"text-align: left\"><strong><\/strong><\/p>\n<p style=\"text-align: left\"><b>Dise\u00f1o Gr\u00e1fico Tridimensional<\/b><\/p>\n<p style=\"text-align: left\">Propuesta virtual de booth para el 30 aniversario de DCV.<\/p>\n<p>[\/et_pb_slide][et_pb_slide heading=\u00bb3D Jellyfish\u00bb image=\u00bbhttp:\/\/dcv.artcom.mx\/pda\/1220497\/wp-content\/uploads\/sites\/47\/2025\/05\/untitled.png\u00bb _builder_version=\u00bb4.24.2&#8243; _module_preset=\u00bbdefault\u00bb header_font=\u00bb|700|||||||\u00bb header_text_color=\u00bb#243086&#8243; body_font=\u00bbPoppins|300|||||||\u00bb body_text_color=\u00bb#000000&#8243; background_color=\u00bbrgba(255,255,255,0.6)\u00bb background_enable_color=\u00bbon\u00bb text_orientation=\u00bbleft\u00bb locked=\u00bboff\u00bb global_colors_info=\u00bb{}\u00bb sticky_transition=\u00bbon\u00bb]<\/p>\n<p style=\"text-align: left\"><strong><\/strong><\/p>\n<p style=\"text-align: left\"><b>Dise\u00f1o Gr\u00e1fico Tridimensional<\/b><\/p>\n<p style=\"text-align: left\">Rompecabezas modular de MDF Tridimensional<\/p>\n<p>[\/et_pb_slide][et_pb_slide heading=\u00bbEl Santuario\u00bb image=\u00bbhttp:\/\/dcv.artcom.mx\/pda\/1220497\/wp-content\/uploads\/sites\/47\/2025\/05\/IMG_1497-scaled.jpg\u00bb _builder_version=\u00bb4.24.2&#8243; _module_preset=\u00bbdefault\u00bb header_font=\u00bb|700|||||||\u00bb header_text_color=\u00bb#243086&#8243; body_font=\u00bbPoppins|300|||||||\u00bb body_text_color=\u00bb#000000&#8243; background_color=\u00bbrgba(255,255,255,0.6)\u00bb background_enable_color=\u00bbon\u00bb text_orientation=\u00bbleft\u00bb locked=\u00bboff\u00bb global_colors_info=\u00bb{}\u00bb sticky_transition=\u00bbon\u00bb]<\/p>\n<p style=\"text-align: left\"><strong><\/strong><\/p>\n<p style=\"text-align: left\"><b>Dise\u00f1o Gr\u00e1fico Tridimensional<\/b><\/p>\n<p style=\"text-align: left\">Representaci\u00f3n del santruario en 3D con t\u00e9cnicas de papel plegado<\/p>\n<p>[\/et_pb_slide][et_pb_slide heading=\u00bb30 Aniversario DCV\u00bb image=\u00bbhttp:\/\/dcv.artcom.mx\/pda\/1220497\/wp-content\/uploads\/sites\/47\/2025\/05\/branding-scaled.jpg\u00bb _builder_version=\u00bb4.24.2&#8243; _module_preset=\u00bbdefault\u00bb header_font=\u00bb|700|||||||\u00bb header_text_color=\u00bb#243086&#8243; body_font=\u00bbPoppins|300|||||||\u00bb body_text_color=\u00bb#000000&#8243; background_color=\u00bbrgba(255,255,255,0.6)\u00bb background_enable_color=\u00bbon\u00bb text_orientation=\u00bbleft\u00bb locked=\u00bboff\u00bb global_colors_info=\u00bb{}\u00bb sticky_transition=\u00bbon\u00bb]<\/p>\n<p style=\"text-align: left\"><strong><\/strong><\/p>\n<p style=\"text-align: left\"><b>Branding<\/b><\/p>\n<p style=\"text-align: left\">Propuesta de identidad y de branding para el 30 aniversario de la carrera de Dise\u00f1o<\/p>\n<p>[\/et_pb_slide][et_pb_slide heading=\u00bbThrowback 2013&#8243; image=\u00bbhttp:\/\/dcv.artcom.mx\/pda\/1220497\/wp-content\/uploads\/sites\/47\/2025\/05\/MAGAZINE-1D-scaled.jpg\u00bb _builder_version=\u00bb4.24.2&#8243; _module_preset=\u00bbdefault\u00bb header_font=\u00bb|700|||||||\u00bb header_text_color=\u00bb#243086&#8243; body_font=\u00bbPoppins|300|||||||\u00bb body_text_color=\u00bb#000000&#8243; background_color=\u00bbrgba(255,255,255,0.6)\u00bb background_enable_color=\u00bbon\u00bb text_orientation=\u00bbleft\u00bb locked=\u00bboff\u00bb global_colors_info=\u00bb{}\u00bb sticky_transition=\u00bbon\u00bb]<\/p>\n<p style=\"text-align: left\"><strong><\/strong><\/p>\n<p style=\"text-align: left\"><b>Dise\u00f1o Contempor\u00e1neo<\/b><\/p>\n<p style=\"text-align: left\">Portada de revista inspirada en las tendencias de dise\u00f1o gr\u00e1fico del a\u00f1o 2013 (overlapping y maximalismo)<\/p>\n<p>[\/et_pb_slide][et_pb_slide heading=\u00bbBauhaus Bl\u00f6cke\u00bb image=\u00bbhttp:\/\/dcv.artcom.mx\/pda\/1220497\/wp-content\/uploads\/sites\/47\/2025\/05\/bauhaus-scaled.jpeg\u00bb _builder_version=\u00bb4.24.2&#8243; _module_preset=\u00bbdefault\u00bb header_font=\u00bb|700|||||||\u00bb header_text_color=\u00bb#243086&#8243; body_font=\u00bbPoppins|300|||||||\u00bb body_text_color=\u00bb#000000&#8243; background_color=\u00bbrgba(255,255,255,0.6)\u00bb background_enable_color=\u00bbon\u00bb text_orientation=\u00bbleft\u00bb locked=\u00bboff\u00bb global_colors_info=\u00bb{}\u00bb sticky_transition=\u00bbon\u00bb]<\/p>\n<p style=\"text-align: left\"><strong><\/strong><\/p>\n<p style=\"text-align: left\"><b>Dise\u00f1o Contempor\u00e1neo<\/b><\/p>\n<p style=\"text-align: left\">Rompecabezas modular de cubos de madera con obras bauhaus reinterpretadas<\/p>\n<p>[\/et_pb_slide][et_pb_slide heading=\u00bbChocolates\u00bb image=\u00bbhttp:\/\/dcv.artcom.mx\/pda\/1220497\/wp-content\/uploads\/sites\/47\/2025\/05\/IMG_1500-scaled.jpg\u00bb _builder_version=\u00bb4.24.2&#8243; _module_preset=\u00bbdefault\u00bb header_font=\u00bb|700|||||||\u00bb header_text_color=\u00bb#243086&#8243; body_font=\u00bbPoppins|300|||||||\u00bb body_text_color=\u00bb#000000&#8243; background_color=\u00bbrgba(255,255,255,0.6)\u00bb background_enable_color=\u00bbon\u00bb text_orientation=\u00bbleft\u00bb locked=\u00bboff\u00bb global_colors_info=\u00bb{}\u00bb sticky_transition=\u00bbon\u00bb]<\/p>\n<p style=\"text-align: left\"><strong><\/strong><\/p>\n<p style=\"text-align: left\"><b>Dise\u00f1o Gr\u00e1fico Tridimensional<\/b><\/p>\n<p style=\"text-align: left\">Chocolates hechos con moldes hechos a partir de figuras modeladas en 3D<\/p>\n<p>[\/et_pb_slide][\/et_pb_slider][\/et_pb_column][\/et_pb_row][\/et_pb_section][et_pb_section fb_built=\u00bb1&#8243; _builder_version=\u00bb4.24.2&#8243; _module_preset=\u00bbdefault\u00bb custom_padding=\u00bb||0px|||\u00bb locked=\u00bboff\u00bb global_colors_info=\u00bb{}\u00bb][\/et_pb_section]<\/p>\n","protected":false},"excerpt":{"rendered":"<p>En esta secci\u00f3n encontrar\u00e1s una selecci\u00f3n de proyectos que he desarrollado durante mi tercer a\u00f1o de carrera. Cada uno representa un reto diferente, donde he podido aplicar lo que he aprendido, experimentar con nuevas herramientas y seguir definiendo mi estilo como dise\u00f1adora. Algunos fueron parte de clases espec\u00edficas, otros nacieron de ideas personales que llev\u00e9 [&hellip;]<\/p>\n","protected":false},"author":50,"featured_media":0,"parent":0,"menu_order":0,"comment_status":"closed","ping_status":"closed","template":"","meta":{"_et_pb_use_builder":"on","_et_pb_old_content":"","_et_gb_content_width":"","inline_featured_image":false,"footnotes":""},"_links":{"self":[{"href":"https:\/\/dcv.artcom.mx\/pda\/1220497\/wp-json\/wp\/v2\/pages\/977"}],"collection":[{"href":"https:\/\/dcv.artcom.mx\/pda\/1220497\/wp-json\/wp\/v2\/pages"}],"about":[{"href":"https:\/\/dcv.artcom.mx\/pda\/1220497\/wp-json\/wp\/v2\/types\/page"}],"author":[{"embeddable":true,"href":"https:\/\/dcv.artcom.mx\/pda\/1220497\/wp-json\/wp\/v2\/users\/50"}],"replies":[{"embeddable":true,"href":"https:\/\/dcv.artcom.mx\/pda\/1220497\/wp-json\/wp\/v2\/comments?post=977"}],"version-history":[{"count":17,"href":"https:\/\/dcv.artcom.mx\/pda\/1220497\/wp-json\/wp\/v2\/pages\/977\/revisions"}],"predecessor-version":[{"id":1243,"href":"https:\/\/dcv.artcom.mx\/pda\/1220497\/wp-json\/wp\/v2\/pages\/977\/revisions\/1243"}],"wp:attachment":[{"href":"https:\/\/dcv.artcom.mx\/pda\/1220497\/wp-json\/wp\/v2\/media?parent=977"}],"curies":[{"name":"wp","href":"https:\/\/api.w.org\/{rel}","templated":true}]}}