{"id":9,"date":"2020-03-03T22:18:20","date_gmt":"2020-03-04T04:18:20","guid":{"rendered":"http:\/\/pdadcv.artcom.mx\/portafolio-demo\/?page_id=9"},"modified":"2025-05-13T17:34:30","modified_gmt":"2025-05-13T17:34:30","slug":"mi-ple","status":"publish","type":"page","link":"https:\/\/dcv.artcom.mx\/pda\/1220497\/mi-ple\/","title":{"rendered":"Mi PLE"},"content":{"rendered":"<p>[et_pb_section fb_built=\u00bb1&#8243; fullwidth=\u00bbon\u00bb _builder_version=\u00bb4.24.2&#8243; _module_preset=\u00bbdefault\u00bb background_image=\u00bbhttp:\/\/dcv.artcom.mx\/pda\/1220497\/wp-content\/uploads\/sites\/47\/2025\/05\/mipleheader-scaled.jpg\u00bb custom_padding=\u00bb190px||0px|||\u00bb global_colors_info=\u00bb{}\u00bb][\/et_pb_section][et_pb_section fb_built=\u00bb1&#8243; _builder_version=\u00bb4.24.2&#8243; _module_preset=\u00bbdefault\u00bb custom_padding=\u00bb59px||5px|||\u00bb global_colors_info=\u00bb{}\u00bb min_height=\u00bb700.6px\u00bb][et_pb_row _builder_version=\u00bb4.24.2&#8243; _module_preset=\u00bbdefault\u00bb global_colors_info=\u00bb{}\u00bb][et_pb_column type=\u00bb4_4&#8243; _builder_version=\u00bb4.24.2&#8243; _module_preset=\u00bbdefault\u00bb global_colors_info=\u00bb{}\u00bb][et_pb_heading title=\u00bbMentores digitales\u00bb _builder_version=\u00bb4.24.2&#8243; _module_preset=\u00bbdefault\u00bb title_font=\u00bbAbel|700|||||||\u00bb title_text_align=\u00bbcenter\u00bb title_text_color=\u00bb#6ca2d8&#8243; title_font_size=\u00bb61px\u00bb custom_margin=\u00bb0px|||||\u00bb locked=\u00bboff\u00bb global_colors_info=\u00bb{}\u00bb][\/et_pb_heading][\/et_pb_column][\/et_pb_row][et_pb_row column_structure=\u00bb1_4,1_4,1_4,1_4&#8243; _builder_version=\u00bb4.24.2&#8243; _module_preset=\u00bbdefault\u00bb custom_margin=\u00bb-10px|auto||auto||\u00bb global_colors_info=\u00bb{}\u00bb][et_pb_column type=\u00bb1_4&#8243; _builder_version=\u00bb4.24.2&#8243; _module_preset=\u00bbdefault\u00bb global_colors_info=\u00bb{}\u00bb][et_pb_slider use_bg_overlay=\u00bboff\u00bb use_text_overlay=\u00bboff\u00bb _builder_version=\u00bb4.24.2&#8243; _module_preset=\u00bbdefault\u00bb background_color=\u00bb#98B9DA\u00bb animation_style=\u00bbzoom\u00bb border_radii=\u00bbon|24px|24px|24px|24px\u00bb border_radii_image=\u00bbon|20px|20px|20px|20px\u00bb box_shadow_style=\u00bbpreset1&#8243; global_colors_info=\u00bb{}\u00bb][et_pb_slide heading=\u00bb@youaretypography\u00bb image=\u00bbhttp:\/\/dcv.artcom.mx\/pda\/1220497\/wp-content\/uploads\/sites\/47\/2025\/05\/IMG_1530.jpg\u00bb _builder_version=\u00bb4.24.2&#8243; _module_preset=\u00bbdefault\u00bb header_font=\u00bb|700|||||||\u00bb header_text_align=\u00bbcenter\u00bb header_font_size=\u00bb15px\u00bb body_font=\u00bbPoppins||||||||\u00bb body_font_size=\u00bb12px\u00bb background_color=\u00bb#98B9DA\u00bb background_enable_color=\u00bbon\u00bb width=\u00bb81%\u00bb max_width=\u00bb90%\u00bb custom_padding=\u00bb24px||24px|0px|false|false\u00bb border_radii_image=\u00bbon|24px|24px|24px|24px\u00bb border_color_all_image=\u00bb#ffffff\u00bb box_shadow_style_image=\u00bbpreset1&#8243; box_shadow_vertical_image=\u00bb10px\u00bb global_colors_info=\u00bb{}\u00bb sticky_transition=\u00bbon\u00bb]<\/p>\n<p>Esta cuenta de instagram hace carteles tipogr\u00e1ficos con distintas l\u00edneas de dise\u00f1o y me gusta entrar a ver qu\u00e9 hay en las tendencias cuando tengo alg\u00fan proyecto.<\/p>\n<p>[\/et_pb_slide][\/et_pb_slider][\/et_pb_column][et_pb_column type=\u00bb1_4&#8243; _builder_version=\u00bb4.24.2&#8243; _module_preset=\u00bbdefault\u00bb global_colors_info=\u00bb{}\u00bb][et_pb_slider use_bg_overlay=\u00bboff\u00bb use_text_overlay=\u00bboff\u00bb _builder_version=\u00bb4.24.2&#8243; _module_preset=\u00bbdefault\u00bb background_color=\u00bb#98B9DA\u00bb animation_style=\u00bbzoom\u00bb border_radii=\u00bbon|24px|24px|24px|24px\u00bb box_shadow_style=\u00bbpreset1&#8243; locked=\u00bboff\u00bb global_colors_info=\u00bb{}\u00bb][et_pb_slide heading=\u00bb@millie.illustrates\u00bb image=\u00bbhttp:\/\/dcv.artcom.mx\/pda\/1220497\/wp-content\/uploads\/sites\/47\/2025\/05\/IMG_1531.jpg\u00bb _builder_version=\u00bb4.24.2&#8243; _module_preset=\u00bbdefault\u00bb header_font=\u00bb|700|||||||\u00bb header_text_align=\u00bbcenter\u00bb header_font_size=\u00bb15px\u00bb body_font=\u00bbPoppins||||||||\u00bb body_font_size=\u00bb12px\u00bb background_color=\u00bb#98B9DA\u00bb background_enable_color=\u00bbon\u00bb width=\u00bb81%\u00bb max_width=\u00bb90%\u00bb custom_padding=\u00bb24px||24px|0px|false|false\u00bb border_radii_image=\u00bbon|24px|24px|24px|24px\u00bb border_color_all_image=\u00bb#ffffff\u00bb box_shadow_style_image=\u00bbpreset1&#8243; locked=\u00bboff\u00bb global_colors_info=\u00bb{}\u00bb sticky_transition=\u00bbon\u00bb]<\/p>\n<p>Millie es una de mis ilustradoras favoritas y lo que m\u00e1s me gusta es que tiene un estilo propio muy bien definido<\/p>\n<p>&nbsp;<\/p>\n<p>[\/et_pb_slide][\/et_pb_slider][\/et_pb_column][et_pb_column type=\u00bb1_4&#8243; _builder_version=\u00bb4.24.2&#8243; _module_preset=\u00bbdefault\u00bb global_colors_info=\u00bb{}\u00bb][et_pb_slider use_bg_overlay=\u00bboff\u00bb use_text_overlay=\u00bboff\u00bb _builder_version=\u00bb4.24.2&#8243; _module_preset=\u00bbdefault\u00bb background_color=\u00bb#98B9DA\u00bb animation_style=\u00bbzoom\u00bb border_radii=\u00bbon|24px|24px|24px|24px\u00bb box_shadow_style=\u00bbpreset1&#8243; locked=\u00bboff\u00bb global_colors_info=\u00bb{}\u00bb][et_pb_slide heading=\u00bb@chabacano.mx\u00bb image=\u00bbhttp:\/\/dcv.artcom.mx\/pda\/1220497\/wp-content\/uploads\/sites\/47\/2025\/05\/IMG_1532.jpg\u00bb _builder_version=\u00bb4.24.2&#8243; _module_preset=\u00bbdefault\u00bb header_font=\u00bb|700|||||||\u00bb header_text_align=\u00bbcenter\u00bb header_font_size=\u00bb15px\u00bb body_font=\u00bbPoppins||||||||\u00bb body_font_size=\u00bb12px\u00bb background_color=\u00bb#98B9DA\u00bb background_enable_color=\u00bbon\u00bb width=\u00bb81%\u00bb max_width=\u00bb90%\u00bb custom_padding=\u00bb24px||24px|0px|false|false\u00bb border_radii_image=\u00bbon|24px|24px|24px|24px\u00bb border_color_all_image=\u00bb#ffffff\u00bb box_shadow_style_image=\u00bbpreset1&#8243; locked=\u00bboff\u00bb global_colors_info=\u00bb{}\u00bb sticky_transition=\u00bbon\u00bb]<\/p>\n<p>Chabacano es una marca de joyer\u00eda mexicana y lo que m\u00e1s me gusta de ellos son sus campa\u00f1as de publicidad en redes sociales, y fue justo por medio de publicidad en meta que los conoc\u00ed<\/p>\n<p>[\/et_pb_slide][\/et_pb_slider][\/et_pb_column][et_pb_column type=\u00bb1_4&#8243; _builder_version=\u00bb4.24.2&#8243; _module_preset=\u00bbdefault\u00bb global_colors_info=\u00bb{}\u00bb][et_pb_slider use_bg_overlay=\u00bboff\u00bb use_text_overlay=\u00bboff\u00bb _builder_version=\u00bb4.24.2&#8243; _module_preset=\u00bbdefault\u00bb background_color=\u00bb#98B9DA\u00bb animation_style=\u00bbzoom\u00bb border_radii=\u00bbon|24px|24px|24px|24px\u00bb box_shadow_style=\u00bbpreset1&#8243; locked=\u00bboff\u00bb global_colors_info=\u00bb{}\u00bb][et_pb_slide heading=\u00bb@sofia.probert\u00bb image=\u00bbhttp:\/\/dcv.artcom.mx\/pda\/1220497\/wp-content\/uploads\/sites\/47\/2025\/05\/IMG_1533.jpg\u00bb _builder_version=\u00bb4.24.2&#8243; _module_preset=\u00bbdefault\u00bb header_font=\u00bb|700|||||||\u00bb header_text_align=\u00bbcenter\u00bb header_font_size=\u00bb15px\u00bb body_font=\u00bbPoppins||||||||\u00bb body_font_size=\u00bb12px\u00bb background_color=\u00bb#98B9DA\u00bb background_enable_color=\u00bbon\u00bb width=\u00bb81%\u00bb max_width=\u00bb90%\u00bb custom_padding=\u00bb24px||24px|0px|false|false\u00bb border_radii_image=\u00bbon|24px|24px|24px|24px\u00bb border_color_all_image=\u00bb#ffffff\u00bb box_shadow_style_image=\u00bbpreset1&#8243; locked=\u00bboff\u00bb global_colors_info=\u00bb{}\u00bb sticky_transition=\u00bbon\u00bb]<\/p>\n<p>Sof\u00eda es una bi\u00f3loga, activista y dibujante que a trav\u00e9s de instagram comparte posts con tem\u00e1ticas importantes pero me gusta que siempre lo hace por medio de la fotograf\u00eda y la ilustraci\u00f3n.<\/p>\n<p>[\/et_pb_slide][\/et_pb_slider][\/et_pb_column][\/et_pb_row][et_pb_row _builder_version=\u00bb4.24.2&#8243; _module_preset=\u00bbdefault\u00bb custom_padding=\u00bb||0px|||\u00bb global_colors_info=\u00bb{}\u00bb][et_pb_column type=\u00bb4_4&#8243; _builder_version=\u00bb4.24.2&#8243; _module_preset=\u00bbdefault\u00bb global_colors_info=\u00bb{}\u00bb][et_pb_divider color=\u00bb#ffeea4&#8243; divider_weight=\u00bb4px\u00bb _builder_version=\u00bb4.24.2&#8243; _module_preset=\u00bbdefault\u00bb global_colors_info=\u00bb{}\u00bb][\/et_pb_divider][\/et_pb_column][\/et_pb_row][\/et_pb_section][et_pb_section fb_built=\u00bb1&#8243; _builder_version=\u00bb4.24.2&#8243; _module_preset=\u00bbdefault\u00bb custom_padding=\u00bb32px||5px|||\u00bb global_colors_info=\u00bb{}\u00bb][et_pb_row _builder_version=\u00bb4.24.2&#8243; _module_preset=\u00bbdefault\u00bb custom_margin=\u00bb-24px|auto||auto||\u00bb global_colors_info=\u00bb{}\u00bb][et_pb_column type=\u00bb4_4&#8243; _builder_version=\u00bb4.24.2&#8243; _module_preset=\u00bbdefault\u00bb global_colors_info=\u00bb{}\u00bb][et_pb_heading title=\u00bbMi caja de herramientas\u00bb _builder_version=\u00bb4.24.2&#8243; _module_preset=\u00bbdefault\u00bb title_font=\u00bbAbel|700|||||||\u00bb title_text_align=\u00bbcenter\u00bb title_text_color=\u00bb#6ca2d8&#8243; title_font_size=\u00bb61px\u00bb custom_margin=\u00bb0px|||||\u00bb locked=\u00bboff\u00bb global_colors_info=\u00bb{}\u00bb][\/et_pb_heading][\/et_pb_column][\/et_pb_row][et_pb_row column_structure=\u00bb1_4,1_4,1_4,1_4&#8243; _builder_version=\u00bb4.24.2&#8243; _module_preset=\u00bbdefault\u00bb custom_margin=\u00bb-10px|auto||auto||\u00bb global_colors_info=\u00bb{}\u00bb][et_pb_column type=\u00bb1_4&#8243; _builder_version=\u00bb4.24.2&#8243; _module_preset=\u00bbdefault\u00bb global_colors_info=\u00bb{}\u00bb][et_pb_slider use_bg_overlay=\u00bboff\u00bb use_text_overlay=\u00bboff\u00bb _builder_version=\u00bb4.24.2&#8243; _module_preset=\u00bbdefault\u00bb background_color=\u00bb#98B9DA\u00bb animation_style=\u00bbzoom\u00bb border_radii=\u00bbon|24px|24px|24px|24px\u00bb border_radii_image=\u00bbon|20px|20px|20px|20px\u00bb box_shadow_style=\u00bbpreset1&#8243; global_colors_info=\u00bb{}\u00bb][et_pb_slide heading=\u00bbPinterest\u00bb image=\u00bbhttp:\/\/dcv.artcom.mx\/pda\/1220497\/wp-content\/uploads\/sites\/47\/2025\/05\/Captura-de-pantalla-2025-05-11-a-las-7.22.57\u202fp.m.png\u00bb _builder_version=\u00bb4.24.2&#8243; _module_preset=\u00bbdefault\u00bb header_font=\u00bb|700|||||||\u00bb header_text_align=\u00bbcenter\u00bb header_font_size=\u00bb15px\u00bb body_font=\u00bbPoppins||||||||\u00bb body_font_size=\u00bb12px\u00bb background_color=\u00bb#98B9DA\u00bb background_enable_color=\u00bbon\u00bb width=\u00bb81%\u00bb max_width=\u00bb90%\u00bb custom_padding=\u00bb24px||24px|0px|false|false\u00bb border_radii_image=\u00bbon|24px|24px|24px|24px\u00bb border_color_all_image=\u00bb#ffffff\u00bb box_shadow_style_image=\u00bbpreset1&#8243; box_shadow_vertical_image=\u00bb10px\u00bb global_colors_info=\u00bb{}\u00bb sticky_transition=\u00bbon\u00bb]<\/p>\n<p>A veces pierdo la cuenta de todas las ventanas de Pinterest que tengo abiertas. Pinterest no s\u00f3lo me es \u00fatil para el dise\u00f1o, sino en mi d\u00eda a d\u00eda y me encanta organizar todo en tableros y subtableros para cada proyecto.<\/p>\n<p>[\/et_pb_slide][\/et_pb_slider][\/et_pb_column][et_pb_column type=\u00bb1_4&#8243; _builder_version=\u00bb4.24.2&#8243; _module_preset=\u00bbdefault\u00bb global_colors_info=\u00bb{}\u00bb][et_pb_slider use_bg_overlay=\u00bboff\u00bb use_text_overlay=\u00bboff\u00bb _builder_version=\u00bb4.24.2&#8243; _module_preset=\u00bbdefault\u00bb background_color=\u00bb#98B9DA\u00bb custom_margin=\u00bb1px|||||\u00bb animation_style=\u00bbzoom\u00bb border_radii=\u00bbon|24px|24px|24px|24px\u00bb box_shadow_style=\u00bbpreset1&#8243; locked=\u00bboff\u00bb global_colors_info=\u00bb{}\u00bb][et_pb_slide heading=\u00bbAdobe Fonts\u00bb image=\u00bbhttp:\/\/dcv.artcom.mx\/pda\/1220497\/wp-content\/uploads\/sites\/47\/2025\/05\/Captura-de-pantalla-2025-05-11-a-las-9.23.02\u202fp.m.png\u00bb _builder_version=\u00bb4.24.2&#8243; _module_preset=\u00bbdefault\u00bb header_font=\u00bb|700|||||||\u00bb header_text_align=\u00bbcenter\u00bb header_font_size=\u00bb15px\u00bb body_font=\u00bbPoppins||||||||\u00bb body_font_size=\u00bb12px\u00bb background_color=\u00bb#98B9DA\u00bb background_enable_color=\u00bbon\u00bb width=\u00bb81%\u00bb max_width=\u00bb90%\u00bb custom_padding=\u00bb24px||24px|0px|false|false\u00bb border_radii_image=\u00bbon|24px|24px|24px|24px\u00bb border_color_all_image=\u00bb#ffffff\u00bb box_shadow_style_image=\u00bbpreset1&#8243; locked=\u00bboff\u00bb global_colors_info=\u00bb{}\u00bb sticky_transition=\u00bbon\u00bb]<\/p>\n<p>Una de mis partes favoritas de hacer alg\u00fan proyecto es escoger la tipograf\u00eda y siempre uso Adobe Fonts o Google Fonts para esta fase. En ocasiones entro simplemete por diversi\u00f3n a ver qu\u00e9 hay.<\/p>\n<p>[\/et_pb_slide][\/et_pb_slider][\/et_pb_column][et_pb_column type=\u00bb1_4&#8243; _builder_version=\u00bb4.24.2&#8243; _module_preset=\u00bbdefault\u00bb global_colors_info=\u00bb{}\u00bb][et_pb_slider use_bg_overlay=\u00bboff\u00bb use_text_overlay=\u00bboff\u00bb _builder_version=\u00bb4.24.2&#8243; _module_preset=\u00bbdefault\u00bb background_color=\u00bb#98B9DA\u00bb animation_style=\u00bbzoom\u00bb border_radii=\u00bbon|24px|24px|24px|24px\u00bb box_shadow_style=\u00bbpreset1&#8243; locked=\u00bboff\u00bb global_colors_info=\u00bb{}\u00bb][et_pb_slide heading=\u00bbInstagram\u00bb image=\u00bbhttp:\/\/dcv.artcom.mx\/pda\/1220497\/wp-content\/uploads\/sites\/47\/2025\/05\/jijijijiji.png\u00bb _builder_version=\u00bb4.24.2&#8243; _module_preset=\u00bbdefault\u00bb header_font=\u00bb|700|||||||\u00bb header_text_align=\u00bbcenter\u00bb header_font_size=\u00bb15px\u00bb body_font=\u00bbPoppins||||||||\u00bb body_font_size=\u00bb12px\u00bb background_color=\u00bb#98B9DA\u00bb background_enable_color=\u00bbon\u00bb width=\u00bb81%\u00bb max_width=\u00bb90%\u00bb custom_padding=\u00bb24px||24px|0px|false|false\u00bb border_radii_image=\u00bbon|24px|24px|24px|24px\u00bb border_color_all_image=\u00bb#ffffff\u00bb box_shadow_style_image=\u00bbpreset1&#8243; locked=\u00bboff\u00bb global_colors_info=\u00bb{}\u00bb sticky_transition=\u00bbon\u00bb]<\/p>\n<p>Muchas cosas las he aprendido por medio de Reels en Instagram y tambi\u00e9n me entero de las tendencias y nuevas ideas.<\/p>\n<p>[\/et_pb_slide][\/et_pb_slider][\/et_pb_column][et_pb_column type=\u00bb1_4&#8243; _builder_version=\u00bb4.24.2&#8243; _module_preset=\u00bbdefault\u00bb global_colors_info=\u00bb{}\u00bb][et_pb_slider use_bg_overlay=\u00bboff\u00bb use_text_overlay=\u00bboff\u00bb _builder_version=\u00bb4.24.2&#8243; _module_preset=\u00bbdefault\u00bb background_color=\u00bb#98B9DA\u00bb animation_style=\u00bbzoom\u00bb border_radii=\u00bbon|24px|24px|24px|24px\u00bb box_shadow_style=\u00bbpreset1&#8243; locked=\u00bboff\u00bb global_colors_info=\u00bb{}\u00bb][et_pb_slide heading=\u00bbAdobe Creative Cloud\u00bb image=\u00bbhttp:\/\/dcv.artcom.mx\/pda\/1220497\/wp-content\/uploads\/sites\/47\/2025\/05\/77687.png\u00bb _builder_version=\u00bb4.24.2&#8243; _module_preset=\u00bbdefault\u00bb header_font=\u00bb|700|||||||\u00bb header_text_align=\u00bbcenter\u00bb header_font_size=\u00bb15px\u00bb body_font=\u00bbPoppins||||||||\u00bb body_font_size=\u00bb12px\u00bb background_color=\u00bb#98B9DA\u00bb background_enable_color=\u00bbon\u00bb width=\u00bb81%\u00bb max_width=\u00bb90%\u00bb custom_padding=\u00bb24px||24px|0px|false|false\u00bb border_radii_image=\u00bbon|24px|24px|24px|24px\u00bb border_color_all_image=\u00bb#ffffff\u00bb box_shadow_style_image=\u00bbpreset1&#8243; locked=\u00bboff\u00bb global_colors_info=\u00bb{}\u00bb sticky_transition=\u00bbon\u00bb]<\/p>\n<p>La paqueter\u00eda de Adobe Creative Cloud es mi mayor herramienta para dise\u00f1ar. A lo largo de la carrera he podido ir aprendiendo un poco m\u00e1s de distintos programas y mejorando en los que conoc\u00eda<\/p>\n<p>[\/et_pb_slide][\/et_pb_slider][\/et_pb_column][\/et_pb_row][et_pb_row _builder_version=\u00bb4.24.2&#8243; _module_preset=\u00bbdefault\u00bb global_colors_info=\u00bb{}\u00bb][et_pb_column type=\u00bb4_4&#8243; _builder_version=\u00bb4.24.2&#8243; _module_preset=\u00bbdefault\u00bb global_colors_info=\u00bb{}\u00bb][et_pb_divider color=\u00bb#ffeea4&#8243; divider_weight=\u00bb4px\u00bb _builder_version=\u00bb4.24.2&#8243; _module_preset=\u00bbdefault\u00bb global_colors_info=\u00bb{}\u00bb][\/et_pb_divider][\/et_pb_column][\/et_pb_row][\/et_pb_section][et_pb_section fb_built=\u00bb1&#8243; _builder_version=\u00bb4.24.2&#8243; _module_preset=\u00bbdefault\u00bb custom_padding=\u00bb4px|||||\u00bb global_colors_info=\u00bb{}\u00bb][et_pb_row _builder_version=\u00bb4.24.2&#8243; _module_preset=\u00bbdefault\u00bb custom_padding=\u00bb||14px|||\u00bb global_colors_info=\u00bb{}\u00bb][et_pb_column type=\u00bb4_4&#8243; _builder_version=\u00bb4.24.2&#8243; _module_preset=\u00bbdefault\u00bb global_colors_info=\u00bb{}\u00bb][et_pb_heading title=\u00bbMi huella en l\u00ednea\u00bb _builder_version=\u00bb4.24.2&#8243; _module_preset=\u00bbdefault\u00bb title_font=\u00bbAbel|700|||||||\u00bb title_text_align=\u00bbcenter\u00bb title_text_color=\u00bb#6ca2d8&#8243; title_font_size=\u00bb61px\u00bb custom_margin=\u00bb0px|||||\u00bb locked=\u00bboff\u00bb global_colors_info=\u00bb{}\u00bb][\/et_pb_heading][\/et_pb_column][\/et_pb_row][et_pb_row column_structure=\u00bb1_3,2_3&#8243; _builder_version=\u00bb4.24.2&#8243; _module_preset=\u00bbdefault\u00bb custom_padding=\u00bb3px|||||\u00bb global_colors_info=\u00bb{}\u00bb][et_pb_column type=\u00bb1_3&#8243; _builder_version=\u00bb4.24.2&#8243; _module_preset=\u00bbdefault\u00bb global_colors_info=\u00bb{}\u00bb][et_pb_image src=\u00bbhttp:\/\/dcv.artcom.mx\/pda\/1220497\/wp-content\/uploads\/sites\/47\/2025\/05\/IMG_1537-2.jpg\u00bb title_text=\u00bbIMG_1537&#8243; _builder_version=\u00bb4.24.2&#8243; _module_preset=\u00bbdefault\u00bb width=\u00bb78%\u00bb module_alignment=\u00bbcenter\u00bb global_colors_info=\u00bb{}\u00bb][\/et_pb_image][\/et_pb_column][et_pb_column type=\u00bb2_3&#8243; _builder_version=\u00bb4.24.2&#8243; _module_preset=\u00bbdefault\u00bb global_colors_info=\u00bb{}\u00bb][et_pb_text _builder_version=\u00bb4.24.2&#8243; _module_preset=\u00bbdefault\u00bb text_font=\u00bbPoppins|300|||||||\u00bb text_text_color=\u00bb#000000&#8243; text_font_size=\u00bb15px\u00bb custom_margin=\u00bb|||-11px||\u00bb locked=\u00bboff\u00bb global_colors_info=\u00bb{}\u00bb]<\/p>\n<p data-start=\"132\" data-end=\"422\" class=\"\">\n<p data-start=\"132\" data-end=\"422\" class=\"\">Tengo un portafolio de ilustraci\u00f3n en Instagram donde, en su momento, sub\u00ed varios de mis dibujos, experimentos creativos y proyectos personales. Fue un espacio que me motiv\u00f3 mucho a seguir practicando y aprendiendo, y aunque ya tiene un buen rato que no lo actualizo, sigue siendo una parte importante de mi proceso como dise\u00f1adora. Ah\u00ed se nota c\u00f3mo he ido evolucionando, y por eso quiero retomarlo pronto. Estoy planeando darle una renovada y empezar a compartir lo nuevo que he aprendido, como mis avances en ilustraci\u00f3n digital, dise\u00f1o editorial y otros proyectos que me emocionan mucho.<\/p>\n<p>[\/et_pb_text][\/et_pb_column][\/et_pb_row][\/et_pb_section]<\/p>\n","protected":false},"excerpt":{"rendered":"<p>Esta cuenta de instagram hace carteles tipogr\u00e1ficos con distintas l\u00edneas de dise\u00f1o y me gusta entrar a ver qu\u00e9 hay en las tendencias cuando tengo alg\u00fan proyecto.Millie es una de mis ilustradoras favoritas y lo que m\u00e1s me gusta es que tiene un estilo propio muy bien definido &nbsp;Chabacano es una marca de joyer\u00eda mexicana [&hellip;]<\/p>\n","protected":false},"author":50,"featured_media":0,"parent":0,"menu_order":4,"comment_status":"closed","ping_status":"closed","template":"","meta":{"_et_pb_use_builder":"on","_et_pb_old_content":"","_et_gb_content_width":"","inline_featured_image":false,"footnotes":""},"_links":{"self":[{"href":"https:\/\/dcv.artcom.mx\/pda\/1220497\/wp-json\/wp\/v2\/pages\/9"}],"collection":[{"href":"https:\/\/dcv.artcom.mx\/pda\/1220497\/wp-json\/wp\/v2\/pages"}],"about":[{"href":"https:\/\/dcv.artcom.mx\/pda\/1220497\/wp-json\/wp\/v2\/types\/page"}],"author":[{"embeddable":true,"href":"https:\/\/dcv.artcom.mx\/pda\/1220497\/wp-json\/wp\/v2\/users\/50"}],"replies":[{"embeddable":true,"href":"https:\/\/dcv.artcom.mx\/pda\/1220497\/wp-json\/wp\/v2\/comments?post=9"}],"version-history":[{"count":20,"href":"https:\/\/dcv.artcom.mx\/pda\/1220497\/wp-json\/wp\/v2\/pages\/9\/revisions"}],"predecessor-version":[{"id":1201,"href":"https:\/\/dcv.artcom.mx\/pda\/1220497\/wp-json\/wp\/v2\/pages\/9\/revisions\/1201"}],"wp:attachment":[{"href":"https:\/\/dcv.artcom.mx\/pda\/1220497\/wp-json\/wp\/v2\/media?parent=9"}],"curies":[{"name":"wp","href":"https:\/\/api.w.org\/{rel}","templated":true}]}}