{"id":71,"date":"2020-03-03T18:04:57","date_gmt":"2020-03-04T00:04:57","guid":{"rendered":"http:\/\/pdadcv.artcom.mx\/portafolio-demo\/?page_id=71"},"modified":"2025-05-13T21:01:32","modified_gmt":"2025-05-13T21:01:32","slug":"proyectos-academicos","status":"publish","type":"page","link":"https:\/\/dcv.artcom.mx\/pda\/1220497\/evidencias\/proyectos-academicos\/","title":{"rendered":"1. Proyectos Acad\u00e9micos"},"content":{"rendered":"<p>[et_pb_section fb_built=\u00bb1&#8243; _builder_version=\u00bb4.24.2&#8243; _module_preset=\u00bbdefault\u00bb background_image=\u00bbhttp:\/\/dcv.artcom.mx\/pda\/1220497\/wp-content\/uploads\/sites\/47\/2025\/05\/pyacademicos.png\u00bb custom_padding=\u00bb122px|||||\u00bb global_colors_info=\u00bb{}\u00bb locked=\u00bboff\u00bb][\/et_pb_section][et_pb_section fb_built=\u00bb1&#8243; _builder_version=\u00bb4.24.2&#8243; _module_preset=\u00bbdefault\u00bb custom_padding=\u00bb32px||38px|||\u00bb global_colors_info=\u00bb{}\u00bb locked=\u00bboff\u00bb][et_pb_row _builder_version=\u00bb4.24.2&#8243; _module_preset=\u00bbdefault\u00bb global_colors_info=\u00bb{}\u00bb theme_builder_area=\u00bbpost_content\u00bb][et_pb_column type=\u00bb4_4&#8243; _builder_version=\u00bb4.24.2&#8243; _module_preset=\u00bbdefault\u00bb global_colors_info=\u00bb{}\u00bb theme_builder_area=\u00bbpost_content\u00bb][et_pb_heading title=\u00bb1er a\u00f1o\u00bb _builder_version=\u00bb4.24.2&#8243; _module_preset=\u00bbdefault\u00bb title_font=\u00bb|700|||||||\u00bb title_text_color=\u00bb#ffeea4&#8243; title_font_size=\u00bb40px\u00bb custom_margin=\u00bb||6px|||\u00bb hover_enabled=\u00bb0&#8243; global_colors_info=\u00bb{}\u00bb theme_builder_area=\u00bbpost_content\u00bb sticky_enabled=\u00bb0&#8243;][\/et_pb_heading][et_pb_text _builder_version=\u00bb4.24.2&#8243; _module_preset=\u00bbdefault\u00bb text_font=\u00bbPoppins|300|||||||\u00bb text_text_color=\u00bb#5e5e5e\u00bb text_font_size=\u00bb15px\u00bb global_colors_info=\u00bb{}\u00bb theme_builder_area=\u00bbpost_content\u00bb]<\/p>\n<p data-start=\"197\" data-end=\"696\" class=\"\">En esta secci\u00f3n encontrar\u00e1s una selecci\u00f3n de proyectos que he desarrollado durante mi tercer a\u00f1o de carrera. Cada uno representa un reto diferente, donde he podido aplicar lo que he aprendido, experimentar con nuevas herramientas y seguir definiendo mi estilo como dise\u00f1adora. Algunos fueron parte de clases espec\u00edficas, otros nacieron de ideas personales que llev\u00e9 al aula. Lo que tienen en com\u00fan es que todos reflejan mi crecimiento, mis intereses y las \u00e1reas del dise\u00f1o que m\u00e1s disfruto explorar.<\/p>\n<p>[\/et_pb_text][\/et_pb_column][\/et_pb_row][\/et_pb_section][et_pb_section fb_built=\u00bb1&#8243; _builder_version=\u00bb4.24.2&#8243; _module_preset=\u00bbdefault\u00bb background_image=\u00bbhttp:\/\/dcv.artcom.mx\/pda\/1220497\/wp-content\/uploads\/sites\/47\/2025\/05\/degradado.png\u00bb box_shadow_style=\u00bbpreset1&#8243; global_colors_info=\u00bb{}\u00bb locked=\u00bboff\u00bb][et_pb_row _builder_version=\u00bb4.24.2&#8243; _module_preset=\u00bbdefault\u00bb global_colors_info=\u00bb{}\u00bb][et_pb_column type=\u00bb4_4&#8243; _builder_version=\u00bb4.24.2&#8243; _module_preset=\u00bbdefault\u00bb global_colors_info=\u00bb{}\u00bb][et_pb_heading title=\u00bb1er Semestre\u00bb _builder_version=\u00bb4.24.2&#8243; _module_preset=\u00bbdefault\u00bb title_font=\u00bb|800|||||||\u00bb title_text_align=\u00bbcenter\u00bb title_text_color=\u00bb#ffffff\u00bb title_font_size=\u00bb46px\u00bb hover_enabled=\u00bb0&#8243; title_text_shadow_style=\u00bbpreset3&#8243; global_colors_info=\u00bb{}\u00bb sticky_enabled=\u00bb0&#8243;][\/et_pb_heading][et_pb_slider _builder_version=\u00bb4.24.2&#8243; _module_preset=\u00bbdefault\u00bb background_color=\u00bbrgba(255,255,255,0.63)\u00bb width=\u00bb100%\u00bb max_width=\u00bb100%\u00bb module_alignment=\u00bbcenter\u00bb hover_enabled=\u00bb0&#8243; box_shadow_style=\u00bbpreset1&#8243; global_colors_info=\u00bb{}\u00bb locked=\u00bboff\u00bb sticky_enabled=\u00bb0&#8243;][et_pb_slide heading=\u00bb#WTT\u00bb image=\u00bbhttp:\/\/dcv.artcom.mx\/pda\/1220497\/wp-content\/uploads\/sites\/47\/2023\/04\/CARTEL.jpg\u00bb _builder_version=\u00bb4.24.2&#8243; _module_preset=\u00bbdefault\u00bb header_font=\u00bb|700|||||||\u00bb header_text_color=\u00bb#243086&#8243; body_font=\u00bbPoppins|300|||||||\u00bb body_text_color=\u00bb#000000&#8243; body_font_size=\u00bb16px\u00bb text_orientation=\u00bbleft\u00bb hover_enabled=\u00bb0&#8243; global_colors_info=\u00bb{}\u00bb sticky_transition=\u00bbon\u00bb locked=\u00bboff\u00bb sticky_enabled=\u00bb0&#8243;]<\/p>\n<p><strong>Fundamentos de dise\u00f1o<\/strong><\/p>\n<p>Proyecto Integrador del Primer Semestre. #WTT es una app para la comunidad del K-pop y para la venta y compra de photocards.<\/p>\n<p>[\/et_pb_slide][et_pb_slide heading=\u00bbLover\u00bb image=\u00bbhttp:\/\/dcv.artcom.mx\/pda\/1220497\/wp-content\/uploads\/sites\/47\/2023\/04\/1.jpg\u00bb _builder_version=\u00bb4.24.2&#8243; _module_preset=\u00bbdefault\u00bb header_font=\u00bb|700|||||||\u00bb header_text_color=\u00bb#243086&#8243; body_text_color=\u00bb#000000&#8243; body_font_size=\u00bb16px\u00bb text_orientation=\u00bbleft\u00bb hover_enabled=\u00bb0&#8243; global_colors_info=\u00bb{}\u00bb sticky_transition=\u00bbon\u00bb locked=\u00bboff\u00bb body_font=\u00bbPoppins|300|||||||\u00bb sticky_enabled=\u00bb0&#8243;]<\/p>\n<div class=\"et_pb_text_inner\">\n<div data-shortcode-id=\"5.0.1.1-1711400142423\" data-quickaccess-editable=\"yes\" class=\"et-fb-popover-tinymce\">\n<div class=\"mce-content-body\" style=\"position: relative\">\n<p style=\"text-align: left\"><strong>Fundamentos de Tipograf\u00eda<\/strong><\/p>\n<p style=\"text-align: left\">Proyecto final de la clase de Tipograf\u00eda. Lover es una tipograf\u00eda gr\u00e1fica 100% de mi autor\u00eda<\/p>\n<p style=\"text-align: center\">\n<\/div>\n<\/div>\n<\/div>\n<div class=\"et-fb-mousetrap et-fb-mousetrap--module et-fb-mousetrap-move\" style=\"background: 0px center\"><\/div>\n<p>[\/et_pb_slide][et_pb_slide heading=\u00bbLa letra faltante\u00bb image=\u00bbhttp:\/\/dcv.artcom.mx\/pda\/1220497\/wp-content\/uploads\/sites\/47\/2023\/04\/La-letra-faltante-dania.jpg\u00bb _builder_version=\u00bb4.24.2&#8243; _module_preset=\u00bbdefault\u00bb header_font=\u00bb|700|||||||\u00bb header_text_color=\u00bb#243086&#8243; body_text_color=\u00bb#000000&#8243; body_font_size=\u00bb16px\u00bb text_orientation=\u00bbleft\u00bb hover_enabled=\u00bb0&#8243; global_colors_info=\u00bb{}\u00bb sticky_transition=\u00bbon\u00bb locked=\u00bboff\u00bb body_font=\u00bbPoppins|300|||||||\u00bb sticky_enabled=\u00bb0&#8243;]<\/p>\n<div class=\"et_pb_text_inner\">\n<div data-shortcode-id=\"5.0.1.1-1711400142423\" data-quickaccess-editable=\"yes\" class=\"et-fb-popover-tinymce\">\n<div class=\"mce-content-body\" style=\"position: relative\">\n<p style=\"text-align: left\"><strong>Fundamentos de Dise\u00f1o Gr\u00e1fico<\/strong><\/p>\n<p style=\"text-align: left\">Ejercicio de clase. Un cartel creado a base de recortes de papel en el cual se omite una letra por un objeto.<\/p>\n<\/div>\n<\/div>\n<\/div>\n<div class=\"et-fb-mousetrap et-fb-mousetrap--module et-fb-mousetrap-move\" style=\"background: 0px center\"><\/div>\n<p>[\/et_pb_slide][et_pb_slide heading=\u00bbEjercicio de abstracci\u00f3n\u00bb image=\u00bbhttp:\/\/dcv.artcom.mx\/pda\/1220497\/wp-content\/uploads\/sites\/47\/2023\/04\/Ejercicio-De-Abstraccion-Dania.jpg\u00bb _builder_version=\u00bb4.24.2&#8243; _module_preset=\u00bbdefault\u00bb header_font=\u00bb|700|||||||\u00bb header_text_color=\u00bb#243086&#8243; body_text_color=\u00bb#000000&#8243; body_font_size=\u00bb16px\u00bb text_orientation=\u00bbleft\u00bb hover_enabled=\u00bb0&#8243; global_colors_info=\u00bb{}\u00bb sticky_transition=\u00bbon\u00bb locked=\u00bboff\u00bb body_font=\u00bbPoppins|300|||||||\u00bb sticky_enabled=\u00bb0&#8243;]<\/p>\n<div class=\"et_pb_text_inner\">\n<div data-shortcode-id=\"5.0.1.1-1711400142423\" data-quickaccess-editable=\"yes\" class=\"et-fb-popover-tinymce\">\n<div class=\"mce-content-body\" style=\"position: relative\">\n<p style=\"text-align: left\"><strong><\/strong><\/p>\n<p style=\"text-align: left\"><strong>Fundamentos de Dise\u00f1o Gr\u00e1fico<\/strong><\/p>\n<p style=\"text-align: left\">Ejercicio de clase en el que se trabajaron los 3 niveles de abstracci\u00f3n. L\u00e1minas de dibujos.<\/p>\n<\/div>\n<\/div>\n<\/div>\n<p>[\/et_pb_slide][et_pb_slide heading=\u00bbIsologos\u00bb image=\u00bbhttp:\/\/dcv.artcom.mx\/pda\/1220497\/wp-content\/uploads\/sites\/47\/2023\/04\/iso4.jpg\u00bb _builder_version=\u00bb4.24.2&#8243; _module_preset=\u00bbdefault\u00bb header_font=\u00bb|700|||||||\u00bb header_text_color=\u00bb#243086&#8243; body_text_color=\u00bb#000000&#8243; body_font_size=\u00bb16px\u00bb text_orientation=\u00bbleft\u00bb hover_enabled=\u00bb0&#8243; global_colors_info=\u00bb{}\u00bb sticky_transition=\u00bbon\u00bb locked=\u00bboff\u00bb body_font=\u00bbPoppins|300|||||||\u00bb sticky_enabled=\u00bb0&#8243;]<\/p>\n<p style=\"text-align: left\"><strong><\/strong><\/p>\n<p style=\"text-align: left\"><strong>Taller de Gr\u00e1ficos Vectoriales<\/strong><\/p>\n<p style=\"text-align: left\">Proyecto de clase. Isologos de diferentes profesiones.<\/p>\n<p>[\/et_pb_slide][et_pb_slide heading=\u00bbS\u00edmbolos b\u00edblicos\u00bb image=\u00bbhttp:\/\/dcv.artcom.mx\/pda\/1220497\/wp-content\/uploads\/sites\/47\/2023\/04\/sb9.jpg\u00bb _builder_version=\u00bb4.24.2&#8243; _module_preset=\u00bbdefault\u00bb header_font=\u00bb|700|||||||\u00bb header_text_color=\u00bb#243086&#8243; body_text_color=\u00bb#000000&#8243; body_font_size=\u00bb16px\u00bb text_orientation=\u00bbleft\u00bb hover_enabled=\u00bb0&#8243; global_colors_info=\u00bb{}\u00bb sticky_transition=\u00bbon\u00bb locked=\u00bboff\u00bb body_font=\u00bbPoppins|300|||||||\u00bb sticky_enabled=\u00bb0&#8243;]<\/p>\n<p style=\"text-align: center\"><strong><\/strong><\/p>\n<p style=\"text-align: left\"><strong>Taller de Gr\u00e1ficos Vectoriales<\/strong><\/p>\n<p style=\"text-align: left\">Proyecto de clase. Se escogi\u00f3 un tema b\u00edblico y de acuerdo a este se crearon 10 s\u00edmbolos en Illustrator.<\/p>\n<p>[\/et_pb_slide][et_pb_slide heading=\u00bbProyecto de dibujo\u00bb image=\u00bbhttp:\/\/dcv.artcom.mx\/pda\/1220497\/wp-content\/uploads\/sites\/47\/2023\/04\/IMG_4212-scaled.jpg\u00bb _builder_version=\u00bb4.24.2&#8243; _module_preset=\u00bbdefault\u00bb header_font=\u00bb|700|||||||\u00bb header_text_color=\u00bb#243086&#8243; body_text_color=\u00bb#000000&#8243; body_font_size=\u00bb16px\u00bb text_orientation=\u00bbleft\u00bb hover_enabled=\u00bb0&#8243; global_colors_info=\u00bb{}\u00bb sticky_transition=\u00bbon\u00bb locked=\u00bboff\u00bb body_font=\u00bbPoppins|300|||||||\u00bb sticky_enabled=\u00bb0&#8243;]<\/p>\n<p style=\"text-align: center\"><strong><\/strong><\/p>\n<p style=\"text-align: left\"><strong>Dibujo Acad\u00e9mico<\/strong><\/p>\n<p style=\"text-align: left\">Proyecto final de clase que fue presentado en la Expo ARTCOM. Se dibujaron diferentes objetos desde diferentes perspectivas capturadas previamente con la c\u00e1mara.<\/p>\n<p>[\/et_pb_slide][et_pb_slide heading=\u00bbSimetr\u00eda\u00bb image=\u00bbhttp:\/\/dcv.artcom.mx\/pda\/1220497\/wp-content\/uploads\/sites\/47\/2023\/04\/sl2.jpg\u00bb _builder_version=\u00bb4.24.2&#8243; _module_preset=\u00bbdefault\u00bb header_font=\u00bb|700|||||||\u00bb header_text_color=\u00bb#243086&#8243; body_text_color=\u00bb#000000&#8243; body_font_size=\u00bb16px\u00bb text_orientation=\u00bbleft\u00bb hover_enabled=\u00bb0&#8243; global_colors_info=\u00bb{}\u00bb sticky_transition=\u00bbon\u00bb locked=\u00bboff\u00bb body_font=\u00bbPoppins|300|||||||\u00bb sticky_enabled=\u00bb0&#8243;]<\/p>\n<p style=\"text-align: center\"><strong><\/strong><\/p>\n<p style=\"text-align: left\"><strong>Fundamentos de Dise\u00f1o Gr\u00e1fico<\/strong><\/p>\n<p style=\"text-align: left\">Actividad de clase. Para practicar diferentes principios del dise\u00f1o cre\u00e9 esta lamina de una mariposa sim\u00e9trica hecha con recortes de papel.<\/p>\n<p>[\/et_pb_slide][et_pb_slide heading=\u00bbTrazado fotogr\u00e1fico\u00bb image=\u00bbhttp:\/\/dcv.artcom.mx\/pda\/1220497\/wp-content\/uploads\/sites\/47\/2023\/04\/tf2.jpg\u00bb _builder_version=\u00bb4.24.2&#8243; _module_preset=\u00bbdefault\u00bb header_font=\u00bb|700|||||||\u00bb header_text_color=\u00bb#243086&#8243; body_text_color=\u00bb#000000&#8243; body_font_size=\u00bb16px\u00bb text_orientation=\u00bbleft\u00bb hover_enabled=\u00bb0&#8243; global_colors_info=\u00bb{}\u00bb sticky_transition=\u00bbon\u00bb locked=\u00bboff\u00bb body_font=\u00bbPoppins|300|||||||\u00bb sticky_enabled=\u00bb0&#8243;]<\/p>\n<p style=\"text-align: center\"><strong><\/strong><\/p>\n<p style=\"text-align: left\"><strong>Taller de Gr\u00e1ficos Vectoriales<\/strong><\/p>\n<p style=\"text-align: left\">Para aprender a utilizar las herramientas de Adobe Illustrator realizamos esta actividad en la que intentamos trazar fotograf\u00edas con el mayor detalle posible.<\/p>\n<p style=\"text-align: left\">[\/et_pb_slide][\/et_pb_slider][\/et_pb_column][\/et_pb_row][\/et_pb_section][et_pb_section fb_built=\u00bb1&#8243; _builder_version=\u00bb4.24.2&#8243; _module_preset=\u00bbdefault\u00bb global_colors_info=\u00bb{}\u00bb locked=\u00bboff\u00bb][et_pb_row _builder_version=\u00bb4.24.2&#8243; _module_preset=\u00bbdefault\u00bb global_colors_info=\u00bb{}\u00bb theme_builder_area=\u00bbpost_content\u00bb][et_pb_column type=\u00bb4_4&#8243; _builder_version=\u00bb4.24.2&#8243; _module_preset=\u00bbdefault\u00bb global_colors_info=\u00bb{}\u00bb theme_builder_area=\u00bbpost_content\u00bb][et_pb_text _builder_version=\u00bb4.24.2&#8243; _module_preset=\u00bbdefault\u00bb text_font=\u00bbPoppins|300|||||||\u00bb global_colors_info=\u00bb{}\u00bb theme_builder_area=\u00bbpost_content\u00bb]<\/p>\n<p data-start=\"144\" data-end=\"626\" class=\"\">Durante este a\u00f1o he tenido la oportunidad de trabajar en proyectos m\u00e1s complejos y completos, lo que me ha ayudado a desarrollar tanto mi parte creativa como t\u00e9cnica. He aprendido a organizar mejor mis ideas, a tomar decisiones de dise\u00f1o con m\u00e1s intenci\u00f3n y a pulir los detalles que marcan la diferencia. Cada proyecto ha sido una oportunidad para experimentar, equivocarme y aprender algo nuevo. Sin duda, este a\u00f1o ha sido clave para descubrir lo que me apasiona dentro del dise\u00f1o.<\/p>\n<p>[\/et_pb_text][\/et_pb_column][\/et_pb_row][\/et_pb_section][et_pb_section fb_built=\u00bb1&#8243; _builder_version=\u00bb4.24.2&#8243; _module_preset=\u00bbdefault\u00bb background_image=\u00bbhttp:\/\/dcv.artcom.mx\/pda\/1220497\/wp-content\/uploads\/sites\/47\/2025\/05\/degradado.png\u00bb box_shadow_style=\u00bbpreset1&#8243; global_colors_info=\u00bb{}\u00bb locked=\u00bboff\u00bb][et_pb_row _builder_version=\u00bb4.24.2&#8243; _module_preset=\u00bbdefault\u00bb global_colors_info=\u00bb{}\u00bb][et_pb_column type=\u00bb4_4&#8243; _builder_version=\u00bb4.24.2&#8243; _module_preset=\u00bbdefault\u00bb global_colors_info=\u00bb{}\u00bb][et_pb_heading title=\u00bb2do Semestre\u00bb _builder_version=\u00bb4.24.2&#8243; _module_preset=\u00bbdefault\u00bb title_font=\u00bb|800|||||||\u00bb title_text_align=\u00bbcenter\u00bb title_text_color=\u00bb#ffffff\u00bb title_font_size=\u00bb46px\u00bb hover_enabled=\u00bb0&#8243; title_text_shadow_style=\u00bbpreset3&#8243; global_colors_info=\u00bb{}\u00bb sticky_enabled=\u00bb0&#8243;][\/et_pb_heading][et_pb_slider _builder_version=\u00bb4.24.2&#8243; _module_preset=\u00bbdefault\u00bb background_color=\u00bbRGBA(255,255,255,0.63)\u00bb width=\u00bb100%\u00bb max_width=\u00bb100%\u00bb module_alignment=\u00bbcenter\u00bb hover_enabled=\u00bb0&#8243; box_shadow_style=\u00bbpreset1&#8243; global_colors_info=\u00bb{}\u00bb locked=\u00bboff\u00bb sticky_enabled=\u00bb0&#8243;][et_pb_slide heading=\u00bbTuxtla Guti\u00e9rrez\u00bb image=\u00bbhttp:\/\/dcv.artcom.mx\/pda\/1220497\/wp-content\/uploads\/sites\/47\/2023\/04\/SI\u0301MBOLO-TUXTLA-GTZ-1.jpg\u00bb _builder_version=\u00bb4.24.2&#8243; _module_preset=\u00bbdefault\u00bb header_font=\u00bb|700|||||||\u00bb header_text_color=\u00bb#243086&#8243; body_font=\u00bbPoppins|300|||||||\u00bb body_text_color=\u00bb#000000&#8243; body_font_size=\u00bb16px\u00bb text_orientation=\u00bbleft\u00bb hover_enabled=\u00bb0&#8243; global_colors_info=\u00bb{}\u00bb sticky_transition=\u00bbon\u00bb locked=\u00bboff\u00bb sticky_enabled=\u00bb0&#8243;]<\/p>\n<p style=\"text-align: left\"><strong><\/strong><\/p>\n<p style=\"text-align: left\"><strong>Dise\u00f1o Gr\u00e1fico<\/strong><\/p>\n<p style=\"text-align: left\">Para este proyecto creamos un s\u00edmbolo de nuestra ciudad de origen. Adem\u00e1s aplicamos las fases del dise\u00f1o para llevar un proceso ordenado.<\/p>\n<p>[\/et_pb_slide][et_pb_slide heading=\u00bbMono\u00bb image=\u00bbhttp:\/\/dcv.artcom.mx\/pda\/1220497\/wp-content\/uploads\/sites\/47\/2023\/04\/IMG_7828.jpg\u00bb _builder_version=\u00bb4.24.2&#8243; _module_preset=\u00bbdefault\u00bb header_font=\u00bb|700|||||||\u00bb header_text_color=\u00bb#243086&#8243; body_font=\u00bbPoppins|300|||||||\u00bb body_text_color=\u00bb#000000&#8243; body_font_size=\u00bb16px\u00bb text_orientation=\u00bbleft\u00bb hover_enabled=\u00bb0&#8243; global_colors_info=\u00bb{}\u00bb sticky_transition=\u00bbon\u00bb locked=\u00bboff\u00bb sticky_enabled=\u00bb0&#8243;]<\/p>\n<p style=\"text-align: center\"><strong><\/strong><\/p>\n<p style=\"text-align: left\"><strong>Geometr\u00eda Descriptiva<\/strong><\/p>\n<p style=\"text-align: left\">Actividad de clase. A partir de recortes de papel y dobleces creamos estas m\u00e1scaras 3D.<\/p>\n<p>[\/et_pb_slide][et_pb_slide heading=\u00bbPerspectivas\u00bb image=\u00bbhttp:\/\/dcv.artcom.mx\/pda\/1220497\/wp-content\/uploads\/sites\/47\/2023\/04\/perspectivas.jpg\u00bb _builder_version=\u00bb4.24.2&#8243; _module_preset=\u00bbdefault\u00bb header_font=\u00bb|700|||||||\u00bb header_text_color=\u00bb#243086&#8243; body_font=\u00bbPoppins|300|||||||\u00bb body_text_color=\u00bb#000000&#8243; body_font_size=\u00bb16px\u00bb text_orientation=\u00bbleft\u00bb hover_enabled=\u00bb0&#8243; global_colors_info=\u00bb{}\u00bb sticky_transition=\u00bbon\u00bb locked=\u00bboff\u00bb sticky_enabled=\u00bb0&#8243;]<\/p>\n<p style=\"text-align: center\"><strong><\/strong><\/p>\n<p style=\"text-align: left\"><strong>Geometr\u00eda Descriptiva<\/strong><\/p>\n<p style=\"text-align: left\">Actividad de clase. Formamos una figura en 3D a partir de l\u00edneas utilizando conocimientos de perspectiva y puntos de fuga.<\/p>\n<p>[\/et_pb_slide][et_pb_slide heading=\u00bbIntersecciones\u00bb image=\u00bbhttp:\/\/dcv.artcom.mx\/pda\/1220497\/wp-content\/uploads\/sites\/47\/2023\/04\/GD_6.jpg\u00bb _builder_version=\u00bb4.24.2&#8243; _module_preset=\u00bbdefault\u00bb header_font=\u00bb|700|||||||\u00bb header_text_color=\u00bb#243086&#8243; body_font=\u00bbPoppins|300|||||||\u00bb body_text_color=\u00bb#000000&#8243; body_font_size=\u00bb16px\u00bb text_orientation=\u00bbleft\u00bb hover_enabled=\u00bb0&#8243; global_colors_info=\u00bb{}\u00bb sticky_transition=\u00bbon\u00bb locked=\u00bboff\u00bb sticky_enabled=\u00bb0&#8243;]<\/p>\n<p style=\"text-align: center\"><strong><\/strong><\/p>\n<p style=\"text-align: left\"><strong>Geometr\u00eda Descriptiva<\/strong><\/p>\n<p style=\"text-align: left\">Actividad de clase. Figura en 3d creada en Illustrator.<\/p>\n<p style=\"text-align: left\">[\/et_pb_slide][et_pb_slide heading=\u00bbAlicia en el pa\u00eds de las maravillas\u00bb image=\u00bbhttp:\/\/dcv.artcom.mx\/pda\/1220497\/wp-content\/uploads\/sites\/47\/2023\/04\/ALICIA.jpg\u00bb _builder_version=\u00bb4.24.2&#8243; _module_preset=\u00bbdefault\u00bb header_font=\u00bb|700|||||||\u00bb header_text_color=\u00bb#243086&#8243; body_font=\u00bbPoppins|300|||||||\u00bb body_text_color=\u00bb#000000&#8243; body_font_size=\u00bb16px\u00bb text_orientation=\u00bbleft\u00bb hover_enabled=\u00bb0&#8243; global_colors_info=\u00bb{}\u00bb sticky_transition=\u00bbon\u00bb locked=\u00bboff\u00bb sticky_enabled=\u00bb0&#8243;]<\/p>\n<p style=\"text-align: center\"><strong><\/strong><\/p>\n<p style=\"text-align: left\"><strong>Semi\u00f3tica<\/strong><\/p>\n<p style=\"text-align: left\">Proyecto. Mi propia portada para el libro \u00abAlicia en el pa\u00eds de las maravillas\u00bb<\/p>\n<p style=\"text-align: left\">[\/et_pb_slide][et_pb_slide heading=\u00bbInseguridad en M\u00e9xico\u00bb image=\u00bbhttp:\/\/dcv.artcom.mx\/pda\/1220497\/wp-content\/uploads\/sites\/47\/2023\/05\/INSEGURIDAD-A1-PRINT.jpg\u00bb _builder_version=\u00bb4.24.2&#8243; _module_preset=\u00bbdefault\u00bb header_font=\u00bb|700|||||||\u00bb header_text_color=\u00bb#243086&#8243; body_font=\u00bbPoppins|300|||||||\u00bb body_text_color=\u00bb#000000&#8243; body_font_size=\u00bb16px\u00bb text_orientation=\u00bbleft\u00bb hover_enabled=\u00bb0&#8243; global_colors_info=\u00bb{}\u00bb sticky_transition=\u00bbon\u00bb locked=\u00bboff\u00bb sticky_enabled=\u00bb0&#8243;]<\/p>\n<p style=\"text-align: center\"><strong><\/strong><\/p>\n<p style=\"text-align: left\"><strong>Dise\u00f1o Gr\u00e1fico<\/strong><\/p>\n<p style=\"text-align: left\">Proyecto Integrador.<\/p>\n<p style=\"text-align: left\">[\/et_pb_slide][et_pb_slide heading=\u00bb%22Let them Speak%22&#8243; image=\u00bbhttp:\/\/dcv.artcom.mx\/pda\/1220497\/wp-content\/uploads\/sites\/47\/2023\/05\/PERIODISMO-A3-1.jpg\u00bb _builder_version=\u00bb4.24.2&#8243; _module_preset=\u00bbdefault\u00bb header_font=\u00bb|700|||||||\u00bb header_text_color=\u00bb#243086&#8243; body_font=\u00bbPoppins|300|||||||\u00bb body_text_color=\u00bb#000000&#8243; body_font_size=\u00bb16px\u00bb text_orientation=\u00bbleft\u00bb hover_enabled=\u00bb0&#8243; global_colors_info=\u00bb{}\u00bb sticky_transition=\u00bbon\u00bb locked=\u00bboff\u00bb sticky_enabled=\u00bb0&#8243;]<\/p>\n<p style=\"text-align: center\"><strong><\/strong><\/p>\n<p style=\"text-align: left\"><strong>Dise\u00f1o Gr\u00e1fico<\/strong><\/p>\n<p style=\"text-align: left\">Proyecto Integrador.<\/p>\n<p style=\"text-align: left\">[\/et_pb_slide][et_pb_slide heading=\u00bb%22Se Busca&#8230;%22&#8243; image=\u00bbhttp:\/\/dcv.artcom.mx\/pda\/1220497\/wp-content\/uploads\/sites\/47\/2023\/05\/DESEMPLEO-A2-1.jpg\u00bb _builder_version=\u00bb4.24.2&#8243; _module_preset=\u00bbdefault\u00bb header_font=\u00bb|700|||||||\u00bb header_text_color=\u00bb#243086&#8243; body_font=\u00bbPoppins|300|||||||\u00bb body_text_color=\u00bb#000000&#8243; body_font_size=\u00bb16px\u00bb text_orientation=\u00bbleft\u00bb hover_enabled=\u00bb0&#8243; global_colors_info=\u00bb{}\u00bb sticky_transition=\u00bbon\u00bb locked=\u00bboff\u00bb sticky_enabled=\u00bb0&#8243;]<\/p>\n<p style=\"text-align: center\"><strong><\/strong><\/p>\n<p style=\"text-align: left\"><strong>Dise\u00f1o Gr\u00e1fico<\/strong><\/p>\n<p style=\"text-align: left\">Proyecto Integrador.<\/p>\n<p style=\"text-align: left\">[\/et_pb_slide][et_pb_slide heading=\u00bbOfelia 2.0&#8243; image=\u00bbhttp:\/\/dcv.artcom.mx\/pda\/1220497\/wp-content\/uploads\/sites\/47\/2023\/05\/OFELIA.jpg\u00bb _builder_version=\u00bb4.24.2&#8243; _module_preset=\u00bbdefault\u00bb header_font=\u00bb|700|||||||\u00bb header_text_color=\u00bb#243086&#8243; body_font=\u00bbPoppins|300|||||||\u00bb body_text_color=\u00bb#000000&#8243; body_font_size=\u00bb16px\u00bb text_orientation=\u00bbleft\u00bb hover_enabled=\u00bb0&#8243; global_colors_info=\u00bb{}\u00bb sticky_transition=\u00bbon\u00bb locked=\u00bboff\u00bb sticky_enabled=\u00bb0&#8243;]<\/p>\n<p style=\"text-align: center\"><strong><\/strong><\/p>\n<p style=\"text-align: left\"><strong>Semi\u00f3tica<\/strong><\/p>\n<p style=\"text-align: left\">Re-interpretaci\u00f3n personal de la obra de John Everett Millais.<\/p>\n<p style=\"text-align: left\">[\/et_pb_slide][\/et_pb_slider][\/et_pb_column][\/et_pb_row][\/et_pb_section]<\/p>\n","protected":false},"excerpt":{"rendered":"<p>En esta secci\u00f3n encontrar\u00e1s una selecci\u00f3n de proyectos que he desarrollado durante mi tercer a\u00f1o de carrera. Cada uno representa un reto diferente, donde he podido aplicar lo que he aprendido, experimentar con nuevas herramientas y seguir definiendo mi estilo como dise\u00f1adora. Algunos fueron parte de clases espec\u00edficas, otros nacieron de ideas personales que llev\u00e9 [&hellip;]<\/p>\n","protected":false},"author":50,"featured_media":0,"parent":11,"menu_order":1,"comment_status":"closed","ping_status":"closed","template":"","meta":{"_et_pb_use_builder":"on","_et_pb_old_content":"","_et_gb_content_width":"","inline_featured_image":false,"footnotes":""},"_links":{"self":[{"href":"https:\/\/dcv.artcom.mx\/pda\/1220497\/wp-json\/wp\/v2\/pages\/71"}],"collection":[{"href":"https:\/\/dcv.artcom.mx\/pda\/1220497\/wp-json\/wp\/v2\/pages"}],"about":[{"href":"https:\/\/dcv.artcom.mx\/pda\/1220497\/wp-json\/wp\/v2\/types\/page"}],"author":[{"embeddable":true,"href":"https:\/\/dcv.artcom.mx\/pda\/1220497\/wp-json\/wp\/v2\/users\/50"}],"replies":[{"embeddable":true,"href":"https:\/\/dcv.artcom.mx\/pda\/1220497\/wp-json\/wp\/v2\/comments?post=71"}],"version-history":[{"count":33,"href":"https:\/\/dcv.artcom.mx\/pda\/1220497\/wp-json\/wp\/v2\/pages\/71\/revisions"}],"predecessor-version":[{"id":1257,"href":"https:\/\/dcv.artcom.mx\/pda\/1220497\/wp-json\/wp\/v2\/pages\/71\/revisions\/1257"}],"up":[{"embeddable":true,"href":"https:\/\/dcv.artcom.mx\/pda\/1220497\/wp-json\/wp\/v2\/pages\/11"}],"wp:attachment":[{"href":"https:\/\/dcv.artcom.mx\/pda\/1220497\/wp-json\/wp\/v2\/media?parent=71"}],"curies":[{"name":"wp","href":"https:\/\/api.w.org\/{rel}","templated":true}]}}