{"id":63,"date":"2020-03-03T17:43:09","date_gmt":"2020-03-03T23:43:09","guid":{"rendered":"http:\/\/pdadcv.artcom.mx\/portafolio-demo\/?page_id=63"},"modified":"2025-05-13T22:38:32","modified_gmt":"2025-05-13T22:38:32","slug":"actividades-eclesiasticas-y-espirituales","status":"publish","type":"page","link":"https:\/\/dcv.artcom.mx\/pda\/1220497\/evidencias\/actividades-eclesiasticas-y-espirituales\/","title":{"rendered":"1. Actividades eclesi\u00e1sticas y espirituales"},"content":{"rendered":"<p>[et_pb_section fb_built=\u00bb1&#8243; _builder_version=\u00bb4.24.2&#8243; _module_preset=\u00bbdefault\u00bb background_image=\u00bbhttp:\/\/dcv.artcom.mx\/pda\/1220497\/wp-content\/uploads\/sites\/47\/2025\/05\/acteclesiasticas.svg\u00bb custom_padding=\u00bb||112px|||\u00bb global_colors_info=\u00bb{}\u00bb locked=\u00bboff\u00bb][\/et_pb_section][et_pb_section fb_built=\u00bb1&#8243; _builder_version=\u00bb4.24.2&#8243; _module_preset=\u00bbdefault\u00bb background_image=\u00bbhttp:\/\/dcv.artcom.mx\/pda\/1220497\/wp-content\/uploads\/sites\/47\/2025\/05\/verse1.svg\u00bb custom_padding=\u00bb163px|||||\u00bb global_colors_info=\u00bb{}\u00bb locked=\u00bboff\u00bb][\/et_pb_section][et_pb_section fb_built=\u00bb1&#8243; _builder_version=\u00bb4.24.2&#8243; _module_preset=\u00bbdefault\u00bb custom_padding=\u00bb0px|||||\u00bb global_colors_info=\u00bb{}\u00bb locked=\u00bboff\u00bb][et_pb_row _builder_version=\u00bb4.24.2&#8243; _module_preset=\u00bbdefault\u00bb global_colors_info=\u00bb{}\u00bb theme_builder_area=\u00bbpost_content\u00bb][et_pb_column type=\u00bb4_4&#8243; _builder_version=\u00bb4.24.2&#8243; _module_preset=\u00bbdefault\u00bb global_colors_info=\u00bb{}\u00bb theme_builder_area=\u00bbpost_content\u00bb][et_pb_heading title=\u00bb1er  a\u00f1o\u00bb _builder_version=\u00bb4.24.2&#8243; _module_preset=\u00bbdefault\u00bb title_font=\u00bb|700|||||||\u00bb title_text_align=\u00bbcenter\u00bb title_text_color=\u00bb#98b9da\u00bb title_font_size=\u00bb43px\u00bb hover_enabled=\u00bb0&#8243; global_colors_info=\u00bb{}\u00bb theme_builder_area=\u00bbpost_content\u00bb sticky_enabled=\u00bb0&#8243;][\/et_pb_heading][\/et_pb_column][\/et_pb_row][et_pb_row column_structure=\u00bb1_3,1_3,1_3&#8243; _builder_version=\u00bb4.24.2&#8243; _module_preset=\u00bbdefault\u00bb hover_enabled=\u00bb0&#8243; global_colors_info=\u00bb{}\u00bb theme_builder_area=\u00bbpost_content\u00bb sticky_enabled=\u00bb0&#8243;][et_pb_column type=\u00bb1_3&#8243; _builder_version=\u00bb4.24.2&#8243; _module_preset=\u00bbdefault\u00bb global_colors_info=\u00bb{}\u00bb theme_builder_area=\u00bbpost_content\u00bb][et_pb_slider use_bg_overlay=\u00bboff\u00bb use_text_overlay=\u00bboff\u00bb _builder_version=\u00bb4.24.2&#8243; _module_preset=\u00bbdefault\u00bb background_color=\u00bb#ffeea4&#8243; custom_padding=\u00bb107px||135px||false|false\u00bb animation_style=\u00bbzoom\u00bb hover_enabled=\u00bb0&#8243; border_radii=\u00bbon|24px|24px|24px|24px\u00bb box_shadow_style=\u00bbpreset1&#8243; locked=\u00bboff\u00bb global_colors_info=\u00bb{}\u00bb theme_builder_area=\u00bbpost_content\u00bb sticky_enabled=\u00bb0&#8243;][et_pb_slide heading=\u00bbRetiro espiritual\u00bb image=\u00bbhttp:\/\/dcv.artcom.mx\/pda\/1220497\/wp-content\/uploads\/sites\/47\/2023\/04\/IMG_1919-scaled.jpg\u00bb _builder_version=\u00bb4.24.2&#8243; _module_preset=\u00bbdefault\u00bb header_font=\u00bb|700|||||||\u00bb header_text_align=\u00bbcenter\u00bb header_text_color=\u00bb#ffffff\u00bb header_font_size=\u00bb15px\u00bb body_font=\u00bbPoppins||||||||\u00bb body_text_color=\u00bb#4C4C4C\u00bb body_font_size=\u00bb13px\u00bb background_color=\u00bb#FFEEA4&#8243; background_enable_color=\u00bbon\u00bb width=\u00bb74%\u00bb max_width=\u00bb74%\u00bb custom_padding=\u00bb35px||12px|0px|false|false\u00bb hover_enabled=\u00bb0&#8243; border_radii_image=\u00bbon|24px|24px|24px|24px\u00bb border_color_all_image=\u00bb#ffffff\u00bb box_shadow_style_image=\u00bbpreset1&#8243; box_shadow_vertical_image=\u00bb9px\u00bb locked=\u00bboff\u00bb global_colors_info=\u00bb{}\u00bb sticky_transition=\u00bbon\u00bb theme_builder_area=\u00bbpost_content\u00bb title_text=\u00bbIMG_1919&#8243; sticky_enabled=\u00bb0&#8243;]<\/p>\n<p>Los estudiantes de primer ingreso nos trasladamos al Ojo de Agua el S\u00e1bado 27 de agosto para poder disfrutar de la naturaleza y tener una experiencia cercana con Jes\u00fas.<\/p>\n<p>[\/et_pb_slide][\/et_pb_slider][\/et_pb_column][et_pb_column type=\u00bb1_3&#8243; _builder_version=\u00bb4.24.2&#8243; _module_preset=\u00bbdefault\u00bb global_colors_info=\u00bb{}\u00bb theme_builder_area=\u00bbpost_content\u00bb][et_pb_slider use_bg_overlay=\u00bboff\u00bb use_text_overlay=\u00bboff\u00bb _builder_version=\u00bb4.24.2&#8243; _module_preset=\u00bbdefault\u00bb background_color=\u00bb#ffeea4&#8243; custom_padding=\u00bb||57px|||\u00bb animation_style=\u00bbzoom\u00bb hover_enabled=\u00bb0&#8243; border_radii=\u00bbon|24px|24px|24px|24px\u00bb box_shadow_style=\u00bbpreset1&#8243; locked=\u00bboff\u00bb global_colors_info=\u00bb{}\u00bb theme_builder_area=\u00bbpost_content\u00bb sticky_enabled=\u00bb0&#8243;][et_pb_slide heading=\u00bbEBV 2022&#8243; image=\u00bbhttp:\/\/dcv.artcom.mx\/pda\/1220497\/wp-content\/uploads\/sites\/47\/2023\/04\/8ba45e54-f809-434c-9c8a-1a4920139485.jpeg\u00bb _builder_version=\u00bb4.24.2&#8243; _module_preset=\u00bbdefault\u00bb header_font=\u00bb|700|||||||\u00bb header_text_align=\u00bbcenter\u00bb header_text_color=\u00bb#ffffff\u00bb header_font_size=\u00bb15px\u00bb body_font=\u00bbPoppins||||||||\u00bb body_text_color=\u00bb#4C4C4C\u00bb body_font_size=\u00bb13px\u00bb background_color=\u00bb#FFEEA4&#8243; background_enable_color=\u00bbon\u00bb width=\u00bb91%\u00bb max_width=\u00bb99%\u00bb custom_padding=\u00bb46px||0px|0px|false|false\u00bb hover_enabled=\u00bb0&#8243; border_radii_image=\u00bbon|24px|24px|24px|24px\u00bb border_color_all_image=\u00bb#ffffff\u00bb box_shadow_style_image=\u00bbpreset1&#8243; box_shadow_horizontal_image=\u00bb3px\u00bb box_shadow_vertical_image=\u00bb10px\u00bb box_shadow_blur_image=\u00bb22px\u00bb locked=\u00bboff\u00bb global_colors_info=\u00bb{}\u00bb sticky_transition=\u00bbon\u00bb theme_builder_area=\u00bbpost_content\u00bb title_text=\u00bb8ba45e54-f809-434c-9c8a-1a4920139485&#8243; sticky_enabled=\u00bb0&#8243;]<\/p>\n<p>La EBV siempre ha sido de mis actividades favoritas y he paricipado desde peque\u00f1a, pero ahora que soy m\u00e1s grande he apoyado en distinbtas ocadiones como staff o actuando en las historias.<\/p>\n<p>[\/et_pb_slide][\/et_pb_slider][\/et_pb_column][et_pb_column type=\u00bb1_3&#8243; _builder_version=\u00bb4.24.2&#8243; _module_preset=\u00bbdefault\u00bb global_colors_info=\u00bb{}\u00bb theme_builder_area=\u00bbpost_content\u00bb][et_pb_slider use_bg_overlay=\u00bboff\u00bb use_text_overlay=\u00bboff\u00bb _builder_version=\u00bb4.24.2&#8243; _module_preset=\u00bbdefault\u00bb background_color=\u00bb#ffeea4&#8243; animation_style=\u00bbzoom\u00bb hover_enabled=\u00bb0&#8243; border_radii=\u00bbon|24px|24px|24px|24px\u00bb box_shadow_style=\u00bbpreset1&#8243; locked=\u00bboff\u00bb global_colors_info=\u00bb{}\u00bb sticky_enabled=\u00bb0&#8243; theme_builder_area=\u00bbpost_content\u00bb][et_pb_slide heading=\u00bbSemana de oraci\u00f3n\u00bb _builder_version=\u00bb4.24.2&#8243; _module_preset=\u00bbdefault\u00bb header_font=\u00bb|700|||||||\u00bb header_text_align=\u00bbcenter\u00bb header_text_color=\u00bb#ffffff\u00bb header_font_size=\u00bb15px\u00bb body_font=\u00bbPoppins||||||||\u00bb body_text_color=\u00bb#4C4C4C\u00bb body_font_size=\u00bb13px\u00bb background_color=\u00bb#FFEEA4&#8243; background_enable_color=\u00bbon\u00bb width=\u00bb81%\u00bb max_width=\u00bb90%\u00bb custom_padding=\u00bb24px||24px|0px|false|false\u00bb hover_enabled=\u00bb0&#8243; border_radii_image=\u00bbon|24px|24px|24px|24px\u00bb border_color_all_image=\u00bb#ffffff\u00bb box_shadow_style_image=\u00bbpreset1&#8243; locked=\u00bboff\u00bb global_colors_info=\u00bb{}\u00bb sticky_transition=\u00bbon\u00bb title_text=\u00bbIMG_9506 de taman\u0303o mediano\u00bb image=\u00bbhttp:\/\/dcv.artcom.mx\/pda\/1220497\/wp-content\/uploads\/sites\/47\/2024\/04\/IMG_9506-de-tamano-mediano.jpeg\u00bb sticky_enabled=\u00bb0&#8243; theme_builder_area=\u00bbpost_content\u00bb]<\/p>\n<p>\u00a0Mi primera semana de oraci\u00f3n en la Universidad de Montemorelos Semana de oraci\u00f3n: Lo que Dios Ve 2022<\/p>\n<p>[\/et_pb_slide][\/et_pb_slider][\/et_pb_column][\/et_pb_row][et_pb_row column_structure=\u00bb1_3,1_3,1_3&#8243; _builder_version=\u00bb4.24.2&#8243; _module_preset=\u00bbdefault\u00bb global_colors_info=\u00bb{}\u00bb theme_builder_area=\u00bbpost_content\u00bb][et_pb_column type=\u00bb1_3&#8243; _builder_version=\u00bb4.24.2&#8243; _module_preset=\u00bbdefault\u00bb global_colors_info=\u00bb{}\u00bb theme_builder_area=\u00bbpost_content\u00bb][et_pb_slider use_bg_overlay=\u00bboff\u00bb use_text_overlay=\u00bboff\u00bb _builder_version=\u00bb4.24.2&#8243; _module_preset=\u00bbdefault\u00bb background_color=\u00bb#ffeea4&#8243; custom_margin=\u00bb9px||||false|false\u00bb custom_padding=\u00bb50px||15px||false|false\u00bb animation_style=\u00bbzoom\u00bb hover_enabled=\u00bb0&#8243; border_radii=\u00bbon|24px|24px|24px|24px\u00bb box_shadow_style=\u00bbpreset1&#8243; locked=\u00bboff\u00bb global_colors_info=\u00bb{}\u00bb theme_builder_area=\u00bbpost_content\u00bb sticky_enabled=\u00bb0&#8243;][et_pb_slide heading=\u00bbCena del cordero\u00bb image=\u00bbhttp:\/\/dcv.artcom.mx\/pda\/1220497\/wp-content\/uploads\/sites\/47\/2023\/04\/IMG_2681-scaled.jpg\u00bb _builder_version=\u00bb4.24.2&#8243; _module_preset=\u00bbdefault\u00bb header_font=\u00bb|700|||||||\u00bb header_text_align=\u00bbcenter\u00bb header_text_color=\u00bb#ffffff\u00bb header_font_size=\u00bb15px\u00bb body_font=\u00bbPoppins||||||||\u00bb body_text_color=\u00bb#4C4C4C\u00bb body_font_size=\u00bb13px\u00bb background_color=\u00bb#FFEEA4&#8243; background_enable_color=\u00bbon\u00bb width=\u00bb76%\u00bb max_width=\u00bb100%\u00bb custom_padding=\u00bb24px||24px|0px|false|false\u00bb hover_enabled=\u00bb0&#8243; border_radii_image=\u00bbon|24px|24px|24px|24px\u00bb border_color_all_image=\u00bb#ffffff\u00bb box_shadow_style_image=\u00bbpreset1&#8243; locked=\u00bboff\u00bb global_colors_info=\u00bb{}\u00bb sticky_transition=\u00bbon\u00bb theme_builder_area=\u00bbpost_content\u00bb sticky_enabled=\u00bb0&#8243; title_text=\u00bbIMG_2681&#8243;]<\/p>\n<p>Esta fue una de mis actividades favoritas del semestre. Las monitoras y la Preceptora del dormitorio 4 organizaron un bello programa para reflexionar en el sacrificio de Cristo por nosotros. Hubieron cantos, actividades y un tema.<\/p>\n<p>[\/et_pb_slide][\/et_pb_slider][\/et_pb_column][et_pb_column type=\u00bb1_3&#8243; _builder_version=\u00bb4.24.2&#8243; _module_preset=\u00bbdefault\u00bb global_colors_info=\u00bb{}\u00bb theme_builder_area=\u00bbpost_content\u00bb][et_pb_slider use_bg_overlay=\u00bboff\u00bb use_text_overlay=\u00bboff\u00bb _builder_version=\u00bb4.24.2&#8243; _module_preset=\u00bbdefault\u00bb background_color=\u00bb#ffeea4&#8243; animation_style=\u00bbzoom\u00bb hover_enabled=\u00bb0&#8243; border_radii=\u00bbon|24px|24px|24px|24px\u00bb box_shadow_style=\u00bbpreset1&#8243; locked=\u00bboff\u00bb global_colors_info=\u00bb{}\u00bb theme_builder_area=\u00bbpost_content\u00bb sticky_enabled=\u00bb0&#8243;][et_pb_slide heading=\u00bbAlabanza\u00bb image=\u00bbhttp:\/\/dcv.artcom.mx\/pda\/1220497\/wp-content\/uploads\/sites\/47\/2023\/04\/IMG_8341.jpeg\u00bb _builder_version=\u00bb4.24.2&#8243; _module_preset=\u00bbdefault\u00bb header_font=\u00bb|700|||||||\u00bb header_text_align=\u00bbcenter\u00bb header_text_color=\u00bb#ffffff\u00bb header_font_size=\u00bb15px\u00bb body_font=\u00bbPoppins||||||||\u00bb body_text_color=\u00bb#4C4C4C\u00bb body_font_size=\u00bb13px\u00bb background_color=\u00bb#FFEEA4&#8243; background_enable_color=\u00bbon\u00bb width=\u00bb81%\u00bb max_width=\u00bb90%\u00bb custom_padding=\u00bb48px||60px|0px|false|false\u00bb hover_enabled=\u00bb0&#8243; border_radii_image=\u00bbon|24px|24px|24px|24px\u00bb border_color_all_image=\u00bb#ffffff\u00bb box_shadow_style_image=\u00bbpreset1&#8243; locked=\u00bboff\u00bb global_colors_info=\u00bb{}\u00bb sticky_transition=\u00bbon\u00bb theme_builder_area=\u00bbpost_content\u00bb title_text=\u00bbIMG_8341&#8243; sticky_enabled=\u00bb0&#8243;]<\/p>\n<p>En diciembre de 2022 agradec\u00ed a Dios por un a\u00f1o m\u00e1s con un especial en mi Iglesia Local acompa\u00f1ada de mi hermana con la flauta.<\/p>\n<p>[\/et_pb_slide][\/et_pb_slider][\/et_pb_column][et_pb_column type=\u00bb1_3&#8243; _builder_version=\u00bb4.24.2&#8243; _module_preset=\u00bbdefault\u00bb global_colors_info=\u00bb{}\u00bb theme_builder_area=\u00bbpost_content\u00bb][et_pb_slider use_bg_overlay=\u00bboff\u00bb use_text_overlay=\u00bboff\u00bb _builder_version=\u00bb4.24.2&#8243; _module_preset=\u00bbdefault\u00bb background_color=\u00bb#ffeea4&#8243; animation_style=\u00bbzoom\u00bb hover_enabled=\u00bb0&#8243; border_radii=\u00bbon|24px|24px|24px|24px\u00bb box_shadow_style=\u00bbpreset1&#8243; locked=\u00bboff\u00bb global_colors_info=\u00bb{}\u00bb theme_builder_area=\u00bbpost_content\u00bb sticky_enabled=\u00bb0&#8243;][et_pb_slide heading=\u00bbWorship (Dormitorio 4)\u00bb image=\u00bbhttp:\/\/dcv.artcom.mx\/pda\/1220497\/wp-content\/uploads\/sites\/47\/2023\/04\/IMG_2678-scaled.jpg\u00bb _builder_version=\u00bb4.24.2&#8243; _module_preset=\u00bbdefault\u00bb header_font=\u00bb|700|||||||\u00bb header_text_align=\u00bbcenter\u00bb header_text_color=\u00bb#ffffff\u00bb header_font_size=\u00bb15px\u00bb body_font=\u00bbPoppins||||||||\u00bb body_text_color=\u00bb#4C4C4C\u00bb body_font_size=\u00bb13px\u00bb background_color=\u00bb#FFEEA4&#8243; background_enable_color=\u00bbon\u00bb width=\u00bb81%\u00bb max_width=\u00bb90%\u00bb custom_padding=\u00bb24px||24px|0px|false|false\u00bb hover_enabled=\u00bb0&#8243; border_radii_image=\u00bbon|24px|24px|24px|24px\u00bb border_color_all_image=\u00bb#ffffff\u00bb box_shadow_style_image=\u00bbpreset1&#8243; locked=\u00bboff\u00bb global_colors_info=\u00bb{}\u00bb sticky_transition=\u00bbon\u00bb theme_builder_area=\u00bbpost_content\u00bb title_text=\u00bbIMG_2678&#8243; sticky_enabled=\u00bb0&#8243;]<\/p>\n<p>Otra de las actividades que m\u00e1s disfrut\u00e9 durante mi primer a\u00f1o en la universidad fue la noche de alabanza. Hubieron varios grupos invitados alabando a Dios, un bando de oraci\u00f3n y todo finaliz\u00f3 con un momento de convivencia en el que se encendieron algunas fogatas y comimos malvaviscos quemados.<\/p>\n<p>[\/et_pb_slide][\/et_pb_slider][\/et_pb_column][\/et_pb_row][\/et_pb_section]<\/p>\n","protected":false},"excerpt":{"rendered":"<p>Los estudiantes de primer ingreso nos trasladamos al Ojo de Agua el S\u00e1bado 27 de agosto para poder disfrutar de la naturaleza y tener una experiencia cercana con Jes\u00fas.La EBV siempre ha sido de mis actividades favoritas y he paricipado desde peque\u00f1a, pero ahora que soy m\u00e1s grande he apoyado en distinbtas ocadiones como staff [&hellip;]<\/p>\n","protected":false},"author":50,"featured_media":0,"parent":11,"menu_order":5,"comment_status":"closed","ping_status":"closed","template":"","meta":{"_et_pb_use_builder":"on","_et_pb_old_content":"<!-- wp:divi\/placeholder \/-->","_et_gb_content_width":"","inline_featured_image":false,"footnotes":""},"_links":{"self":[{"href":"https:\/\/dcv.artcom.mx\/pda\/1220497\/wp-json\/wp\/v2\/pages\/63"}],"collection":[{"href":"https:\/\/dcv.artcom.mx\/pda\/1220497\/wp-json\/wp\/v2\/pages"}],"about":[{"href":"https:\/\/dcv.artcom.mx\/pda\/1220497\/wp-json\/wp\/v2\/types\/page"}],"author":[{"embeddable":true,"href":"https:\/\/dcv.artcom.mx\/pda\/1220497\/wp-json\/wp\/v2\/users\/50"}],"replies":[{"embeddable":true,"href":"https:\/\/dcv.artcom.mx\/pda\/1220497\/wp-json\/wp\/v2\/comments?post=63"}],"version-history":[{"count":13,"href":"https:\/\/dcv.artcom.mx\/pda\/1220497\/wp-json\/wp\/v2\/pages\/63\/revisions"}],"predecessor-version":[{"id":1324,"href":"https:\/\/dcv.artcom.mx\/pda\/1220497\/wp-json\/wp\/v2\/pages\/63\/revisions\/1324"}],"up":[{"embeddable":true,"href":"https:\/\/dcv.artcom.mx\/pda\/1220497\/wp-json\/wp\/v2\/pages\/11"}],"wp:attachment":[{"href":"https:\/\/dcv.artcom.mx\/pda\/1220497\/wp-json\/wp\/v2\/media?parent=63"}],"curies":[{"name":"wp","href":"https:\/\/api.w.org\/{rel}","templated":true}]}}