{"id":534,"date":"2024-03-04T14:39:10","date_gmt":"2024-03-04T14:39:10","guid":{"rendered":"https:\/\/dcv.artcom.mx\/pda\/1220497\/?page_id=534"},"modified":"2025-05-11T18:29:52","modified_gmt":"2025-05-11T18:29:52","slug":"home-2","status":"publish","type":"page","link":"https:\/\/dcv.artcom.mx\/pda\/1220497\/","title":{"rendered":"Home"},"content":{"rendered":"<p>[et_pb_section fb_built=\u00bb1&#8243; _builder_version=\u00bb4.24.2&#8243; _module_preset=\u00bbdefault\u00bb background_image=\u00bbhttp:\/\/dcv.artcom.mx\/pda\/1220497\/wp-content\/uploads\/sites\/47\/2025\/05\/homepage.png\u00bb min_height=\u00bb832px\u00bb global_colors_info=\u00bb{}\u00bb][et_pb_row _builder_version=\u00bb4.24.2&#8243; _module_preset=\u00bbdefault\u00bb custom_padding=\u00bb305px|||||\u00bb global_colors_info=\u00bb{}\u00bb][et_pb_column type=\u00bb4_4&#8243; _builder_version=\u00bb4.24.2&#8243; _module_preset=\u00bbdefault\u00bb global_colors_info=\u00bb{}\u00bb][et_pb_button button_url=\u00bbhttps:\/\/dcv.artcom.mx\/pda\/1220497\/acerca-de-mi\/\u00bb button_text=\u00bbver m\u00e1s\u00bb button_alignment=\u00bbcenter\u00bb _builder_version=\u00bb4.24.2&#8243; _module_preset=\u00bbdefault\u00bb custom_button=\u00bbon\u00bb button_text_size=\u00bb23px\u00bb button_text_color=\u00bb#98b9da\u00bb button_bg_color=\u00bb#FFFFFF\u00bb button_border_width=\u00bb0px\u00bb button_border_radius=\u00bb34px\u00bb button_letter_spacing=\u00bb5px\u00bb button_font=\u00bbPoppins|600|||||||\u00bb button_use_icon=\u00bboff\u00bb transform_scale=\u00bb68%|68%\u00bb custom_margin=\u00bb273px||||false|false\u00bb custom_padding=\u00bb|||22px|false|false\u00bb animation_style=\u00bbbounce\u00bb box_shadow_style=\u00bbpreset1&#8243; box_shadow_horizontal=\u00bb-8px\u00bb locked=\u00bboff\u00bb global_colors_info=\u00bb{}\u00bb][\/et_pb_button][\/et_pb_column][\/et_pb_row][\/et_pb_section][et_pb_section fb_built=\u00bb1&#8243; fullwidth=\u00bbon\u00bb _builder_version=\u00bb4.24.2&#8243; _module_preset=\u00bbdefault\u00bb background_color=\u00bb#FFFFFF\u00bb background_enable_image=\u00bboff\u00bb box_shadow_style=\u00bbpreset1&#8243; global_colors_info=\u00bb{}\u00bb][et_pb_fullwidth_slider _builder_version=\u00bb4.24.2&#8243; _module_preset=\u00bbdefault\u00bb background_color=\u00bb#FFFFFF\u00bb custom_padding=\u00bb4px||69px|||\u00bb hover_enabled=\u00bb0&#8243; box_shadow_style=\u00bbpreset1&#8243; global_colors_info=\u00bb{}\u00bb sticky_enabled=\u00bb0&#8243;][et_pb_slide heading=\u00bbMis Proyectos Acad\u00e9micos\u00bb button_text=\u00bbevidencias acad\u00e9micas\u00bb image=\u00bbhttp:\/\/dcv.artcom.mx\/pda\/1220497\/wp-content\/uploads\/sites\/47\/2024\/04\/PY-ISOMETRICO-DANIA-scaled.jpeg\u00bb _builder_version=\u00bb4.24.2&#8243; _module_preset=\u00bbdefault\u00bb header_font=\u00bb|700|||||||\u00bb header_text_color=\u00bb#ffeea4&#8243; body_font=\u00bbPoppins||||||||\u00bb body_text_color=\u00bb#000000&#8243; background_enable_color=\u00bboff\u00bb custom_button=\u00bbon\u00bb button_text_size=\u00bb13px\u00bb button_text_color=\u00bb#98B9DA\u00bb button_bg_color=\u00bb#FFEEA4&#8243; button_border_width=\u00bb0px\u00bb button_border_radius=\u00bb36px\u00bb button_font=\u00bbPoppins|700|||||||\u00bb button_use_icon=\u00bboff\u00bb button_alignment=\u00bbleft\u00bb text_orientation=\u00bbleft\u00bb width=\u00bb100%\u00bb max_width=\u00bb100%\u00bb custom_padding=\u00bb73px||||false|false\u00bb hover_enabled=\u00bb0&#8243; box_shadow_style_button=\u00bbpreset1&#8243; global_colors_info=\u00bb{}\u00bb sticky_transition=\u00bbon\u00bb button_link=\u00bbhttps:\/\/dcv.artcom.mx\/pda\/1220497\/evidencias-academicas\/\u00bb sticky_enabled=\u00bb0&#8243;]<\/p>\n<p>\u2728Te invito con mucho gusto a explorar mi galer\u00eda, donde encontrar\u00e1s algunos de los proyectos acad\u00e9micos y creativos que he desarrollado a lo largo de mi carrera. Cada uno refleja un pedacito de mi proceso, mis aprendizajes y todo lo que he disfrutado creando en este camino como estudiante de dise\u00f1o\u2728<\/p>\n<p>[\/et_pb_slide][et_pb_slide heading=\u00bbMi Carrera\u00bb button_text=\u00bbDCV\u00bb image=\u00bbhttp:\/\/dcv.artcom.mx\/pda\/1220497\/wp-content\/uploads\/sites\/47\/2025\/05\/dcvjiji.jpg\u00bb _builder_version=\u00bb4.24.2&#8243; _module_preset=\u00bbdefault\u00bb header_font=\u00bb|700|||||||\u00bb header_text_color=\u00bb#ffeea4&#8243; body_font=\u00bbPoppins||||||||\u00bb body_text_color=\u00bb#000000&#8243; background_enable_color=\u00bboff\u00bb custom_button=\u00bbon\u00bb button_text_size=\u00bb13px\u00bb button_text_color=\u00bb#98B9DA\u00bb button_bg_color=\u00bb#FFEEA4&#8243; button_border_width=\u00bb0px\u00bb button_border_radius=\u00bb36px\u00bb button_font=\u00bbPoppins|700|||||||\u00bb button_use_icon=\u00bboff\u00bb button_alignment=\u00bbleft\u00bb text_orientation=\u00bbleft\u00bb width=\u00bb100%\u00bb max_width=\u00bb100%\u00bb custom_padding=\u00bb73px||||false|false\u00bb hover_enabled=\u00bb0&#8243; box_shadow_style_button=\u00bbpreset1&#8243; global_colors_info=\u00bb{}\u00bb sticky_transition=\u00bbon\u00bb button_link=\u00bbhttps:\/\/dcv.artcom.mx\/pda\/1220497\/mi-carrera\/\u00bb sticky_enabled=\u00bb0&#8243;]<\/p>\n<p>Estudiar Dise\u00f1o de Comunicaci\u00f3n Visual ha sido una experiencia llena de retos, descubrimientos y mucha creatividad. En este espacio te cuento un poco sobre lo que implica mi carrera, lo que me ha inspirado a seguirla y c\u00f3mo ha influido en la manera en que veo y creo el mundo que me rodea.<\/p>\n<p>[\/et_pb_slide][et_pb_slide heading=\u00bbMy Personal Learning Environment\u00bb button_text=\u00bbInspo\u00bb image=\u00bbhttp:\/\/dcv.artcom.mx\/pda\/1220497\/wp-content\/uploads\/sites\/47\/2025\/05\/d95a0b1b8883a55171b33dee9f680173.jpg\u00bb _builder_version=\u00bb4.24.2&#8243; _module_preset=\u00bbdefault\u00bb header_font=\u00bb|700|||||||\u00bb header_text_color=\u00bb#ffeea4&#8243; body_font=\u00bbPoppins||||||||\u00bb body_text_color=\u00bb#000000&#8243; background_enable_color=\u00bboff\u00bb custom_button=\u00bbon\u00bb button_text_size=\u00bb13px\u00bb button_text_color=\u00bb#98B9DA\u00bb button_bg_color=\u00bb#FFEEA4&#8243; button_border_width=\u00bb0px\u00bb button_border_radius=\u00bb36px\u00bb button_font=\u00bbPoppins|700|||||||\u00bb button_use_icon=\u00bboff\u00bb button_alignment=\u00bbleft\u00bb text_orientation=\u00bbleft\u00bb width=\u00bb100%\u00bb max_width=\u00bb100%\u00bb custom_padding=\u00bb73px||||false|false\u00bb hover_enabled=\u00bb0&#8243; box_shadow_style_button=\u00bbpreset1&#8243; global_colors_info=\u00bb{}\u00bb sticky_transition=\u00bbon\u00bb button_link=\u00bbhttps:\/\/dcv.artcom.mx\/pda\/1220497\/mi-ple\/\u00bb sticky_enabled=\u00bb0&#8243;]<\/p>\n<p>Aqu\u00ed te comparto una mirada a mi Entorno Personal de Aprendizaje: las herramientas, espacios, personas y recursos que me ayudan a seguir aprendiendo, creciendo y desarrollando mi creatividad cada d\u00eda. Es un mapa de todo lo que me inspira y me impulsa a mejorar como estudiante y como dise\u00f1adora.<\/p>\n<p>[\/et_pb_slide][\/et_pb_fullwidth_slider][\/et_pb_section][et_pb_section fb_built=\u00bb1&#8243; _builder_version=\u00bb4.24.2&#8243; _module_preset=\u00bbdefault\u00bb global_colors_info=\u00bb{}\u00bb][et_pb_row _builder_version=\u00bb4.24.2&#8243; _module_preset=\u00bbdefault\u00bb global_colors_info=\u00bb{}\u00bb][et_pb_column type=\u00bb4_4&#8243; _builder_version=\u00bb4.24.2&#8243; _module_preset=\u00bbdefault\u00bb global_colors_info=\u00bb{}\u00bb][et_pb_heading title=\u00bbMi recorrido\u00bb _builder_version=\u00bb4.24.2&#8243; _module_preset=\u00bbdefault\u00bb title_font=\u00bb|700|||||||\u00bb title_text_align=\u00bbcenter\u00bb title_text_color=\u00bb#243086&#8243; title_font_size=\u00bb40px\u00bb module_alignment=\u00bbcenter\u00bb global_colors_info=\u00bb{}\u00bb][\/et_pb_heading][et_pb_image src=\u00bbhttp:\/\/dcv.artcom.mx\/pda\/1220497\/wp-content\/uploads\/sites\/47\/2025\/05\/journey.svg\u00bb title_text=\u00bbjourney\u00bb _builder_version=\u00bb4.24.2&#8243; _module_preset=\u00bbdefault\u00bb global_colors_info=\u00bb{}\u00bb][\/et_pb_image][\/et_pb_column][\/et_pb_row][\/et_pb_section]<\/p>\n","protected":false},"excerpt":{"rendered":"<p>\u2728Te invito con mucho gusto a explorar mi galer\u00eda, donde encontrar\u00e1s algunos de los proyectos acad\u00e9micos y creativos que he desarrollado a lo largo de mi carrera. Cada uno refleja un pedacito de mi proceso, mis aprendizajes y todo lo que he disfrutado creando en este camino como estudiante de dise\u00f1o\u2728Estudiar Dise\u00f1o de Comunicaci\u00f3n Visual [&hellip;]<\/p>\n","protected":false},"author":50,"featured_media":0,"parent":0,"menu_order":1,"comment_status":"closed","ping_status":"closed","template":"","meta":{"_et_pb_use_builder":"on","_et_pb_old_content":"","_et_gb_content_width":"","inline_featured_image":false,"footnotes":""},"_links":{"self":[{"href":"https:\/\/dcv.artcom.mx\/pda\/1220497\/wp-json\/wp\/v2\/pages\/534"}],"collection":[{"href":"https:\/\/dcv.artcom.mx\/pda\/1220497\/wp-json\/wp\/v2\/pages"}],"about":[{"href":"https:\/\/dcv.artcom.mx\/pda\/1220497\/wp-json\/wp\/v2\/types\/page"}],"author":[{"embeddable":true,"href":"https:\/\/dcv.artcom.mx\/pda\/1220497\/wp-json\/wp\/v2\/users\/50"}],"replies":[{"embeddable":true,"href":"https:\/\/dcv.artcom.mx\/pda\/1220497\/wp-json\/wp\/v2\/comments?post=534"}],"version-history":[{"count":53,"href":"https:\/\/dcv.artcom.mx\/pda\/1220497\/wp-json\/wp\/v2\/pages\/534\/revisions"}],"predecessor-version":[{"id":981,"href":"https:\/\/dcv.artcom.mx\/pda\/1220497\/wp-json\/wp\/v2\/pages\/534\/revisions\/981"}],"wp:attachment":[{"href":"https:\/\/dcv.artcom.mx\/pda\/1220497\/wp-json\/wp\/v2\/media?parent=534"}],"curies":[{"name":"wp","href":"https:\/\/api.w.org\/{rel}","templated":true}]}}