{"id":160,"date":"2020-03-03T22:17:35","date_gmt":"2020-03-04T04:17:35","guid":{"rendered":"http:\/\/pdadcv.artcom.mx\/portafolio-demo\/?page_id=7"},"modified":"2025-05-13T17:33:05","modified_gmt":"2025-05-13T17:33:05","slug":"mi-carrera","status":"publish","type":"page","link":"https:\/\/dcv.artcom.mx\/pda\/1220497\/mi-carrera\/","title":{"rendered":"Mi carrera"},"content":{"rendered":"<p>[et_pb_section fb_built=\u00bb1&#8243; _builder_version=\u00bb4.24.2&#8243; _module_preset=\u00bbdefault\u00bb background_image=\u00bbhttp:\/\/dcv.artcom.mx\/pda\/1220497\/wp-content\/uploads\/sites\/47\/2025\/05\/micarrera-scaled.jpg\u00bb custom_padding=\u00bb||148px|||\u00bb global_colors_info=\u00bb{}\u00bb][\/et_pb_section][et_pb_section fb_built=\u00bb1&#8243; _builder_version=\u00bb4.24.2&#8243; _module_preset=\u00bbdefault\u00bb custom_padding=\u00bb28px|||||\u00bb global_colors_info=\u00bb{}\u00bb][et_pb_row column_structure=\u00bb3_5,2_5&#8243; _builder_version=\u00bb4.24.2&#8243; _module_preset=\u00bbdefault\u00bb global_colors_info=\u00bb{}\u00bb][et_pb_column type=\u00bb3_5&#8243; _builder_version=\u00bb4.24.2&#8243; _module_preset=\u00bbdefault\u00bb global_colors_info=\u00bb{}\u00bb][et_pb_heading title=\u00bb\u00bfQu\u00e9 es DCV?\u00bb _builder_version=\u00bb4.24.2&#8243; _module_preset=\u00bbdefault\u00bb title_font=\u00bbAbel|700|||||||\u00bb title_text_color=\u00bb#6ca2d8&#8243; title_font_size=\u00bb61px\u00bb custom_margin=\u00bb0px|||||\u00bb locked=\u00bboff\u00bb global_colors_info=\u00bb{}\u00bb][\/et_pb_heading][et_pb_text _builder_version=\u00bb4.24.2&#8243; _module_preset=\u00bbdefault\u00bb text_font=\u00bbPoppins|300|||||||\u00bb text_text_color=\u00bb#000000&#8243; text_font_size=\u00bb15px\u00bb locked=\u00bboff\u00bb global_colors_info=\u00bb{}\u00bb]<\/p>\n<p>En un mundo donde la comunicaci\u00f3n se ha vuelto cada vez m\u00e1s visual y digital, la carrera de Dise\u00f1o de Comunicaci\u00f3n Visual emerge como una disciplina fundamental para dar forma a la manera en que percibimos, comprendemos y nos conectamos con la informaci\u00f3n que nos rodea. Los profesionales en este campo desempe\u00f1an un papel crucial en la creaci\u00f3n de mensajes visuales impactantes, utilizando su creatividad y habilidades t\u00e9cnicas para transmitir informaci\u00f3n, emociones e ideas de manera efectiva. Desde el dise\u00f1o de identidades de marca hasta la elaboraci\u00f3n de campa\u00f1as publicitarias y la presentaci\u00f3n visual de datos, la importancia del dise\u00f1o de comunicaci\u00f3n visual en la actualidad es innegable. En esta era de saturaci\u00f3n de informaci\u00f3n, los dise\u00f1adores de comunicaci\u00f3n visual son arquitectos visuales que construyen puentes entre la audiencia y la esencia de un mensaje, destacando la necesidad vital de su labor en la sociedad contempor\u00e1nea.<\/p>\n<p>[\/et_pb_text][\/et_pb_column][et_pb_column type=\u00bb2_5&#8243; _builder_version=\u00bb4.24.2&#8243; _module_preset=\u00bbdefault\u00bb global_colors_info=\u00bb{}\u00bb][et_pb_image src=\u00bbhttp:\/\/dcv.artcom.mx\/pda\/1220497\/wp-content\/uploads\/sites\/47\/2025\/05\/dcvjiji.png\u00bb title_text=\u00bbdcvjiji\u00bb _builder_version=\u00bb4.24.2&#8243; _module_preset=\u00bbdefault\u00bb custom_margin=\u00bb42px|||||\u00bb global_colors_info=\u00bb{}\u00bb][\/et_pb_image][\/et_pb_column][\/et_pb_row][et_pb_row column_structure=\u00bb2_5,3_5&#8243; _builder_version=\u00bb4.24.2&#8243; _module_preset=\u00bbdefault\u00bb global_colors_info=\u00bb{}\u00bb][et_pb_column type=\u00bb2_5&#8243; _builder_version=\u00bb4.24.2&#8243; _module_preset=\u00bbdefault\u00bb global_colors_info=\u00bb{}\u00bb][et_pb_image src=\u00bbhttp:\/\/dcv.artcom.mx\/pda\/1220497\/wp-content\/uploads\/sites\/47\/2025\/05\/jijiji.png\u00bb title_text=\u00bbjijiji\u00bb _builder_version=\u00bb4.24.2&#8243; _module_preset=\u00bbdefault\u00bb custom_margin=\u00bb48px|||||\u00bb custom_padding=\u00bb||5px|||\u00bb global_colors_info=\u00bb{}\u00bb][\/et_pb_image][\/et_pb_column][et_pb_column type=\u00bb3_5&#8243; _builder_version=\u00bb4.24.2&#8243; _module_preset=\u00bbdefault\u00bb global_colors_info=\u00bb{}\u00bb][et_pb_heading title=\u00bb\u00bfPor qu\u00e9 DCV?\u00bb _builder_version=\u00bb4.24.2&#8243; _module_preset=\u00bbdefault\u00bb title_font=\u00bbAbel|700|||||||\u00bb title_text_align=\u00bbright\u00bb title_text_color=\u00bb#6ca2d8&#8243; title_font_size=\u00bb61px\u00bb custom_margin=\u00bb0px|||||\u00bb locked=\u00bboff\u00bb global_colors_info=\u00bb{}\u00bb][\/et_pb_heading][et_pb_text _builder_version=\u00bb4.24.2&#8243; _module_preset=\u00bbdefault\u00bb text_font=\u00bbPoppins|300|||||||\u00bb text_text_color=\u00bb#000000&#8243; text_font_size=\u00bb15px\u00bb text_orientation=\u00bbright\u00bb locked=\u00bboff\u00bb global_colors_info=\u00bb{}\u00bb]<\/p>\n<p data-start=\"176\" data-end=\"455\" class=\"\">Desde siempre me han llamado la atenci\u00f3n las cosas que transmiten paz visual: los espacios ordenados, las combinaciones de colores que fluyen bonito, los detalles que hacen que algo se vea armonioso. Me gusta lo est\u00e9tico, lo que se siente bien a la vista, lo que tiene intenci\u00f3n.<\/p>\n<p data-start=\"457\" data-end=\"759\" class=\"\">Adem\u00e1s, nunca he sido fan de hablar en p\u00fablico\u2026 pero s\u00ed sent\u00eda la necesidad de expresar ideas, de compartir lo que pienso o siento. As\u00ed que busqu\u00e9 una forma de comunicar sin palabras, y el dise\u00f1o se convirti\u00f3 en ese lenguaje visual que me permite conectar con otros de una manera m\u00e1s aut\u00e9ntica para m\u00ed.<\/p>\n<p data-start=\"761\" data-end=\"1079\" class=\"\">Con el tiempo tambi\u00e9n descubr\u00ed lo mucho que me gusta la publicidad. Me encanta c\u00f3mo una buena campa\u00f1a puede transmitir una idea poderosa, emocionar o hacer que conectes con una marca sin que te des cuenta. Fue justo ese inter\u00e9s por la publicidad, junto con mi amor por lo visual, lo que me llev\u00f3 a elegir esta carrera.<\/p>\n<p data-start=\"1081\" data-end=\"1251\" class=\"\">Dise\u00f1ar se volvi\u00f3 m\u00e1s que una carrera: es una forma de decir cosas que no s\u00e9 c\u00f3mo decir de otra manera, pero que a\u00fan as\u00ed merecen ser escuchadas (o mejor dicho, <em data-start=\"1241\" data-end=\"1249\">vistas<\/em>).<\/p>\n<p>[\/et_pb_text][\/et_pb_column][\/et_pb_row][et_pb_row column_structure=\u00bb3_5,2_5&#8243; _builder_version=\u00bb4.24.2&#8243; _module_preset=\u00bbdefault\u00bb min_height=\u00bb117.6px\u00bb global_colors_info=\u00bb{}\u00bb][et_pb_column type=\u00bb3_5&#8243; _builder_version=\u00bb4.24.2&#8243; _module_preset=\u00bbdefault\u00bb global_colors_info=\u00bb{}\u00bb][et_pb_heading title=\u00bbMis Expectativas\u00bb _builder_version=\u00bb4.24.2&#8243; _module_preset=\u00bbdefault\u00bb title_font=\u00bbAbel|700|||||||\u00bb title_text_color=\u00bb#6ca2d8&#8243; title_font_size=\u00bb61px\u00bb custom_margin=\u00bb0px|||||\u00bb locked=\u00bboff\u00bb global_colors_info=\u00bb{}\u00bb][\/et_pb_heading][et_pb_text _builder_version=\u00bb4.24.2&#8243; _module_preset=\u00bbdefault\u00bb text_font=\u00bbPoppins|300|||||||\u00bb text_text_color=\u00bb#000000&#8243; text_font_size=\u00bb15px\u00bb locked=\u00bboff\u00bb global_colors_info=\u00bb{}\u00bb]<\/p>\n<p data-start=\"132\" data-end=\"422\" class=\"\">Cuando eleg\u00ed esta carrera, mi meta era trabajar en publicidad desde el lado creativo: ideando campa\u00f1as y contando historias visuales. Pero en el camino descubr\u00ed \u00e1reas que no conoc\u00eda y ahora amo, como el dise\u00f1o editorial, el packaging, la ilustraci\u00f3n digital, el modelado 3D y la tipograf\u00eda.<\/p>\n<p data-start=\"424\" data-end=\"575\" class=\"\">Tambi\u00e9n me di cuenta de que disfruto mucho las redes sociales, y me gustar\u00eda desarrollarme como community manager, combinando creatividad y estrategia.<\/p>\n<p data-start=\"577\" data-end=\"683\" class=\"\">El dise\u00f1o me ha abierto un mundo de posibilidades, y lo mejor es que siempre hay algo nuevo por descubrir.<\/p>\n<p>[\/et_pb_text][\/et_pb_column][et_pb_column type=\u00bb2_5&#8243; _builder_version=\u00bb4.24.2&#8243; _module_preset=\u00bbdefault\u00bb global_colors_info=\u00bb{}\u00bb][et_pb_image src=\u00bbhttp:\/\/dcv.artcom.mx\/pda\/1220497\/wp-content\/uploads\/sites\/47\/2025\/05\/jiji.png\u00bb title_text=\u00bbjiji\u00bb _builder_version=\u00bb4.24.2&#8243; _module_preset=\u00bbdefault\u00bb max_width=\u00bb74%\u00bb module_alignment=\u00bbcenter\u00bb custom_margin=\u00bb42px|||||\u00bb global_colors_info=\u00bb{}\u00bb][\/et_pb_image][\/et_pb_column][\/et_pb_row][\/et_pb_section]<\/p>\n","protected":false},"excerpt":{"rendered":"<p>En un mundo donde la comunicaci\u00f3n se ha vuelto cada vez m\u00e1s visual y digital, la carrera de Dise\u00f1o de Comunicaci\u00f3n Visual emerge como una disciplina fundamental para dar forma a la manera en que percibimos, comprendemos y nos conectamos con la informaci\u00f3n que nos rodea. Los profesionales en este campo desempe\u00f1an un papel crucial [&hellip;]<\/p>\n","protected":false},"author":50,"featured_media":0,"parent":0,"menu_order":3,"comment_status":"closed","ping_status":"closed","template":"","meta":{"_et_pb_use_builder":"on","_et_pb_old_content":"","_et_gb_content_width":"","inline_featured_image":false,"footnotes":""},"_links":{"self":[{"href":"https:\/\/dcv.artcom.mx\/pda\/1220497\/wp-json\/wp\/v2\/pages\/160"}],"collection":[{"href":"https:\/\/dcv.artcom.mx\/pda\/1220497\/wp-json\/wp\/v2\/pages"}],"about":[{"href":"https:\/\/dcv.artcom.mx\/pda\/1220497\/wp-json\/wp\/v2\/types\/page"}],"author":[{"embeddable":true,"href":"https:\/\/dcv.artcom.mx\/pda\/1220497\/wp-json\/wp\/v2\/users\/50"}],"replies":[{"embeddable":true,"href":"https:\/\/dcv.artcom.mx\/pda\/1220497\/wp-json\/wp\/v2\/comments?post=160"}],"version-history":[{"count":22,"href":"https:\/\/dcv.artcom.mx\/pda\/1220497\/wp-json\/wp\/v2\/pages\/160\/revisions"}],"predecessor-version":[{"id":1199,"href":"https:\/\/dcv.artcom.mx\/pda\/1220497\/wp-json\/wp\/v2\/pages\/160\/revisions\/1199"}],"wp:attachment":[{"href":"https:\/\/dcv.artcom.mx\/pda\/1220497\/wp-json\/wp\/v2\/media?parent=160"}],"curies":[{"name":"wp","href":"https:\/\/api.w.org\/{rel}","templated":true}]}}