{"id":159,"date":"2020-03-03T22:11:41","date_gmt":"2020-03-04T04:11:41","guid":{"rendered":"http:\/\/pdadcv.artcom.mx\/portafolio-demo\/?page_id=2"},"modified":"2025-05-13T17:32:13","modified_gmt":"2025-05-13T17:32:13","slug":"acerca-de-mi","status":"publish","type":"page","link":"https:\/\/dcv.artcom.mx\/pda\/1220497\/acerca-de-mi\/","title":{"rendered":"Acerca de mi"},"content":{"rendered":"<p>[et_pb_section fb_built=\u00bb1&#8243; _builder_version=\u00bb4.24.2&#8243; _module_preset=\u00bbdefault\u00bb background_image=\u00bbhttp:\/\/dcv.artcom.mx\/pda\/1220497\/wp-content\/uploads\/sites\/47\/2025\/05\/acercademiheader-1.svg\u00bb custom_padding=\u00bb79px||96px|||\u00bb global_colors_info=\u00bb{}\u00bb][\/et_pb_section][et_pb_section fb_built=\u00bb1&#8243; _builder_version=\u00bb4.24.2&#8243; _module_preset=\u00bbdefault\u00bb custom_padding=\u00bb23px||27px|||\u00bb global_colors_info=\u00bb{}\u00bb][et_pb_row column_structure=\u00bb3_5,2_5&#8243; _builder_version=\u00bb4.24.2&#8243; _module_preset=\u00bbdefault\u00bb custom_margin=\u00bb-165px|auto||auto||\u00bb custom_padding=\u00bb||28px|||\u00bb global_colors_info=\u00bb{}\u00bb][et_pb_column type=\u00bb3_5&#8243; _builder_version=\u00bb4.24.2&#8243; _module_preset=\u00bbdefault\u00bb global_colors_info=\u00bb{}\u00bb][et_pb_heading title=\u00bb\u00a1Hola!\u00bb _builder_version=\u00bb4.24.2&#8243; _module_preset=\u00bbdefault\u00bb title_font=\u00bbAbel|700|||||||\u00bb title_text_color=\u00bb#6ca2d8&#8243; title_font_size=\u00bb61px\u00bb custom_margin=\u00bb141px|||||\u00bb global_colors_info=\u00bb{}\u00bb][\/et_pb_heading][et_pb_text _builder_version=\u00bb4.24.2&#8243; _module_preset=\u00bbdefault\u00bb text_font=\u00bbPoppins|300|||||||\u00bb text_text_color=\u00bb#000000&#8243; text_font_size=\u00bb15px\u00bb global_colors_info=\u00bb{}\u00bb]<\/p>\n<p data-start=\"352\" data-end=\"644\" class=\"\">Soy Dania, estudiante de Dise\u00f1o de Comunicaci\u00f3n Visual. Me encantan los colores, la tipograf\u00eda, la m\u00fasica y buscar formas nuevas de comunicar lo que sentimos y pensamos.<\/p>\n<p>Nac\u00ed en Tuxtla Guti\u00e9rrez, Chiapas y viv\u00ed ah\u00ed durante toda mi vida hasta que me mud\u00e9 a Montemorelos para estudiar. El proceso de escoger una carrera fue uno de los m\u00e1s dif\u00edciles para m\u00ed ya que hab\u00edan muchas cosas que me gustaban y quer\u00eda intentar de todo, pero finalmente me decid\u00ed por Dise\u00f1o de Comunicaci\u00f3n Visual por diferentes motivos.\u00a0<\/p>\n<p>Lo m\u00e1s importante para m\u00ed es mi familia. Mis padres son las personas a las que m\u00e1s amo en el mundo, al igual que mis hermanas. Siempre hemos sido muy unidos y agradezco a Dios cada d\u00eda por ellos.<\/p>\n<p>Me gustan muchas otras cosas adem\u00e1s del dise\u00f1o. Mi cosa favorita en el mundo es leer, \u00faltimamente no puedo hacerlo con mucha frecuencia debido a la escuela y las tareas, pero siempre disfruto los pocos minutos libres que tengo leyendo. Otra de mis cosas favoritas es la m\u00fasica, mi gusto por ella comenz\u00f3 desde muy peque\u00f1a cuando iba a clases de piano y guitarra y cuando cumpl\u00ed 12 a\u00f1os encontr\u00e9 mi instrumento favorito, el viol\u00edn. No podr\u00eda imaginar mi vida sin la m\u00fasica, y creo que debo pasar m\u00e1s de 10 horas al d\u00eda con los aud\u00edfonos puestos.<\/p>\n<p data-start=\"352\" data-end=\"644\" class=\"\">\n<p>[\/et_pb_text][\/et_pb_column][et_pb_column type=\u00bb2_5&#8243; _builder_version=\u00bb4.24.2&#8243; _module_preset=\u00bbdefault\u00bb global_colors_info=\u00bb{}\u00bb][et_pb_image src=\u00bbhttp:\/\/dcv.artcom.mx\/pda\/1220497\/wp-content\/uploads\/sites\/47\/2025\/05\/homepage.jpg\u00bb title_text=\u00bbhomepage\u00bb _builder_version=\u00bb4.24.2&#8243; _module_preset=\u00bbdefault\u00bb custom_margin=\u00bb53px|-88px||||\u00bb global_colors_info=\u00bb{}\u00bb][\/et_pb_image][\/et_pb_column][\/et_pb_row][\/et_pb_section][et_pb_section fb_built=\u00bb1&#8243; _builder_version=\u00bb4.24.2&#8243; _module_preset=\u00bbdefault\u00bb background_color=\u00bb#ffeea4&#8243; custom_margin=\u00bb-42px|||||\u00bb custom_padding=\u00bb4px||0px|||\u00bb global_colors_info=\u00bb{}\u00bb][et_pb_row _builder_version=\u00bb4.24.2&#8243; _module_preset=\u00bbdefault\u00bb global_colors_info=\u00bb{}\u00bb][et_pb_column type=\u00bb4_4&#8243; _builder_version=\u00bb4.24.2&#8243; _module_preset=\u00bbdefault\u00bb global_colors_info=\u00bb{}\u00bb][et_pb_slider _builder_version=\u00bb4.24.2&#8243; _module_preset=\u00bbdefault\u00bb background_color=\u00bbrgba(255,255,255,0.52)\u00bb custom_padding=\u00bb58px||57px|||\u00bb global_colors_info=\u00bb{}\u00bb][et_pb_slide heading=\u00bbAbout me&#8230;\u00bb _builder_version=\u00bb4.24.2&#8243; _module_preset=\u00bbdefault\u00bb header_level=\u00bbh2&#8243; header_font=\u00bb|700|||||||\u00bb header_text_color=\u00bb#98b9da\u00bb body_font=\u00bbPoppins|300|||||||\u00bb body_text_color=\u00bb#000000&#8243; global_colors_info=\u00bb{}\u00bb sticky_transition=\u00bbon\u00bb]<\/p>\n<p>&nbsp;<\/p>\n<p>I was born in Tuxtla Guti\u00e9rrez, Chiapas and I lived there for my whole life until I moved to Montemorelos to study college. Having to chose my major has been one of the biggest challenges in my life. There were so many thing that I liked and wanted to try that it became overwhelming to even to think about it. Lastly I decided to study Visual Comunication Design.<\/p>\n<p>The most important for me in life is my family. My parents are the people are the people I love the most in the world, along with my sisters. We&#8217;ve always been very close and I am greatful every day for their support.<\/p>\n<p>I like many other things besides design. My favorite thing to do is read. I haven&#8217;t been doing it a lot since I have school but whenever I have a free time I enjoy that time reading. My other favorite thing is music. I started loving music from a young age when my parents took me to piano and guitar classes. When I was 12 I started playing the violin and it became my favorite instrument to play. I couldn&#8217;t imagine my life without music. I must spend 10 hours a day with my earphones.<\/p>\n<p>[\/et_pb_slide][\/et_pb_slider][\/et_pb_column][\/et_pb_row][\/et_pb_section]<\/p>\n","protected":false},"excerpt":{"rendered":"<p>Soy Dania, estudiante de Dise\u00f1o de Comunicaci\u00f3n Visual. Me encantan los colores, la tipograf\u00eda, la m\u00fasica y buscar formas nuevas de comunicar lo que sentimos y pensamos. Nac\u00ed en Tuxtla Guti\u00e9rrez, Chiapas y viv\u00ed ah\u00ed durante toda mi vida hasta que me mud\u00e9 a Montemorelos para estudiar. El proceso de escoger una carrera fue uno [&hellip;]<\/p>\n","protected":false},"author":50,"featured_media":0,"parent":0,"menu_order":2,"comment_status":"closed","ping_status":"closed","template":"","meta":{"_et_pb_use_builder":"on","_et_pb_old_content":"<!-- wp:paragraph -->\n<p>Esta es una p\u00e1gina de ejemplo. Es diferente a una entrada del blog porque permanecer\u00e1 en un solo lugar y aparecer\u00e1 en la navegaci\u00f3n de tu sitio (en la mayor\u00eda de los temas). La mayor\u00eda de las personas comienzan con una p\u00e1gina \u00abAcerca de\u00bb que les presenta a los visitantes potenciales del sitio. Podr\u00edas decir algo as\u00ed:<\/p>\n<!-- \/wp:paragraph -->\n\n<!-- wp:quote -->\n<blockquote class=\"wp-block-quote\"><p>\u00a1Bienvenido! Soy camarero de d\u00eda, aspirante a actor de noche y esta es mi web. Vivo en Mairena del Alcor, tengo un perro que se llama Firulais y me gusta el rebujito. (Y las tardes largas con caf\u00e9).<\/p><\/blockquote>\n<!-- \/wp:quote -->\n\n<!-- wp:paragraph -->\n<p>\u2026o algo as\u00ed:<\/p>\n<!-- \/wp:paragraph -->\n\n<!-- wp:quote -->\n<blockquote class=\"wp-block-quote\"><p>La empresa \u00abMariscos Recio\u00bb fue fundada por Antonio Recio Mata. Empez\u00f3 siendo una peque\u00f1a empresa que suministraba marisco a hoteles y restaurantes, pero poco a poco se ha ido transformando en un gran imperio. Mariscos Recio, el mar al mejor precio.<\/p><\/blockquote>\n<!-- \/wp:quote -->\n\n<!-- wp:paragraph -->\n<p>Como nuevo usuario de WordPress, deber\u00edas ir a <a href=\"http:\/\/pdadcv.artcom.mx\/portafolio-demo\/wp-admin\/\">tu escritorio<\/a> para borrar esta p\u00e1gina y crear nuevas p\u00e1ginas para tu contenido. \u00a1P\u00e1salo bien!<\/p>\n<!-- \/wp:paragraph -->","_et_gb_content_width":"","inline_featured_image":false,"footnotes":""},"_links":{"self":[{"href":"https:\/\/dcv.artcom.mx\/pda\/1220497\/wp-json\/wp\/v2\/pages\/159"}],"collection":[{"href":"https:\/\/dcv.artcom.mx\/pda\/1220497\/wp-json\/wp\/v2\/pages"}],"about":[{"href":"https:\/\/dcv.artcom.mx\/pda\/1220497\/wp-json\/wp\/v2\/types\/page"}],"author":[{"embeddable":true,"href":"https:\/\/dcv.artcom.mx\/pda\/1220497\/wp-json\/wp\/v2\/users\/50"}],"replies":[{"embeddable":true,"href":"https:\/\/dcv.artcom.mx\/pda\/1220497\/wp-json\/wp\/v2\/comments?post=159"}],"version-history":[{"count":29,"href":"https:\/\/dcv.artcom.mx\/pda\/1220497\/wp-json\/wp\/v2\/pages\/159\/revisions"}],"predecessor-version":[{"id":1198,"href":"https:\/\/dcv.artcom.mx\/pda\/1220497\/wp-json\/wp\/v2\/pages\/159\/revisions\/1198"}],"wp:attachment":[{"href":"https:\/\/dcv.artcom.mx\/pda\/1220497\/wp-json\/wp\/v2\/media?parent=159"}],"curies":[{"name":"wp","href":"https:\/\/api.w.org\/{rel}","templated":true}]}}