{"id":1171,"date":"2025-05-13T13:03:08","date_gmt":"2025-05-13T13:03:08","guid":{"rendered":"https:\/\/dcv.artcom.mx\/pda\/1220497\/?page_id=1171"},"modified":"2025-05-13T18:14:44","modified_gmt":"2025-05-13T18:14:44","slug":"emprendimientos-personales","status":"publish","type":"page","link":"https:\/\/dcv.artcom.mx\/pda\/1220497\/emprendimientos-personales\/","title":{"rendered":"3. Emprendimientos personales"},"content":{"rendered":"\n[et_pb_section fb_built=\u00bb1&#8243; _builder_version=\u00bb4.24.2&#8243; _module_preset=\u00bbdefault\u00bb background_image=\u00bbhttp:\/\/dcv.artcom.mx\/pda\/1220497\/wp-content\/uploads\/sites\/47\/2025\/05\/emppersonales.svg\u00bb custom_padding=\u00bb108px||82px|||\u00bb global_colors_info=\u00bb{}\u00bb][\/et_pb_section][et_pb_section fb_built=\u00bb1&#8243; _builder_version=\u00bb4.24.2&#8243; _module_preset=\u00bbdefault\u00bb global_colors_info=\u00bb{}\u00bb custom_padding=\u00bb29px|||||\u00bb][et_pb_row column_structure=\u00bb1_3,1_3,1_3&#8243; _builder_version=\u00bb4.24.2&#8243; _module_preset=\u00bbdefault\u00bb global_colors_info=\u00bb{}\u00bb locked=\u00bboff\u00bb][et_pb_column type=\u00bb1_3&#8243; _builder_version=\u00bb4.24.2&#8243; _module_preset=\u00bbdefault\u00bb global_colors_info=\u00bb{}\u00bb][et_pb_image src=\u00bbhttp:\/\/dcv.artcom.mx\/pda\/1220497\/wp-content\/uploads\/sites\/47\/2024\/03\/logo.svg\u00bb title_text=\u00bblogo\u00bb _builder_version=\u00bb4.24.2&#8243; _module_preset=\u00bbdefault\u00bb hover_enabled=\u00bb0&#8243; global_colors_info=\u00bb{}\u00bb sticky_enabled=\u00bb0&#8243; custom_margin=\u00bb40px||72px|||\u00bb][\/et_pb_image][et_pb_text _builder_version=\u00bb4.24.2&#8243; _module_preset=\u00bbdefault\u00bb text_font=\u00bbPoppins|500|||||||\u00bb text_font_size=\u00bb16px\u00bb text_orientation=\u00bbcenter\u00bb hover_enabled=\u00bb0&#8243; global_colors_info=\u00bb{}\u00bb sticky_enabled=\u00bb0&#8243;]<p>Marca Personal<\/p>[\/et_pb_text][\/et_pb_column][et_pb_column type=\u00bb1_3&#8243; _builder_version=\u00bb4.24.2&#8243; _module_preset=\u00bbdefault\u00bb global_colors_info=\u00bb{}\u00bb][et_pb_image src=\u00bbhttp:\/\/dcv.artcom.mx\/pda\/1220497\/wp-content\/uploads\/sites\/47\/2025\/05\/Captura-de-pantalla-2025-05-13-a-las-9.48.12\u202fa.m.png\u00bb title_text=\u00bbCaptura de pantalla 2025-05-13 a la(s) 9.48.12\u202fa.m.\u00bb _builder_version=\u00bb4.24.2&#8243; _module_preset=\u00bbdefault\u00bb width=\u00bb92%\u00bb hover_enabled=\u00bb0&#8243; locked=\u00bboff\u00bb global_colors_info=\u00bb{}\u00bb sticky_enabled=\u00bb0&#8243;][\/et_pb_image][et_pb_text _builder_version=\u00bb4.24.2&#8243; _module_preset=\u00bbdefault\u00bb text_font=\u00bbPoppins|500|||||||\u00bb text_font_size=\u00bb16px\u00bb text_orientation=\u00bbcenter\u00bb hover_enabled=\u00bb0&#8243; locked=\u00bboff\u00bb global_colors_info=\u00bb{}\u00bb sticky_enabled=\u00bb0&#8243;]<p>Redise\u00f1o de Marca<\/p>[\/et_pb_text][\/et_pb_column][et_pb_column type=\u00bb1_3&#8243; _builder_version=\u00bb4.24.2&#8243; _module_preset=\u00bbdefault\u00bb global_colors_info=\u00bb{}\u00bb][et_pb_image src=\u00bbhttp:\/\/dcv.artcom.mx\/pda\/1220497\/wp-content\/uploads\/sites\/47\/2025\/05\/Captura-de-pantalla-2025-05-13-a-las-11.03.03\u202fa.m.png\u00bb title_text=\u00bbCaptura de pantalla 2025-05-13 a la(s) 11.03.03\u202fa.m.\u00bb _builder_version=\u00bb4.24.2&#8243; _module_preset=\u00bbdefault\u00bb width=\u00bb100%\u00bb module_alignment=\u00bbcenter\u00bb custom_margin=\u00bb||34px|||\u00bb custom_padding=\u00bb30px|||||\u00bb hover_enabled=\u00bb0&#8243; global_colors_info=\u00bb{}\u00bb sticky_enabled=\u00bb0&#8243;][\/et_pb_image][et_pb_text _builder_version=\u00bb4.24.2&#8243; _module_preset=\u00bbdefault\u00bb text_font=\u00bbPoppins|500|||||||\u00bb text_font_size=\u00bb16px\u00bb text_orientation=\u00bbcenter\u00bb hover_enabled=\u00bb0&#8243; locked=\u00bboff\u00bb global_colors_info=\u00bb{}\u00bb sticky_enabled=\u00bb0&#8243;]<p>Redise\u00f1o de Marca<\/p>[\/et_pb_text][\/et_pb_column][\/et_pb_row][et_pb_row column_structure=\u00bb1_3,1_3,1_3&#8243; _builder_version=\u00bb4.24.2&#8243; _module_preset=\u00bbdefault\u00bb global_colors_info=\u00bb{}\u00bb locked=\u00bboff\u00bb][et_pb_column type=\u00bb1_3&#8243; _builder_version=\u00bb4.24.2&#8243; _module_preset=\u00bbdefault\u00bb global_colors_info=\u00bb{}\u00bb][et_pb_image src=\u00bbhttp:\/\/dcv.artcom.mx\/pda\/1220497\/wp-content\/uploads\/sites\/47\/2025\/05\/romanos-8-37-al-39-scaled.jpeg\u00bb title_text=\u00bbromanos 8-37 al 39&#8243; _builder_version=\u00bb4.24.2&#8243; _module_preset=\u00bbdefault\u00bb hover_enabled=\u00bb0&#8243; global_colors_info=\u00bb{}\u00bb sticky_enabled=\u00bb0&#8243; width=\u00bb61%\u00bb module_alignment=\u00bbcenter\u00bb custom_margin=\u00bb||17px|||\u00bb][\/et_pb_image][et_pb_text _builder_version=\u00bb4.24.2&#8243; _module_preset=\u00bbdefault\u00bb text_font=\u00bbPoppins|500|||||||\u00bb text_font_size=\u00bb16px\u00bb text_orientation=\u00bbcenter\u00bb global_colors_info=\u00bb{}\u00bb]<p>Certificaci\u00f3n de Servivio Comunitario UNDSS<\/p>[\/et_pb_text][\/et_pb_column][et_pb_column type=\u00bb1_3&#8243; _builder_version=\u00bb4.24.2&#8243; _module_preset=\u00bbdefault\u00bb global_colors_info=\u00bb{}\u00bb][et_pb_image src=\u00bbhttp:\/\/dcv.artcom.mx\/pda\/1220497\/wp-content\/uploads\/sites\/47\/2025\/05\/REVELACION-INVITACION.png\u00bb title_text=\u00bbREVELACION INVITACIO\u0301N\u00bb _builder_version=\u00bb4.24.2&#8243; _module_preset=\u00bbdefault\u00bb width=\u00bb50%\u00bb hover_enabled=\u00bb0&#8243; locked=\u00bboff\u00bb global_colors_info=\u00bb{}\u00bb sticky_enabled=\u00bb0&#8243; module_alignment=\u00bbcenter\u00bb][\/et_pb_image][et_pb_text _builder_version=\u00bb4.24.2&#8243; _module_preset=\u00bbdefault\u00bb text_font=\u00bbPoppins|500|||||||\u00bb text_font_size=\u00bb16px\u00bb text_orientation=\u00bbcenter\u00bb locked=\u00bboff\u00bb global_colors_info=\u00bb{}\u00bb]<p>Seminario Gesti\u00f3n de Emergencias ADRA<\/p>[\/et_pb_text][\/et_pb_column][et_pb_column type=\u00bb1_3&#8243; _builder_version=\u00bb4.24.2&#8243; _module_preset=\u00bbdefault\u00bb global_colors_info=\u00bb{}\u00bb][\/et_pb_column][\/et_pb_row][\/et_pb_section]\n","protected":false},"excerpt":{"rendered":"<p>Marca PersonalRedise\u00f1o de MarcaRedise\u00f1o de MarcaCertificaci\u00f3n de Servivio Comunitario UNDSSSeminario Gesti\u00f3n de Emergencias ADRA<\/p>\n","protected":false},"author":50,"featured_media":0,"parent":0,"menu_order":0,"comment_status":"closed","ping_status":"closed","template":"","meta":{"_et_pb_use_builder":"on","_et_pb_old_content":"<!-- wp:divi\/placeholder \/-->","_et_gb_content_width":"","inline_featured_image":false,"footnotes":""},"_links":{"self":[{"href":"https:\/\/dcv.artcom.mx\/pda\/1220497\/wp-json\/wp\/v2\/pages\/1171"}],"collection":[{"href":"https:\/\/dcv.artcom.mx\/pda\/1220497\/wp-json\/wp\/v2\/pages"}],"about":[{"href":"https:\/\/dcv.artcom.mx\/pda\/1220497\/wp-json\/wp\/v2\/types\/page"}],"author":[{"embeddable":true,"href":"https:\/\/dcv.artcom.mx\/pda\/1220497\/wp-json\/wp\/v2\/users\/50"}],"replies":[{"embeddable":true,"href":"https:\/\/dcv.artcom.mx\/pda\/1220497\/wp-json\/wp\/v2\/comments?post=1171"}],"version-history":[{"count":11,"href":"https:\/\/dcv.artcom.mx\/pda\/1220497\/wp-json\/wp\/v2\/pages\/1171\/revisions"}],"predecessor-version":[{"id":1221,"href":"https:\/\/dcv.artcom.mx\/pda\/1220497\/wp-json\/wp\/v2\/pages\/1171\/revisions\/1221"}],"wp:attachment":[{"href":"https:\/\/dcv.artcom.mx\/pda\/1220497\/wp-json\/wp\/v2\/media?parent=1171"}],"curies":[{"name":"wp","href":"https:\/\/api.w.org\/{rel}","templated":true}]}}