{"id":71,"date":"2020-03-03T18:04:57","date_gmt":"2020-03-04T00:04:57","guid":{"rendered":"http:\/\/pdadcv.artcom.mx\/portafolio-demo\/?page_id=71"},"modified":"2023-05-09T20:30:45","modified_gmt":"2023-05-09T20:30:45","slug":"proyectos-academicos","status":"publish","type":"page","link":"https:\/\/dcv.artcom.mx\/pda\/1220435\/evidencias\/proyectos-academicos\/","title":{"rendered":"Proyectos Acad\u00e9micos"},"content":{"rendered":"<p>[et_pb_section fb_built=\u00bb1&#8243; next_background_color=\u00bb#ffffff\u00bb admin_label=\u00bbHero Section\u00bb _builder_version=\u00bb4.20.4&#8243; use_background_color_gradient=\u00bbon\u00bb background_color_gradient_direction=\u00bb163deg\u00bb background_color_gradient_stops=\u00bb#0a0a0a 0%|#2e52a0 100%\u00bb background_color_gradient_overlays_image=\u00bbon\u00bb background_color_gradient_start=\u00bbrgba(0,0,0,0.4)\u00bb background_color_gradient_end=\u00bbrgba(0,0,0,0.4)\u00bb background_enable_image=\u00bboff\u00bb background_position=\u00bbcenter_right\u00bb custom_padding=\u00bb6%||6%|\u00bb bottom_divider_style=\u00bbslant\u00bb bottom_divider_height=\u00bb60px\u00bb global_colors_info=\u00bb{}\u00bb background_color_gradient_direction__hover=\u00bb180deg\u00bb background_color_gradient_direction__hover_enabled=\u00bb180deg\u00bb background_color_gradient_start_position__hover=\u00bb0%\u00bb background_color_gradient_start_position__hover_enabled=\u00bb0%\u00bb background_color_gradient_end_position__hover=\u00bb100%\u00bb background_color_gradient_end_position__hover_enabled=\u00bb100%\u00bb background_color_gradient_stops__hover=\u00bbrgba(0,0,0,0.4) 0%|rgba(0,0,0,0.4) 100%\u00bb][et_pb_row admin_label=\u00bbPage Title Area\u00bb _builder_version=\u00bb4.16&#8243; background_size=\u00bbinitial\u00bb background_position=\u00bbtop_left\u00bb background_repeat=\u00bbrepeat\u00bb global_colors_info=\u00bb{}\u00bb][et_pb_column type=\u00bb4_4&#8243; _builder_version=\u00bb4.16&#8243; custom_padding=\u00bb|||\u00bb global_colors_info=\u00bb{}\u00bb custom_padding__hover=\u00bb|||\u00bb][et_pb_text _builder_version=\u00bb4.20.4&#8243; _module_preset=\u00bbdefault\u00bb text_font=\u00bbCantora One||||||||\u00bb text_text_color=\u00bb#FFFFFF\u00bb text_font_size=\u00bb60px\u00bb hover_enabled=\u00bb0&#8243; global_colors_info=\u00bb{}\u00bb sticky_enabled=\u00bb0&#8243;]<\/p>\n<p style=\"text-align: center\">Proyectos acad\u00e9micos<\/p>\n<p>[\/et_pb_text][\/et_pb_column][\/et_pb_row][\/et_pb_section][et_pb_section fb_built=\u00bb1&#8243; disabled_on=\u00bboff|off|off\u00bb admin_label=\u00bbFeatured Project\u00bb _builder_version=\u00bb4.16&#8243; custom_padding=\u00bb110px||110px|\u00bb global_colors_info=\u00bb{}\u00bb][et_pb_row admin_label=\u00bbFeatured Project\u00bb _builder_version=\u00bb4.20.4&#8243; global_colors_info=\u00bb{}\u00bb][et_pb_column type=\u00bb4_4&#8243; _builder_version=\u00bb4.16&#8243; custom_padding=\u00bb|||\u00bb global_colors_info=\u00bb{}\u00bb custom_padding__hover=\u00bb|||\u00bb][et_pb_divider show_divider=\u00bboff\u00bb _builder_version=\u00bb4.16&#8243; max_width=\u00bb23px\u00bb module_alignment=\u00bbleft\u00bb animation_style=\u00bbslide\u00bb animation_intensity_slide=\u00bb20%\u00bb animation_starting_opacity=\u00bb100%\u00bb locked=\u00bboff\u00bb global_colors_info=\u00bb{}\u00bb][\/et_pb_divider][et_pb_text _builder_version=\u00bb4.20.4&#8243; text_font=\u00bbMontserrat SemiBold||||||||\u00bb text_text_color=\u00bb#000000&#8243; text_font_size=\u00bb41px\u00bb text_line_height=\u00bb1.8em\u00bb header_font=\u00bb||||||||\u00bb max_width=\u00bb90%\u00bb custom_margin=\u00bb|||\u00bb custom_padding=\u00bb||0px|||\u00bb animation_style=\u00bbflip\u00bb animation_direction=\u00bbleft\u00bb animation_intensity_flip=\u00bb30%\u00bb animation_starting_opacity=\u00bb100%\u00bb global_colors_info=\u00bb{}\u00bb]<\/p>\n<p>PRIMER A\u00d1O<\/p>\n<p>[\/et_pb_text][et_pb_text _builder_version=\u00bb4.20.4&#8243; text_font=\u00bbMontserrat Regular||||||||\u00bb text_text_color=\u00bb#000000&#8243; text_font_size=\u00bb25px\u00bb text_line_height=\u00bb1.8em\u00bb header_font=\u00bb||||||||\u00bb max_width=\u00bb90%\u00bb custom_margin=\u00bb|||\u00bb animation_style=\u00bbflip\u00bb animation_direction=\u00bbleft\u00bb animation_intensity_flip=\u00bb30%\u00bb animation_starting_opacity=\u00bb100%\u00bb global_colors_info=\u00bb{}\u00bb]<\/p>\n<p>1er semestre<\/p>\n<p>[\/et_pb_text][et_pb_slider disabled_on=\u00bboff|off|off\u00bb _builder_version=\u00bb4.20.4&#8243; _module_preset=\u00bbdefault\u00bb background_color=\u00bbrgba(130,33,221,0.94)\u00bb global_colors_info=\u00bb{}\u00bb][et_pb_slide heading=\u00bbS\u00edmbolos b\u00edblicos\u00bb image=\u00bbhttp:\/\/dcv.artcom.mx\/pda\/1220435\/wp-content\/uploads\/sites\/48\/2023\/05\/proyecto-1_Mesa-de-trabajo-1-02.png\u00bb _builder_version=\u00bb4.20.4&#8243; _module_preset=\u00bbdefault\u00bb body_font=\u00bbMontserrat Regular||||||||\u00bb body_text_color=\u00bb#FFFFFF\u00bb body_font_size=\u00bb20px\u00bb global_colors_info=\u00bb{}\u00bb sticky_transition=\u00bbon\u00bb]<\/p>\n<p><span lang=\"ES\"><span style=\"font-family: Verdana;font-size: small\">Conjunto de 10 s\u00edmbolos alusivos a alg\u00fan tem\u00e1tica b\u00edblico en especifico para definirlos como iconos, yo escogi el tema de las 7 plagas de apocalipsis y a 3 de las bestias que salen del mar.<\/span><\/span><\/p>\n<p><span lang=\"ES\"><span style=\"font-family: Verdana;font-size: small\">Se coloco una tonalidad diferente a cada simbolo y otra tonalidad al simbolo compuesto, al final solo quedaron dos entidades vectoriales (fondo e icono) por simbolo.<\/span><\/span><\/p>\n<p><span lang=\"ES\"><span style=\"font-family: Verdana;font-size: small\">Materia: Taller de gr\u00e9ficos vectoriales<\/span><\/span><\/p>\n<p><span lang=\"ES\"><span style=\"font-family: Verdana;font-size: small\">Maestro: Moises Varela<\/span><\/span><\/p>\n<p><span lang=\"ES\"><span style=\"font-family: Verdana;font-size: small\">Especificaciones: <\/span><\/span><\/p>\n<p><span lang=\"ES\"><span style=\"font-family: Verdana;font-size: small\">Tama\u00f1o por simbolo de 5cm x 5cm. <\/span><\/span><\/p>\n<p><span lang=\"ES\"><span style=\"font-family: Verdana;font-size: small\">Modo de color RGB<\/span><\/span><span lang=\"ES\"><span style=\"font-family: Verdana;font-size: small\"><\/span><\/span><\/p>\n<p>[\/et_pb_slide][et_pb_slide heading=\u00bbIsologos de profesiones\u00bb image=\u00bbhttp:\/\/dcv.artcom.mx\/pda\/1220435\/wp-content\/uploads\/sites\/48\/2023\/05\/proyecto-2_Mesa-de-trabajo-1-02.png\u00bb _builder_version=\u00bb4.20.4&#8243; _module_preset=\u00bbdefault\u00bb body_font=\u00bbMontserrat Regular||||||||\u00bb body_text_color=\u00bb#FFFFFF\u00bb body_font_size=\u00bb20px\u00bb global_colors_info=\u00bb{}\u00bb sticky_transition=\u00bbon\u00bb]<\/p>\n<p><span lang=\"ES\"><span style=\"font-family: Verdana;font-size: small\">5 isologos alusivos a una profesi\u00f3n, se aplico cada concepto a una ret\u00edcula horizontal o vertical. Cada isologo debe incorporar una paleta crom\u00e1tica de 4 tonalidades y elemento textual distorsionado. Debian ser 3 verticales y 2 horizontales.<\/span><\/span><\/p>\n<p><span lang=\"ES\"><span style=\"font-family: Verdana;font-size: small\">Materia: Taller de gr\u00e1ficos vectoriales<\/span><\/span><\/p>\n<p><span lang=\"ES\"><span style=\"font-family: Verdana;font-size: small\">Maestro: Moises Varela<\/span><\/span><\/p>\n<p><span lang=\"ES\"><span style=\"font-family: Verdana;font-size: small\">Especificaciones: <\/span><\/span><\/p>\n<p><span lang=\"ES\"><span style=\"font-family: Verdana;font-size: small\">Tama\u00f1o por isologo de 9cm x 12cm<\/span><\/span><\/p>\n<p><span lang=\"ES\"><span style=\"font-family: Verdana;font-size: small\">Modo de color RGB<\/span><\/span><span lang=\"ES\"><span style=\"font-family: Verdana;font-size: small\"><\/span><\/span><\/p>\n<p>[\/et_pb_slide][et_pb_slide heading=\u00bbPostal y tarjeta con patrones y brochas\u00bb image=\u00bbhttp:\/\/dcv.artcom.mx\/pda\/1220435\/wp-content\/uploads\/sites\/48\/2023\/05\/proyecto-3.jpg\u00bb _builder_version=\u00bb4.20.4&#8243; _module_preset=\u00bbdefault\u00bb body_font=\u00bbMontserrat Regular||||||||\u00bb body_text_color=\u00bb#FFFFFF\u00bb body_font_size=\u00bb20px\u00bb global_colors_info=\u00bb{}\u00bb sticky_transition=\u00bbon\u00bb]<\/p>\n<p><span lang=\"ES\"><span style=\"font-family: Verdana;font-size: small\"><span>Realizaci\u00f3n el dise\u00f1o de una postal y de una tarjeta de felicitaci\u00f3n que contenga motivos alusivos a temporadas o festividades del a\u00f1o. Y la tarjeta de una medida carta horizontal con divisi\u00f3n en el centro, dise\u00f1ar sus dos caras. Para lo cual se gener\u00f3 un compendio de 5 patrones repetitivos con una paleta crom\u00e1tica de no m\u00e1s de 4 tonalidades. Y 5 brochas vectoriales que las complementen.\u00a0<\/span><\/span><\/span><\/p>\n<p><span lang=\"ES\"><span style=\"font-family: Verdana;font-size: small\">Materia: Taller de gr\u00e1ficos vectoriales<\/span><\/span><\/p>\n<p><span lang=\"ES\"><span style=\"font-family: Verdana;font-size: small\">Maestro: Moises Varela<\/span><\/span><\/p>\n<p><span lang=\"ES\"><span style=\"font-family: Verdana;font-size: small\">Especificaciones: <\/span><\/span><\/p>\n<p><span lang=\"ES\"><span style=\"font-family: Verdana;font-size: small\"><span>La postal tendr\u00e1 un tama\u00f1o de 10.5 cm x 15 cm y la tarjeta de una medida carta\u00a0<\/span><\/span><\/span><\/p>\n<p><span lang=\"ES\"><span style=\"font-family: Verdana;font-size: small\">Modo de color CMYK<\/span><\/span><\/p>\n<p>[\/et_pb_slide][et_pb_slide heading=\u00bbAbstracci\u00f3n\u00bb image=\u00bbhttp:\/\/dcv.artcom.mx\/pda\/1220435\/wp-content\/uploads\/sites\/48\/2023\/05\/proyecto-4.png\u00bb _builder_version=\u00bb4.20.4&#8243; _module_preset=\u00bbdefault\u00bb body_font=\u00bbMontserrat Regular||||||||\u00bb body_text_color=\u00bb#FFFFFF\u00bb body_font_size=\u00bb20px\u00bb global_colors_info=\u00bb{}\u00bb sticky_transition=\u00bbon\u00bb]<\/p>\n<p><span style=\"font-family: Verdana;font-size: small\"><span>Consiste en hacer un solo concepto en tres niveles de abstracci\u00f3n, en la primer lamina el concepto en baja abstracci\u00f3n, en la segunda en media y en la tercera en alta.<\/span><\/span><\/p>\n<p><span lang=\"ES\"><span style=\"font-family: Verdana;font-size: small\">Materia: Fundamentos de dise\u00f1o gr\u00e1fico<\/span><\/span><\/p>\n<p><span lang=\"ES\"><span style=\"font-family: Verdana;font-size: small\">Maestro: Allen Kevin Zapien<\/span><\/span><\/p>\n<p><span lang=\"ES\"><span style=\"font-family: Verdana;font-size: small\">Especificaciones: H<span>ojas tama\u00f1o carta<\/span><\/span><\/span><\/p>\n<p>[\/et_pb_slide][et_pb_slide heading=\u00bbPrincipios de Gestalt\u00bb image=\u00bbhttp:\/\/dcv.artcom.mx\/pda\/1220435\/wp-content\/uploads\/sites\/48\/2023\/05\/proyecto-5.png\u00bb _builder_version=\u00bb4.20.4&#8243; _module_preset=\u00bbdefault\u00bb body_font=\u00bbMontserrat Regular||||||||\u00bb body_text_color=\u00bb#FFFFFF\u00bb body_font_size=\u00bb20px\u00bb global_colors_info=\u00bb{}\u00bb sticky_transition=\u00bbon\u00bb]<\/p>\n<p><span lang=\"ES\"><span style=\"font-family: Verdana;font-size: small\"><span>Creaci\u00f3n 3 l\u00e1minas en la que se aplique un principio de Gestalt diferente. El color de la marialuisa y del fondo son colores contrastantes. Se Us\u00f3 elementos naturales.<\/span><\/span><\/span><\/p>\n<p>&nbsp;<\/p>\n<p><span lang=\"ES\"><span style=\"font-family: Verdana;font-size: small\">Materia: Fundamentos de dise\u00f1o gr\u00e1fico<\/span><\/span><\/p>\n<p><span lang=\"ES\"><span style=\"font-family: Verdana;font-size: small\">Maestro: Allen Kevin Zapien<\/span><\/span><\/p>\n<p><span lang=\"ES\"><span style=\"font-family: Verdana;font-size: small\">Especificaciones: <\/span><\/span><span lang=\"ES\"><span style=\"font-family: Verdana;font-size: small\"><span>Papel ilustraci\u00f3n de 25x25cm con una Marialuisa de 2.5cm de cada lado<\/span><\/span><\/span><\/p>\n<p>[\/et_pb_slide][et_pb_slide heading=\u00bbBodeg\u00f3n\u00bb image=\u00bbhttp:\/\/dcv.artcom.mx\/pda\/1220435\/wp-content\/uploads\/sites\/48\/2023\/05\/WhatsApp-Image-2023-05-09-at-1.15.00-PM.jpeg\u00bb _builder_version=\u00bb4.20.4&#8243; _module_preset=\u00bbdefault\u00bb body_font=\u00bbMontserrat Regular||||||||\u00bb body_text_color=\u00bb#FFFFFF\u00bb body_font_size=\u00bb20px\u00bb global_colors_info=\u00bb{}\u00bb sticky_transition=\u00bbon\u00bb]<\/p>\n<p><span lang=\"ES\"><span style=\"font-family: Verdana;font-size: small\"><span id=\"ctl00_ContentPanelCentral_lblinstrucciones\">Dibujo de bodeg\u00f3n, representado de forma realista. Resaltando los valores tonales y respetando las reglas de composici\u00f3n en el dibujo.<\/span><span><\/span><\/span><\/span><\/p>\n<p><span lang=\"ES\"><span style=\"font-family: Verdana;font-size: small\">Materia: Dibujo acad\u00e9mico<\/span><\/span><\/p>\n<p><span lang=\"ES\"><span style=\"font-family: Verdana;font-size: small\">Maestro: Luis Medina<\/span><\/span><\/p>\n<p><span lang=\"ES\"><span style=\"font-family: Verdana;font-size: small\">Especificaciones: Con lapices de diferentes graduaciones<\/span><\/span><\/p>\n<p>[\/et_pb_slide][\/et_pb_slider][et_pb_text _builder_version=\u00bb4.20.4&#8243; text_font=\u00bbMontserrat Regular||||||||\u00bb text_text_color=\u00bb#000000&#8243; text_font_size=\u00bb25px\u00bb text_line_height=\u00bb1.8em\u00bb header_font=\u00bb||||||||\u00bb max_width=\u00bb90%\u00bb custom_margin=\u00bb|||\u00bb animation_style=\u00bbflip\u00bb animation_direction=\u00bbleft\u00bb animation_intensity_flip=\u00bb30%\u00bb animation_starting_opacity=\u00bb100%\u00bb global_colors_info=\u00bb{}\u00bb]<\/p>\n<p>2do semestre<\/p>\n<p>[\/et_pb_text][et_pb_slider disabled_on=\u00bboff|off|off\u00bb _builder_version=\u00bb4.20.4&#8243; _module_preset=\u00bbdefault\u00bb background_color=\u00bb#d176ae\u00bb global_colors_info=\u00bb{}\u00bb][et_pb_slide heading=\u00bbRetoque\u00bb image=\u00bbhttp:\/\/dcv.artcom.mx\/pda\/1220435\/wp-content\/uploads\/sites\/48\/2023\/05\/Retrato-Fotomontaje-scaled.jpg\u00bb _builder_version=\u00bb4.20.4&#8243; _module_preset=\u00bbdefault\u00bb body_font=\u00bbMontserrat Regular||||||||\u00bb body_text_color=\u00bb#FFFFFF\u00bb body_font_size=\u00bb20px\u00bb global_colors_info=\u00bb{}\u00bb sticky_transition=\u00bbon\u00bb]<\/p>\n<p><span lang=\"ES\"><span style=\"font-family: Verdana;font-size: small\">Recortar, reemplazar, rduciro aumentar con las opciones de licuar.\u00a0<\/span><\/span><\/p>\n<p><span lang=\"ES\"><span style=\"font-family: Verdana;font-size: small\">Se usaron herraminetas crom\u00e1ticas para cambiar color de ojos, color de prenda, color de fondo y color de labios.<\/span><\/span><\/p>\n<p><span lang=\"ES\"><span style=\"font-family: Verdana;font-size: small\">Se hizo correcciones de cabello y bellos faciales.<\/span><\/span><\/p>\n<p><span lang=\"ES\"><span style=\"font-family: Verdana;font-size: small\">Materia: Taller de mapas de bits<\/span><\/span><\/p>\n<p><span lang=\"ES\"><span style=\"font-family: Verdana;font-size: small\">Maestro: Felipe Antonio Alvarado<\/span><\/span><\/p>\n<p><span lang=\"ES\"><span style=\"font-family: Verdana;font-size: small\">Especificaciones: Tama\u00f1o tabloide<\/span><\/span><\/p>\n<p>[\/et_pb_slide][et_pb_slide heading=\u00bbMontaje fotogr\u00e1fico\u00bb image=\u00bbhttp:\/\/dcv.artcom.mx\/pda\/1220435\/wp-content\/uploads\/sites\/48\/2023\/05\/Foto-montaje-Taller-de-mapas-de-bits-scaled.jpg\u00bb _builder_version=\u00bb4.20.4&#8243; _module_preset=\u00bbdefault\u00bb body_font=\u00bbMontserrat Regular||||||||\u00bb body_text_color=\u00bb#FFFFFF\u00bb body_font_size=\u00bb20px\u00bb global_colors_info=\u00bb{}\u00bb sticky_transition=\u00bbon\u00bb]<\/p>\n<p><span lang=\"ES\"><span style=\"font-family: Verdana;font-size: small\"><span>Se realiz\u00f3 una composici\u00f3n fotogr\u00e1fica al a\u00f1adir en una escena diversos elementos (como minimo 7 fotografias m\u00e1s el fondo).<\/span><\/span><\/span><\/p>\n<p><span lang=\"ES\"><span style=\"font-family: Verdana;font-size: small\">Materia: Taller de mapas de bits<\/span><\/span><\/p>\n<p><span lang=\"ES\"><span style=\"font-family: Verdana;font-size: small\">Maestro: Felipe Antonio Alvarado<\/span><\/span><\/p>\n<p><span lang=\"ES\"><span style=\"font-family: Verdana;font-size: small\">Especificaciones: <\/span><\/span><\/p>\n<p><span lang=\"ES\"><span style=\"font-family: Verdana;font-size: small\">Tama\u00f1o de <span>11 x 17 pulgadas con una resoluci\u00f3n de 300 dpi<\/span><\/span><\/span><\/p>\n<p><span lang=\"ES\"><span style=\"font-family: Verdana;font-size: small\">Modo de color RGB<\/span><\/span><span lang=\"ES\"><span style=\"font-family: Verdana;font-size: small\"><\/span><\/span><\/p>\n<p>[\/et_pb_slide][et_pb_slide heading=\u00bbMapa visual\u00bb image=\u00bbhttp:\/\/dcv.artcom.mx\/pda\/1220435\/wp-content\/uploads\/sites\/48\/2023\/05\/Mapa-visual.png\u00bb _builder_version=\u00bb4.20.4&#8243; _module_preset=\u00bbdefault\u00bb body_font=\u00bbMontserrat Regular||||||||\u00bb body_text_color=\u00bb#FFFFFF\u00bb body_font_size=\u00bb20px\u00bb global_colors_info=\u00bb{}\u00bb sticky_transition=\u00bbon\u00bb]<\/p>\n<p><span lang=\"ES\"><span style=\"font-family: Verdana;font-size: small\"><span>Se realiz\u00f3 un mapa visual de una canci\u00f3n de mi preferencia, solamente gr\u00e1ficos (im\u00e1genes, ilustraci\u00f3n).<\/span><\/span><\/span><\/p>\n<p><span lang=\"ES\"><span style=\"font-family: Verdana;font-size: small\"><span>La canci\u00f3n que escogi se llama \u00abRespira\u00bb su autor es Dante.<\/span><\/span><\/span><\/p>\n<p><span lang=\"ES\"><span style=\"font-family: Verdana;font-size: small\">Materia: Gesti\u00f3n del dise\u00f1o<\/span><\/span><\/p>\n<p><span lang=\"ES\"><span style=\"font-family: Verdana;font-size: small\">Maestro: Rubi L\u00f3pez<\/span><\/span><\/p>\n<p>[\/et_pb_slide][et_pb_slide heading=\u00bbReinterpretaci\u00f3n art\u00edstica\u00bb image=\u00bbhttp:\/\/dcv.artcom.mx\/pda\/1220435\/wp-content\/uploads\/sites\/48\/2023\/05\/Perla-M.-Vazquez-Vidal-La-giocondita-scaled.jpg\u00bb _builder_version=\u00bb4.20.4&#8243; _module_preset=\u00bbdefault\u00bb body_font=\u00bbMontserrat Regular||||||||\u00bb body_text_color=\u00bb#FFFFFF\u00bb body_font_size=\u00bb20px\u00bb global_colors_info=\u00bb{}\u00bb sticky_transition=\u00bbon\u00bb]<\/p>\n<p><span style=\"font-family: Verdana;font-size: small\">Me toco reinterpretar la obra de Gerardo Cant\u00fa llamada \u00abLa Giocondita\u00bb.<\/span><\/p>\n<p><span lang=\"ES\"><span style=\"font-family: Verdana;font-size: small\">Materia: Semi\u00f3tica<\/span><\/span><\/p>\n<p><span lang=\"ES\"><span style=\"font-family: Verdana;font-size: small\">Maestro: Luis medina<\/span><\/span><\/p>\n<p><span lang=\"ES\"><span style=\"font-family: Verdana;font-size: small\">Especificaciones: Minimo de 20 x 20 cm<\/span><\/span><\/p>\n<p>[\/et_pb_slide][et_pb_slide heading=\u00bbPortada de un libro\u00bb image=\u00bbhttp:\/\/dcv.artcom.mx\/pda\/1220435\/wp-content\/uploads\/sites\/48\/2023\/05\/Perla-M.-Vazquez-Vidal-Matilda.png\u00bb _builder_version=\u00bb4.20.4&#8243; _module_preset=\u00bbdefault\u00bb body_font=\u00bbMontserrat Regular||||||||\u00bb body_text_color=\u00bb#FFFFFF\u00bb body_font_size=\u00bb20px\u00bb global_colors_info=\u00bb{}\u00bb sticky_transition=\u00bbon\u00bb]<\/p>\n<p><span style=\"font-family: Verdana;font-size: small\">Realice la portada de un libro cl\u00e1sico (de preferencia), por lo tanto yo decidi tomar el libro llamado \u00bb Matilda\u00bb del autor Roald Dahl\u00a0\u00a0<\/span><\/p>\n<p><span lang=\"ES\"><span style=\"font-family: Verdana;font-size: small\">Materia: Semi\u00f3tica<\/span><\/span><\/p>\n<p><span lang=\"ES\"><span style=\"font-family: Verdana;font-size: small\">Maestro: Luis Medina<\/span><\/span><\/p>\n<p>[\/et_pb_slide][et_pb_slide heading=\u00bbFilminuto\u00bb video_url=\u00bbhttp:\/\/dcv.artcom.mx\/pda\/1220435\/wp-content\/uploads\/sites\/48\/2023\/05\/inteligencia-o-experencia_0rp4Sjdv.mp4&#8243; _builder_version=\u00bb4.20.4&#8243; _module_preset=\u00bbdefault\u00bb body_font=\u00bbMontserrat Regular||||||||\u00bb body_text_color=\u00bb#FFFFFF\u00bb body_font_size=\u00bb20px\u00bb global_colors_info=\u00bb{}\u00bb sticky_transition=\u00bbon\u00bb]<\/p>\n<p><span lang=\"ES\"><span style=\"font-family: Verdana;font-size: small\">Se realiz\u00f3 un video de un minuto, yo use la tecnica de animaci\u00f3n. Se eligio una fabula y se reinterpreto con situaciones que pasan en la vida.<\/span><\/span><\/p>\n<p><span lang=\"ES\"><span style=\"font-family: Verdana;font-size: small\">Yo escog\u00ed la f\u00e1bula llamada \u00abLa encina y la ca\u00f1a\u00bb de La Fontaine.\u00a0<\/span><\/span><\/p>\n<p><span style=\"font-family: Verdana;font-size: small\">Materia: Semi\u00f3tica<\/span><\/p>\n<p><span lang=\"ES\"><span style=\"font-family: Verdana;font-size: small\">Maestro: Luis Medina<\/span><\/span><\/p>\n<p><span lang=\"ES\"><span style=\"font-family: Verdana;font-size: small\">Especificaciones: Como m\u00ednimo 8 vi\u00f1etas<\/span><\/span><\/p>\n<p>[\/et_pb_slide][\/et_pb_slider][\/et_pb_column][\/et_pb_row][\/et_pb_section]<\/p>\n","protected":false},"excerpt":{"rendered":"<p>Proyectos acad\u00e9micosPRIMER A\u00d1O1er semestreConjunto de 10 s\u00edmbolos alusivos a alg\u00fan tem\u00e1tica b\u00edblico en especifico para definirlos como iconos, yo escogi el tema de las 7 plagas de apocalipsis y a 3 de las bestias que salen del mar. Se coloco una tonalidad diferente a cada simbolo y otra tonalidad al simbolo compuesto, al final solo [&hellip;]<\/p>\n","protected":false},"author":51,"featured_media":0,"parent":11,"menu_order":1,"comment_status":"closed","ping_status":"closed","template":"","meta":{"_et_pb_use_builder":"on","_et_pb_old_content":"","_et_gb_content_width":"","inline_featured_image":false,"footnotes":""},"_links":{"self":[{"href":"https:\/\/dcv.artcom.mx\/pda\/1220435\/wp-json\/wp\/v2\/pages\/71"}],"collection":[{"href":"https:\/\/dcv.artcom.mx\/pda\/1220435\/wp-json\/wp\/v2\/pages"}],"about":[{"href":"https:\/\/dcv.artcom.mx\/pda\/1220435\/wp-json\/wp\/v2\/types\/page"}],"author":[{"embeddable":true,"href":"https:\/\/dcv.artcom.mx\/pda\/1220435\/wp-json\/wp\/v2\/users\/51"}],"replies":[{"embeddable":true,"href":"https:\/\/dcv.artcom.mx\/pda\/1220435\/wp-json\/wp\/v2\/comments?post=71"}],"version-history":[{"count":17,"href":"https:\/\/dcv.artcom.mx\/pda\/1220435\/wp-json\/wp\/v2\/pages\/71\/revisions"}],"predecessor-version":[{"id":454,"href":"https:\/\/dcv.artcom.mx\/pda\/1220435\/wp-json\/wp\/v2\/pages\/71\/revisions\/454"}],"up":[{"embeddable":true,"href":"https:\/\/dcv.artcom.mx\/pda\/1220435\/wp-json\/wp\/v2\/pages\/11"}],"wp:attachment":[{"href":"https:\/\/dcv.artcom.mx\/pda\/1220435\/wp-json\/wp\/v2\/media?parent=71"}],"curies":[{"name":"wp","href":"https:\/\/api.w.org\/{rel}","templated":true}]}}