{"id":7,"date":"2020-03-03T22:17:35","date_gmt":"2020-03-04T04:17:35","guid":{"rendered":"http:\/\/pdadcv.artcom.mx\/portafolio-demo\/?page_id=7"},"modified":"2024-05-07T10:42:54","modified_gmt":"2024-05-07T10:42:54","slug":"mi-carrera","status":"publish","type":"page","link":"https:\/\/dcv.artcom.mx\/pda\/1220435\/mi-carrera\/","title":{"rendered":"Mi carrera"},"content":{"rendered":"<p>[et_pb_section fb_built=\u00bb1&#8243; admin_label=\u00bbHeader\u00bb _builder_version=\u00bb4.24.2&#8243; background_color=\u00bbRGBA(255,255,255,0)\u00bb background_image=\u00bbhttp:\/\/dcv.artcom.mx\/pda\/1220435\/wp-content\/uploads\/sites\/48\/2024\/03\/Diseno-de-portafolio.png\u00bb custom_padding=\u00bb6vw||0px|||\u00bb locked=\u00bboff\u00bb global_colors_info=\u00bb{}\u00bb][et_pb_row _builder_version=\u00bb4.16&#8243; max_width=\u00bbnone\u00bb custom_margin=\u00bb2vw|auto||auto||\u00bb custom_margin_tablet=\u00bb0vw||\u00bb custom_margin_last_edited=\u00bboff|desktop\u00bb custom_padding=\u00bb0px||0px||true\u00bb mix_blend_mode=\u00bboverlay\u00bb locked=\u00bboff\u00bb global_colors_info=\u00bb{}\u00bb][et_pb_column type=\u00bb4_4&#8243; _builder_version=\u00bb4.16&#8243; global_colors_info=\u00bb{}\u00bb][et_pb_text _builder_version=\u00bb4.20.4&#8243; text_font=\u00bb||||||||\u00bb header_font=\u00bbCantora One||||||||\u00bb header_letter_spacing=\u00bb24px\u00bb header_2_font=\u00bbRoboto|800||on|||||\u00bb header_2_font_size=\u00bb9vw\u00bb header_2_letter_spacing=\u00bb0.1em\u00bb transform_scale_tablet=\u00bb\u00bb transform_scale_phone=\u00bb\u00bb transform_scale_last_edited=\u00bbon|desktop\u00bb transform_translate=\u00bb4em|0px\u00bb transform_translate_tablet=\u00bb\u00bb transform_translate_phone=\u00bb0em|0px\u00bb transform_translate_last_edited=\u00bbon|desktop\u00bb transform_translate_linked=\u00bboff\u00bb transform_rotate_tablet=\u00bb\u00bb transform_rotate_phone=\u00bb\u00bb transform_rotate_last_edited=\u00bbon|desktop\u00bb transform_skew_tablet=\u00bb\u00bb transform_skew_phone=\u00bb\u00bb transform_skew_last_edited=\u00bbon|desktop\u00bb transform_origin_tablet=\u00bb\u00bb transform_origin_phone=\u00bb\u00bb transform_origin_last_edited=\u00bbon|desktop\u00bb transform_styles_last_edited=\u00bbon|desktop\u00bb text_orientation=\u00bbcenter\u00bb background_layout=\u00bbdark\u00bb width=\u00bb100%\u00bb custom_margin=\u00bb|||-7px||\u00bb custom_padding=\u00bb|||21px||\u00bb filter_opacity=\u00bb38%\u00bb header_2_font_size_tablet=\u00bb\u00bb header_2_font_size_phone=\u00bb\u00bb header_2_font_size_last_edited=\u00bbon|phone\u00bb transform_styles_tablet=\u00bb\u00bb transform_styles_phone=\u00bb\u00bb header_2_text_shadow_style=\u00bbpreset3&#8243; header_2_text_shadow_color=\u00bb#000000&#8243; text_text_align=\u00bbcenter\u00bb inline_fonts=\u00bbCantora One\u00bb global_colors_info=\u00bb{}\u00bb]<\/p>\n<h2><span style=\"font-family: 'Cantora One';font-weight: normal\">D C V<\/span><\/h2>\n<p>[\/et_pb_text][\/et_pb_column][\/et_pb_row][et_pb_row _builder_version=\u00bb4.16&#8243; max_width=\u00bbnone\u00bb custom_padding=\u00bb0px||0px||true|\u00bb locked=\u00bboff\u00bb global_colors_info=\u00bb{}\u00bb][et_pb_column type=\u00bb4_4&#8243; _builder_version=\u00bb4.16&#8243; global_colors_info=\u00bb{}\u00bb][et_pb_text _builder_version=\u00bb4.16&#8243; text_font=\u00bb||||||||\u00bb header_font=\u00bbRoboto|800||on|||||\u00bb header_font_size=\u00bb6vw\u00bb header_letter_spacing=\u00bb0.2em\u00bb header_line_height=\u00bb1.1em\u00bb text_orientation=\u00bbcenter\u00bb background_layout=\u00bbdark\u00bb custom_margin=\u00bb-3vw|||||\u00bb header_font_size_tablet=\u00bb\u00bb header_font_size_phone=\u00bb36px\u00bb header_font_size_last_edited=\u00bbon|phone\u00bb header_letter_spacing_tablet=\u00bb\u00bb header_letter_spacing_phone=\u00bb0em\u00bb header_letter_spacing_last_edited=\u00bbon|desktop\u00bb header_text_shadow_style=\u00bbpreset3&#8243; header_text_shadow_vertical_length=\u00bb-0.03em\u00bb header_text_shadow_blur_strength=\u00bb0.15em\u00bb text_text_align=\u00bbcenter\u00bb inline_fonts=\u00bbCantora One\u00bb global_colors_info=\u00bb{}\u00bb]<\/p>\n<h1><span style=\"font-family: 'Cantora One'\">Mi carrera<\/span><\/h1>\n<p>[\/et_pb_text][\/et_pb_column][\/et_pb_row][et_pb_row make_equal=\u00bbon\u00bb custom_padding_last_edited=\u00bbon|desktop\u00bb _builder_version=\u00bb4.24.2&#8243; background_color=\u00bb#ffffff\u00bb custom_margin=\u00bb60px||\u00bb custom_padding=\u00bb4px|60px|0px|60px|false|true\u00bb custom_padding_tablet=\u00bb\u00bb custom_padding_phone=\u00bb40px|20px||20px||true\u00bb hover_enabled=\u00bb0&#8243; box_shadow_style=\u00bbpreset4&#8243; box_shadow_horizontal=\u00bb-20vw\u00bb box_shadow_vertical=\u00bb0px\u00bb box_shadow_color=\u00bb#ffffff\u00bb global_colors_info=\u00bb{}\u00bb sticky_enabled=\u00bb0&#8243;][et_pb_column type=\u00bb4_4&#8243; _builder_version=\u00bb4.16&#8243; global_colors_info=\u00bb{}\u00bb][et_pb_text _builder_version=\u00bb4.24.2&#8243; text_font=\u00bbMontserrat Regular||||||||\u00bb text_font_size=\u00bb16px\u00bb text_line_height=\u00bb1.8em\u00bb text_orientation=\u00bbcenter\u00bb max_width=\u00bb760px\u00bb module_alignment=\u00bbcenter\u00bb custom_padding=\u00bb4px|||||\u00bb hover_enabled=\u00bb0&#8243; text_text_align=\u00bbcenter\u00bb locked=\u00bboff\u00bb global_colors_info=\u00bb{}\u00bb text_text_align_phone=\u00bbleft\u00bb text_text_align_last_edited=\u00bbon|phone\u00bb text_text_align_tablet=\u00bbcenter\u00bb text_text_color=\u00bb#000000&#8243; sticky_enabled=\u00bb0&#8243;]<\/p>\n<p>\u00bfPor qu\u00e9 decid\u00ed estudiar Dise\u00f1o en Comunicaci\u00f3n visual?<\/p>\n<p>[\/et_pb_text][\/et_pb_column][\/et_pb_row][\/et_pb_section][et_pb_section fb_built=\u00bb1&#8243; admin_label=\u00bbPricing\u00bb _builder_version=\u00bb4.16&#8243; global_colors_info=\u00bb{}\u00bb][et_pb_row _builder_version=\u00bb4.16&#8243; max_width=\u00bb800px\u00bb custom_padding=\u00bb||0px|0px||\u00bb global_colors_info=\u00bb{}\u00bb][et_pb_column type=\u00bb4_4&#8243; _builder_version=\u00bb4.16&#8243; global_colors_info=\u00bb{}\u00bb][et_pb_text _builder_version=\u00bb4.24.2&#8243; _module_preset=\u00bbdefault\u00bb text_font=\u00bbMontserrat Regular||||||||\u00bb custom_margin=\u00bb|-99px|16px|-47px||\u00bb custom_padding=\u00bb||0px|4px||\u00bb hover_enabled=\u00bb0&#8243; global_colors_info=\u00bb{}\u00bb text_text_color=\u00bb#000000&#8243; sticky_enabled=\u00bb0&#8243;]<\/p>\n<p>Desde muy peque\u00f1a como desde que tenia 10 a\u00f1os, me empec\u00e9 a preguntarme que quer\u00eda ser de grande, es algo que siempre hab\u00eda querido saber con certeza. En mi cabeza pasaron diferentes profesiones, ya que aunque no parece soy una persona curiosa, me gusta saber e informarme de casi todo, desde antropolog\u00eda, m\u00fasica, ingenier\u00eda en Sistemas Computacionales, mecatr\u00f3nica. Todos mi intereses siempre los he satisfecho de diferentes formas desde leer libros, ver videos, leer enciclopedias y tomar algunos cursos; la mayor\u00eda de las veces fui autodidacta. Antes de decidir que estudiar aprend\u00ed y me informe de diferentes \u00e1reas que me interesaban y que pod\u00eda ejercer en un futuro, desde aprender a tocar el piano y la flauta dulce; llevar un curso de 8 meses de programaci\u00f3n, entre otras cosas. Siempre tuve el deseo de estudiar m\u00fasica pero por algunos problemas familiares no se me permiti\u00f3 estudiar esa carrera, por lo tanto tuve que buscar otras opciones.\u00a0\u00a0<\/p>\n<p>Me decid\u00ed a estudiar dise\u00f1o en Comunicaci\u00f3n Visual porque desde que estaba en secundaria me empec\u00e9 ha interesar por la fotograf\u00eda y la edici\u00f3n de videos, luego de entrar me fui enamorando de lo que hago y aprendo y espero seguir haci\u00e9ndolo, se que me faltan cosas que debo aprender por mi propia cuenta para realizar mis tareas y proyectos con m\u00e1s eficiencia y eficacia y espero hacerlo a la misma vez que curso mi carrera.<\/p>\n<p>[\/et_pb_text][\/et_pb_column][\/et_pb_row][\/et_pb_section]<\/p>\n","protected":false},"excerpt":{"rendered":"<p>D C VMi carrera\u00bfPor qu\u00e9 decid\u00ed estudiar Dise\u00f1o en Comunicaci\u00f3n visual?Desde muy peque\u00f1a como desde que tenia 10 a\u00f1os, me empec\u00e9 a preguntarme que quer\u00eda ser de grande, es algo que siempre hab\u00eda querido saber con certeza. En mi cabeza pasaron diferentes profesiones, ya que aunque no parece soy una persona curiosa, me gusta saber [&hellip;]<\/p>\n","protected":false},"author":51,"featured_media":0,"parent":0,"menu_order":3,"comment_status":"closed","ping_status":"closed","template":"","meta":{"_et_pb_use_builder":"on","_et_pb_old_content":"","_et_gb_content_width":"","inline_featured_image":false,"footnotes":""},"_links":{"self":[{"href":"https:\/\/dcv.artcom.mx\/pda\/1220435\/wp-json\/wp\/v2\/pages\/7"}],"collection":[{"href":"https:\/\/dcv.artcom.mx\/pda\/1220435\/wp-json\/wp\/v2\/pages"}],"about":[{"href":"https:\/\/dcv.artcom.mx\/pda\/1220435\/wp-json\/wp\/v2\/types\/page"}],"author":[{"embeddable":true,"href":"https:\/\/dcv.artcom.mx\/pda\/1220435\/wp-json\/wp\/v2\/users\/51"}],"replies":[{"embeddable":true,"href":"https:\/\/dcv.artcom.mx\/pda\/1220435\/wp-json\/wp\/v2\/comments?post=7"}],"version-history":[{"count":10,"href":"https:\/\/dcv.artcom.mx\/pda\/1220435\/wp-json\/wp\/v2\/pages\/7\/revisions"}],"predecessor-version":[{"id":563,"href":"https:\/\/dcv.artcom.mx\/pda\/1220435\/wp-json\/wp\/v2\/pages\/7\/revisions\/563"}],"wp:attachment":[{"href":"https:\/\/dcv.artcom.mx\/pda\/1220435\/wp-json\/wp\/v2\/media?parent=7"}],"curies":[{"name":"wp","href":"https:\/\/api.w.org\/{rel}","templated":true}]}}