{"id":159,"date":"2020-03-03T22:11:41","date_gmt":"2020-03-04T04:11:41","guid":{"rendered":"http:\/\/pdadcv.artcom.mx\/portafolio-demo\/?page_id=2"},"modified":"2024-03-11T15:59:08","modified_gmt":"2024-03-11T15:59:08","slug":"acerca-de-mi","status":"publish","type":"page","link":"https:\/\/dcv.artcom.mx\/pda\/1220435\/acerca-de-mi\/","title":{"rendered":"Acerca de mi"},"content":{"rendered":"<p>[et_pb_section fb_built=\u00bb1&#8243; custom_padding_last_edited=\u00bboff|phone\u00bb admin_label=\u00bbHeader\u00bb _builder_version=\u00bb4.24.2&#8243; background_image=\u00bbhttp:\/\/dcv.artcom.mx\/pda\/1220435\/wp-content\/uploads\/sites\/48\/2024\/03\/Portafolio.1.1.png\u00bb background_position=\u00bbcenter_right\u00bb background_blend=\u00bbmultiply\u00bb custom_padding=\u00bb6vw||10vw||false|\u00bb custom_padding_tablet=\u00bb||\u00bb hover_enabled=\u00bb0&#8243; locked=\u00bboff\u00bb global_colors_info=\u00bb{}\u00bb title_text=\u00bbPortafolio.1.1&#8243; sticky_enabled=\u00bb0&#8243;][et_pb_row _builder_version=\u00bb4.16&#8243; max_width=\u00bbnone\u00bb custom_margin=\u00bb2vw|auto||auto||\u00bb custom_margin_tablet=\u00bb0vw||\u00bb custom_margin_last_edited=\u00bboff|desktop\u00bb custom_padding=\u00bb0px||0px||true\u00bb mix_blend_mode=\u00bboverlay\u00bb global_colors_info=\u00bb{}\u00bb][et_pb_column type=\u00bb4_4&#8243; _builder_version=\u00bb4.16&#8243; global_colors_info=\u00bb{}\u00bb][et_pb_text _builder_version=\u00bb4.16&#8243; text_font=\u00bb||||||||\u00bb header_font=\u00bbCantora One||||||||\u00bb header_font_size=\u00bb100px\u00bb header_letter_spacing=\u00bb24px\u00bb header_2_font=\u00bbRoboto|800||on|||||\u00bb header_2_font_size=\u00bb9vw\u00bb header_2_letter_spacing=\u00bb0.7em\u00bb transform_scale_tablet=\u00bb\u00bb transform_scale_phone=\u00bb\u00bb transform_scale_last_edited=\u00bbon|desktop\u00bb transform_translate=\u00bb4em|0px\u00bb transform_translate_tablet=\u00bb\u00bb transform_translate_phone=\u00bb0em|0px\u00bb transform_translate_last_edited=\u00bbon|desktop\u00bb transform_translate_linked=\u00bboff\u00bb transform_rotate_tablet=\u00bb\u00bb transform_rotate_phone=\u00bb\u00bb transform_rotate_last_edited=\u00bbon|desktop\u00bb transform_skew_tablet=\u00bb\u00bb transform_skew_phone=\u00bb\u00bb transform_skew_last_edited=\u00bbon|desktop\u00bb transform_origin_tablet=\u00bb\u00bb transform_origin_phone=\u00bb\u00bb transform_origin_last_edited=\u00bbon|desktop\u00bb transform_styles_last_edited=\u00bbon|desktop\u00bb text_orientation=\u00bbcenter\u00bb background_layout=\u00bbdark\u00bb filter_opacity=\u00bb38%\u00bb header_2_font_size_tablet=\u00bb\u00bb header_2_font_size_phone=\u00bb\u00bb header_2_font_size_last_edited=\u00bbon|phone\u00bb transform_styles_tablet=\u00bb\u00bb transform_styles_phone=\u00bb\u00bb header_2_text_shadow_style=\u00bbpreset3&#8243; header_2_text_shadow_color=\u00bb#000000&#8243; text_text_align=\u00bbcenter\u00bb inline_fonts=\u00bbCantora One\u00bb global_colors_info=\u00bb{}\u00bb]<\/p>\n<h1><span style=\"font-family: 'Cantora One'\">ABOUT ME<\/span><\/h1>\n<p>[\/et_pb_text][\/et_pb_column][\/et_pb_row][et_pb_row _builder_version=\u00bb4.16&#8243; max_width=\u00bbnone\u00bb custom_padding=\u00bb0px||0px||true|\u00bb global_colors_info=\u00bb{}\u00bb][et_pb_column type=\u00bb4_4&#8243; _builder_version=\u00bb4.16&#8243; global_colors_info=\u00bb{}\u00bb][et_pb_text _builder_version=\u00bb4.24.2&#8243; text_font=\u00bbFjalla One|||on|||||\u00bb text_letter_spacing=\u00bb8px\u00bb header_font=\u00bbRoboto|800||on|||||\u00bb header_font_size=\u00bb6vw\u00bb header_letter_spacing=\u00bb0.2em\u00bb header_line_height=\u00bb1.1em\u00bb text_orientation=\u00bbcenter\u00bb background_layout=\u00bbdark\u00bb custom_margin=\u00bb-3vw|||||\u00bb hover_enabled=\u00bb0&#8243; header_font_size_tablet=\u00bb\u00bb header_font_size_phone=\u00bb36px\u00bb header_font_size_last_edited=\u00bbon|phone\u00bb header_letter_spacing_tablet=\u00bb\u00bb header_letter_spacing_phone=\u00bb0em\u00bb header_letter_spacing_last_edited=\u00bbon|desktop\u00bb header_text_shadow_style=\u00bbpreset3&#8243; header_text_shadow_vertical_length=\u00bb-0.03em\u00bb header_text_shadow_blur_strength=\u00bb0.15em\u00bb text_text_align=\u00bbcenter\u00bb inline_fonts=\u00bbCantora One\u00bb global_colors_info=\u00bb{}\u00bb sticky_enabled=\u00bb0&#8243;]<\/p>\n<h1><span style=\"font-family: 'Cantora One'\">Acerca de mi<\/span><\/h1>\n<p><span style=\"font-family: 'Cantora One'\">Perla V\u00e1zquez Vidal<\/span><\/p>\n<p>[\/et_pb_text][\/et_pb_column][\/et_pb_row][\/et_pb_section][et_pb_section fb_built=\u00bb1&#8243; custom_padding_last_edited=\u00bbon|tablet\u00bb admin_label=\u00bbBiography\u00bb _builder_version=\u00bb4.20.4&#8243; background_color=\u00bb#FFFFFF\u00bb background_enable_image=\u00bboff\u00bb background_position=\u00bbtop_right\u00bb background_horizontal_offset=\u00bb11%\u00bb min_height=\u00bb729.8px\u00bb custom_padding=\u00bb100px||100px|||\u00bb custom_padding_tablet=\u00bb50px||100px||false\u00bb custom_padding_phone=\u00bb50px||100px||false\u00bb global_colors_info=\u00bb{}\u00bb][et_pb_row _builder_version=\u00bb4.16&#8243; custom_padding=\u00bb0px||0px||true\u00bb global_colors_info=\u00bb{}\u00bb][et_pb_column type=\u00bb4_4&#8243; _builder_version=\u00bb4.16&#8243; global_colors_info=\u00bb{}\u00bb][et_pb_text _builder_version=\u00bb4.20.4&#8243; text_font=\u00bbMontserrat Black|||on|||||\u00bb text_text_color=\u00bbrgba(0,0,0,0.04)\u00bb text_font_size=\u00bb12vw\u00bb text_line_height=\u00bb1em\u00bb header_font=\u00bb||||||||\u00bb custom_margin=\u00bb-3vw||-4vw|-7vw\u00bb custom_margin_phone=\u00bb||0em\u00bb custom_margin_last_edited=\u00bboff|desktop\u00bb mix_blend_mode=\u00bboverlay\u00bb animation_style=\u00bbfade\u00bb animation_direction=\u00bbleft\u00bb animation_duration=\u00bb2000ms\u00bb text_font_size_tablet=\u00bb15vw\u00bb text_font_size_phone=\u00bb\u00bb text_font_size_last_edited=\u00bbon|desktop\u00bb locked=\u00bboff\u00bb global_colors_info=\u00bb{}\u00bb]<\/p>\n<p>AUTOBIO<\/p>\n<p>[\/et_pb_text][\/et_pb_column][\/et_pb_row][et_pb_row _builder_version=\u00bb4.20.4&#8243; width=\u00bb91.6%\u00bb custom_margin=\u00bb|78px||137px||\u00bb custom_padding=\u00bb0px||0px||true\u00bb locked=\u00bboff\u00bb global_colors_info=\u00bb{}\u00bb][et_pb_column type=\u00bb4_4&#8243; _builder_version=\u00bb4.16&#8243; global_colors_info=\u00bb{}\u00bb][et_pb_text _builder_version=\u00bb4.20.4&#8243; text_font=\u00bb||||||||\u00bb text_font_size=\u00bb16px\u00bb text_line_height=\u00bb1.8em\u00bb header_font=\u00bbMontserrat Regular||||||||\u00bb header_text_color=\u00bb#000000&#8243; header_2_font=\u00bbFjalla One|||on|||||\u00bb header_2_font_size=\u00bb80px\u00bb header_2_line_height=\u00bb1.2em\u00bb width_tablet=\u00bb600px\u00bb width_phone=\u00bb400px\u00bb width_last_edited=\u00bboff|phone\u00bb module_alignment=\u00bbcenter\u00bb header_2_font_size_tablet=\u00bb50px\u00bb header_2_font_size_phone=\u00bb30px\u00bb header_2_font_size_last_edited=\u00bbon|phone\u00bb text_text_align=\u00bbleft\u00bb locked=\u00bboff\u00bb inline_fonts=\u00bbMontserrat\u00bb global_colors_info=\u00bb{}\u00bb]<\/p>\n<h2><span style=\"color: #0a0a0a;font-family: Montserrat\">AUTOBIOGRAF\u00cdA<\/span><\/h2>\n<p>[\/et_pb_text][et_pb_text _builder_version=\u00bb4.20.4&#8243; text_font=\u00bbMontserrat Regular||||||||\u00bb text_text_color=\u00bb#000000&#8243; text_font_size=\u00bb16px\u00bb text_line_height=\u00bb1.8em\u00bb header_font=\u00bb||||||||\u00bb header_2_font=\u00bbFjalla One|||on|||||\u00bb header_2_font_size=\u00bb80px\u00bb header_2_line_height=\u00bb1.2em\u00bb width_tablet=\u00bb600px\u00bb width_phone=\u00bb400px\u00bb width_last_edited=\u00bboff|phone\u00bb max_width=\u00bb932px\u00bb module_alignment=\u00bbcenter\u00bb header_2_font_size_tablet=\u00bb50px\u00bb header_2_font_size_phone=\u00bb30px\u00bb header_2_font_size_last_edited=\u00bbon|phone\u00bb text_text_align=\u00bbleft\u00bb locked=\u00bboff\u00bb global_colors_info=\u00bb{}\u00bb]<\/p>\n<p>\u00a1\u00a1Hola!!, Soy Perla Montserrat V\u00e1zquez Vidal, nac\u00ed el 18 de agosto del 2004 en Villahermosa, Tabasco, pero he vivido toda mi vida en la peque\u00f1a ciudad Reforma, Chiapas. Cuento con una hermosa familia, mi padre veracruzano y mi madre tabasque\u00f1a, y mis dos hermanas que son m\u00e1s peque\u00f1as que yo.<\/p>\n<p>El preescolar donde estudie se llama \u201cCarlos Pellicer C\u00e1mara\u201d, mi primaria, mi secundaria y mi preparatoria la estudie en la misma escuela privada adventista llamada \u201cColegio L\u00e1zaro C\u00e1rdenas del Rio\u201d.<\/p>\n<p>Mi promedio de los primeros tres a\u00f1os de primaria fue de 10, en cuarto grado fue de 9.7 y los \u00faltimos dos a\u00f1os fue de 9.8, dando como resultado que graduar\u00e1 con un promedio de 9.8.<\/p>\n<p>En la secundaria saque un promedio de 9.8 en los tres a\u00f1os, por lo cual ese fue mi promedio final y en la preparatoria alcance un promedio de 9.9.<\/p>\n<p>Durante ese tiempo fui haciendo amigos, algunos dejaron de serlo con el tiempo y aunque fue triste el proceso, me alegra mucho saber que cuanto con amigos verdaderos con los que puedo contar.<\/p>\n<p>[\/et_pb_text][\/et_pb_column][\/et_pb_row][\/et_pb_section][et_pb_section fb_built=\u00bb1&#8243; admin_label=\u00bbFooter\u00bb _builder_version=\u00bb4.16&#8243; custom_padding=\u00bb||120px|||\u00bb locked=\u00bboff\u00bb global_colors_info=\u00bb{}\u00bb][et_pb_row column_structure=\u00bb1_5,1_5,1_5,1_5,1_5&#8243; _builder_version=\u00bb4.20.4&#8243; _module_preset=\u00bbdefault\u00bb width=\u00bb96.4%\u00bb max_width=\u00bb1053px\u00bb min_height=\u00bb331.6px\u00bb custom_margin=\u00bb|-46px||145px||\u00bb global_colors_info=\u00bb{}\u00bb][et_pb_column type=\u00bb1_5&#8243; _builder_version=\u00bb4.20.4&#8243; _module_preset=\u00bbdefault\u00bb global_colors_info=\u00bb{}\u00bb][et_pb_image src=\u00bbhttp:\/\/dcv.artcom.mx\/pda\/1220435\/wp-content\/uploads\/sites\/48\/2023\/04\/pv-scaled.jpg\u00bb title_text=\u00bbpv\u00bb src_tablet=\u00bbhttp:\/\/dcv.artcom.mx\/pda\/1220435\/wp-content\/uploads\/sites\/48\/2023\/04\/pv-scaled.jpg\u00bb src_phone=\u00bbhttp:\/\/dcv.artcom.mx\/pda\/1220435\/wp-content\/uploads\/sites\/48\/2023\/04\/pv-scaled.jpg\u00bb src_last_edited=\u00bbon|desktop\u00bb _builder_version=\u00bb4.20.4&#8243; _module_preset=\u00bbdefault\u00bb global_colors_info=\u00bb{}\u00bb][\/et_pb_image][\/et_pb_column][et_pb_column type=\u00bb1_5&#8243; _builder_version=\u00bb4.20.4&#8243; _module_preset=\u00bbdefault\u00bb global_colors_info=\u00bb{}\u00bb][et_pb_image src=\u00bbhttp:\/\/dcv.artcom.mx\/pda\/1220435\/wp-content\/uploads\/sites\/48\/2023\/04\/secu.jpg\u00bb title_text=\u00bbsecu\u00bb _builder_version=\u00bb4.20.4&#8243; _module_preset=\u00bbdefault\u00bb width=\u00bb93%\u00bb global_colors_info=\u00bb{}\u00bb][\/et_pb_image][\/et_pb_column][et_pb_column type=\u00bb1_5&#8243; _builder_version=\u00bb4.20.4&#8243; _module_preset=\u00bbdefault\u00bb global_colors_info=\u00bb{}\u00bb][et_pb_image src=\u00bbhttp:\/\/dcv.artcom.mx\/pda\/1220435\/wp-content\/uploads\/sites\/48\/2023\/04\/mis-hermanas.jpg\u00bb title_text=\u00bbmis-hermanas\u00bb _builder_version=\u00bb4.20.4&#8243; _module_preset=\u00bbdefault\u00bb global_colors_info=\u00bb{}\u00bb][\/et_pb_image][\/et_pb_column][et_pb_column type=\u00bb1_5&#8243; _builder_version=\u00bb4.20.4&#8243; _module_preset=\u00bbdefault\u00bb global_colors_info=\u00bb{}\u00bb][et_pb_image src=\u00bbhttp:\/\/dcv.artcom.mx\/pda\/1220435\/wp-content\/uploads\/sites\/48\/2023\/04\/papi.jpg\u00bb title_text=\u00bbpapi\u00bb _builder_version=\u00bb4.20.4&#8243; _module_preset=\u00bbdefault\u00bb width=\u00bb75%\u00bb global_colors_info=\u00bb{}\u00bb][\/et_pb_image][\/et_pb_column][et_pb_column type=\u00bb1_5&#8243; _builder_version=\u00bb4.20.4&#8243; _module_preset=\u00bbdefault\u00bb global_colors_info=\u00bb{}\u00bb][et_pb_image src=\u00bbhttp:\/\/dcv.artcom.mx\/pda\/1220435\/wp-content\/uploads\/sites\/48\/2023\/04\/mami.jpg\u00bb title_text=\u00bbmami\u00bb _builder_version=\u00bb4.20.4&#8243; _module_preset=\u00bbdefault\u00bb width=\u00bb100%\u00bb max_width=\u00bb100%\u00bb height=\u00bb229px\u00bb global_colors_info=\u00bb{}\u00bb][\/et_pb_image][\/et_pb_column][\/et_pb_row][\/et_pb_section]<\/p>\n","protected":false},"excerpt":{"rendered":"<p>ABOUT MEAcerca de mi Perla V\u00e1zquez VidalAUTOBIOAUTOBIOGRAF\u00cdA\u00a1\u00a1Hola!!, Soy Perla Montserrat V\u00e1zquez Vidal, nac\u00ed el 18 de agosto del 2004 en Villahermosa, Tabasco, pero he vivido toda mi vida en la peque\u00f1a ciudad Reforma, Chiapas. Cuento con una hermosa familia, mi padre veracruzano y mi madre tabasque\u00f1a, y mis dos hermanas que son m\u00e1s peque\u00f1as que [&hellip;]<\/p>\n","protected":false},"author":51,"featured_media":0,"parent":0,"menu_order":2,"comment_status":"closed","ping_status":"closed","template":"","meta":{"_et_pb_use_builder":"on","_et_pb_old_content":"<!-- wp:paragraph -->\n<p>Esta es una p\u00e1gina de ejemplo. Es diferente a una entrada del blog porque permanecer\u00e1 en un solo lugar y aparecer\u00e1 en la navegaci\u00f3n de tu sitio (en la mayor\u00eda de los temas). La mayor\u00eda de las personas comienzan con una p\u00e1gina \u00abAcerca de\u00bb que les presenta a los visitantes potenciales del sitio. Podr\u00edas decir algo as\u00ed:<\/p>\n<!-- \/wp:paragraph -->\n\n<!-- wp:quote -->\n<blockquote class=\"wp-block-quote\"><p>\u00a1Bienvenido! Soy camarero de d\u00eda, aspirante a actor de noche y esta es mi web. Vivo en Mairena del Alcor, tengo un perro que se llama Firulais y me gusta el rebujito. (Y las tardes largas con caf\u00e9).<\/p><\/blockquote>\n<!-- \/wp:quote -->\n\n<!-- wp:paragraph -->\n<p>\u2026o algo as\u00ed:<\/p>\n<!-- \/wp:paragraph -->\n\n<!-- wp:quote -->\n<blockquote class=\"wp-block-quote\"><p>La empresa \u00abMariscos Recio\u00bb fue fundada por Antonio Recio Mata. Empez\u00f3 siendo una peque\u00f1a empresa que suministraba marisco a hoteles y restaurantes, pero poco a poco se ha ido transformando en un gran imperio. Mariscos Recio, el mar al mejor precio.<\/p><\/blockquote>\n<!-- \/wp:quote -->\n\n<!-- wp:paragraph -->\n<p>Como nuevo usuario de WordPress, deber\u00edas ir a <a href=\"http:\/\/pdadcv.artcom.mx\/portafolio-demo\/wp-admin\/\">tu escritorio<\/a> para borrar esta p\u00e1gina y crear nuevas p\u00e1ginas para tu contenido. \u00a1P\u00e1salo bien!<\/p>\n<!-- \/wp:paragraph -->","_et_gb_content_width":"","inline_featured_image":false,"footnotes":""},"_links":{"self":[{"href":"https:\/\/dcv.artcom.mx\/pda\/1220435\/wp-json\/wp\/v2\/pages\/159"}],"collection":[{"href":"https:\/\/dcv.artcom.mx\/pda\/1220435\/wp-json\/wp\/v2\/pages"}],"about":[{"href":"https:\/\/dcv.artcom.mx\/pda\/1220435\/wp-json\/wp\/v2\/types\/page"}],"author":[{"embeddable":true,"href":"https:\/\/dcv.artcom.mx\/pda\/1220435\/wp-json\/wp\/v2\/users\/51"}],"replies":[{"embeddable":true,"href":"https:\/\/dcv.artcom.mx\/pda\/1220435\/wp-json\/wp\/v2\/comments?post=159"}],"version-history":[{"count":15,"href":"https:\/\/dcv.artcom.mx\/pda\/1220435\/wp-json\/wp\/v2\/pages\/159\/revisions"}],"predecessor-version":[{"id":523,"href":"https:\/\/dcv.artcom.mx\/pda\/1220435\/wp-json\/wp\/v2\/pages\/159\/revisions\/523"}],"wp:attachment":[{"href":"https:\/\/dcv.artcom.mx\/pda\/1220435\/wp-json\/wp\/v2\/media?parent=159"}],"curies":[{"name":"wp","href":"https:\/\/api.w.org\/{rel}","templated":true}]}}