{"id":15,"date":"2020-03-03T22:35:51","date_gmt":"2020-03-04T04:35:51","guid":{"rendered":"http:\/\/pdadcv.artcom.mx\/portafolio-demo\/?page_id=15"},"modified":"2024-05-07T10:52:43","modified_gmt":"2024-05-07T10:52:43","slug":"autoevaluaciones","status":"publish","type":"page","link":"https:\/\/dcv.artcom.mx\/pda\/1220435\/autoevaluaciones\/","title":{"rendered":"Autoevaluaciones"},"content":{"rendered":"<p>[et_pb_section fb_built=\u00bb1&#8243; admin_label=\u00bbHeader\u00bb _builder_version=\u00bb4.24.2&#8243; background_color=\u00bbrgba(15,119,120,0.68)\u00bb background_image=\u00bbhttp:\/\/dcv.artcom.mx\/pda\/1220435\/wp-content\/uploads\/sites\/48\/2023\/04\/mi-carrera.png\u00bb custom_padding=\u00bb6vw||0px|||\u00bb locked=\u00bboff\u00bb global_colors_info=\u00bb{}\u00bb][et_pb_row _builder_version=\u00bb4.16&#8243; max_width=\u00bbnone\u00bb custom_margin=\u00bb2vw|auto||auto||\u00bb custom_margin_tablet=\u00bb0vw||\u00bb custom_margin_last_edited=\u00bboff|desktop\u00bb custom_padding=\u00bb0px||0px||true\u00bb mix_blend_mode=\u00bboverlay\u00bb locked=\u00bboff\u00bb global_colors_info=\u00bb{}\u00bb][et_pb_column type=\u00bb4_4&#8243; _builder_version=\u00bb4.16&#8243; global_colors_info=\u00bb{}\u00bb][et_pb_text _builder_version=\u00bb4.20.4&#8243; text_font=\u00bb||||||||\u00bb header_font=\u00bbCantora One||||||||\u00bb header_letter_spacing=\u00bb24px\u00bb header_2_font=\u00bbRoboto|800||on|||||\u00bb header_2_font_size=\u00bb9vw\u00bb header_2_letter_spacing=\u00bb0.1em\u00bb transform_scale_tablet=\u00bb\u00bb transform_scale_phone=\u00bb\u00bb transform_scale_last_edited=\u00bbon|desktop\u00bb transform_translate=\u00bb4em|0px\u00bb transform_translate_tablet=\u00bb\u00bb transform_translate_phone=\u00bb0em|0px\u00bb transform_translate_last_edited=\u00bbon|desktop\u00bb transform_translate_linked=\u00bboff\u00bb transform_rotate_tablet=\u00bb\u00bb transform_rotate_phone=\u00bb\u00bb transform_rotate_last_edited=\u00bbon|desktop\u00bb transform_skew_tablet=\u00bb\u00bb transform_skew_phone=\u00bb\u00bb transform_skew_last_edited=\u00bbon|desktop\u00bb transform_origin_tablet=\u00bb\u00bb transform_origin_phone=\u00bb\u00bb transform_origin_last_edited=\u00bbon|desktop\u00bb transform_styles_last_edited=\u00bbon|desktop\u00bb text_orientation=\u00bbcenter\u00bb background_layout=\u00bbdark\u00bb width=\u00bb100%\u00bb custom_margin=\u00bb|||-7px||\u00bb custom_padding=\u00bb|||21px||\u00bb filter_opacity=\u00bb38%\u00bb header_2_font_size_tablet=\u00bb\u00bb header_2_font_size_phone=\u00bb\u00bb header_2_font_size_last_edited=\u00bbon|phone\u00bb transform_styles_tablet=\u00bb\u00bb transform_styles_phone=\u00bb\u00bb header_2_text_shadow_style=\u00bbpreset3&#8243; header_2_text_shadow_color=\u00bb#000000&#8243; text_text_align=\u00bbcenter\u00bb inline_fonts=\u00bbCantora One\u00bb global_colors_info=\u00bb{}\u00bb]<\/p>\n<h2><span style=\"font-family: 'Cantora One';font-weight: normal\">100%?<\/span><\/h2>\n<p>[\/et_pb_text][\/et_pb_column][\/et_pb_row][et_pb_row _builder_version=\u00bb4.16&#8243; max_width=\u00bbnone\u00bb custom_padding=\u00bb0px||0px||true|\u00bb locked=\u00bboff\u00bb global_colors_info=\u00bb{}\u00bb][et_pb_column type=\u00bb4_4&#8243; _builder_version=\u00bb4.16&#8243; global_colors_info=\u00bb{}\u00bb][et_pb_text _builder_version=\u00bb4.16&#8243; text_font=\u00bb||||||||\u00bb header_font=\u00bbRoboto|800||on|||||\u00bb header_font_size=\u00bb6vw\u00bb header_letter_spacing=\u00bb0.2em\u00bb header_line_height=\u00bb1.1em\u00bb text_orientation=\u00bbcenter\u00bb background_layout=\u00bbdark\u00bb custom_margin=\u00bb-3vw|||||\u00bb header_font_size_tablet=\u00bb\u00bb header_font_size_phone=\u00bb36px\u00bb header_font_size_last_edited=\u00bbon|phone\u00bb header_letter_spacing_tablet=\u00bb\u00bb header_letter_spacing_phone=\u00bb0em\u00bb header_letter_spacing_last_edited=\u00bbon|desktop\u00bb header_text_shadow_style=\u00bbpreset3&#8243; header_text_shadow_vertical_length=\u00bb-0.03em\u00bb header_text_shadow_blur_strength=\u00bb0.15em\u00bb text_text_align=\u00bbcenter\u00bb inline_fonts=\u00bbCantora One\u00bb global_colors_info=\u00bb{}\u00bb]<\/p>\n<h1><span style=\"font-family: 'Cantora One'\">Autoevaluaci\u00f3n<\/span><\/h1>\n<p>[\/et_pb_text][\/et_pb_column][\/et_pb_row][\/et_pb_section][et_pb_section fb_built=\u00bb1&#8243; admin_label=\u00bbPricing\u00bb _builder_version=\u00bb4.16&#8243; global_colors_info=\u00bb{}\u00bb][et_pb_row _builder_version=\u00bb4.24.2&#8243; max_width=\u00bb800px\u00bb custom_padding=\u00bb||0px|||\u00bb hover_enabled=\u00bb0&#8243; global_colors_info=\u00bb{}\u00bb sticky_enabled=\u00bb0&#8243;][et_pb_column type=\u00bb4_4&#8243; _builder_version=\u00bb4.16&#8243; global_colors_info=\u00bb{}\u00bb][et_pb_counters _builder_version=\u00bb4.24.2&#8243; _module_preset=\u00bbdefault\u00bb hover_enabled=\u00bb0&#8243; global_colors_info=\u00bb{}\u00bb sticky_enabled=\u00bb0&#8243;][et_pb_counter percent=\u00bb90&#8243; _builder_version=\u00bb4.24.2&#8243; _module_preset=\u00bbdefault\u00bb hover_enabled=\u00bb0&#8243; global_colors_info=\u00bb{}\u00bb bar_background_color_default=\u00bb#0013cf\u00bb use_percentages=\u00bbon\u00bb sticky_enabled=\u00bb0&#8243;]Dibujo Acad\u00e9mico[\/et_pb_counter][et_pb_counter percent=\u00bb85&#8243; _builder_version=\u00bb4.24.2&#8243; _module_preset=\u00bbdefault\u00bb hover_enabled=\u00bb0&#8243; global_colors_info=\u00bb{}\u00bb bar_background_color_default=\u00bb#0013cf\u00bb use_percentages=\u00bbon\u00bb sticky_enabled=\u00bb0&#8243;]Fundamentos de Tipograf\u00eda[\/et_pb_counter][et_pb_counter percent=\u00bb80&#8243; _builder_version=\u00bb4.24.2&#8243; _module_preset=\u00bbdefault\u00bb hover_enabled=\u00bb0&#8243; global_colors_info=\u00bb{}\u00bb bar_background_color_default=\u00bb#0013cf\u00bb use_percentages=\u00bbon\u00bb sticky_enabled=\u00bb0&#8243;]Fundamentos del Dise\u00f1o Gr\u00e1fico[\/et_pb_counter][et_pb_counter percent=\u00bb95&#8243; _builder_version=\u00bb4.24.2&#8243; _module_preset=\u00bbdefault\u00bb hover_enabled=\u00bb0&#8243; global_colors_info=\u00bb{}\u00bb bar_background_color_default=\u00bb#0013cf\u00bb use_percentages=\u00bbon\u00bb sticky_enabled=\u00bb0&#8243;]Historia del Arte y Dise\u00f1o[\/et_pb_counter][et_pb_counter percent=\u00bb98&#8243; _builder_version=\u00bb4.24.2&#8243; _module_preset=\u00bbdefault\u00bb hover_enabled=\u00bb0&#8243; global_colors_info=\u00bb{}\u00bb bar_background_color_default=\u00bb#0013cf\u00bb use_percentages=\u00bbon\u00bb sticky_enabled=\u00bb0&#8243;]Proceso Creativo[\/et_pb_counter][et_pb_counter percent=\u00bb80&#8243; _builder_version=\u00bb4.24.2&#8243; _module_preset=\u00bbdefault\u00bb hover_enabled=\u00bb0&#8243; global_colors_info=\u00bb{}\u00bb bar_background_color_default=\u00bb#0013cf\u00bb use_percentages=\u00bbon\u00bb sticky_enabled=\u00bb0&#8243;]Taller de Gr\u00e1ficos Vectoriales[\/et_pb_counter][et_pb_counter percent=\u00bb80&#8243; _builder_version=\u00bb4.24.2&#8243; _module_preset=\u00bbdefault\u00bb hover_enabled=\u00bb0&#8243; global_colors_info=\u00bb{}\u00bb bar_background_color_default=\u00bb#0013cf\u00bb use_percentages=\u00bbon\u00bb sticky_enabled=\u00bb0&#8243;]<\/p>\n<p>Dise\u00f1o Gr\u00e1fico<\/p>\n<p>[\/et_pb_counter][et_pb_counter percent=\u00bb85&#8243; _builder_version=\u00bb4.24.2&#8243; _module_preset=\u00bbdefault\u00bb hover_enabled=\u00bb0&#8243; global_colors_info=\u00bb{}\u00bb bar_background_color_default=\u00bb#0013cf\u00bb use_percentages=\u00bbon\u00bb sticky_enabled=\u00bb0&#8243;]<\/p>\n<p>Geometr\u00eda descriptiva<\/p>\n<p>[\/et_pb_counter][et_pb_counter percent=\u00bb95&#8243; _builder_version=\u00bb4.24.2&#8243; _module_preset=\u00bbdefault\u00bb hover_enabled=\u00bb0&#8243; global_colors_info=\u00bb{}\u00bb bar_background_color_default=\u00bb#0013cf\u00bb use_percentages=\u00bbon\u00bb sticky_enabled=\u00bb0&#8243;]<\/p>\n<p>Gesti\u00f3n del Dise\u00f1o<\/p>\n<p>[\/et_pb_counter][et_pb_counter percent=\u00bb85&#8243; _builder_version=\u00bb4.24.2&#8243; _module_preset=\u00bbdefault\u00bb hover_enabled=\u00bb0&#8243; global_colors_info=\u00bb{}\u00bb bar_background_color_default=\u00bb#0013cf\u00bb use_percentages=\u00bbon\u00bb sticky_enabled=\u00bb0&#8243;]<\/p>\n<p>Semi\u00f3tica<\/p>\n<p>[\/et_pb_counter][et_pb_counter percent=\u00bb100&#8243; _builder_version=\u00bb4.24.2&#8243; _module_preset=\u00bbdefault\u00bb hover_enabled=\u00bb0&#8243; global_colors_info=\u00bb{}\u00bb bar_background_color_default=\u00bb#0013cf\u00bb use_percentages=\u00bbon\u00bb sticky_enabled=\u00bb0&#8243;]<\/p>\n<p>Taller de Literatura Cient\u00edfica<\/p>\n<p>[\/et_pb_counter][et_pb_counter percent=\u00bb80&#8243; _builder_version=\u00bb4.24.2&#8243; _module_preset=\u00bbdefault\u00bb hover_enabled=\u00bb0&#8243; global_colors_info=\u00bb{}\u00bb bar_background_color_default=\u00bb#0013cf\u00bb use_percentages=\u00bbon\u00bb sticky_enabled=\u00bb0&#8243;]<\/p>\n<p>Taller de Mapas de Bits<\/p>\n<p>[\/et_pb_counter][\/et_pb_counters][\/et_pb_column][\/et_pb_row][\/et_pb_section]<\/p>\n","protected":false},"excerpt":{"rendered":"<p>100%?Autoevaluaci\u00f3nDibujo Acad\u00e9micoFundamentos de Tipograf\u00edaFundamentos del Dise\u00f1o Gr\u00e1ficoHistoria del Arte y Dise\u00f1oProceso CreativoTaller de Gr\u00e1ficos Vectoriales Dise\u00f1o Gr\u00e1fico Geometr\u00eda descriptiva Gesti\u00f3n del Dise\u00f1o Semi\u00f3tica Taller de Literatura Cient\u00edfica Taller de Mapas de Bits<\/p>\n","protected":false},"author":51,"featured_media":0,"parent":0,"menu_order":6,"comment_status":"closed","ping_status":"closed","template":"","meta":{"_et_pb_use_builder":"on","_et_pb_old_content":"<!-- wp:divi\/placeholder \/-->","_et_gb_content_width":"","inline_featured_image":false,"footnotes":""},"_links":{"self":[{"href":"https:\/\/dcv.artcom.mx\/pda\/1220435\/wp-json\/wp\/v2\/pages\/15"}],"collection":[{"href":"https:\/\/dcv.artcom.mx\/pda\/1220435\/wp-json\/wp\/v2\/pages"}],"about":[{"href":"https:\/\/dcv.artcom.mx\/pda\/1220435\/wp-json\/wp\/v2\/types\/page"}],"author":[{"embeddable":true,"href":"https:\/\/dcv.artcom.mx\/pda\/1220435\/wp-json\/wp\/v2\/users\/51"}],"replies":[{"embeddable":true,"href":"https:\/\/dcv.artcom.mx\/pda\/1220435\/wp-json\/wp\/v2\/comments?post=15"}],"version-history":[{"count":7,"href":"https:\/\/dcv.artcom.mx\/pda\/1220435\/wp-json\/wp\/v2\/pages\/15\/revisions"}],"predecessor-version":[{"id":567,"href":"https:\/\/dcv.artcom.mx\/pda\/1220435\/wp-json\/wp\/v2\/pages\/15\/revisions\/567"}],"wp:attachment":[{"href":"https:\/\/dcv.artcom.mx\/pda\/1220435\/wp-json\/wp\/v2\/media?parent=15"}],"curies":[{"name":"wp","href":"https:\/\/api.w.org\/{rel}","templated":true}]}}