{"id":9,"date":"2020-03-03T22:18:20","date_gmt":"2020-03-04T04:18:20","guid":{"rendered":"http:\/\/pdadcv.artcom.mx\/portafolio-demo\/?page_id=9"},"modified":"2025-05-13T11:45:00","modified_gmt":"2025-05-13T11:45:00","slug":"mi-ple","status":"publish","type":"page","link":"https:\/\/dcv.artcom.mx\/pda\/1220371\/mi-ple\/","title":{"rendered":"Mi PLE"},"content":{"rendered":"<p>[et_pb_section fb_built=\u00bb1&#8243; admin_label=\u00bbHeader\u00bb _builder_version=\u00bb4.24.2&#8243; _module_preset=\u00bbdefault\u00bb background_enable_color=\u00bboff\u00bb background_image=\u00bbhttp:\/\/dcv.artcom.mx\/pda\/1220371\/wp-content\/uploads\/sites\/46\/2024\/05\/degradado2ale.png\u00bb parallax=\u00bbon\u00bb transform_scale=\u00bb104%|104%\u00bb min_height=\u00bb379px\u00bb overflow-x=\u00bbhidden\u00bb overflow-y=\u00bbhidden\u00bb custom_margin=\u00bb||54px|||\u00bb custom_padding=\u00bb2vw||7px||false|false\u00bb collapsed=\u00bbon\u00bb global_colors_info=\u00bb{%22gcid-b0afb9e7-00cb-4a3b-9bdf-e3137e7083ae%22:%91%22background_color%22%93}\u00bb][et_pb_row _builder_version=\u00bb4.24.2&#8243; _module_preset=\u00bbdefault\u00bb min_height=\u00bb266.1px\u00bb custom_margin=\u00bb|auto|-1px|auto||\u00bb global_colors_info=\u00bb{}\u00bb][et_pb_column type=\u00bb4_4&#8243; _builder_version=\u00bb4.22.0&#8243; _module_preset=\u00bbdefault\u00bb global_colors_info=\u00bb{}\u00bb][et_pb_text _builder_version=\u00bb4.24.2&#8243; _module_preset=\u00bb4a82298e-c130-48b1-9d00-862a8619bda0&#8243; header_font=\u00bbMontserrat|700||on|||||\u00bb header_text_color=\u00bb#FFFFFF\u00bb header_font_size=\u00bb80px\u00bb hover_enabled=\u00bb0&#8243; global_colors_info=\u00bb{}\u00bb sticky_enabled=\u00bb0&#8243;]<\/p>\n<h1 style=\"text-align: center\">Mi PLE<\/h1>\n<p>[\/et_pb_text][et_pb_text _builder_version=\u00bb4.24.2&#8243; _module_preset=\u00bb29cdb32e-c478-4f19-90da-8ff83def9e6c\u00bb text_font=\u00bbMontserrat||||||||\u00bb text_text_color=\u00bb#FFFFFF\u00bb header_font=\u00bbMontserrat||||||||\u00bb header_3_font=\u00bbMontserrat||||||||\u00bb header_3_text_color=\u00bb#FFFFFF\u00bb header_3_font_size=\u00bb17px\u00bb global_colors_info=\u00bb{}\u00bb]<\/p>\n<h3 style=\"text-align: center\">Mi <strong>Entorno Personal de Aprendizaje<\/strong> refleja las herramientas y espacios que utilizo d\u00eda a d\u00eda para aprender y crecer como dise\u00f1adora. A trav\u00e9s de plataformas digitales, redes y recursos creativos, voy construyendo mi propio camino de aprendizaje.<\/h3>\n<h3 style=\"text-align: center\">Este <strong>PLE<\/strong> es una muestra de c\u00f3mo conecto mi curiosidad con mi desarrollo personal y profesional.<\/h3>\n<p>[\/et_pb_text][\/et_pb_column][\/et_pb_row][\/et_pb_section][et_pb_section fb_built=\u00bb1&#8243; admin_label=\u00bbServices\u00bb _builder_version=\u00bb4.24.2&#8243; _module_preset=\u00bbdefault\u00bb background_enable_color=\u00bboff\u00bb background_enable_image=\u00bboff\u00bb parallax=\u00bbon\u00bb transform_scale=\u00bb106%|106%\u00bb min_height=\u00bb456px\u00bb overflow-x=\u00bbhidden\u00bb overflow-y=\u00bbhidden\u00bb custom_margin=\u00bb5px||1px|||\u00bb custom_padding=\u00bb37px|||||\u00bb animation_style=\u00bbzoom\u00bb animation_delay=\u00bb550ms\u00bb collapsed=\u00bbon\u00bb global_colors_info=\u00bb{%22gcid-b0afb9e7-00cb-4a3b-9bdf-e3137e7083ae%22:%91%22background_color%22%93}\u00bb][et_pb_row _builder_version=\u00bb4.21.0&#8243; _module_preset=\u00bbdefault\u00bb max_width=\u00bb900px\u00bb global_colors_info=\u00bb{}\u00bb][et_pb_column type=\u00bb4_4&#8243; _builder_version=\u00bb4.21.0&#8243; _module_preset=\u00bbdefault\u00bb global_colors_info=\u00bb{}\u00bb][et_pb_text _builder_version=\u00bb4.24.2&#8243; _module_preset=\u00bb0566e2cd-05ec-4bbf-ae7a-b0508361e121&#8243; text_font=\u00bbChanga One||||||||\u00bb header_font=\u00bbMontserrat||||||||\u00bb header_text_color=\u00bb#000000&#8243; header_2_font=\u00bbMontserrat|600||on|||||\u00bb header_2_text_color=\u00bb#000000&#8243; text_orientation=\u00bbcenter\u00bb global_colors_info=\u00bb{}\u00bb]<\/p>\n<h2>Aqu\u00ed me inspiro<\/h2>\n<p>[\/et_pb_text][\/et_pb_column][\/et_pb_row][et_pb_row column_structure=\u00bb1_2,1_2&#8243; _builder_version=\u00bb4.24.2&#8243; _module_preset=\u00bbdefault\u00bb global_colors_info=\u00bb{}\u00bb][et_pb_column type=\u00bb1_2&#8243; _builder_version=\u00bb4.24.2&#8243; _module_preset=\u00bbdefault\u00bb global_colors_info=\u00bb{}\u00bb][et_pb_gallery gallery_ids=\u00bb1302,1296,1293,1294,1295,1297&#8243; fullwidth=\u00bbon\u00bb _builder_version=\u00bb4.24.2&#8243; _module_preset=\u00bbdefault\u00bb auto=\u00bbon\u00bb auto_speed=\u00bb6000&#8243; border_radii=\u00bbon|10px|10px|10px|10px\u00bb global_colors_info=\u00bb{}\u00bb][\/et_pb_gallery][et_pb_text _builder_version=\u00bb4.24.2&#8243; _module_preset=\u00bbdefault\u00bb text_font=\u00bbMontserrat|500|||||||\u00bb text_font_size=\u00bb15px\u00bb link_option_url=\u00bbhttps:\/\/www.instagram.com\/aureliemaron?igsh=ZGZ6Z3hiYmdhazFs\u00bb link_option_url_new_window=\u00bbon\u00bb global_colors_info=\u00bb{}\u00bb]<\/p>\n<p>Artista de Lettering y Coach Creativa &#8211; <strong>@aureliemaron<\/strong><\/p>\n<p>[\/et_pb_text][\/et_pb_column][et_pb_column type=\u00bb1_2&#8243; _builder_version=\u00bb4.24.2&#8243; _module_preset=\u00bbdefault\u00bb global_colors_info=\u00bb{}\u00bb][et_pb_gallery gallery_ids=\u00bb1306,1299,1300,1301,1307&#8243; fullwidth=\u00bbon\u00bb _builder_version=\u00bb4.24.2&#8243; _module_preset=\u00bbdefault\u00bb auto=\u00bbon\u00bb auto_speed=\u00bb6000&#8243; border_radii=\u00bbon|10px|10px|10px|10px\u00bb global_colors_info=\u00bb{}\u00bb][\/et_pb_gallery][et_pb_text _builder_version=\u00bb4.24.2&#8243; _module_preset=\u00bbdefault\u00bb text_font=\u00bbMontserrat|500|||||||\u00bb text_font_size=\u00bb15px\u00bb link_option_url=\u00bbhttps:\/\/www.instagram.com\/nelli_suneli?igsh=eG1jN2dtN3NzNjZo\u00bb link_option_url_new_window=\u00bbon\u00bb global_colors_info=\u00bb{}\u00bb]<\/p>\n<p>Artista Digital &#8211; <strong>@nelli_suneli<\/strong><\/p>\n<p>[\/et_pb_text][\/et_pb_column][\/et_pb_row][et_pb_row column_structure=\u00bb1_2,1_2&#8243; _builder_version=\u00bb4.24.2&#8243; _module_preset=\u00bbdefault\u00bb global_colors_info=\u00bb{}\u00bb][et_pb_column type=\u00bb1_2&#8243; _builder_version=\u00bb4.24.2&#8243; _module_preset=\u00bbdefault\u00bb global_colors_info=\u00bb{}\u00bb][et_pb_gallery gallery_ids=\u00bb1310,1311,1312,1313,1314&#8243; fullwidth=\u00bbon\u00bb _builder_version=\u00bb4.24.2&#8243; _module_preset=\u00bbdefault\u00bb custom_margin=\u00bb-139px|||||\u00bb auto=\u00bbon\u00bb auto_speed=\u00bb6000&#8243; border_radii=\u00bbon|10px|10px|10px|10px\u00bb global_colors_info=\u00bb{}\u00bb][\/et_pb_gallery][et_pb_text _builder_version=\u00bb4.24.2&#8243; _module_preset=\u00bbdefault\u00bb text_font=\u00bbMontserrat|500|||||||\u00bb text_font_size=\u00bb15px\u00bb custom_margin=\u00bb9px|||||\u00bb link_option_url=\u00bbhttps:\/\/www.instagram.com\/geosartstuff?igsh=MTA3cml4M3F6b3p5bg==\u00bb link_option_url_new_window=\u00bbon\u00bb global_colors_info=\u00bb{}\u00bb]<\/p>\n<p>Self Taught Artist\/Online Art Journal \/ <strong>@geosartstuff<\/strong><\/p>\n<p>[\/et_pb_text][\/et_pb_column][et_pb_column type=\u00bb1_2&#8243; _builder_version=\u00bb4.24.2&#8243; _module_preset=\u00bbdefault\u00bb global_colors_info=\u00bb{}\u00bb][et_pb_gallery gallery_ids=\u00bb1335,1336,1337&#8243; fullwidth=\u00bbon\u00bb _builder_version=\u00bb4.24.2&#8243; _module_preset=\u00bbdefault\u00bb min_height=\u00bb578.9px\u00bb custom_margin=\u00bb-7px|||||\u00bb custom_padding=\u00bb0px||0px|||\u00bb auto=\u00bbon\u00bb auto_speed=\u00bb6000&#8243; border_radii=\u00bbon|10px|10px|10px|10px\u00bb global_colors_info=\u00bb{}\u00bb][\/et_pb_gallery][et_pb_text _builder_version=\u00bb4.24.2&#8243; _module_preset=\u00bbdefault\u00bb text_font=\u00bbMontserrat|500|||||||\u00bb text_font_size=\u00bb15px\u00bb custom_margin=\u00bb-50px|||||\u00bb custom_padding=\u00bb0px||0px|||\u00bb link_option_url=\u00bbhttps:\/\/www.instagram.com\/panter.vision?igsh=djV1ZG8zdDE2M213&#8243; link_option_url_new_window=\u00bbon\u00bb global_colors_info=\u00bb{}\u00bb]<\/p>\n<p>Artista enfocado en Branding e Identidad Visual &#8211; <strong>@panter.vision<\/strong><\/p>\n<p>[\/et_pb_text][\/et_pb_column][\/et_pb_row][et_pb_row column_structure=\u00bb1_2,1_2&#8243; _builder_version=\u00bb4.24.2&#8243; _module_preset=\u00bbdefault\u00bb global_colors_info=\u00bb{}\u00bb][et_pb_column type=\u00bb1_2&#8243; _builder_version=\u00bb4.24.2&#8243; _module_preset=\u00bbdefault\u00bb global_colors_info=\u00bb{}\u00bb][et_pb_gallery gallery_ids=\u00bb1347,1346,1349,1348,1350&#8243; fullwidth=\u00bbon\u00bb _builder_version=\u00bb4.24.2&#8243; _module_preset=\u00bbdefault\u00bb custom_margin=\u00bb-138px|||||\u00bb auto=\u00bbon\u00bb auto_speed=\u00bb6000&#8243; border_radii=\u00bbon|10px|10px|10px|10px\u00bb global_colors_info=\u00bb{}\u00bb][\/et_pb_gallery][et_pb_text _builder_version=\u00bb4.24.2&#8243; _module_preset=\u00bbdefault\u00bb text_font=\u00bbMontserrat|500|||||||\u00bb text_font_size=\u00bb15px\u00bb link_option_url=\u00bbhttps:\/\/www.instagram.com\/cinthya.mov?igsh=eW94YjVrOWZpMzdj\u00bb link_option_url_new_window=\u00bbon\u00bb global_colors_info=\u00bb{}\u00bb]<\/p>\n<p>Influencer de fotograf\u00eda, creatividad y journaling &#8211; <strong>@cinthya.mov<\/strong><\/p>\n<p>[\/et_pb_text][\/et_pb_column][et_pb_column type=\u00bb1_2&#8243; _builder_version=\u00bb4.24.2&#8243; _module_preset=\u00bbdefault\u00bb global_colors_info=\u00bb{}\u00bb][et_pb_gallery gallery_ids=\u00bb1354,1355,1356,1353,1357&#8243; fullwidth=\u00bbon\u00bb _builder_version=\u00bb4.24.2&#8243; _module_preset=\u00bbdefault\u00bb min_height=\u00bb821.4px\u00bb auto=\u00bbon\u00bb auto_speed=\u00bb6000&#8243; border_radii=\u00bbon|10px|10px|10px|10px\u00bb global_colors_info=\u00bb{}\u00bb][\/et_pb_gallery][et_pb_text _builder_version=\u00bb4.24.2&#8243; _module_preset=\u00bbdefault\u00bb text_font=\u00bbMontserrat|500|||||||\u00bb text_font_size=\u00bb15px\u00bb link_option_url=\u00bbhttps:\/\/www.instagram.com\/jb.brandon4?igsh=MTZ2d21rc2I3azFvcw==\u00bb link_option_url_new_window=\u00bbon\u00bb global_colors_info=\u00bb{}\u00bb]<\/p>\n<p>Contenido entretenido acerca de Jes\u00fas &#8211; <strong>@jb.brandon4<\/strong><\/p>\n<p>[\/et_pb_text][\/et_pb_column][\/et_pb_row][et_pb_row column_structure=\u00bb1_2,1_2&#8243; _builder_version=\u00bb4.24.2&#8243; _module_preset=\u00bbdefault\u00bb global_colors_info=\u00bb{}\u00bb][et_pb_column type=\u00bb1_2&#8243; _builder_version=\u00bb4.24.2&#8243; _module_preset=\u00bbdefault\u00bb global_colors_info=\u00bb{}\u00bb][et_pb_image src=\u00bbhttp:\/\/dcv.artcom.mx\/pda\/1220371\/wp-content\/uploads\/sites\/46\/2025\/05\/en-el-fondo-de-mi-corazon_.jpeg\u00bb title_text=\u00bben el fondo de mi corazon_\u00bb url=\u00bbhttps:\/\/open.spotify.com\/playlist\/0v420039AvtFPCtxX4tAjG?si=uzvkSewPQf222ZjP3nz2Jw&amp;pi=UW81GLdeT5GUJ\u00bb url_new_window=\u00bbon\u00bb _builder_version=\u00bb4.24.2&#8243; _module_preset=\u00bbdefault\u00bb min_height=\u00bb677.9px\u00bb custom_margin=\u00bb-353px|||||\u00bb border_radii=\u00bbon|10px|10px|10px|10px\u00bb global_colors_info=\u00bb{}\u00bb][\/et_pb_image][et_pb_text _builder_version=\u00bb4.24.2&#8243; _module_preset=\u00bbdefault\u00bb text_font=\u00bbMontserrat|500|||||||\u00bb text_font_size=\u00bb15px\u00bb global_colors_info=\u00bb{}\u00bb]<\/p>\n<p>Mi playlist \u00ab<strong><em>aesthetic in spanish<\/em><\/strong>\u00ab<\/p>\n<p>[\/et_pb_text][et_pb_button button_url=\u00bbhttps:\/\/open.spotify.com\/playlist\/0v420039AvtFPCtxX4tAjG?si=uzvkSewPQf222ZjP3nz2Jw&amp;pi=UW81GLdeT5GUJ\u00bb url_new_window=\u00bbon\u00bb button_text=\u00bbDale clic para escucharla\u00bb button_alignment=\u00bbleft\u00bb _builder_version=\u00bb4.24.2&#8243; _module_preset=\u00bbdefault\u00bb custom_button=\u00bbon\u00bb button_text_size=\u00bb15px\u00bb button_text_color=\u00bb#243eab\u00bb button_border_width=\u00bb2px\u00bb button_border_radius=\u00bb40px\u00bb button_font=\u00bbMontserrat|500|||||||\u00bb button_icon=\u00bb&#xe08e;||divi||400&#8243; animation_style=\u00bbfade\u00bb box_shadow_style=\u00bbpreset1&#8243; global_colors_info=\u00bb{}\u00bb][\/et_pb_button][\/et_pb_column][et_pb_column type=\u00bb1_2&#8243; _builder_version=\u00bb4.24.2&#8243; _module_preset=\u00bbdefault\u00bb global_colors_info=\u00bb{}\u00bb][et_pb_image src=\u00bbhttp:\/\/dcv.artcom.mx\/pda\/1220371\/wp-content\/uploads\/sites\/46\/2025\/05\/oldies.jpg\u00bb title_text=\u00bboldies\u00bb url=\u00bbhttps:\/\/open.spotify.com\/playlist\/47aOSs4D2OkabKXZzCd3xK?si=6S4gUffERG6hfbAsSTsONQ&amp;pi=9prT0IbmSw6R9&#8243; url_new_window=\u00bbon\u00bb _builder_version=\u00bb4.24.2&#8243; _module_preset=\u00bbdefault\u00bb global_colors_info=\u00bb{}\u00bb][\/et_pb_image][et_pb_button button_url=\u00bbhttps:\/\/open.spotify.com\/playlist\/47aOSs4D2OkabKXZzCd3xK?si=6S4gUffERG6hfbAsSTsONQ&amp;pi=9prT0IbmSw6R9&#8243; url_new_window=\u00bbon\u00bb button_text=\u00bbDale clic para escucharla\u00bb button_alignment=\u00bbleft\u00bb _builder_version=\u00bb4.24.2&#8243; _module_preset=\u00bbdefault\u00bb custom_button=\u00bbon\u00bb button_text_size=\u00bb15px\u00bb button_text_color=\u00bb#243eab\u00bb button_border_radius=\u00bb39px\u00bb button_font=\u00bbMontserrat|500|||||||\u00bb button_icon=\u00bb&#xe08e;||divi||400&#8243; global_colors_info=\u00bb{}\u00bb][\/et_pb_button][et_pb_text _builder_version=\u00bb4.24.2&#8243; _module_preset=\u00bbdefault\u00bb text_font=\u00bbMontserrat|500|||||||\u00bb text_font_size=\u00bb15px\u00bb global_colors_info=\u00bb{}\u00bb]<\/p>\n<p>Mi playlist \u00ab<strong><em>oldies<\/em><\/strong>\u00ab<\/p>\n<p>[\/et_pb_text][\/et_pb_column][\/et_pb_row][et_pb_row _builder_version=\u00bb4.21.0&#8243; _module_preset=\u00bbdefault\u00bb max_width=\u00bb900px\u00bb global_colors_info=\u00bb{}\u00bb][et_pb_column type=\u00bb4_4&#8243; _builder_version=\u00bb4.21.0&#8243; _module_preset=\u00bbdefault\u00bb global_colors_info=\u00bb{}\u00bb][et_pb_text _builder_version=\u00bb4.24.2&#8243; _module_preset=\u00bb0566e2cd-05ec-4bbf-ae7a-b0508361e121&#8243; text_font=\u00bbChanga One||||||||\u00bb header_font=\u00bbMontserrat||||||||\u00bb header_text_color=\u00bb#000000&#8243; header_2_font=\u00bbMontserrat|600||on|||||\u00bb header_2_text_color=\u00bb#000000&#8243; text_orientation=\u00bbcenter\u00bb global_colors_info=\u00bb{}\u00bb]<\/p>\n<h2>Otros sitios web<\/h2>\n<p>[\/et_pb_text][\/et_pb_column][\/et_pb_row][et_pb_row column_structure=\u00bb1_3,1_3,1_3&#8243; _builder_version=\u00bb4.24.2&#8243; _module_preset=\u00bbdefault\u00bb global_colors_info=\u00bb{}\u00bb][et_pb_column type=\u00bb1_3&#8243; _builder_version=\u00bb4.24.2&#8243; _module_preset=\u00bbdefault\u00bb background_color=\u00bbrgba(174,150,219,0.53)\u00bb background_enable_image=\u00bboff\u00bb parallax=\u00bbon\u00bb overflow-x=\u00bbvisible\u00bb overflow-y=\u00bbvisible\u00bb custom_padding=\u00bb60px|30px|30px|30px|false|true\u00bb custom_padding_tablet=\u00bb60px||||false|true\u00bb custom_padding_phone=\u00bb50px|20px||20px|false|true\u00bb custom_padding_last_edited=\u00bbon|phone\u00bb border_radii=\u00bboff|30px|30px|30px|30px\u00bb global_colors_info=\u00bb{}\u00bb][et_pb_text _builder_version=\u00bb4.24.2&#8243; _module_preset=\u00bbb5c8462f-8630-4f99-a0cb-3bcd840d36ab\u00bb header_font=\u00bb|700|||||||\u00bb header_text_color=\u00bb#000000&#8243; header_4_font=\u00bbMontserrat|700|||||||\u00bb header_4_text_color=\u00bb#000000&#8243; header_4_font_size=\u00bb30px\u00bb text_orientation=\u00bbcenter\u00bb custom_margin=\u00bb||0px||false|false\u00bb link_option_url=\u00bbhttps:\/\/www.behance.net\/\u00bb link_option_url_new_window=\u00bbon\u00bb global_colors_info=\u00bb{}\u00bb]<\/p>\n<h4>BEHANCE<\/h4>\n<p>[\/et_pb_text][et_pb_text _builder_version=\u00bb4.24.2&#8243; _module_preset=\u00bb29cdb32e-c478-4f19-90da-8ff83def9e6c\u00bb text_font=\u00bbMontserrat|300|||||||\u00bb text_text_color=\u00bb#000000&#8243; text_orientation=\u00bbcenter\u00bb global_colors_info=\u00bb{}\u00bb]<\/p>\n<p>Aqu\u00ed veo proyectos de otras personas que me inspiran a poder hacer mis proyectos personales llenos de aprendizaje.<\/p>\n<p>[\/et_pb_text][\/et_pb_column][et_pb_column type=\u00bb1_3&#8243; _builder_version=\u00bb4.24.2&#8243; _module_preset=\u00bbdefault\u00bb background_color=\u00bbrgba(174,150,219,0.53)\u00bb overflow-x=\u00bbvisible\u00bb overflow-y=\u00bbvisible\u00bb custom_padding=\u00bb60px|30px|30px|30px|false|true\u00bb custom_padding_tablet=\u00bb60px||||false|true\u00bb custom_padding_phone=\u00bb50px|20px||20px|false|true\u00bb custom_padding_last_edited=\u00bbon|phone\u00bb border_radii=\u00bbon|30px|30px|30px|30px\u00bb global_colors_info=\u00bb{}\u00bb][et_pb_text _builder_version=\u00bb4.24.2&#8243; _module_preset=\u00bbb5c8462f-8630-4f99-a0cb-3bcd840d36ab\u00bb header_4_font=\u00bbMontserrat|700|||||||\u00bb header_4_text_color=\u00bb#000000&#8243; header_4_font_size=\u00bb30px\u00bb text_orientation=\u00bbcenter\u00bb custom_margin=\u00bb||0px||false|false\u00bb link_option_url=\u00bbhttps:\/\/mx.pinterest.com\/\u00bb link_option_url_new_window=\u00bbon\u00bb global_colors_info=\u00bb{}\u00bb]<\/p>\n<h4>PINTEREST<\/h4>\n<p>[\/et_pb_text][et_pb_text _builder_version=\u00bb4.24.2&#8243; _module_preset=\u00bb29cdb32e-c478-4f19-90da-8ff83def9e6c\u00bb text_font=\u00bbMontserrat|300|||||||\u00bb text_text_color=\u00bb#000000&#8243; text_orientation=\u00bbcenter\u00bb global_colors_info=\u00bb{}\u00bb]<\/p>\n<p>Aqu\u00ed veo pins sobre temas de los que quiero saber y me inspiran a poder combinar ideas y poder tener un resultado favorable.<\/p>\n<p>[\/et_pb_text][\/et_pb_column][et_pb_column type=\u00bb1_3&#8243; _builder_version=\u00bb4.24.2&#8243; _module_preset=\u00bbdefault\u00bb background_color=\u00bbrgba(174,150,219,0.53)\u00bb overflow-x=\u00bbvisible\u00bb overflow-y=\u00bbvisible\u00bb custom_padding=\u00bb60px|30px|30px|30px|false|true\u00bb custom_padding_tablet=\u00bb60px||||false|true\u00bb custom_padding_phone=\u00bb50px|20px||20px|false|true\u00bb custom_padding_last_edited=\u00bbon|phone\u00bb border_radii=\u00bbon|30px|30px|30px|30px\u00bb global_colors_info=\u00bb{}\u00bb][et_pb_text _builder_version=\u00bb4.24.2&#8243; _module_preset=\u00bbb5c8462f-8630-4f99-a0cb-3bcd840d36ab\u00bb header_4_font=\u00bbMontserrat|700|||||||\u00bb header_4_text_color=\u00bb#000000&#8243; header_4_font_size=\u00bb30px\u00bb text_orientation=\u00bbcenter\u00bb custom_margin=\u00bb||0px||false|false\u00bb link_option_url=\u00bbhttps:\/\/www.pexels.com\/\u00bb link_option_url_new_window=\u00bbon\u00bb global_colors_info=\u00bb{}\u00bb]<\/p>\n<h4>PEXELS<\/h4>\n<p>[\/et_pb_text][et_pb_text _builder_version=\u00bb4.24.2&#8243; _module_preset=\u00bb29cdb32e-c478-4f19-90da-8ff83def9e6c\u00bb text_font=\u00bbMontserrat|300|||||||\u00bb text_text_color=\u00bb#000000&#8243; text_orientation=\u00bbcenter\u00bb global_colors_info=\u00bb{}\u00bb]<\/p>\n<p>Esta plataforma me ayuda mucho a poder obtener recursos como fotograf\u00edas.<\/p>\n<p>[\/et_pb_text][\/et_pb_column][\/et_pb_row][\/et_pb_section][et_pb_section fb_built=\u00bb1&#8243; admin_label=\u00bbCall to Action\u00bb _builder_version=\u00bb4.24.2&#8243; _module_preset=\u00bbdefault\u00bb background_enable_color=\u00bboff\u00bb background_image=\u00bbhttp:\/\/dcv.artcom.mx\/pda\/1220371\/wp-content\/uploads\/sites\/46\/2024\/05\/degradado2ale.png\u00bb parallax=\u00bbon\u00bb transform_scale=\u00bb104%|104%\u00bb position_origin_r=\u00bbbottom_right\u00bb vertical_offset=\u00bb0px\u00bb horizontal_offset=\u00bb0px\u00bb z_index=\u00bb500&#8243; width=\u00bb100%\u00bb custom_margin=\u00bb83px|||||\u00bb custom_padding=\u00bb71px|0px|6vw||false|false\u00bb collapsed=\u00bbon\u00bb global_colors_info=\u00bb{}\u00bb][et_pb_row column_structure=\u00bb1_2,1_2&#8243; custom_padding_last_edited=\u00bbon|desktop\u00bb _builder_version=\u00bb4.24.2&#8243; _module_preset=\u00bbdefault\u00bb background_color=\u00bb#FFFFFF\u00bb parallax=\u00bbon\u00bb background_blend=\u00bblighten\u00bb max_width=\u00bb1280px\u00bb overflow-x=\u00bbvisible\u00bb overflow-y=\u00bbvisible\u00bb custom_padding=\u00bb60px|100px|60px|100px|true|true\u00bb custom_padding_tablet=\u00bb30px|30px|30px|30px|true|true\u00bb custom_padding_phone=\u00bb20px|20px|20px|20px|true|true\u00bb animation_style=\u00bbzoom\u00bb border_radii=\u00bbon|30px|30px|30px|30px\u00bb border_width_all=\u00bb3px\u00bb border_color_all=\u00bb#ae96db\u00bb global_colors_info=\u00bb{}\u00bb][et_pb_column type=\u00bb1_2&#8243; _builder_version=\u00bb4.24.2&#8243; _module_preset=\u00bbdefault\u00bb global_colors_info=\u00bb{%22gcid-aca0a2e8-0de7-4ce9-88ea-510d38e23681%22:%91%22background_color%22%93}\u00bb][et_pb_text _builder_version=\u00bb4.24.2&#8243; _module_preset=\u00bb0566e2cd-05ec-4bbf-ae7a-b0508361e121&#8243; header_2_font=\u00bbMontserrat|600||on|||||\u00bb header_2_text_color=\u00bb#243eab\u00bb custom_margin=\u00bb|-98px|10px||false|false\u00bb global_colors_info=\u00bb{}\u00bb]<\/p>\n<h2>\u00a1Aqu\u00ed publico!<\/h2>\n<p>[\/et_pb_text][et_pb_text _builder_version=\u00bb4.24.2&#8243; _module_preset=\u00bb29cdb32e-c478-4f19-90da-8ff83def9e6c\u00bb text_font=\u00bbMontserrat||||||||\u00bb text_text_color=\u00bb#000000&#8243; width=\u00bb97%\u00bb custom_margin=\u00bb|49px||||\u00bb custom_padding=\u00bb|39px||||\u00bb global_colors_info=\u00bb{}\u00bb]<\/p>\n<p>En esta cuenta publico los proyectos que me ayudan a ver mi crecimiento.<\/p>\n<p>[\/et_pb_text][\/et_pb_column][et_pb_column type=\u00bb1_2&#8243; _builder_version=\u00bb4.22.0&#8243; _module_preset=\u00bbdefault\u00bb global_colors_info=\u00bb{}\u00bb][et_pb_image src=\u00bbhttp:\/\/dcv.artcom.mx\/pda\/1220371\/wp-content\/uploads\/sites\/46\/2025\/05\/instagram.png\u00bb title_text=\u00bbinstagram\u00bb url=\u00bbhttps:\/\/www.instagram.com\/alemdh.art?igsh=MW4xMzZlOTF0MDM3cw%3D%3D&amp;utm_source=qr\u00bb url_new_window=\u00bbon\u00bb align=\u00bbcenter\u00bb _builder_version=\u00bb4.24.2&#8243; _module_preset=\u00bbdefault\u00bb width=\u00bb89.9%\u00bb custom_margin=\u00bb-3px|||0px||\u00bb custom_padding=\u00bb1px|122px||175px||\u00bb global_colors_info=\u00bb{}\u00bb][\/et_pb_image][et_pb_text _builder_version=\u00bb4.24.2&#8243; _module_preset=\u00bbdefault\u00bb text_font=\u00bbMontserrat|600|||||||\u00bb text_text_color=\u00bb#000000&#8243; text_font_size=\u00bb25px\u00bb link_option_url=\u00bbhttps:\/\/www.instagram.com\/alemdh.art?igsh=MW4xMzZlOTF0MDM3cw%3D%3D&amp;utm_source=qr\u00bb link_option_url_new_window=\u00bbon\u00bb global_colors_info=\u00bb{}\u00bb]<\/p>\n<p style=\"text-align: center\">@alemdh.art<\/p>\n<p>[\/et_pb_text][\/et_pb_column][\/et_pb_row][\/et_pb_section]<\/p>\n","protected":false},"excerpt":{"rendered":"<p>Mi PLEMi Entorno Personal de Aprendizaje refleja las herramientas y espacios que utilizo d\u00eda a d\u00eda para aprender y crecer como dise\u00f1adora. A trav\u00e9s de plataformas digitales, redes y recursos creativos, voy construyendo mi propio camino de aprendizaje. Este PLE es una muestra de c\u00f3mo conecto mi curiosidad con mi desarrollo personal y profesional.Aqu\u00ed me [&hellip;]<\/p>\n","protected":false},"author":48,"featured_media":0,"parent":0,"menu_order":4,"comment_status":"closed","ping_status":"closed","template":"","meta":{"_et_pb_use_builder":"on","_et_pb_old_content":"","_et_gb_content_width":"","inline_featured_image":false,"footnotes":""},"_links":{"self":[{"href":"https:\/\/dcv.artcom.mx\/pda\/1220371\/wp-json\/wp\/v2\/pages\/9"}],"collection":[{"href":"https:\/\/dcv.artcom.mx\/pda\/1220371\/wp-json\/wp\/v2\/pages"}],"about":[{"href":"https:\/\/dcv.artcom.mx\/pda\/1220371\/wp-json\/wp\/v2\/types\/page"}],"author":[{"embeddable":true,"href":"https:\/\/dcv.artcom.mx\/pda\/1220371\/wp-json\/wp\/v2\/users\/48"}],"replies":[{"embeddable":true,"href":"https:\/\/dcv.artcom.mx\/pda\/1220371\/wp-json\/wp\/v2\/comments?post=9"}],"version-history":[{"count":57,"href":"https:\/\/dcv.artcom.mx\/pda\/1220371\/wp-json\/wp\/v2\/pages\/9\/revisions"}],"predecessor-version":[{"id":1386,"href":"https:\/\/dcv.artcom.mx\/pda\/1220371\/wp-json\/wp\/v2\/pages\/9\/revisions\/1386"}],"wp:attachment":[{"href":"https:\/\/dcv.artcom.mx\/pda\/1220371\/wp-json\/wp\/v2\/media?parent=9"}],"curies":[{"name":"wp","href":"https:\/\/api.w.org\/{rel}","templated":true}]}}