{"id":884,"date":"2024-04-08T14:25:16","date_gmt":"2024-04-08T14:25:16","guid":{"rendered":"https:\/\/dcv.artcom.mx\/pda\/1220371\/?page_id=884"},"modified":"2024-05-07T16:30:39","modified_gmt":"2024-05-07T16:30:39","slug":"actividades-eclesiasticas-y-espirituales-2","status":"publish","type":"page","link":"https:\/\/dcv.artcom.mx\/pda\/1220371\/evidencias\/actividades-eclesiasticas-y-espirituales-2\/","title":{"rendered":"Actividades eclesi\u00e1sticas y espirituales"},"content":{"rendered":"<p>[et_pb_section fb_built=\u00bb1&#8243; admin_label=\u00bbFeatured Products\u00bb _builder_version=\u00bb4.24.2&#8243; background_color=\u00bb#FFFFFF\u00bb background_enable_image=\u00bboff\u00bb custom_margin=\u00bb||-68px|||\u00bb global_colors_info=\u00bb{}\u00bb][et_pb_row _builder_version=\u00bb4.16&#8243; hover_enabled=\u00bb0&#8243; global_colors_info=\u00bb{}\u00bb sticky_enabled=\u00bb0&#8243;][et_pb_column type=\u00bb4_4&#8243; _builder_version=\u00bb4.16&#8243; custom_padding=\u00bb|||\u00bb global_colors_info=\u00bb{}\u00bb custom_padding__hover=\u00bb|||\u00bb][et_pb_text _builder_version=\u00bb4.24.2&#8243; text_font=\u00bb||||||||\u00bb header_font=\u00bbChanga One||||||||\u00bb header_text_color=\u00bb#203aa9&#8243; header_font_size=\u00bb49px\u00bb header_2_font=\u00bbChanga One||||||||\u00bb header_2_text_align=\u00bbcenter\u00bb header_2_text_color=\u00bb#2b2b2b\u00bb header_2_font_size=\u00bb42px\u00bb header_2_line_height=\u00bb1.5em\u00bb text_orientation=\u00bbcenter\u00bb module_alignment=\u00bbcenter\u00bb custom_margin=\u00bb||10px|\u00bb hover_enabled=\u00bb0&#8243; locked=\u00bboff\u00bb global_colors_info=\u00bb{}\u00bb sticky_enabled=\u00bb0&#8243;]<\/p>\n<h1>ACTIVIDADES ECLESI\u00c1STICAS Y ESPIRITUALES<\/h1>\n<p>[\/et_pb_text][et_pb_text _builder_version=\u00bb4.20.4&#8243; text_font=\u00bbCatamaran||||||||\u00bb text_text_color=\u00bbrgba(0,0,0,0.4)\u00bb text_font_size=\u00bb17px\u00bb text_line_height=\u00bb1.9em\u00bb header_font=\u00bb||||||||\u00bb header_2_font=\u00bb||||||||\u00bb text_orientation=\u00bbcenter\u00bb max_width=\u00bb700px\u00bb module_alignment=\u00bbcenter\u00bb global_colors_info=\u00bb{}\u00bb]<\/p>\n<p><span><span style=\"font-weight: 400\">Aqu\u00ed podr\u00e1s conocer m\u00e1s acerca de mi actividades espirituales en las que me he involucrado a lo largo de mi carrera. Evidencias de ministerios en la iglesia y\/o diferentes actividades.<\/span><\/span><\/p>\n<p>[\/et_pb_text][\/et_pb_column][\/et_pb_row][\/et_pb_section][et_pb_section fb_built=\u00bb1&#8243; _builder_version=\u00bb4.24.2&#8243; _module_preset=\u00bbdefault\u00bb hover_enabled=\u00bb0&#8243; global_colors_info=\u00bb{}\u00bb background_enable_color=\u00bboff\u00bb title_text=\u00bbdegradado2ale\u00bb background_image=\u00bbhttp:\/\/dcv.artcom.mx\/pda\/1220371\/wp-content\/uploads\/sites\/46\/2024\/05\/degradado2ale.png\u00bb parallax=\u00bbon\u00bb sticky_enabled=\u00bb0&#8243;][et_pb_row column_structure=\u00bb1_2,1_2&#8243; _builder_version=\u00bb4.20.4&#8243; _module_preset=\u00bbdefault\u00bb global_colors_info=\u00bb{}\u00bb][et_pb_column type=\u00bb1_2&#8243; _builder_version=\u00bb4.20.4&#8243; _module_preset=\u00bbdefault\u00bb global_colors_info=\u00bb{}\u00bb][et_pb_text _builder_version=\u00bb4.24.2&#8243; _module_preset=\u00bbdefault\u00bb text_font=\u00bbChanga One||||||||\u00bb text_text_color=\u00bb#203aa9&#8243; text_font_size=\u00bb41px\u00bb header_font=\u00bbChanga One||||||||\u00bb hover_enabled=\u00bb0&#8243; global_colors_info=\u00bb{}\u00bb sticky_enabled=\u00bb0&#8243;]<\/p>\n<p>Colportaje<\/p>\n<p>[\/et_pb_text][et_pb_text _builder_version=\u00bb4.24.2&#8243; _module_preset=\u00bbdefault\u00bb text_font=\u00bbCatamaran|300|||||||\u00bb text_text_color=\u00bb#FFFFFF\u00bb text_font_size=\u00bb17px\u00bb global_colors_info=\u00bb{}\u00bb]<\/p>\n<p>En el verano 2023 colport\u00e9 en Fort Myers, Florida y en las ciudades alrededor de esta, como ya lo mencion\u00e9 en mis emprendimientos personales.<\/p>\n<p>Realmente es una actividad espiritual que me cambi\u00f3 la vida y la perspectiva de muchas cosas, sin duda es un trabajo pesado y no es para cualquiera. Est\u00e1 lleno de experiencias buenas y malas y a veces podemos llegar a\u00a0 pensar que son m\u00e1s cosas malas que que buenas, pero realmente todo se trata de enfocarse en las buenas y de recordar por qu\u00e9 estoy haciendo esto, que es SERVIR A DIOS.<\/p>\n<p>Tom\u00e9 la decisi\u00f3n de ir a colportar antes de cumplir los 20 (verano 2023), para acabar una d\u00e9cada sirviendo a Dios, pero la verdad volver\u00e9 a colportar cumpliendo mis 20 (verano 2024), para iniciar una nueva d\u00e9cada con el prop\u00f3sito de dedicar mi vida a Dios.<\/p>\n<p>&nbsp;<\/p>\n<p>[\/et_pb_text][\/et_pb_column][et_pb_column type=\u00bb1_2&#8243; _builder_version=\u00bb4.20.4&#8243; _module_preset=\u00bbdefault\u00bb global_colors_info=\u00bb{}\u00bb][et_pb_gallery gallery_ids=\u00bb1083,1084,1080,1082,1079,1081,1078&#8243; fullwidth=\u00bbon\u00bb _builder_version=\u00bb4.24.2&#8243; _module_preset=\u00bbdefault\u00bb min_height=\u00bb482px\u00bb custom_padding=\u00bb||0px|115px||\u00bb global_colors_info=\u00bb{}\u00bb][\/et_pb_gallery][\/et_pb_column][\/et_pb_row][\/et_pb_section][et_pb_section fb_built=\u00bb1&#8243; _builder_version=\u00bb4.24.2&#8243; _module_preset=\u00bbdefault\u00bb background_color=\u00bb#FFFFFF\u00bb background_enable_image=\u00bboff\u00bb custom_padding=\u00bb||0px|||\u00bb global_colors_info=\u00bb{}\u00bb][et_pb_row column_structure=\u00bb1_2,1_2&#8243; _builder_version=\u00bb4.20.4&#8243; _module_preset=\u00bbdefault\u00bb global_colors_info=\u00bb{}\u00bb][et_pb_column type=\u00bb1_2&#8243; _builder_version=\u00bb4.20.4&#8243; _module_preset=\u00bbdefault\u00bb global_colors_info=\u00bb{}\u00bb][et_pb_image src=\u00bbhttp:\/\/dcv.artcom.mx\/pda\/1220371\/wp-content\/uploads\/sites\/46\/2023\/04\/MSAM.png\u00bb title_text=\u00bbMSAM\u00bb _builder_version=\u00bb4.20.4&#8243; _module_preset=\u00bbdefault\u00bb custom_margin=\u00bb|193px||||\u00bb custom_padding=\u00bb||0px|||\u00bb global_colors_info=\u00bb{}\u00bb][\/et_pb_image][\/et_pb_column][et_pb_column type=\u00bb1_2&#8243; _builder_version=\u00bb4.20.4&#8243; _module_preset=\u00bbdefault\u00bb global_colors_info=\u00bb{}\u00bb][et_pb_text _builder_version=\u00bb4.24.2&#8243; _module_preset=\u00bbdefault\u00bb text_font=\u00bbChanga One||||||||\u00bb text_text_color=\u00bb#203aa9&#8243; text_font_size=\u00bb41px\u00bb header_font=\u00bbChanga One||||||||\u00bb global_colors_info=\u00bb{}\u00bb]<\/p>\n<p>MSAM<\/p>\n<p>[\/et_pb_text][et_pb_text _builder_version=\u00bb4.24.2&#8243; _module_preset=\u00bbdefault\u00bb text_font=\u00bbCatamaran|300|||||||\u00bb text_text_color=\u00bb#203aa9&#8243; text_font_size=\u00bb17px\u00bb global_colors_info=\u00bb{}\u00bb]<\/p>\n<p>En mi segundo, tercer y cuarto semestre me met\u00ed al ministerio de MSAM (<span>Ministerio de Sordos Adventistas en M\u00e9xico). Desde que comenc\u00e9 mi carrera quise entrar a este ministerio y hasta mi segundo semestre me anim\u00e9 a entrar.<\/span><\/p>\n<p><span>Es un ministerio que me hac\u00eda ilusi\u00f3n entrar, ya que ten\u00eda conocimientos previos acerca de la LSM, y quer\u00eda conocer mucho m\u00e1s acerca de todo este mundo.<\/span><\/p>\n<p><span>En el tercer y cuarto semestre estuve ayudando en el \u00e1mbito de Media, apoyando a los flyers y difusi\u00f3n del ministerio.<\/span><\/p>\n<p>[\/et_pb_text][\/et_pb_column][\/et_pb_row][\/et_pb_section][et_pb_section fb_built=\u00bb1&#8243; _builder_version=\u00bb4.24.2&#8243; _module_preset=\u00bbdefault\u00bb hover_enabled=\u00bb0&#8243; global_colors_info=\u00bb{}\u00bb background_enable_color=\u00bboff\u00bb title_text=\u00bbdegradado2ale\u00bb background_image=\u00bbhttp:\/\/dcv.artcom.mx\/pda\/1220371\/wp-content\/uploads\/sites\/46\/2024\/05\/degradado2ale.png\u00bb sticky_enabled=\u00bb0&#8243; parallax=\u00bbon\u00bb transform_scale=\u00bb104%|104%\u00bb][et_pb_row column_structure=\u00bb1_2,1_2&#8243; _builder_version=\u00bb4.20.4&#8243; _module_preset=\u00bbdefault\u00bb hover_enabled=\u00bb0&#8243; global_colors_info=\u00bb{}\u00bb sticky_enabled=\u00bb0&#8243;][et_pb_column type=\u00bb1_2&#8243; _builder_version=\u00bb4.20.4&#8243; _module_preset=\u00bbdefault\u00bb global_colors_info=\u00bb{}\u00bb][et_pb_text _builder_version=\u00bb4.24.2&#8243; _module_preset=\u00bbdefault\u00bb header_font=\u00bbChanga One||||||||\u00bb header_text_color=\u00bb#203aa9&#8243; header_font_size=\u00bb41px\u00bb hover_enabled=\u00bb0&#8243; global_colors_info=\u00bb{}\u00bb sticky_enabled=\u00bb0&#8243;]<\/p>\n<h1>Coro Handel<\/h1>\n<p>[\/et_pb_text][et_pb_text _builder_version=\u00bb4.24.2&#8243; _module_preset=\u00bbdefault\u00bb text_font=\u00bbCatamaran|300|||||||\u00bb text_text_color=\u00bb#FFFFFF\u00bb text_font_size=\u00bb17px\u00bb global_colors_info=\u00bb{}\u00bb]<\/p>\n<p>En mi segundo semestre de carrera me un\u00ed al coro Handel para poder dedicar m\u00e1s tiempo para honra y gloria de Dios.<\/p>\n<p>Esta actividad me ha ayudado a acercarme m\u00e1s a Dios as\u00ed como a mejorar mis habilidades en el canto. Me ha ayudado a despejarme y a liberar estr\u00e9s.<\/p>\n<p>Es un espacio en mi semana que disfruto mucho.<\/p>\n<p>[\/et_pb_text][\/et_pb_column][et_pb_column type=\u00bb1_2&#8243; _builder_version=\u00bb4.20.4&#8243; _module_preset=\u00bbdefault\u00bb global_colors_info=\u00bb{}\u00bb][et_pb_image src=\u00bbhttp:\/\/dcv.artcom.mx\/pda\/1220371\/wp-content\/uploads\/sites\/46\/2023\/05\/2F9A0654.jpg\u00bb title_text=\u00bb2F9A0654&#8243; _builder_version=\u00bb4.20.4&#8243; _module_preset=\u00bbdefault\u00bb global_colors_info=\u00bb{}\u00bb][\/et_pb_image][\/et_pb_column][\/et_pb_row][\/et_pb_section][et_pb_section fb_built=\u00bb1&#8243; _builder_version=\u00bb4.24.2&#8243; _module_preset=\u00bbdefault\u00bb background_color=\u00bb#FFFFFF\u00bb background_enable_image=\u00bboff\u00bb custom_padding=\u00bb||0px|||\u00bb global_colors_info=\u00bb{}\u00bb][et_pb_row column_structure=\u00bb1_2,1_2&#8243; _builder_version=\u00bb4.20.4&#8243; _module_preset=\u00bbdefault\u00bb global_colors_info=\u00bb{}\u00bb][et_pb_column type=\u00bb1_2&#8243; _builder_version=\u00bb4.20.4&#8243; _module_preset=\u00bbdefault\u00bb global_colors_info=\u00bb{}\u00bb][et_pb_gallery gallery_ids=\u00bb1020&#8243; fullwidth=\u00bbon\u00bb _builder_version=\u00bb4.24.2&#8243; _module_preset=\u00bbdefault\u00bb global_colors_info=\u00bb{}\u00bb][\/et_pb_gallery][\/et_pb_column][et_pb_column type=\u00bb1_2&#8243; _builder_version=\u00bb4.20.4&#8243; _module_preset=\u00bbdefault\u00bb global_colors_info=\u00bb{}\u00bb][et_pb_text _builder_version=\u00bb4.24.2&#8243; _module_preset=\u00bbdefault\u00bb text_font=\u00bbChanga One||||||||\u00bb text_text_color=\u00bb#203aa9&#8243; text_font_size=\u00bb41px\u00bb text_line_height=\u00bb1em\u00bb header_font=\u00bbChanga One||||||||\u00bb global_colors_info=\u00bb{}\u00bb]<\/p>\n<p style=\"text-align: left\">CARRERA QUIERO CRECER SANO<\/p>\n<p>[\/et_pb_text][et_pb_text _builder_version=\u00bb4.24.2&#8243; _module_preset=\u00bbdefault\u00bb text_font=\u00bbCatamaran|300|||||||\u00bb text_text_color=\u00bb#203aa9&#8243; text_font_size=\u00bb17px\u00bb global_colors_info=\u00bb{}\u00bb]<\/p>\n<p>Este semestre, siendo community manager y ayudante en la Asociaci\u00f3n Regiomontana, asist\u00ed a la carrera <em>Quiero Crecer Sano<\/em> que tom\u00f3 lugar en Monterrey.<span><\/span><\/p>\n<p>Aunque yo solo iba a documentar el evento fue muy lindo ver c\u00f3mo personas diferentes partes que escucharon de la carrera y que no conoc\u00edan de Dios, se dieron el tiempo de participar y de disfrutar.<\/p>\n<p>&nbsp;<\/p>\n<p>[\/et_pb_text][\/et_pb_column][\/et_pb_row][\/et_pb_section]<\/p>\n","protected":false},"excerpt":{"rendered":"<p>ACTIVIDADES ECLESI\u00c1STICAS Y ESPIRITUALESAqu\u00ed podr\u00e1s conocer m\u00e1s acerca de mi actividades espirituales en las que me he involucrado a lo largo de mi carrera. Evidencias de ministerios en la iglesia y\/o diferentes actividades.ColportajeEn el verano 2023 colport\u00e9 en Fort Myers, Florida y en las ciudades alrededor de esta, como ya lo mencion\u00e9 en mis emprendimientos [&hellip;]<\/p>\n","protected":false},"author":48,"featured_media":0,"parent":11,"menu_order":5,"comment_status":"closed","ping_status":"closed","template":"","meta":{"_et_pb_use_builder":"on","_et_pb_old_content":"<!-- wp:divi\/placeholder \/-->","_et_gb_content_width":"","inline_featured_image":false,"footnotes":""},"_links":{"self":[{"href":"https:\/\/dcv.artcom.mx\/pda\/1220371\/wp-json\/wp\/v2\/pages\/884"}],"collection":[{"href":"https:\/\/dcv.artcom.mx\/pda\/1220371\/wp-json\/wp\/v2\/pages"}],"about":[{"href":"https:\/\/dcv.artcom.mx\/pda\/1220371\/wp-json\/wp\/v2\/types\/page"}],"author":[{"embeddable":true,"href":"https:\/\/dcv.artcom.mx\/pda\/1220371\/wp-json\/wp\/v2\/users\/48"}],"replies":[{"embeddable":true,"href":"https:\/\/dcv.artcom.mx\/pda\/1220371\/wp-json\/wp\/v2\/comments?post=884"}],"version-history":[{"count":14,"href":"https:\/\/dcv.artcom.mx\/pda\/1220371\/wp-json\/wp\/v2\/pages\/884\/revisions"}],"predecessor-version":[{"id":1160,"href":"https:\/\/dcv.artcom.mx\/pda\/1220371\/wp-json\/wp\/v2\/pages\/884\/revisions\/1160"}],"up":[{"embeddable":true,"href":"https:\/\/dcv.artcom.mx\/pda\/1220371\/wp-json\/wp\/v2\/pages\/11"}],"wp:attachment":[{"href":"https:\/\/dcv.artcom.mx\/pda\/1220371\/wp-json\/wp\/v2\/media?parent=884"}],"curies":[{"name":"wp","href":"https:\/\/api.w.org\/{rel}","templated":true}]}}