{"id":67,"date":"2020-03-03T18:04:14","date_gmt":"2020-03-04T00:04:14","guid":{"rendered":"http:\/\/pdadcv.artcom.mx\/portafolio-demo\/?page_id=67"},"modified":"2023-05-09T00:18:11","modified_gmt":"2023-05-09T00:18:11","slug":"diarios-metacognitivos","status":"publish","type":"page","link":"https:\/\/dcv.artcom.mx\/pda\/1220371\/evidencias\/diarios-metacognitivos\/","title":{"rendered":"Diarios Metacognitivos"},"content":{"rendered":"<p>[et_pb_section fb_built=\u00bb1&#8243; _builder_version=\u00bb4.20.4&#8243; _module_preset=\u00bbdefault\u00bb background_color=\u00bb#eeeeee\u00bb min_height=\u00bb167px\u00bb custom_padding=\u00bb54px|||||\u00bb global_colors_info=\u00bb{}\u00bb][et_pb_row _builder_version=\u00bb4.20.4&#8243; _module_preset=\u00bbdefault\u00bb global_colors_info=\u00bb{}\u00bb][et_pb_column type=\u00bb4_4&#8243; _builder_version=\u00bb4.20.4&#8243; _module_preset=\u00bbdefault\u00bb global_colors_info=\u00bb{}\u00bb][et_pb_text _builder_version=\u00bb4.20.4&#8243; _module_preset=\u00bbdefault\u00bb header_font=\u00bbChanga One||||||||\u00bb header_text_color=\u00bb#000000&#8243; header_font_size=\u00bb55px\u00bb custom_margin=\u00bb17px|||||\u00bb animation_style=\u00bbfade\u00bb global_colors_info=\u00bb{}\u00bb]<\/p>\n<h1 style=\"text-align: center\">DIARIO METACOGNITIVO I<\/h1>\n<p>[\/et_pb_text][\/et_pb_column][\/et_pb_row][\/et_pb_section][et_pb_section fb_built=\u00bb1&#8243; fullwidth=\u00bbon\u00bb _builder_version=\u00bb4.20.4&#8243; _module_preset=\u00bbdefault\u00bb animation_style=\u00bbfold\u00bb global_colors_info=\u00bb{}\u00bb][et_pb_fullwidth_slider _builder_version=\u00bb4.20.4&#8243; _module_preset=\u00bbdefault\u00bb body_font=\u00bbCatamaran||||||||\u00bb body_text_color=\u00bb#565656&#8243; min_height=\u00bb554.5px\u00bb global_colors_info=\u00bb{}\u00bb][et_pb_slide heading=\u00bbPRIMER SEMESTRE\u00bb _builder_version=\u00bb4.20.4&#8243; _module_preset=\u00bbdefault\u00bb header_font=\u00bbChanga One||||||||\u00bb header_text_color=\u00bb#000000&#8243; header_font_size=\u00bb100px\u00bb background_color=\u00bb#e8d5c4&#8243; background_enable_color=\u00bbon\u00bb global_colors_info=\u00bb{}\u00bb sticky_transition=\u00bbon\u00bb][\/et_pb_slide][et_pb_slide heading=\u00bbtay tay\u00bb image=\u00bbhttp:\/\/dcv.artcom.mx\/pda\/1220371\/wp-content\/uploads\/sites\/46\/2023\/04\/tay-tay-presentacion-imagenes.001.jpeg\u00bb _builder_version=\u00bb4.20.4&#8243; _module_preset=\u00bbdefault\u00bb header_font=\u00bbChanga One||||||||\u00bb header_text_align=\u00bbleft\u00bb header_text_color=\u00bb#383838&#8243; header_font_size=\u00bb95px\u00bb body_font=\u00bbCatamaran||||||||\u00bb body_font_size=\u00bb20px\u00bb background_color=\u00bb#e8d5c4&#8243; background_enable_color=\u00bbon\u00bb background_enable_image=\u00bboff\u00bb header_text_shadow_style=\u00bbpreset1&#8243; global_colors_info=\u00bb{}\u00bb sticky_transition=\u00bbon\u00bb]<\/p>\n<p>&nbsp;<\/p>\n<p style=\"text-align: justify\">Este proyecto fue creado para la materia de Fundamentos de la tipograf\u00eda y ten\u00eda como prop\u00f3sito ser una tipograf\u00eda personalizada con las caracter\u00edsticas de la elecci\u00f3n del creador. Como creadora puedo decir que es una tipograf\u00eda que refleja mi personalidad.<\/p>\n<p style=\"text-align: justify\">Al final del semestre fue expuesta en la Expo Artcom.<\/p>\n<p>[\/et_pb_slide][et_pb_slide heading=\u00bbMoodboard\u00bb image=\u00bbhttp:\/\/dcv.artcom.mx\/pda\/1220371\/wp-content\/uploads\/sites\/46\/2023\/04\/tay-tay-presentacion-1.jpg\u00bb _builder_version=\u00bb4.20.4&#8243; _module_preset=\u00bbdefault\u00bb header_font=\u00bbChanga One||||||||\u00bb header_font_size=\u00bb50px\u00bb body_font=\u00bbCatamaran||||||||\u00bb body_font_size=\u00bb17px\u00bb background_color=\u00bb#e8d5c4&#8243; background_enable_color=\u00bbon\u00bb background_enable_image=\u00bboff\u00bb global_colors_info=\u00bb{}\u00bb sticky_transition=\u00bbon\u00bb]<\/p>\n<p style=\"text-align: justify\">Para iniciar el proyecto era necesario crear un moodboard, de esta forma tendr\u00edamos en claro nuestras ideas y las principales inspiraciones para nuestra tipograf\u00eda. Estas inspiraciones pod\u00edan ser visuales, gr\u00e1ficas, musicales, etc.<\/p>\n<p>[\/et_pb_slide][et_pb_slide heading=\u00bbBocetos\u00bb image=\u00bbhttp:\/\/dcv.artcom.mx\/pda\/1220371\/wp-content\/uploads\/sites\/46\/2023\/04\/tay-tay-bocetos-1.jpg\u00bb _builder_version=\u00bb4.20.4&#8243; _module_preset=\u00bbdefault\u00bb header_font=\u00bbChanga One||||||||\u00bb header_font_size=\u00bb50px\u00bb body_font=\u00bbCatamaran||||||||\u00bb body_font_size=\u00bb17px\u00bb background_color=\u00bb#e8d5c4&#8243; background_enable_color=\u00bbon\u00bb background_enable_image=\u00bboff\u00bb global_colors_info=\u00bb{}\u00bb sticky_transition=\u00bbon\u00bb]<\/p>\n<p style=\"text-align: justify\">Para iniciar el proyecto era necesario crear un moodboard, de esta forma tendr\u00edamos en claro nuestras ideas y las principales inspiraciones para nuestra tipograf\u00eda. Estas inspiraciones pod\u00edan ser visuales, gr\u00e1ficas, musicales, etc.<\/p>\n<p>[\/et_pb_slide][et_pb_slide heading=\u00bbReticulado\u00bb image=\u00bbhttp:\/\/dcv.artcom.mx\/pda\/1220371\/wp-content\/uploads\/sites\/46\/2023\/04\/tay-tay-presentacion-imagenes.004.jpeg\u00bb _builder_version=\u00bb4.20.4&#8243; _module_preset=\u00bbdefault\u00bb header_font=\u00bbChanga One||||||||\u00bb header_font_size=\u00bb50px\u00bb body_font=\u00bbCatamaran||||||||\u00bb body_font_size=\u00bb17px\u00bb background_color=\u00bb#e8d5c4&#8243; background_enable_color=\u00bbon\u00bb background_enable_image=\u00bboff\u00bb global_colors_info=\u00bb{}\u00bb sticky_transition=\u00bbon\u00bb]<\/p>\n<p style=\"text-align: justify\">Teniendo ya una idea de nuestras caracter\u00edsticas para nuestra tipograf\u00eda, el siguiente paso fue el reticulado de cada caracter, n\u00famero y s\u00edmbolo, poniendo atenci\u00f3n en cada detalle de cada letra. Cada caracter ten\u00eda una problem\u00e1tica diferente, y sea en un brazo, pierna, filete, etc. y el verdadero reto era resolver cada cosa y lograr un estilo uniforme.<\/p>\n<p>[\/et_pb_slide][et_pb_slide heading=\u00bbDigitalizaci\u00f3n\u00bb image=\u00bbhttp:\/\/dcv.artcom.mx\/pda\/1220371\/wp-content\/uploads\/sites\/46\/2023\/04\/tay-tay-presentacion-imagenes.012.jpeg\u00bb _builder_version=\u00bb4.20.4&#8243; _module_preset=\u00bbdefault\u00bb header_font=\u00bbChanga One||||||||\u00bb header_font_size=\u00bb50px\u00bb body_font=\u00bbCatamaran||||||||\u00bb body_font_size=\u00bb17px\u00bb background_color=\u00bb#e8d5c4&#8243; background_enable_color=\u00bbon\u00bb background_enable_image=\u00bboff\u00bb global_colors_info=\u00bb{}\u00bb sticky_transition=\u00bbon\u00bb]<\/p>\n<p style=\"text-align: justify\">Al tener nuestros bocetos, el siguiente paso era digitalizar cada caracter, n\u00famero y s\u00edmbolo teniendo en cuenta la ret\u00edcula establecida. Para esto creamos la ret\u00edcula mediante una gu\u00eda en Adobe Ilustrator y trazamos figuras geom\u00e9tricas que marcaran el ductus de nuestro caracter y de esta forma seguir la ret\u00edcula al pie de la letra.<\/p>\n<p style=\"text-align: justify\">Cada caracter lo digitalizamos bas\u00e1ndonos en las l\u00edneas de base tipogr\u00e1ficas para que fueran creadas con coherencia y orden.<\/p>\n<p>[\/et_pb_slide][et_pb_slide heading=\u00bbCaracteres completos\u00bb image=\u00bbhttp:\/\/dcv.artcom.mx\/pda\/1220371\/wp-content\/uploads\/sites\/46\/2023\/04\/tay-tay-presentacion-imagenes.008.jpeg\u00bb _builder_version=\u00bb4.20.4&#8243; _module_preset=\u00bbdefault\u00bb header_font=\u00bbChanga One||||||||\u00bb header_font_size=\u00bb50px\u00bb body_font=\u00bbCatamaran||||||||\u00bb body_font_size=\u00bb17px\u00bb background_color=\u00bb#e8d5c4&#8243; background_enable_color=\u00bbon\u00bb background_enable_image=\u00bboff\u00bb global_colors_info=\u00bb{}\u00bb sticky_transition=\u00bbon\u00bb]<\/p>\n<p style=\"text-align: justify\">Al finalizar la digitalizaci\u00f3n ya contamos con todo el paquete de caracteres, n\u00fameros y s\u00edmbolos requeridos para la entrega.\u00a0<\/p>\n<p style=\"text-align: justify\">Este ejemplo que se encuentra a la izquierda es una muestra del paquete de s\u00edmbolos con el estilo de <em>tay tay<\/em>, ya que hacen falta muchos s\u00edmbolos m\u00e1s para que se convierta en una tipograf\u00eda de calidad lista para el uso en el mercado tipogr\u00e1fico.<\/p>\n<p>[\/et_pb_slide][et_pb_slide heading=\u00bbFolleto\u00bb button_text=\u00bbVer folleto\u00bb _builder_version=\u00bb4.20.4&#8243; _module_preset=\u00bbdefault\u00bb header_font=\u00bbChanga One||||||||\u00bb header_font_size=\u00bb50px\u00bb body_font=\u00bbCatamaran||||||||\u00bb body_font_size=\u00bb17px\u00bb background_color=\u00bb#e8d5c4&#8243; background_enable_color=\u00bbon\u00bb background_enable_image=\u00bboff\u00bb global_colors_info=\u00bb{}\u00bb sticky_transition=\u00bbon\u00bb]<\/p>\n<p style=\"text-align: center\">El siguiente paso y \u00faltimo, fue promocionar la tipograf\u00eda mediante mockups para apreciar c\u00f3mo se ver\u00eda en uso comercial.<\/p>\n<p>[\/et_pb_slide][\/et_pb_fullwidth_slider][et_pb_fullwidth_slider _builder_version=\u00bb4.20.4&#8243; _module_preset=\u00bbdefault\u00bb body_font=\u00bbCatamaran||||||||\u00bb body_text_color=\u00bb#565656&#8243; min_height=\u00bb554.5px\u00bb hover_enabled=\u00bb0&#8243; global_colors_info=\u00bb{}\u00bb sticky_enabled=\u00bb0&#8243;][et_pb_slide heading=\u00bbSEGUNDO SEMESTRE\u00bb _builder_version=\u00bb4.20.4&#8243; _module_preset=\u00bbdefault\u00bb header_font=\u00bbChanga One||||||||\u00bb header_text_color=\u00bb#000000&#8243; header_font_size=\u00bb100px\u00bb background_color=\u00bb#fff1dc\u00bb background_enable_color=\u00bbon\u00bb global_colors_info=\u00bb{}\u00bb sticky_transition=\u00bbon\u00bb][\/et_pb_slide][et_pb_slide heading=\u00bbCarteles\u00bb _builder_version=\u00bb4.20.4&#8243; _module_preset=\u00bbdefault\u00bb header_font=\u00bbChanga One||||||||\u00bb header_text_align=\u00bbleft\u00bb header_text_color=\u00bb#383838&#8243; header_font_size=\u00bb95px\u00bb body_font=\u00bbCatamaran||||||||\u00bb body_font_size=\u00bb20px\u00bb background_color=\u00bb#fff1dc\u00bb background_enable_color=\u00bbon\u00bb background_enable_image=\u00bboff\u00bb hover_enabled=\u00bb0&#8243; header_text_shadow_style=\u00bbpreset1&#8243; global_colors_info=\u00bb{}\u00bb sticky_transition=\u00bbon\u00bb sticky_enabled=\u00bb0&#8243; title_text=\u00bbproyecto integrador semestre dos.012&#8243; image=\u00bbhttp:\/\/dcv.artcom.mx\/pda\/1220371\/wp-content\/uploads\/sites\/46\/2023\/05\/proyecto-integrador-semestre-dos.012.jpeg\u00bb]<\/p>\n<p>&nbsp;<\/p>\n<p style=\"text-align: justify\">Este proyecto fue creado para la materia de Dise\u00f1o Gr\u00e1fico.<\/p>\n<p style=\"text-align: justify\">Su objetivo era poder crear tres carteles acerca de problem\u00e1ticas sociales con diferentes t\u00e9cnicas y figuras ret\u00f3ricas siguiendo paso a paso las fases del dise\u00f1o.<\/p>\n<p>[\/et_pb_slide][et_pb_slide heading=\u00bbCartel 1&#8243; _builder_version=\u00bb4.20.4&#8243; _module_preset=\u00bbdefault\u00bb header_font=\u00bbChanga One||||||||\u00bb header_text_align=\u00bbleft\u00bb header_text_color=\u00bb#383838&#8243; header_font_size=\u00bb60px\u00bb body_font=\u00bbCatamaran||||||||\u00bb body_font_size=\u00bb20px\u00bb background_color=\u00bb#fff1dc\u00bb background_enable_color=\u00bbon\u00bb background_enable_image=\u00bboff\u00bb hover_enabled=\u00bb0&#8243; global_colors_info=\u00bb{}\u00bb sticky_transition=\u00bbon\u00bb sticky_enabled=\u00bb0&#8243; title_text=\u00bbproyecto integrador semestre dos.003&#8243; image=\u00bbhttp:\/\/dcv.artcom.mx\/pda\/1220371\/wp-content\/uploads\/sites\/46\/2023\/05\/proyecto-integrador-semestre-dos.003.jpeg\u00bb]<\/p>\n<p>&nbsp;<\/p>\n<p style=\"text-align: justify\">Informativo \/ Fotogr\u00e1fico \/ Sin\u00e9cdoque<\/p>\n<p style=\"text-align: justify\">Decid\u00ed escoger este tema porque es muy interesante y se puede motivar a muchas personas.<\/p>\n<p>[\/et_pb_slide][et_pb_slide heading=\u00bbBoceto\u00bb _builder_version=\u00bb4.20.4&#8243; _module_preset=\u00bbdefault\u00bb header_font=\u00bbChanga One||||||||\u00bb header_text_align=\u00bbleft\u00bb header_text_color=\u00bb#383838&#8243; header_font_size=\u00bb60px\u00bb body_font=\u00bbCatamaran||||||||\u00bb body_font_size=\u00bb20px\u00bb background_color=\u00bb#fff1dc\u00bb background_enable_color=\u00bbon\u00bb background_enable_image=\u00bboff\u00bb hover_enabled=\u00bb0&#8243; global_colors_info=\u00bb{}\u00bb sticky_transition=\u00bbon\u00bb sticky_enabled=\u00bb0&#8243; title_text=\u00bbboceto 1 tema 1&#8243; image=\u00bbhttp:\/\/dcv.artcom.mx\/pda\/1220371\/wp-content\/uploads\/sites\/46\/2023\/05\/boceto-1-tema-1.jpg\u00bb]<\/p>\n<p>&nbsp;<\/p>\n<p style=\"text-align: justify\">Este fue el boceto final que seleccion\u00e9 para la idea final que ten\u00eda. Como es t\u00e9nica fotogr\u00e1fica decid\u00ed no poner mucho detalle en el boceto.<\/p>\n<p>[\/et_pb_slide][et_pb_slide heading=\u00bbResultado final\u00bb _builder_version=\u00bb4.20.4&#8243; _module_preset=\u00bbdefault\u00bb header_font=\u00bbChanga One||||||||\u00bb header_text_align=\u00bbleft\u00bb header_text_color=\u00bb#383838&#8243; header_font_size=\u00bb60px\u00bb body_font=\u00bbCatamaran||||||||\u00bb body_font_size=\u00bb20px\u00bb background_color=\u00bb#fff1dc\u00bb background_enable_color=\u00bbon\u00bb background_enable_image=\u00bboff\u00bb hover_enabled=\u00bb0&#8243; global_colors_info=\u00bb{}\u00bb sticky_transition=\u00bbon\u00bb sticky_enabled=\u00bb0&#8243; title_text=\u00bbcartel1corregidoescalado\u00bb image=\u00bbhttp:\/\/dcv.artcom.mx\/pda\/1220371\/wp-content\/uploads\/sites\/46\/2023\/05\/cartel1corregidoescalado.jpg\u00bb]<\/p>\n<p>&nbsp;<\/p>\n<p>Lo que quiere reflejar este cartel es que cuando alguien se mira al espejo debe de creerse lo bello que es, de ah\u00ed que en el espejo se muestre una parte de la pintura del <em>nacimiento de Venus<\/em>,\u00a0haciendo referencia a la belleza m\u00e1xima. Lo visual se complementa con el texto, alentando a desarrollar una mejor autoestima.<\/p>\n<p>[\/et_pb_slide][et_pb_slide heading=\u00bbCartel 2&#8243; _builder_version=\u00bb4.20.4&#8243; _module_preset=\u00bbdefault\u00bb header_font=\u00bbChanga One||||||||\u00bb header_text_align=\u00bbleft\u00bb header_text_color=\u00bb#383838&#8243; header_font_size=\u00bb60px\u00bb body_font=\u00bbCatamaran||||||||\u00bb body_font_size=\u00bb20px\u00bb background_color=\u00bb#fff1dc\u00bb background_enable_color=\u00bbon\u00bb background_enable_image=\u00bboff\u00bb hover_enabled=\u00bb0&#8243; global_colors_info=\u00bb{}\u00bb sticky_transition=\u00bbon\u00bb sticky_enabled=\u00bb0&#8243; title_text=\u00bbproyecto integrador semestre dos.006&#8243; image=\u00bbhttp:\/\/dcv.artcom.mx\/pda\/1220371\/wp-content\/uploads\/sites\/46\/2023\/05\/proyecto-integrador-semestre-dos.006.jpeg\u00bb]<\/p>\n<p>&nbsp;<\/p>\n<p style=\"text-align: justify\">Informativo \/ Collage \/ Erotema<\/p>\n<p style=\"text-align: justify\">Este tema lo eleg\u00ed porque es muy pol\u00e9mico y siento que se complementa con el anterior cartel. Es uno de esos temas del que jam\u00e1s se debe parar de hablar ya que la publicidad evoluciona cada vez m\u00e1s.<\/p>\n<p>[\/et_pb_slide][et_pb_slide heading=\u00bbBoceto\u00bb _builder_version=\u00bb4.20.4&#8243; _module_preset=\u00bbdefault\u00bb header_font=\u00bbChanga One||||||||\u00bb header_text_align=\u00bbleft\u00bb header_text_color=\u00bb#383838&#8243; header_font_size=\u00bb60px\u00bb body_font=\u00bbCatamaran||||||||\u00bb body_font_size=\u00bb20px\u00bb background_color=\u00bb#fff1dc\u00bb background_enable_color=\u00bbon\u00bb background_enable_image=\u00bboff\u00bb hover_enabled=\u00bb0&#8243; global_colors_info=\u00bb{}\u00bb sticky_transition=\u00bbon\u00bb sticky_enabled=\u00bb0&#8243; title_text=\u00bbboceto 3 tema 3&#8243; image=\u00bbhttp:\/\/dcv.artcom.mx\/pda\/1220371\/wp-content\/uploads\/sites\/46\/2023\/05\/boceto-3-tema-3.jpg\u00bb]<\/p>\n<p>&nbsp;<\/p>\n<p style=\"text-align: justify\">Este fue el boceto final que seleccion\u00e9 para la idea que ten\u00eda. Desde el boceto tuve claro lo que quer\u00eda hacer pero el verdadero reto fue la producci\u00f3n del cartel.<\/p>\n<p>[\/et_pb_slide][et_pb_slide heading=\u00bbResultado final\u00bb _builder_version=\u00bb4.20.4&#8243; _module_preset=\u00bbdefault\u00bb header_font=\u00bbChanga One||||||||\u00bb header_text_align=\u00bbleft\u00bb header_text_color=\u00bb#383838&#8243; header_font_size=\u00bb60px\u00bb body_font=\u00bbCatamaran||||||||\u00bb body_font_size=\u00bb20px\u00bb background_color=\u00bb#fff1dc\u00bb background_enable_color=\u00bbon\u00bb background_enable_image=\u00bboff\u00bb hover_enabled=\u00bb0&#8243; global_colors_info=\u00bb{}\u00bb sticky_transition=\u00bbon\u00bb sticky_enabled=\u00bb0&#8243; title_text=\u00bbcartel2FINALescalado\u00bb image=\u00bbhttp:\/\/dcv.artcom.mx\/pda\/1220371\/wp-content\/uploads\/sites\/46\/2023\/05\/cartel2FINALescalado-scaled.jpg\u00bb]<\/p>\n<p>&nbsp;<\/p>\n<p>Lo que quiere reflejar este cartel es que no se debe dejar uno llevar por las apariencias y modas que la publicidad detona, ya que lamentablemente impacta para mal la vida de muchas personas.<\/p>\n<p>La figura ret\u00f3rica se centra en la pregunta ret\u00f3rica que lleva a la reflexi\u00f3n.<\/p>\n<p>[\/et_pb_slide][et_pb_slide heading=\u00bbCartel 3&#8243; _builder_version=\u00bb4.20.4&#8243; _module_preset=\u00bbdefault\u00bb header_font=\u00bbChanga One||||||||\u00bb header_text_align=\u00bbleft\u00bb header_text_color=\u00bb#383838&#8243; header_font_size=\u00bb60px\u00bb body_font=\u00bbCatamaran||||||||\u00bb body_font_size=\u00bb20px\u00bb background_color=\u00bb#fff1dc\u00bb background_enable_color=\u00bbon\u00bb background_enable_image=\u00bboff\u00bb hover_enabled=\u00bb0&#8243; global_colors_info=\u00bb{}\u00bb sticky_transition=\u00bbon\u00bb sticky_enabled=\u00bb0&#8243; title_text=\u00bbproyecto integrador semestre dos.009&#8243; image=\u00bbhttp:\/\/dcv.artcom.mx\/pda\/1220371\/wp-content\/uploads\/sites\/46\/2023\/05\/proyecto-integrador-semestre-dos.009.jpeg\u00bb]<\/p>\n<p>&nbsp;<\/p>\n<p style=\"text-align: justify\">Formativo \/ Tipogr\u00e1fico \/ Onomatopeya<\/p>\n<p style=\"text-align: justify\">Escog\u00ed este tema porque es muy importante hacerlo presente y dar a conocer la importancia de este tema.<\/p>\n<p>[\/et_pb_slide][et_pb_slide heading=\u00bbBoceto\u00bb _builder_version=\u00bb4.20.4&#8243; _module_preset=\u00bbdefault\u00bb header_font=\u00bbChanga One||||||||\u00bb header_text_align=\u00bbleft\u00bb header_text_color=\u00bb#383838&#8243; header_font_size=\u00bb60px\u00bb body_font=\u00bbCatamaran||||||||\u00bb body_font_size=\u00bb20px\u00bb background_color=\u00bb#fff1dc\u00bb background_enable_color=\u00bbon\u00bb background_enable_image=\u00bboff\u00bb hover_enabled=\u00bb0&#8243; global_colors_info=\u00bb{}\u00bb sticky_transition=\u00bbon\u00bb sticky_enabled=\u00bb0&#8243; title_text=\u00bbproyecto integrador semestre dos.010&#8243; image=\u00bbhttp:\/\/dcv.artcom.mx\/pda\/1220371\/wp-content\/uploads\/sites\/46\/2023\/05\/proyecto-integrador-semestre-dos.010.jpeg\u00bb]<\/p>\n<p>&nbsp;<\/p>\n<p style=\"text-align: justify\">Estos bocetos fueron los finales, y el uno al otro se complementaron dando como resultado un elemento homog\u00e9neo.<\/p>\n<p>[\/et_pb_slide][et_pb_slide heading=\u00bbResultado final\u00bb _builder_version=\u00bb4.20.4&#8243; _module_preset=\u00bbdefault\u00bb header_font=\u00bbChanga One||||||||\u00bb header_text_align=\u00bbleft\u00bb header_text_color=\u00bb#383838&#8243; header_font_size=\u00bb60px\u00bb body_font=\u00bbCatamaran||||||||\u00bb body_font_size=\u00bb20px\u00bb background_color=\u00bb#fff1dc\u00bb background_enable_color=\u00bbon\u00bb background_enable_image=\u00bboff\u00bb hover_enabled=\u00bb0&#8243; global_colors_info=\u00bb{}\u00bb sticky_transition=\u00bbon\u00bb sticky_enabled=\u00bb0&#8243; title_text=\u00bbcartel3FFFFFInalcorregidoescalado\u00bb image=\u00bbhttp:\/\/dcv.artcom.mx\/pda\/1220371\/wp-content\/uploads\/sites\/46\/2023\/05\/cartel3FFFFFInalcorregidoescalado-scaled.jpg\u00bb]<\/p>\n<p>&nbsp;<\/p>\n<p>Lo que quiere reflejar este cartel es que no se debe dejar uno llevar por las apariencias y modas que la publicidad detona, ya que lamentablemente impacta para mal la vida de muchas personas.<\/p>\n<p>La figura ret\u00f3rica se centra en la pregunta ret\u00f3rica que lleva a la reflexi\u00f3n.<\/p>\n<p>[\/et_pb_slide][\/et_pb_fullwidth_slider][\/et_pb_section]<\/p>\n","protected":false},"excerpt":{"rendered":"<p>DIARIO METACOGNITIVO I&nbsp; Este proyecto fue creado para la materia de Fundamentos de la tipograf\u00eda y ten\u00eda como prop\u00f3sito ser una tipograf\u00eda personalizada con las caracter\u00edsticas de la elecci\u00f3n del creador. Como creadora puedo decir que es una tipograf\u00eda que refleja mi personalidad. Al final del semestre fue expuesta en la Expo Artcom.Para iniciar el [&hellip;]<\/p>\n","protected":false},"author":48,"featured_media":0,"parent":11,"menu_order":2,"comment_status":"closed","ping_status":"closed","template":"","meta":{"_et_pb_use_builder":"on","_et_pb_old_content":"<!-- wp:divi\/placeholder \/-->","_et_gb_content_width":"","inline_featured_image":false,"footnotes":""},"_links":{"self":[{"href":"https:\/\/dcv.artcom.mx\/pda\/1220371\/wp-json\/wp\/v2\/pages\/67"}],"collection":[{"href":"https:\/\/dcv.artcom.mx\/pda\/1220371\/wp-json\/wp\/v2\/pages"}],"about":[{"href":"https:\/\/dcv.artcom.mx\/pda\/1220371\/wp-json\/wp\/v2\/types\/page"}],"author":[{"embeddable":true,"href":"https:\/\/dcv.artcom.mx\/pda\/1220371\/wp-json\/wp\/v2\/users\/48"}],"replies":[{"embeddable":true,"href":"https:\/\/dcv.artcom.mx\/pda\/1220371\/wp-json\/wp\/v2\/comments?post=67"}],"version-history":[{"count":22,"href":"https:\/\/dcv.artcom.mx\/pda\/1220371\/wp-json\/wp\/v2\/pages\/67\/revisions"}],"predecessor-version":[{"id":774,"href":"https:\/\/dcv.artcom.mx\/pda\/1220371\/wp-json\/wp\/v2\/pages\/67\/revisions\/774"}],"up":[{"embeddable":true,"href":"https:\/\/dcv.artcom.mx\/pda\/1220371\/wp-json\/wp\/v2\/pages\/11"}],"wp:attachment":[{"href":"https:\/\/dcv.artcom.mx\/pda\/1220371\/wp-json\/wp\/v2\/media?parent=67"}],"curies":[{"name":"wp","href":"https:\/\/api.w.org\/{rel}","templated":true}]}}