{"id":63,"date":"2020-03-03T17:43:09","date_gmt":"2020-03-03T23:43:09","guid":{"rendered":"http:\/\/pdadcv.artcom.mx\/portafolio-demo\/?page_id=63"},"modified":"2023-05-08T22:02:09","modified_gmt":"2023-05-08T22:02:09","slug":"actividades-eclesiasticas-y-espirituales","status":"publish","type":"page","link":"https:\/\/dcv.artcom.mx\/pda\/1220371\/evidencias\/actividades-eclesiasticas-y-espirituales\/","title":{"rendered":"Actividades eclesi\u00e1sticas y espirituales"},"content":{"rendered":"<p>[et_pb_section fb_built=\u00bb1&#8243; admin_label=\u00bbFeatured Products\u00bb _builder_version=\u00bb4.20.4&#8243; background_color=\u00bb#eeeeee\u00bb background_enable_image=\u00bboff\u00bb global_colors_info=\u00bb{}\u00bb][et_pb_row _builder_version=\u00bb4.16&#8243; global_colors_info=\u00bb{}\u00bb][et_pb_column type=\u00bb4_4&#8243; _builder_version=\u00bb4.16&#8243; custom_padding=\u00bb|||\u00bb global_colors_info=\u00bb{}\u00bb custom_padding__hover=\u00bb|||\u00bb][et_pb_text _builder_version=\u00bb4.20.4&#8243; text_font=\u00bb||||||||\u00bb header_font=\u00bbChanga One||||||||\u00bb header_2_font=\u00bbChanga One||||||||\u00bb header_2_text_align=\u00bbcenter\u00bb header_2_text_color=\u00bb#2b2b2b\u00bb header_2_font_size=\u00bb42px\u00bb header_2_line_height=\u00bb1.5em\u00bb text_orientation=\u00bbcenter\u00bb module_alignment=\u00bbcenter\u00bb custom_margin=\u00bb||10px|\u00bb locked=\u00bboff\u00bb global_colors_info=\u00bb{}\u00bb]<\/p>\n<h2>Actividades eclesi\u00e1sticas y espirituales<\/h2>\n<p>[\/et_pb_text][et_pb_divider color=\u00bb#3a98b9&#8243; divider_weight=\u00bb3px\u00bb disabled_on=\u00bbon|on|off\u00bb _builder_version=\u00bb4.20.4&#8243; max_width=\u00bb80px\u00bb module_alignment=\u00bbcenter\u00bb height=\u00bb10px\u00bb custom_margin=\u00bb||20px|\u00bb animation_style=\u00bbslide\u00bb animation_direction=\u00bbbottom\u00bb saved_tabs=\u00bball\u00bb locked=\u00bboff\u00bb global_colors_info=\u00bb{}\u00bb][\/et_pb_divider][et_pb_text _builder_version=\u00bb4.20.4&#8243; text_font=\u00bbCatamaran||||||||\u00bb text_text_color=\u00bbrgba(0,0,0,0.4)\u00bb text_font_size=\u00bb17px\u00bb text_line_height=\u00bb1.9em\u00bb header_font=\u00bb||||||||\u00bb header_2_font=\u00bb||||||||\u00bb text_orientation=\u00bbcenter\u00bb max_width=\u00bb700px\u00bb module_alignment=\u00bbcenter\u00bb global_colors_info=\u00bb{}\u00bb]<\/p>\n<p><span><span style=\"font-weight: 400\">Aqu\u00ed podr\u00e1s conocer m\u00e1s acerca de mi actividades espirituales en las que me he involucrado a lo largo de mi carrera. Evidencias de ministerios en la iglesia y\/o diferentes actividades.<\/span><\/span><\/p>\n<p>[\/et_pb_text][\/et_pb_column][\/et_pb_row][\/et_pb_section][et_pb_section fb_built=\u00bb1&#8243; _builder_version=\u00bb4.20.4&#8243; _module_preset=\u00bbdefault\u00bb background_color=\u00bb#fff1dc\u00bb background_enable_image=\u00bboff\u00bb global_colors_info=\u00bb{}\u00bb][et_pb_row column_structure=\u00bb1_2,1_2&#8243; _builder_version=\u00bb4.20.4&#8243; _module_preset=\u00bbdefault\u00bb global_colors_info=\u00bb{}\u00bb][et_pb_column type=\u00bb1_2&#8243; _builder_version=\u00bb4.20.4&#8243; _module_preset=\u00bbdefault\u00bb global_colors_info=\u00bb{}\u00bb][et_pb_text _builder_version=\u00bb4.20.4&#8243; _module_preset=\u00bbdefault\u00bb header_font=\u00bbChanga One||||||||\u00bb hover_enabled=\u00bb0&#8243; global_colors_info=\u00bb{}\u00bb sticky_enabled=\u00bb0&#8243;]<\/p>\n<h1>Media AALMMA<\/h1>\n<p>[\/et_pb_text][et_pb_text _builder_version=\u00bb4.20.4&#8243; _module_preset=\u00bbdefault\u00bb text_font=\u00bbCatamaran||||||||\u00bb text_font_size=\u00bb17px\u00bb hover_enabled=\u00bb0&#8243; global_colors_info=\u00bb{}\u00bb sticky_enabled=\u00bb0&#8243;]<\/p>\n<p>En mi primer semestre me un\u00ed al ministerio AALMMA para poder aprender y poner mi disposici\u00f3n al servicio.<\/p>\n<p>En mi segundo semestre fui <strong>jefa de media<\/strong> de este ministerio, en donde ayudaba en el \u00e1mbito gr\u00e1fico, hacer flyers, v\u00eddeos promocionaless y tomando fotos.<\/p>\n<p>Este ministerio me ayud\u00f3 y me ense\u00f1\u00f3 a perder el miedo en nuevas cosas.<\/p>\n<p>[\/et_pb_text][\/et_pb_column][et_pb_column type=\u00bb1_2&#8243; _builder_version=\u00bb4.20.4&#8243; _module_preset=\u00bbdefault\u00bb global_colors_info=\u00bb{}\u00bb][et_pb_image src=\u00bbhttp:\/\/dcv.artcom.mx\/pda\/1220371\/wp-content\/uploads\/sites\/46\/2023\/04\/AALMAA-NEGATIVO-PMS-2.png\u00bb title_text=\u00bbAALMAA-NEGATIVO-PMS (2)\u00bb _builder_version=\u00bb4.20.4&#8243; _module_preset=\u00bbdefault\u00bb width=\u00bb59.3%\u00bb custom_padding=\u00bb||1px|55px||\u00bb global_colors_info=\u00bb{}\u00bb][\/et_pb_image][\/et_pb_column][\/et_pb_row][\/et_pb_section][et_pb_section fb_built=\u00bb1&#8243; _builder_version=\u00bb4.20.4&#8243; _module_preset=\u00bbdefault\u00bb background_color=\u00bb#e8d5c4&#8243; background_enable_image=\u00bboff\u00bb global_colors_info=\u00bb{}\u00bb][et_pb_row column_structure=\u00bb1_2,1_2&#8243; _builder_version=\u00bb4.20.4&#8243; _module_preset=\u00bbdefault\u00bb global_colors_info=\u00bb{}\u00bb][et_pb_column type=\u00bb1_2&#8243; _builder_version=\u00bb4.20.4&#8243; _module_preset=\u00bbdefault\u00bb global_colors_info=\u00bb{}\u00bb][et_pb_image src=\u00bbhttp:\/\/dcv.artcom.mx\/pda\/1220371\/wp-content\/uploads\/sites\/46\/2023\/04\/MSAM.png\u00bb title_text=\u00bbMSAM\u00bb _builder_version=\u00bb4.20.4&#8243; _module_preset=\u00bbdefault\u00bb custom_margin=\u00bb|193px||||\u00bb custom_padding=\u00bb||0px|||\u00bb global_colors_info=\u00bb{}\u00bb][\/et_pb_image][\/et_pb_column][et_pb_column type=\u00bb1_2&#8243; _builder_version=\u00bb4.20.4&#8243; _module_preset=\u00bbdefault\u00bb global_colors_info=\u00bb{}\u00bb][et_pb_text _builder_version=\u00bb4.20.4&#8243; _module_preset=\u00bbdefault\u00bb header_font=\u00bbChanga One||||||||\u00bb hover_enabled=\u00bb0&#8243; global_colors_info=\u00bb{}\u00bb sticky_enabled=\u00bb0&#8243;]<\/p>\n<h1>MSAM<\/h1>\n<p>[\/et_pb_text][et_pb_text _builder_version=\u00bb4.20.4&#8243; _module_preset=\u00bbdefault\u00bb hover_enabled=\u00bb0&#8243; global_colors_info=\u00bb{}\u00bb text_font_size=\u00bb17px\u00bb sticky_enabled=\u00bb0&#8243; text_font=\u00bbCatamaran||||||||\u00bb]<\/p>\n<p>En mi segundo semestre me met\u00ed al ministerio de MSAM (<span>Ministerio de Sordos Adventistas en M\u00e9xico). Desde que comenc\u00e9 mi carrera quise entrar a este ministerio y hasta mi segundo semestr\u00e9 me anim\u00e9 a entrar.<\/span><\/p>\n<p><span>Es un ministerio que me hac\u00eda ilusi\u00f3n entrar, ya que ten\u00eda conocimientos previos acerca de la LSM, y quer\u00eda conocer mucho m\u00e1s acerca de todo este mundo.<\/span><\/p>\n<p><span>Estoy muy feliz con mi decisi\u00f3n de entrar.<\/span><\/p>\n<p>[\/et_pb_text][\/et_pb_column][\/et_pb_row][\/et_pb_section][et_pb_section fb_built=\u00bb1&#8243; _builder_version=\u00bb4.20.4&#8243; _module_preset=\u00bbdefault\u00bb background_color=\u00bb#fff1dc\u00bb background_enable_image=\u00bboff\u00bb global_colors_info=\u00bb{}\u00bb][et_pb_row column_structure=\u00bb1_2,1_2&#8243; _builder_version=\u00bb4.20.4&#8243; _module_preset=\u00bbdefault\u00bb global_colors_info=\u00bb{}\u00bb][et_pb_column type=\u00bb1_2&#8243; _builder_version=\u00bb4.20.4&#8243; _module_preset=\u00bbdefault\u00bb global_colors_info=\u00bb{}\u00bb][et_pb_text _builder_version=\u00bb4.20.4&#8243; _module_preset=\u00bbdefault\u00bb header_font=\u00bbChanga One||||||||\u00bb global_colors_info=\u00bb{}\u00bb]<\/p>\n<h1>Coro Handel<\/h1>\n<p>[\/et_pb_text][et_pb_text _builder_version=\u00bb4.20.4&#8243; _module_preset=\u00bbdefault\u00bb text_font=\u00bbCatamaran||||||||\u00bb text_font_size=\u00bb17px\u00bb hover_enabled=\u00bb0&#8243; global_colors_info=\u00bb{}\u00bb sticky_enabled=\u00bb0&#8243;]<\/p>\n<p>En mi segundo semestre de carrera me un\u00ed al coro Handel para poder dedicar m\u00e1s tiempo para honra y gloria de Dios.<\/p>\n<p>Esta actividad me ha ayudado a acercarme m\u00e1s a Dios as\u00ed como a mejorar mis habilidades en el canto. Me ha ayudado a despejarme y a liberar estr\u00e9s.<\/p>\n<p>Es un espacio en mi semana que disfruto mucho.<\/p>\n<p>[\/et_pb_text][\/et_pb_column][et_pb_column type=\u00bb1_2&#8243; _builder_version=\u00bb4.20.4&#8243; _module_preset=\u00bbdefault\u00bb global_colors_info=\u00bb{}\u00bb][et_pb_image src=\u00bbhttp:\/\/dcv.artcom.mx\/pda\/1220371\/wp-content\/uploads\/sites\/46\/2023\/05\/2F9A0654.jpg\u00bb _builder_version=\u00bb4.20.4&#8243; _module_preset=\u00bbdefault\u00bb hover_enabled=\u00bb0&#8243; global_colors_info=\u00bb{}\u00bb title_text=\u00bb2F9A0654&#8243; sticky_enabled=\u00bb0&#8243;][\/et_pb_image][\/et_pb_column][\/et_pb_row][\/et_pb_section]<\/p>\n","protected":false},"excerpt":{"rendered":"<p>Actividades eclesi\u00e1sticas y espiritualesAqu\u00ed podr\u00e1s conocer m\u00e1s acerca de mi actividades espirituales en las que me he involucrado a lo largo de mi carrera. Evidencias de ministerios en la iglesia y\/o diferentes actividades.Media AALMMAEn mi primer semestre me un\u00ed al ministerio AALMMA para poder aprender y poner mi disposici\u00f3n al servicio. En mi segundo semestre [&hellip;]<\/p>\n","protected":false},"author":48,"featured_media":0,"parent":11,"menu_order":5,"comment_status":"closed","ping_status":"closed","template":"","meta":{"_et_pb_use_builder":"on","_et_pb_old_content":"<!-- wp:divi\/placeholder \/-->","_et_gb_content_width":"","inline_featured_image":false,"footnotes":""},"_links":{"self":[{"href":"https:\/\/dcv.artcom.mx\/pda\/1220371\/wp-json\/wp\/v2\/pages\/63"}],"collection":[{"href":"https:\/\/dcv.artcom.mx\/pda\/1220371\/wp-json\/wp\/v2\/pages"}],"about":[{"href":"https:\/\/dcv.artcom.mx\/pda\/1220371\/wp-json\/wp\/v2\/types\/page"}],"author":[{"embeddable":true,"href":"https:\/\/dcv.artcom.mx\/pda\/1220371\/wp-json\/wp\/v2\/users\/48"}],"replies":[{"embeddable":true,"href":"https:\/\/dcv.artcom.mx\/pda\/1220371\/wp-json\/wp\/v2\/comments?post=63"}],"version-history":[{"count":13,"href":"https:\/\/dcv.artcom.mx\/pda\/1220371\/wp-json\/wp\/v2\/pages\/63\/revisions"}],"predecessor-version":[{"id":726,"href":"https:\/\/dcv.artcom.mx\/pda\/1220371\/wp-json\/wp\/v2\/pages\/63\/revisions\/726"}],"up":[{"embeddable":true,"href":"https:\/\/dcv.artcom.mx\/pda\/1220371\/wp-json\/wp\/v2\/pages\/11"}],"wp:attachment":[{"href":"https:\/\/dcv.artcom.mx\/pda\/1220371\/wp-json\/wp\/v2\/media?parent=63"}],"curies":[{"name":"wp","href":"https:\/\/api.w.org\/{rel}","templated":true}]}}