{"id":1463,"date":"2025-05-13T22:38:57","date_gmt":"2025-05-13T22:38:57","guid":{"rendered":"https:\/\/dcv.artcom.mx\/pda\/1220371\/?page_id=1463"},"modified":"2025-05-13T23:27:29","modified_gmt":"2025-05-13T23:27:29","slug":"actividades-laborales-y-certificaciones-3","status":"publish","type":"page","link":"https:\/\/dcv.artcom.mx\/pda\/1220371\/evidencias\/actividades-laborales-y-certificaciones-3\/","title":{"rendered":"Actividades laborales y certificaciones"},"content":{"rendered":"<p>[et_pb_section fb_built=\u00bb1&#8243; _builder_version=\u00bb4.24.2&#8243; _module_preset=\u00bbdefault\u00bb background_color=\u00bb#FFFFFF\u00bb custom_padding=\u00bb100px|||||\u00bb animation_style=\u00bbfade\u00bb global_colors_info=\u00bb{}\u00bb][et_pb_row _builder_version=\u00bb4.20.4&#8243; _module_preset=\u00bbdefault\u00bb global_colors_info=\u00bb{}\u00bb][et_pb_column type=\u00bb4_4&#8243; _builder_version=\u00bb4.20.4&#8243; _module_preset=\u00bbdefault\u00bb global_colors_info=\u00bb{}\u00bb][et_pb_text _builder_version=\u00bb4.24.2&#8243; _module_preset=\u00bbdefault\u00bb header_font=\u00bbMontserrat|700|||||||\u00bb header_text_color=\u00bb#203aa9&#8243; header_font_size=\u00bb60px\u00bb hover_enabled=\u00bb0&#8243; global_colors_info=\u00bb{}\u00bb sticky_enabled=\u00bb0&#8243;]<\/p>\n<h1 style=\"text-align: center\">EVIDENCIAS LABORALES Y CERTIFICACIONES<\/h1>\n<p>[\/et_pb_text][et_pb_text _builder_version=\u00bb4.24.2&#8243; _module_preset=\u00bbdefault\u00bb text_font=\u00bbMontserrat||||||||\u00bb text_text_color=\u00bb#000000&#8243; text_font_size=\u00bb15px\u00bb header_font=\u00bbChanga One||||||||\u00bb header_font_size=\u00bb40px\u00bb global_colors_info=\u00bb{}\u00bb]<\/p>\n<p style=\"text-align: center\">En este apartado podr\u00e1s encontrar algunos de mis logros a nivel profesional <span>que me han ayudado a crecer y a desarrollar mis habilidades en un \u00e1mbito m\u00e1s all\u00e1 del dise\u00f1o.<\/span><\/p>\n<p>[\/et_pb_text][\/et_pb_column][\/et_pb_row][\/et_pb_section][et_pb_section fb_built=\u00bb1&#8243; _builder_version=\u00bb4.24.2&#8243; _module_preset=\u00bbdefault\u00bb background_enable_color=\u00bboff\u00bb background_image=\u00bbhttp:\/\/dcv.artcom.mx\/pda\/1220371\/wp-content\/uploads\/sites\/46\/2024\/05\/degradado2ale.png\u00bb parallax=\u00bbon\u00bb transform_scale=\u00bb104%|104%\u00bb min_height=\u00bb447px\u00bb animation_style=\u00bbflip\u00bb global_colors_info=\u00bb{}\u00bb][et_pb_row column_structure=\u00bb1_2,1_2&#8243; _builder_version=\u00bb4.24.2&#8243; _module_preset=\u00bbdefault\u00bb global_colors_info=\u00bb{}\u00bb][et_pb_column type=\u00bb1_2&#8243; _builder_version=\u00bb4.20.4&#8243; _module_preset=\u00bbdefault\u00bb global_colors_info=\u00bb{}\u00bb][et_pb_image src=\u00bbhttp:\/\/dcv.artcom.mx\/pda\/1220371\/wp-content\/uploads\/sites\/46\/2024\/04\/IASD-06.png\u00bb title_text=\u00bbIASD-06&#8243; _builder_version=\u00bb4.24.2&#8243; _module_preset=\u00bbdefault\u00bb global_colors_info=\u00bb{}\u00bb][\/et_pb_image][\/et_pb_column][et_pb_column type=\u00bb1_2&#8243; _builder_version=\u00bb4.20.4&#8243; _module_preset=\u00bbdefault\u00bb global_colors_info=\u00bb{}\u00bb][et_pb_text _builder_version=\u00bb4.24.2&#8243; _module_preset=\u00bbdefault\u00bb header_font=\u00bbMontserrat|700|||||||\u00bb header_text_color=\u00bb#FFFFFF\u00bb header_font_size=\u00bb24px\u00bb custom_margin=\u00bb155px|||||\u00bb global_colors_info=\u00bb{}\u00bb]<\/p>\n<h1>ASOCIACI\u00d3N REGIOMONTANA<\/h1>\n<p>[\/et_pb_text][et_pb_text _builder_version=\u00bb4.24.2&#8243; _module_preset=\u00bbdefault\u00bb text_font=\u00bbMontserrat||||||||\u00bb text_text_color=\u00bb#FFFFFF\u00bb global_colors_info=\u00bb{}\u00bb]<\/p>\n<p>Tuve la oportunidad de apoyar como <strong>community<\/strong> <strong>manager<\/strong> y <strong>ayudante<\/strong> del Director Asociado de Comunicaci\u00f3n, administrando las redes sociales y documentando distintos eventos, al igual que apoyando en el \u00e1rea audiovisual.<\/p>\n<p>[\/et_pb_text][\/et_pb_column][\/et_pb_row][\/et_pb_section]<\/p>\n","protected":false},"excerpt":{"rendered":"<p>EVIDENCIAS LABORALES Y CERTIFICACIONESEn este apartado podr\u00e1s encontrar algunos de mis logros a nivel profesional que me han ayudado a crecer y a desarrollar mis habilidades en un \u00e1mbito m\u00e1s all\u00e1 del dise\u00f1o.ASOCIACI\u00d3N REGIOMONTANATuve la oportunidad de apoyar como community manager y ayudante del Director Asociado de Comunicaci\u00f3n, administrando las redes sociales y documentando distintos [&hellip;]<\/p>\n","protected":false},"author":48,"featured_media":0,"parent":11,"menu_order":3,"comment_status":"closed","ping_status":"closed","template":"","meta":{"_et_pb_use_builder":"on","_et_pb_old_content":"","_et_gb_content_width":"","inline_featured_image":false,"footnotes":""},"_links":{"self":[{"href":"https:\/\/dcv.artcom.mx\/pda\/1220371\/wp-json\/wp\/v2\/pages\/1463"}],"collection":[{"href":"https:\/\/dcv.artcom.mx\/pda\/1220371\/wp-json\/wp\/v2\/pages"}],"about":[{"href":"https:\/\/dcv.artcom.mx\/pda\/1220371\/wp-json\/wp\/v2\/types\/page"}],"author":[{"embeddable":true,"href":"https:\/\/dcv.artcom.mx\/pda\/1220371\/wp-json\/wp\/v2\/users\/48"}],"replies":[{"embeddable":true,"href":"https:\/\/dcv.artcom.mx\/pda\/1220371\/wp-json\/wp\/v2\/comments?post=1463"}],"version-history":[{"count":5,"href":"https:\/\/dcv.artcom.mx\/pda\/1220371\/wp-json\/wp\/v2\/pages\/1463\/revisions"}],"predecessor-version":[{"id":1497,"href":"https:\/\/dcv.artcom.mx\/pda\/1220371\/wp-json\/wp\/v2\/pages\/1463\/revisions\/1497"}],"up":[{"embeddable":true,"href":"https:\/\/dcv.artcom.mx\/pda\/1220371\/wp-json\/wp\/v2\/pages\/11"}],"wp:attachment":[{"href":"https:\/\/dcv.artcom.mx\/pda\/1220371\/wp-json\/wp\/v2\/media?parent=1463"}],"curies":[{"name":"wp","href":"https:\/\/api.w.org\/{rel}","templated":true}]}}