{"id":15,"date":"2020-03-03T22:35:51","date_gmt":"2020-03-04T04:35:51","guid":{"rendered":"http:\/\/pdadcv.artcom.mx\/portafolio-demo\/?page_id=15"},"modified":"2025-05-13T20:53:14","modified_gmt":"2025-05-13T20:53:14","slug":"autoevaluaciones","status":"publish","type":"page","link":"https:\/\/dcv.artcom.mx\/pda\/1220312\/autoevaluaciones\/","title":{"rendered":"Autoevaluaciones"},"content":{"rendered":"<p>[et_pb_section fb_built=\u00bb1&#8243; admin_label=\u00bbsection\u00bb _builder_version=\u00bb4.24.2&#8243; background_image=\u00bbhttp:\/\/dcv.artcom.mx\/pda\/1220312\/wp-content\/uploads\/sites\/41\/2024\/04\/8.jpg\u00bb global_colors_info=\u00bb{}\u00bb][et_pb_row _builder_version=\u00bb4.20.4&#8243; _module_preset=\u00bbdefault\u00bb global_colors_info=\u00bb{}\u00bb][et_pb_column type=\u00bb4_4&#8243; _builder_version=\u00bb4.20.4&#8243; _module_preset=\u00bbdefault\u00bb global_colors_info=\u00bb{}\u00bb][et_pb_text _builder_version=\u00bb4.24.2&#8243; _module_preset=\u00bbdefault\u00bb text_font=\u00bbBebas Neue||||||||\u00bb text_text_color=\u00bb#FFFFFF\u00bb text_font_size=\u00bb71px\u00bb hover_enabled=\u00bb0&#8243; global_colors_info=\u00bb{}\u00bb sticky_enabled=\u00bb0&#8243;]<\/p>\n<p style=\"text-align: center\">AUTOEVALUACI\u00d3N<\/p>\n<p>[\/et_pb_text][\/et_pb_column][\/et_pb_row][\/et_pb_section][et_pb_section fb_built=\u00bb1&#8243; _builder_version=\u00bb4.24.2&#8243; _module_preset=\u00bbdefault\u00bb background_color=\u00bb#000000&#8243; global_colors_info=\u00bb{}\u00bb][et_pb_row _builder_version=\u00bb4.24.2&#8243; _module_preset=\u00bbdefault\u00bb][et_pb_column _builder_version=\u00bb4.24.2&#8243; _module_preset=\u00bbdefault\u00bb type=\u00bb4_4&#8243;][et_pb_text _builder_version=\u00bb4.24.2&#8243; _module_preset=\u00bbdefault\u00bb text_text_color=\u00bb#FFFFFF\u00bb text_font=\u00bbLibre Baskerville||on||||||\u00bb text_font_size=\u00bb33px\u00bb hover_enabled=\u00bb0&#8243; sticky_enabled=\u00bb0&#8243;]<\/p>\n<p>quinto semestre<\/p>\n<p>[\/et_pb_text][\/et_pb_column][\/et_pb_row][et_pb_row _builder_version=\u00bb4.24.2&#8243; _module_preset=\u00bbdefault\u00bb global_colors_info=\u00bb{}\u00bb][et_pb_column type=\u00bb4_4&#8243; _builder_version=\u00bb4.24.2&#8243; _module_preset=\u00bbdefault\u00bb global_colors_info=\u00bb{}\u00bb][et_pb_counters _builder_version=\u00bb4.24.2&#8243; _module_preset=\u00bbdefault\u00bb custom_margin=\u00bb41px|||||\u00bb hover_enabled=\u00bb0&#8243; global_colors_info=\u00bb{}\u00bb sticky_enabled=\u00bb0&#8243;][et_pb_counter percent=\u00bb97&#8243; bar_background_color=\u00bbrgba(160,67,232,0.87)\u00bb _builder_version=\u00bb4.24.2&#8243; _module_preset=\u00bbdefault\u00bb title_font=\u00bbAlbert Sans||||||||\u00bb title_text_color=\u00bb#FFFFFF\u00bb title_font_size=\u00bb17px\u00bb background_color=\u00bbrgba(131,0,233,0.29)\u00bb background_enable_color=\u00bbon\u00bb hover_enabled=\u00bb0&#8243; global_colors_info=\u00bb{}\u00bb bar_background_color_default=\u00bb#7EBEC5&#8243; use_percentages=\u00bbon\u00bb sticky_enabled=\u00bb0&#8243;]Fotograf\u00eda Comercial[\/et_pb_counter][et_pb_counter percent=\u00bb95&#8243; bar_background_color=\u00bbrgba(160,67,232,0.87)\u00bb _builder_version=\u00bb4.24.2&#8243; _module_preset=\u00bbdefault\u00bb title_font=\u00bbAlbert Sans||||||||\u00bb title_text_color=\u00bb#FFFFFF\u00bb title_font_size=\u00bb17px\u00bb background_color=\u00bbrgba(131,0,233,0.29)\u00bb background_enable_color=\u00bbon\u00bb hover_enabled=\u00bb0&#8243; global_colors_info=\u00bb{}\u00bb bar_background_color_default=\u00bb#7EBEC5&#8243; use_percentages=\u00bbon\u00bb sticky_enabled=\u00bb0&#8243;]Taller de Investigaci\u00f3n I[\/et_pb_counter][et_pb_counter percent=\u00bb100&#8243; bar_background_color=\u00bbrgba(160,67,232,0.87)\u00bb _builder_version=\u00bb4.24.2&#8243; _module_preset=\u00bbdefault\u00bb title_font=\u00bbAlbert Sans||||||||\u00bb title_text_color=\u00bb#FFFFFF\u00bb title_font_size=\u00bb17px\u00bb background_color=\u00bbrgba(131,0,233,0.29)\u00bb background_enable_color=\u00bbon\u00bb hover_enabled=\u00bb0&#8243; global_colors_info=\u00bb{}\u00bb bar_background_color_default=\u00bb#7EBEC5&#8243; use_percentages=\u00bbon\u00bb sticky_enabled=\u00bb0&#8243;]Taller de Producci\u00f3n Audiovisual[\/et_pb_counter][et_pb_counter percent=\u00bb100&#8243; bar_background_color=\u00bbrgba(160,67,232,0.87)\u00bb _builder_version=\u00bb4.24.2&#8243; _module_preset=\u00bbdefault\u00bb title_font=\u00bbAlbert Sans||||||||\u00bb title_text_color=\u00bb#FFFFFF\u00bb title_font_size=\u00bb17px\u00bb background_color=\u00bbrgba(131,0,233,0.29)\u00bb background_enable_color=\u00bbon\u00bb hover_enabled=\u00bb0&#8243; global_colors_info=\u00bb{}\u00bb bar_background_color_default=\u00bb#7EBEC5&#8243; use_percentages=\u00bbon\u00bb sticky_enabled=\u00bb0&#8243;]Publicidad[\/et_pb_counter][et_pb_counter percent=\u00bb100&#8243; bar_background_color=\u00bbrgba(160,67,232,0.87)\u00bb _builder_version=\u00bb4.24.2&#8243; _module_preset=\u00bbdefault\u00bb title_font=\u00bbAlbert Sans||||||||\u00bb title_text_color=\u00bb#FFFFFF\u00bb title_font_size=\u00bb17px\u00bb background_color=\u00bbrgba(131,0,233,0.29)\u00bb background_enable_color=\u00bbon\u00bb hover_enabled=\u00bb0&#8243; global_colors_info=\u00bb{}\u00bb bar_background_color_default=\u00bb#7EBEC5&#8243; use_percentages=\u00bbon\u00bb sticky_enabled=\u00bb0&#8243;]Dise\u00f1o Editorial[\/et_pb_counter][et_pb_counter percent=\u00bb85&#8243; bar_background_color=\u00bbrgba(160,67,232,0.87)\u00bb _builder_version=\u00bb4.24.2&#8243; _module_preset=\u00bbdefault\u00bb title_font=\u00bbAlbert Sans||||||||\u00bb title_text_color=\u00bb#FFFFFF\u00bb title_font_size=\u00bb17px\u00bb background_color=\u00bbrgba(131,0,233,0.29)\u00bb background_enable_color=\u00bbon\u00bb hover_enabled=\u00bb0&#8243; global_colors_info=\u00bb{}\u00bb bar_background_color_default=\u00bb#7EBEC5&#8243; use_percentages=\u00bbon\u00bb sticky_enabled=\u00bb0&#8243;]Dise\u00f1o de Informaci\u00f3n Ambiental[\/et_pb_counter][et_pb_counter percent=\u00bb99&#8243; bar_background_color=\u00bbrgba(160,67,232,0.87)\u00bb _builder_version=\u00bb4.24.2&#8243; _module_preset=\u00bbdefault\u00bb title_font=\u00bbAlbert Sans||||||||\u00bb title_text_color=\u00bb#FFFFFF\u00bb title_font_size=\u00bb17px\u00bb background_color=\u00bbrgba(131,0,233,0.29)\u00bb background_enable_color=\u00bbon\u00bb hover_enabled=\u00bb0&#8243; global_colors_info=\u00bb{}\u00bb bar_background_color_default=\u00bb#7EBEC5&#8243; use_percentages=\u00bbon\u00bb sticky_enabled=\u00bb0&#8243;]Relaciones Familiares[\/et_pb_counter][\/et_pb_counters][\/et_pb_column][\/et_pb_row][et_pb_row _builder_version=\u00bb4.24.2&#8243; _module_preset=\u00bbdefault\u00bb global_colors_info=\u00bb{}\u00bb][et_pb_column type=\u00bb4_4&#8243; _builder_version=\u00bb4.24.2&#8243; _module_preset=\u00bbdefault\u00bb global_colors_info=\u00bb{}\u00bb][et_pb_text _builder_version=\u00bb4.24.2&#8243; _module_preset=\u00bbdefault\u00bb text_font=\u00bbAlbert Sans||||||||\u00bb text_text_color=\u00bb#FFFFFF\u00bb text_font_size=\u00bb17px\u00bb hover_enabled=\u00bb0&#8243; global_colors_info=\u00bb{}\u00bb sticky_enabled=\u00bb0&#8243;]<\/p>\n<p>Mi quinto semestre fue bastante tedioso, a pesar de tener dos grandes materias que me interesaban mucho (Fotograf\u00eda Comercial y Producci\u00f3n Audiovisual) creo que no las llegu\u00e9 a explotar al m\u00e1ximo. La parte de Expo Artcom fue bastante pesada, abrumadora, por eso me dej\u00f3 grandes lecciones y me motiv\u00f3 a mejorar mi capacidad de trabajo en equipo.<\/p>\n<p>[\/et_pb_text][\/et_pb_column][\/et_pb_row][\/et_pb_section][et_pb_section fb_built=\u00bb1&#8243; _builder_version=\u00bb4.24.2&#8243; _module_preset=\u00bbdefault\u00bb background_color=\u00bb#000000&#8243; hover_enabled=\u00bb0&#8243; global_colors_info=\u00bb{}\u00bb title_text=\u00bb81&#8243; background_image=\u00bbhttp:\/\/dcv.artcom.mx\/pda\/1220312\/wp-content\/uploads\/sites\/41\/2025\/05\/81.jpg\u00bb parallax=\u00bbon\u00bb sticky_enabled=\u00bb0&#8243;][et_pb_row _builder_version=\u00bb4.24.2&#8243; _module_preset=\u00bbdefault\u00bb][et_pb_column _builder_version=\u00bb4.24.2&#8243; _module_preset=\u00bbdefault\u00bb type=\u00bb4_4&#8243;][et_pb_text _builder_version=\u00bb4.24.2&#8243; _module_preset=\u00bbdefault\u00bb text_text_color=\u00bb#FFFFFF\u00bb text_font=\u00bbLibre Baskerville||on||||||\u00bb text_font_size=\u00bb33px\u00bb hover_enabled=\u00bb0&#8243; sticky_enabled=\u00bb0&#8243;]<\/p>\n<p>sexto semestre<\/p>\n<p>[\/et_pb_text][\/et_pb_column][\/et_pb_row][et_pb_row _builder_version=\u00bb4.24.2&#8243; _module_preset=\u00bbdefault\u00bb hover_enabled=\u00bb0&#8243; global_colors_info=\u00bb{}\u00bb sticky_enabled=\u00bb0&#8243; background_color=\u00bbrgba(0,0,0,0.3)\u00bb][et_pb_column type=\u00bb4_4&#8243; _builder_version=\u00bb4.24.2&#8243; _module_preset=\u00bbdefault\u00bb global_colors_info=\u00bb{}\u00bb][et_pb_counters _builder_version=\u00bb4.24.2&#8243; _module_preset=\u00bbdefault\u00bb custom_margin=\u00bb41px|||||\u00bb hover_enabled=\u00bb0&#8243; global_colors_info=\u00bb{}\u00bb sticky_enabled=\u00bb0&#8243; background_color=\u00bb#000000&#8243;][et_pb_counter percent=\u00bb97&#8243; bar_background_color=\u00bbrgba(160,67,232,0.87)\u00bb _builder_version=\u00bb4.24.2&#8243; _module_preset=\u00bbdefault\u00bb title_font=\u00bbAlbert Sans||||||||\u00bb title_text_color=\u00bb#FFFFFF\u00bb title_font_size=\u00bb17px\u00bb background_color=\u00bbrgba(131,0,233,0.29)\u00bb background_enable_color=\u00bbon\u00bb hover_enabled=\u00bb0&#8243; global_colors_info=\u00bb{}\u00bb bar_background_color_default=\u00bb#7EBEC5&#8243; use_percentages=\u00bbon\u00bb sticky_enabled=\u00bb0&#8243;]Dise\u00f1o Contempor\u00e1neo[\/et_pb_counter][et_pb_counter percent=\u00bb97&#8243; bar_background_color=\u00bbrgba(160,67,232,0.87)\u00bb _builder_version=\u00bb4.24.2&#8243; _module_preset=\u00bbdefault\u00bb title_font=\u00bbAlbert Sans||||||||\u00bb title_text_color=\u00bb#FFFFFF\u00bb title_font_size=\u00bb17px\u00bb background_color=\u00bbrgba(131,0,233,0.29)\u00bb background_enable_color=\u00bbon\u00bb hover_enabled=\u00bb0&#8243; global_colors_info=\u00bb{}\u00bb bar_background_color_default=\u00bb#7EBEC5&#8243; use_percentages=\u00bbon\u00bb sticky_enabled=\u00bb0&#8243;]Gesti\u00f3n Profesional[\/et_pb_counter][et_pb_counter percent=\u00bb87&#8243; bar_background_color=\u00bbrgba(160,67,232,0.87)\u00bb _builder_version=\u00bb4.24.2&#8243; _module_preset=\u00bbdefault\u00bb title_font=\u00bbAlbert Sans||||||||\u00bb title_text_color=\u00bb#FFFFFF\u00bb title_font_size=\u00bb17px\u00bb background_color=\u00bbrgba(131,0,233,0.29)\u00bb background_enable_color=\u00bbon\u00bb hover_enabled=\u00bb0&#8243; global_colors_info=\u00bb{}\u00bb bar_background_color_default=\u00bb#7EBEC5&#8243; use_percentages=\u00bbon\u00bb sticky_enabled=\u00bb0&#8243;]Dise\u00f1o Gr\u00e1fico 3D[\/et_pb_counter][et_pb_counter percent=\u00bb90&#8243; bar_background_color=\u00bbrgba(160,67,232,0.87)\u00bb _builder_version=\u00bb4.24.2&#8243; _module_preset=\u00bbdefault\u00bb title_font=\u00bbAlbert Sans||||||||\u00bb title_text_color=\u00bb#FFFFFF\u00bb title_font_size=\u00bb17px\u00bb background_color=\u00bbrgba(131,0,233,0.29)\u00bb background_enable_color=\u00bbon\u00bb hover_enabled=\u00bb0&#8243; global_colors_info=\u00bb{}\u00bb bar_background_color_default=\u00bb#7EBEC5&#8243; use_percentages=\u00bbon\u00bb sticky_enabled=\u00bb0&#8243;]Publicaciones Digitales[\/et_pb_counter][et_pb_counter percent=\u00bb90&#8243; bar_background_color=\u00bbrgba(160,67,232,0.87)\u00bb _builder_version=\u00bb4.24.2&#8243; _module_preset=\u00bbdefault\u00bb title_font=\u00bbAlbert Sans||||||||\u00bb title_text_color=\u00bb#FFFFFF\u00bb title_font_size=\u00bb17px\u00bb background_color=\u00bbrgba(131,0,233,0.29)\u00bb background_enable_color=\u00bbon\u00bb hover_enabled=\u00bb0&#8243; global_colors_info=\u00bb{}\u00bb bar_background_color_default=\u00bb#7EBEC5&#8243; use_percentages=\u00bbon\u00bb sticky_enabled=\u00bb0&#8243;]Taller de Investigaci\u00f3n[\/et_pb_counter][et_pb_counter percent=\u00bb90&#8243; bar_background_color=\u00bbrgba(160,67,232,0.87)\u00bb _builder_version=\u00bb4.24.2&#8243; _module_preset=\u00bbdefault\u00bb title_font=\u00bbAlbert Sans||||||||\u00bb title_text_color=\u00bb#FFFFFF\u00bb title_font_size=\u00bb17px\u00bb background_color=\u00bbrgba(131,0,233,0.29)\u00bb background_enable_color=\u00bbon\u00bb hover_enabled=\u00bb0&#8243; global_colors_info=\u00bb{}\u00bb bar_background_color_default=\u00bb#7EBEC5&#8243; use_percentages=\u00bbon\u00bb sticky_enabled=\u00bb0&#8243;]Portafolio de Aprendizaje[\/et_pb_counter][et_pb_counter percent=\u00bb85&#8243; bar_background_color=\u00bbrgba(160,67,232,0.87)\u00bb _builder_version=\u00bb4.24.2&#8243; _module_preset=\u00bbdefault\u00bb title_font=\u00bbAlbert Sans||||||||\u00bb title_text_color=\u00bb#FFFFFF\u00bb title_font_size=\u00bb17px\u00bb background_color=\u00bbrgba(131,0,233,0.29)\u00bb background_enable_color=\u00bbon\u00bb hover_enabled=\u00bb0&#8243; global_colors_info=\u00bb{}\u00bb bar_background_color_default=\u00bb#7EBEC5&#8243; use_percentages=\u00bbon\u00bb sticky_enabled=\u00bb0&#8243;]Literatura Apocal\u00edptica[\/et_pb_counter][\/et_pb_counters][\/et_pb_column][\/et_pb_row][et_pb_row _builder_version=\u00bb4.24.2&#8243; _module_preset=\u00bbdefault\u00bb global_colors_info=\u00bb{}\u00bb][et_pb_column type=\u00bb4_4&#8243; _builder_version=\u00bb4.24.2&#8243; _module_preset=\u00bbdefault\u00bb global_colors_info=\u00bb{}\u00bb][et_pb_text _builder_version=\u00bb4.24.2&#8243; _module_preset=\u00bbdefault\u00bb text_font=\u00bbAlbert Sans||||||||\u00bb text_text_color=\u00bb#FFFFFF\u00bb text_font_size=\u00bb17px\u00bb hover_enabled=\u00bb0&#8243; global_colors_info=\u00bb{}\u00bb sticky_enabled=\u00bb0&#8243;]<\/p>\n<p>Mi sexto semestre ha sido un punto de inflexi\u00f3n, sobre todo el final. Durante el semestre nunca encontre esa chispa en las materias que me motivara a dar lo mejor, sin embargo hubo situaciones extrenas que me motivaron a cerrar con todo.\u00a0<\/p>\n<p>[\/et_pb_text][\/et_pb_column][\/et_pb_row][\/et_pb_section]<\/p>\n","protected":false},"excerpt":{"rendered":"<p>AUTOEVALUACI\u00d3Nquinto semestreFotograf\u00eda ComercialTaller de Investigaci\u00f3n ITaller de Producci\u00f3n AudiovisualPublicidadDise\u00f1o EditorialDise\u00f1o de Informaci\u00f3n AmbientalRelaciones FamiliaresMi quinto semestre fue bastante tedioso, a pesar de tener dos grandes materias que me interesaban mucho (Fotograf\u00eda Comercial y Producci\u00f3n Audiovisual) creo que no las llegu\u00e9 a explotar al m\u00e1ximo. La parte de Expo Artcom fue bastante pesada, abrumadora, por eso [&hellip;]<\/p>\n","protected":false},"author":43,"featured_media":0,"parent":0,"menu_order":6,"comment_status":"closed","ping_status":"closed","template":"","meta":{"_et_pb_use_builder":"on","_et_pb_old_content":"<!-- wp:divi\/placeholder \/-->","_et_gb_content_width":"","inline_featured_image":false,"footnotes":""},"_links":{"self":[{"href":"https:\/\/dcv.artcom.mx\/pda\/1220312\/wp-json\/wp\/v2\/pages\/15"}],"collection":[{"href":"https:\/\/dcv.artcom.mx\/pda\/1220312\/wp-json\/wp\/v2\/pages"}],"about":[{"href":"https:\/\/dcv.artcom.mx\/pda\/1220312\/wp-json\/wp\/v2\/types\/page"}],"author":[{"embeddable":true,"href":"https:\/\/dcv.artcom.mx\/pda\/1220312\/wp-json\/wp\/v2\/users\/43"}],"replies":[{"embeddable":true,"href":"https:\/\/dcv.artcom.mx\/pda\/1220312\/wp-json\/wp\/v2\/comments?post=15"}],"version-history":[{"count":5,"href":"https:\/\/dcv.artcom.mx\/pda\/1220312\/wp-json\/wp\/v2\/pages\/15\/revisions"}],"predecessor-version":[{"id":1208,"href":"https:\/\/dcv.artcom.mx\/pda\/1220312\/wp-json\/wp\/v2\/pages\/15\/revisions\/1208"}],"wp:attachment":[{"href":"https:\/\/dcv.artcom.mx\/pda\/1220312\/wp-json\/wp\/v2\/media?parent=15"}],"curies":[{"name":"wp","href":"https:\/\/api.w.org\/{rel}","templated":true}]}}