{"id":1101,"date":"2025-05-13T04:19:19","date_gmt":"2025-05-13T04:19:19","guid":{"rendered":"https:\/\/dcv.artcom.mx\/pda\/1220312\/?page_id=1101"},"modified":"2025-05-13T21:10:30","modified_gmt":"2025-05-13T21:10:30","slug":"emprendimientos-personales-3","status":"publish","type":"page","link":"https:\/\/dcv.artcom.mx\/pda\/1220312\/evidencias\/emprendimientos-personales-3\/","title":{"rendered":"Emprendimientos personales 3"},"content":{"rendered":"<p>[et_pb_section fb_built=\u00bb1&#8243; _builder_version=\u00bb4.24.2&#8243; _module_preset=\u00bbdefault\u00bb background_image=\u00bbhttp:\/\/dcv.artcom.mx\/pda\/1220312\/wp-content\/uploads\/sites\/41\/2024\/04\/8.jpg\u00bb custom_padding=\u00bb205px||139px|||\u00bb animation_style=\u00bbfade\u00bb animation_direction=\u00bbleft\u00bb animation_duration=\u00bb1500ms\u00bb global_colors_info=\u00bb{}\u00bb][et_pb_row _builder_version=\u00bb4.20.4&#8243; _module_preset=\u00bbdefault\u00bb custom_padding=\u00bb20px||59px|||\u00bb global_colors_info=\u00bb{}\u00bb][et_pb_column type=\u00bb4_4&#8243; _builder_version=\u00bb4.20.4&#8243; _module_preset=\u00bbdefault\u00bb global_colors_info=\u00bb{}\u00bb][et_pb_text _builder_version=\u00bb4.24.2&#8243; _module_preset=\u00bbdefault\u00bb text_font=\u00bbLibre Baskerville||on||||||\u00bb text_text_color=\u00bb#FFFFFF\u00bb text_font_size=\u00bb38px\u00bb transform_translate=\u00bb220px|-16px\u00bb transform_translate_linked=\u00bboff\u00bb global_colors_info=\u00bb{}\u00bb]<\/p>\n<p style=\"text-align: left\">mis<\/p>\n<p>[\/et_pb_text][et_pb_text _builder_version=\u00bb4.24.2&#8243; _module_preset=\u00bbdefault\u00bb text_font=\u00bbBebas Neue||||||||\u00bb text_text_color=\u00bb#FFFFFF\u00bb text_font_size=\u00bb91px\u00bb global_colors_info=\u00bb{}\u00bb]<\/p>\n<p style=\"text-align: center\">Emprendimientos personales<\/p>\n<p>[\/et_pb_text][\/et_pb_column][\/et_pb_row][\/et_pb_section][et_pb_section fb_built=\u00bb1&#8243; _builder_version=\u00bb4.20.4&#8243; _module_preset=\u00bbdefault\u00bb background_color=\u00bb#000000&#8243; custom_padding=\u00bb153px||116px|||\u00bb animation_style=\u00bbfade\u00bb global_colors_info=\u00bb{}\u00bb][et_pb_row column_structure=\u00bb1_2,1_2&#8243; _builder_version=\u00bb4.20.4&#8243; _module_preset=\u00bbdefault\u00bb global_colors_info=\u00bb{}\u00bb][et_pb_column type=\u00bb1_2&#8243; _builder_version=\u00bb4.20.4&#8243; _module_preset=\u00bbdefault\u00bb global_colors_info=\u00bb{}\u00bb][et_pb_text _builder_version=\u00bb4.24.2&#8243; _module_preset=\u00bbdefault\u00bb text_font=\u00bbBebas Neue||||||||\u00bb text_text_color=\u00bb#FFFFFF\u00bb text_font_size=\u00bb83px\u00bb custom_padding=\u00bb30px||33px|||\u00bb global_colors_info=\u00bb{}\u00bb]<\/p>\n<p style=\"text-align: center\">FOTOGRAF\u00cdA<\/p>\n<p>[\/et_pb_text][\/et_pb_column][et_pb_column type=\u00bb1_2&#8243; _builder_version=\u00bb4.20.4&#8243; _module_preset=\u00bbdefault\u00bb global_colors_info=\u00bb{}\u00bb][et_pb_text _builder_version=\u00bb4.24.2&#8243; _module_preset=\u00bbdefault\u00bb text_text_color=\u00bb#FFFFFF\u00bb text_font_size=\u00bb17px\u00bb global_colors_info=\u00bb{}\u00bb]<\/p>\n<p>La fotograf\u00eda, combinada con el dise\u00f1o, me ha abierto muchas oportunidades laborales, como eventos particulares y sesiones personales. Tambien estuve trabajando para equipos de los torneos UM.<\/p>\n<p>[\/et_pb_text][\/et_pb_column][\/et_pb_row][\/et_pb_section][et_pb_section fb_built=\u00bb1&#8243; _builder_version=\u00bb4.24.2&#8243; _module_preset=\u00bbdefault\u00bb background_color=\u00bb#000000&#8243; custom_padding=\u00bb0px|||||\u00bb animation_style=\u00bbfold\u00bb global_colors_info=\u00bb{}\u00bb][et_pb_row _builder_version=\u00bb4.24.2&#8243; _module_preset=\u00bbdefault\u00bb global_colors_info=\u00bb{}\u00bb][et_pb_column type=\u00bb4_4&#8243; _builder_version=\u00bb4.24.2&#8243; _module_preset=\u00bbdefault\u00bb global_colors_info=\u00bb{}\u00bb][et_pb_image src=\u00bbhttp:\/\/dcv.artcom.mx\/pda\/1220312\/wp-content\/uploads\/sites\/41\/2024\/05\/IMG_7353.jpg\u00bb title_text=\u00bbIMG_7353&#8243; _builder_version=\u00bb4.24.2&#8243; _module_preset=\u00bbdefault\u00bb global_colors_info=\u00bb{}\u00bb][\/et_pb_image][\/et_pb_column][\/et_pb_row][\/et_pb_section][et_pb_section fb_built=\u00bb1&#8243; _builder_version=\u00bb4.20.4&#8243; _module_preset=\u00bbdefault\u00bb background_color=\u00bb#000000&#8243; custom_padding=\u00bb153px||116px|||\u00bb animation_style=\u00bbfade\u00bb global_colors_info=\u00bb{}\u00bb][et_pb_row column_structure=\u00bb1_2,1_2&#8243; _builder_version=\u00bb4.20.4&#8243; _module_preset=\u00bbdefault\u00bb global_colors_info=\u00bb{}\u00bb][et_pb_column type=\u00bb1_2&#8243; _builder_version=\u00bb4.20.4&#8243; _module_preset=\u00bbdefault\u00bb global_colors_info=\u00bb{}\u00bb][et_pb_text _builder_version=\u00bb4.24.2&#8243; _module_preset=\u00bbdefault\u00bb text_font=\u00bbBebas Neue||||||||\u00bb text_text_color=\u00bb#FFFFFF\u00bb text_font_size=\u00bb83px\u00bb custom_padding=\u00bb30px||33px|||\u00bb global_colors_info=\u00bb{}\u00bb]<\/p>\n<p style=\"text-align: center\">PICSOFATZIN<\/p>\n<p>[\/et_pb_text][\/et_pb_column][et_pb_column type=\u00bb1_2&#8243; _builder_version=\u00bb4.20.4&#8243; _module_preset=\u00bbdefault\u00bb global_colors_info=\u00bb{}\u00bb][et_pb_text _builder_version=\u00bb4.24.2&#8243; _module_preset=\u00bbdefault\u00bb text_text_color=\u00bb#FFFFFF\u00bb text_font_size=\u00bb17px\u00bb global_colors_info=\u00bb{}\u00bb]<\/p>\n<p>Con inspiraci\u00f3n de la materia de Gestion profesional he dedicado mas tiempo sistem\u00e1ticamente a mi cuenta de instagram personal: @picsoftazin. Esto con la intenci\u00f3n de crear una imagen reconocible.<\/p>\n<p>[\/et_pb_text][\/et_pb_column][\/et_pb_row][\/et_pb_section][et_pb_section fb_built=\u00bb1&#8243; theme_builder_area=\u00bbpost_content\u00bb _builder_version=\u00bb4.24.2&#8243; _module_preset=\u00bbdefault\u00bb background_color=\u00bb#000000&#8243; hover_enabled=\u00bb0&#8243; sticky_enabled=\u00bb0&#8243;][et_pb_row _builder_version=\u00bb4.24.2&#8243; _module_preset=\u00bbdefault\u00bb theme_builder_area=\u00bbpost_content\u00bb][et_pb_column _builder_version=\u00bb4.24.2&#8243; _module_preset=\u00bbdefault\u00bb type=\u00bb4_4&#8243; theme_builder_area=\u00bbpost_content\u00bb][et_pb_image src=\u00bbhttp:\/\/dcv.artcom.mx\/pda\/1220312\/wp-content\/uploads\/sites\/41\/2025\/05\/ROW09410.jpg\u00bb _builder_version=\u00bb4.24.2&#8243; _module_preset=\u00bbdefault\u00bb theme_builder_area=\u00bbpost_content\u00bb background_color=\u00bb#000000&#8243; hover_enabled=\u00bb0&#8243; sticky_enabled=\u00bb0&#8243; title_text=\u00bbROW09410&#8243;][\/et_pb_image][\/et_pb_column][\/et_pb_row][et_pb_row _builder_version=\u00bb4.24.2&#8243; _module_preset=\u00bbdefault\u00bb theme_builder_area=\u00bbpost_content\u00bb][et_pb_column _builder_version=\u00bb4.24.2&#8243; _module_preset=\u00bbdefault\u00bb type=\u00bb4_4&#8243; theme_builder_area=\u00bbpost_content\u00bb][et_pb_text _builder_version=\u00bb4.24.2&#8243; _module_preset=\u00bbdefault\u00bb theme_builder_area=\u00bbpost_content\u00bb text_font=\u00bbBebas Neue||||||||\u00bb text_text_color=\u00bb#FFFFFF\u00bb text_font_size=\u00bb64px\u00bb hover_enabled=\u00bb0&#8243; sticky_enabled=\u00bb0&#8243;]<\/p>\n<p style=\"text-align: center\">UNA HISTORIA DE OVEJAS Y LUCI\u00c9RNAGAS<\/p>\n<p>[\/et_pb_text][\/et_pb_column][\/et_pb_row][\/et_pb_section]<\/p>\n","protected":false},"excerpt":{"rendered":"<p>misEmprendimientos personalesFOTOGRAF\u00cdALa fotograf\u00eda, combinada con el dise\u00f1o, me ha abierto muchas oportunidades laborales, como eventos particulares y sesiones personales. Tambien estuve trabajando para equipos de los torneos UM.PICSOFATZINCon inspiraci\u00f3n de la materia de Gestion profesional he dedicado mas tiempo sistem\u00e1ticamente a mi cuenta de instagram personal: @picsoftazin. Esto con la intenci\u00f3n de crear una imagen [&hellip;]<\/p>\n","protected":false},"author":43,"featured_media":0,"parent":162,"menu_order":4,"comment_status":"closed","ping_status":"closed","template":"","meta":{"_et_pb_use_builder":"on","_et_pb_old_content":"<!-- wp:divi\/placeholder \/-->","_et_gb_content_width":"","inline_featured_image":false,"footnotes":""},"_links":{"self":[{"href":"https:\/\/dcv.artcom.mx\/pda\/1220312\/wp-json\/wp\/v2\/pages\/1101"}],"collection":[{"href":"https:\/\/dcv.artcom.mx\/pda\/1220312\/wp-json\/wp\/v2\/pages"}],"about":[{"href":"https:\/\/dcv.artcom.mx\/pda\/1220312\/wp-json\/wp\/v2\/types\/page"}],"author":[{"embeddable":true,"href":"https:\/\/dcv.artcom.mx\/pda\/1220312\/wp-json\/wp\/v2\/users\/43"}],"replies":[{"embeddable":true,"href":"https:\/\/dcv.artcom.mx\/pda\/1220312\/wp-json\/wp\/v2\/comments?post=1101"}],"version-history":[{"count":4,"href":"https:\/\/dcv.artcom.mx\/pda\/1220312\/wp-json\/wp\/v2\/pages\/1101\/revisions"}],"predecessor-version":[{"id":1217,"href":"https:\/\/dcv.artcom.mx\/pda\/1220312\/wp-json\/wp\/v2\/pages\/1101\/revisions\/1217"}],"up":[{"embeddable":true,"href":"https:\/\/dcv.artcom.mx\/pda\/1220312\/wp-json\/wp\/v2\/pages\/162"}],"wp:attachment":[{"href":"https:\/\/dcv.artcom.mx\/pda\/1220312\/wp-json\/wp\/v2\/media?parent=1101"}],"curies":[{"name":"wp","href":"https:\/\/api.w.org\/{rel}","templated":true}]}}