{"id":71,"date":"2020-03-03T18:04:57","date_gmt":"2020-03-04T00:04:57","guid":{"rendered":"http:\/\/pdadcv.artcom.mx\/portafolio-demo\/?page_id=71"},"modified":"2025-03-24T17:16:56","modified_gmt":"2025-03-24T17:16:56","slug":"proyectos-academicos","status":"publish","type":"page","link":"https:\/\/dcv.artcom.mx\/pda\/1220152\/evidencias\/proyectos-academicos\/","title":{"rendered":"Proyectos Acad\u00e9micos"},"content":{"rendered":"<p>[et_pb_section fb_built=\u00bb1&#8243; _builder_version=\u00bb4.24.0&#8243; _module_preset=\u00bbdefault\u00bb background_color=\u00bb#000000&#8243; global_colors_info=\u00bb{}\u00bb][et_pb_row _builder_version=\u00bb4.20.4&#8243; _module_preset=\u00bbdefault\u00bb global_colors_info=\u00bb{}\u00bb][et_pb_column type=\u00bb4_4&#8243; _builder_version=\u00bb4.20.4&#8243; _module_preset=\u00bbdefault\u00bb global_colors_info=\u00bb{}\u00bb][et_pb_text _builder_version=\u00bb4.24.2&#8243; _module_preset=\u00bbdefault\u00bb hover_enabled=\u00bb0&#8243; border_radii=\u00bbon|35px|35px|35px|35px\u00bb box_shadow_style=\u00bbpreset2&#8243; box_shadow_color=\u00bb#ad00aa\u00bb inline_fonts=\u00bbAveria Libre\u00bb global_colors_info=\u00bb{}\u00bb sticky_enabled=\u00bb0&#8243;]<\/p>\n<h1><span style=\"font-family: 'Averia Libre'\">1er Semestre<\/span><\/h1>\n<p>[\/et_pb_text][\/et_pb_column][\/et_pb_row][et_pb_row column_structure=\u00bb1_2,1_2&#8243; _builder_version=\u00bb4.24.2&#8243; _module_preset=\u00bbdefault\u00bb background_color=\u00bbRGBA(255,255,255,0)\u00bb background_enable_image=\u00bboff\u00bb width=\u00bb73%\u00bb max_width=\u00bb1095px\u00bb min_height=\u00bb100px\u00bb height=\u00bb376px\u00bb custom_padding=\u00bb25px|||80px|false|false\u00bb hover_enabled=\u00bb0&#8243; border_radii=\u00bbon|35px|35px|35px|35px\u00bb global_colors_info=\u00bb{}\u00bb sticky_enabled=\u00bb0&#8243;][et_pb_column type=\u00bb1_2&#8243; _builder_version=\u00bb4.16&#8243; _module_preset=\u00bbdefault\u00bb global_colors_info=\u00bb{}\u00bb][et_pb_text _builder_version=\u00bb4.24.0&#8243; _module_preset=\u00bbdefault\u00bb text_font=\u00bbAveria Libre||||||||\u00bb global_colors_info=\u00bb{}\u00bb]<\/p>\n<p><span style=\"color: #ad00aa\"><strong>BODEGON<\/strong><\/span><\/p>\n<p><span id=\"ctl00_ContentPanelCentral_lblinstrucciones\" style=\"color: #ffffff\">Dibujo de bodeg\u00f3n, representado de forma realista. Resaltando los valores tonales y respetando las reglas de composici\u00f3n en el dibujo. 1er Semestre<\/span><\/p>\n<p>[\/et_pb_text][\/et_pb_column][et_pb_column type=\u00bb1_2&#8243; _builder_version=\u00bb4.20.4&#8243; _module_preset=\u00bbdefault\u00bb global_colors_info=\u00bb{}\u00bb][et_pb_image src=\u00bbhttp:\/\/dcv.artcom.mx\/pda\/1220152\/wp-content\/uploads\/sites\/45\/2023\/03\/DIVI_Mesa-de-trabajo-1.jpg\u00bb title_text=\u00bbDIVI_Mesa de trabajo 1&#8243; _builder_version=\u00bb4.24.2&#8243; _module_preset=\u00bbdefault\u00bb width=\u00bb81%\u00bb min_height=\u00bb206px\u00bb height=\u00bb329px\u00bb hover_enabled=\u00bb0&#8243; border_radii=\u00bbon|20px|20px|20px|20px\u00bb global_colors_info=\u00bb{}\u00bb sticky_enabled=\u00bb0&#8243;][\/et_pb_image][\/et_pb_column][\/et_pb_row][et_pb_row column_structure=\u00bb1_2,1_2&#8243; _builder_version=\u00bb4.24.2&#8243; _module_preset=\u00bbdefault\u00bb background_color=\u00bbRGBA(255,255,255,0)\u00bb background_enable_image=\u00bboff\u00bb width=\u00bb73%\u00bb max_width=\u00bb1095px\u00bb min_height=\u00bb100px\u00bb height=\u00bb376px\u00bb custom_padding=\u00bb25px|||80px|false|false\u00bb hover_enabled=\u00bb0&#8243; border_radii=\u00bbon|35px|35px|35px|35px\u00bb global_colors_info=\u00bb{}\u00bb sticky_enabled=\u00bb0&#8243;][et_pb_column type=\u00bb1_2&#8243; _builder_version=\u00bb4.20.4&#8243; _module_preset=\u00bbdefault\u00bb global_colors_info=\u00bb{}\u00bb][et_pb_image src=\u00bbhttp:\/\/dcv.artcom.mx\/pda\/1220152\/wp-content\/uploads\/sites\/45\/2023\/03\/DIVI-02.jpg\u00bb title_text=\u00bbDIVI-02&#8243; _builder_version=\u00bb4.24.2&#8243; _module_preset=\u00bbdefault\u00bb width=\u00bb81%\u00bb min_height=\u00bb206px\u00bb height=\u00bb329px\u00bb hover_enabled=\u00bb0&#8243; border_radii=\u00bbon|20px|20px|20px|20px\u00bb global_colors_info=\u00bb{}\u00bb sticky_enabled=\u00bb0&#8243;][\/et_pb_image][\/et_pb_column][et_pb_column type=\u00bb1_2&#8243; _builder_version=\u00bb4.16&#8243; _module_preset=\u00bbdefault\u00bb global_colors_info=\u00bb{}\u00bb][et_pb_text _builder_version=\u00bb4.24.0&#8243; _module_preset=\u00bbdefault\u00bb text_font=\u00bbAveria Libre||||||||\u00bb global_colors_info=\u00bb{}\u00bb]<\/p>\n<p><span style=\"color: #ad00aa\"><strong>La f\u00e1bula del DISE\u00d1ADOR centrado en el USUARIO<\/strong><\/span><\/p>\n<p><span style=\"color: #ffffff\">Portada que conceptualiza el contenido del libro y aplique todos los conceptos visto en clase hasta el momento.<span id=\"ctl00_ContentPanelCentral_lblinstrucciones\">1er Semestre.<\/span><\/span><\/p>\n<p>[\/et_pb_text][\/et_pb_column][\/et_pb_row][et_pb_row column_structure=\u00bb1_2,1_2&#8243; _builder_version=\u00bb4.24.2&#8243; _module_preset=\u00bbdefault\u00bb background_color=\u00bbRGBA(255,255,255,0)\u00bb background_enable_image=\u00bboff\u00bb width=\u00bb73%\u00bb max_width=\u00bb1095px\u00bb min_height=\u00bb100px\u00bb height=\u00bb376px\u00bb custom_padding=\u00bb25px|||80px|false|false\u00bb hover_enabled=\u00bb0&#8243; border_radii=\u00bbon|35px|35px|35px|35px\u00bb global_colors_info=\u00bb{}\u00bb sticky_enabled=\u00bb0&#8243;][et_pb_column type=\u00bb1_2&#8243; _builder_version=\u00bb4.16&#8243; _module_preset=\u00bbdefault\u00bb global_colors_info=\u00bb{}\u00bb][et_pb_text _builder_version=\u00bb4.24.0&#8243; _module_preset=\u00bbdefault\u00bb text_font=\u00bbAveria Libre||||||||\u00bb global_colors_info=\u00bb{}\u00bb]<\/p>\n<p><span style=\"color: #ad00aa\"><strong>PARTIDO DEL FIRULASO<\/strong><\/span><\/p>\n<p><span style=\"color: #ffffff\">Crear un partido pol\u00edtico y dise\u00f1ar un logotipo representativo del mismo.<span id=\"ctl00_ContentPanelCentral_lblinstrucciones\">1er Semestre.<\/span><\/span><\/p>\n<p>[\/et_pb_text][\/et_pb_column][et_pb_column type=\u00bb1_2&#8243; _builder_version=\u00bb4.20.4&#8243; _module_preset=\u00bbdefault\u00bb global_colors_info=\u00bb{}\u00bb][et_pb_image src=\u00bbhttp:\/\/dcv.artcom.mx\/pda\/1220152\/wp-content\/uploads\/sites\/45\/2023\/03\/DIVI-04.jpg\u00bb title_text=\u00bbDIVI-04&#8243; _builder_version=\u00bb4.24.2&#8243; _module_preset=\u00bbdefault\u00bb width=\u00bb81%\u00bb min_height=\u00bb206px\u00bb height=\u00bb329px\u00bb hover_enabled=\u00bb0&#8243; border_radii=\u00bbon|20px|20px|20px|20px\u00bb global_colors_info=\u00bb{}\u00bb sticky_enabled=\u00bb0&#8243;][\/et_pb_image][\/et_pb_column][\/et_pb_row][et_pb_row column_structure=\u00bb1_2,1_2&#8243; _builder_version=\u00bb4.24.2&#8243; _module_preset=\u00bbdefault\u00bb background_color=\u00bbRGBA(255,255,255,0)\u00bb background_enable_image=\u00bboff\u00bb width=\u00bb73%\u00bb max_width=\u00bb1095px\u00bb min_height=\u00bb100px\u00bb height=\u00bb376px\u00bb custom_padding=\u00bb25px|||80px|false|false\u00bb hover_enabled=\u00bb0&#8243; border_radii=\u00bbon|35px|35px|35px|35px\u00bb global_colors_info=\u00bb{}\u00bb sticky_enabled=\u00bb0&#8243;][et_pb_column type=\u00bb1_2&#8243; _builder_version=\u00bb4.20.4&#8243; _module_preset=\u00bbdefault\u00bb global_colors_info=\u00bb{}\u00bb][et_pb_image src=\u00bbhttp:\/\/dcv.artcom.mx\/pda\/1220152\/wp-content\/uploads\/sites\/45\/2023\/04\/DIVI-17.jpg\u00bb title_text=\u00bbDIVI-17&#8243; _builder_version=\u00bb4.24.2&#8243; _module_preset=\u00bbdefault\u00bb width=\u00bb81%\u00bb min_height=\u00bb206px\u00bb height=\u00bb329px\u00bb hover_enabled=\u00bb0&#8243; border_radii=\u00bbon|20px|20px|20px|20px\u00bb global_colors_info=\u00bb{}\u00bb sticky_enabled=\u00bb0&#8243;][\/et_pb_image][\/et_pb_column][et_pb_column type=\u00bb1_2&#8243; _builder_version=\u00bb4.16&#8243; _module_preset=\u00bbdefault\u00bb global_colors_info=\u00bb{}\u00bb][et_pb_text _builder_version=\u00bb4.24.0&#8243; _module_preset=\u00bbdefault\u00bb text_font=\u00bbAveria Libre||||||||\u00bb global_colors_info=\u00bb{}\u00bb]<\/p>\n<p><span style=\"color: #ad00aa\"><strong>ABSTRACI\u00d3N\/PATRON<\/strong><\/span><\/p>\n<p><span style=\"color: #ffffff\">Generar un patr\u00f3n o textura por medio de figuras b\u00e1sicas de un detalle o acercamiento de una letra que pueda usarse como pieza gr\u00e1fica, papel tapiz o elemento de una papeler\u00eda papeler\u00eda corporativa. <span id=\"ctl00_ContentPanelCentral_lblinstrucciones\">1er Semestre.<\/span><\/span><\/p>\n<p>[\/et_pb_text][\/et_pb_column][\/et_pb_row][et_pb_row column_structure=\u00bb1_2,1_2&#8243; _builder_version=\u00bb4.24.2&#8243; _module_preset=\u00bbdefault\u00bb background_color=\u00bbRGBA(255,255,255,0)\u00bb background_enable_image=\u00bboff\u00bb width=\u00bb73%\u00bb max_width=\u00bb1095px\u00bb min_height=\u00bb100px\u00bb height=\u00bb376px\u00bb custom_padding=\u00bb25px|||80px|false|false\u00bb hover_enabled=\u00bb0&#8243; border_radii=\u00bbon|35px|35px|35px|35px\u00bb global_colors_info=\u00bb{}\u00bb sticky_enabled=\u00bb0&#8243;][et_pb_column type=\u00bb1_2&#8243; _builder_version=\u00bb4.16&#8243; _module_preset=\u00bbdefault\u00bb global_colors_info=\u00bb{}\u00bb][et_pb_text _builder_version=\u00bb4.24.2&#8243; _module_preset=\u00bbdefault\u00bb text_font=\u00bbAveria Libre||||||||\u00bb hover_enabled=\u00bb0&#8243; global_colors_info=\u00bb{}\u00bb sticky_enabled=\u00bb0&#8243;]<\/p>\n<p><span style=\"color: #ad00aa\"><strong>PROYECTO INTEGRADOR 1er SEMESTRE.<\/strong><strong><\/strong><\/span><\/p>\n<p><span style=\"color: #ffffff\">Dise\u00f1ar una propuesta de soluci\u00f3n a una problem\u00e1tica del entorno, en este caso, una app para facilitar la organizaci\u00f3n de informaci\u00f3n que deben manejar los y las monitoras de los dormitorios.<span id=\"ctl00_ContentPanelCentral_lblinstrucciones\">1er Semestre.<\/span><\/span><\/p>\n<p>[\/et_pb_text][\/et_pb_column][et_pb_column type=\u00bb1_2&#8243; _builder_version=\u00bb4.20.4&#8243; _module_preset=\u00bbdefault\u00bb global_colors_info=\u00bb{}\u00bb][et_pb_image src=\u00bbhttp:\/\/dcv.artcom.mx\/pda\/1220152\/wp-content\/uploads\/sites\/45\/2023\/03\/DIVI-03.jpg\u00bb title_text=\u00bbDIVI-03&#8243; _builder_version=\u00bb4.24.2&#8243; _module_preset=\u00bbdefault\u00bb width=\u00bb81%\u00bb min_height=\u00bb206px\u00bb height=\u00bb329px\u00bb hover_enabled=\u00bb0&#8243; border_radii=\u00bbon|20px|20px|20px|20px\u00bb global_colors_info=\u00bb{}\u00bb sticky_enabled=\u00bb0&#8243;][\/et_pb_image][\/et_pb_column][\/et_pb_row][et_pb_row column_structure=\u00bb1_2,1_2&#8243; _builder_version=\u00bb4.24.2&#8243; _module_preset=\u00bbdefault\u00bb background_color=\u00bbRGBA(255,255,255,0)\u00bb background_enable_image=\u00bboff\u00bb width=\u00bb73%\u00bb max_width=\u00bb1095px\u00bb min_height=\u00bb100px\u00bb height=\u00bb376px\u00bb custom_padding=\u00bb25px|||80px|false|false\u00bb hover_enabled=\u00bb0&#8243; border_radii=\u00bbon|35px|35px|35px|35px\u00bb global_colors_info=\u00bb{}\u00bb sticky_enabled=\u00bb0&#8243;][et_pb_column type=\u00bb1_2&#8243; _builder_version=\u00bb4.20.4&#8243; _module_preset=\u00bbdefault\u00bb global_colors_info=\u00bb{}\u00bb][et_pb_image src=\u00bbhttp:\/\/dcv.artcom.mx\/pda\/1220152\/wp-content\/uploads\/sites\/45\/2023\/03\/DIVI-06.jpg\u00bb title_text=\u00bbDIVI-06&#8243; _builder_version=\u00bb4.24.2&#8243; _module_preset=\u00bbdefault\u00bb width=\u00bb81%\u00bb min_height=\u00bb206px\u00bb height=\u00bb329px\u00bb hover_enabled=\u00bb0&#8243; border_radii=\u00bbon|20px|20px|20px|20px\u00bb global_colors_info=\u00bb{}\u00bb sticky_enabled=\u00bb0&#8243;][\/et_pb_image][\/et_pb_column][et_pb_column type=\u00bb1_2&#8243; _builder_version=\u00bb4.16&#8243; _module_preset=\u00bbdefault\u00bb global_colors_info=\u00bb{}\u00bb][et_pb_text _builder_version=\u00bb4.24.0&#8243; _module_preset=\u00bbdefault\u00bb text_font=\u00bbAveria Libre||||||||\u00bb global_colors_info=\u00bb{}\u00bb]<\/p>\n<p><span style=\"color: #ad00aa\"><strong>TRAZADO DE FOTOGRAF\u00cdA<\/strong><\/span><\/p>\n<p><span style=\"color: #ffffff\">\u00a0Trazar con la herramienta plumilla el contorno de las diferentes partes de una fotograf\u00eda para hacer una imagen vectorial superpuesta, a\u00f1adiendo colores de relleno y degradados. <span id=\"ctl00_ContentPanelCentral_lblinstrucciones\">1er Semestre.<\/span><\/span><\/p>\n<p>[\/et_pb_text][\/et_pb_column][\/et_pb_row][et_pb_row column_structure=\u00bb1_2,1_2&#8243; _builder_version=\u00bb4.24.2&#8243; _module_preset=\u00bbdefault\u00bb background_color=\u00bbRGBA(255,255,255,0)\u00bb background_enable_image=\u00bboff\u00bb width=\u00bb73%\u00bb max_width=\u00bb1095px\u00bb min_height=\u00bb100px\u00bb height=\u00bb376px\u00bb custom_padding=\u00bb25px|||80px|false|false\u00bb hover_enabled=\u00bb0&#8243; border_radii=\u00bbon|35px|35px|35px|35px\u00bb global_colors_info=\u00bb{}\u00bb sticky_enabled=\u00bb0&#8243;][et_pb_column type=\u00bb1_2&#8243; _builder_version=\u00bb4.16&#8243; _module_preset=\u00bbdefault\u00bb global_colors_info=\u00bb{}\u00bb][et_pb_text _builder_version=\u00bb4.24.0&#8243; _module_preset=\u00bbdefault\u00bb text_font=\u00bbAveria Libre||||||||\u00bb global_colors_info=\u00bb{}\u00bb]<\/p>\n<p><span style=\"color: #ad00aa\"><strong>S\u00cdMBOLOS B\u00cdBLICOS<\/strong><\/span><\/p>\n<p><span style=\"color: #ffffff\">Realizar un conjunto de 10 s\u00edmbolos alusivos a alguna tem\u00e1tica b\u00edblica en especifico para definirlos como iconos. En este caso la tem\u00e1tica fueron las par\u00e1bolas de Jes\u00fas. <span id=\"ctl00_ContentPanelCentral_lblinstrucciones\">1er Semestre.<\/span><\/span><\/p>\n<p>[\/et_pb_text][\/et_pb_column][et_pb_column type=\u00bb1_2&#8243; _builder_version=\u00bb4.20.4&#8243; _module_preset=\u00bbdefault\u00bb global_colors_info=\u00bb{}\u00bb][et_pb_image src=\u00bbhttp:\/\/dcv.artcom.mx\/pda\/1220152\/wp-content\/uploads\/sites\/45\/2023\/03\/DIVI-07.jpg\u00bb title_text=\u00bbDIVI-07&#8243; _builder_version=\u00bb4.24.2&#8243; _module_preset=\u00bbdefault\u00bb width=\u00bb81%\u00bb min_height=\u00bb206px\u00bb height=\u00bb329px\u00bb hover_enabled=\u00bb0&#8243; border_radii=\u00bbon|20px|20px|20px|20px\u00bb global_colors_info=\u00bb{}\u00bb sticky_enabled=\u00bb0&#8243;][\/et_pb_image][\/et_pb_column][\/et_pb_row][et_pb_row column_structure=\u00bb1_2,1_2&#8243; _builder_version=\u00bb4.24.2&#8243; _module_preset=\u00bbdefault\u00bb background_color=\u00bbRGBA(255,255,255,0)\u00bb background_enable_image=\u00bboff\u00bb width=\u00bb73%\u00bb max_width=\u00bb1095px\u00bb min_height=\u00bb100px\u00bb height=\u00bb376px\u00bb custom_padding=\u00bb25px|||80px|false|false\u00bb hover_enabled=\u00bb0&#8243; border_radii=\u00bbon|35px|35px|35px|35px\u00bb global_colors_info=\u00bb{}\u00bb sticky_enabled=\u00bb0&#8243;][et_pb_column type=\u00bb1_2&#8243; _builder_version=\u00bb4.20.4&#8243; _module_preset=\u00bbdefault\u00bb global_colors_info=\u00bb{}\u00bb][et_pb_image src=\u00bbhttp:\/\/dcv.artcom.mx\/pda\/1220152\/wp-content\/uploads\/sites\/45\/2023\/03\/DIVI-09.jpg\u00bb title_text=\u00bbDIVI-09&#8243; _builder_version=\u00bb4.24.2&#8243; _module_preset=\u00bbdefault\u00bb width=\u00bb81%\u00bb min_height=\u00bb206px\u00bb height=\u00bb329px\u00bb hover_enabled=\u00bb0&#8243; border_radii=\u00bbon|20px|20px|20px|20px\u00bb global_colors_info=\u00bb{}\u00bb sticky_enabled=\u00bb0&#8243;][\/et_pb_image][\/et_pb_column][et_pb_column type=\u00bb1_2&#8243; _builder_version=\u00bb4.16&#8243; _module_preset=\u00bbdefault\u00bb global_colors_info=\u00bb{}\u00bb][et_pb_text _builder_version=\u00bb4.24.0&#8243; _module_preset=\u00bbdefault\u00bb text_font=\u00bbAveria Libre||||||||\u00bb global_colors_info=\u00bb{}\u00bb]<\/p>\n<p><span style=\"color: #ad00aa\"><strong>POSTAL CON PATRONES<\/strong><\/span><\/p>\n<p><span style=\"color: #ffffff\">Dise\u00f1ar una postal con patrones de un tema en especifico, me inspire en el tema pokemons ya que la tarjeta fue destinada a un querido amigo que gusta de la serie. <span id=\"ctl00_ContentPanelCentral_lblinstrucciones\">1er Semestre.<\/span><\/span><\/p>\n<p>[\/et_pb_text][\/et_pb_column][\/et_pb_row][et_pb_row column_structure=\u00bb1_2,1_2&#8243; _builder_version=\u00bb4.24.2&#8243; _module_preset=\u00bbdefault\u00bb background_color=\u00bbRGBA(255,255,255,0)\u00bb background_enable_image=\u00bboff\u00bb width=\u00bb73%\u00bb max_width=\u00bb1095px\u00bb min_height=\u00bb100px\u00bb height=\u00bb376px\u00bb custom_padding=\u00bb25px|||80px|false|false\u00bb hover_enabled=\u00bb0&#8243; border_radii=\u00bbon|35px|35px|35px|35px\u00bb global_colors_info=\u00bb{}\u00bb sticky_enabled=\u00bb0&#8243;][et_pb_column type=\u00bb1_2&#8243; _builder_version=\u00bb4.16&#8243; _module_preset=\u00bbdefault\u00bb global_colors_info=\u00bb{}\u00bb][et_pb_text _builder_version=\u00bb4.24.0&#8243; _module_preset=\u00bbdefault\u00bb text_font=\u00bbAveria Libre||||||||\u00bb global_colors_info=\u00bb{}\u00bb]<\/p>\n<p><span style=\"color: #ad00aa\"><strong>UNIVERSE<\/strong><\/span><\/p>\n<p><span style=\"color: #ffffff\">Consisti\u00f3 en el dise\u00f1o y creaci\u00f3n de una tipograf\u00eda personal. Universe esta inspirada claramente en el espacio y su contenido, instando a la imaginaci\u00f3n y la creatividad. <span id=\"ctl00_ContentPanelCentral_lblinstrucciones\">1er Semestre.<\/span><\/span><\/p>\n<p>[\/et_pb_text][\/et_pb_column][et_pb_column type=\u00bb1_2&#8243; _builder_version=\u00bb4.20.4&#8243; _module_preset=\u00bbdefault\u00bb global_colors_info=\u00bb{}\u00bb][et_pb_image src=\u00bbhttp:\/\/dcv.artcom.mx\/pda\/1220152\/wp-content\/uploads\/sites\/45\/2023\/03\/DIVI-14.jpg\u00bb title_text=\u00bbDIVI-14&#8243; _builder_version=\u00bb4.24.2&#8243; _module_preset=\u00bbdefault\u00bb width=\u00bb81%\u00bb min_height=\u00bb206px\u00bb height=\u00bb329px\u00bb hover_enabled=\u00bb0&#8243; border_radii=\u00bbon|35px|35px|35px|35px\u00bb global_colors_info=\u00bb{}\u00bb sticky_enabled=\u00bb0&#8243;][\/et_pb_image][\/et_pb_column][\/et_pb_row][\/et_pb_section][et_pb_section fb_built=\u00bb1&#8243; _builder_version=\u00bb4.24.0&#8243; _module_preset=\u00bbdefault\u00bb background_color=\u00bb#000000&#8243; global_colors_info=\u00bb{}\u00bb][et_pb_row _builder_version=\u00bb4.24.2&#8243; _module_preset=\u00bbdefault\u00bb hover_enabled=\u00bb0&#8243; global_colors_info=\u00bb{}\u00bb sticky_enabled=\u00bb0&#8243;][et_pb_column type=\u00bb4_4&#8243; _builder_version=\u00bb4.20.4&#8243; _module_preset=\u00bbdefault\u00bb global_colors_info=\u00bb{}\u00bb][et_pb_text _builder_version=\u00bb4.24.2&#8243; _module_preset=\u00bbdefault\u00bb hover_enabled=\u00bb0&#8243; border_radii=\u00bbon|35px|35px|35px|35px\u00bb box_shadow_style=\u00bbpreset2&#8243; box_shadow_color=\u00bb#ad00aa\u00bb inline_fonts=\u00bbAveria Libre\u00bb global_colors_info=\u00bb{}\u00bb sticky_enabled=\u00bb0&#8243;]<\/p>\n<h1><span style=\"font-family: 'Averia Libre'\">2do Semestre<\/span><\/h1>\n<p>[\/et_pb_text][\/et_pb_column][\/et_pb_row][et_pb_row column_structure=\u00bb1_2,1_2&#8243; _builder_version=\u00bb4.24.2&#8243; _module_preset=\u00bbdefault\u00bb background_color=\u00bbRGBA(255,255,255,0)\u00bb background_enable_image=\u00bboff\u00bb width=\u00bb73%\u00bb max_width=\u00bb1095px\u00bb min_height=\u00bb100px\u00bb height=\u00bb376px\u00bb max_height=\u00bb634px\u00bb custom_padding=\u00bb25px|||80px|false|false\u00bb hover_enabled=\u00bb0&#8243; border_radii=\u00bbon|35px|35px|35px|35px\u00bb global_colors_info=\u00bb{}\u00bb sticky_enabled=\u00bb0&#8243;][et_pb_column type=\u00bb1_2&#8243; _builder_version=\u00bb4.16&#8243; _module_preset=\u00bbdefault\u00bb global_colors_info=\u00bb{}\u00bb][et_pb_text _builder_version=\u00bb4.24.0&#8243; _module_preset=\u00bbdefault\u00bb text_font=\u00bbAveria Libre||||||||\u00bb global_colors_info=\u00bb{}\u00bb]<\/p>\n<p><span style=\"color: #ad00aa\"><strong>SIMBOLO DE MI LUGAR DE ORIGEN<\/strong><\/span><\/p>\n<p><span style=\"color: #ffffff\">Creaci\u00f3n de un s\u00edmbolo que represente tu lugar de origen. Practicando el proceso de las 7 fases del dise\u00f1o, yendo del concepto a la idea, y despu\u00e9s a la soluci\u00f3n. 2do Semestre.<\/span><\/p>\n<p>[\/et_pb_text][\/et_pb_column][et_pb_column type=\u00bb1_2&#8243; _builder_version=\u00bb4.20.4&#8243; _module_preset=\u00bbdefault\u00bb global_colors_info=\u00bb{}\u00bb][et_pb_image src=\u00bbhttp:\/\/dcv.artcom.mx\/pda\/1220152\/wp-content\/uploads\/sites\/45\/2023\/03\/Lugar-de-origen-02.jpg\u00bb title_text=\u00bbLugar de origen-02&#8243; _builder_version=\u00bb4.24.2&#8243; _module_preset=\u00bbdefault\u00bb width=\u00bb81%\u00bb min_height=\u00bb206px\u00bb height=\u00bb329px\u00bb hover_enabled=\u00bb0&#8243; border_radii=\u00bbon|20px|20px|20px|20px\u00bb global_colors_info=\u00bb{}\u00bb sticky_enabled=\u00bb0&#8243;][\/et_pb_image][\/et_pb_column][\/et_pb_row][et_pb_row column_structure=\u00bb1_2,1_2&#8243; _builder_version=\u00bb4.24.2&#8243; _module_preset=\u00bbdefault\u00bb background_color=\u00bbRGBA(255,255,255,0)\u00bb background_enable_image=\u00bboff\u00bb width=\u00bb73%\u00bb max_width=\u00bb1095px\u00bb min_height=\u00bb100px\u00bb height=\u00bb376px\u00bb max_height=\u00bb634px\u00bb custom_padding=\u00bb25px|||80px|false|false\u00bb hover_enabled=\u00bb0&#8243; border_radii=\u00bbon|35px|35px|35px|35px\u00bb global_colors_info=\u00bb{}\u00bb sticky_enabled=\u00bb0&#8243;][et_pb_column type=\u00bb1_2&#8243; _builder_version=\u00bb4.20.4&#8243; _module_preset=\u00bbdefault\u00bb global_colors_info=\u00bb{}\u00bb][et_pb_image src=\u00bbhttp:\/\/dcv.artcom.mx\/pda\/1220152\/wp-content\/uploads\/sites\/45\/2023\/04\/DIVI.-2do-Semestre-03.jpg\u00bb title_text=\u00bbDIVI. 2do Semestre-03&#8243; _builder_version=\u00bb4.24.2&#8243; _module_preset=\u00bbdefault\u00bb width=\u00bb81%\u00bb min_height=\u00bb206px\u00bb height=\u00bb329px\u00bb hover_enabled=\u00bb0&#8243; border_radii=\u00bbon|20px|20px|20px|20px\u00bb global_colors_info=\u00bb{}\u00bb sticky_enabled=\u00bb0&#8243;][\/et_pb_image][\/et_pb_column][et_pb_column type=\u00bb1_2&#8243; _builder_version=\u00bb4.16&#8243; _module_preset=\u00bbdefault\u00bb global_colors_info=\u00bb{}\u00bb][et_pb_text _builder_version=\u00bb4.24.0&#8243; _module_preset=\u00bbdefault\u00bb text_font=\u00bbAveria Libre||||||||\u00bb global_colors_info=\u00bb{}\u00bb]<\/p>\n<p><span style=\"color: #ad00aa\"><strong>INTERSECCIONES<\/strong><\/span><strong><\/strong><\/p>\n<p><span style=\"color: #ffffff\">Crear los cuerpos en isom\u00e9trico por separado e intersecarlos entre si. 2do Semestre.<\/span><\/p>\n<p>[\/et_pb_text][\/et_pb_column][\/et_pb_row][et_pb_row column_structure=\u00bb1_2,1_2&#8243; _builder_version=\u00bb4.24.2&#8243; _module_preset=\u00bbdefault\u00bb background_color=\u00bbRGBA(255,255,255,0)\u00bb background_enable_image=\u00bboff\u00bb width=\u00bb73%\u00bb max_width=\u00bb1095px\u00bb min_height=\u00bb100px\u00bb height=\u00bb376px\u00bb max_height=\u00bb634px\u00bb custom_padding=\u00bb25px|||80px|false|false\u00bb hover_enabled=\u00bb0&#8243; border_radii=\u00bbon|35px|35px|35px|35px\u00bb global_colors_info=\u00bb{}\u00bb sticky_enabled=\u00bb0&#8243;][et_pb_column type=\u00bb1_2&#8243; _builder_version=\u00bb4.16&#8243; _module_preset=\u00bbdefault\u00bb global_colors_info=\u00bb{}\u00bb][et_pb_text _builder_version=\u00bb4.24.0&#8243; _module_preset=\u00bbdefault\u00bb text_font=\u00bbAveria Libre||||||||\u00bb global_colors_info=\u00bb{}\u00bb]<\/p>\n<p><span style=\"color: #ad00aa\"><strong>CARAS DE ANIMALES<\/strong><\/span><\/p>\n<p><span style=\"color: #ffffff\">En grupo, elaborar una maqueta de forma geom\u00e9trica de una mascara de un animal. 2do Semestre.<\/span><\/p>\n<p>[\/et_pb_text][\/et_pb_column][et_pb_column type=\u00bb1_2&#8243; _builder_version=\u00bb4.20.4&#8243; _module_preset=\u00bbdefault\u00bb global_colors_info=\u00bb{}\u00bb][et_pb_image src=\u00bbhttp:\/\/dcv.artcom.mx\/pda\/1220152\/wp-content\/uploads\/sites\/45\/2023\/04\/DIVI.-2do-Semestre_Mesa-de-trabajo-1.jpg\u00bb title_text=\u00bbDIVI. 2do Semestre_Mesa de trabajo 1&#8243; _builder_version=\u00bb4.24.2&#8243; _module_preset=\u00bbdefault\u00bb width=\u00bb81%\u00bb min_height=\u00bb206px\u00bb height=\u00bb329px\u00bb hover_enabled=\u00bb0&#8243; border_radii=\u00bbon|20px|20px|20px|20px\u00bb global_colors_info=\u00bb{}\u00bb sticky_enabled=\u00bb0&#8243;][\/et_pb_image][\/et_pb_column][\/et_pb_row][\/et_pb_section]<\/p>\n","protected":false},"excerpt":{"rendered":"<p>1er SemestreBODEGON Dibujo de bodeg\u00f3n, representado de forma realista. Resaltando los valores tonales y respetando las reglas de composici\u00f3n en el dibujo. 1er SemestreLa f\u00e1bula del DISE\u00d1ADOR centrado en el USUARIO Portada que conceptualiza el contenido del libro y aplique todos los conceptos visto en clase hasta el momento.1er Semestre.PARTIDO DEL FIRULASO Crear un partido [&hellip;]<\/p>\n","protected":false},"author":47,"featured_media":0,"parent":11,"menu_order":1,"comment_status":"closed","ping_status":"closed","template":"","meta":{"_et_pb_use_builder":"on","_et_pb_old_content":"","_et_gb_content_width":"","inline_featured_image":false,"footnotes":""},"_links":{"self":[{"href":"https:\/\/dcv.artcom.mx\/pda\/1220152\/wp-json\/wp\/v2\/pages\/71"}],"collection":[{"href":"https:\/\/dcv.artcom.mx\/pda\/1220152\/wp-json\/wp\/v2\/pages"}],"about":[{"href":"https:\/\/dcv.artcom.mx\/pda\/1220152\/wp-json\/wp\/v2\/types\/page"}],"author":[{"embeddable":true,"href":"https:\/\/dcv.artcom.mx\/pda\/1220152\/wp-json\/wp\/v2\/users\/47"}],"replies":[{"embeddable":true,"href":"https:\/\/dcv.artcom.mx\/pda\/1220152\/wp-json\/wp\/v2\/comments?post=71"}],"version-history":[{"count":29,"href":"https:\/\/dcv.artcom.mx\/pda\/1220152\/wp-json\/wp\/v2\/pages\/71\/revisions"}],"predecessor-version":[{"id":620,"href":"https:\/\/dcv.artcom.mx\/pda\/1220152\/wp-json\/wp\/v2\/pages\/71\/revisions\/620"}],"up":[{"embeddable":true,"href":"https:\/\/dcv.artcom.mx\/pda\/1220152\/wp-json\/wp\/v2\/pages\/11"}],"wp:attachment":[{"href":"https:\/\/dcv.artcom.mx\/pda\/1220152\/wp-json\/wp\/v2\/media?parent=71"}],"curies":[{"name":"wp","href":"https:\/\/api.w.org\/{rel}","templated":true}]}}