{"id":584,"date":"2025-03-23T21:15:05","date_gmt":"2025-03-23T21:15:05","guid":{"rendered":"https:\/\/dcv.artcom.mx\/pda\/1220152\/?page_id=584"},"modified":"2025-05-13T21:40:48","modified_gmt":"2025-05-13T21:40:48","slug":"proyectos-3","status":"publish","type":"page","link":"https:\/\/dcv.artcom.mx\/pda\/1220152\/evidencias\/proyectos-3\/","title":{"rendered":"Proyectos 3"},"content":{"rendered":"<p>[et_pb_section fb_built=\u00bb1&#8243; _builder_version=\u00bb4.24.0&#8243; _module_preset=\u00bbdefault\u00bb background_color=\u00bb#000000&#8243; global_colors_info=\u00bb{}\u00bb][et_pb_row _builder_version=\u00bb4.24.2&#8243; _module_preset=\u00bbdefault\u00bb global_colors_info=\u00bb{}\u00bb][et_pb_column type=\u00bb4_4&#8243; _builder_version=\u00bb4.20.4&#8243; _module_preset=\u00bbdefault\u00bb global_colors_info=\u00bb{}\u00bb][et_pb_text _builder_version=\u00bb4.24.2&#8243; _module_preset=\u00bbdefault\u00bb border_radii=\u00bbon|35px|35px|35px|35px\u00bb box_shadow_style=\u00bbpreset2&#8243; box_shadow_color=\u00bb#ad00aa\u00bb inline_fonts=\u00bbAveria Libre\u00bb global_colors_info=\u00bb{}\u00bb]<\/p>\n<h1><span style=\"font-family: 'Averia Libre'\">5to Semestre<\/span><\/h1>\n<p>[\/et_pb_text][\/et_pb_column][\/et_pb_row][et_pb_row column_structure=\u00bb1_2,1_2&#8243; _builder_version=\u00bb4.24.2&#8243; _module_preset=\u00bbdefault\u00bb background_color=\u00bbRGBA(255,255,255,0)\u00bb background_enable_image=\u00bboff\u00bb width=\u00bb73%\u00bb max_width=\u00bb1095px\u00bb min_height=\u00bb100px\u00bb height=\u00bb376px\u00bb max_height=\u00bb634px\u00bb custom_padding=\u00bb25px|||80px|false|false\u00bb border_radii=\u00bbon|35px|35px|35px|35px\u00bb global_colors_info=\u00bb{}\u00bb][et_pb_column type=\u00bb1_2&#8243; _builder_version=\u00bb4.16&#8243; _module_preset=\u00bbdefault\u00bb global_colors_info=\u00bb{}\u00bb][et_pb_text _builder_version=\u00bb4.24.0&#8243; _module_preset=\u00bbdefault\u00bb text_font=\u00bbAveria Libre||||||||\u00bb global_colors_info=\u00bb{}\u00bb]<\/p>\n<p><span style=\"color: #ad00aa\"><strong>DISE\u00d1O EDITORIAL<\/strong><\/span><\/p>\n<p><span style=\"color: #ffffff\">Propuesta de posters publicitarios, con tem\u00e1tica de la EXPO ARTCOM<\/span><\/p>\n<p>[\/et_pb_text][\/et_pb_column][et_pb_column type=\u00bb1_2&#8243; _builder_version=\u00bb4.20.4&#8243; _module_preset=\u00bbdefault\u00bb global_colors_info=\u00bb{}\u00bb][et_pb_image src=\u00bbhttp:\/\/dcv.artcom.mx\/pda\/1220152\/wp-content\/uploads\/sites\/45\/2025\/03\/3-copia.jpg\u00bb title_text=\u00bb3 &#8211; copia\u00bb _builder_version=\u00bb4.24.2&#8243; _module_preset=\u00bbdefault\u00bb width=\u00bb81%\u00bb min_height=\u00bb206px\u00bb height=\u00bb329px\u00bb border_radii=\u00bbon|20px|20px|20px|20px\u00bb global_colors_info=\u00bb{}\u00bb custom_padding=\u00bb|3px||||\u00bb][\/et_pb_image][\/et_pb_column][\/et_pb_row][et_pb_row column_structure=\u00bb1_2,1_2&#8243; _builder_version=\u00bb4.24.2&#8243; _module_preset=\u00bbdefault\u00bb background_color=\u00bbRGBA(255,255,255,0)\u00bb background_enable_image=\u00bboff\u00bb width=\u00bb73%\u00bb max_width=\u00bb1095px\u00bb min_height=\u00bb100px\u00bb height=\u00bb376px\u00bb max_height=\u00bb634px\u00bb custom_padding=\u00bb25px|||80px|false|false\u00bb border_radii=\u00bbon|35px|35px|35px|35px\u00bb global_colors_info=\u00bb{}\u00bb][et_pb_column type=\u00bb1_2&#8243; _builder_version=\u00bb4.20.4&#8243; _module_preset=\u00bbdefault\u00bb global_colors_info=\u00bb{}\u00bb][et_pb_image src=\u00bbhttp:\/\/dcv.artcom.mx\/pda\/1220152\/wp-content\/uploads\/sites\/45\/2025\/03\/Senales_Mesa-de-trabajo-1-01.jpg\u00bb title_text=\u00bbSe\u00f1ales_Mesa de trabajo 1-01&#8243; _builder_version=\u00bb4.24.2&#8243; _module_preset=\u00bbdefault\u00bb width=\u00bb93%\u00bb max_width=\u00bb99%\u00bb min_height=\u00bb330px\u00bb height=\u00bb329px\u00bb max_height=\u00bb1000px\u00bb custom_margin=\u00bb|-1px|13px||false|false\u00bb custom_padding=\u00bb4px|2px||5px|false|false\u00bb border_radii=\u00bbon|20px|20px|20px|20px\u00bb global_colors_info=\u00bb{}\u00bb][\/et_pb_image][\/et_pb_column][et_pb_column type=\u00bb1_2&#8243; _builder_version=\u00bb4.16&#8243; _module_preset=\u00bbdefault\u00bb global_colors_info=\u00bb{}\u00bb][et_pb_text _builder_version=\u00bb4.24.2&#8243; _module_preset=\u00bbdefault\u00bb text_font=\u00bbAveria Libre||||||||\u00bb global_colors_info=\u00bb{}\u00bb]<\/p>\n<p><span style=\"color: #ad00aa\"><strong>DDI AMBIENTAL<\/strong><\/span><\/p>\n<p><span style=\"color: #ffffff\">Dise\u00f1o de un set de se\u00f1ales, un sistema claro y preciso de se\u00f1alizaci\u00f3n y se\u00f1al\u00e9tica, que indique cuales son, donde se encuentran y como llegar a las distintas oficinas en el edificio de rector\u00eda.<\/span><\/p>\n<p>[\/et_pb_text][\/et_pb_column][\/et_pb_row][et_pb_row column_structure=\u00bb1_2,1_2&#8243; _builder_version=\u00bb4.24.2&#8243; _module_preset=\u00bbdefault\u00bb background_color=\u00bbRGBA(255,255,255,0)\u00bb background_enable_image=\u00bboff\u00bb width=\u00bb73%\u00bb max_width=\u00bb1095px\u00bb min_height=\u00bb100px\u00bb height=\u00bb376px\u00bb max_height=\u00bb634px\u00bb custom_padding=\u00bb25px|||80px|false|false\u00bb border_radii=\u00bbon|35px|35px|35px|35px\u00bb global_colors_info=\u00bb{}\u00bb][et_pb_column type=\u00bb1_2&#8243; _builder_version=\u00bb4.16&#8243; _module_preset=\u00bbdefault\u00bb global_colors_info=\u00bb{}\u00bb][et_pb_text _builder_version=\u00bb4.24.2&#8243; _module_preset=\u00bbdefault\u00bb text_font=\u00bbAveria Libre||||||||\u00bb global_colors_info=\u00bb{}\u00bb]<\/p>\n<p><span style=\"color: #ad00aa\"><strong>DDI AMBIENTAL<\/strong><\/span><\/p>\n<p><span style=\"color: #ffffff\">Crear un set de 4 iconos reticulados, aptos para transmitir informaci\u00f3n, definir la categor\u00eda de representaci\u00f3n ic\u00f3nica y los valores sint\u00e1cticos de \u00abelemento\u00bb, \u00abcalidad\u00bb y \u00abdemaraci\u00f3n\u00bb.<\/span><\/p>\n<p>[\/et_pb_text][\/et_pb_column][et_pb_column type=\u00bb1_2&#8243; _builder_version=\u00bb4.20.4&#8243; _module_preset=\u00bbdefault\u00bb global_colors_info=\u00bb{}\u00bb][et_pb_image src=\u00bbhttp:\/\/dcv.artcom.mx\/pda\/1220152\/wp-content\/uploads\/sites\/45\/2025\/03\/iconos-03-copia.jpg\u00bb title_text=\u00bbiconos-03 &#8211; copia\u00bb _builder_version=\u00bb4.24.2&#8243; _module_preset=\u00bbdefault\u00bb width=\u00bb81%\u00bb min_height=\u00bb206px\u00bb height=\u00bb329px\u00bb border_radii=\u00bbon|20px|20px|20px|20px\u00bb global_colors_info=\u00bb{}\u00bb][\/et_pb_image][\/et_pb_column][\/et_pb_row][et_pb_row column_structure=\u00bb1_2,1_2&#8243; _builder_version=\u00bb4.24.2&#8243; _module_preset=\u00bbdefault\u00bb background_color=\u00bbRGBA(255,255,255,0)\u00bb background_enable_image=\u00bboff\u00bb width=\u00bb73%\u00bb max_width=\u00bb1095px\u00bb min_height=\u00bb100px\u00bb height=\u00bb376px\u00bb max_height=\u00bb634px\u00bb custom_padding=\u00bb25px|||80px|false|false\u00bb border_radii=\u00bbon|35px|35px|35px|35px\u00bb global_colors_info=\u00bb{}\u00bb][et_pb_column type=\u00bb1_2&#8243; _builder_version=\u00bb4.20.4&#8243; _module_preset=\u00bbdefault\u00bb global_colors_info=\u00bb{}\u00bb][et_pb_image src=\u00bbhttp:\/\/dcv.artcom.mx\/pda\/1220152\/wp-content\/uploads\/sites\/45\/2025\/03\/WhatsApp-Image-2025-03-23-at-4.04.28-PM.jpeg\u00bb title_text=\u00bbWhatsApp Image 2025-03-23 at 4.04.28 PM\u00bb _builder_version=\u00bb4.24.2&#8243; _module_preset=\u00bbdefault\u00bb width=\u00bb81%\u00bb min_height=\u00bb206px\u00bb height=\u00bb329px\u00bb custom_padding=\u00bb|0px||||\u00bb border_radii=\u00bbon|20px|20px|20px|20px\u00bb global_colors_info=\u00bb{}\u00bb][\/et_pb_image][\/et_pb_column][et_pb_column type=\u00bb1_2&#8243; _builder_version=\u00bb4.16&#8243; _module_preset=\u00bbdefault\u00bb global_colors_info=\u00bb{}\u00bb][et_pb_text _builder_version=\u00bb4.24.2&#8243; _module_preset=\u00bbdefault\u00bb text_font=\u00bbAveria Libre||||||||\u00bb global_colors_info=\u00bb{}\u00bb]<\/p>\n<p><span style=\"color: #ad00aa\"><b>FOTOGRAF\u00cdA COMERCIAL<\/b><\/span><\/p>\n<p><strong><span style=\"color: #ffffff\"><span lang=\"ES\">Sesi\u00f3n fotografica con productos MARY KAY<\/span><\/span><br \/><\/strong><strong><\/strong><\/p>\n<p>[\/et_pb_text][\/et_pb_column][\/et_pb_row][\/et_pb_section][et_pb_section fb_built=\u00bb1&#8243; _builder_version=\u00bb4.24.0&#8243; _module_preset=\u00bbdefault\u00bb background_color=\u00bb#000000&#8243; global_colors_info=\u00bb{}\u00bb][et_pb_row _builder_version=\u00bb4.24.2&#8243; _module_preset=\u00bbdefault\u00bb global_colors_info=\u00bb{}\u00bb][et_pb_column type=\u00bb4_4&#8243; _builder_version=\u00bb4.20.4&#8243; _module_preset=\u00bbdefault\u00bb global_colors_info=\u00bb{}\u00bb][et_pb_text _builder_version=\u00bb4.24.2&#8243; _module_preset=\u00bbdefault\u00bb border_radii=\u00bbon|35px|35px|35px|35px\u00bb box_shadow_style=\u00bbpreset2&#8243; box_shadow_color=\u00bb#ad00aa\u00bb inline_fonts=\u00bbAveria Libre\u00bb global_colors_info=\u00bb{}\u00bb]<\/p>\n<h1><span style=\"font-family: 'Averia Libre'\">6to Semestre<\/span><\/h1>\n<p>[\/et_pb_text][\/et_pb_column][\/et_pb_row][et_pb_row column_structure=\u00bb1_2,1_2&#8243; _builder_version=\u00bb4.24.2&#8243; _module_preset=\u00bbdefault\u00bb background_color=\u00bbRGBA(255,255,255,0)\u00bb background_enable_image=\u00bboff\u00bb width=\u00bb73%\u00bb max_width=\u00bb1095px\u00bb min_height=\u00bb100px\u00bb height=\u00bb376px\u00bb max_height=\u00bb634px\u00bb custom_padding=\u00bb25px|||80px|false|false\u00bb border_radii=\u00bbon|35px|35px|35px|35px\u00bb global_colors_info=\u00bb{}\u00bb][et_pb_column type=\u00bb1_2&#8243; _builder_version=\u00bb4.16&#8243; _module_preset=\u00bbdefault\u00bb global_colors_info=\u00bb{}\u00bb][et_pb_text _builder_version=\u00bb4.24.2&#8243; _module_preset=\u00bbdefault\u00bb text_font=\u00bbAveria Libre||||||||\u00bb global_colors_info=\u00bb{}\u00bb]<\/p>\n<p><span style=\"color: #ad00aa\"><strong>POP UP<\/strong><\/span><\/p>\n<p><span style=\"color: #ffffff\">Un trabajo de arte pop up, con tem\u00e1tica de la historia de Mois\u00e9s abriendo el mar rojo.<\/span><\/p>\n<p>[\/et_pb_text][\/et_pb_column][et_pb_column type=\u00bb1_2&#8243; _builder_version=\u00bb4.20.4&#8243; _module_preset=\u00bbdefault\u00bb global_colors_info=\u00bb{}\u00bb][et_pb_image src=\u00bbhttp:\/\/dcv.artcom.mx\/pda\/1220152\/wp-content\/uploads\/sites\/45\/2025\/04\/14.jpg\u00bb title_text=\u00bb14&#8243; _builder_version=\u00bb4.24.2&#8243; _module_preset=\u00bbdefault\u00bb width=\u00bb81%\u00bb min_height=\u00bb206px\u00bb height=\u00bb329px\u00bb border_radii=\u00bbon|20px|20px|20px|20px\u00bb global_colors_info=\u00bb{}\u00bb][\/et_pb_image][\/et_pb_column][\/et_pb_row][et_pb_row column_structure=\u00bb1_2,1_2&#8243; _builder_version=\u00bb4.24.2&#8243; _module_preset=\u00bbdefault\u00bb background_color=\u00bbRGBA(255,255,255,0)\u00bb background_enable_image=\u00bboff\u00bb width=\u00bb73%\u00bb max_width=\u00bb1095px\u00bb min_height=\u00bb100px\u00bb height=\u00bb376px\u00bb max_height=\u00bb634px\u00bb custom_padding=\u00bb25px|||80px|false|false\u00bb border_radii=\u00bbon|35px|35px|35px|35px\u00bb global_colors_info=\u00bb{}\u00bb][et_pb_column type=\u00bb1_2&#8243; _builder_version=\u00bb4.20.4&#8243; _module_preset=\u00bbdefault\u00bb global_colors_info=\u00bb{}\u00bb][et_pb_image src=\u00bbhttp:\/\/dcv.artcom.mx\/pda\/1220152\/wp-content\/uploads\/sites\/45\/2025\/04\/15.jpeg\u00bb title_text=\u00bb15&#8243; _builder_version=\u00bb4.24.2&#8243; _module_preset=\u00bbdefault\u00bb width=\u00bb93%\u00bb max_width=\u00bb99%\u00bb min_height=\u00bb330px\u00bb height=\u00bb329px\u00bb max_height=\u00bb1000px\u00bb custom_margin=\u00bb|-1px|13px||false|false\u00bb custom_padding=\u00bb4px|2px||5px|false|false\u00bb border_radii=\u00bbon|20px|20px|20px|20px\u00bb global_colors_info=\u00bb{}\u00bb][\/et_pb_image][\/et_pb_column][et_pb_column type=\u00bb1_2&#8243; _builder_version=\u00bb4.16&#8243; _module_preset=\u00bbdefault\u00bb global_colors_info=\u00bb{}\u00bb][et_pb_text _builder_version=\u00bb4.24.2&#8243; _module_preset=\u00bbdefault\u00bb text_font=\u00bbAveria Libre||||||||\u00bb global_colors_info=\u00bb{}\u00bb]<\/p>\n<p><span style=\"color: #ad00aa\"><strong>CHOCOLATES<\/strong><\/span><\/p>\n<p><span style=\"color: #ffffff\">Dise\u00f1o de modelos 3D en blender, para crear moldes de chocolates.<\/span><\/p>\n<p>[\/et_pb_text][\/et_pb_column][\/et_pb_row][et_pb_row column_structure=\u00bb1_2,1_2&#8243; _builder_version=\u00bb4.24.2&#8243; _module_preset=\u00bbdefault\u00bb background_color=\u00bbRGBA(255,255,255,0)\u00bb background_enable_image=\u00bboff\u00bb width=\u00bb73%\u00bb max_width=\u00bb1095px\u00bb min_height=\u00bb100px\u00bb height=\u00bb376px\u00bb max_height=\u00bb634px\u00bb custom_padding=\u00bb25px|||80px|false|false\u00bb border_radii=\u00bbon|35px|35px|35px|35px\u00bb global_colors_info=\u00bb{}\u00bb][et_pb_column type=\u00bb1_2&#8243; _builder_version=\u00bb4.16&#8243; _module_preset=\u00bbdefault\u00bb global_colors_info=\u00bb{}\u00bb][et_pb_text _builder_version=\u00bb4.24.2&#8243; _module_preset=\u00bbdefault\u00bb text_font=\u00bbAveria Libre||||||||\u00bb global_colors_info=\u00bb{}\u00bb]<\/p>\n<p><span style=\"color: #ad00aa\"><strong>MEMORAMA BAUHAUS<\/strong><\/span><\/p>\n<p><span style=\"color: #ffffff\">Creaci\u00f3n de un Memorama inspirado en la historia de la casa bauhaus, con diversos tipos de reglas e informaci\u00f3n.<\/span><\/p>\n<p>[\/et_pb_text][\/et_pb_column][et_pb_column type=\u00bb1_2&#8243; _builder_version=\u00bb4.20.4&#8243; _module_preset=\u00bbdefault\u00bb global_colors_info=\u00bb{}\u00bb][et_pb_image src=\u00bbhttp:\/\/dcv.artcom.mx\/pda\/1220152\/wp-content\/uploads\/sites\/45\/2025\/04\/16.jpg\u00bb title_text=\u00bb16&#8243; _builder_version=\u00bb4.24.2&#8243; _module_preset=\u00bbdefault\u00bb width=\u00bb81%\u00bb min_height=\u00bb206px\u00bb height=\u00bb329px\u00bb border_radii=\u00bbon|20px|20px|20px|20px\u00bb global_colors_info=\u00bb{}\u00bb][\/et_pb_image][\/et_pb_column][\/et_pb_row][et_pb_row column_structure=\u00bb1_2,1_2&#8243; _builder_version=\u00bb4.24.2&#8243; _module_preset=\u00bbdefault\u00bb background_color=\u00bbRGBA(255,255,255,0)\u00bb background_enable_image=\u00bboff\u00bb width=\u00bb73%\u00bb max_width=\u00bb1095px\u00bb min_height=\u00bb100px\u00bb height=\u00bb376px\u00bb max_height=\u00bb634px\u00bb custom_padding=\u00bb25px|||80px|false|false\u00bb border_radii=\u00bbon|35px|35px|35px|35px\u00bb global_colors_info=\u00bb{}\u00bb][et_pb_column type=\u00bb1_2&#8243; _builder_version=\u00bb4.20.4&#8243; _module_preset=\u00bbdefault\u00bb global_colors_info=\u00bb{}\u00bb][et_pb_image src=\u00bbhttp:\/\/dcv.artcom.mx\/pda\/1220152\/wp-content\/uploads\/sites\/45\/2025\/04\/17.jpg\u00bb title_text=\u00bb17&#8243; _builder_version=\u00bb4.24.2&#8243; _module_preset=\u00bbdefault\u00bb width=\u00bb81%\u00bb min_height=\u00bb206px\u00bb height=\u00bb329px\u00bb border_radii=\u00bbon|20px|20px|20px|20px\u00bb global_colors_info=\u00bb{}\u00bb][\/et_pb_image][\/et_pb_column][et_pb_column type=\u00bb1_2&#8243; _builder_version=\u00bb4.16&#8243; _module_preset=\u00bbdefault\u00bb global_colors_info=\u00bb{}\u00bb][et_pb_text _builder_version=\u00bb4.24.2&#8243; _module_preset=\u00bbdefault\u00bb text_font=\u00bbAveria Libre||||||||\u00bb global_colors_info=\u00bb{}\u00bb]<\/p>\n<p><span style=\"color: #ad00aa\"><b>PATRIA<\/b><\/span><\/p>\n<p><strong><span style=\"color: #ffffff\"><span lang=\"ES\">Dise\u00f1o de 3 ilustraciones inspiradas en los s\u00edmbolos patrios de mi pa\u00eds El Salvador, con el estilo flat desing.\u00a0<\/span><\/span><br \/><\/strong><strong><\/strong><\/p>\n<p>[\/et_pb_text][\/et_pb_column][\/et_pb_row][et_pb_row column_structure=\u00bb1_2,1_2&#8243; _builder_version=\u00bb4.24.2&#8243; _module_preset=\u00bbdefault\u00bb background_color=\u00bbRGBA(255,255,255,0)\u00bb background_enable_image=\u00bboff\u00bb width=\u00bb73%\u00bb max_width=\u00bb1095px\u00bb min_height=\u00bb100px\u00bb height=\u00bb376px\u00bb max_height=\u00bb634px\u00bb custom_padding=\u00bb25px|||80px|false|false\u00bb border_radii=\u00bbon|35px|35px|35px|35px\u00bb global_colors_info=\u00bb{}\u00bb][et_pb_column type=\u00bb1_2&#8243; _builder_version=\u00bb4.16&#8243; _module_preset=\u00bbdefault\u00bb global_colors_info=\u00bb{}\u00bb][et_pb_text _builder_version=\u00bb4.24.2&#8243; _module_preset=\u00bbdefault\u00bb text_font=\u00bbAveria Libre||||||||\u00bb global_colors_info=\u00bb{}\u00bb]<\/p>\n<p><span style=\"color: #ad00aa\"><strong>CRISALIDA<\/strong><\/span><\/p>\n<p><span style=\"color: #ffffff\">Participaci\u00f3n en la organizaci\u00f3n de la semana de la creatividad 2025, \u00abCRISALIDA\u00bb.<\/span><\/p>\n<p>[\/et_pb_text][\/et_pb_column][et_pb_column type=\u00bb1_2&#8243; _builder_version=\u00bb4.20.4&#8243; _module_preset=\u00bbdefault\u00bb global_colors_info=\u00bb{}\u00bb][et_pb_image src=\u00bbhttp:\/\/dcv.artcom.mx\/pda\/1220152\/wp-content\/uploads\/sites\/45\/2025\/04\/18-scaled.jpg\u00bb title_text=\u00bb18&#8243; _builder_version=\u00bb4.24.2&#8243; _module_preset=\u00bbdefault\u00bb width=\u00bb97%\u00bb min_height=\u00bb206px\u00bb height=\u00bb329px\u00bb border_radii=\u00bbon|20px|20px|20px|20px\u00bb global_colors_info=\u00bb{}\u00bb][\/et_pb_image][\/et_pb_column][\/et_pb_row][et_pb_row column_structure=\u00bb1_2,1_2&#8243; _builder_version=\u00bb4.24.2&#8243; _module_preset=\u00bbdefault\u00bb background_color=\u00bbRGBA(255,255,255,0)\u00bb background_enable_image=\u00bboff\u00bb width=\u00bb73%\u00bb max_width=\u00bb1095px\u00bb min_height=\u00bb100px\u00bb height=\u00bb376px\u00bb max_height=\u00bb634px\u00bb custom_padding=\u00bb25px|||80px|false|false\u00bb border_radii=\u00bbon|35px|35px|35px|35px\u00bb global_colors_info=\u00bb{}\u00bb][et_pb_column type=\u00bb1_2&#8243; _builder_version=\u00bb4.20.4&#8243; _module_preset=\u00bbdefault\u00bb global_colors_info=\u00bb{}\u00bb][et_pb_image src=\u00bbhttp:\/\/dcv.artcom.mx\/pda\/1220152\/wp-content\/uploads\/sites\/45\/2025\/04\/19-scaled.jpg\u00bb title_text=\u00bb19&#8243; _builder_version=\u00bb4.24.2&#8243; _module_preset=\u00bbdefault\u00bb width=\u00bb97.7%\u00bb min_height=\u00bb206px\u00bb height=\u00bb329px\u00bb border_radii=\u00bbon|20px|20px|20px|20px\u00bb global_colors_info=\u00bb{}\u00bb][\/et_pb_image][\/et_pb_column][et_pb_column type=\u00bb1_2&#8243; _builder_version=\u00bb4.16&#8243; _module_preset=\u00bbdefault\u00bb global_colors_info=\u00bb{}\u00bb][et_pb_text _builder_version=\u00bb4.24.2&#8243; _module_preset=\u00bbdefault\u00bb text_font=\u00bbAveria Libre||||||||\u00bb global_colors_info=\u00bb{}\u00bb]<\/p>\n<p><span style=\"color: #ad00aa\"><b>CREAR UN HABITO<\/b><\/span><\/p>\n<p><strong><span style=\"color: #ffffff\"><span lang=\"ES\">La creaci\u00f3n de un habito nuevo, en este caso, la documentaci\u00f3n de diversos temas que me llaman la atenci\u00f3n.<\/span><\/span><br \/><\/strong><strong><\/strong><\/p>\n<p>[\/et_pb_text][\/et_pb_column][\/et_pb_row][et_pb_row column_structure=\u00bb1_2,1_2&#8243; _builder_version=\u00bb4.24.2&#8243; _module_preset=\u00bbdefault\u00bb background_color=\u00bbRGBA(255,255,255,0)\u00bb background_enable_image=\u00bboff\u00bb width=\u00bb73%\u00bb max_width=\u00bb1095px\u00bb min_height=\u00bb100px\u00bb height=\u00bb376px\u00bb max_height=\u00bb634px\u00bb custom_padding=\u00bb25px|||80px|false|false\u00bb border_radii=\u00bbon|35px|35px|35px|35px\u00bb global_colors_info=\u00bb{}\u00bb][et_pb_column type=\u00bb1_2&#8243; _builder_version=\u00bb4.16&#8243; _module_preset=\u00bbdefault\u00bb global_colors_info=\u00bb{}\u00bb][et_pb_text _builder_version=\u00bb4.24.2&#8243; _module_preset=\u00bbdefault\u00bb text_font=\u00bbAveria Libre||||||||\u00bb global_colors_info=\u00bb{}\u00bb]<\/p>\n<p><span style=\"color: #ad00aa\"><b>30 Aniversario DCV<\/b><\/span><\/p>\n<p><strong><span style=\"color: #ffffff\"><span lang=\"ES\">Propuesta para la celebraci\u00f3n de los 30 a\u00f1os de la carrera de Dise\u00f1o de Comunicaci\u00f3n Visual, con el lema \u00abTres d\u00e9cadas de creatividad, identidad y visi\u00f3n\u00bb.<\/span><\/span><br \/><\/strong><strong><\/strong><\/p>\n<p>[\/et_pb_text][\/et_pb_column][et_pb_column type=\u00bb1_2&#8243; _builder_version=\u00bb4.24.2&#8243; _module_preset=\u00bbdefault\u00bb global_colors_info=\u00bb{}\u00bb][et_pb_image src=\u00bbhttp:\/\/dcv.artcom.mx\/pda\/1220152\/wp-content\/uploads\/sites\/45\/2025\/05\/WhatsApp-Image-2025-05-11-at-11.17.18-PM.jpeg\u00bb title_text=\u00bbWhatsApp Image 2025-05-11 at 11.17.18 PM\u00bb _builder_version=\u00bb4.24.2&#8243; _module_preset=\u00bbdefault\u00bb width=\u00bb97.7%\u00bb min_height=\u00bb206px\u00bb height=\u00bb329px\u00bb border_radii=\u00bbon|20px|20px|20px|20px\u00bb global_colors_info=\u00bb{}\u00bb][\/et_pb_image][\/et_pb_column][\/et_pb_row][\/et_pb_section]<\/p>\n","protected":false},"excerpt":{"rendered":"<p>5to SemestreDISE\u00d1O EDITORIAL Propuesta de posters publicitarios, con tem\u00e1tica de la EXPO ARTCOMDDI AMBIENTAL Dise\u00f1o de un set de se\u00f1ales, un sistema claro y preciso de se\u00f1alizaci\u00f3n y se\u00f1al\u00e9tica, que indique cuales son, donde se encuentran y como llegar a las distintas oficinas en el edificio de rector\u00eda.DDI AMBIENTAL Crear un set de 4 iconos [&hellip;]<\/p>\n","protected":false},"author":47,"featured_media":0,"parent":11,"menu_order":1,"comment_status":"closed","ping_status":"closed","template":"","meta":{"_et_pb_use_builder":"on","_et_pb_old_content":"","_et_gb_content_width":"","inline_featured_image":false,"footnotes":""},"_links":{"self":[{"href":"https:\/\/dcv.artcom.mx\/pda\/1220152\/wp-json\/wp\/v2\/pages\/584"}],"collection":[{"href":"https:\/\/dcv.artcom.mx\/pda\/1220152\/wp-json\/wp\/v2\/pages"}],"about":[{"href":"https:\/\/dcv.artcom.mx\/pda\/1220152\/wp-json\/wp\/v2\/types\/page"}],"author":[{"embeddable":true,"href":"https:\/\/dcv.artcom.mx\/pda\/1220152\/wp-json\/wp\/v2\/users\/47"}],"replies":[{"embeddable":true,"href":"https:\/\/dcv.artcom.mx\/pda\/1220152\/wp-json\/wp\/v2\/comments?post=584"}],"version-history":[{"count":6,"href":"https:\/\/dcv.artcom.mx\/pda\/1220152\/wp-json\/wp\/v2\/pages\/584\/revisions"}],"predecessor-version":[{"id":694,"href":"https:\/\/dcv.artcom.mx\/pda\/1220152\/wp-json\/wp\/v2\/pages\/584\/revisions\/694"}],"up":[{"embeddable":true,"href":"https:\/\/dcv.artcom.mx\/pda\/1220152\/wp-json\/wp\/v2\/pages\/11"}],"wp:attachment":[{"href":"https:\/\/dcv.artcom.mx\/pda\/1220152\/wp-json\/wp\/v2\/media?parent=584"}],"curies":[{"name":"wp","href":"https:\/\/api.w.org\/{rel}","templated":true}]}}