{"id":13,"date":"2020-03-03T22:19:04","date_gmt":"2020-03-04T04:19:04","guid":{"rendered":"http:\/\/pdadcv.artcom.mx\/portafolio-demo\/?page_id=13"},"modified":"2025-05-13T19:26:45","modified_gmt":"2025-05-13T19:26:45","slug":"actividades-laborales-y-certificaciones","status":"publish","type":"page","link":"https:\/\/dcv.artcom.mx\/pda\/1220152\/evidencias\/actividades-laborales-y-certificaciones\/","title":{"rendered":"Actividades laborales y certificaciones"},"content":{"rendered":"<p>[et_pb_section fb_built=\u00bb1&#8243; admin_label=\u00bbImage &#8211; Text\u00bb _builder_version=\u00bb4.24.2&#8243; background_color=\u00bbRGBA(255,255,255,0)\u00bb use_background_color_gradient=\u00bbon\u00bb background_color_gradient_direction=\u00bb45deg\u00bb background_color_gradient_stops=\u00bb#ff6a88 0%|#f90078 100%\u00bb background_color_gradient_start=\u00bb#ff6a88&#8243; background_color_gradient_end=\u00bb#ff99ac\u00bb filter_hue_rotate=\u00bb312deg\u00bb animation_style=\u00bbzoom\u00bb animation_intensity_zoom=\u00bb10%\u00bb animation_starting_opacity=\u00bb100%\u00bb box_shadow_style=\u00bbpreset7&#8243; box_shadow_horizontal=\u00bb0px\u00bb box_shadow_vertical=\u00bb-100px\u00bb box_shadow_color=\u00bb#ffffff\u00bb saved_tabs=\u00bball\u00bb locked=\u00bboff\u00bb global_colors_info=\u00bb{}\u00bb][et_pb_row column_structure=\u00bb1_2,1_2&#8243; _builder_version=\u00bb4.16&#8243; global_colors_info=\u00bb{}\u00bb][et_pb_column type=\u00bb1_2&#8243; _builder_version=\u00bb4.16&#8243; custom_padding=\u00bb|||\u00bb global_colors_info=\u00bb{}\u00bb custom_padding__hover=\u00bb|||\u00bb][et_pb_image src=\u00bbhttp:\/\/dcv.artcom.mx\/pda\/1220152\/wp-content\/uploads\/sites\/45\/2024\/03\/AE-3.jpg\u00bb title_text=\u00bbAE 3&#8243; _builder_version=\u00bb4.24.2&#8243; _module_preset=\u00bbdefault\u00bb width=\u00bb75%\u00bb max_width=\u00bb69%\u00bb min_height=\u00bb440px\u00bb custom_margin=\u00bb-68px||37px||false|false\u00bb custom_padding=\u00bb0px||0px||false|false\u00bb global_colors_info=\u00bb{}\u00bb][\/et_pb_image][\/et_pb_column][et_pb_column type=\u00bb1_2&#8243; _builder_version=\u00bb4.16&#8243; custom_padding=\u00bb80px|||\u00bb global_colors_info=\u00bb{}\u00bb custom_padding__hover=\u00bb|||\u00bb][et_pb_text _builder_version=\u00bb4.16&#8243; text_font=\u00bb||||||||\u00bb header_font=\u00bb||||||||\u00bb header_line_height=\u00bb1.5em\u00bb header_2_font=\u00bbPlayfair Display|700|||||||\u00bb header_2_text_color=\u00bb#ffffff\u00bb header_2_font_size=\u00bb42px\u00bb header_2_line_height=\u00bb1.5em\u00bb header_3_font=\u00bb||||||||\u00bb header_4_font=\u00bb||||||||\u00bb header_5_font=\u00bb||||||||\u00bb header_6_font=\u00bb||||||||\u00bb custom_margin=\u00bb||10px|\u00bb locked=\u00bboff\u00bb inline_fonts=\u00bbAveria Libre\u00bb global_colors_info=\u00bb{}\u00bb]<\/p>\n<h2><span style=\"font-family: 'Averia Libre'\">Actividades laborales y certificaciones<\/span><\/h2>\n<p>[\/et_pb_text][et_pb_divider color=\u00bb#f7d584&#8243; divider_weight=\u00bb3px\u00bb _builder_version=\u00bb4.16&#8243; max_width=\u00bb80px\u00bb module_alignment=\u00bbleft\u00bb height=\u00bb10px\u00bb custom_margin=\u00bb||20px|\u00bb animation_style=\u00bbslide\u00bb animation_direction=\u00bbbottom\u00bb locked=\u00bboff\u00bb global_colors_info=\u00bb{}\u00bb][\/et_pb_divider][et_pb_text _builder_version=\u00bb4.20.4&#8243; text_font=\u00bbPoppins||||||||\u00bb text_text_color=\u00bbrgba(255,255,255,0.8)\u00bb text_line_height=\u00bb1.8em\u00bb header_font=\u00bb||||||||\u00bb locked=\u00bboff\u00bb global_colors_info=\u00bb{}\u00bb][\/et_pb_text][\/et_pb_column][\/et_pb_row][\/et_pb_section][et_pb_section fb_built=\u00bb1&#8243; admin_label=\u00bbSale &amp; Featured\u00bb _builder_version=\u00bb4.24.0&#8243; background_color=\u00bb#000000&#8243; background_position=\u00bbtop_right\u00bb global_colors_info=\u00bb{}\u00bb][et_pb_row column_structure=\u00bb1_2,1_2&#8243; use_custom_gutter=\u00bbon\u00bb gutter_width=\u00bb2&#8243; admin_label=\u00bbSale Cards\u00bb _builder_version=\u00bb4.24.2&#8243; animation_style=\u00bbslide\u00bb animation_intensity_slide=\u00bb6%\u00bb global_colors_info=\u00bb{}\u00bb][et_pb_column type=\u00bb1_2&#8243; _builder_version=\u00bb4.24.2&#8243; background_color=\u00bbRGBA(255,255,255,0)\u00bb background_image=\u00bbhttp:\/\/pdadcv.artcom.mx\/portafolio-demo\/wp-content\/uploads\/sites\/2\/2020\/03\/fashion-01.jpg\u00bb background_blend=\u00bbsoft-light\u00bb custom_padding=\u00bb30px|30px|30px|30px\u00bb border_radii=\u00bbon|35px|35px|35px|35px\u00bb global_colors_info=\u00bb{}\u00bb custom_padding__hover=\u00bb|||\u00bb][et_pb_image src=\u00bbhttp:\/\/dcv.artcom.mx\/pda\/1220152\/wp-content\/uploads\/sites\/45\/2023\/03\/Madre-1_Mesa-de-trabajo-1.jpg\u00bb title_text=\u00bbMadre 1_Mesa de trabajo 1&#8243; _builder_version=\u00bb4.24.0&#8243; _module_preset=\u00bbdefault\u00bb border_radii=\u00bbon|35px|35px|35px|35px\u00bb global_colors_info=\u00bb{}\u00bb][\/et_pb_image][\/et_pb_column][et_pb_column type=\u00bb1_2&#8243; _builder_version=\u00bb4.24.2&#8243; use_background_color_gradient=\u00bbon\u00bb background_color_gradient_direction=\u00bb90deg\u00bb background_color_gradient_stops=\u00bbrgba(255,225,209,0) 0%|#f90078 51%\u00bb background_color_gradient_start=\u00bbrgba(255,225,209,0)\u00bb background_color_gradient_end=\u00bb#ffe1d1&#8243; background_color_gradient_end_position=\u00bb50%\u00bb background_image=\u00bbhttp:\/\/pdadcv.artcom.mx\/portafolio-demo\/wp-content\/uploads\/sites\/2\/2020\/03\/fashion-02.jpg\u00bb background_blend=\u00bbsoft-light\u00bb custom_padding=\u00bb30px|30px|30px|30px\u00bb filter_hue_rotate=\u00bb319deg\u00bb border_radii=\u00bbon|20px|20px|20px|20px\u00bb global_colors_info=\u00bb{}\u00bb custom_padding__hover=\u00bb|||\u00bb][et_pb_text _builder_version=\u00bb4.24.2&#8243; _module_preset=\u00bbdefault\u00bb inline_fonts=\u00bbAveria Libre\u00bb global_colors_info=\u00bb{}\u00bb]<\/p>\n<p><span style=\"color: #ffffff;font-family: 'Averia Libre';font-weight: normal\">Un sencillo anuncio publicitario para un negocio peque\u00f1o de comida a domicilio.<\/span><\/p>\n<p>[\/et_pb_text][\/et_pb_column][\/et_pb_row][et_pb_row column_structure=\u00bb1_2,1_2&#8243; use_custom_gutter=\u00bbon\u00bb gutter_width=\u00bb2&#8243; admin_label=\u00bbSale Cards\u00bb _builder_version=\u00bb4.24.2&#8243; animation_style=\u00bbslide\u00bb animation_intensity_slide=\u00bb6%\u00bb global_colors_info=\u00bb{}\u00bb][et_pb_column type=\u00bb1_2&#8243; _builder_version=\u00bb4.24.2&#8243; use_background_color_gradient=\u00bbon\u00bb background_color_gradient_direction=\u00bb90deg\u00bb background_color_gradient_stops=\u00bbrgba(255,225,209,0) 0%|#f90078 51%\u00bb background_color_gradient_start=\u00bbrgba(255,225,209,0)\u00bb background_color_gradient_end=\u00bb#ffe1d1&#8243; background_color_gradient_end_position=\u00bb50%\u00bb background_image=\u00bbhttp:\/\/pdadcv.artcom.mx\/portafolio-demo\/wp-content\/uploads\/sites\/2\/2020\/03\/fashion-02.jpg\u00bb background_blend=\u00bbsoft-light\u00bb custom_padding=\u00bb30px|30px|30px|30px\u00bb filter_hue_rotate=\u00bb324deg\u00bb border_radii=\u00bbon|35px|35px|35px|35px\u00bb global_colors_info=\u00bb{}\u00bb custom_padding__hover=\u00bb|||\u00bb][et_pb_text _builder_version=\u00bb4.24.2&#8243; _module_preset=\u00bbdefault\u00bb text_font=\u00bbAveria Libre||||||||\u00bb text_text_color=\u00bb#FFFFFF\u00bb filter_hue_rotate=\u00bb318deg\u00bb global_colors_info=\u00bb{}\u00bb]<\/p>\n<p>Ilustraciones sobre la vida y viaje de Moises, desde que fue puesto en el r\u00edo Nilo hasta que contemla la tierra de Canaan.<\/p>\n<p>[\/et_pb_text][\/et_pb_column][et_pb_column type=\u00bb1_2&#8243; _builder_version=\u00bb4.24.2&#8243; background_color=\u00bbRGBA(255,255,255,0)\u00bb background_image=\u00bbhttp:\/\/pdadcv.artcom.mx\/portafolio-demo\/wp-content\/uploads\/sites\/2\/2020\/03\/fashion-01.jpg\u00bb background_blend=\u00bbsoft-light\u00bb custom_padding=\u00bb30px|30px|30px|30px\u00bb border_radii=\u00bbon|20px|20px|20px|20px\u00bb global_colors_info=\u00bb{}\u00bb custom_padding__hover=\u00bb|||\u00bb][et_pb_image src=\u00bbhttp:\/\/dcv.artcom.mx\/pda\/1220152\/wp-content\/uploads\/sites\/45\/2024\/03\/hist-05-copia.jpg\u00bb title_text=\u00bbhist-05 &#8211; copia\u00bb _builder_version=\u00bb4.24.2&#8243; _module_preset=\u00bbdefault\u00bb border_radii=\u00bbon|35px|35px|35px|35px\u00bb global_colors_info=\u00bb{}\u00bb][\/et_pb_image][\/et_pb_column][\/et_pb_row][et_pb_row column_structure=\u00bb1_2,1_2&#8243; use_custom_gutter=\u00bbon\u00bb gutter_width=\u00bb2&#8243; admin_label=\u00bbSale Cards\u00bb _builder_version=\u00bb4.24.2&#8243; animation_style=\u00bbslide\u00bb animation_intensity_slide=\u00bb6%\u00bb global_colors_info=\u00bb{}\u00bb][et_pb_column type=\u00bb1_2&#8243; _builder_version=\u00bb4.24.2&#8243; background_color=\u00bbRGBA(255,255,255,0)\u00bb background_image=\u00bbhttp:\/\/pdadcv.artcom.mx\/portafolio-demo\/wp-content\/uploads\/sites\/2\/2020\/03\/fashion-01.jpg\u00bb background_blend=\u00bbsoft-light\u00bb custom_padding=\u00bb30px|30px|30px|30px\u00bb border_radii=\u00bbon|35px|35px|35px|35px\u00bb global_colors_info=\u00bb{}\u00bb custom_padding__hover=\u00bb|||\u00bb][et_pb_image src=\u00bbhttp:\/\/dcv.artcom.mx\/pda\/1220152\/wp-content\/uploads\/sites\/45\/2024\/03\/Utencilios-06-copia.jpg\u00bb title_text=\u00bbUtencilios-06 &#8211; copia\u00bb _builder_version=\u00bb4.24.2&#8243; _module_preset=\u00bbdefault\u00bb border_radii=\u00bbon|35px|35px|35px|35px\u00bb global_colors_info=\u00bb{}\u00bb][\/et_pb_image][\/et_pb_column][et_pb_column type=\u00bb1_2&#8243; _builder_version=\u00bb4.24.2&#8243; background_color=\u00bbRGBA(255,255,255,0)\u00bb use_background_color_gradient=\u00bbon\u00bb background_color_gradient_direction=\u00bb90deg\u00bb background_color_gradient_stops=\u00bbrgba(255,225,209,0) 0%|#f90078 51%\u00bb background_color_gradient_start=\u00bbrgba(255,225,209,0)\u00bb background_color_gradient_end=\u00bb#ffe1d1&#8243; background_color_gradient_end_position=\u00bb50%\u00bb background_image=\u00bbhttp:\/\/pdadcv.artcom.mx\/portafolio-demo\/wp-content\/uploads\/sites\/2\/2020\/03\/fashion-02.jpg\u00bb background_blend=\u00bbsoft-light\u00bb custom_padding=\u00bb30px|30px|30px|30px\u00bb filter_hue_rotate=\u00bb328deg\u00bb border_radii=\u00bbon|35px|35px|35px|35px\u00bb global_colors_info=\u00bb{}\u00bb custom_padding__hover=\u00bb|||\u00bb][et_pb_text _builder_version=\u00bb4.24.2&#8243; _module_preset=\u00bbdefault\u00bb text_font=\u00bbAveria Libre||||||||\u00bb text_text_color=\u00bb#FFFFFF\u00bb global_colors_info=\u00bb{}\u00bb]<\/p>\n<p>Vectorizaci\u00f3n de los utencilios del Santuario.<\/p>\n<p>[\/et_pb_text][\/et_pb_column][\/et_pb_row][et_pb_row column_structure=\u00bb1_2,1_2&#8243; use_custom_gutter=\u00bbon\u00bb gutter_width=\u00bb2&#8243; admin_label=\u00bbSale Cards\u00bb _builder_version=\u00bb4.24.2&#8243; animation_style=\u00bbslide\u00bb animation_intensity_slide=\u00bb6%\u00bb global_colors_info=\u00bb{}\u00bb][et_pb_column type=\u00bb1_2&#8243; _builder_version=\u00bb4.24.2&#8243; use_background_color_gradient=\u00bbon\u00bb background_color_gradient_direction=\u00bb90deg\u00bb background_color_gradient_stops=\u00bbrgba(255,225,209,0) 0%|#f90078 51%\u00bb background_color_gradient_start=\u00bbrgba(255,225,209,0)\u00bb background_color_gradient_end=\u00bb#ffe1d1&#8243; background_color_gradient_end_position=\u00bb50%\u00bb background_image=\u00bbhttp:\/\/pdadcv.artcom.mx\/portafolio-demo\/wp-content\/uploads\/sites\/2\/2020\/03\/fashion-02.jpg\u00bb background_blend=\u00bbsoft-light\u00bb custom_padding=\u00bb30px|30px|30px|30px\u00bb filter_hue_rotate=\u00bb329deg\u00bb border_radii=\u00bbon|35px|35px|35px|35px\u00bb global_colors_info=\u00bb{}\u00bb custom_padding__hover=\u00bb|||\u00bb][et_pb_text _builder_version=\u00bb4.24.2&#8243; _module_preset=\u00bbdefault\u00bb text_font=\u00bbAveria Libre||||||||\u00bb text_text_color=\u00bb#FFFFFF\u00bb global_colors_info=\u00bb{}\u00bb]<\/p>\n<p>Ilustraciones de 5 insectos para la Escuela Biblica de Vacaciones.<\/p>\n<p>[\/et_pb_text][\/et_pb_column][et_pb_column type=\u00bb1_2&#8243; _builder_version=\u00bb4.24.2&#8243; background_color=\u00bbRGBA(255,255,255,0)\u00bb background_image=\u00bbhttp:\/\/pdadcv.artcom.mx\/portafolio-demo\/wp-content\/uploads\/sites\/2\/2020\/03\/fashion-01.jpg\u00bb background_blend=\u00bbsoft-light\u00bb custom_padding=\u00bb30px|30px|30px|30px\u00bb border_radii=\u00bbon|35px|35px|35px|35px\u00bb global_colors_info=\u00bb{}\u00bb custom_padding__hover=\u00bb|||\u00bb][et_pb_image src=\u00bbhttp:\/\/dcv.artcom.mx\/pda\/1220152\/wp-content\/uploads\/sites\/45\/2024\/03\/abeja-2_Mesa-de-trabajo-1-copia-scaled.jpg\u00bb title_text=\u00bbabeja 2_Mesa de trabajo 1 &#8211; copia\u00bb _builder_version=\u00bb4.24.2&#8243; _module_preset=\u00bbdefault\u00bb border_radii=\u00bbon|35px|35px|35px|35px\u00bb global_colors_info=\u00bb{}\u00bb][\/et_pb_image][\/et_pb_column][\/et_pb_row][et_pb_row column_structure=\u00bb1_2,1_2&#8243; use_custom_gutter=\u00bbon\u00bb gutter_width=\u00bb2&#8243; admin_label=\u00bbSale Cards\u00bb _builder_version=\u00bb4.24.2&#8243; animation_style=\u00bbslide\u00bb animation_intensity_slide=\u00bb6%\u00bb global_colors_info=\u00bb{}\u00bb][et_pb_column type=\u00bb1_2&#8243; _builder_version=\u00bb4.24.2&#8243; background_color=\u00bbRGBA(255,255,255,0)\u00bb background_image=\u00bbhttp:\/\/pdadcv.artcom.mx\/portafolio-demo\/wp-content\/uploads\/sites\/2\/2020\/03\/fashion-01.jpg\u00bb background_blend=\u00bbsoft-light\u00bb custom_padding=\u00bb30px|30px|30px|30px\u00bb border_radii=\u00bbon|20px|20px|20px|20px\u00bb global_colors_info=\u00bb{}\u00bb custom_padding__hover=\u00bb|||\u00bb][et_pb_image src=\u00bbhttp:\/\/dcv.artcom.mx\/pda\/1220152\/wp-content\/uploads\/sites\/45\/2024\/03\/DIAS-07-copia.jpg\u00bb title_text=\u00bbDIAS-07 &#8211; copia\u00bb _builder_version=\u00bb4.24.2&#8243; _module_preset=\u00bbdefault\u00bb border_radii=\u00bbon|35px|35px|35px|35px\u00bb global_colors_info=\u00bb{}\u00bb][\/et_pb_image][\/et_pb_column][et_pb_column type=\u00bb1_2&#8243; _builder_version=\u00bb4.24.2&#8243; background_color=\u00bbRGBA(255,255,255,0)\u00bb use_background_color_gradient=\u00bbon\u00bb background_color_gradient_direction=\u00bb90deg\u00bb background_color_gradient_stops=\u00bbrgba(255,225,209,0) 0%|#f90078 51%\u00bb background_color_gradient_start=\u00bbrgba(255,225,209,0)\u00bb background_color_gradient_end=\u00bb#ffe1d1&#8243; background_color_gradient_end_position=\u00bb50%\u00bb background_image=\u00bbhttp:\/\/pdadcv.artcom.mx\/portafolio-demo\/wp-content\/uploads\/sites\/2\/2020\/03\/fashion-02.jpg\u00bb background_blend=\u00bbsoft-light\u00bb custom_padding=\u00bb30px|30px|30px|30px\u00bb filter_hue_rotate=\u00bb323deg\u00bb border_radii=\u00bbon|35px|35px|35px|35px\u00bb global_colors_info=\u00bb{}\u00bb custom_padding__hover=\u00bb|||\u00bb][et_pb_text _builder_version=\u00bb4.24.2&#8243; _module_preset=\u00bbdefault\u00bb text_font=\u00bbAveria Libre||||||||\u00bb text_text_color=\u00bb#FFFFFF\u00bb global_colors_info=\u00bb{}\u00bb]<\/p>\n<p>Post recomendando actividades a realizar en la semana de la pa\u00f1oleta<\/p>\n<p>[\/et_pb_text][\/et_pb_column][\/et_pb_row][et_pb_row column_structure=\u00bb1_2,1_2&#8243; use_custom_gutter=\u00bbon\u00bb gutter_width=\u00bb2&#8243; admin_label=\u00bbSale Cards\u00bb _builder_version=\u00bb4.24.2&#8243; animation_style=\u00bbslide\u00bb animation_intensity_slide=\u00bb6%\u00bb hover_enabled=\u00bb0&#8243; global_colors_info=\u00bb{}\u00bb sticky_enabled=\u00bb0&#8243;][et_pb_column type=\u00bb1_2&#8243; _builder_version=\u00bb4.24.2&#8243; use_background_color_gradient=\u00bbon\u00bb background_color_gradient_direction=\u00bb90deg\u00bb background_color_gradient_stops=\u00bbrgba(255,225,209,0) 0%|#f90078 51%\u00bb background_color_gradient_start=\u00bbrgba(255,225,209,0)\u00bb background_color_gradient_end=\u00bb#ffe1d1&#8243; background_color_gradient_end_position=\u00bb50%\u00bb background_image=\u00bbhttp:\/\/pdadcv.artcom.mx\/portafolio-demo\/wp-content\/uploads\/sites\/2\/2020\/03\/fashion-02.jpg\u00bb background_blend=\u00bbsoft-light\u00bb custom_padding=\u00bb30px|30px|30px|30px\u00bb filter_hue_rotate=\u00bb325deg\u00bb border_radii=\u00bbon|35px|35px|35px|35px\u00bb global_colors_info=\u00bb{}\u00bb custom_padding__hover=\u00bb|||\u00bb][et_pb_text _builder_version=\u00bb4.24.2&#8243; _module_preset=\u00bbdefault\u00bb text_font=\u00bbAveria Libre||||||||\u00bb text_text_color=\u00bb#FFFFFF\u00bb global_colors_info=\u00bb{}\u00bb]<\/p>\n<p>Universidad Promotora de la Salud.<\/p>\n<p>Diversos trabajos para las redes sociales y la publicidad de UPS. Especialmente el proyecto de \u00abChavos con Proposito\u00bb que se concentra en la salud mental de los adolescentes.<\/p>\n<p>[\/et_pb_text][\/et_pb_column][et_pb_column type=\u00bb1_2&#8243; _builder_version=\u00bb4.24.2&#8243; background_color=\u00bbRGBA(255,255,255,0)\u00bb background_image=\u00bbhttp:\/\/pdadcv.artcom.mx\/portafolio-demo\/wp-content\/uploads\/sites\/2\/2020\/03\/fashion-01.jpg\u00bb background_blend=\u00bbsoft-light\u00bb custom_padding=\u00bb30px|30px|30px|30px\u00bb border_radii=\u00bbon|35px|35px|35px|35px\u00bb global_colors_info=\u00bb{}\u00bb custom_padding__hover=\u00bb|||\u00bb][et_pb_image src=\u00bbhttp:\/\/dcv.artcom.mx\/pda\/1220152\/wp-content\/uploads\/sites\/45\/2024\/04\/CCP.jpg\u00bb title_text=\u00bbCCP\u00bb _builder_version=\u00bb4.24.2&#8243; _module_preset=\u00bbdefault\u00bb border_radii=\u00bbon|35px|35px|35px|35px\u00bb global_colors_info=\u00bb{}\u00bb][\/et_pb_image][\/et_pb_column][\/et_pb_row][et_pb_row column_structure=\u00bb1_2,1_2&#8243; use_custom_gutter=\u00bbon\u00bb gutter_width=\u00bb2&#8243; admin_label=\u00bbSale Cards\u00bb _builder_version=\u00bb4.24.2&#8243; animation_style=\u00bbslide\u00bb animation_intensity_slide=\u00bb6%\u00bb hover_enabled=\u00bb0&#8243; global_colors_info=\u00bb{}\u00bb sticky_enabled=\u00bb0&#8243;][et_pb_column type=\u00bb1_2&#8243; _builder_version=\u00bb4.24.2&#8243; background_color=\u00bbRGBA(255,255,255,0)\u00bb background_image=\u00bbhttp:\/\/pdadcv.artcom.mx\/portafolio-demo\/wp-content\/uploads\/sites\/2\/2020\/03\/fashion-01.jpg\u00bb background_blend=\u00bbsoft-light\u00bb custom_padding=\u00bb30px|30px|30px|30px\u00bb border_radii=\u00bbon|35px|35px|35px|35px\u00bb global_colors_info=\u00bb{}\u00bb custom_padding__hover=\u00bb|||\u00bb][et_pb_image src=\u00bbhttp:\/\/dcv.artcom.mx\/pda\/1220152\/wp-content\/uploads\/sites\/45\/2025\/05\/Carnero-y-macho.jpg\u00bb title_text=\u00bbCarnero y macho\u00bb _builder_version=\u00bb4.24.2&#8243; _module_preset=\u00bbdefault\u00bb hover_enabled=\u00bb0&#8243; border_radii=\u00bbon|35px|35px|35px|35px\u00bb global_colors_info=\u00bb{}\u00bb sticky_enabled=\u00bb0&#8243;][\/et_pb_image][\/et_pb_column][et_pb_column type=\u00bb1_2&#8243; _builder_version=\u00bb4.24.2&#8243; use_background_color_gradient=\u00bbon\u00bb background_color_gradient_direction=\u00bb90deg\u00bb background_color_gradient_stops=\u00bbrgba(255,225,209,0) 0%|#f90078 51%\u00bb background_color_gradient_start=\u00bbrgba(255,225,209,0)\u00bb background_color_gradient_end=\u00bb#ffe1d1&#8243; background_color_gradient_end_position=\u00bb50%\u00bb background_image=\u00bbhttp:\/\/pdadcv.artcom.mx\/portafolio-demo\/wp-content\/uploads\/sites\/2\/2020\/03\/fashion-02.jpg\u00bb background_blend=\u00bbsoft-light\u00bb custom_padding=\u00bb30px|30px|30px|30px\u00bb filter_hue_rotate=\u00bb325deg\u00bb border_radii=\u00bbon|35px|35px|35px|35px\u00bb global_colors_info=\u00bb{}\u00bb custom_padding__hover=\u00bb|||\u00bb][et_pb_text _builder_version=\u00bb4.24.2&#8243; _module_preset=\u00bbdefault\u00bb text_font=\u00bbAveria Libre||||||||\u00bb text_text_color=\u00bb#FFFFFF\u00bb hover_enabled=\u00bb0&#8243; global_colors_info=\u00bb{}\u00bb sticky_enabled=\u00bb0&#8243;]<\/p>\n<p>ILUSTRACIONES DE DANIEL<\/p>\n<p>Una serie de ilustraciones sobre las profecias biblicas del libro de Daniel<\/p>\n<p>[\/et_pb_text][\/et_pb_column][\/et_pb_row][\/et_pb_section]<\/p>\n","protected":false},"excerpt":{"rendered":"<p>Actividades laborales y certificacionesUn sencillo anuncio publicitario para un negocio peque\u00f1o de comida a domicilio.Ilustraciones sobre la vida y viaje de Moises, desde que fue puesto en el r\u00edo Nilo hasta que contemla la tierra de Canaan.Vectorizaci\u00f3n de los utencilios del Santuario.Ilustraciones de 5 insectos para la Escuela Biblica de Vacaciones.Post recomendando actividades a realizar [&hellip;]<\/p>\n","protected":false},"author":47,"featured_media":0,"parent":11,"menu_order":3,"comment_status":"closed","ping_status":"closed","template":"","meta":{"_et_pb_use_builder":"on","_et_pb_old_content":"","_et_gb_content_width":"","inline_featured_image":false,"footnotes":""},"_links":{"self":[{"href":"https:\/\/dcv.artcom.mx\/pda\/1220152\/wp-json\/wp\/v2\/pages\/13"}],"collection":[{"href":"https:\/\/dcv.artcom.mx\/pda\/1220152\/wp-json\/wp\/v2\/pages"}],"about":[{"href":"https:\/\/dcv.artcom.mx\/pda\/1220152\/wp-json\/wp\/v2\/types\/page"}],"author":[{"embeddable":true,"href":"https:\/\/dcv.artcom.mx\/pda\/1220152\/wp-json\/wp\/v2\/users\/47"}],"replies":[{"embeddable":true,"href":"https:\/\/dcv.artcom.mx\/pda\/1220152\/wp-json\/wp\/v2\/comments?post=13"}],"version-history":[{"count":10,"href":"https:\/\/dcv.artcom.mx\/pda\/1220152\/wp-json\/wp\/v2\/pages\/13\/revisions"}],"predecessor-version":[{"id":657,"href":"https:\/\/dcv.artcom.mx\/pda\/1220152\/wp-json\/wp\/v2\/pages\/13\/revisions\/657"}],"up":[{"embeddable":true,"href":"https:\/\/dcv.artcom.mx\/pda\/1220152\/wp-json\/wp\/v2\/pages\/11"}],"wp:attachment":[{"href":"https:\/\/dcv.artcom.mx\/pda\/1220152\/wp-json\/wp\/v2\/media?parent=13"}],"curies":[{"name":"wp","href":"https:\/\/api.w.org\/{rel}","templated":true}]}}