{"id":965,"date":"2024-04-21T18:14:20","date_gmt":"2024-04-21T18:14:20","guid":{"rendered":"https:\/\/dcv.artcom.mx\/pda\/1220018\/?page_id=965"},"modified":"2024-05-05T19:58:36","modified_gmt":"2024-05-05T19:58:36","slug":"cuarto-semestre","status":"publish","type":"page","link":"https:\/\/dcv.artcom.mx\/pda\/1220018\/evidencias\/actividades-eclesiasticas-y-espirituales\/cuarto-semestre\/","title":{"rendered":"Cuarto semestre"},"content":{"rendered":"<p>[et_pb_section fb_built=\u00bb1&#8243; _builder_version=\u00bb4.24.2&#8243; _module_preset=\u00bbdefault\u00bb background_color=\u00bb#474342&#8243; background_enable_image=\u00bboff\u00bb parallax=\u00bbon\u00bb parallax_method=\u00bboff\u00bb background_enable_pattern_style=\u00bbon\u00bb background_pattern_style=\u00bbzig-zag\u00bb background_pattern_blend_mode=\u00bbsoft-light\u00bb global_colors_info=\u00bb{}\u00bb][et_pb_row _builder_version=\u00bb4.20.4&#8243; _module_preset=\u00bbdefault\u00bb global_colors_info=\u00bb{}\u00bb][et_pb_column type=\u00bb4_4&#8243; _builder_version=\u00bb4.20.4&#8243; _module_preset=\u00bbdefault\u00bb global_colors_info=\u00bb{}\u00bb][et_pb_text _builder_version=\u00bb4.20.4&#8243; _module_preset=\u00bbdefault\u00bb header_font=\u00bbMontserrat|700|||||||\u00bb header_text_align=\u00bbcenter\u00bb header_text_color=\u00bb#190425&#8243; header_font_size=\u00bb59px\u00bb global_colors_info=\u00bb{}\u00bb]<\/p>\n<h1><span style=\"color: #cccacb\">ACTIVIDADES ECLESIASTICAS Y ESPIRITUALES<\/span><\/h1>\n<p>[\/et_pb_text][\/et_pb_column][\/et_pb_row][et_pb_row column_structure=\u00bb2_5,3_5&#8243; _builder_version=\u00bb4.20.4&#8243; _module_preset=\u00bbdefault\u00bb global_colors_info=\u00bb{}\u00bb][et_pb_column type=\u00bb2_5&#8243; _builder_version=\u00bb4.20.4&#8243; _module_preset=\u00bbdefault\u00bb global_colors_info=\u00bb{}\u00bb][et_pb_gallery gallery_ids=\u00bb1127,1128,1129,1130&#8243; fullwidth=\u00bbon\u00bb _builder_version=\u00bb4.24.2&#8243; _module_preset=\u00bbdefault\u00bb hover_enabled=\u00bb0&#8243; global_colors_info=\u00bb{}\u00bb theme_builder_area=\u00bbpost_content\u00bb sticky_enabled=\u00bb0&#8243;][\/et_pb_gallery][\/et_pb_column][et_pb_column type=\u00bb3_5&#8243; _builder_version=\u00bb4.20.4&#8243; _module_preset=\u00bbdefault\u00bb global_colors_info=\u00bb{}\u00bb][et_pb_text _builder_version=\u00bb4.20.4&#8243; _module_preset=\u00bbdefault\u00bb header_font=\u00bbMontserrat|800|||||||\u00bb header_text_color=\u00bb#B82AB4&#8243; header_3_font=\u00bb|600|||||||\u00bb header_3_text_color=\u00bb#B82AB4&#8243; header_3_font_size=\u00bb25px\u00bb global_colors_info=\u00bb{}\u00bb]<\/p>\n<p>&nbsp;<\/p>\n<h1 style=\"text-align: center\"><span style=\"color: #ffffff\"><\/span><\/h1>\n<h1 style=\"text-align: center\"><span style=\"color: #ffffff\"><\/span><\/h1>\n<h1 style=\"text-align: center\"><span style=\"color: #ffffff\">FOTOGRAF\u00cdA AVENTUREROS<\/span><\/h1>\n<h3 style=\"text-align: center\"><\/h3>\n<h3 style=\"text-align: center\"><span style=\"color: #ffffff\">Se me solicit\u00f3 en esta ocasi\u00f3n participar en una cena de aventureros como fot\u00f3grafo\u00a0para evidenciar lo que se realizo ya que fue una cena misionera porque cada aventurero deb\u00eda\u00a0llevar una visita, fue una noche agradable.<\/span><span style=\"color: #ffffff\"><\/span><\/h3>\n<p>[\/et_pb_text][\/et_pb_column][\/et_pb_row][\/et_pb_section]<\/p>\n","protected":false},"excerpt":{"rendered":"<p>ACTIVIDADES ECLESIASTICAS Y ESPIRITUALES&nbsp; FOTOGRAF\u00cdA AVENTUREROS Se me solicit\u00f3 en esta ocasi\u00f3n participar en una cena de aventureros como fot\u00f3grafo\u00a0para evidenciar lo que se realizo ya que fue una cena misionera porque cada aventurero deb\u00eda\u00a0llevar una visita, fue una noche agradable.<\/p>\n","protected":false},"author":46,"featured_media":0,"parent":63,"menu_order":0,"comment_status":"closed","ping_status":"closed","template":"","meta":{"_et_pb_use_builder":"on","_et_pb_old_content":"","_et_gb_content_width":"","inline_featured_image":false,"footnotes":""},"_links":{"self":[{"href":"https:\/\/dcv.artcom.mx\/pda\/1220018\/wp-json\/wp\/v2\/pages\/965"}],"collection":[{"href":"https:\/\/dcv.artcom.mx\/pda\/1220018\/wp-json\/wp\/v2\/pages"}],"about":[{"href":"https:\/\/dcv.artcom.mx\/pda\/1220018\/wp-json\/wp\/v2\/types\/page"}],"author":[{"embeddable":true,"href":"https:\/\/dcv.artcom.mx\/pda\/1220018\/wp-json\/wp\/v2\/users\/46"}],"replies":[{"embeddable":true,"href":"https:\/\/dcv.artcom.mx\/pda\/1220018\/wp-json\/wp\/v2\/comments?post=965"}],"version-history":[{"count":2,"href":"https:\/\/dcv.artcom.mx\/pda\/1220018\/wp-json\/wp\/v2\/pages\/965\/revisions"}],"predecessor-version":[{"id":1132,"href":"https:\/\/dcv.artcom.mx\/pda\/1220018\/wp-json\/wp\/v2\/pages\/965\/revisions\/1132"}],"up":[{"embeddable":true,"href":"https:\/\/dcv.artcom.mx\/pda\/1220018\/wp-json\/wp\/v2\/pages\/63"}],"wp:attachment":[{"href":"https:\/\/dcv.artcom.mx\/pda\/1220018\/wp-json\/wp\/v2\/media?parent=965"}],"curies":[{"name":"wp","href":"https:\/\/api.w.org\/{rel}","templated":true}]}}