{"id":9,"date":"2020-03-03T22:18:20","date_gmt":"2020-03-04T04:18:20","guid":{"rendered":"http:\/\/pdadcv.artcom.mx\/portafolio-demo\/?page_id=9"},"modified":"2025-02-24T14:22:34","modified_gmt":"2025-02-24T14:22:34","slug":"mi-ple","status":"publish","type":"page","link":"https:\/\/dcv.artcom.mx\/pda\/1220018\/mi-ple\/","title":{"rendered":"Mi PLE"},"content":{"rendered":"<p>[et_pb_section fb_built=\u00bb1&#8243; admin_label=\u00bbHero\u00bb _builder_version=\u00bb4.24.2&#8243; background_color=\u00bb#474342&#8243; background_enable_image=\u00bboff\u00bb parallax=\u00bbon\u00bb parallax_method=\u00bboff\u00bb min_height=\u00bb326px\u00bb custom_padding=\u00bb74px|0px|80px|0px|false|false\u00bb animation_style=\u00bbzoom\u00bb animation_intensity_zoom=\u00bb4%\u00bb hover_enabled=\u00bb0&#8243; global_colors_info=\u00bb{}\u00bb sticky_enabled=\u00bb0&#8243;][et_pb_row _builder_version=\u00bb4.16&#8243; background_size=\u00bbinitial\u00bb background_position=\u00bbtop_left\u00bb background_repeat=\u00bbrepeat\u00bb custom_padding=\u00bb|||\u00bb animation_style=\u00bbslide\u00bb animation_direction=\u00bbtop\u00bb animation_intensity_slide=\u00bb3%\u00bb global_colors_info=\u00bb{}\u00bb][et_pb_column type=\u00bb4_4&#8243; _builder_version=\u00bb4.16&#8243; custom_padding=\u00bb|||\u00bb global_colors_info=\u00bb{}\u00bb custom_padding__hover=\u00bb|||\u00bb][et_pb_text _builder_version=\u00bb4.20.4&#8243; text_font=\u00bb||||||||\u00bb header_font=\u00bbMontserrat|700||on|||||\u00bb header_text_color=\u00bb#ffffff\u00bb header_font_size=\u00bb100px\u00bb header_letter_spacing=\u00bb14px\u00bb header_2_font=\u00bb||||||||\u00bb background_size=\u00bbinitial\u00bb background_position=\u00bbtop_left\u00bb background_repeat=\u00bbrepeat\u00bb custom_margin=\u00bb|||\u00bb animation_style=\u00bbfade\u00bb header_font_size_last_edited=\u00bboff|desktop\u00bb locked=\u00bboff\u00bb global_colors_info=\u00bb{}\u00bb]<\/p>\n<h1><span style=\"color: #d32f22\">mi Ple<\/span><\/h1>\n<p>[\/et_pb_text][\/et_pb_column][\/et_pb_row][\/et_pb_section][et_pb_section fb_built=\u00bb1&#8243; _builder_version=\u00bb4.24.2&#8243; _module_preset=\u00bbdefault\u00bb background_color=\u00bb#474342&#8243; background_enable_image=\u00bboff\u00bb parallax=\u00bbon\u00bb background_enable_pattern_style=\u00bbon\u00bb background_pattern_style=\u00bbzig-zag\u00bb background_pattern_blend_mode=\u00bbsoft-light\u00bb hover_enabled=\u00bb0&#8243; global_colors_info=\u00bb{}\u00bb sticky_enabled=\u00bb0&#8243;][et_pb_row _builder_version=\u00bb4.20.4&#8243; _module_preset=\u00bbdefault\u00bb global_colors_info=\u00bb{}\u00bb][et_pb_column type=\u00bb4_4&#8243; _builder_version=\u00bb4.20.4&#8243; _module_preset=\u00bbdefault\u00bb global_colors_info=\u00bb{}\u00bb][et_pb_text _builder_version=\u00bb4.20.4&#8243; _module_preset=\u00bbdefault\u00bb text_text_color=\u00bb#FFFFFF\u00bb header_font=\u00bbMontserrat|700|||||||\u00bb header_text_color=\u00bb#FFFFFF\u00bb global_colors_info=\u00bb{}\u00bb]<\/p>\n<h1 style=\"text-align: center\">MI FOTOGRAF\u00cdA<\/h1>\n<p>[\/et_pb_text][\/et_pb_column][\/et_pb_row][et_pb_row column_structure=\u00bb1_2,1_2&#8243; _builder_version=\u00bb4.20.4&#8243; _module_preset=\u00bbdefault\u00bb global_colors_info=\u00bb{}\u00bb][et_pb_column type=\u00bb1_2&#8243; _builder_version=\u00bb4.20.4&#8243; _module_preset=\u00bbdefault\u00bb global_colors_info=\u00bb{}\u00bb][et_pb_gallery gallery_ids=\u00bb628,625,626,627&#8243; orientation=\u00bbportrait\u00bb show_title_and_caption=\u00bboff\u00bb show_pagination=\u00bboff\u00bb _builder_version=\u00bb4.20.4&#8243; _module_preset=\u00bbdefault\u00bb global_colors_info=\u00bb{}\u00bb][\/et_pb_gallery][\/et_pb_column][et_pb_column type=\u00bb1_2&#8243; _builder_version=\u00bb4.20.4&#8243; _module_preset=\u00bbdefault\u00bb global_colors_info=\u00bb{}\u00bb][et_pb_image src=\u00bbhttp:\/\/dcv.artcom.mx\/pda\/1220018\/wp-content\/uploads\/sites\/44\/2023\/04\/Untitled-1.png\u00bb title_text=\u00bbUntitled-1&#8243; align=\u00bbcenter\u00bb _builder_version=\u00bb4.20.4&#8243; _module_preset=\u00bbdefault\u00bb width=\u00bb35%\u00bb global_colors_info=\u00bb{}\u00bb][\/et_pb_image][et_pb_text _builder_version=\u00bb4.20.4&#8243; _module_preset=\u00bbdefault\u00bb text_text_color=\u00bb#FFFFFF\u00bb header_font=\u00bbMontserrat|700|||||||\u00bb header_text_color=\u00bb#FFFFFF\u00bb global_colors_info=\u00bb{}\u00bb]<\/p>\n<h1 style=\"text-align: center\">@random.r.photography<\/h1>\n<p>[\/et_pb_text][et_pb_text _builder_version=\u00bb4.20.4&#8243; _module_preset=\u00bbdefault\u00bb header_4_font=\u00bbMontserrat|500|||||||\u00bb header_4_text_color=\u00bb#B82AB4&#8243; global_colors_info=\u00bb{}\u00bb]<\/p>\n<h4 style=\"text-align: center\">Esta es una cuenta de instagram donde subo el contenido de las fotografias que tomo y que he tomado desde hace un tiempo, no se podria considerar portafolio pero esta todo de lo mejor de mi trabajo en la fotografia que he realizado desde que se que me gusta.<\/h4>\n<p>[\/et_pb_text][et_pb_image src=\u00bbhttp:\/\/dcv.artcom.mx\/pda\/1220018\/wp-content\/uploads\/sites\/44\/2023\/04\/imagen_2023-04-24_200137664.png\u00bb title_text=\u00bbimagen_2023-04-24_200137664&#8243; align=\u00bbcenter\u00bb _builder_version=\u00bb4.20.4&#8243; _module_preset=\u00bbdefault\u00bb width=\u00bb47%\u00bb global_colors_info=\u00bb{}\u00bb][\/et_pb_image][\/et_pb_column][\/et_pb_row][\/et_pb_section][et_pb_section fb_built=\u00bb1&#8243; _builder_version=\u00bb4.24.2&#8243; _module_preset=\u00bbdefault\u00bb background_color=\u00bb#474342&#8243; background_enable_pattern_style=\u00bbon\u00bb background_pattern_style=\u00bbzig-zag\u00bb background_pattern_blend_mode=\u00bbsoft-light\u00bb hover_enabled=\u00bb0&#8243; global_colors_info=\u00bb{}\u00bb background_pattern_vertical_offset=\u00bb1%\u00bb sticky_enabled=\u00bb0&#8243;][et_pb_row _builder_version=\u00bb4.20.4&#8243; _module_preset=\u00bbdefault\u00bb global_colors_info=\u00bb{}\u00bb][et_pb_column type=\u00bb4_4&#8243; _builder_version=\u00bb4.20.4&#8243; _module_preset=\u00bbdefault\u00bb global_colors_info=\u00bb{}\u00bb][et_pb_text _builder_version=\u00bb4.20.4&#8243; _module_preset=\u00bbdefault\u00bb text_text_color=\u00bb#FFFFFF\u00bb header_font=\u00bbMontserrat|700|||||||\u00bb header_text_color=\u00bb#FFFFFF\u00bb global_colors_info=\u00bb{}\u00bb]<\/p>\n<h1 style=\"text-align: center\">MI INSPIRACI\u00d3N<\/h1>\n<p>[\/et_pb_text][\/et_pb_column][\/et_pb_row][et_pb_row column_structure=\u00bb1_2,1_2&#8243; _builder_version=\u00bb4.20.4&#8243; _module_preset=\u00bbdefault\u00bb global_colors_info=\u00bb{}\u00bb][et_pb_column type=\u00bb1_2&#8243; _builder_version=\u00bb4.20.4&#8243; _module_preset=\u00bbdefault\u00bb global_colors_info=\u00bb{}\u00bb][et_pb_gallery gallery_ids=\u00bb633&#8243; fullwidth=\u00bbon\u00bb _builder_version=\u00bb4.20.4&#8243; _module_preset=\u00bbdefault\u00bb global_colors_info=\u00bb{}\u00bb][\/et_pb_gallery][et_pb_gallery gallery_ids=\u00bb635&#8243; fullwidth=\u00bbon\u00bb _builder_version=\u00bb4.20.4&#8243; _module_preset=\u00bbdefault\u00bb global_colors_info=\u00bb{}\u00bb][\/et_pb_gallery][et_pb_gallery gallery_ids=\u00bb636&#8243; fullwidth=\u00bbon\u00bb _builder_version=\u00bb4.20.4&#8243; _module_preset=\u00bbdefault\u00bb global_colors_info=\u00bb{}\u00bb][\/et_pb_gallery][\/et_pb_column][et_pb_column type=\u00bb1_2&#8243; _builder_version=\u00bb4.20.4&#8243; _module_preset=\u00bbdefault\u00bb global_colors_info=\u00bb{}\u00bb][et_pb_text admin_label=\u00bbTitle\u00bb _builder_version=\u00bb4.20.4&#8243; text_font=\u00bbMontserrat||||||||\u00bb text_text_color=\u00bb#747d88&#8243; text_font_size=\u00bb16px\u00bb text_line_height=\u00bb1.9em\u00bb header_font=\u00bb||||||||\u00bb header_text_align=\u00bbleft\u00bb header_2_font=\u00bbMontserrat|700||on|||||\u00bb header_2_font_size=\u00bb42px\u00bb header_2_line_height=\u00bb1.3em\u00bb background_enable_color=\u00bboff\u00bb background_size=\u00bbinitial\u00bb background_position=\u00bbtop_left\u00bb background_repeat=\u00bbrepeat\u00bb max_width=\u00bb619px\u00bb module_alignment=\u00bbleft\u00bb min_height=\u00bb670px\u00bb custom_margin=\u00bb|20px||||\u00bb custom_padding=\u00bb10%|10%|10%|10%\u00bb animation_style=\u00bbslide\u00bb animation_direction=\u00bbbottom\u00bb animation_intensity_slide=\u00bb4%\u00bb animation_starting_opacity=\u00bb100%\u00bb box_shadow_style=\u00bbpreset1&#8243; box_shadow_vertical=\u00bb15px\u00bb box_shadow_blur=\u00bb45px\u00bb box_shadow_color=\u00bbrgba(0,0,0,0.15)\u00bb locked=\u00bboff\u00bb global_colors_info=\u00bb{}\u00bb]<\/p>\n<h2><span style=\"color: #ffffff\">Benny Productions<\/span><\/h2>\n<p><span style=\"color: #ffffff\"><\/span><\/p>\n<p><span style=\"color: #ffffff\"><\/span><\/p>\n<p><span style=\"color: #ffffff\"><\/span><\/p>\n<p><span style=\"color: #ffffff\"><\/span><\/p>\n<p><span style=\"color: #ffffff\"><\/span><\/p>\n<p><span style=\"color: #ffffff\">Benny fue mi principal inspiraci\u00f3n cuando empec\u00e9 con la edici\u00f3n en photoshop, tiene diversos videos donde muestra sus procesos de como va haciendo manipulaci\u00f3n de im\u00e1genes para crear posters incre\u00edbles y demas im\u00e1genes con diversos elementos, va desde editar fotos de seguidores hasta crear alternativas de promocionales para pel\u00edculas.<\/span><\/p>\n<p><span style=\"color: #ffffff\">Sin duda uno de mis creadores favoritos.<\/span>\u00a0<\/p>\n<p>&nbsp;<\/p>\n<p>[\/et_pb_text][\/et_pb_column][\/et_pb_row][\/et_pb_section]<\/p>\n","protected":false},"excerpt":{"rendered":"<p>mi PleMI FOTOGRAF\u00cdA@random.r.photographyEsta es una cuenta de instagram donde subo el contenido de las fotografias que tomo y que he tomado desde hace un tiempo, no se podria considerar portafolio pero esta todo de lo mejor de mi trabajo en la fotografia que he realizado desde que se que me gusta.MI INSPIRACI\u00d3NBenny Productions Benny fue [&hellip;]<\/p>\n","protected":false},"author":46,"featured_media":0,"parent":0,"menu_order":4,"comment_status":"closed","ping_status":"closed","template":"","meta":{"_et_pb_use_builder":"on","_et_pb_old_content":"","_et_gb_content_width":"","inline_featured_image":false,"footnotes":""},"_links":{"self":[{"href":"https:\/\/dcv.artcom.mx\/pda\/1220018\/wp-json\/wp\/v2\/pages\/9"}],"collection":[{"href":"https:\/\/dcv.artcom.mx\/pda\/1220018\/wp-json\/wp\/v2\/pages"}],"about":[{"href":"https:\/\/dcv.artcom.mx\/pda\/1220018\/wp-json\/wp\/v2\/types\/page"}],"author":[{"embeddable":true,"href":"https:\/\/dcv.artcom.mx\/pda\/1220018\/wp-json\/wp\/v2\/users\/46"}],"replies":[{"embeddable":true,"href":"https:\/\/dcv.artcom.mx\/pda\/1220018\/wp-json\/wp\/v2\/comments?post=9"}],"version-history":[{"count":5,"href":"https:\/\/dcv.artcom.mx\/pda\/1220018\/wp-json\/wp\/v2\/pages\/9\/revisions"}],"predecessor-version":[{"id":1171,"href":"https:\/\/dcv.artcom.mx\/pda\/1220018\/wp-json\/wp\/v2\/pages\/9\/revisions\/1171"}],"wp:attachment":[{"href":"https:\/\/dcv.artcom.mx\/pda\/1220018\/wp-json\/wp\/v2\/media?parent=9"}],"curies":[{"name":"wp","href":"https:\/\/api.w.org\/{rel}","templated":true}]}}