{"id":797,"date":"2024-02-12T14:34:07","date_gmt":"2024-02-12T14:34:07","guid":{"rendered":"https:\/\/dcv.artcom.mx\/pda\/1220018\/?page_id=797"},"modified":"2024-05-05T19:34:28","modified_gmt":"2024-05-05T19:34:28","slug":"tercer-semestre","status":"publish","type":"page","link":"https:\/\/dcv.artcom.mx\/pda\/1220018\/evidencias\/actividades-eclesiasticas-y-espirituales\/tercer-semestre\/","title":{"rendered":"Tercer semestre"},"content":{"rendered":"<p>[et_pb_section fb_built=\u00bb1&#8243; _builder_version=\u00bb4.24.2&#8243; _module_preset=\u00bbdefault\u00bb background_color=\u00bb#474342&#8243; background_enable_image=\u00bboff\u00bb parallax=\u00bbon\u00bb parallax_method=\u00bboff\u00bb background_enable_pattern_style=\u00bbon\u00bb background_pattern_style=\u00bbzig-zag\u00bb background_pattern_blend_mode=\u00bbsoft-light\u00bb global_colors_info=\u00bb{}\u00bb][et_pb_row _builder_version=\u00bb4.20.4&#8243; _module_preset=\u00bbdefault\u00bb global_colors_info=\u00bb{}\u00bb][et_pb_column type=\u00bb4_4&#8243; _builder_version=\u00bb4.20.4&#8243; _module_preset=\u00bbdefault\u00bb global_colors_info=\u00bb{}\u00bb][et_pb_text _builder_version=\u00bb4.20.4&#8243; _module_preset=\u00bbdefault\u00bb header_font=\u00bbMontserrat|700|||||||\u00bb header_text_align=\u00bbcenter\u00bb header_text_color=\u00bb#190425&#8243; header_font_size=\u00bb59px\u00bb global_colors_info=\u00bb{}\u00bb]<\/p>\n<h1><span style=\"color: #cccacb\">ACTIVIDADES ECLESIASTICAS Y ESPIRITUALES<\/span><\/h1>\n<p>[\/et_pb_text][\/et_pb_column][\/et_pb_row][et_pb_row column_structure=\u00bb2_5,3_5&#8243; _builder_version=\u00bb4.20.4&#8243; _module_preset=\u00bbdefault\u00bb global_colors_info=\u00bb{}\u00bb][et_pb_column type=\u00bb2_5&#8243; _builder_version=\u00bb4.20.4&#8243; _module_preset=\u00bbdefault\u00bb global_colors_info=\u00bb{}\u00bb][et_pb_gallery gallery_ids=\u00bb1115&#8243; fullwidth=\u00bbon\u00bb _builder_version=\u00bb4.24.2&#8243; _module_preset=\u00bbdefault\u00bb hover_enabled=\u00bb0&#8243; global_colors_info=\u00bb{}\u00bb theme_builder_area=\u00bbpost_content\u00bb sticky_enabled=\u00bb0&#8243;][\/et_pb_gallery][\/et_pb_column][et_pb_column type=\u00bb3_5&#8243; _builder_version=\u00bb4.20.4&#8243; _module_preset=\u00bbdefault\u00bb global_colors_info=\u00bb{}\u00bb][et_pb_text _builder_version=\u00bb4.20.4&#8243; _module_preset=\u00bbdefault\u00bb header_font=\u00bbMontserrat|800|||||||\u00bb header_text_color=\u00bb#B82AB4&#8243; header_3_font=\u00bb|600|||||||\u00bb header_3_text_color=\u00bb#B82AB4&#8243; header_3_font_size=\u00bb25px\u00bb global_colors_info=\u00bb{}\u00bb]<\/p>\n<p>&nbsp;<\/p>\n<h1 style=\"text-align: center\"><span style=\"color: #ffffff\"><\/span><\/h1>\n<h1 style=\"text-align: center\"><span style=\"color: #ffffff\"><\/span><\/h1>\n<h1 style=\"text-align: center\"><span style=\"color: #ffffff\">STAFF EN CAMPAMENTO<\/span><\/h1>\n<h3 style=\"text-align: center\"><\/h3>\n<h3 style=\"text-align: center\"><span style=\"color: #ffffff\">Durante el campamento de Gu\u00edas mayores fui invitado a participar como staff dirigiendo algunos eventos y participando en las inspecciones.<\/span><span style=\"color: #ffffff\"><\/span><\/h3>\n<p>[\/et_pb_text][\/et_pb_column][\/et_pb_row][et_pb_row column_structure=\u00bb2_5,3_5&#8243; _builder_version=\u00bb4.20.4&#8243; _module_preset=\u00bbdefault\u00bb global_colors_info=\u00bb{}\u00bb][et_pb_column type=\u00bb2_5&#8243; _builder_version=\u00bb4.20.4&#8243; _module_preset=\u00bbdefault\u00bb global_colors_info=\u00bb{}\u00bb][et_pb_gallery gallery_ids=\u00bb1117&#8243; fullwidth=\u00bbon\u00bb _builder_version=\u00bb4.24.2&#8243; _module_preset=\u00bbdefault\u00bb hover_enabled=\u00bb0&#8243; global_colors_info=\u00bb{}\u00bb theme_builder_area=\u00bbpost_content\u00bb sticky_enabled=\u00bb0&#8243;][\/et_pb_gallery][\/et_pb_column][et_pb_column type=\u00bb3_5&#8243; _builder_version=\u00bb4.20.4&#8243; _module_preset=\u00bbdefault\u00bb global_colors_info=\u00bb{}\u00bb][et_pb_text _builder_version=\u00bb4.20.4&#8243; _module_preset=\u00bbdefault\u00bb header_font=\u00bbMontserrat|800|||||||\u00bb header_text_color=\u00bb#B82AB4&#8243; header_3_font=\u00bb|600|||||||\u00bb header_3_text_color=\u00bb#B82AB4&#8243; header_3_font_size=\u00bb25px\u00bb global_colors_info=\u00bb{}\u00bb]<\/p>\n<p>&nbsp;<\/p>\n<p>&nbsp;<\/p>\n<p>&nbsp;<\/p>\n<p>&nbsp;<\/p>\n<p>&nbsp;<\/p>\n<h1 style=\"text-align: center\"><span style=\"color: #ffffff\"><\/span><\/h1>\n<h1 style=\"text-align: center\"><span style=\"color: #ffffff\"><\/span><\/h1>\n<h1 style=\"text-align: center\"><span style=\"color: #ffffff\">VISITA A LA ESTRELLA<\/span><\/h1>\n<h3 style=\"text-align: center\"><\/h3>\n<h3 style=\"text-align: center\"><span style=\"color: #ffffff\">Participe en una visita del ministerio JAM donde fuimos a la presa la estrella para realizar servicio misionero invitando a los ni\u00f1os de esa localidad a participar en la semana de oraci\u00f3n para ni\u00f1os que se iba a realizar durante esa semana.<\/span><span style=\"color: #ffffff\"><\/span><\/h3>\n<p>[\/et_pb_text][\/et_pb_column][\/et_pb_row][\/et_pb_section]<\/p>\n","protected":false},"excerpt":{"rendered":"<p>ACTIVIDADES ECLESIASTICAS Y ESPIRITUALES&nbsp; STAFF EN CAMPAMENTO Durante el campamento de Gu\u00edas mayores fui invitado a participar como staff dirigiendo algunos eventos y participando en las inspecciones.&nbsp; &nbsp; &nbsp; &nbsp; &nbsp; VISITA A LA ESTRELLA Participe en una visita del ministerio JAM donde fuimos a la presa la estrella para realizar servicio misionero invitando a [&hellip;]<\/p>\n","protected":false},"author":46,"featured_media":0,"parent":63,"menu_order":0,"comment_status":"closed","ping_status":"closed","template":"","meta":{"_et_pb_use_builder":"on","_et_pb_old_content":"","_et_gb_content_width":"","inline_featured_image":false,"footnotes":""},"_links":{"self":[{"href":"https:\/\/dcv.artcom.mx\/pda\/1220018\/wp-json\/wp\/v2\/pages\/797"}],"collection":[{"href":"https:\/\/dcv.artcom.mx\/pda\/1220018\/wp-json\/wp\/v2\/pages"}],"about":[{"href":"https:\/\/dcv.artcom.mx\/pda\/1220018\/wp-json\/wp\/v2\/types\/page"}],"author":[{"embeddable":true,"href":"https:\/\/dcv.artcom.mx\/pda\/1220018\/wp-json\/wp\/v2\/users\/46"}],"replies":[{"embeddable":true,"href":"https:\/\/dcv.artcom.mx\/pda\/1220018\/wp-json\/wp\/v2\/comments?post=797"}],"version-history":[{"count":6,"href":"https:\/\/dcv.artcom.mx\/pda\/1220018\/wp-json\/wp\/v2\/pages\/797\/revisions"}],"predecessor-version":[{"id":1119,"href":"https:\/\/dcv.artcom.mx\/pda\/1220018\/wp-json\/wp\/v2\/pages\/797\/revisions\/1119"}],"up":[{"embeddable":true,"href":"https:\/\/dcv.artcom.mx\/pda\/1220018\/wp-json\/wp\/v2\/pages\/63"}],"wp:attachment":[{"href":"https:\/\/dcv.artcom.mx\/pda\/1220018\/wp-json\/wp\/v2\/media?parent=797"}],"curies":[{"name":"wp","href":"https:\/\/api.w.org\/{rel}","templated":true}]}}