{"id":789,"date":"2024-02-12T14:30:46","date_gmt":"2024-02-12T14:30:46","guid":{"rendered":"https:\/\/dcv.artcom.mx\/pda\/1220018\/?page_id=789"},"modified":"2024-03-25T23:46:41","modified_gmt":"2024-03-25T23:46:41","slug":"tercer-semestre","status":"publish","type":"page","link":"https:\/\/dcv.artcom.mx\/pda\/1220018\/evidencias\/diarios-metacognitivos-2\/tercer-semestre\/","title":{"rendered":"Tercer semestre"},"content":{"rendered":"<p>[et_pb_section fb_built=\u00bb1&#8243; _builder_version=\u00bb4.24.2&#8243; _module_preset=\u00bbdefault\u00bb background_color=\u00bb#232323&#8243; background_enable_image=\u00bboff\u00bb parallax=\u00bbon\u00bb parallax_method=\u00bboff\u00bb background_enable_pattern_style=\u00bbon\u00bb background_pattern_style=\u00bbzig-zag\u00bb background_pattern_blend_mode=\u00bbsoft-light\u00bb global_colors_info=\u00bb{}\u00bb][et_pb_row _builder_version=\u00bb4.20.4&#8243; _module_preset=\u00bbdefault\u00bb global_colors_info=\u00bb{}\u00bb][et_pb_column type=\u00bb4_4&#8243; _builder_version=\u00bb4.20.4&#8243; _module_preset=\u00bbdefault\u00bb global_colors_info=\u00bb{}\u00bb][et_pb_text _builder_version=\u00bb4.20.4&#8243; _module_preset=\u00bbdefault\u00bb header_font=\u00bbMontserrat|700|||||||\u00bb header_text_align=\u00bbcenter\u00bb header_text_color=\u00bb#190425&#8243; header_font_size=\u00bb59px\u00bb global_colors_info=\u00bb{}\u00bb]<\/p>\n<h1><span style=\"color: #d32f22\">DIARIOS METACOGNITIVOS<\/span><\/h1>\n<p>[\/et_pb_text][et_pb_text _builder_version=\u00bb4.20.4&#8243; _module_preset=\u00bbdefault\u00bb text_font=\u00bbMontserrat|500|||||||\u00bb text_font_size=\u00bb13px\u00bb header_font=\u00bbMontserrat|600|||||||\u00bb header_text_color=\u00bb#FF9CF9&#8243; header_font_size=\u00bb49px\u00bb header_2_font=\u00bbMontserrat|600|||||||\u00bb header_2_text_color=\u00bb#FF9CF9&#8243; header_2_font_size=\u00bb39px\u00bb global_colors_info=\u00bb{}\u00bb]<\/p>\n<h1><span style=\"color: #cccacb\">PROYECTO INTEGRADOR<\/span><\/h1>\n<h2><span style=\"color: #cccacb\">Re-Dise\u00f1o<\/span><\/h2>\n<p>[\/et_pb_text][\/et_pb_column][\/et_pb_row][et_pb_row column_structure=\u00bb2_5,3_5&#8243; _builder_version=\u00bb4.20.4&#8243; _module_preset=\u00bbdefault\u00bb global_colors_info=\u00bb{}\u00bb][et_pb_column type=\u00bb2_5&#8243; _builder_version=\u00bb4.20.4&#8243; _module_preset=\u00bbdefault\u00bb global_colors_info=\u00bb{}\u00bb][et_pb_gallery gallery_ids=\u00bb877&#8243; fullwidth=\u00bbon\u00bb _builder_version=\u00bb4.24.2&#8243; _module_preset=\u00bbdefault\u00bb hover_enabled=\u00bb0&#8243; box_shadow_style=\u00bbpreset2&#8243; global_colors_info=\u00bb{}\u00bb sticky_enabled=\u00bb0&#8243;][\/et_pb_gallery][\/et_pb_column][et_pb_column type=\u00bb3_5&#8243; _builder_version=\u00bb4.20.4&#8243; _module_preset=\u00bbdefault\u00bb global_colors_info=\u00bb{}\u00bb][et_pb_text _builder_version=\u00bb4.20.4&#8243; _module_preset=\u00bbdefault\u00bb header_font=\u00bbMontserrat|800|||||||\u00bb header_text_color=\u00bb#B82AB4&#8243; header_3_font=\u00bb|600|||||||\u00bb header_3_text_color=\u00bb#B82AB4&#8243; header_3_font_size=\u00bb25px\u00bb global_colors_info=\u00bb{}\u00bb]<\/p>\n<h1 style=\"text-align: center\"><\/h1>\n<h1 style=\"text-align: center\"><\/h1>\n<h1 style=\"text-align: center\"><\/h1>\n<h1 style=\"text-align: center\"><span style=\"color: #ffffff\"><\/span><\/h1>\n<h1 style=\"text-align: center\"><span style=\"color: #ffffff\"><\/span><\/h1>\n<h1 style=\"text-align: center\"><span style=\"color: #ffffff\"><\/span><\/h1>\n<h1 style=\"text-align: center\"><span style=\"color: #ffffff\"><\/span><\/h1>\n<h1 style=\"text-align: center\"><span style=\"color: #ffffff\"><\/span><\/h1>\n<h1 style=\"text-align: center\"><span style=\"color: #ffffff\"><\/span><\/h1>\n<h1 style=\"text-align: center\"><span style=\"color: #ffffff\"><\/span><\/h1>\n<h1 style=\"text-align: center\"><span style=\"color: #ffffff\"><\/span><\/h1>\n<h1 style=\"text-align: center\"><span style=\"color: #ffffff\"><\/span><\/h1>\n<h1 style=\"text-align: center\"><span style=\"color: #ffffff\"><\/span><\/h1>\n<h1 style=\"text-align: center\"><span style=\"color: #ffffff\"><\/span><\/h1>\n<h1 style=\"text-align: center\"><span style=\"color: #ffffff\"><\/span><\/h1>\n<h1 style=\"text-align: center\"><span style=\"color: #ffffff\"><\/span><\/h1>\n<h1 style=\"text-align: center\"><span style=\"color: #ffffff\"><\/span><\/h1>\n<h1 style=\"text-align: center\"><span style=\"color: #ffffff\">EXPRESI\u00d3N CELESTIAL<\/span><\/h1>\n<h3 style=\"text-align: center\"><span style=\"color: #ffffff\">Este proyecto fue el principal de este semestre, donde en la materia de identidad corporativa realizamos un redise\u00f1o para una marca local, creando una nueva identidad visual asi como sentar las bases de la marca.<\/span><\/h3>\n<p>[\/et_pb_text][\/et_pb_column][\/et_pb_row][et_pb_row column_structure=\u00bb2_5,3_5&#8243; _builder_version=\u00bb4.20.4&#8243; _module_preset=\u00bbdefault\u00bb global_colors_info=\u00bb{}\u00bb][et_pb_column type=\u00bb2_5&#8243; _builder_version=\u00bb4.20.4&#8243; _module_preset=\u00bbdefault\u00bb global_colors_info=\u00bb{}\u00bb][et_pb_gallery gallery_ids=\u00bb878,879,880&#8243; fullwidth=\u00bbon\u00bb _builder_version=\u00bb4.24.2&#8243; _module_preset=\u00bbdefault\u00bb width=\u00bb100%\u00bb hover_enabled=\u00bb0&#8243; box_shadow_style=\u00bbpreset2&#8243; global_colors_info=\u00bb{}\u00bb sticky_enabled=\u00bb0&#8243;][\/et_pb_gallery][\/et_pb_column][et_pb_column type=\u00bb3_5&#8243; _builder_version=\u00bb4.20.4&#8243; _module_preset=\u00bbdefault\u00bb global_colors_info=\u00bb{}\u00bb][et_pb_text _builder_version=\u00bb4.20.4&#8243; _module_preset=\u00bbdefault\u00bb header_font=\u00bbMontserrat|800|||||||\u00bb header_text_color=\u00bb#B82AB4&#8243; header_3_font=\u00bb|600|||||||\u00bb header_3_text_color=\u00bb#B82AB4&#8243; header_3_font_size=\u00bb25px\u00bb global_colors_info=\u00bb{}\u00bb]<\/p>\n<h1 style=\"text-align: center\"><\/h1>\n<h1 style=\"text-align: center\"><\/h1>\n<h1 style=\"text-align: center\"><\/h1>\n<h1 style=\"text-align: center\"><\/h1>\n<h1 style=\"text-align: center\"><\/h1>\n<h1 style=\"text-align: center\"><span style=\"color: #ffffff\"><\/span><\/h1>\n<h1 style=\"text-align: center\"><span style=\"color: #ffffff\"><\/span><\/h1>\n<h1 style=\"text-align: center\"><span style=\"color: #ffffff\"><\/span><\/h1>\n<h1 style=\"text-align: center\"><span style=\"color: #ffffff\"><\/span><\/h1>\n<h1 style=\"text-align: center\"><span style=\"color: #ffffff\"><\/span><\/h1>\n<h1 style=\"text-align: center\"><span style=\"color: #ffffff\"><\/span><\/h1>\n<h1 style=\"text-align: center\"><span style=\"color: #ffffff\"><\/span><\/h1>\n<h1 style=\"text-align: center\"><span style=\"color: #ffffff\"><\/span><\/h1>\n<h1 style=\"text-align: center\"><span style=\"color: #ffffff\"><\/span><\/h1>\n<h1 style=\"text-align: center\"><span style=\"color: #ffffff\"><\/span><\/h1>\n<h1 style=\"text-align: center\"><span style=\"color: #ffffff\"><\/span><\/h1>\n<h1 style=\"text-align: center\"><span style=\"color: #ffffff\"><\/span><\/h1>\n<h1 style=\"text-align: center\"><span style=\"color: #ffffff\"><\/span><\/h1>\n<h1 style=\"text-align: center\"><span style=\"color: #ffffff\">ETAPA 0. Primer contacto con el cliente<\/span><\/h1>\n<h3 style=\"text-align: center\"><\/h3>\n<h3 style=\"text-align: center\"><span style=\"color: #ffffff\">La primera parte abarcaba lo que es el brief, una peque\u00f1a recopilaci\u00f3n sobre lo que va a tratar el proyecto y que limitaciones hay definidas previamente con un cliente en este caso Expresi\u00f3n celestial que es un ministerio de la Universidad.<\/span><\/h3>\n<p>[\/et_pb_text][\/et_pb_column][\/et_pb_row][et_pb_row column_structure=\u00bb2_5,3_5&#8243; _builder_version=\u00bb4.20.4&#8243; _module_preset=\u00bbdefault\u00bb global_colors_info=\u00bb{}\u00bb][et_pb_column type=\u00bb2_5&#8243; _builder_version=\u00bb4.20.4&#8243; _module_preset=\u00bbdefault\u00bb global_colors_info=\u00bb{}\u00bb][et_pb_gallery gallery_ids=\u00bb883,884,885&#8243; fullwidth=\u00bbon\u00bb _builder_version=\u00bb4.24.2&#8243; _module_preset=\u00bbdefault\u00bb hover_enabled=\u00bb0&#8243; box_shadow_style=\u00bbpreset2&#8243; global_colors_info=\u00bb{}\u00bb sticky_enabled=\u00bb0&#8243;][\/et_pb_gallery][\/et_pb_column][et_pb_column type=\u00bb3_5&#8243; _builder_version=\u00bb4.20.4&#8243; _module_preset=\u00bbdefault\u00bb global_colors_info=\u00bb{}\u00bb][et_pb_text _builder_version=\u00bb4.20.4&#8243; _module_preset=\u00bbdefault\u00bb header_font=\u00bbMontserrat|800|||||||\u00bb header_text_color=\u00bb#B82AB4&#8243; header_3_font=\u00bb|600|||||||\u00bb header_3_text_color=\u00bb#B82AB4&#8243; header_3_font_size=\u00bb25px\u00bb global_colors_info=\u00bb{}\u00bb]<\/p>\n<h1 style=\"text-align: center\"><\/h1>\n<h1 style=\"text-align: center\"><\/h1>\n<h1 style=\"text-align: center\"><\/h1>\n<h1 style=\"text-align: center\"><\/h1>\n<h1 style=\"text-align: center\"><\/h1>\n<h1 style=\"text-align: center\"><\/h1>\n<h1 style=\"text-align: center\"><\/h1>\n<h1 style=\"text-align: center\"><span style=\"color: #ffffff\"><\/span><\/h1>\n<h1 style=\"text-align: center\"><span style=\"color: #ffffff\"><\/span><\/h1>\n<h1 style=\"text-align: center\"><span style=\"color: #ffffff\"><\/span><\/h1>\n<h1 style=\"text-align: center\"><span style=\"color: #ffffff\"><\/span><\/h1>\n<h1 style=\"text-align: center\"><span style=\"color: #ffffff\"><\/span><\/h1>\n<h1 style=\"text-align: center\"><span style=\"color: #ffffff\"><\/span><\/h1>\n<h1 style=\"text-align: center\"><span style=\"color: #ffffff\"><\/span><\/h1>\n<h1 style=\"text-align: center\"><span style=\"color: #ffffff\"><\/span><\/h1>\n<h1 style=\"text-align: center\"><span style=\"color: #ffffff\">ETAPA 1. Bases de la marca<\/span><\/h1>\n<p><span style=\"color: #ffffff\">\u00a0<\/span><\/p>\n<h3 style=\"text-align: center\"><span style=\"color: #ffffff\">Durante esta etapa se realiz\u00f3 una filtraci\u00f3n de los datos obtenidos previamente con el cliente y se solicito una especificaci\u00f3n\u00a0mas concreta de algunos datos asi como definir concretamente algunas bases que no ten\u00edan\u00a0establecidas previamente.<\/span><\/h3>\n<p>[\/et_pb_text][\/et_pb_column][\/et_pb_row][et_pb_row column_structure=\u00bb2_5,3_5&#8243; _builder_version=\u00bb4.20.4&#8243; _module_preset=\u00bbdefault\u00bb global_colors_info=\u00bb{}\u00bb][et_pb_column type=\u00bb2_5&#8243; _builder_version=\u00bb4.20.4&#8243; _module_preset=\u00bbdefault\u00bb global_colors_info=\u00bb{}\u00bb][et_pb_gallery gallery_ids=\u00bb886,891,890,887,888,889&#8243; fullwidth=\u00bbon\u00bb _builder_version=\u00bb4.24.2&#8243; _module_preset=\u00bbdefault\u00bb hover_enabled=\u00bb0&#8243; box_shadow_style=\u00bbpreset2&#8243; global_colors_info=\u00bb{}\u00bb sticky_enabled=\u00bb0&#8243;][\/et_pb_gallery][\/et_pb_column][et_pb_column type=\u00bb3_5&#8243; _builder_version=\u00bb4.20.4&#8243; _module_preset=\u00bbdefault\u00bb global_colors_info=\u00bb{}\u00bb][et_pb_text _builder_version=\u00bb4.20.4&#8243; _module_preset=\u00bbdefault\u00bb header_font=\u00bbMontserrat|800|||||||\u00bb header_text_color=\u00bb#B82AB4&#8243; header_3_font=\u00bb|600|||||||\u00bb header_3_text_color=\u00bb#B82AB4&#8243; header_3_font_size=\u00bb25px\u00bb global_colors_info=\u00bb{}\u00bb]<\/p>\n<h1 style=\"text-align: center\"><\/h1>\n<p>&nbsp;<\/p>\n<p>&nbsp;<\/p>\n<h1 style=\"text-align: center\"><\/h1>\n<h1 style=\"text-align: center\"><\/h1>\n<h1 style=\"text-align: center\"><\/h1>\n<h1 style=\"text-align: center\"><\/h1>\n<h1 style=\"text-align: center\"><\/h1>\n<h1 style=\"text-align: center\"><\/h1>\n<h1 style=\"text-align: center\"><\/h1>\n<h1 style=\"text-align: center\"><\/h1>\n<h1 style=\"text-align: center\"><span style=\"color: #ffffff\"><\/span><\/h1>\n<h1 style=\"text-align: center\"><span style=\"color: #ffffff\"><\/span><\/h1>\n<h1 style=\"text-align: center\"><span style=\"color: #ffffff\"><\/span><\/h1>\n<h1 style=\"text-align: center\"><span style=\"color: #ffffff\">ETAPA 2. Dise\u00f1o<\/span><\/h1>\n<h3 style=\"text-align: center\"><\/h3>\n<h3 style=\"text-align: center\"><\/h3>\n<h3 style=\"text-align: center\"><span style=\"color: #ffffff\">La etapa 2 fue la realizaci\u00f3n de el logo basado en el brief previamente creado, donde unimos los conceptos clave y las palabras basadas en el ministerio para desarrollar una identidad visual que definiera lo que es la marca asi como especificar los colores y los m\u00e1rgenes a utilizar en el isotipo.<\/span><\/h3>\n<p>[\/et_pb_text][\/et_pb_column][\/et_pb_row][et_pb_row column_structure=\u00bb2_5,3_5&#8243; _builder_version=\u00bb4.20.4&#8243; _module_preset=\u00bbdefault\u00bb global_colors_info=\u00bb{}\u00bb][et_pb_column type=\u00bb2_5&#8243; _builder_version=\u00bb4.20.4&#8243; _module_preset=\u00bbdefault\u00bb global_colors_info=\u00bb{}\u00bb][et_pb_gallery gallery_ids=\u00bb896,877,894&#8243; fullwidth=\u00bbon\u00bb _builder_version=\u00bb4.24.2&#8243; _module_preset=\u00bbdefault\u00bb hover_enabled=\u00bb0&#8243; box_shadow_style=\u00bbpreset2&#8243; global_colors_info=\u00bb{}\u00bb sticky_enabled=\u00bb0&#8243;][\/et_pb_gallery][\/et_pb_column][et_pb_column type=\u00bb3_5&#8243; _builder_version=\u00bb4.20.4&#8243; _module_preset=\u00bbdefault\u00bb global_colors_info=\u00bb{}\u00bb][et_pb_text _builder_version=\u00bb4.20.4&#8243; _module_preset=\u00bbdefault\u00bb header_font=\u00bbMontserrat|800|||||||\u00bb header_text_color=\u00bb#B82AB4&#8243; header_3_font=\u00bb|600|||||||\u00bb header_3_text_color=\u00bb#B82AB4&#8243; header_3_font_size=\u00bb25px\u00bb global_colors_info=\u00bb{}\u00bb]<\/p>\n<h1 style=\"text-align: center\"><\/h1>\n<h1 style=\"text-align: center\"><\/h1>\n<h1 style=\"text-align: center\"><\/h1>\n<h1 style=\"text-align: center\"><\/h1>\n<h1 style=\"text-align: center\"><\/h1>\n<h1 style=\"text-align: center\"><\/h1>\n<h1 style=\"text-align: center\"><\/h1>\n<h1 style=\"text-align: center\"><\/h1>\n<h1 style=\"text-align: center\"><\/h1>\n<h1 style=\"text-align: center\"><\/h1>\n<h1 style=\"text-align: center\"><\/h1>\n<h1 style=\"text-align: center\"><\/h1>\n<h1 style=\"text-align: center\"><\/h1>\n<h1 style=\"text-align: center\"><span style=\"color: #ffffff\">ETAPA 3. Implementaci\u00f3n<\/span><\/h1>\n<h3 style=\"text-align: center\"><\/h3>\n<h3 style=\"text-align: center\"><\/h3>\n<h3 style=\"text-align: center\"><span style=\"color: #ffffff\">Ya en esta etapa se desarrollaron mock-ups en base a la marca creada, asi como la implementaci\u00f3n de manera f\u00edsica con los diversos productos pensados en la utilizaci\u00f3n de los miembros del ministerio.<\/span><\/h3>\n<p>[\/et_pb_text][\/et_pb_column][\/et_pb_row][et_pb_row column_structure=\u00bb2_5,3_5&#8243; _builder_version=\u00bb4.20.4&#8243; _module_preset=\u00bbdefault\u00bb global_colors_info=\u00bb{}\u00bb][et_pb_column type=\u00bb2_5&#8243; _builder_version=\u00bb4.20.4&#8243; _module_preset=\u00bbdefault\u00bb global_colors_info=\u00bb{}\u00bb][et_pb_gallery gallery_ids=\u00bb902,903,904,905,906,907,908,909,910,911,912,913,914,915,916,917,918,919,920,921,922,923,924,925,926,927,928,929,930,931,932,933,934,935,936,937,938,939,940,941,942,943,944,945,946,947,948,949,950,951,952,953,954&#8243; fullwidth=\u00bbon\u00bb _builder_version=\u00bb4.24.2&#8243; _module_preset=\u00bbdefault\u00bb hover_enabled=\u00bb0&#8243; box_shadow_style=\u00bbpreset2&#8243; global_colors_info=\u00bb{}\u00bb sticky_enabled=\u00bb0&#8243;][\/et_pb_gallery][\/et_pb_column][et_pb_column type=\u00bb3_5&#8243; _builder_version=\u00bb4.20.4&#8243; _module_preset=\u00bbdefault\u00bb global_colors_info=\u00bb{}\u00bb][et_pb_text _builder_version=\u00bb4.20.4&#8243; _module_preset=\u00bbdefault\u00bb header_font=\u00bbMontserrat|800|||||||\u00bb header_text_color=\u00bb#B82AB4&#8243; header_3_font=\u00bb|600|||||||\u00bb header_3_text_color=\u00bb#B82AB4&#8243; header_3_font_size=\u00bb25px\u00bb global_colors_info=\u00bb{}\u00bb]<\/p>\n<h1 style=\"text-align: center\"><\/h1>\n<h1 style=\"text-align: center\"><\/h1>\n<h1 style=\"text-align: center\"><\/h1>\n<h1 style=\"text-align: center\"><\/h1>\n<h1 style=\"text-align: center\"><\/h1>\n<h1 style=\"text-align: center\"><\/h1>\n<h1 style=\"text-align: center\"><\/h1>\n<h1 style=\"text-align: center\"><\/h1>\n<h1 style=\"text-align: center\"><\/h1>\n<h1 style=\"text-align: center\"><\/h1>\n<h1 style=\"text-align: center\"><\/h1>\n<h1 style=\"text-align: center\"><\/h1>\n<h1 style=\"text-align: center\"><\/h1>\n<h1 style=\"text-align: center\"><\/h1>\n<h1 style=\"text-align: center\"><\/h1>\n<h1 style=\"text-align: center\"><\/h1>\n<h1 style=\"text-align: center\"><\/h1>\n<h1 style=\"text-align: center\"><\/h1>\n<h1 style=\"text-align: center\"><\/h1>\n<h1 style=\"text-align: center\"><span style=\"color: #ffffff\">ETAPA 4. Manual de identidad\u00a0<\/span><\/h1>\n<p><span style=\"color: #ffffff\">\u00a0<\/span><\/p>\n<h3 style=\"text-align: center\"><span style=\"color: #ffffff\">Durante esta etapa ya se tiene terminado lo que es el manual de la identidad de expresi\u00f3n celestial, donde se detallan cada uno de los aspectos empleados en el desarrollo de la marca como lo son la misi\u00f3n, visi\u00f3n y valores, tambien lo que va respecto a la creaci\u00f3n\u00a0del logo.<\/span><\/h3>\n<p>[\/et_pb_text][\/et_pb_column][\/et_pb_row][\/et_pb_section]<\/p>\n","protected":false},"excerpt":{"rendered":"<p>DIARIOS METACOGNITIVOSPROYECTO INTEGRADOR Re-Dise\u00f1o EXPRESI\u00d3N CELESTIAL Este proyecto fue el principal de este semestre, donde en la materia de identidad corporativa realizamos un redise\u00f1o para una marca local, creando una nueva identidad visual asi como sentar las bases de la marca. ETAPA 0. Primer contacto con el cliente La primera parte abarcaba lo que es [&hellip;]<\/p>\n","protected":false},"author":46,"featured_media":0,"parent":67,"menu_order":0,"comment_status":"closed","ping_status":"closed","template":"","meta":{"_et_pb_use_builder":"on","_et_pb_old_content":"","_et_gb_content_width":"","inline_featured_image":false,"footnotes":""},"_links":{"self":[{"href":"https:\/\/dcv.artcom.mx\/pda\/1220018\/wp-json\/wp\/v2\/pages\/789"}],"collection":[{"href":"https:\/\/dcv.artcom.mx\/pda\/1220018\/wp-json\/wp\/v2\/pages"}],"about":[{"href":"https:\/\/dcv.artcom.mx\/pda\/1220018\/wp-json\/wp\/v2\/types\/page"}],"author":[{"embeddable":true,"href":"https:\/\/dcv.artcom.mx\/pda\/1220018\/wp-json\/wp\/v2\/users\/46"}],"replies":[{"embeddable":true,"href":"https:\/\/dcv.artcom.mx\/pda\/1220018\/wp-json\/wp\/v2\/comments?post=789"}],"version-history":[{"count":9,"href":"https:\/\/dcv.artcom.mx\/pda\/1220018\/wp-json\/wp\/v2\/pages\/789\/revisions"}],"predecessor-version":[{"id":955,"href":"https:\/\/dcv.artcom.mx\/pda\/1220018\/wp-json\/wp\/v2\/pages\/789\/revisions\/955"}],"up":[{"embeddable":true,"href":"https:\/\/dcv.artcom.mx\/pda\/1220018\/wp-json\/wp\/v2\/pages\/67"}],"wp:attachment":[{"href":"https:\/\/dcv.artcom.mx\/pda\/1220018\/wp-json\/wp\/v2\/media?parent=789"}],"curies":[{"name":"wp","href":"https:\/\/api.w.org\/{rel}","templated":true}]}}