{"id":698,"date":"2023-04-30T16:13:38","date_gmt":"2023-04-30T16:13:38","guid":{"rendered":"https:\/\/dcv.artcom.mx\/pda\/1220018\/?page_id=698"},"modified":"2023-04-30T17:58:12","modified_gmt":"2023-04-30T17:58:12","slug":"segundo-semestre","status":"publish","type":"page","link":"https:\/\/dcv.artcom.mx\/pda\/1220018\/evidencias\/actividades-eclesiasticas-y-espirituales\/segundo-semestre\/","title":{"rendered":"Segundo semestre"},"content":{"rendered":"<p>[et_pb_section fb_built=\u00bb1&#8243; _builder_version=\u00bb4.20.4&#8243; _module_preset=\u00bbdefault\u00bb background_enable_color=\u00bboff\u00bb background_image=\u00bbhttp:\/\/dcv.artcom.mx\/pda\/1220018\/wp-content\/uploads\/sites\/44\/2023\/04\/2-fondo-2.jpg\u00bb parallax=\u00bbon\u00bb parallax_method=\u00bboff\u00bb background_enable_pattern_style=\u00bbon\u00bb background_pattern_style=\u00bbconfetti\u00bb background_pattern_blend_mode=\u00bbsoft-light\u00bb global_colors_info=\u00bb{}\u00bb theme_builder_area=\u00bbpost_content\u00bb][et_pb_row _builder_version=\u00bb4.20.4&#8243; _module_preset=\u00bbdefault\u00bb global_colors_info=\u00bb{}\u00bb theme_builder_area=\u00bbpost_content\u00bb][et_pb_column type=\u00bb4_4&#8243; _builder_version=\u00bb4.20.4&#8243; _module_preset=\u00bbdefault\u00bb global_colors_info=\u00bb{}\u00bb theme_builder_area=\u00bbpost_content\u00bb][et_pb_text _builder_version=\u00bb4.20.4&#8243; _module_preset=\u00bbdefault\u00bb header_font=\u00bbMontserrat|700|||||||\u00bb header_text_align=\u00bbcenter\u00bb header_text_color=\u00bb#190425&#8243; header_font_size=\u00bb59px\u00bb global_colors_info=\u00bb{}\u00bb theme_builder_area=\u00bbpost_content\u00bb]<\/p>\n<h1><span style=\"color: #ffffff\">ACTIVIDADES ECLESIASTICAS Y ESPIRITUALES<\/span><\/h1>\n<p>[\/et_pb_text][\/et_pb_column][\/et_pb_row][et_pb_row column_structure=\u00bb2_5,3_5&#8243; _builder_version=\u00bb4.20.4&#8243; _module_preset=\u00bbdefault\u00bb global_colors_info=\u00bb{}\u00bb theme_builder_area=\u00bbpost_content\u00bb][et_pb_column type=\u00bb2_5&#8243; _builder_version=\u00bb4.20.4&#8243; _module_preset=\u00bbdefault\u00bb global_colors_info=\u00bb{}\u00bb theme_builder_area=\u00bbpost_content\u00bb][et_pb_image src=\u00bbhttp:\/\/dcv.artcom.mx\/pda\/1220018\/wp-content\/uploads\/sites\/44\/2023\/04\/Imagen-de-WhatsApp-2023-04-23-a-las-08.03.52.jpg\u00bb title_text=\u00bbImagen de WhatsApp 2023-04-23 a las 08.03.52&#8243; _builder_version=\u00bb4.20.4&#8243; _module_preset=\u00bbdefault\u00bb hover_enabled=\u00bb0&#8243; box_shadow_style=\u00bbpreset2&#8243; global_colors_info=\u00bb{}\u00bb theme_builder_area=\u00bbpost_content\u00bb sticky_enabled=\u00bb0&#8243;][\/et_pb_image][\/et_pb_column][et_pb_column type=\u00bb3_5&#8243; _builder_version=\u00bb4.20.4&#8243; _module_preset=\u00bbdefault\u00bb global_colors_info=\u00bb{}\u00bb theme_builder_area=\u00bbpost_content\u00bb][et_pb_text _builder_version=\u00bb4.20.4&#8243; _module_preset=\u00bbdefault\u00bb header_font=\u00bbMontserrat|800|||||||\u00bb header_text_color=\u00bb#B82AB4&#8243; header_3_font=\u00bb|600|||||||\u00bb header_3_text_color=\u00bb#B82AB4&#8243; header_3_font_size=\u00bb25px\u00bb hover_enabled=\u00bb0&#8243; global_colors_info=\u00bb{}\u00bb theme_builder_area=\u00bbpost_content\u00bb sticky_enabled=\u00bb0&#8243;]<\/p>\n<p>&nbsp;<\/p>\n<h1 style=\"text-align: center\"><span style=\"color: #ffffff\"><\/span><\/h1>\n<h1 style=\"text-align: center\"><span style=\"color: #ffffff\"><\/span><\/h1>\n<h1 style=\"text-align: center\"><span style=\"color: #ffffff\">SABADO DE LA BONDAD<\/span><\/h1>\n<h3 style=\"text-align: center\"><\/h3>\n<h3 style=\"text-align: center\"><span style=\"color: #ffffff\">Fuimos a visitar a la abuelita de una de las conquistadoras y a repartirle una peque\u00f1a despensa, estuvimos hablando con ella un rato le cantamos algunos coritos y oramos con ella, fue una experiencia muy bonita, la se\u00f1ora se ve\u00eda feliz de que la hubi\u00e9ramos visitado<\/span><span style=\"color: #ffffff\"><\/span><\/h3>\n<p>[\/et_pb_text][\/et_pb_column][\/et_pb_row][et_pb_row column_structure=\u00bb2_5,3_5&#8243; _builder_version=\u00bb4.20.4&#8243; _module_preset=\u00bbdefault\u00bb global_colors_info=\u00bb{}\u00bb theme_builder_area=\u00bbpost_content\u00bb][et_pb_column type=\u00bb2_5&#8243; _builder_version=\u00bb4.20.4&#8243; _module_preset=\u00bbdefault\u00bb global_colors_info=\u00bb{}\u00bb theme_builder_area=\u00bbpost_content\u00bb][et_pb_image src=\u00bbhttp:\/\/dcv.artcom.mx\/pda\/1220018\/wp-content\/uploads\/sites\/44\/2023\/04\/Imagen-de-WhatsApp-2023-03-25-a-las-09.42.04.jpg\u00bb title_text=\u00bbImagen de WhatsApp 2023-03-25 a las 09.42.04&#8243; _builder_version=\u00bb4.20.4&#8243; _module_preset=\u00bbdefault\u00bb hover_enabled=\u00bb0&#8243; box_shadow_style=\u00bbpreset2&#8243; global_colors_info=\u00bb{}\u00bb theme_builder_area=\u00bbpost_content\u00bb sticky_enabled=\u00bb0&#8243;][\/et_pb_image][\/et_pb_column][et_pb_column type=\u00bb3_5&#8243; _builder_version=\u00bb4.20.4&#8243; _module_preset=\u00bbdefault\u00bb global_colors_info=\u00bb{}\u00bb theme_builder_area=\u00bbpost_content\u00bb][et_pb_text _builder_version=\u00bb4.20.4&#8243; _module_preset=\u00bbdefault\u00bb header_font=\u00bbMontserrat|800|||||||\u00bb header_text_color=\u00bb#B82AB4&#8243; header_3_font=\u00bb|600|||||||\u00bb header_3_text_color=\u00bb#B82AB4&#8243; header_3_font_size=\u00bb25px\u00bb hover_enabled=\u00bb0&#8243; global_colors_info=\u00bb{}\u00bb theme_builder_area=\u00bbpost_content\u00bb sticky_enabled=\u00bb0&#8243;]<\/p>\n<h1 style=\"text-align: center\"><span style=\"color: #ffffff\"><\/span><\/h1>\n<h1 style=\"text-align: center\"><span style=\"color: #ffffff\"><\/span><\/h1>\n<h1 style=\"text-align: center\"><span style=\"color: #ffffff\"><\/span><\/h1>\n<h1 style=\"text-align: center\"><span style=\"color: #ffffff\"><\/span><\/h1>\n<h1 style=\"text-align: center\"><span style=\"color: #ffffff\"><\/span><\/h1>\n<h1 style=\"text-align: center\"><span style=\"color: #ffffff\">CAMPAMENTO DE VIDA PRIMITIVA<\/span><\/h1>\n<h3 style=\"text-align: center\"><span style=\"color: #ffffff\">Esta actividad fue una de mis favoritas con el club ya que fuimos a un rio a acampar de manera \u00abprimitiva\u00bb tuvimos que hacer nuestro refugio para dormir y creamos varios muebles r\u00fasticos con amarres, entre otras actividades que realizamos con los ni\u00f1os, fue muy divertido.<\/span><span style=\"color: #ffffff\"><\/span><\/h3>\n<p>[\/et_pb_text][\/et_pb_column][\/et_pb_row][et_pb_row column_structure=\u00bb2_5,3_5&#8243; _builder_version=\u00bb4.20.4&#8243; _module_preset=\u00bbdefault\u00bb hover_enabled=\u00bb0&#8243; global_colors_info=\u00bb{}\u00bb theme_builder_area=\u00bbpost_content\u00bb sticky_enabled=\u00bb0&#8243;][et_pb_column type=\u00bb2_5&#8243; _builder_version=\u00bb4.20.4&#8243; _module_preset=\u00bbdefault\u00bb global_colors_info=\u00bb{}\u00bb theme_builder_area=\u00bbpost_content\u00bb][et_pb_image src=\u00bbhttp:\/\/dcv.artcom.mx\/pda\/1220018\/wp-content\/uploads\/sites\/44\/2023\/04\/Imagen-de-WhatsApp-2023-04-30-a-las-11.06.09.jpg\u00bb title_text=\u00bbImagen de WhatsApp 2023-04-30 a las 11.06.09&#8243; _builder_version=\u00bb4.20.4&#8243; _module_preset=\u00bbdefault\u00bb hover_enabled=\u00bb0&#8243; box_shadow_style=\u00bbpreset2&#8243; global_colors_info=\u00bb{}\u00bb theme_builder_area=\u00bbpost_content\u00bb sticky_enabled=\u00bb0&#8243;][\/et_pb_image][\/et_pb_column][et_pb_column type=\u00bb3_5&#8243; _builder_version=\u00bb4.20.4&#8243; _module_preset=\u00bbdefault\u00bb global_colors_info=\u00bb{}\u00bb theme_builder_area=\u00bbpost_content\u00bb][et_pb_text _builder_version=\u00bb4.20.4&#8243; _module_preset=\u00bbdefault\u00bb header_font=\u00bbMontserrat|800|||||||\u00bb header_text_color=\u00bb#B82AB4&#8243; header_3_font=\u00bb|600|||||||\u00bb header_3_text_color=\u00bb#B82AB4&#8243; header_3_font_size=\u00bb25px\u00bb hover_enabled=\u00bb0&#8243; global_colors_info=\u00bb{}\u00bb theme_builder_area=\u00bbpost_content\u00bb sticky_enabled=\u00bb0&#8243;]<\/p>\n<h1 style=\"text-align: center\"><span style=\"color: #ffffff\"><\/span><\/h1>\n<h1 style=\"text-align: center\"><span style=\"color: #ffffff\"><\/span><\/h1>\n<h1 style=\"text-align: center\"><span style=\"color: #ffffff\"><\/span><\/h1>\n<h1 style=\"text-align: center\"><span style=\"color: #ffffff\"><\/span><\/h1>\n<h1 style=\"text-align: center\"><span style=\"color: #ffffff\">SABADO DE LA BONDAD 2<\/span><\/h1>\n<h3 style=\"text-align: center\"><\/h3>\n<h3 style=\"text-align: center\"><span style=\"color: #ffffff\">Fuimos a visitar a un se\u00f1or que esta en una situacion complicada y le llevamos un poco de alegr\u00eda y una despensa, cantamos con el unos coritos y le contamos que hac\u00edamos en el club y al final oramos por el, estuvo muy feliz por la visita y nos agradeci\u00f3 demasiado ciertamente bonito.<\/span><\/h3>\n<p>[\/et_pb_text][\/et_pb_column][\/et_pb_row][et_pb_row column_structure=\u00bb2_5,3_5&#8243; _builder_version=\u00bb4.20.4&#8243; _module_preset=\u00bbdefault\u00bb hover_enabled=\u00bb0&#8243; global_colors_info=\u00bb{}\u00bb theme_builder_area=\u00bbpost_content\u00bb sticky_enabled=\u00bb0&#8243;][et_pb_column type=\u00bb2_5&#8243; _builder_version=\u00bb4.20.4&#8243; _module_preset=\u00bbdefault\u00bb global_colors_info=\u00bb{}\u00bb theme_builder_area=\u00bbpost_content\u00bb][et_pb_image src=\u00bbhttp:\/\/dcv.artcom.mx\/pda\/1220018\/wp-content\/uploads\/sites\/44\/2023\/04\/335072034_1325603211628435_170487019655813816_n.jpg\u00bb title_text=\u00bb335072034_1325603211628435_170487019655813816_n\u00bb _builder_version=\u00bb4.20.4&#8243; _module_preset=\u00bbdefault\u00bb hover_enabled=\u00bb0&#8243; box_shadow_style=\u00bbpreset2&#8243; global_colors_info=\u00bb{}\u00bb theme_builder_area=\u00bbpost_content\u00bb sticky_enabled=\u00bb0&#8243;][\/et_pb_image][\/et_pb_column][et_pb_column type=\u00bb3_5&#8243; _builder_version=\u00bb4.20.4&#8243; _module_preset=\u00bbdefault\u00bb global_colors_info=\u00bb{}\u00bb theme_builder_area=\u00bbpost_content\u00bb][et_pb_text _builder_version=\u00bb4.20.4&#8243; _module_preset=\u00bbdefault\u00bb header_font=\u00bbMontserrat|800|||||||\u00bb header_text_color=\u00bb#B82AB4&#8243; header_3_font=\u00bb|600|||||||\u00bb header_3_text_color=\u00bb#B82AB4&#8243; header_3_font_size=\u00bb25px\u00bb hover_enabled=\u00bb0&#8243; global_colors_info=\u00bb{}\u00bb theme_builder_area=\u00bbpost_content\u00bb sticky_enabled=\u00bb0&#8243;]<\/p>\n<h1 style=\"text-align: center\"><span style=\"color: #ffffff\">MINI OLIMPIADAS<\/span><\/h1>\n<h3 style=\"text-align: center\"><\/h3>\n<h3 style=\"text-align: center\"><span style=\"color: #ffffff\">Tuvimos una actividad con los conquistadores muy divertida, hicimos unas peque\u00f1as olimpiadas entre todos los ni\u00f1os, donde involucramos mojarse, armar rompecabezas correr entre otras tantas cosas, los ni\u00f1os se divirtieron mucho y fue muy bonita experiencia.<\/span><\/h3>\n<p>[\/et_pb_text][\/et_pb_column][\/et_pb_row][\/et_pb_section]<\/p>\n","protected":false},"excerpt":{"rendered":"<p>ACTIVIDADES ECLESIASTICAS Y ESPIRITUALES&nbsp; SABADO DE LA BONDAD Fuimos a visitar a la abuelita de una de las conquistadoras y a repartirle una peque\u00f1a despensa, estuvimos hablando con ella un rato le cantamos algunos coritos y oramos con ella, fue una experiencia muy bonita, la se\u00f1ora se ve\u00eda feliz de que la hubi\u00e9ramos visitado CAMPAMENTO [&hellip;]<\/p>\n","protected":false},"author":46,"featured_media":0,"parent":63,"menu_order":0,"comment_status":"closed","ping_status":"closed","template":"","meta":{"_et_pb_use_builder":"on","_et_pb_old_content":"","_et_gb_content_width":"","inline_featured_image":false,"footnotes":""},"_links":{"self":[{"href":"https:\/\/dcv.artcom.mx\/pda\/1220018\/wp-json\/wp\/v2\/pages\/698"}],"collection":[{"href":"https:\/\/dcv.artcom.mx\/pda\/1220018\/wp-json\/wp\/v2\/pages"}],"about":[{"href":"https:\/\/dcv.artcom.mx\/pda\/1220018\/wp-json\/wp\/v2\/types\/page"}],"author":[{"embeddable":true,"href":"https:\/\/dcv.artcom.mx\/pda\/1220018\/wp-json\/wp\/v2\/users\/46"}],"replies":[{"embeddable":true,"href":"https:\/\/dcv.artcom.mx\/pda\/1220018\/wp-json\/wp\/v2\/comments?post=698"}],"version-history":[{"count":4,"href":"https:\/\/dcv.artcom.mx\/pda\/1220018\/wp-json\/wp\/v2\/pages\/698\/revisions"}],"predecessor-version":[{"id":731,"href":"https:\/\/dcv.artcom.mx\/pda\/1220018\/wp-json\/wp\/v2\/pages\/698\/revisions\/731"}],"up":[{"embeddable":true,"href":"https:\/\/dcv.artcom.mx\/pda\/1220018\/wp-json\/wp\/v2\/pages\/63"}],"wp:attachment":[{"href":"https:\/\/dcv.artcom.mx\/pda\/1220018\/wp-json\/wp\/v2\/media?parent=698"}],"curies":[{"name":"wp","href":"https:\/\/api.w.org\/{rel}","templated":true}]}}