{"id":649,"date":"2023-04-28T20:18:05","date_gmt":"2023-04-28T20:18:05","guid":{"rendered":"https:\/\/dcv.artcom.mx\/pda\/1220018\/?page_id=649"},"modified":"2023-04-28T20:21:03","modified_gmt":"2023-04-28T20:21:03","slug":"primer-semestre","status":"publish","type":"page","link":"https:\/\/dcv.artcom.mx\/pda\/1220018\/evidencias\/actividades-laborales-y-certificaciones\/primer-semestre\/","title":{"rendered":"Primer semestre"},"content":{"rendered":"<p>[et_pb_section fb_built=\u00bb1&#8243; _builder_version=\u00bb4.20.4&#8243; _module_preset=\u00bbdefault\u00bb background_enable_color=\u00bboff\u00bb background_image=\u00bbhttp:\/\/dcv.artcom.mx\/pda\/1220018\/wp-content\/uploads\/sites\/44\/2023\/04\/no-es-una-bandera-2-1.jpg\u00bb parallax=\u00bbon\u00bb parallax_method=\u00bboff\u00bb background_enable_pattern_style=\u00bbon\u00bb background_pattern_style=\u00bbconfetti\u00bb background_pattern_blend_mode=\u00bbsoft-light\u00bb global_colors_info=\u00bb{}\u00bb theme_builder_area=\u00bbpost_content\u00bb][et_pb_row _builder_version=\u00bb4.20.4&#8243; _module_preset=\u00bbdefault\u00bb global_colors_info=\u00bb{}\u00bb theme_builder_area=\u00bbpost_content\u00bb][et_pb_column type=\u00bb4_4&#8243; _builder_version=\u00bb4.20.4&#8243; _module_preset=\u00bbdefault\u00bb global_colors_info=\u00bb{}\u00bb theme_builder_area=\u00bbpost_content\u00bb][et_pb_text _builder_version=\u00bb4.20.4&#8243; _module_preset=\u00bbdefault\u00bb header_font=\u00bbMontserrat|700|||||||\u00bb header_text_align=\u00bbcenter\u00bb header_text_color=\u00bb#190425&#8243; header_font_size=\u00bb59px\u00bb global_colors_info=\u00bb{}\u00bb theme_builder_area=\u00bbpost_content\u00bb]<\/p>\n<h1><span style=\"color: #b82ab4\">ACTIVIDADES LABORALES Y CERTIFICACIONES<\/span><\/h1>\n<p>[\/et_pb_text][\/et_pb_column][\/et_pb_row][et_pb_row column_structure=\u00bb2_5,3_5&#8243; _builder_version=\u00bb4.20.4&#8243; _module_preset=\u00bbdefault\u00bb global_colors_info=\u00bb{}\u00bb theme_builder_area=\u00bbpost_content\u00bb][et_pb_column type=\u00bb2_5&#8243; _builder_version=\u00bb4.20.4&#8243; _module_preset=\u00bbdefault\u00bb global_colors_info=\u00bb{}\u00bb theme_builder_area=\u00bbpost_content\u00bb][et_pb_image src=\u00bbhttp:\/\/dcv.artcom.mx\/pda\/1220018\/wp-content\/uploads\/sites\/44\/2023\/04\/Constancia-REVIRAR-Ronaldo-Jordan-Garcia_page-0001-1.jpg\u00bb title_text=\u00bbConstancia-REVIRAR Ronaldo Jordan Garcia_page-0001 (1)\u00bb _builder_version=\u00bb4.20.4&#8243; _module_preset=\u00bbdefault\u00bb box_shadow_style=\u00bbpreset2&#8243; global_colors_info=\u00bb{}\u00bb theme_builder_area=\u00bbpost_content\u00bb][\/et_pb_image][\/et_pb_column][et_pb_column type=\u00bb3_5&#8243; _builder_version=\u00bb4.20.4&#8243; _module_preset=\u00bbdefault\u00bb global_colors_info=\u00bb{}\u00bb theme_builder_area=\u00bbpost_content\u00bb][et_pb_text _builder_version=\u00bb4.20.4&#8243; _module_preset=\u00bbdefault\u00bb header_font=\u00bbMontserrat|800|||||||\u00bb header_text_color=\u00bb#B82AB4&#8243; header_3_font=\u00bb|600|||||||\u00bb header_3_text_color=\u00bb#B82AB4&#8243; header_3_font_size=\u00bb25px\u00bb global_colors_info=\u00bb{}\u00bb theme_builder_area=\u00bbpost_content\u00bb]<\/p>\n<h1 style=\"text-align: center\"><\/h1>\n<h1 style=\"text-align: center\"><\/h1>\n<h1 style=\"text-align: center\"><\/h1>\n<h1 style=\"text-align: center\"><\/h1>\n<h1 style=\"text-align: center\"><\/h1>\n<h1 style=\"text-align: center\"><\/h1>\n<h1 style=\"text-align: center\"><\/h1>\n<h1 style=\"text-align: center\"><\/h1>\n<h1 style=\"text-align: center\"><\/h1>\n<h1 style=\"text-align: center\"><\/h1>\n<h1 style=\"text-align: center\"><\/h1>\n<h1 style=\"text-align: center\"><\/h1>\n<h1 style=\"text-align: center\"><\/h1>\n<h1 style=\"text-align: center\">CONGRESO DE ESCUELAS DE DISE\u00d1O<\/h1>\n<h3 style=\"text-align: center\"><\/h3>\n<h3 style=\"text-align: center\">Tuve la posibilidad de asistir al 32 Encuentro Nacional de Escuelas de Dise\u00f1o gr\u00e1fico titulado \u00abRevirar\u00bb donde vimos diversas ponencias sobre gente reconocida en el medio, pude aprender diversas cosas, conocer otras maneras de dise\u00f1ar y aplicar las cosas que ya se.<\/h3>\n<h3 style=\"text-align: center\">Considero que fue una buena experiencia ya que pude conocer a mas gente que estudia lo mismo que yo y sobre todo aprender mas sobre mi carrera.<\/h3>\n<p>[\/et_pb_text][\/et_pb_column][\/et_pb_row][et_pb_row column_structure=\u00bb2_5,3_5&#8243; _builder_version=\u00bb4.20.4&#8243; _module_preset=\u00bbdefault\u00bb global_colors_info=\u00bb{}\u00bb theme_builder_area=\u00bbpost_content\u00bb][et_pb_column type=\u00bb2_5&#8243; _builder_version=\u00bb4.20.4&#8243; _module_preset=\u00bbdefault\u00bb global_colors_info=\u00bb{}\u00bb theme_builder_area=\u00bbpost_content\u00bb][et_pb_image src=\u00bbhttp:\/\/dcv.artcom.mx\/pda\/1220018\/wp-content\/uploads\/sites\/44\/2023\/04\/Imagen-de-WhatsApp-2023-04-28-a-las-14.05.49.jpg\u00bb title_text=\u00bbImagen de WhatsApp 2023-04-28 a las 14.05.49&#8243; _builder_version=\u00bb4.20.4&#8243; _module_preset=\u00bbdefault\u00bb box_shadow_style=\u00bbpreset2&#8243; global_colors_info=\u00bb{}\u00bb theme_builder_area=\u00bbpost_content\u00bb][\/et_pb_image][\/et_pb_column][et_pb_column type=\u00bb3_5&#8243; _builder_version=\u00bb4.20.4&#8243; _module_preset=\u00bbdefault\u00bb global_colors_info=\u00bb{}\u00bb theme_builder_area=\u00bbpost_content\u00bb][et_pb_text _builder_version=\u00bb4.20.4&#8243; _module_preset=\u00bbdefault\u00bb header_font=\u00bbMontserrat|800|||||||\u00bb header_text_color=\u00bb#B82AB4&#8243; header_3_font=\u00bb|600|||||||\u00bb header_3_text_color=\u00bb#B82AB4&#8243; header_3_font_size=\u00bb25px\u00bb global_colors_info=\u00bb{}\u00bb theme_builder_area=\u00bbpost_content\u00bb]<\/p>\n<h1 style=\"text-align: center\"><\/h1>\n<h1 style=\"text-align: center\"><\/h1>\n<h1 style=\"text-align: center\"><\/h1>\n<h1 style=\"text-align: center\"><\/h1>\n<h1 style=\"text-align: center\"><\/h1>\n<h1 style=\"text-align: center\"><\/h1>\n<h1 style=\"text-align: center\"><\/h1>\n<h1 style=\"text-align: center\"><\/h1>\n<h1 style=\"text-align: center\"><\/h1>\n<h1 style=\"text-align: center\"><\/h1>\n<h1 style=\"text-align: center\"><\/h1>\n<h1 style=\"text-align: center\"><\/h1>\n<h1 style=\"text-align: center\"><\/h1>\n<h1 style=\"text-align: center\"><\/h1>\n<h1 style=\"text-align: center\"><\/h1>\n<h1 style=\"text-align: center\"><\/h1>\n<h1 style=\"text-align: center\">TALLER DE CREACION DE CONTENIDO PARA REDES SOCIALES\u00a0<\/h1>\n<h3 style=\"text-align: center\"><\/h3>\n<h3 style=\"text-align: center\">Esta fue una capacitaci\u00f3n que se di\u00f3 en el congreso revirar, donde se nos ense\u00f1aron metodos para producir contenido audiovisual como videos o fotos, se nos ense\u00f1o a utilizar un programa de edicion de video entre otras cosas mas.<\/h3>\n<h3 style=\"text-align: center\">El taller estuvo interesante y ciertamente me quedo con lo que nos ense\u00f1aron como una herramienta para el futuro.<\/h3>\n<p>[\/et_pb_text][\/et_pb_column][\/et_pb_row][\/et_pb_section]<\/p>\n","protected":false},"excerpt":{"rendered":"<p>ACTIVIDADES LABORALES Y CERTIFICACIONES CONGRESO DE ESCUELAS DE DISE\u00d1O Tuve la posibilidad de asistir al 32 Encuentro Nacional de Escuelas de Dise\u00f1o gr\u00e1fico titulado \u00abRevirar\u00bb donde vimos diversas ponencias sobre gente reconocida en el medio, pude aprender diversas cosas, conocer otras maneras de dise\u00f1ar y aplicar las cosas que ya se. Considero que fue una [&hellip;]<\/p>\n","protected":false},"author":46,"featured_media":0,"parent":13,"menu_order":0,"comment_status":"closed","ping_status":"closed","template":"","meta":{"_et_pb_use_builder":"on","_et_pb_old_content":"","_et_gb_content_width":"","inline_featured_image":false,"footnotes":""},"_links":{"self":[{"href":"https:\/\/dcv.artcom.mx\/pda\/1220018\/wp-json\/wp\/v2\/pages\/649"}],"collection":[{"href":"https:\/\/dcv.artcom.mx\/pda\/1220018\/wp-json\/wp\/v2\/pages"}],"about":[{"href":"https:\/\/dcv.artcom.mx\/pda\/1220018\/wp-json\/wp\/v2\/types\/page"}],"author":[{"embeddable":true,"href":"https:\/\/dcv.artcom.mx\/pda\/1220018\/wp-json\/wp\/v2\/users\/46"}],"replies":[{"embeddable":true,"href":"https:\/\/dcv.artcom.mx\/pda\/1220018\/wp-json\/wp\/v2\/comments?post=649"}],"version-history":[{"count":2,"href":"https:\/\/dcv.artcom.mx\/pda\/1220018\/wp-json\/wp\/v2\/pages\/649\/revisions"}],"predecessor-version":[{"id":651,"href":"https:\/\/dcv.artcom.mx\/pda\/1220018\/wp-json\/wp\/v2\/pages\/649\/revisions\/651"}],"up":[{"embeddable":true,"href":"https:\/\/dcv.artcom.mx\/pda\/1220018\/wp-json\/wp\/v2\/pages\/13"}],"wp:attachment":[{"href":"https:\/\/dcv.artcom.mx\/pda\/1220018\/wp-json\/wp\/v2\/media?parent=649"}],"curies":[{"name":"wp","href":"https:\/\/api.w.org\/{rel}","templated":true}]}}