{"id":352,"date":"2023-04-19T19:07:32","date_gmt":"2023-04-19T19:07:32","guid":{"rendered":"https:\/\/dcv.artcom.mx\/pda\/1220018\/?page_id=352"},"modified":"2025-02-24T14:24:36","modified_gmt":"2025-02-24T14:24:36","slug":"352-2","status":"publish","type":"page","link":"https:\/\/dcv.artcom.mx\/pda\/1220018\/352-2\/","title":{"rendered":"Mi carrera"},"content":{"rendered":"<p>[et_pb_section fb_built=\u00bb1&#8243; admin_label=\u00bbPage Header\u00bb _builder_version=\u00bb4.24.2&#8243; background_color=\u00bb#474342&#8243; background_enable_image=\u00bboff\u00bb background_enable_pattern_style=\u00bbon\u00bb background_pattern_style=\u00bbconfetti\u00bb background_pattern_color=\u00bbRGBA(255,255,255,0)\u00bb background_pattern_size=\u00bbcustom\u00bb background_pattern_width=\u00bb922px\u00bb background_pattern_horizontal_offset=\u00bb0%\u00bb background_pattern_vertical_offset=\u00bb18%\u00bb custom_padding=\u00bb67px|0px|40.2px|0px|false|false\u00bb animation_style=\u00bbzoom\u00bb animation_intensity_zoom=\u00bb4%\u00bb global_colors_info=\u00bb{}\u00bb][et_pb_row _builder_version=\u00bb4.16&#8243; background_size=\u00bbinitial\u00bb background_position=\u00bbtop_left\u00bb background_repeat=\u00bbrepeat\u00bb custom_padding=\u00bb|||\u00bb animation_style=\u00bbslide\u00bb animation_direction=\u00bbtop\u00bb animation_intensity_slide=\u00bb3%\u00bb global_colors_info=\u00bb{}\u00bb][et_pb_column type=\u00bb4_4&#8243; _builder_version=\u00bb4.16&#8243; custom_padding=\u00bb|||\u00bb global_colors_info=\u00bb{}\u00bb custom_padding__hover=\u00bb|||\u00bb][et_pb_text _builder_version=\u00bb4.16&#8243; text_font=\u00bb||||||||\u00bb header_font=\u00bbMontserrat|700||on|||||dotted\u00bb header_text_color=\u00bb#353740&#8243; header_font_size=\u00bb60px\u00bb header_line_height=\u00bb1.3em\u00bb background_size=\u00bbinitial\u00bb background_position=\u00bbtop_left\u00bb background_repeat=\u00bbrepeat\u00bb custom_margin=\u00bb|||\u00bb animation_style=\u00bbfade\u00bb header_font_size_last_edited=\u00bboff|desktop\u00bb locked=\u00bboff\u00bb global_colors_info=\u00bb{}\u00bb]<\/p>\n<h1><span style=\"color: #d32f22\">mi carrera<\/span><\/h1>\n<p>[\/et_pb_text][et_pb_divider show_divider=\u00bboff\u00bb disabled_on=\u00bbon|on|off\u00bb _builder_version=\u00bb4.16&#8243; max_width=\u00bb120px\u00bb animation_style=\u00bbslide\u00bb animation_direction=\u00bbtop\u00bb animation_intensity_slide=\u00bb30%\u00bb global_colors_info=\u00bb{}\u00bb][\/et_pb_divider][\/et_pb_column][\/et_pb_row][\/et_pb_section][et_pb_section fb_built=\u00bb1&#8243; _builder_version=\u00bb4.24.2&#8243; _module_preset=\u00bbdefault\u00bb background_color=\u00bb#474342&#8243; background_enable_pattern_style=\u00bbon\u00bb background_pattern_style=\u00bbzig-zag\u00bb background_pattern_color=\u00bb#CCCACB\u00bb background_pattern_blend_mode=\u00bbsoft-light\u00bb custom_padding=\u00bb||81px|||\u00bb hover_enabled=\u00bb0&#8243; global_colors_info=\u00bb{}\u00bb sticky_enabled=\u00bb0&#8243;][et_pb_row column_structure=\u00bb2_3,1_3&#8243; _builder_version=\u00bb4.20.4&#8243; _module_preset=\u00bbdefault\u00bb global_colors_info=\u00bb{}\u00bb][et_pb_column type=\u00bb2_3&#8243; _builder_version=\u00bb4.20.4&#8243; _module_preset=\u00bbdefault\u00bb global_colors_info=\u00bb{}\u00bb][et_pb_text admin_label=\u00bbTitle\u00bb _builder_version=\u00bb4.20.4&#8243; text_font=\u00bbMontserrat||||||||\u00bb text_text_color=\u00bb#747d88&#8243; text_font_size=\u00bb16px\u00bb text_line_height=\u00bb1.9em\u00bb header_font=\u00bb||||||||\u00bb header_text_align=\u00bbleft\u00bb header_2_font=\u00bbMontserrat|700||on|||||\u00bb header_2_font_size=\u00bb42px\u00bb header_2_line_height=\u00bb1.3em\u00bb background_color=\u00bb#f7f7f7&#8243; background_size=\u00bbinitial\u00bb background_position=\u00bbtop_left\u00bb background_repeat=\u00bbrepeat\u00bb max_width=\u00bb619px\u00bb module_alignment=\u00bbleft\u00bb min_height=\u00bb659px\u00bb custom_margin=\u00bb|20px||||\u00bb custom_padding=\u00bb10.2%|10%|10%|10%||\u00bb animation_style=\u00bbslide\u00bb animation_direction=\u00bbbottom\u00bb animation_intensity_slide=\u00bb4%\u00bb animation_starting_opacity=\u00bb100%\u00bb box_shadow_style=\u00bbpreset1&#8243; box_shadow_vertical=\u00bb15px\u00bb box_shadow_blur=\u00bb45px\u00bb box_shadow_color=\u00bbrgba(0,0,0,0.15)\u00bb locked=\u00bboff\u00bb global_colors_info=\u00bb{}\u00bb]<\/p>\n<h2><span style=\"color: #d32f22\">DISE\u00d1O de comunicacion visual<\/span><\/h2>\n<p><span style=\"color: #84adff\"><\/span><\/p>\n<p><span style=\"color: #84adff\"><\/span><\/p>\n<p><span style=\"color: #84adff\"><\/span><\/p>\n<p><span style=\"color: #84adff\"><\/span><\/p>\n<p><span style=\"color: #84adff\"><\/span><\/p>\n<p><span style=\"color: #474342\">Esta carrera se centra en ense\u00f1ar como comunicar de manera visual las cosas ya sea en logos, posters, carteles y demas dise\u00f1os, algo que sea facilmente comprensible para las demas personas.<\/span><\/p>\n<p><span style=\"color: #474342\">Desde mas peque\u00f1o me atrajo el tema del dise\u00f1o comenzando a usar photoshop en mis tiempos libres, tambien tome el interes por parte de la fotografia, ya que es una de las cosas que mas disfruto hacer.<\/span><\/p>\n<p><span style=\"color: #474342\">En esta carrera al leer el programa me di cuenta de que hay muchas cosas que me llaman la atencion y quiero probar como por ejemplo la fotografia experimental, o mapa de bits que esta enfocado en photoshop.<\/span><\/p>\n<p>&nbsp;<\/p>\n<p>&nbsp;<\/p>\n<p>[\/et_pb_text][\/et_pb_column][et_pb_column type=\u00bb1_3&#8243; _builder_version=\u00bb4.20.4&#8243; _module_preset=\u00bbdefault\u00bb global_colors_info=\u00bb{}\u00bb][et_pb_image src=\u00bbhttp:\/\/dcv.artcom.mx\/pda\/1220018\/wp-content\/uploads\/sites\/44\/2023\/04\/Icono.png\u00bb title_text=\u00bbIcono\u00bb _builder_version=\u00bb4.20.4&#8243; _module_preset=\u00bbdefault\u00bb global_colors_info=\u00bb{}\u00bb][\/et_pb_image][et_pb_image src=\u00bbhttp:\/\/dcv.artcom.mx\/pda\/1220018\/wp-content\/uploads\/sites\/44\/2023\/04\/Icono.png\u00bb title_text=\u00bbIcono\u00bb _builder_version=\u00bb4.20.4&#8243; _module_preset=\u00bbdefault\u00bb global_colors_info=\u00bb{}\u00bb][\/et_pb_image][et_pb_image src=\u00bbhttp:\/\/dcv.artcom.mx\/pda\/1220018\/wp-content\/uploads\/sites\/44\/2023\/04\/Icono.png\u00bb title_text=\u00bbIcono\u00bb _builder_version=\u00bb4.20.4&#8243; _module_preset=\u00bbdefault\u00bb global_colors_info=\u00bb{}\u00bb][\/et_pb_image][\/et_pb_column][\/et_pb_row][\/et_pb_section][et_pb_section fb_built=\u00bb1&#8243; admin_label=\u00bbService Section\u00bb _builder_version=\u00bb4.24.2&#8243; background_color=\u00bb#474342&#8243; background_enable_pattern_style=\u00bbon\u00bb background_pattern_style=\u00bbzig-zag\u00bb background_pattern_color=\u00bb#CCCACB\u00bb background_pattern_horizontal_offset=\u00bb6%\u00bb background_pattern_vertical_offset=\u00bb10%\u00bb background_pattern_blend_mode=\u00bbsoft-light\u00bb custom_margin=\u00bb|||\u00bb custom_padding=\u00bb108px||110px|||\u00bb hover_enabled=\u00bb0&#8243; global_colors_info=\u00bb{}\u00bb sticky_enabled=\u00bb0&#8243;][et_pb_row column_structure=\u00bb1_2,1_2&#8243; _builder_version=\u00bb4.20.4&#8243; _module_preset=\u00bbdefault\u00bb global_colors_info=\u00bb{}\u00bb][et_pb_column type=\u00bb1_2&#8243; _builder_version=\u00bb4.20.4&#8243; _module_preset=\u00bbdefault\u00bb global_colors_info=\u00bb{}\u00bb][et_pb_text admin_label=\u00bbTitle\u00bb _builder_version=\u00bb4.20.4&#8243; text_font=\u00bbMontserrat||||||||\u00bb text_text_color=\u00bb#747d88&#8243; text_font_size=\u00bb16px\u00bb text_line_height=\u00bb1.9em\u00bb header_font=\u00bb||||||||\u00bb header_text_align=\u00bbleft\u00bb header_2_font=\u00bbMontserrat|700||on|||||\u00bb header_2_font_size=\u00bb42px\u00bb header_2_line_height=\u00bb1.3em\u00bb background_color=\u00bb#f7f7f7&#8243; background_size=\u00bbinitial\u00bb background_position=\u00bbtop_left\u00bb background_repeat=\u00bbrepeat\u00bb max_width=\u00bb619px\u00bb module_alignment=\u00bbleft\u00bb min_height=\u00bb484px\u00bb custom_margin=\u00bb|20px||||\u00bb custom_padding=\u00bb10%|10%|10.2%|10%||\u00bb animation_style=\u00bbslide\u00bb animation_direction=\u00bbbottom\u00bb animation_intensity_slide=\u00bb4%\u00bb animation_starting_opacity=\u00bb100%\u00bb box_shadow_style=\u00bbpreset1&#8243; box_shadow_vertical=\u00bb15px\u00bb box_shadow_blur=\u00bb45px\u00bb box_shadow_color=\u00bbrgba(0,0,0,0.15)\u00bb locked=\u00bboff\u00bb global_colors_info=\u00bb{}\u00bb]<\/p>\n<h2><span style=\"color: #d32f22\">expectativas<\/span><\/h2>\n<p><span style=\"color: #84adff\"><\/span><\/p>\n<p><span style=\"color: #84adff\"><\/span><\/p>\n<p><span style=\"color: #84adff\"><\/span><\/p>\n<p><span style=\"color: #84adff\"><\/span><\/p>\n<p><span style=\"color: #474342;font-size: 16px\">Creo que esta carrera me gustara mucho por como he avanzado en estos primeros semestres ya que disfruto de las actividades, aunque tambien creo que me debo acoplar mas a las actividades porque hay partes que me cuestan como el momento creativo o la parte de bocetar, pero creo que si me enfoco podre lograr cosas mas buenas en base a la carrera.<\/span><span style=\"font-size: 16px\">\u00a0<\/span><\/p>\n<p>[\/et_pb_text][\/et_pb_column][et_pb_column type=\u00bb1_2&#8243; _builder_version=\u00bb4.20.4&#8243; _module_preset=\u00bbdefault\u00bb global_colors_info=\u00bb{}\u00bb][et_pb_text admin_label=\u00bbTitle\u00bb _builder_version=\u00bb4.20.4&#8243; text_font=\u00bbMontserrat||||||||\u00bb text_text_color=\u00bb#747d88&#8243; text_font_size=\u00bb16px\u00bb text_line_height=\u00bb1.9em\u00bb header_font=\u00bb||||||||\u00bb header_text_align=\u00bbleft\u00bb header_2_font=\u00bbMontserrat|700||on|||||\u00bb header_2_font_size=\u00bb42px\u00bb header_2_line_height=\u00bb1.3em\u00bb background_color=\u00bb#f7f7f7&#8243; background_size=\u00bbinitial\u00bb background_position=\u00bbtop_left\u00bb background_repeat=\u00bbrepeat\u00bb max_width=\u00bb619px\u00bb module_alignment=\u00bbleft\u00bb min_height=\u00bb670px\u00bb custom_margin=\u00bb|20px||||\u00bb custom_padding=\u00bb10%|10%|10%|10%\u00bb animation_style=\u00bbslide\u00bb animation_direction=\u00bbbottom\u00bb animation_intensity_slide=\u00bb4%\u00bb animation_starting_opacity=\u00bb100%\u00bb box_shadow_style=\u00bbpreset1&#8243; box_shadow_vertical=\u00bb15px\u00bb box_shadow_blur=\u00bb45px\u00bb box_shadow_color=\u00bbrgba(0,0,0,0.15)\u00bb locked=\u00bboff\u00bb global_colors_info=\u00bb{}\u00bb]<\/p>\n<h2><span style=\"color: #d32f22\">Fortalezas y limitaciones<\/span><\/h2>\n<p><span style=\"color: #84adff\"><\/span><\/p>\n<p><span style=\"color: #84adff\"><\/span><\/p>\n<p><span style=\"color: #84adff\"><\/span><\/p>\n<p><span style=\"color: #84adff\"><\/span><\/p>\n<p><span style=\"color: #84adff\"><\/span><\/p>\n<p><span style=\"color: #474342\">Considero que tengo bastante experiencia en los programas que se usan en la carrera ya que ya los hab\u00eda usado previamente por mi cuenta y ya los hab\u00eda explorado entonces ya vengo con un conocimiento previo.<\/span><\/p>\n<p><span style=\"color: #474342\">De las cosas mas complicadas que veo en esta carrera es el proceso que hay que tomar ya que hay que seguir algo especifico para crear y sobre todo en las partes principales es donde mas me cuesta por ejemplo en la parte de bocetar ya que no es de mis fuertes el dibujar ni crear ideas.<\/span><span style=\"color: #ff9cf9\"><\/span><span style=\"color: #ff9cf9\"><\/span><\/p>\n<p>&nbsp;<\/p>\n<p>&nbsp;<\/p>\n<p>[\/et_pb_text][\/et_pb_column][\/et_pb_row][\/et_pb_section]<\/p>\n","protected":false},"excerpt":{"rendered":"<p>mi carreraDISE\u00d1O de comunicacion visual Esta carrera se centra en ense\u00f1ar como comunicar de manera visual las cosas ya sea en logos, posters, carteles y demas dise\u00f1os, algo que sea facilmente comprensible para las demas personas. Desde mas peque\u00f1o me atrajo el tema del dise\u00f1o comenzando a usar photoshop en mis tiempos libres, tambien tome [&hellip;]<\/p>\n","protected":false},"author":46,"featured_media":0,"parent":0,"menu_order":0,"comment_status":"closed","ping_status":"closed","template":"","meta":{"_et_pb_use_builder":"on","_et_pb_old_content":"","_et_gb_content_width":"","inline_featured_image":false,"footnotes":""},"_links":{"self":[{"href":"https:\/\/dcv.artcom.mx\/pda\/1220018\/wp-json\/wp\/v2\/pages\/352"}],"collection":[{"href":"https:\/\/dcv.artcom.mx\/pda\/1220018\/wp-json\/wp\/v2\/pages"}],"about":[{"href":"https:\/\/dcv.artcom.mx\/pda\/1220018\/wp-json\/wp\/v2\/types\/page"}],"author":[{"embeddable":true,"href":"https:\/\/dcv.artcom.mx\/pda\/1220018\/wp-json\/wp\/v2\/users\/46"}],"replies":[{"embeddable":true,"href":"https:\/\/dcv.artcom.mx\/pda\/1220018\/wp-json\/wp\/v2\/comments?post=352"}],"version-history":[{"count":9,"href":"https:\/\/dcv.artcom.mx\/pda\/1220018\/wp-json\/wp\/v2\/pages\/352\/revisions"}],"predecessor-version":[{"id":1172,"href":"https:\/\/dcv.artcom.mx\/pda\/1220018\/wp-json\/wp\/v2\/pages\/352\/revisions\/1172"}],"wp:attachment":[{"href":"https:\/\/dcv.artcom.mx\/pda\/1220018\/wp-json\/wp\/v2\/media?parent=352"}],"curies":[{"name":"wp","href":"https:\/\/api.w.org\/{rel}","templated":true}]}}