{"id":7,"date":"2020-03-03T22:17:35","date_gmt":"2020-03-04T04:17:35","guid":{"rendered":"http:\/\/pdadcv.artcom.mx\/portafolio-demo\/?page_id=7"},"modified":"2025-05-13T17:09:00","modified_gmt":"2025-05-13T17:09:00","slug":"mi-carrera","status":"publish","type":"page","link":"https:\/\/dcv.artcom.mx\/pda\/1210572\/mi-carrera\/","title":{"rendered":"Mi carrera"},"content":{"rendered":"<p>[et_pb_section fb_built=\u00bb1&#8243; admin_label=\u00bbHero Section\u00bb _builder_version=\u00bb4.24.2&#8243; background_color=\u00bb#0c0c0c\u00bb background_enable_image=\u00bboff\u00bb min_height=\u00bb707px\u00bb custom_margin=\u00bb||-1px|||\u00bb custom_padding=\u00bb80px|0px|54px|0px||\u00bb animation_direction=\u00bbtop\u00bb locked=\u00bboff\u00bb global_colors_info=\u00bb{}\u00bb][et_pb_row column_structure=\u00bb1_2,1_2&#8243; _builder_version=\u00bb4.24.2&#8243; _module_preset=\u00bbdefault\u00bb custom_padding=\u00bb21px|||||\u00bb animation_style=\u00bbfade\u00bb animation_duration=\u00bb1700ms\u00bb global_colors_info=\u00bb{}\u00bb][et_pb_column type=\u00bb1_2&#8243; _builder_version=\u00bb4.20.4&#8243; _module_preset=\u00bbdefault\u00bb global_colors_info=\u00bb{}\u00bb][et_pb_image src=\u00bbhttp:\/\/dcv.artcom.mx\/pda\/1210572\/wp-content\/uploads\/sites\/39\/2023\/04\/yoenbyn2.jpg\u00bb title_text=\u00bbyoenbyn2&#8243; _builder_version=\u00bb4.24.2&#8243; _module_preset=\u00bbdefault\u00bb width=\u00bb83%\u00bb module_alignment=\u00bbcenter\u00bb custom_margin=\u00bb-7px|172px||||\u00bb animation_style=\u00bbfold\u00bb animation_duration=\u00bb1300ms\u00bb hover_enabled=\u00bb0&#8243; global_colors_info=\u00bb{}\u00bb animation_direction=\u00bbleft\u00bb sticky_enabled=\u00bb0&#8243;][\/et_pb_image][\/et_pb_column][et_pb_column type=\u00bb1_2&#8243; _builder_version=\u00bb4.20.4&#8243; _module_preset=\u00bbdefault\u00bb global_colors_info=\u00bb{}\u00bb][et_pb_text _builder_version=\u00bb4.24.2&#8243; _module_preset=\u00bbdefault\u00bb text_text_color=\u00bb#3b50d3&#8243; text_font_size=\u00bb38px\u00bb animation_style=\u00bbfade\u00bb animation_duration=\u00bb2300ms\u00bb global_colors_info=\u00bb{}\u00bb]<\/p>\n<p>Mi carrera<\/p>\n<p>[\/et_pb_text][et_pb_text _builder_version=\u00bb4.24.2&#8243; _module_preset=\u00bbdefault\u00bb text_font=\u00bb||||||||\u00bb text_text_color=\u00bb#DEDEE0&#8243; text_font_size=\u00bb15px\u00bb animation_style=\u00bbfade\u00bb animation_duration=\u00bb2300ms\u00bb global_colors_info=\u00bb{}\u00bb]<\/p>\n<p>Desde temprana edad, me sent\u00ed atra\u00edda por el mundo art\u00edstico, deseosa de explorar y dominar las herramientas que me permitieran expresarme en este \u00e1mbito tom\u00e9 la decisi\u00f3n de comenzar la carrera de Dise\u00f1o Gr\u00e1fico.<\/p>\n<p>En el a\u00f1o 2020, comenc\u00e9 mis estudios \u00a0en la Universidad Metropolitana de Monterrey como Dise\u00f1adora Gr\u00e1fica. Desde el primer d\u00eda, me sumerg\u00ed por completo en el mundo del dise\u00f1o, disfrutando cada clase y cada proyecto que nos asignaban. Sin embargo, tras casi un a\u00f1o en la UMM, tom\u00e9 la decisi\u00f3n de trasladarme a la Universidad de Montemorelos para continuar con mi formaci\u00f3n acad\u00e9mica.\u00a0Mi experiencia en la UM ha sido enriquecedora y gratificante. A trav\u00e9s de esta carrera, he desarrollado habilidades que van m\u00e1s all\u00e1 del \u00e1mbito creativo.<\/p>\n<p>El dise\u00f1o gr\u00e1fico me ha permitido explorar mi creatividad de manera profunda, desafi\u00e1ndome constantemente a encontrar soluciones innovadoras y efectivas.<\/p>\n<p>&nbsp;<\/p>\n<p>[\/et_pb_text][\/et_pb_column][\/et_pb_row][\/et_pb_section][et_pb_section fb_built=\u00bb1&#8243; _builder_version=\u00bb4.24.2&#8243; _module_preset=\u00bbdefault\u00bb background_color=\u00bb#3b50d3&#8243; custom_padding=\u00bb||44px|||\u00bb hover_enabled=\u00bb0&#8243; global_colors_info=\u00bb{}\u00bb animation_style=\u00bbflip\u00bb animation_duration=\u00bb1300ms\u00bb sticky_enabled=\u00bb0&#8243;][et_pb_row column_structure=\u00bb2_3,1_3&#8243; _builder_version=\u00bb4.24.2&#8243; _module_preset=\u00bbdefault\u00bb animation_style=\u00bbfade\u00bb animation_duration=\u00bb2500ms\u00bb global_colors_info=\u00bb{}\u00bb][et_pb_column type=\u00bb2_3&#8243; _builder_version=\u00bb4.24.2&#8243; _module_preset=\u00bbdefault\u00bb global_colors_info=\u00bb{}\u00bb][et_pb_text _builder_version=\u00bb4.24.2&#8243; _module_preset=\u00bbdefault\u00bb text_text_color=\u00bb#FFFFFF\u00bb text_font_size=\u00bb15px\u00bb custom_padding=\u00bb|53px||||\u00bb global_colors_info=\u00bb{}\u00bb]<\/p>\n<p>A pesar de mi pasi\u00f3n por el dise\u00f1o gr\u00e1fico, durante mucho tiempo he debatido internamente con la idea de estudiar algo relacionado con la naturaleza. La entomolog\u00eda y la biolog\u00eda siempre han estado entre mis opciones m\u00e1s contempladas. Sin embargo, gracias a mi formaci\u00f3n en dise\u00f1o y lo que he aprendido en mi carrera, he llegado a comprender que puedo fusionar mis intereses y habilidades para involucrarme en \u00e1reas que me apasionan.<\/p>\n<p>Me entusiasma la idea de explorar la intersecci\u00f3n entre el dise\u00f1o y la naturaleza, y c\u00f3mo puedo contribuir al mundo a trav\u00e9s de esta fusi\u00f3n. Creo firmemente que mi formaci\u00f3n en Dise\u00f1o Gr\u00e1fico me proporciona una base s\u00f3lida para abordar temas relacionados con mis intereses de una manera innovadora y creativa. Estoy ansiosa por seguir aprendiendo y creciendo en esta \u00e1rea que me apasiona, aprovechando al m\u00e1ximo mis habilidades y conocimientos para hacer una diferencia significativa en el mundo que me rodea.<\/p>\n<p>&nbsp;<\/p>\n<p>[\/et_pb_text][\/et_pb_column][et_pb_column type=\u00bb1_3&#8243; _builder_version=\u00bb4.24.2&#8243; _module_preset=\u00bbdefault\u00bb global_colors_info=\u00bb{}\u00bb][et_pb_image src=\u00bbhttp:\/\/dcv.artcom.mx\/pda\/1210572\/wp-content\/uploads\/sites\/39\/2024\/03\/mariposa.jpg\u00bb title_text=\u00bbmariposa\u00bb _builder_version=\u00bb4.24.2&#8243; _module_preset=\u00bbdefault\u00bb global_colors_info=\u00bb{}\u00bb][\/et_pb_image][et_pb_button button_url=\u00bbhttps:\/\/www.instagram.com\/cuentacuentos.m?igsh=MXd1M2pnZng3dGN3aQ%3D%3D&amp;utm_source=qr\u00bb url_new_window=\u00bbon\u00bb button_text=\u00bbVer m\u00e1s\u00bb _builder_version=\u00bb4.24.2&#8243; _module_preset=\u00bbdefault\u00bb custom_button=\u00bbon\u00bb button_text_color=\u00bb#FFFFFF\u00bb button_border_color=\u00bb#FFFFFF\u00bb global_colors_info=\u00bb{}\u00bb][\/et_pb_button][\/et_pb_column][\/et_pb_row][\/et_pb_section]<\/p>\n","protected":false},"excerpt":{"rendered":"<p>Mi carreraDesde temprana edad, me sent\u00ed atra\u00edda por el mundo art\u00edstico, deseosa de explorar y dominar las herramientas que me permitieran expresarme en este \u00e1mbito tom\u00e9 la decisi\u00f3n de comenzar la carrera de Dise\u00f1o Gr\u00e1fico. En el a\u00f1o 2020, comenc\u00e9 mis estudios \u00a0en la Universidad Metropolitana de Monterrey como Dise\u00f1adora Gr\u00e1fica. Desde el primer d\u00eda, [&hellip;]<\/p>\n","protected":false},"author":41,"featured_media":0,"parent":0,"menu_order":3,"comment_status":"closed","ping_status":"closed","template":"","meta":{"_et_pb_use_builder":"on","_et_pb_old_content":"","_et_gb_content_width":"","inline_featured_image":false,"footnotes":""},"_links":{"self":[{"href":"https:\/\/dcv.artcom.mx\/pda\/1210572\/wp-json\/wp\/v2\/pages\/7"}],"collection":[{"href":"https:\/\/dcv.artcom.mx\/pda\/1210572\/wp-json\/wp\/v2\/pages"}],"about":[{"href":"https:\/\/dcv.artcom.mx\/pda\/1210572\/wp-json\/wp\/v2\/types\/page"}],"author":[{"embeddable":true,"href":"https:\/\/dcv.artcom.mx\/pda\/1210572\/wp-json\/wp\/v2\/users\/41"}],"replies":[{"embeddable":true,"href":"https:\/\/dcv.artcom.mx\/pda\/1210572\/wp-json\/wp\/v2\/comments?post=7"}],"version-history":[{"count":45,"href":"https:\/\/dcv.artcom.mx\/pda\/1210572\/wp-json\/wp\/v2\/pages\/7\/revisions"}],"predecessor-version":[{"id":3232,"href":"https:\/\/dcv.artcom.mx\/pda\/1210572\/wp-json\/wp\/v2\/pages\/7\/revisions\/3232"}],"wp:attachment":[{"href":"https:\/\/dcv.artcom.mx\/pda\/1210572\/wp-json\/wp\/v2\/media?parent=7"}],"curies":[{"name":"wp","href":"https:\/\/api.w.org\/{rel}","templated":true}]}}