{"id":58,"date":"2023-01-30T20:24:41","date_gmt":"2023-01-30T20:24:41","guid":{"rendered":"https:\/\/dcv.artcom.mx\/pda\/1210572\/?page_id=58"},"modified":"2025-05-04T21:11:33","modified_gmt":"2025-05-04T21:11:33","slug":"home","status":"publish","type":"page","link":"https:\/\/dcv.artcom.mx\/pda\/1210572\/","title":{"rendered":"Home"},"content":{"rendered":"<p>[et_pb_section fb_built=\u00bb1&#8243; _builder_version=\u00bb4.24.2&#8243; _module_preset=\u00bbdefault\u00bb background_color=\u00bb#ebebed\u00bb background_image=\u00bbhttp:\/\/dcv.artcom.mx\/pda\/1210572\/wp-content\/uploads\/sites\/39\/2024\/04\/Portafolio_fondoBIEN.jpg\u00bb min_height=\u00bb575.3px\u00bb custom_margin=\u00bb||1px|||\u00bb custom_padding=\u00bb95px|||||\u00bb global_colors_info=\u00bb{}\u00bb][et_pb_row _builder_version=\u00bb4.24.2&#8243; _module_preset=\u00bbdefault\u00bb module_alignment=\u00bbcenter\u00bb custom_margin=\u00bb59px|auto|63px|auto||\u00bb custom_padding=\u00bb72px|||||\u00bb global_colors_info=\u00bb{}\u00bb][et_pb_column type=\u00bb4_4&#8243; _builder_version=\u00bb4.24.2&#8243; _module_preset=\u00bbdefault\u00bb global_colors_info=\u00bb{}\u00bb][et_pb_text _builder_version=\u00bb4.24.2&#8243; _module_preset=\u00bbdefault\u00bb text_font=\u00bbOutfit|600|||||||\u00bb text_text_color=\u00bb#261f23&#8243; text_font_size=\u00bb60px\u00bb text_line_height=\u00bb0.9em\u00bb module_alignment=\u00bbcenter\u00bb custom_margin=\u00bb||19px|||\u00bb animation_style=\u00bbfade\u00bb global_colors_info=\u00bb{}\u00bb]<\/p>\n<p style=\"text-align: center\">Hola, soy mera<\/p>\n<p>[\/et_pb_text][et_pb_text _builder_version=\u00bb4.24.2&#8243; _module_preset=\u00bbdefault\u00bb text_font=\u00bbOutfit|300|||||||\u00bb text_text_color=\u00bb#261f23&#8243; text_font_size=\u00bb22px\u00bb text_line_height=\u00bb1em\u00bb header_text_align=\u00bbcenter\u00bb text_orientation=\u00bbcenter\u00bb width=\u00bb50%\u00bb module_alignment=\u00bbcenter\u00bb custom_margin=\u00bb22px|||||\u00bb custom_padding=\u00bb||0px|||\u00bb animation_style=\u00bbfade\u00bb animation_duration=\u00bb1500ms\u00bb global_colors_info=\u00bb{}\u00bb]<\/p>\n<p style=\"text-align: center\">Bienvenido a mi portafolio 2024<\/p>\n<p>[\/et_pb_text][\/et_pb_column][\/et_pb_row][\/et_pb_section][et_pb_section fb_built=\u00bb1&#8243; _builder_version=\u00bb4.24.2&#8243; _module_preset=\u00bbdefault\u00bb background_color=\u00bb#f4f2f2&#8243; background_enable_image=\u00bboff\u00bb background_position=\u00bbtop_center\u00bb background_vertical_offset=\u00bb50%\u00bb min_height=\u00bb135px\u00bb custom_padding=\u00bb||25px|||\u00bb global_colors_info=\u00bb{}\u00bb][et_pb_row column_structure=\u00bb1_3,1_3,1_3&#8243; _builder_version=\u00bb4.24.2&#8243; _module_preset=\u00bbdefault\u00bb global_colors_info=\u00bb{}\u00bb][et_pb_column type=\u00bb1_3&#8243; _builder_version=\u00bb4.24.2&#8243; _module_preset=\u00bbdefault\u00bb global_colors_info=\u00bb{}\u00bb][et_pb_text _builder_version=\u00bb4.24.2&#8243; _module_preset=\u00bbdefault\u00bb text_line_height=\u00bb1em\u00bb header_text_color=\u00bb#261f23&#8243; text_orientation=\u00bbcenter\u00bb module_alignment=\u00bbleft\u00bb animation_style=\u00bbfade\u00bb animation_duration=\u00bb2000ms\u00bb link_option_url_new_window=\u00bbon\u00bb global_colors_info=\u00bb{}\u00bb]<\/p>\n<p style=\"text-align: center\"><span style=\"color: #261f23\">Want to work together?<\/span><\/p>\n<p style=\"text-align: center\"><span style=\"color: #3b50d6\">@merart.contacto.abec@gmail.com<\/span><\/p>\n<p>&nbsp;<\/p>\n<p>[\/et_pb_text][\/et_pb_column][et_pb_column type=\u00bb1_3&#8243; _builder_version=\u00bb4.24.2&#8243; _module_preset=\u00bbdefault\u00bb global_colors_info=\u00bb{}\u00bb][et_pb_text _builder_version=\u00bb4.24.2&#8243; _module_preset=\u00bbdefault\u00bb text_line_height=\u00bb1em\u00bb header_text_color=\u00bb#261f23&#8243; text_orientation=\u00bbcenter\u00bb module_alignment=\u00bbleft\u00bb animation_style=\u00bbfade\u00bb animation_duration=\u00bb3000ms\u00bb link_option_url=\u00bbhttps:\/\/www.instagram.com\/merary.avilaa?igsh=dWN0N2F4eXZidjg3&#8243; link_option_url_new_window=\u00bbon\u00bb global_colors_info=\u00bb{}\u00bb]<\/p>\n<p style=\"text-align: center\"><span style=\"color: #261f23\">Follow me<\/span><\/p>\n<p style=\"text-align: center\"><span style=\"color: #3b50d6;font-size: 14px\">IG:@mera.ary<\/span><\/p>\n<p>&nbsp;<\/p>\n<p>[\/et_pb_text][\/et_pb_column][et_pb_column type=\u00bb1_3&#8243; _builder_version=\u00bb4.24.2&#8243; _module_preset=\u00bbdefault\u00bb global_colors_info=\u00bb{}\u00bb][et_pb_text _builder_version=\u00bb4.24.2&#8243; _module_preset=\u00bbdefault\u00bb text_line_height=\u00bb1em\u00bb header_text_color=\u00bb#261f23&#8243; text_orientation=\u00bbcenter\u00bb module_alignment=\u00bbleft\u00bb animation_style=\u00bbfade\u00bb animation_duration=\u00bb3500ms\u00bb link_option_url_new_window=\u00bbon\u00bb hover_enabled=\u00bb0&#8243; global_colors_info=\u00bb{}\u00bb sticky_enabled=\u00bb0&#8243;]<\/p>\n<p style=\"text-align: center\"><span style=\"color: #261f23\">Want to work together?<\/span><\/p>\n<p style=\"text-align: center\"><span style=\"color: #3b50d6\">+(52) 81 30 59 22 58<\/span><\/p>\n<p>&nbsp;<\/p>\n<p>[\/et_pb_text][\/et_pb_column][\/et_pb_row][\/et_pb_section][et_pb_section fb_built=\u00bb1&#8243; _builder_version=\u00bb4.24.2&#8243; _module_preset=\u00bbdefault\u00bb background_color=\u00bb#3b50df\u00bb background_enable_image=\u00bboff\u00bb min_height=\u00bb261px\u00bb custom_padding=\u00bb35px||2px|||\u00bb global_colors_info=\u00bb{}\u00bb][et_pb_row column_structure=\u00bb1_2,1_2&#8243; _builder_version=\u00bb4.24.2&#8243; _module_preset=\u00bbdefault\u00bb custom_margin=\u00bb-2px|auto|-5px|auto||\u00bb custom_padding=\u00bb16px||0px|||\u00bb global_colors_info=\u00bb{}\u00bb][et_pb_column type=\u00bb1_2&#8243; _builder_version=\u00bb4.24.2&#8243; _module_preset=\u00bbdefault\u00bb global_colors_info=\u00bb{}\u00bb][et_pb_image src=\u00bbhttp:\/\/dcv.artcom.mx\/pda\/1210572\/wp-content\/uploads\/sites\/39\/2024\/03\/yo-home.png\u00bb title_text=\u00bbyo-home\u00bb _builder_version=\u00bb4.24.2&#8243; _module_preset=\u00bbdefault\u00bb width=\u00bb59%\u00bb module_alignment=\u00bbcenter\u00bb global_colors_info=\u00bb{}\u00bb][\/et_pb_image][\/et_pb_column][et_pb_column type=\u00bb1_2&#8243; _builder_version=\u00bb4.24.2&#8243; _module_preset=\u00bbdefault\u00bb global_colors_info=\u00bb{}\u00bb][et_pb_text _builder_version=\u00bb4.24.2&#8243; _module_preset=\u00bbdefault\u00bb text_font=\u00bbOutfit||||||||\u00bb text_text_color=\u00bb#e8e8ea\u00bb text_font_size=\u00bb16px\u00bb custom_margin=\u00bb28px||17px|||\u00bb custom_padding=\u00bb|28px||||\u00bb animation_style=\u00bbfade\u00bb animation_duration=\u00bb2000ms\u00bb global_colors_info=\u00bb{}\u00bb]<\/p>\n<p><span>Haz llegado al portafolio de una dise\u00f1adora gr\u00e1fica en proceso, apasionada y creativa. <\/span><\/p>\n<p><span>Mi nombre es Merary Lizeth Avila Becerra, tengo 22 a\u00f1os y soy de Monterrey, Nuevo Le\u00f3n. Actualmente estudio la carrera de Dise\u00f1o de Comunicaci\u00f3n Visual. Me gusta mucho aprender cosas nuevas; considero que soy una persona autodidacta y con una gran imaginaci\u00f3n. A lo largo de mi portafolio te contar\u00e9 un poco m\u00e1s sobre m\u00ed y lo que hago.<\/span><\/p>\n<p>[\/et_pb_text][et_pb_button button_url=\u00bbhttps:\/\/dcv.artcom.mx\/pda\/1210572\/acerca-de-mi\/\u00bb button_text=\u00bbVer m\u00e1s\u00bb _builder_version=\u00bb4.24.2&#8243; _module_preset=\u00bbdefault\u00bb custom_button=\u00bbon\u00bb button_text_color=\u00bb#e8e8ea\u00bb button_border_color=\u00bb#e8e8ea\u00bb custom_margin=\u00bb||52px|||\u00bb animation_style=\u00bbfade\u00bb animation_duration=\u00bb2000ms\u00bb global_colors_info=\u00bb{}\u00bb][\/et_pb_button][\/et_pb_column][\/et_pb_row][\/et_pb_section][et_pb_section fb_built=\u00bb1&#8243; fullwidth=\u00bbon\u00bb _builder_version=\u00bb4.24.2&#8243; _module_preset=\u00bbdefault\u00bb background_color=\u00bb#3b50d6&#8243; background_enable_image=\u00bboff\u00bb global_colors_info=\u00bb{}\u00bb][et_pb_fullwidth_slider arrows_custom_color=\u00bb#3b50d3&#8243; dot_nav_custom_color=\u00bb#3b50d3&#8243; _builder_version=\u00bb4.24.2&#8243; _module_preset=\u00bbdefault\u00bb custom_button=\u00bbon\u00bb button_text_color=\u00bb#FFFFFF\u00bb button_bg_color=\u00bbRGBA(255,255,255,0)\u00bb button_border_color=\u00bb#FFFFFF\u00bb button_border_radius=\u00bb24px\u00bb button_on_hover=\u00bboff\u00bb width=\u00bb100%\u00bb height=\u00bb525px\u00bb custom_padding=\u00bb192px|82px||||\u00bb link_option_url=\u00bbhttps:\/\/dcv.artcom.mx\/pda\/1210572\/primer-semestre-2\/\u00bb global_colors_info=\u00bb{}\u00bb][et_pb_slide _builder_version=\u00bb4.24.2&#8243; _module_preset=\u00bbdefault\u00bb background_enable_color=\u00bboff\u00bb background_image=\u00bbhttp:\/\/dcv.artcom.mx\/pda\/1210572\/wp-content\/uploads\/sites\/39\/2024\/03\/agenda-banner2.jpg\u00bb background_enable_image=\u00bbon\u00bb global_colors_info=\u00bb{}\u00bb sticky_transition=\u00bbon\u00bb][\/et_pb_slide][et_pb_slide _builder_version=\u00bb4.24.2&#8243; _module_preset=\u00bbdefault\u00bb background_image=\u00bbhttp:\/\/dcv.artcom.mx\/pda\/1210572\/wp-content\/uploads\/sites\/39\/2024\/03\/rana-mockup-home2.jpg\u00bb background_enable_image=\u00bbon\u00bb global_colors_info=\u00bb{}\u00bb sticky_transition=\u00bbon\u00bb][\/et_pb_slide][et_pb_slide arrows_custom_color=\u00bb#3b50d3&#8243; dot_nav_custom_color=\u00bb#3b50d3&#8243; _builder_version=\u00bb4.24.2&#8243; _module_preset=\u00bbdefault\u00bb header_font_size=\u00bb40px\u00bb background_image=\u00bbhttp:\/\/dcv.artcom.mx\/pda\/1210572\/wp-content\/uploads\/sites\/39\/2024\/03\/godete-fondo-home22.jpg\u00bb background_enable_image=\u00bbon\u00bb background_layout=\u00bblight\u00bb global_colors_info=\u00bb{}\u00bb sticky_transition=\u00bbon\u00bb][\/et_pb_slide][et_pb_slide _builder_version=\u00bb4.24.2&#8243; _module_preset=\u00bbdefault\u00bb header_text_align=\u00bbcenter\u00bb header_font_size=\u00bb40px\u00bb background_enable_color=\u00bboff\u00bb background_image=\u00bbhttp:\/\/dcv.artcom.mx\/pda\/1210572\/wp-content\/uploads\/sites\/39\/2024\/03\/Portafolio_comicc.jpg\u00bb background_enable_image=\u00bbon\u00bb text_orientation=\u00bbcenter\u00bb header_text_shadow_style=\u00bbpreset1&#8243; header_text_shadow_vertical_length=\u00bb0.07em\u00bb header_text_shadow_blur_strength=\u00bb0.07em\u00bb global_colors_info=\u00bb{}\u00bb sticky_transition=\u00bbon\u00bb][\/et_pb_slide][\/et_pb_fullwidth_slider][\/et_pb_section]<\/p>\n","protected":false},"excerpt":{"rendered":"<p>Hola, soy meraBienvenido a mi portafolio 2024Want to work together? @merart.contacto.abec@gmail.com &nbsp;Follow me IG:@mera.ary &nbsp;Want to work together? +(52) 81 30 59 22 58 &nbsp;Haz llegado al portafolio de una dise\u00f1adora gr\u00e1fica en proceso, apasionada y creativa. Mi nombre es Merary Lizeth Avila Becerra, tengo 22 a\u00f1os y soy de Monterrey, Nuevo Le\u00f3n. Actualmente estudio [&hellip;]<\/p>\n","protected":false},"author":41,"featured_media":0,"parent":0,"menu_order":0,"comment_status":"closed","ping_status":"closed","template":"","meta":{"_et_pb_use_builder":"on","_et_pb_old_content":"<!-- wp:divi\/placeholder \/-->","_et_gb_content_width":"","inline_featured_image":false,"footnotes":""},"_links":{"self":[{"href":"https:\/\/dcv.artcom.mx\/pda\/1210572\/wp-json\/wp\/v2\/pages\/58"}],"collection":[{"href":"https:\/\/dcv.artcom.mx\/pda\/1210572\/wp-json\/wp\/v2\/pages"}],"about":[{"href":"https:\/\/dcv.artcom.mx\/pda\/1210572\/wp-json\/wp\/v2\/types\/page"}],"author":[{"embeddable":true,"href":"https:\/\/dcv.artcom.mx\/pda\/1210572\/wp-json\/wp\/v2\/users\/41"}],"replies":[{"embeddable":true,"href":"https:\/\/dcv.artcom.mx\/pda\/1210572\/wp-json\/wp\/v2\/comments?post=58"}],"version-history":[{"count":215,"href":"https:\/\/dcv.artcom.mx\/pda\/1210572\/wp-json\/wp\/v2\/pages\/58\/revisions"}],"predecessor-version":[{"id":2674,"href":"https:\/\/dcv.artcom.mx\/pda\/1210572\/wp-json\/wp\/v2\/pages\/58\/revisions\/2674"}],"wp:attachment":[{"href":"https:\/\/dcv.artcom.mx\/pda\/1210572\/wp-json\/wp\/v2\/media?parent=58"}],"curies":[{"name":"wp","href":"https:\/\/api.w.org\/{rel}","templated":true}]}}