{"id":346,"date":"2023-03-13T14:37:56","date_gmt":"2023-03-13T14:37:56","guid":{"rendered":"https:\/\/dcv.artcom.mx\/pda\/1210572\/?page_id=346"},"modified":"2025-05-13T07:26:39","modified_gmt":"2025-05-13T07:26:39","slug":"quinto-semestre","status":"publish","type":"page","link":"https:\/\/dcv.artcom.mx\/pda\/1210572\/quinto-semestre\/","title":{"rendered":"Tercer Semestre"},"content":{"rendered":"<p>[et_pb_section fb_built=\u00bb1&#8243; _builder_version=\u00bb4.24.2&#8243; _module_preset=\u00bbdefault\u00bb background_color=\u00bb#3b50d3&#8243; background_image=\u00bbhttp:\/\/dcv.artcom.mx\/pda\/1210572\/wp-content\/uploads\/sites\/39\/2025\/05\/fondo3-scaled.jpg\u00bb hover_enabled=\u00bb0&#8243; locked=\u00bboff\u00bb global_colors_info=\u00bb{}\u00bb animation_style=\u00bbfold\u00bb animation_duration=\u00bb1300ms\u00bb sticky_enabled=\u00bb0&#8243;][et_pb_row _builder_version=\u00bb4.24.2&#8243; _module_preset=\u00bbdefault\u00bb global_colors_info=\u00bb{}\u00bb][et_pb_column type=\u00bb4_4&#8243; _builder_version=\u00bb4.24.2&#8243; _module_preset=\u00bbdefault\u00bb global_colors_info=\u00bb{}\u00bb][et_pb_text _builder_version=\u00bb4.24.2&#8243; _module_preset=\u00bbdefault\u00bb text_text_color=\u00bb#ffffff\u00bb text_font_size=\u00bb60px\u00bb text_line_height=\u00bb1.9em\u00bb text_text_shadow_style=\u00bbpreset5&#8243; text_text_shadow_horizontal_length=\u00bb0.07em\u00bb text_text_shadow_vertical_length=\u00bb0.01em\u00bb global_colors_info=\u00bb{}\u00bb]<\/p>\n<p>Tercer Semestre<\/p>\n<p>[\/et_pb_text][\/et_pb_column][\/et_pb_row][\/et_pb_section][et_pb_section fb_built=\u00bb1&#8243; _builder_version=\u00bb4.24.2&#8243; _module_preset=\u00bbdefault\u00bb background_color=\u00bb#f4f2f2&#8243; background_enable_image=\u00bboff\u00bb min_height=\u00bb454px\u00bb custom_margin=\u00bb||-3px|||\u00bb global_colors_info=\u00bb{}\u00bb][et_pb_row column_structure=\u00bb1_2,1_2&#8243; _builder_version=\u00bb4.24.2&#8243; _module_preset=\u00bbdefault\u00bb animation_style=\u00bbfade\u00bb animation_duration=\u00bb2500ms\u00bb global_colors_info=\u00bb{}\u00bb][et_pb_column type=\u00bb1_2&#8243; _builder_version=\u00bb4.16&#8243; _module_preset=\u00bbdefault\u00bb global_colors_info=\u00bb{}\u00bb][et_pb_image src=\u00bbhttp:\/\/dcv.artcom.mx\/pda\/1210572\/wp-content\/uploads\/sites\/39\/2024\/04\/comic-1.jpg\u00bb title_text=\u00bbc\u00f3mic\u00bb _builder_version=\u00bb4.24.2&#8243; _module_preset=\u00bbdefault\u00bb animation_style=\u00bbfade\u00bb global_colors_info=\u00bb{}\u00bb][\/et_pb_image][et_pb_text _builder_version=\u00bb4.24.2&#8243; _module_preset=\u00bbdefault\u00bb text_font=\u00bb|600|||||||\u00bb text_text_color=\u00bb#3b50d3&#8243; text_font_size=\u00bb23px\u00bb custom_margin=\u00bb||5px|||\u00bb global_colors_info=\u00bb{}\u00bb]<\/p>\n<p>Acab y el vi\u00f1edo de Nabot<\/p>\n<p>[\/et_pb_text][et_pb_text _builder_version=\u00bb4.24.2&#8243; _module_preset=\u00bbdefault\u00bb text_text_color=\u00bb#261f23&#8243; text_font_size=\u00bb15px\u00bb custom_margin=\u00bb||10px|||\u00bb custom_padding=\u00bb||1px|||\u00bb global_colors_info=\u00bb{}\u00bb]<\/p>\n<p>Ilustraci\u00f3n \u00a0 | \u00a0Acuarela en papel Gilbert<\/p>\n<p>[\/et_pb_text][et_pb_text _builder_version=\u00bb4.24.2&#8243; _module_preset=\u00bbdefault\u00bb text_text_color=\u00bb#3b50d3&#8243; text_font_size=\u00bb18px\u00bb custom_margin=\u00bb||3px|||\u00bb custom_padding=\u00bb2px||1px|||\u00bb global_colors_info=\u00bb{}\u00bb]<\/p>\n<p>Descripci\u00f3n del proyecto<\/p>\n<p>[\/et_pb_text][et_pb_text _builder_version=\u00bb4.24.2&#8243; _module_preset=\u00bbdefault\u00bb text_text_color=\u00bb#261f23&#8243; text_font_size=\u00bb15px\u00bb custom_margin=\u00bb||27px|||\u00bb custom_padding=\u00bb|11px||||\u00bb global_colors_info=\u00bb{}\u00bb]<\/p>\n<p>\u00bfAlguna vez escuchaste sobre el rey Acab y la vi\u00f1a de Nabot?\u00a0Un relato que resuena como una poderosa lecci\u00f3n donde la avaricia y el capricho desatan una cadena de eventos desafortunados marcada por la traici\u00f3n y el abuso de poder.<\/p>\n<p>[\/et_pb_text][et_pb_gallery gallery_ids=\u00bb2066,1987,1988&#8243; fullwidth=\u00bbon\u00bb _builder_version=\u00bb4.24.2&#8243; _module_preset=\u00bbdefault\u00bb animation_style=\u00bbfade\u00bb animation_duration=\u00bb1500ms\u00bb auto=\u00bbon\u00bb global_colors_info=\u00bb{}\u00bb][\/et_pb_gallery][et_pb_gallery gallery_ids=\u00bb2281,2280,2301&#8243; posts_number=\u00bb3&#8243; show_title_and_caption=\u00bboff\u00bb show_pagination=\u00bboff\u00bb _builder_version=\u00bb4.24.2&#8243; _module_preset=\u00bbdefault\u00bb width=\u00bb12%\u00bb custom_margin=\u00bb||5px|||\u00bb global_colors_info=\u00bb{}\u00bb][\/et_pb_gallery][et_pb_text _builder_version=\u00bb4.24.2&#8243; _module_preset=\u00bbdefault\u00bb text_font=\u00bb|600|||||||\u00bb text_text_color=\u00bb#3b50d3&#8243; text_font_size=\u00bb23px\u00bb custom_margin=\u00bb||5px|||\u00bb global_colors_info=\u00bb{}\u00bb]<\/p>\n<p>Hola 2024<\/p>\n<p>[\/et_pb_text][et_pb_text _builder_version=\u00bb4.24.2&#8243; _module_preset=\u00bbdefault\u00bb text_text_color=\u00bb#261f23&#8243; text_font_size=\u00bb15px\u00bb custom_margin=\u00bb||10px|||\u00bb custom_padding=\u00bb||1px|||\u00bb global_colors_info=\u00bb{}\u00bb]<\/p>\n<p>Procesos de Impresi\u00f3n \u00a0 | \u00a0Agenda 2024<\/p>\n<p>[\/et_pb_text][et_pb_text _builder_version=\u00bb4.24.2&#8243; _module_preset=\u00bbdefault\u00bb text_text_color=\u00bb#3b50d3&#8243; text_font_size=\u00bb18px\u00bb custom_margin=\u00bb||3px|||\u00bb custom_padding=\u00bb2px||1px|||\u00bb global_colors_info=\u00bb{}\u00bb]<\/p>\n<p>Descripci\u00f3n del proyecto<\/p>\n<p>[\/et_pb_text][et_pb_text _builder_version=\u00bb4.24.2&#8243; _module_preset=\u00bbdefault\u00bb text_text_color=\u00bb#261f23&#8243; text_font_size=\u00bb15px\u00bb custom_margin=\u00bb||27px|||\u00bb custom_padding=\u00bb|11px||||\u00bb global_colors_info=\u00bb{}\u00bb]<\/p>\n<p><span>Dise\u00f1o de Agenda 2024 como un recurso completo y organizado para todo el a\u00f1o. Incluye secciones espec\u00edficas para hojas de notas, cotizaciones, bocetos y notas semanales, brind\u00e1ndote una herramienta vers\u00e1til para mantener tus actividades y pensamientos en orden.\u00a0<\/span><\/p>\n<p>[\/et_pb_text][et_pb_button button_url=\u00bbhttps:\/\/dcv.artcom.mx\/pda\/1210572\/agenda-2024\/\u00bb button_text=\u00bbVer m\u00e1s\u00bb _builder_version=\u00bb4.24.2&#8243; _module_preset=\u00bbdefault\u00bb global_colors_info=\u00bb{}\u00bb][\/et_pb_button][et_pb_gallery gallery_ids=\u00bb2036,2040&#8243; fullwidth=\u00bbon\u00bb _builder_version=\u00bb4.24.2&#8243; _module_preset=\u00bbdefault\u00bb animation_style=\u00bbfade\u00bb animation_duration=\u00bb1500ms\u00bb auto=\u00bbon\u00bb global_colors_info=\u00bb{}\u00bb][\/et_pb_gallery][et_pb_text _builder_version=\u00bb4.24.2&#8243; _module_preset=\u00bbdefault\u00bb text_font=\u00bb|600|||||||\u00bb text_text_color=\u00bb#3b50d3&#8243; text_font_size=\u00bb23px\u00bb custom_margin=\u00bb||5px|||\u00bb global_colors_info=\u00bb{}\u00bb]<\/p>\n<p><span>Agalychnis callidryas<\/span><\/p>\n<p>[\/et_pb_text][et_pb_text admin_label=\u00bbTexto\u00bb _builder_version=\u00bb4.24.2&#8243; _module_preset=\u00bbdefault\u00bb text_text_color=\u00bb#261f23&#8243; text_font_size=\u00bb15px\u00bb custom_margin=\u00bb||10px|||\u00bb custom_padding=\u00bb0px||1px|||\u00bb global_colors_info=\u00bb{}\u00bb]<\/p>\n<p>Ilustraci\u00f3n \u00a0 | \u00a0Ilustraci\u00f3n con l\u00e1pices de colores<\/p>\n<p>[\/et_pb_text][et_pb_text _builder_version=\u00bb4.24.2&#8243; _module_preset=\u00bbdefault\u00bb text_text_color=\u00bb#3b50d3&#8243; text_font_size=\u00bb18px\u00bb custom_margin=\u00bb||3px|||\u00bb custom_padding=\u00bb2px||1px|||\u00bb global_colors_info=\u00bb{}\u00bb]<\/p>\n<p>Descripci\u00f3n del proyecto<\/p>\n<p>[\/et_pb_text][et_pb_text _builder_version=\u00bb4.24.2&#8243; _module_preset=\u00bbdefault\u00bb text_text_color=\u00bb#261f23&#8243; text_font_size=\u00bb15px\u00bb custom_margin=\u00bb||27px|||\u00bb custom_padding=\u00bb|11px||||\u00bb global_colors_info=\u00bb{}\u00bb]<\/p>\n<p>Ilustraci\u00f3n realizada en papel ilustraci\u00f3n Gilbert con l\u00e1pices de colores, representando a la rana verde de ojos rojos. A pesar de su llamativa coloraci\u00f3n, estas ranas no son venenosas. Se encuentran principalmente en las tierras bajas tropicales del sur de M\u00e9xico, en Am\u00e9rica Central y en la regi\u00f3n norte de Sudam\u00e9rica.\u00a0<\/p>\n<p><span>Muchos cient\u00edficos afirman que esta especie de rana posee ojos de un rojo tan brillante para asustar a sus depredadores y lograr al menos que estos piensen, por un momento, en cambiar el men\u00fa planeado.<\/span><\/p>\n<p>Las ranas verdes de ojos rojos no est\u00e1n actualmente en peligro, sin embargo, la reducci\u00f3n de su h\u00e1bitat es alarmante. Su conocida imagen se utiliza com\u00fanmente para promover la protecci\u00f3n de las selvas tropicales<\/p>\n<p>[\/et_pb_text][et_pb_gallery gallery_ids=\u00bb2686,2687&#8243; fullwidth=\u00bbon\u00bb _builder_version=\u00bb4.24.2&#8243; _module_preset=\u00bbdefault\u00bb width=\u00bb82%\u00bb module_alignment=\u00bbcenter\u00bb min_height=\u00bb285.7px\u00bb animation_style=\u00bbfade\u00bb animation_duration=\u00bb1500ms\u00bb auto=\u00bbon\u00bb global_colors_info=\u00bb{}\u00bb][\/et_pb_gallery][et_pb_gallery gallery_ids=\u00bb2281,2280&#8243; posts_number=\u00bb2&#8243; show_title_and_caption=\u00bboff\u00bb show_pagination=\u00bboff\u00bb _builder_version=\u00bb4.24.2&#8243; _module_preset=\u00bbdefault\u00bb width=\u00bb12%\u00bb custom_margin=\u00bb||5px|||\u00bb global_colors_info=\u00bb{}\u00bb][\/et_pb_gallery][et_pb_text _builder_version=\u00bb4.24.2&#8243; _module_preset=\u00bbdefault\u00bb text_font=\u00bb|600|||||||\u00bb text_text_color=\u00bb#3b50d3&#8243; text_font_size=\u00bb23px\u00bb custom_margin=\u00bb||5px|||\u00bb global_colors_info=\u00bb{}\u00bb]<\/p>\n<p>Caja mariposa<\/p>\n<p>[\/et_pb_text][et_pb_text _builder_version=\u00bb4.24.2&#8243; _module_preset=\u00bbdefault\u00bb text_text_color=\u00bb#261f23&#8243; text_font_size=\u00bb15px\u00bb custom_margin=\u00bb||10px|||\u00bb custom_padding=\u00bb||1px|||\u00bb global_colors_info=\u00bb{}\u00bb]<\/p>\n<p>Packaging \u00a0 | \u00a0Dise\u00f1o de caja<\/p>\n<p>[\/et_pb_text][\/et_pb_column][et_pb_column type=\u00bb1_2&#8243; _builder_version=\u00bb4.16&#8243; _module_preset=\u00bbdefault\u00bb global_colors_info=\u00bb{}\u00bb][et_pb_image src=\u00bbhttp:\/\/dcv.artcom.mx\/pda\/1210572\/wp-content\/uploads\/sites\/39\/2025\/04\/ilustracion_LCM.png\u00bb title_text=\u00bbilustracion_LCM\u00bb _builder_version=\u00bb4.24.2&#8243; _module_preset=\u00bbdefault\u00bb animation_style=\u00bbfade\u00bb global_colors_info=\u00bb{}\u00bb][\/et_pb_image][et_pb_gallery gallery_ids=\u00bb2280&#8243; posts_number=\u00bb2&#8243; show_title_and_caption=\u00bboff\u00bb show_pagination=\u00bboff\u00bb _builder_version=\u00bb4.24.2&#8243; _module_preset=\u00bbdefault\u00bb width=\u00bb12%\u00bb custom_margin=\u00bb||5px|||\u00bb global_colors_info=\u00bb{}\u00bb][\/et_pb_gallery][et_pb_text _builder_version=\u00bb4.24.2&#8243; _module_preset=\u00bbdefault\u00bb text_font=\u00bb|600|||||||\u00bb text_text_color=\u00bb#3b50d3&#8243; text_font_size=\u00bb23px\u00bb custom_margin=\u00bb||5px|||\u00bb global_colors_info=\u00bb{}\u00bb]<\/p>\n<p>La Cuba M\u00eda<\/p>\n<p>[\/et_pb_text][et_pb_text _builder_version=\u00bb4.24.2&#8243; _module_preset=\u00bbdefault\u00bb text_text_color=\u00bb#261f23&#8243; text_font_size=\u00bb15px\u00bb custom_margin=\u00bb||10px|||\u00bb custom_padding=\u00bb||1px|||\u00bb global_colors_info=\u00bb{}\u00bb]<\/p>\n<p>Identidad Corporativa \u00a0 | \u00a0Dise\u00f1o de Manual de identidad\u00a0<\/p>\n<p>[\/et_pb_text][et_pb_text _builder_version=\u00bb4.24.2&#8243; _module_preset=\u00bbdefault\u00bb text_text_color=\u00bb#3b50d3&#8243; text_font_size=\u00bb18px\u00bb custom_margin=\u00bb||3px|||\u00bb custom_padding=\u00bb2px||1px|||\u00bb global_colors_info=\u00bb{}\u00bb]<\/p>\n<p>Descripci\u00f3n del proyecto<\/p>\n<p>[\/et_pb_text][et_pb_text _builder_version=\u00bb4.24.2&#8243; _module_preset=\u00bbdefault\u00bb text_text_color=\u00bb#261f23&#8243; text_font_size=\u00bb15px\u00bb custom_margin=\u00bb||27px|||\u00bb custom_padding=\u00bb|11px||||\u00bb global_colors_info=\u00bb{}\u00bb]<\/p>\n<p><span>Este proyecto consisti\u00f3 en el desarrollo completo del manual de identidad visual para la pizzer\u00eda \u00abLa Cuba M\u00eda\u00bb, un restaurante que busca compartir la cultura cubana a trav\u00e9s de la gastronom\u00eda en Montemorelos, Nuevo Le\u00f3n. El dise\u00f1o combina elementos urbanos y culturales para transmitir autenticidad y cercan\u00eda, reforzando una experiencia de marca coherente y emocionalmente conectada con su audiencia.<\/span><\/p>\n<p>[\/et_pb_text][et_pb_button button_url=\u00bbhttps:\/\/dcv.artcom.mx\/pda\/1210572\/la-cuba-mia\/\u00bb button_text=\u00bbVer m\u00e1s\u00bb _builder_version=\u00bb4.24.2&#8243; _module_preset=\u00bbdefault\u00bb custom_padding=\u00bb||3px|||\u00bb global_colors_info=\u00bb{}\u00bb][\/et_pb_button][et_pb_gallery gallery_ids=\u00bb1991,1965,1989&#8243; fullwidth=\u00bbon\u00bb _builder_version=\u00bb4.24.2&#8243; _module_preset=\u00bbdefault\u00bb animation_style=\u00bbfade\u00bb animation_duration=\u00bb3000ms\u00bb auto=\u00bbon\u00bb global_colors_info=\u00bb{}\u00bb][\/et_pb_gallery][et_pb_gallery gallery_ids=\u00bb2281,2280&#8243; posts_number=\u00bb2&#8243; show_title_and_caption=\u00bboff\u00bb show_pagination=\u00bboff\u00bb _builder_version=\u00bb4.24.2&#8243; _module_preset=\u00bbdefault\u00bb width=\u00bb12%\u00bb custom_margin=\u00bb||5px|||\u00bb global_colors_info=\u00bb{}\u00bb][\/et_pb_gallery][et_pb_text _builder_version=\u00bb4.24.2&#8243; _module_preset=\u00bbdefault\u00bb text_font=\u00bb|600|||||||\u00bb text_text_color=\u00bb#3b50d3&#8243; text_font_size=\u00bb23px\u00bb custom_margin=\u00bb||5px|||\u00bb global_colors_info=\u00bb{}\u00bb]<\/p>\n<p>Godete<\/p>\n<p>[\/et_pb_text][et_pb_text _builder_version=\u00bb4.24.2&#8243; _module_preset=\u00bbdefault\u00bb text_text_color=\u00bb#261f23&#8243; text_font_size=\u00bb15px\u00bb custom_margin=\u00bb||10px|||\u00bb custom_padding=\u00bb||1px|||\u00bb global_colors_info=\u00bb{}\u00bb]<\/p>\n<p>Packaging \u00a0 | \u00a0Dise\u00f1o de etiqueta y empaque<\/p>\n<p>[\/et_pb_text][et_pb_text _builder_version=\u00bb4.24.2&#8243; _module_preset=\u00bbdefault\u00bb text_text_color=\u00bb#3b50d3&#8243; text_font_size=\u00bb18px\u00bb custom_margin=\u00bb||3px|||\u00bb custom_padding=\u00bb2px||1px|||\u00bb global_colors_info=\u00bb{}\u00bb]<\/p>\n<p>Descripci\u00f3n del proyecto<\/p>\n<p>[\/et_pb_text][et_pb_text _builder_version=\u00bb4.24.2&#8243; _module_preset=\u00bbdefault\u00bb text_text_color=\u00bb#261f23&#8243; text_font_size=\u00bb15px\u00bb custom_margin=\u00bb||27px|||\u00bb custom_padding=\u00bb|11px||||\u00bb global_colors_info=\u00bb{}\u00bb]<\/p>\n<p>Dise\u00f1o y armado de un\u00a0<span>set de toppings en forma de godete conformado por sus<\/span>\u00a0etiquetas <span>vibrantes y atractivas que ofrecen una gu\u00eda clara para cada variedad de topping<\/span>\u00a0c<span>on un dise\u00f1o elegante y moderno, el empaque no solo protege los ingredientes frescos, sino que tambi\u00e9n a\u00f1ade un toque de estilo.<\/span><\/p>\n<p>[\/et_pb_text][et_pb_image src=\u00bbhttp:\/\/dcv.artcom.mx\/pda\/1210572\/wp-content\/uploads\/sites\/39\/2024\/04\/playera-msam.jpg\u00bb title_text=\u00bbplayera-msam\u00bb admin_label=\u00bbImagen\u00bb _builder_version=\u00bb4.24.2&#8243; _module_preset=\u00bbdefault\u00bb animation_style=\u00bbfade\u00bb animation_duration=\u00bb1500ms\u00bb global_colors_info=\u00bb{}\u00bb][\/et_pb_image][et_pb_gallery gallery_ids=\u00bb2280&#8243; posts_number=\u00bb2&#8243; show_title_and_caption=\u00bboff\u00bb show_pagination=\u00bboff\u00bb _builder_version=\u00bb4.24.2&#8243; _module_preset=\u00bbdefault\u00bb width=\u00bb12%\u00bb custom_margin=\u00bb||5px|||\u00bb global_colors_info=\u00bb{}\u00bb][\/et_pb_gallery][et_pb_text _builder_version=\u00bb4.24.2&#8243; _module_preset=\u00bbdefault\u00bb text_font=\u00bb|600|||||||\u00bb text_text_color=\u00bb#3b50d3&#8243; text_font_size=\u00bb23px\u00bb custom_margin=\u00bb||5px|||\u00bb global_colors_info=\u00bb{}\u00bb]<\/p>\n<p>Playera ILY\u00a0<\/p>\n<p>[\/et_pb_text][et_pb_text admin_label=\u00bbTexto\u00bb _builder_version=\u00bb4.24.2&#8243; _module_preset=\u00bbdefault\u00bb text_text_color=\u00bb#261f23&#8243; text_font_size=\u00bb15px\u00bb custom_margin=\u00bb||10px|||\u00bb custom_padding=\u00bb||1px|||\u00bb global_colors_info=\u00bb{}\u00bb]<\/p>\n<p>Procesos de Impresi\u00f3n \u00a0 | \u00a0T\u00e9cnica de serigraf\u00eda<\/p>\n<p>[\/et_pb_text][et_pb_text _builder_version=\u00bb4.24.2&#8243; _module_preset=\u00bbdefault\u00bb text_text_color=\u00bb#3b50d3&#8243; text_font_size=\u00bb18px\u00bb custom_margin=\u00bb||3px|||\u00bb custom_padding=\u00bb2px||1px|||\u00bb global_colors_info=\u00bb{}\u00bb]<\/p>\n<p>Descripci\u00f3n del proyecto<\/p>\n<p>[\/et_pb_text][et_pb_text _builder_version=\u00bb4.24.2&#8243; _module_preset=\u00bbdefault\u00bb text_text_color=\u00bb#261f23&#8243; text_font_size=\u00bb15px\u00bb custom_margin=\u00bb||27px|||\u00bb custom_padding=\u00bb|11px||||\u00bb global_colors_info=\u00bb{}\u00bb]<\/p>\n<p>Dise\u00f1o e impresi\u00f3n de playera para el Ministerios de Sordos Adventistas en Montemorelos.<\/p>\n<p>[\/et_pb_text][et_pb_button button_url=\u00bbhttps:\/\/dcv.artcom.mx\/pda\/1210572\/evidencias\/emprendimientos-personales\/\u00bb button_text=\u00bbVer m\u00e1s\u00bb _builder_version=\u00bb4.24.2&#8243; _module_preset=\u00bbdefault\u00bb custom_button=\u00bbon\u00bb button_border_color=\u00bb#3b50d3&#8243; global_colors_info=\u00bb{}\u00bb][\/et_pb_button][et_pb_gallery gallery_ids=\u00bb1970,1990&#8243; fullwidth=\u00bbon\u00bb _builder_version=\u00bb4.24.2&#8243; _module_preset=\u00bbdefault\u00bb width=\u00bb100%\u00bb module_alignment=\u00bbcenter\u00bb min_height=\u00bb285.7px\u00bb animation_style=\u00bbfade\u00bb animation_duration=\u00bb1500ms\u00bb auto=\u00bbon\u00bb global_colors_info=\u00bb{}\u00bb][\/et_pb_gallery][et_pb_gallery gallery_ids=\u00bb2280&#8243; posts_number=\u00bb2&#8243; show_title_and_caption=\u00bboff\u00bb show_pagination=\u00bboff\u00bb _builder_version=\u00bb4.24.2&#8243; _module_preset=\u00bbdefault\u00bb width=\u00bb12%\u00bb custom_margin=\u00bb||5px|||\u00bb global_colors_info=\u00bb{}\u00bb][\/et_pb_gallery][et_pb_text _builder_version=\u00bb4.24.2&#8243; _module_preset=\u00bbdefault\u00bb text_font=\u00bb|600|||||||\u00bb text_text_color=\u00bb#3b50d3&#8243; text_font_size=\u00bb23px\u00bb custom_margin=\u00bb||5px|||\u00bb global_colors_info=\u00bb{}\u00bb]<\/p>\n<p>Sabor Man\u00ed<\/p>\n<p>[\/et_pb_text][et_pb_text admin_label=\u00bbTexto\u00bb _builder_version=\u00bb4.24.2&#8243; _module_preset=\u00bbdefault\u00bb text_text_color=\u00bb#261f23&#8243; text_font_size=\u00bb15px\u00bb custom_margin=\u00bb||10px|||\u00bb custom_padding=\u00bb||1px|||\u00bb global_colors_info=\u00bb{}\u00bb]<\/p>\n<p>Packaging\u00a0 | \u00a0Dise\u00f1o de caja y bl\u00edster<\/p>\n<p>[\/et_pb_text][et_pb_text _builder_version=\u00bb4.24.2&#8243; _module_preset=\u00bbdefault\u00bb text_text_color=\u00bb#3b50d3&#8243; text_font_size=\u00bb18px\u00bb custom_margin=\u00bb||3px|||\u00bb custom_padding=\u00bb2px||1px|||\u00bb global_colors_info=\u00bb{}\u00bb]<\/p>\n<p>Descripci\u00f3n del proyecto<\/p>\n<p>[\/et_pb_text][et_pb_text _builder_version=\u00bb4.24.2&#8243; _module_preset=\u00bbdefault\u00bb text_text_color=\u00bb#261f23&#8243; text_font_size=\u00bb15px\u00bb custom_margin=\u00bb||27px|||\u00bb custom_padding=\u00bb|11px||||\u00bb global_colors_info=\u00bb{}\u00bb]<\/p>\n<p>Dise\u00f1o e impresi\u00f3n de caja y envase en bl\u00edster para dos mazapanes.<\/p>\n<p>[\/et_pb_text][et_pb_gallery gallery_ids=\u00bb2678,2681&#8243; fullwidth=\u00bbon\u00bb _builder_version=\u00bb4.24.2&#8243; _module_preset=\u00bbdefault\u00bb width=\u00bb71%\u00bb module_alignment=\u00bbcenter\u00bb animation_style=\u00bbfade\u00bb animation_duration=\u00bb1500ms\u00bb auto=\u00bbon\u00bb global_colors_info=\u00bb{}\u00bb][\/et_pb_gallery][et_pb_gallery gallery_ids=\u00bb2301,2281&#8243; posts_number=\u00bb2&#8243; show_title_and_caption=\u00bboff\u00bb show_pagination=\u00bboff\u00bb _builder_version=\u00bb4.24.2&#8243; _module_preset=\u00bbdefault\u00bb width=\u00bb12%\u00bb custom_margin=\u00bb||5px|||\u00bb global_colors_info=\u00bb{}\u00bb][\/et_pb_gallery][et_pb_text _builder_version=\u00bb4.24.2&#8243; _module_preset=\u00bbdefault\u00bb text_font=\u00bb|600|||||||\u00bb text_text_color=\u00bb#3b50d3&#8243; text_font_size=\u00bb23px\u00bb custom_margin=\u00bb||5px|||\u00bb global_colors_info=\u00bb{}\u00bb]<\/p>\n<p>La India<\/p>\n<p>[\/et_pb_text][et_pb_text admin_label=\u00bbTexto\u00bb _builder_version=\u00bb4.24.2&#8243; _module_preset=\u00bbdefault\u00bb text_text_color=\u00bb#261f23&#8243; text_font_size=\u00bb15px\u00bb custom_margin=\u00bb||10px|||\u00bb custom_padding=\u00bb||1px|||\u00bb global_colors_info=\u00bb{}\u00bb]<\/p>\n<p>Procesos de Impresi\u00f3n \u00a0 | \u00a0Revista tur\u00edstica<\/p>\n<p>[\/et_pb_text][et_pb_text _builder_version=\u00bb4.24.2&#8243; _module_preset=\u00bbdefault\u00bb text_text_color=\u00bb#3b50d3&#8243; text_font_size=\u00bb18px\u00bb custom_margin=\u00bb||3px|||\u00bb custom_padding=\u00bb2px||1px|||\u00bb global_colors_info=\u00bb{}\u00bb]<\/p>\n<p>Descripci\u00f3n del proyecto<\/p>\n<p>[\/et_pb_text][et_pb_text _builder_version=\u00bb4.24.2&#8243; _module_preset=\u00bbdefault\u00bb text_text_color=\u00bb#261f23&#8243; text_font_size=\u00bb15px\u00bb custom_margin=\u00bb||27px|||\u00bb custom_padding=\u00bb|11px||||\u00bb global_colors_info=\u00bb{}\u00bb]<\/p>\n<p>Dise\u00f1o e impresi\u00f3n de una revista tur\u00edstica sobre el pa\u00eds de La India. Incluye, lugares turisticos de la zona, comidas t\u00edpicas, flora y fauna, etc.<\/p>\n<p>[\/et_pb_text][\/et_pb_column][\/et_pb_row][\/et_pb_section][et_pb_section fb_built=\u00bb1&#8243; _builder_version=\u00bb4.24.2&#8243; _module_preset=\u00bbdefault\u00bb background_color=\u00bb#f4f2f2&#8243; global_colors_info=\u00bb{}\u00bb][et_pb_row column_structure=\u00bb1_2,1_2&#8243; _builder_version=\u00bb4.24.2&#8243; _module_preset=\u00bbdefault\u00bb global_colors_info=\u00bb{}\u00bb][et_pb_column type=\u00bb1_2&#8243; _builder_version=\u00bb4.24.2&#8243; _module_preset=\u00bbdefault\u00bb global_colors_info=\u00bb{}\u00bb][\/et_pb_column][et_pb_column type=\u00bb1_2&#8243; _builder_version=\u00bb4.24.2&#8243; _module_preset=\u00bbdefault\u00bb global_colors_info=\u00bb{}\u00bb][et_pb_button button_url=\u00bbhttps:\/\/dcv.artcom.mx\/pda\/1210572\/primer-semestre\/\u00bb button_text=\u00bbCuarto semestre\u00bb _builder_version=\u00bb4.24.2&#8243; _module_preset=\u00bbdefault\u00bb custom_button=\u00bbon\u00bb button_border_color=\u00bbRGBA(255,255,255,0)\u00bb global_colors_info=\u00bb{}\u00bb][\/et_pb_button][\/et_pb_column][\/et_pb_row][\/et_pb_section]<\/p>\n","protected":false},"excerpt":{"rendered":"<p>Tercer SemestreAcab y el vi\u00f1edo de NabotIlustraci\u00f3n \u00a0 | \u00a0Acuarela en papel GilbertDescripci\u00f3n del proyecto\u00bfAlguna vez escuchaste sobre el rey Acab y la vi\u00f1a de Nabot?\u00a0Un relato que resuena como una poderosa lecci\u00f3n donde la avaricia y el capricho desatan una cadena de eventos desafortunados marcada por la traici\u00f3n y el abuso de poder.Hola 2024Procesos [&hellip;]<\/p>\n","protected":false},"author":41,"featured_media":0,"parent":0,"menu_order":0,"comment_status":"closed","ping_status":"closed","template":"","meta":{"_et_pb_use_builder":"on","_et_pb_old_content":"<!-- wp:divi\/placeholder \/-->","_et_gb_content_width":"","inline_featured_image":false,"footnotes":""},"_links":{"self":[{"href":"https:\/\/dcv.artcom.mx\/pda\/1210572\/wp-json\/wp\/v2\/pages\/346"}],"collection":[{"href":"https:\/\/dcv.artcom.mx\/pda\/1210572\/wp-json\/wp\/v2\/pages"}],"about":[{"href":"https:\/\/dcv.artcom.mx\/pda\/1210572\/wp-json\/wp\/v2\/types\/page"}],"author":[{"embeddable":true,"href":"https:\/\/dcv.artcom.mx\/pda\/1210572\/wp-json\/wp\/v2\/users\/41"}],"replies":[{"embeddable":true,"href":"https:\/\/dcv.artcom.mx\/pda\/1210572\/wp-json\/wp\/v2\/comments?post=346"}],"version-history":[{"count":104,"href":"https:\/\/dcv.artcom.mx\/pda\/1210572\/wp-json\/wp\/v2\/pages\/346\/revisions"}],"predecessor-version":[{"id":3111,"href":"https:\/\/dcv.artcom.mx\/pda\/1210572\/wp-json\/wp\/v2\/pages\/346\/revisions\/3111"}],"wp:attachment":[{"href":"https:\/\/dcv.artcom.mx\/pda\/1210572\/wp-json\/wp\/v2\/media?parent=346"}],"curies":[{"name":"wp","href":"https:\/\/api.w.org\/{rel}","templated":true}]}}