{"id":2446,"date":"2024-04-26T16:34:44","date_gmt":"2024-04-26T16:34:44","guid":{"rendered":"https:\/\/dcv.artcom.mx\/pda\/1210572\/?page_id=2446"},"modified":"2025-05-13T18:47:02","modified_gmt":"2025-05-13T18:47:02","slug":"coro-varonil","status":"publish","type":"page","link":"https:\/\/dcv.artcom.mx\/pda\/1210572\/coro-varonil\/","title":{"rendered":"Coro Varonil"},"content":{"rendered":"<p>[et_pb_section fb_built=\u00bb1&#8243; _builder_version=\u00bb4.24.2&#8243; _module_preset=\u00bbdefault\u00bb custom_padding=\u00bb18px|||||\u00bb global_colors_info=\u00bb{}\u00bb][et_pb_row _builder_version=\u00bb4.24.2&#8243; _module_preset=\u00bbdefault\u00bb animation_style=\u00bbfade\u00bb animation_duration=\u00bb2500ms\u00bb global_colors_info=\u00bb{}\u00bb][et_pb_column type=\u00bb4_4&#8243; _builder_version=\u00bb4.24.2&#8243; _module_preset=\u00bbdefault\u00bb global_colors_info=\u00bb{}\u00bb][et_pb_image src=\u00bbhttp:\/\/dcv.artcom.mx\/pda\/1210572\/wp-content\/uploads\/sites\/39\/2024\/04\/CVU-logo.jpg\u00bb title_text=\u00bbCVU-logo\u00bb align=\u00bbcenter\u00bb _builder_version=\u00bb4.24.2&#8243; _module_preset=\u00bbdefault\u00bb width=\u00bb55%\u00bb global_colors_info=\u00bb{}\u00bb][\/et_pb_image][\/et_pb_column][\/et_pb_row][\/et_pb_section][et_pb_section fb_built=\u00bb1&#8243; _builder_version=\u00bb4.24.2&#8243; _module_preset=\u00bbdefault\u00bb background_color=\u00bb#00205b\u00bb min_height=\u00bb236px\u00bb animation_style=\u00bbfold\u00bb animation_duration=\u00bb1350ms\u00bb global_colors_info=\u00bb{}\u00bb][et_pb_row column_structure=\u00bb1_2,1_2&#8243; _builder_version=\u00bb4.24.2&#8243; _module_preset=\u00bbdefault\u00bb animation_style=\u00bbfade\u00bb animation_duration=\u00bb2000ms\u00bb global_colors_info=\u00bb{}\u00bb][et_pb_column type=\u00bb1_2&#8243; _builder_version=\u00bb4.24.2&#8243; _module_preset=\u00bbdefault\u00bb global_colors_info=\u00bb{}\u00bb][et_pb_text _builder_version=\u00bb4.24.2&#8243; _module_preset=\u00bbdefault\u00bb text_text_color=\u00bb#FFFFFF\u00bb text_font_size=\u00bb32px\u00bb custom_margin=\u00bb||12px|||\u00bb global_colors_info=\u00bb{}\u00bb]<\/p>\n<p><span style=\"color: #ffffff\"><span>Descripci\u00f3n del Proyecto<\/span><\/span><\/p>\n<p>[\/et_pb_text][et_pb_gallery gallery_ids=\u00bb2280,2281&#8243; posts_number=\u00bb2&#8243; show_title_and_caption=\u00bboff\u00bb show_pagination=\u00bboff\u00bb _builder_version=\u00bb4.24.2&#8243; _module_preset=\u00bbdefault\u00bb width=\u00bb12%\u00bb custom_margin=\u00bb||5px|||\u00bb global_colors_info=\u00bb{}\u00bb][\/et_pb_gallery][et_pb_text _builder_version=\u00bb4.24.2&#8243; _module_preset=\u00bbdefault\u00bb text_font=\u00bb||||||||\u00bb text_text_color=\u00bb#FFFFFF\u00bb text_font_size=\u00bb16px\u00bb global_colors_info=\u00bb{}\u00bb]<\/p>\n<p><span>Dise\u00f1o del imagotipo y la sudadera oficial del Coro Varonil Universitario de la Universidad de Montemorelos, conformado por alrededor de 80 estudiantes. El logo integra la clave de sol y la clave de fa, representando la armon\u00eda musical del grupo, fusionadas con las llamas que emergen de la Biblia, s\u00edmbolo caracter\u00edstico de la identidad adventista.<\/span><\/p>\n<p>[\/et_pb_text][\/et_pb_column][et_pb_column type=\u00bb1_2&#8243; _builder_version=\u00bb4.24.2&#8243; _module_preset=\u00bbdefault\u00bb global_colors_info=\u00bb{}\u00bb][et_pb_image src=\u00bbhttp:\/\/dcv.artcom.mx\/pda\/1210572\/wp-content\/uploads\/sites\/39\/2024\/05\/cvu-portafolio.jpg\u00bb title_text=\u00bbcvu-portafolio\u00bb _builder_version=\u00bb4.24.2&#8243; _module_preset=\u00bbdefault\u00bb width=\u00bb42%\u00bb module_alignment=\u00bbcenter\u00bb global_colors_info=\u00bb{}\u00bb][\/et_pb_image][\/et_pb_column][\/et_pb_row][\/et_pb_section][et_pb_section fb_built=\u00bb1&#8243; _builder_version=\u00bb4.24.2&#8243; _module_preset=\u00bbdefault\u00bb global_colors_info=\u00bb{}\u00bb][et_pb_row column_structure=\u00bb1_2,1_2&#8243; _builder_version=\u00bb4.24.2&#8243; _module_preset=\u00bbdefault\u00bb animation_style=\u00bbslide\u00bb animation_duration=\u00bb1300ms\u00bb global_colors_info=\u00bb{}\u00bb][et_pb_column type=\u00bb1_2&#8243; _builder_version=\u00bb4.24.2&#8243; _module_preset=\u00bbdefault\u00bb global_colors_info=\u00bb{}\u00bb][et_pb_image src=\u00bbhttp:\/\/dcv.artcom.mx\/pda\/1210572\/wp-content\/uploads\/sites\/39\/2024\/04\/sudadera-cvu.jpg\u00bb title_text=\u00bbsudadera-cvu\u00bb _builder_version=\u00bb4.24.2&#8243; _module_preset=\u00bbdefault\u00bb global_colors_info=\u00bb{}\u00bb][\/et_pb_image][\/et_pb_column][et_pb_column type=\u00bb1_2&#8243; _builder_version=\u00bb4.24.2&#8243; _module_preset=\u00bbdefault\u00bb global_colors_info=\u00bb{}\u00bb][et_pb_image src=\u00bbhttp:\/\/dcv.artcom.mx\/pda\/1210572\/wp-content\/uploads\/sites\/39\/2024\/04\/sudadera-cvu-atras.jpg\u00bb title_text=\u00bbsudadera-cvu-atras\u00bb _builder_version=\u00bb4.24.2&#8243; _module_preset=\u00bbdefault\u00bb global_colors_info=\u00bb{}\u00bb][\/et_pb_image][\/et_pb_column][\/et_pb_row][et_pb_row column_structure=\u00bb1_2,1_2&#8243; _builder_version=\u00bb4.24.2&#8243; _module_preset=\u00bbdefault\u00bb global_colors_info=\u00bb{}\u00bb][et_pb_column type=\u00bb1_2&#8243; _builder_version=\u00bb4.24.2&#8243; _module_preset=\u00bbdefault\u00bb global_colors_info=\u00bb{}\u00bb][\/et_pb_column][et_pb_column type=\u00bb1_2&#8243; _builder_version=\u00bb4.24.2&#8243; _module_preset=\u00bbdefault\u00bb global_colors_info=\u00bb{}\u00bb][et_pb_button button_url=\u00bbhttps:\/\/dcv.artcom.mx\/pda\/1210572\/kaab-naj-2\/\u00bb button_text=\u00bbSiguiente\u00bb _builder_version=\u00bb4.24.2&#8243; _module_preset=\u00bbdefault\u00bb custom_button=\u00bbon\u00bb button_border_color=\u00bbRGBA(255,255,255,0)\u00bb hover_enabled=\u00bb0&#8243; global_colors_info=\u00bb{}\u00bb sticky_enabled=\u00bb0&#8243;][\/et_pb_button][\/et_pb_column][\/et_pb_row][\/et_pb_section]<\/p>\n","protected":false},"excerpt":{"rendered":"<p>Descripci\u00f3n del ProyectoDise\u00f1o del imagotipo y la sudadera oficial del Coro Varonil Universitario de la Universidad de Montemorelos, conformado por alrededor de 80 estudiantes. El logo integra la clave de sol y la clave de fa, representando la armon\u00eda musical del grupo, fusionadas con las llamas que emergen de la Biblia, s\u00edmbolo caracter\u00edstico de la [&hellip;]<\/p>\n","protected":false},"author":41,"featured_media":0,"parent":0,"menu_order":0,"comment_status":"closed","ping_status":"closed","template":"","meta":{"_et_pb_use_builder":"on","_et_pb_old_content":"<!-- wp:divi\/placeholder \/-->","_et_gb_content_width":"","inline_featured_image":false,"footnotes":""},"_links":{"self":[{"href":"https:\/\/dcv.artcom.mx\/pda\/1210572\/wp-json\/wp\/v2\/pages\/2446"}],"collection":[{"href":"https:\/\/dcv.artcom.mx\/pda\/1210572\/wp-json\/wp\/v2\/pages"}],"about":[{"href":"https:\/\/dcv.artcom.mx\/pda\/1210572\/wp-json\/wp\/v2\/types\/page"}],"author":[{"embeddable":true,"href":"https:\/\/dcv.artcom.mx\/pda\/1210572\/wp-json\/wp\/v2\/users\/41"}],"replies":[{"embeddable":true,"href":"https:\/\/dcv.artcom.mx\/pda\/1210572\/wp-json\/wp\/v2\/comments?post=2446"}],"version-history":[{"count":15,"href":"https:\/\/dcv.artcom.mx\/pda\/1210572\/wp-json\/wp\/v2\/pages\/2446\/revisions"}],"predecessor-version":[{"id":3353,"href":"https:\/\/dcv.artcom.mx\/pda\/1210572\/wp-json\/wp\/v2\/pages\/2446\/revisions\/3353"}],"wp:attachment":[{"href":"https:\/\/dcv.artcom.mx\/pda\/1210572\/wp-json\/wp\/v2\/media?parent=2446"}],"curies":[{"name":"wp","href":"https:\/\/api.w.org\/{rel}","templated":true}]}}