{"id":159,"date":"2020-03-03T22:18:20","date_gmt":"2020-03-04T04:18:20","guid":{"rendered":"http:\/\/pdadcv.artcom.mx\/portafolio-demo\/?page_id=9"},"modified":"2025-05-12T22:40:51","modified_gmt":"2025-05-12T22:40:51","slug":"mi-ple","status":"publish","type":"page","link":"https:\/\/dcv.artcom.mx\/pda\/1210572\/mi-ple\/","title":{"rendered":"Mi PLE"},"content":{"rendered":"<p>[et_pb_section fb_built=\u00bb1&#8243; admin_label=\u00bbHero Section\u00bb _builder_version=\u00bb4.24.2&#8243; background_color=\u00bb#f4f2f2&#8243; background_color_gradient_direction=\u00bb131deg\u00bb background_enable_image=\u00bboff\u00bb min_height=\u00bb1219px\u00bb custom_margin=\u00bb||-1px|||\u00bb custom_padding=\u00bb67px|0px|110px|0px||\u00bb animation_direction=\u00bbtop\u00bb global_colors_info=\u00bb{}\u00bb][et_pb_row _builder_version=\u00bb4.24.2&#8243; _module_preset=\u00bbdefault\u00bb custom_margin=\u00bb-25px|auto||auto||\u00bb custom_padding=\u00bb4px||2px|||\u00bb global_colors_info=\u00bb{}\u00bb][et_pb_column type=\u00bb4_4&#8243; _builder_version=\u00bb4.24.2&#8243; _module_preset=\u00bbdefault\u00bb global_colors_info=\u00bb{}\u00bb][et_pb_text _builder_version=\u00bb4.24.2&#8243; _module_preset=\u00bbdefault\u00bb text_font=\u00bb|700|||||||\u00bb text_text_color=\u00bb#3b50d3&#8243; text_font_size=\u00bb35px\u00bb text_line_height=\u00bb1.3em\u00bb custom_margin=\u00bb36px||13px|||\u00bb global_colors_info=\u00bb{}\u00bb]<\/p>\n<p>Mi Entorno Personal de Aprendizaje<\/p>\n<p>[\/et_pb_text][et_pb_text _builder_version=\u00bb4.24.2&#8243; _module_preset=\u00bbdefault\u00bb text_text_color=\u00bb#261f23&#8243; text_font_size=\u00bb16px\u00bb custom_margin=\u00bb7px||31px|||\u00bb global_colors_info=\u00bb{}\u00bb]<\/p>\n<p>Te comparto una galer\u00eda donde est\u00e1n algunos de los perfiles que sigo en Instagram que han sido de inspiraci\u00f3n para mi a lo largo de mi carrera como Dise\u00f1adora, si te interesa conocer m\u00e1s sobre alguno puedes darle clic en la parte inferior y te llevar\u00e1 directamente a la cuenta de Instagram. Tambi\u00e9n te dejo algunas de las plataformas donde obtengo recursos de dise\u00f1o que suelo usar como inspiraci\u00f3n o para descargar fotograf\u00edas de alta calidad, vectores e iconos, te dejo el enlace de cada p\u00e1gina..<\/p>\n<p>[\/et_pb_text][\/et_pb_column][\/et_pb_row][et_pb_row column_structure=\u00bb1_2,1_2&#8243; _builder_version=\u00bb4.24.2&#8243; _module_preset=\u00bbdefault\u00bb min_height=\u00bb739px\u00bb custom_margin=\u00bb-33px|auto||auto||\u00bb custom_padding=\u00bb45px|||||\u00bb animation_style=\u00bbfade\u00bb global_colors_info=\u00bb{}\u00bb][et_pb_column type=\u00bb1_2&#8243; _builder_version=\u00bb4.24.2&#8243; _module_preset=\u00bbdefault\u00bb global_colors_info=\u00bb{}\u00bb][et_pb_gallery gallery_ids=\u00bb1829,1827,1828&#8243; fullwidth=\u00bbon\u00bb _builder_version=\u00bb4.24.2&#8243; _module_preset=\u00bbdefault\u00bb pagination_text_color=\u00bbRGBA(255,255,255,0)\u00bb animation_style=\u00bbfold\u00bb animation_direction=\u00bbleft\u00bb animation_duration=\u00bb1300ms\u00bb auto=\u00bbon\u00bb link_option_url=\u00bbhttps:\/\/www.instagram.com\/tipografiaxg?igsh=b3F4NjV2b2J2aHBh\u00bb link_option_url_new_window=\u00bbon\u00bb hover_enabled=\u00bb0&#8243; global_colors_info=\u00bb{}\u00bb sticky_enabled=\u00bb0&#8243;][\/et_pb_gallery][et_pb_text _builder_version=\u00bb4.24.2&#8243; _module_preset=\u00bbdefault\u00bb text_text_color=\u00bbrgba(38,31,35,0.34)\u00bb text_font_size=\u00bb19px\u00bb custom_margin=\u00bb-17px|||||\u00bb link_option_url=\u00bbhttps:\/\/www.instagram.com\/tipografiaxg?igsh=b3F4NjV2b2J2aHBh\u00bb link_option_url_new_window=\u00bbon\u00bb global_colors_info=\u00bb{}\u00bb]<\/p>\n<p>C\u00e1tedra de Tipograf\u00eda \u00a0| \u00a0@tipografiaxg<\/p>\n<p>[\/et_pb_text][et_pb_gallery gallery_ids=\u00bb1784,1782,1783&#8243; fullwidth=\u00bbon\u00bb _builder_version=\u00bb4.24.2&#8243; _module_preset=\u00bbdefault\u00bb animation_style=\u00bbfold\u00bb animation_direction=\u00bbleft\u00bb animation_duration=\u00bb1300ms\u00bb auto=\u00bbon\u00bb link_option_url=\u00bbhttps:\/\/www.instagram.com\/ianruiz94?igsh=MXc3bHR4cnkxaGtmbQ==\u00bb link_option_url_new_window=\u00bbon\u00bb hover_enabled=\u00bb0&#8243; global_colors_info=\u00bb{}\u00bb sticky_enabled=\u00bb0&#8243;][\/et_pb_gallery][et_pb_text _builder_version=\u00bb4.24.2&#8243; _module_preset=\u00bbdefault\u00bb text_text_color=\u00bbrgba(38,31,35,0.34)\u00bb text_font_size=\u00bb19px\u00bb custom_margin=\u00bb-17px|||||\u00bb link_option_url=\u00bbhttps:\/\/www.instagram.com\/ianruiz94?igsh=MXc3bHR4cnkxaGtmbQ==\u00bb link_option_url_new_window=\u00bbon\u00bb global_colors_info=\u00bb{}\u00bb]<\/p>\n<p>Ilustrador Freelancer \u00a0| \u00a0@ianruiz94<\/p>\n<p>[\/et_pb_text][\/et_pb_column][et_pb_column type=\u00bb1_2&#8243; _builder_version=\u00bb4.24.2&#8243; _module_preset=\u00bbdefault\u00bb global_colors_info=\u00bb{}\u00bb][et_pb_gallery gallery_ids=\u00bb1795,1794,1797&#8243; fullwidth=\u00bbon\u00bb _builder_version=\u00bb4.24.2&#8243; _module_preset=\u00bbdefault\u00bb animation_style=\u00bbfold\u00bb animation_direction=\u00bbright\u00bb animation_duration=\u00bb1300ms\u00bb auto=\u00bbon\u00bb link_option_url=\u00bbhttps:\/\/www.instagram.com\/elcreativo.la?igsh=a3J6dm95cGNwajZv\u00bb link_option_url_new_window=\u00bbon\u00bb hover_enabled=\u00bb0&#8243; global_colors_info=\u00bb{}\u00bb sticky_enabled=\u00bb0&#8243;][\/et_pb_gallery][et_pb_text _builder_version=\u00bb4.24.2&#8243; _module_preset=\u00bbdefault\u00bb text_text_color=\u00bbrgba(38,31,35,0.34)\u00bb text_font_size=\u00bb19px\u00bb custom_margin=\u00bb-17px|||||\u00bb link_option_url=\u00bbhttps:\/\/www.instagram.com\/elcreativo.la?igsh=a3J6dm95cGNwajZv\u00bb link_option_url_new_window=\u00bbon\u00bb global_colors_info=\u00bb{}\u00bb]<\/p>\n<p>Artista floral y Dise\u00f1ador | \u00a0@elcreativo.la @dolceandjuabana<\/p>\n<p>[\/et_pb_text][\/et_pb_column][\/et_pb_row][et_pb_row column_structure=\u00bb1_2,1_2&#8243; _builder_version=\u00bb4.24.2&#8243; _module_preset=\u00bbdefault\u00bb custom_margin=\u00bb6px|auto||auto||\u00bb custom_padding=\u00bb2px|||||\u00bb animation_style=\u00bbfade\u00bb global_colors_info=\u00bb{}\u00bb][et_pb_column type=\u00bb1_2&#8243; _builder_version=\u00bb4.24.2&#8243; _module_preset=\u00bbdefault\u00bb global_colors_info=\u00bb{}\u00bb][et_pb_gallery gallery_ids=\u00bb1792,1793,1791&#8243; fullwidth=\u00bbon\u00bb _builder_version=\u00bb4.24.2&#8243; _module_preset=\u00bbdefault\u00bb animation_style=\u00bbfold\u00bb animation_direction=\u00bbleft\u00bb animation_duration=\u00bb1300ms\u00bb auto=\u00bbon\u00bb link_option_url=\u00bbhttps:\/\/www.instagram.com\/avant.arte?igsh=bGt3MHY0Y3pkZnpx\u00bb link_option_url_new_window=\u00bbon\u00bb hover_enabled=\u00bb0&#8243; global_colors_info=\u00bb{}\u00bb sticky_enabled=\u00bb0&#8243;][\/et_pb_gallery][et_pb_text _builder_version=\u00bb4.24.2&#8243; _module_preset=\u00bbdefault\u00bb text_text_color=\u00bbrgba(38,31,35,0.34)\u00bb text_font_size=\u00bb19px\u00bb custom_margin=\u00bb-17px|||||\u00bb link_option_url=\u00bbhttps:\/\/www.instagram.com\/avant.arte?igsh=bGt3MHY0Y3pkZnpx\u00bb link_option_url_new_window=\u00bbon\u00bb global_colors_info=\u00bb{}\u00bb]<\/p>\n<p>Colecci\u00f3n de piezas art\u00edsticas \u00a0| \u00a0@avant.arte<\/p>\n<p>[\/et_pb_text][\/et_pb_column][et_pb_column type=\u00bb1_2&#8243; _builder_version=\u00bb4.24.2&#8243; _module_preset=\u00bbdefault\u00bb global_colors_info=\u00bb{}\u00bb][et_pb_gallery gallery_ids=\u00bb1803,1801,1802&#8243; fullwidth=\u00bbon\u00bb _builder_version=\u00bb4.24.2&#8243; _module_preset=\u00bbdefault\u00bb animation_style=\u00bbfold\u00bb animation_direction=\u00bbright\u00bb animation_duration=\u00bb1300ms\u00bb auto=\u00bbon\u00bb link_option_url=\u00bbhttps:\/\/www.instagram.com\/nature.inspiring?igsh=bWdlc2YxdXI1dnR6&#8243; link_option_url_new_window=\u00bbon\u00bb hover_enabled=\u00bb0&#8243; global_colors_info=\u00bb{}\u00bb sticky_enabled=\u00bb0&#8243;][\/et_pb_gallery][et_pb_text _builder_version=\u00bb4.24.2&#8243; _module_preset=\u00bbdefault\u00bb text_text_color=\u00bbrgba(38,31,35,0.34)\u00bb text_font_size=\u00bb19px\u00bb custom_margin=\u00bb-17px|||||\u00bb link_option_url=\u00bbhttps:\/\/www.instagram.com\/nature.inspiring?igsh=bWdlc2YxdXI1dnR6&#8243; link_option_url_new_window=\u00bbon\u00bb global_colors_info=\u00bb{}\u00bb]<\/p>\n<p>Fotograf\u00eda macro \u00a0| \u00a0@nature.inspiring<\/p>\n<p>[\/et_pb_text][et_pb_gallery gallery_ids=\u00bb1790,1788,1789&#8243; fullwidth=\u00bbon\u00bb _builder_version=\u00bb4.24.2&#8243; _module_preset=\u00bbdefault\u00bb animation_style=\u00bbfold\u00bb animation_direction=\u00bbright\u00bb animation_duration=\u00bb1300ms\u00bb auto=\u00bbon\u00bb link_option_url=\u00bbhttps:\/\/www.instagram.com\/recetapositiva?igsh=MWs0NmJnMzAzYm51ZA==\u00bb link_option_url_new_window=\u00bbon\u00bb hover_enabled=\u00bb0&#8243; global_colors_info=\u00bb{}\u00bb sticky_enabled=\u00bb0&#8243;][\/et_pb_gallery][et_pb_text _builder_version=\u00bb4.24.2&#8243; _module_preset=\u00bbdefault\u00bb text_text_color=\u00bbrgba(38,31,35,0.34)\u00bb text_font_size=\u00bb19px\u00bb custom_margin=\u00bb-17px|||||\u00bb link_option_url=\u00bbhttps:\/\/www.instagram.com\/recetapositiva?igsh=MWs0NmJnMzAzYm51ZA==\u00bb link_option_url_new_window=\u00bbon\u00bb global_colors_info=\u00bb{}\u00bb]<\/p>\n<p>Contenido positivo \u00a0| \u00a0@recetapositiva<\/p>\n<p>[\/et_pb_text][\/et_pb_column][\/et_pb_row][et_pb_row column_structure=\u00bb1_2,1_2&#8243; _builder_version=\u00bb4.24.2&#8243; _module_preset=\u00bbdefault\u00bb custom_margin=\u00bb6px|auto||auto||\u00bb custom_padding=\u00bb2px|||||\u00bb animation_style=\u00bbfade\u00bb global_colors_info=\u00bb{}\u00bb][et_pb_column type=\u00bb1_2&#8243; _builder_version=\u00bb4.24.2&#8243; _module_preset=\u00bbdefault\u00bb global_colors_info=\u00bb{}\u00bb][et_pb_gallery gallery_ids=\u00bb1824,1825,1826&#8243; fullwidth=\u00bbon\u00bb _builder_version=\u00bb4.24.2&#8243; _module_preset=\u00bbdefault\u00bb animation_style=\u00bbfold\u00bb animation_direction=\u00bbleft\u00bb animation_duration=\u00bb1300ms\u00bb auto=\u00bbon\u00bb link_option_url=\u00bbhttps:\/\/www.instagram.com\/designaholic.mx?igsh=MTBheGVkcDVrOXFzYw==\u00bb link_option_url_new_window=\u00bbon\u00bb hover_enabled=\u00bb0&#8243; global_colors_info=\u00bb{}\u00bb sticky_enabled=\u00bb0&#8243;][\/et_pb_gallery][et_pb_text _builder_version=\u00bb4.24.2&#8243; _module_preset=\u00bbdefault\u00bb text_text_color=\u00bbrgba(38,31,35,0.34)\u00bb text_font_size=\u00bb19px\u00bb custom_margin=\u00bb-17px|||||\u00bb link_option_url=\u00bbhttps:\/\/www.instagram.com\/designaholic.mx?igsh=MTBheGVkcDVrOXFzYw==\u00bb link_option_url_new_window=\u00bbon\u00bb global_colors_info=\u00bb{}\u00bb]<\/p>\n<p>Podcast sobre la cultura del Dise\u00f1o \u00a0| \u00a0@designaholic<\/p>\n<p>[\/et_pb_text][et_pb_gallery gallery_ids=\u00bb1785,1786,1787&#8243; fullwidth=\u00bbon\u00bb _builder_version=\u00bb4.24.2&#8243; _module_preset=\u00bbdefault\u00bb animation_style=\u00bbfold\u00bb animation_direction=\u00bbleft\u00bb animation_duration=\u00bb1300ms\u00bb auto=\u00bbon\u00bb link_option_url=\u00bbhttps:\/\/www.instagram.com\/phoebe.illustration?igsh=d3F2NDBkcjN6cmVv\u00bb link_option_url_new_window=\u00bbon\u00bb hover_enabled=\u00bb0&#8243; global_colors_info=\u00bb{}\u00bb sticky_enabled=\u00bb0&#8243;][\/et_pb_gallery][et_pb_text _builder_version=\u00bb4.24.2&#8243; _module_preset=\u00bbdefault\u00bb text_text_color=\u00bbrgba(38,31,35,0.34)\u00bb text_font_size=\u00bb19px\u00bb custom_margin=\u00bb-17px|||||\u00bb link_option_url=\u00bbhttps:\/\/www.instagram.com\/phoebe.illustration?igsh=d3F2NDBkcjN6cmVv\u00bb link_option_url_new_window=\u00bbon\u00bb global_colors_info=\u00bb{}\u00bb]<\/p>\n<p>Ilustradora \u00a0| \u00a0@phoebe.illustration<\/p>\n<p>[\/et_pb_text][\/et_pb_column][et_pb_column type=\u00bb1_2&#8243; _builder_version=\u00bb4.24.2&#8243; _module_preset=\u00bbdefault\u00bb global_colors_info=\u00bb{}\u00bb][et_pb_gallery gallery_ids=\u00bb1798,1819,1799&#8243; fullwidth=\u00bbon\u00bb _builder_version=\u00bb4.24.2&#8243; _module_preset=\u00bbdefault\u00bb animation_style=\u00bbfold\u00bb animation_direction=\u00bbright\u00bb animation_duration=\u00bb1300ms\u00bb auto=\u00bbon\u00bb link_option_url=\u00bbhttps:\/\/www.instagram.com\/nina.nayko?igsh=aHEwOTRlcjZsdDZh\u00bb link_option_url_new_window=\u00bbon\u00bb hover_enabled=\u00bb0&#8243; global_colors_info=\u00bb{}\u00bb sticky_enabled=\u00bb0&#8243;][\/et_pb_gallery][et_pb_text _builder_version=\u00bb4.24.2&#8243; _module_preset=\u00bbdefault\u00bb text_text_color=\u00bbrgba(38,31,35,0.34)\u00bb text_font_size=\u00bb19px\u00bb custom_margin=\u00bb-17px|||||\u00bb link_option_url=\u00bbhttps:\/\/www.instagram.com\/nina.nayko?igsh=aHEwOTRlcjZsdDZh\u00bb link_option_url_new_window=\u00bbon\u00bb global_colors_info=\u00bb{}\u00bb]<\/p>\n<p>Fotograf\u00eda arquitect\u00f3nica \u00a0| \u00a0@nina.nayko<\/p>\n<p>[\/et_pb_text][\/et_pb_column][\/et_pb_row][\/et_pb_section][et_pb_section fb_built=\u00bb1&#8243; _builder_version=\u00bb4.24.2&#8243; _module_preset=\u00bbdefault\u00bb background_color=\u00bb#161616&#8243; global_colors_info=\u00bb{}\u00bb][et_pb_row column_structure=\u00bb1_6,1_6,1_6,1_6,1_6,1_6&#8243; _builder_version=\u00bb4.24.2&#8243; _module_preset=\u00bbdefault\u00bb animation_style=\u00bbflip\u00bb animation_duration=\u00bb1500ms\u00bb global_colors_info=\u00bb{}\u00bb][et_pb_column type=\u00bb1_6&#8243; _builder_version=\u00bb4.24.2&#8243; _module_preset=\u00bbdefault\u00bb global_colors_info=\u00bb{}\u00bb][et_pb_image src=\u00bbhttp:\/\/dcv.artcom.mx\/pda\/1210572\/wp-content\/uploads\/sites\/39\/2024\/03\/pinterest.jpg\u00bb title_text=\u00bbpinterest\u00bb url=\u00bbhttps:\/\/www.pinterest.es\/login\/\u00bb url_new_window=\u00bbon\u00bb _builder_version=\u00bb4.24.2&#8243; _module_preset=\u00bbdefault\u00bb global_colors_info=\u00bb{}\u00bb][\/et_pb_image][\/et_pb_column][et_pb_column type=\u00bb1_6&#8243; _builder_version=\u00bb4.24.2&#8243; _module_preset=\u00bbdefault\u00bb global_colors_info=\u00bb{}\u00bb][et_pb_image src=\u00bbhttp:\/\/dcv.artcom.mx\/pda\/1210572\/wp-content\/uploads\/sites\/39\/2024\/03\/behance.jpg\u00bb title_text=\u00bbbehance\u00bb url=\u00bbhttps:\/\/www.behance.net\u00bb url_new_window=\u00bbon\u00bb _builder_version=\u00bb4.24.2&#8243; _module_preset=\u00bbdefault\u00bb global_colors_info=\u00bb{}\u00bb][\/et_pb_image][\/et_pb_column][et_pb_column type=\u00bb1_6&#8243; _builder_version=\u00bb4.24.2&#8243; _module_preset=\u00bbdefault\u00bb global_colors_info=\u00bb{}\u00bb][et_pb_image src=\u00bbhttp:\/\/dcv.artcom.mx\/pda\/1210572\/wp-content\/uploads\/sites\/39\/2024\/03\/pexels-1.jpg\u00bb title_text=\u00bbpexels\u00bb url=\u00bbhttps:\/\/www.pexels.com\/es-es\/\u00bb url_new_window=\u00bbon\u00bb _builder_version=\u00bb4.24.2&#8243; _module_preset=\u00bbdefault\u00bb global_colors_info=\u00bb{}\u00bb][\/et_pb_image][\/et_pb_column][et_pb_column type=\u00bb1_6&#8243; _builder_version=\u00bb4.24.2&#8243; _module_preset=\u00bbdefault\u00bb global_colors_info=\u00bb{}\u00bb][et_pb_image src=\u00bbhttp:\/\/dcv.artcom.mx\/pda\/1210572\/wp-content\/uploads\/sites\/39\/2024\/03\/freepik.jpg\u00bb title_text=\u00bbfreepik\u00bb url=\u00bbhttps:\/\/www.freepik.es\u00bb url_new_window=\u00bbon\u00bb _builder_version=\u00bb4.24.2&#8243; _module_preset=\u00bbdefault\u00bb global_colors_info=\u00bb{}\u00bb][\/et_pb_image][\/et_pb_column][et_pb_column type=\u00bb1_6&#8243; _builder_version=\u00bb4.24.2&#8243; _module_preset=\u00bbdefault\u00bb global_colors_info=\u00bb{}\u00bb][et_pb_image src=\u00bbhttp:\/\/dcv.artcom.mx\/pda\/1210572\/wp-content\/uploads\/sites\/39\/2024\/03\/devianart.jpg\u00bb title_text=\u00bbdevianart\u00bb url=\u00bbhttps:\/\/www.deviantart.com\u00bb url_new_window=\u00bbon\u00bb _builder_version=\u00bb4.24.2&#8243; _module_preset=\u00bbdefault\u00bb global_colors_info=\u00bb{}\u00bb][\/et_pb_image][\/et_pb_column][et_pb_column type=\u00bb1_6&#8243; _builder_version=\u00bb4.24.2&#8243; _module_preset=\u00bbdefault\u00bb global_colors_info=\u00bb{}\u00bb][et_pb_image src=\u00bbhttp:\/\/dcv.artcom.mx\/pda\/1210572\/wp-content\/uploads\/sites\/39\/2024\/03\/tnp-1.jpg\u00bb title_text=\u00bbtnp\u00bb url=\u00bbhttps:\/\/thenounproject.com\u00bb url_new_window=\u00bbon\u00bb _builder_version=\u00bb4.24.2&#8243; _module_preset=\u00bbdefault\u00bb global_colors_info=\u00bb{}\u00bb][\/et_pb_image][\/et_pb_column][\/et_pb_row][\/et_pb_section]<\/p>\n","protected":false},"excerpt":{"rendered":"<p>Mi Entorno Personal de AprendizajeTe comparto una galer\u00eda donde est\u00e1n algunos de los perfiles que sigo en Instagram que han sido de inspiraci\u00f3n para mi a lo largo de mi carrera como Dise\u00f1adora, si te interesa conocer m\u00e1s sobre alguno puedes darle clic en la parte inferior y te llevar\u00e1 directamente a la cuenta de [&hellip;]<\/p>\n","protected":false},"author":41,"featured_media":0,"parent":0,"menu_order":4,"comment_status":"closed","ping_status":"closed","template":"","meta":{"_et_pb_use_builder":"on","_et_pb_old_content":"","_et_gb_content_width":"","inline_featured_image":false,"footnotes":""},"_links":{"self":[{"href":"https:\/\/dcv.artcom.mx\/pda\/1210572\/wp-json\/wp\/v2\/pages\/159"}],"collection":[{"href":"https:\/\/dcv.artcom.mx\/pda\/1210572\/wp-json\/wp\/v2\/pages"}],"about":[{"href":"https:\/\/dcv.artcom.mx\/pda\/1210572\/wp-json\/wp\/v2\/types\/page"}],"author":[{"embeddable":true,"href":"https:\/\/dcv.artcom.mx\/pda\/1210572\/wp-json\/wp\/v2\/users\/41"}],"replies":[{"embeddable":true,"href":"https:\/\/dcv.artcom.mx\/pda\/1210572\/wp-json\/wp\/v2\/comments?post=159"}],"version-history":[{"count":60,"href":"https:\/\/dcv.artcom.mx\/pda\/1210572\/wp-json\/wp\/v2\/pages\/159\/revisions"}],"predecessor-version":[{"id":2945,"href":"https:\/\/dcv.artcom.mx\/pda\/1210572\/wp-json\/wp\/v2\/pages\/159\/revisions\/2945"}],"wp:attachment":[{"href":"https:\/\/dcv.artcom.mx\/pda\/1210572\/wp-json\/wp\/v2\/media?parent=159"}],"curies":[{"name":"wp","href":"https:\/\/api.w.org\/{rel}","templated":true}]}}