{"id":15,"date":"2020-03-03T22:35:51","date_gmt":"2020-03-04T04:35:51","guid":{"rendered":"http:\/\/pdadcv.artcom.mx\/portafolio-demo\/?page_id=15"},"modified":"2024-04-29T17:48:20","modified_gmt":"2024-04-29T17:48:20","slug":"autoevaluaciones","status":"publish","type":"page","link":"https:\/\/dcv.artcom.mx\/pda\/1210164\/autoevaluaciones\/","title":{"rendered":"Autoevaluaciones"},"content":{"rendered":"<p>[et_pb_section fb_built=\u00bb1&#8243; admin_label=\u00bbHeader\u00bb _builder_version=\u00bb4.20.4&#8243; _module_preset=\u00bbdefault\u00bb background_color=\u00bb#cbe5ee\u00bb custom_margin=\u00bb||-860px|||\u00bb global_colors_info=\u00bb{}\u00bb custom_padding=\u00bb||265px|||\u00bb][et_pb_row column_structure=\u00bb1_6,1_6,1_6,1_6,1_6,1_6&#8243; use_custom_gutter=\u00bbon\u00bb _builder_version=\u00bb4.16&#8243; _module_preset=\u00bbdefault\u00bb border_color_all=\u00bbrgba(22,22,22,0.11)\u00bb border_width_top=\u00bb1px\u00bb border_width_bottom=\u00bb1px\u00bb global_colors_info=\u00bb{}\u00bb][et_pb_column type=\u00bb1_6&#8243; _builder_version=\u00bb4.16&#8243; _module_preset=\u00bbdefault\u00bb global_colors_info=\u00bb{}\u00bb][et_pb_blurb title=\u00bb85%\u00bb image=\u00bbhttp:\/\/dcv.artcom.mx\/pda\/1210164\/wp-content\/uploads\/sites\/36\/2023\/04\/Mesa-de-trabajo-3-11.png\u00bb _builder_version=\u00bb4.20.4&#8243; _module_preset=\u00bbdefault\u00bb header_font=\u00bb||||||||\u00bb header_text_align=\u00bbcenter\u00bb header_text_color=\u00bb#161616&#8243; header_line_height=\u00bb1.4em\u00bb min_height=\u00bb135px\u00bb animation=\u00bboff\u00bb header_font_size_tablet=\u00bb17px\u00bb header_font_size_phone=\u00bb16px\u00bb header_font_size_last_edited=\u00bbon|desktop\u00bb global_colors_info=\u00bb{}\u00bb]<\/p>\n<p style=\"text-align: center\">Acad\u00e9mico<\/p>\n<p>[\/et_pb_blurb][\/et_pb_column][et_pb_column type=\u00bb1_6&#8243; _builder_version=\u00bb4.16&#8243; _module_preset=\u00bbdefault\u00bb global_colors_info=\u00bb{}\u00bb][et_pb_blurb title=\u00bb90%\u00bb image=\u00bbhttp:\/\/dcv.artcom.mx\/pda\/1210164\/wp-content\/uploads\/sites\/36\/2023\/04\/Mesa-de-trabajo-3-12.png\u00bb _builder_version=\u00bb4.20.4&#8243; _module_preset=\u00bbdefault\u00bb header_font=\u00bbVidaloka||||||||\u00bb header_text_align=\u00bbcenter\u00bb header_text_color=\u00bb#161616&#8243; header_line_height=\u00bb1.4em\u00bb animation=\u00bboff\u00bb locked=\u00bboff\u00bb global_colors_info=\u00bb{}\u00bb]<\/p>\n<p style=\"text-align: center\">Social<\/p>\n<p>[\/et_pb_blurb][\/et_pb_column][et_pb_column type=\u00bb1_6&#8243; _builder_version=\u00bb4.16&#8243; _module_preset=\u00bbdefault\u00bb global_colors_info=\u00bb{}\u00bb][et_pb_blurb title=\u00bb90%\u00bb image=\u00bbhttp:\/\/dcv.artcom.mx\/pda\/1210164\/wp-content\/uploads\/sites\/36\/2023\/04\/Mesa-de-trabajo-3-13.png\u00bb _builder_version=\u00bb4.20.4&#8243; _module_preset=\u00bbdefault\u00bb header_font=\u00bbVidaloka||||||||\u00bb header_text_align=\u00bbcenter\u00bb header_text_color=\u00bb#161616&#8243; header_line_height=\u00bb1.4em\u00bb animation=\u00bboff\u00bb locked=\u00bboff\u00bb global_colors_info=\u00bb{}\u00bb]<\/p>\n<p style=\"text-align: center\">Conocimiento<\/p>\n<p>[\/et_pb_blurb][\/et_pb_column][et_pb_column type=\u00bb1_6&#8243; _builder_version=\u00bb4.16&#8243; _module_preset=\u00bbdefault\u00bb global_colors_info=\u00bb{}\u00bb][et_pb_blurb title=\u00bb80%\u00bb image=\u00bbhttp:\/\/dcv.artcom.mx\/pda\/1210164\/wp-content\/uploads\/sites\/36\/2023\/04\/Mesa-de-trabajo-3-14.png\u00bb _builder_version=\u00bb4.20.4&#8243; _module_preset=\u00bbdefault\u00bb header_font=\u00bbVidaloka||||||||\u00bb header_text_align=\u00bbcenter\u00bb header_text_color=\u00bb#161616&#8243; header_line_height=\u00bb1.4em\u00bb animation=\u00bboff\u00bb locked=\u00bboff\u00bb global_colors_info=\u00bb{}\u00bb]<\/p>\n<p style=\"text-align: center\">Organizaci\u00f3n<\/p>\n<p>[\/et_pb_blurb][\/et_pb_column][et_pb_column type=\u00bb1_6&#8243; _builder_version=\u00bb4.16&#8243; _module_preset=\u00bbdefault\u00bb global_colors_info=\u00bb{}\u00bb][et_pb_blurb title=\u00bb85%\u00bb image=\u00bbhttp:\/\/dcv.artcom.mx\/pda\/1210164\/wp-content\/uploads\/sites\/36\/2023\/04\/Mesa-de-trabajo-3-15.png\u00bb _builder_version=\u00bb4.20.4&#8243; _module_preset=\u00bbdefault\u00bb header_font=\u00bbVidaloka||||||||\u00bb header_text_align=\u00bbcenter\u00bb header_text_color=\u00bb#161616&#8243; header_line_height=\u00bb1.4em\u00bb animation=\u00bboff\u00bb locked=\u00bboff\u00bb global_colors_info=\u00bb{}\u00bb]<\/p>\n<p style=\"text-align: center\">Creatividad<\/p>\n<p>[\/et_pb_blurb][\/et_pb_column][et_pb_column type=\u00bb1_6&#8243; _builder_version=\u00bb4.16&#8243; _module_preset=\u00bbdefault\u00bb global_colors_info=\u00bb{}\u00bb][et_pb_blurb title=\u00bb95%\u00bb image=\u00bbhttp:\/\/dcv.artcom.mx\/pda\/1210164\/wp-content\/uploads\/sites\/36\/2023\/04\/Mesa-de-trabajo-3-16.png\u00bb _builder_version=\u00bb4.20.4&#8243; _module_preset=\u00bbdefault\u00bb header_font=\u00bbVidaloka||||||||\u00bb header_text_align=\u00bbcenter\u00bb header_text_color=\u00bb#161616&#8243; header_line_height=\u00bb1.4em\u00bb animation=\u00bboff\u00bb locked=\u00bboff\u00bb global_colors_info=\u00bb{}\u00bb]<\/p>\n<p style=\"text-align: center\">Espiritualidad<\/p>\n<p>[\/et_pb_blurb][\/et_pb_column][\/et_pb_row][et_pb_row column_structure=\u00bb1_3,1_3,1_3&#8243; _builder_version=\u00bb4.16&#8243; _module_preset=\u00bbdefault\u00bb background_enable_image=\u00bboff\u00bb custom_padding=\u00bb||0px||false|false\u00bb global_colors_info=\u00bb{}\u00bb][et_pb_column type=\u00bb1_3&#8243; _builder_version=\u00bb4.16&#8243; _module_preset=\u00bbdefault\u00bb z_index=\u00bb10&#8243; custom_padding=\u00bb100px||30px||false|false\u00bb custom_padding_tablet=\u00bb0px||30px||false|false\u00bb custom_padding_phone=\u00bb||20px||false|false\u00bb custom_padding_last_edited=\u00bbon|phone\u00bb global_colors_info=\u00bb{}\u00bb][et_pb_text _builder_version=\u00bb4.16&#8243; _module_preset=\u00bbe598b17a-9229-42f6-b238-019d6094332e\u00bb header_font=\u00bbVidaloka||||||||\u00bb header_text_color=\u00bb#161616&#8243; header_font_size=\u00bb60px\u00bb header_line_height=\u00bb1.15em\u00bb custom_margin=\u00bb|-60%|||false|false\u00bb custom_margin_tablet=\u00bb|0px|||false|false\u00bb custom_margin_phone=\u00bb\u00bb custom_margin_last_edited=\u00bbon|phone\u00bb header_font_size_tablet=\u00bb40px\u00bb header_font_size_phone=\u00bb24px\u00bb header_font_size_last_edited=\u00bbon|desktop\u00bb locked=\u00bboff\u00bb global_colors_info=\u00bb{}\u00bb]<\/p>\n<h1><span style=\"color: #ffffff\">Soy un 10\u00a0pero&#8230;.<\/span><\/h1>\n<p>[\/et_pb_text][et_pb_text _builder_version=\u00bb4.20.4&#8243; _module_preset=\u00bb7262e956-c376-4aa6-9642-c413f71527d0&#8243; text_line_height=\u00bb1.8em\u00bb text_font_size_tablet=\u00bb\u00bb text_font_size_phone=\u00bb13px\u00bb text_font_size_last_edited=\u00bbon|phone\u00bb header_font_size_tablet=\u00bb55px\u00bb header_font_size_last_edited=\u00bboff|desktop\u00bb locked=\u00bboff\u00bb global_colors_info=\u00bb{}\u00bb]<\/p>\n<p>Cada a\u00f1o y cada semestre son diferentes, donde tengo nuevas experiencias y nuevos conocimientos. Real mente este tercer a\u00f1o me sent\u00ed de manera diferente, este fue de la mano con cosas extracurriculares y cambio de trabajo.<\/p>\n<p>[\/et_pb_text][\/et_pb_column][et_pb_column type=\u00bb1_3&#8243; _builder_version=\u00bb4.16&#8243; _module_preset=\u00bbdefault\u00bb background_enable_image=\u00bboff\u00bb global_colors_info=\u00bb{}\u00bb][et_pb_image src=\u00bbhttp:\/\/dcv.artcom.mx\/pda\/1210164\/wp-content\/uploads\/sites\/36\/2023\/04\/Captura-de-pantalla-2023-04-26-a-las-4.47.25-a.m.png\u00bb title_text=\u00bbCaptura de pantalla 2023-04-26 a la(s) 4.47.25 a.m.\u00bb _builder_version=\u00bb4.20.4&#8243; _module_preset=\u00bbdefault\u00bb custom_margin=\u00bb|-50%|||false|false\u00bb custom_margin_tablet=\u00bb|0%|||false|false\u00bb custom_margin_phone=\u00bb\u00bb custom_margin_last_edited=\u00bbon|tablet\u00bb global_colors_info=\u00bb{}\u00bb][\/et_pb_image][\/et_pb_column][et_pb_column type=\u00bb1_3&#8243; _builder_version=\u00bb4.16&#8243; _module_preset=\u00bbdefault\u00bb global_colors_info=\u00bb{}\u00bb][\/et_pb_column][\/et_pb_row][\/et_pb_section]<\/p>\n","protected":false},"excerpt":{"rendered":"<p>Acad\u00e9micoSocialConocimientoOrganizaci\u00f3nCreatividadEspiritualidadSoy un 10\u00a0pero&#8230;.Cada a\u00f1o y cada semestre son diferentes, donde tengo nuevas experiencias y nuevos conocimientos. Real mente este tercer a\u00f1o me sent\u00ed de manera diferente, este fue de la mano con cosas extracurriculares y cambio de trabajo.<\/p>\n","protected":false},"author":39,"featured_media":0,"parent":0,"menu_order":6,"comment_status":"closed","ping_status":"closed","template":"","meta":{"_et_pb_use_builder":"on","_et_pb_old_content":"<!-- wp:divi\/placeholder \/-->","_et_gb_content_width":"","inline_featured_image":false,"footnotes":""},"_links":{"self":[{"href":"https:\/\/dcv.artcom.mx\/pda\/1210164\/wp-json\/wp\/v2\/pages\/15"}],"collection":[{"href":"https:\/\/dcv.artcom.mx\/pda\/1210164\/wp-json\/wp\/v2\/pages"}],"about":[{"href":"https:\/\/dcv.artcom.mx\/pda\/1210164\/wp-json\/wp\/v2\/types\/page"}],"author":[{"embeddable":true,"href":"https:\/\/dcv.artcom.mx\/pda\/1210164\/wp-json\/wp\/v2\/users\/39"}],"replies":[{"embeddable":true,"href":"https:\/\/dcv.artcom.mx\/pda\/1210164\/wp-json\/wp\/v2\/comments?post=15"}],"version-history":[{"count":18,"href":"https:\/\/dcv.artcom.mx\/pda\/1210164\/wp-json\/wp\/v2\/pages\/15\/revisions"}],"predecessor-version":[{"id":1252,"href":"https:\/\/dcv.artcom.mx\/pda\/1210164\/wp-json\/wp\/v2\/pages\/15\/revisions\/1252"}],"wp:attachment":[{"href":"https:\/\/dcv.artcom.mx\/pda\/1210164\/wp-json\/wp\/v2\/media?parent=15"}],"curies":[{"name":"wp","href":"https:\/\/api.w.org\/{rel}","templated":true}]}}