{"id":102,"date":"2020-03-03T19:20:18","date_gmt":"2020-03-04T01:20:18","guid":{"rendered":"http:\/\/pdadcv.artcom.mx\/portafolio-demo\/?page_id=102"},"modified":"2024-03-11T19:25:36","modified_gmt":"2024-03-11T19:25:36","slug":"home","status":"publish","type":"page","link":"https:\/\/dcv.artcom.mx\/pda\/1210116\/","title":{"rendered":"Home"},"content":{"rendered":"<p>[et_pb_section fb_built=\u00bb1&#8243; inner_shadow=\u00bbon\u00bb admin_label=\u00bbAbout\u00bb _builder_version=\u00bb4.20.4&#8243; background_enable_color=\u00bboff\u00bb background_image=\u00bbhttp:\/\/dcv.artcom.mx\/pda\/1210116\/wp-content\/uploads\/sites\/34\/2023\/02\/IMG_1335-1.png\u00bb width=\u00bb100%\u00bb min_height=\u00bb962.5px\u00bb custom_margin=\u00bb-1px||-129px|||\u00bb custom_padding=\u00bb0px||0px|||\u00bb bottom_divider_color=\u00bbRGBA(255,255,255,0)\u00bb bottom_divider_arrangement=\u00bbabove_content\u00bb animation_direction=\u00bbright\u00bb border_color_all=\u00bbRGBA(255,255,255,0)\u00bb collapsed=\u00bboff\u00bb global_colors_info=\u00bb{}\u00bb][\/et_pb_section][et_pb_section fb_built=\u00bb1&#8243; custom_padding_last_edited=\u00bbon|tablet\u00bb admin_label=\u00bbSection\u00bb _builder_version=\u00bb4.20.4&#8243; background_color=\u00bb#d5e3e9&#8243; background_color_gradient_start=\u00bb#8fabc1&#8243; background_color_gradient_end=\u00bb#ffffff\u00bb background_enable_image=\u00bboff\u00bb parallax=\u00bbon\u00bb background_blend=\u00bbmultiply\u00bb min_height=\u00bb766px\u00bb custom_margin=\u00bb130px||0px||false|false\u00bb custom_padding=\u00bb218px||0px||false|false\u00bb custom_padding_tablet=\u00bb48px||48px||true|false\u00bb custom_padding_phone=\u00bb\u00bb global_colors_info=\u00bb{}\u00bb][et_pb_row column_structure=\u00bb1_3,1_3,1_3&#8243; _builder_version=\u00bb4.20.4&#8243; z_index=\u00bb10&#8243; min_height=\u00bb758.3px\u00bb custom_margin=\u00bb-7px|auto||auto||\u00bb custom_padding=\u00bb0px||60px|||\u00bb global_colors_info=\u00bb{}\u00bb][et_pb_column type=\u00bb1_3&#8243; _builder_version=\u00bb4.16&#8243; background_color=\u00bb#ffffff\u00bb transform_scale_tablet=\u00bb\u00bb transform_scale_phone=\u00bb\u00bb transform_scale_last_edited=\u00bbon|tablet\u00bb transform_translate=\u00bb40%|75px\u00bb transform_translate_tablet=\u00bb0%|0px\u00bb transform_translate_phone=\u00bb\u00bb transform_translate_last_edited=\u00bbon|tablet\u00bb transform_translate_linked=\u00bboff\u00bb transform_rotate_tablet=\u00bb\u00bb transform_rotate_phone=\u00bb\u00bb transform_rotate_last_edited=\u00bbon|tablet\u00bb transform_skew_tablet=\u00bb\u00bb transform_skew_phone=\u00bb\u00bb transform_skew_last_edited=\u00bbon|tablet\u00bb transform_origin_tablet=\u00bb\u00bb transform_origin_phone=\u00bb\u00bb transform_origin_last_edited=\u00bbon|tablet\u00bb transform_styles_last_edited=\u00bbon|tablet\u00bb z_index=\u00bb11&#8243; custom_padding=\u00bb50px||||false|false\u00bb custom_padding_tablet=\u00bb0px||60px||false|false\u00bb custom_padding_phone=\u00bb\u00bb custom_padding_last_edited=\u00bbon|tablet\u00bb transform_styles_tablet=\u00bb\u00bb transform_styles_phone=\u00bb\u00bb global_colors_info=\u00bb{}\u00bb][et_pb_text _builder_version=\u00bb4.24.2&#8243; text_font=\u00bbCapriola||||||||\u00bb text_font_size=\u00bb16px\u00bb text_line_height=\u00bb1.8em\u00bb header_font=\u00bbCapriola||||||||\u00bb header_text_color=\u00bb#000000&#8243; header_font_size=\u00bb48px\u00bb header_line_height=\u00bb1.2em\u00bb max_width=\u00bb360px\u00bb max_width_tablet=\u00bb100%\u00bb max_width_phone=\u00bb\u00bb max_width_last_edited=\u00bbon|tablet\u00bb custom_margin=\u00bb|||-40%|false|false\u00bb custom_margin_tablet=\u00bb|||0%|false|false\u00bb custom_margin_phone=\u00bb\u00bb custom_margin_last_edited=\u00bbon|tablet\u00bb hover_enabled=\u00bb0&#8243; text_font_size_tablet=\u00bb15px\u00bb text_font_size_phone=\u00bb14px\u00bb text_font_size_last_edited=\u00bbon|phone\u00bb header_font_size_tablet=\u00bb\u00bb header_font_size_phone=\u00bb40px\u00bb header_font_size_last_edited=\u00bbon|phone\u00bb inline_fonts=\u00bbArchivo Narrow,Capriola\u00bb global_colors_info=\u00bb{}\u00bb text_letter_spacing=\u00bb1px\u00bb text_text_shadow_style=\u00bbpreset1&#8243; text_text_shadow_blur_strength=\u00bb1.69em\u00bb text_text_shadow_color=\u00bbrgba(0,0,0,0.13)\u00bb sticky_enabled=\u00bb0&#8243;]<\/p>\n<h1><span style=\"color: #83a8c1\"><strong><span style=\"font-family: Capriola\">\u00bfC\u00f3mo fue que llegu\u00e9 a Dise\u00f1o?<\/span><\/strong><\/span><\/h1>\n<p class=\"p1\">Conoce un poco m\u00e1s de por qu\u00e9 estoy aqu\u00ed, y tambi\u00e9n m\u00e1s sobre mi.<\/p>\n<p>[\/et_pb_text][et_pb_button button_url=\u00bbhttps:\/\/dcv.artcom.mx\/pda\/1210116\/mi-carrera\/\u00bb button_text=\u00bbHaz click aqu\u00ed\u00bb _builder_version=\u00bb4.24.0&#8243; custom_button=\u00bbon\u00bb button_text_size=\u00bb12px\u00bb button_text_color=\u00bb#FFFFFF\u00bb button_bg_color=\u00bb#8fabc1&#8243; button_border_width=\u00bb0px\u00bb button_border_color=\u00bbRGBA(255,255,255,0)\u00bb button_border_radius=\u00bb0px\u00bb button_letter_spacing=\u00bb2px\u00bb button_font=\u00bbCapriola|600||on|||||\u00bb button_icon=\u00bb&#x3e;||divi||400&#8243; button_icon_color=\u00bbRGBA(255,255,255,0)\u00bb background_layout=\u00bbdark\u00bb custom_margin=\u00bb|||-40%|false|false\u00bb custom_margin_tablet=\u00bb|||0%|false|false\u00bb custom_margin_phone=\u00bb\u00bb custom_margin_last_edited=\u00bbon|tablet\u00bb custom_padding=\u00bb20px|30px|20px|30px|true|true\u00bb button_text_shadow_style=\u00bbpreset1&#8243; button_text_shadow_color=\u00bbRGBA(255,255,255,0)\u00bb global_colors_info=\u00bb{}\u00bb button_bg_color__hover=\u00bb#999487&#8243; button_bg_color__hover_enabled=\u00bbon|hover\u00bb button_text__hover_enabled=\u00bbon|desktop\u00bb button_text__hover=\u00bbHaz click aqu\u00ed\u00bb button_bg_enable_color__hover=\u00bbon\u00bb][\/et_pb_button][et_pb_social_media_follow _builder_version=\u00bb4.16&#8243; custom_margin=\u00bb||20px|-30.9%|false|false\u00bb custom_margin_tablet=\u00bb||20px|0%|false|false\u00bb custom_margin_phone=\u00bb\u00bb custom_margin_last_edited=\u00bbon|tablet\u00bb global_colors_info=\u00bb{}\u00bb][\/et_pb_social_media_follow][\/et_pb_column][et_pb_column type=\u00bb1_3&#8243; _builder_version=\u00bb4.16&#8243; z_index=\u00bb10&#8243; global_colors_info=\u00bb{}\u00bb][et_pb_divider show_divider=\u00bboff\u00bb _builder_version=\u00bb4.16&#8243; positioning=\u00bbabsolute\u00bb vertical_offset=\u00bb-60px\u00bb horizontal_offset=\u00bb-60px\u00bb vertical_offset_phone=\u00bb-6vw\u00bb vertical_offset_last_edited=\u00bboff|tablet\u00bb horizontal_offset_tablet=\u00bb-20px\u00bb horizontal_offset_phone=\u00bb-6vw\u00bb horizontal_offset_last_edited=\u00bbon|tablet\u00bb width=\u00bb375px\u00bb height=\u00bb400px\u00bb custom_margin=\u00bb|-112px||-112px|false|true\u00bb custom_margin_tablet=\u00bb|0px||0px|false|true\u00bb custom_margin_phone=\u00bb\u00bb custom_margin_last_edited=\u00bbon|tablet\u00bb scroll_vertical_motion_enable=\u00bbon\u00bb scroll_vertical_motion=\u00bb0|70|70|100|1|0|-1&#8243; border_width_all=\u00bb3px\u00bb border_color_all=\u00bb#FFFFFF\u00bb border_style_all=\u00bbdotted\u00bb global_colors_info=\u00bb{}\u00bb][\/et_pb_divider][et_pb_divider show_divider=\u00bboff\u00bb _builder_version=\u00bb4.16&#8243; transform_translate_linked=\u00bboff\u00bb positioning=\u00bbabsolute\u00bb position_origin_a=\u00bbbottom_right\u00bb vertical_offset=\u00bb-60px\u00bb horizontal_offset=\u00bb-60px\u00bb vertical_offset_tablet=\u00bb-4vw\u00bb vertical_offset_phone=\u00bb-6vw\u00bb vertical_offset_last_edited=\u00bboff|desktop\u00bb horizontal_offset_tablet=\u00bb-20px\u00bb horizontal_offset_phone=\u00bb-6vw\u00bb horizontal_offset_last_edited=\u00bbon|tablet\u00bb width=\u00bb375px\u00bb height=\u00bb400px\u00bb custom_margin=\u00bb|-100px|||false|false\u00bb custom_margin_tablet=\u00bb|0px|||false|false\u00bb custom_margin_phone=\u00bb\u00bb custom_margin_last_edited=\u00bbon|tablet\u00bb scroll_vertical_motion_enable=\u00bbon\u00bb scroll_vertical_motion=\u00bb0|70|70|100|0|0|1&#8243; border_width_all=\u00bb5px\u00bb border_color_all=\u00bb#FFFFFF\u00bb global_colors_info=\u00bb{}\u00bb][\/et_pb_divider][et_pb_image src=\u00bbhttp:\/\/dcv.artcom.mx\/pda\/1210116\/wp-content\/uploads\/sites\/34\/2022\/02\/IMG_9315-min.jpg\u00bb title_text=\u00bbIMG_9315-min\u00bb show_bottom_space=\u00bboff\u00bb _builder_version=\u00bb4.16&#8243; z_index=\u00bb1&#8243; custom_margin=\u00bb|-100px||-100px|false|true\u00bb custom_margin_tablet=\u00bb|0px||0px|false|true\u00bb custom_margin_phone=\u00bb\u00bb custom_margin_last_edited=\u00bbon|tablet\u00bb scroll_vertical_motion_enable=\u00bbon\u00bb scroll_vertical_motion=\u00bb0|50|50|100|0.5|0|-0.5&#8243; border_color_all=\u00bbRGBA(255,255,255,0)\u00bb global_colors_info=\u00bb{}\u00bb][\/et_pb_image][et_pb_text _builder_version=\u00bb4.16&#8243; text_font=\u00bbBerkshire Swash|600|||||||\u00bb text_text_color=\u00bb#000000&#8243; text_font_size=\u00bb22px\u00bb text_letter_spacing=\u00bb5px\u00bb text_line_height=\u00bb1.8em\u00bb transform_scale=\u00bb68%|68%\u00bb positioning=\u00bbabsolute\u00bb position_origin_a=\u00bbbottom_right\u00bb vertical_offset=\u00bb19px\u00bb horizontal_offset=\u00bb-424px\u00bb z_index=\u00bb1&#8243; vertical_offset_tablet=\u00bb-60px\u00bb vertical_offset_phone=\u00bb-40px\u00bb vertical_offset_last_edited=\u00bboff|desktop\u00bb horizontal_offset_tablet=\u00bb-20px\u00bb horizontal_offset_phone=\u00bb-20px\u00bb horizontal_offset_last_edited=\u00bbon|desktop\u00bb position_origin_a_tablet=\u00bbbottom_left\u00bb position_origin_a_phone=\u00bb\u00bb position_origin_a_last_edited=\u00bbon|tablet\u00bb position_origin_f_tablet=\u00bb\u00bb position_origin_f_phone=\u00bb\u00bb position_origin_f_last_edited=\u00bbon|tablet\u00bb position_origin_r_tablet=\u00bb\u00bb position_origin_r_phone=\u00bb\u00bb position_origin_r_last_edited=\u00bbon|tablet\u00bb width=\u00bb284px\u00bb height=\u00bb288px\u00bb custom_padding=\u00bb108px|50px|0px|120px|false|false\u00bb link_option_url=\u00bb#\u00bb scroll_rotating_enable=\u00bbon\u00bb scroll_rotating=\u00bb0|50|50|100|0\u00b0|0\u00b0|-45\u00b0\u00bb motion_trigger_start=\u00bbtop\u00bb positioning_tablet=\u00bb\u00bb positioning_phone=\u00bb\u00bb positioning_last_edited=\u00bbon|tablet\u00bb text_orientation_tablet=\u00bb\u00bb text_orientation_phone=\u00bb\u00bb text_orientation_last_edited=\u00bbon|desktop\u00bb border_radii=\u00bbon|140%|140%|140%|140%\u00bb border_width_all=\u00bb6px\u00bb border_color_all=\u00bb#8fabc1&#8243; border_style_all=\u00bbdotted\u00bb locked=\u00bboff\u00bb global_colors_info=\u00bb{}\u00bb text_text_color__hover_enabled=\u00bbon|desktop\u00bb text_text_color__hover=\u00bb#000000&#8243; border_color_all__hover_enabled=\u00bbon|hover\u00bb border_color_all__hover=\u00bb#000000&#8243;]<\/p>\n<p>&nbsp;<\/p>\n<p>&nbsp;<\/p>\n<p>[\/et_pb_text][\/et_pb_column][et_pb_column type=\u00bb1_3&#8243; _builder_version=\u00bb4.16&#8243; custom_padding_tablet=\u00bb60px||||false|false\u00bb custom_padding_phone=\u00bb\u00bb custom_padding_last_edited=\u00bbon|tablet\u00bb global_colors_info=\u00bb{}\u00bb][et_pb_image src=\u00bbhttp:\/\/dcv.artcom.mx\/pda\/1210116\/wp-content\/uploads\/sites\/34\/2022\/02\/hoga-2021-11-30-175133.554.jpg\u00bb title_text=\u00bbhoga 2021-11-30 175133.554&#8243; show_bottom_space=\u00bboff\u00bb _builder_version=\u00bb4.16&#8243; max_width_tablet=\u00bb250px\u00bb max_width_phone=\u00bb200px\u00bb max_width_last_edited=\u00bbon|tablet\u00bb custom_margin=\u00bb-96px|||-64px|false|false\u00bb custom_margin_tablet=\u00bb0px|||0px|false|false\u00bb custom_margin_phone=\u00bb\u00bb custom_margin_last_edited=\u00bbon|tablet\u00bb module_alignment_tablet=\u00bbright\u00bb module_alignment_phone=\u00bbright\u00bb module_alignment_last_edited=\u00bbon|phone\u00bb locked=\u00bboff\u00bb global_colors_info=\u00bb{}\u00bb][\/et_pb_image][et_pb_button button_url=\u00bbhttps:\/\/dcv.artcom.mx\/pda\/1210116\/evidencias\/\u00bb button_text=\u00bbProyectos\u00bb button_alignment=\u00bbright\u00bb _builder_version=\u00bb4.16&#8243; custom_button=\u00bbon\u00bb button_text_size=\u00bb13px\u00bb button_text_color=\u00bb#8fabc1&#8243; button_bg_color=\u00bbRGBA(255,255,255,0)\u00bb button_border_width=\u00bb0px\u00bb button_border_color=\u00bbRGBA(255,255,255,0)\u00bb button_border_radius=\u00bb0px\u00bb button_letter_spacing=\u00bb3px\u00bb button_font=\u00bbMontserrat|600||on|||||\u00bb button_icon=\u00bb&#x3d;||divi||400&#8243; button_icon_color=\u00bb#8fabc1&#8243; button_on_hover=\u00bboff\u00bb background_layout=\u00bbdark\u00bb custom_margin=\u00bb-1px|-1px|||false|false\u00bb custom_padding=\u00bb12px|30px|12px|20px|true|false\u00bb animation_style=\u00bbzoom\u00bb scroll_horizontal_motion_enable=\u00bbon\u00bb scroll_horizontal_motion=\u00bb0|50|50|100|-1|0|1&#8243; scroll_horizontal_motion_tablet=\u00bb0|50|50|100|0|0|0&#8243; scroll_horizontal_motion_phone=\u00bb\u00bb scroll_horizontal_motion_last_edited=\u00bbon|tablet\u00bb box_shadow_style=\u00bbpreset3&#8243; box_shadow_color=\u00bbRGBA(255,255,255,0)\u00bb global_colors_info=\u00bb{}\u00bb button_text_color__hover_enabled=\u00bbon|hover\u00bb button_text_color__hover=\u00bb#FFFFFF\u00bb box_shadow_color__hover_enabled=\u00bbon|hover\u00bb box_shadow_color__hover=\u00bbrgba(0,0,0,0.36)\u00bb button_bg_color__hover_enabled=\u00bbon|desktop\u00bb button_bg_color__hover=\u00bb#999487&#8243; button_bg_enable_color__hover=\u00bbon\u00bb button_border_color__hover_enabled=\u00bbon|hover\u00bb button_border_color__hover=\u00bbRGBA(255,255,255,0)\u00bb button_icon_color__hover_enabled=\u00bbon|hover\u00bb button_icon_color__hover=\u00bb#FFFFFF\u00bb][\/et_pb_button][\/et_pb_column][\/et_pb_row][\/et_pb_section][et_pb_section fb_built=\u00bb1&#8243; custom_padding_last_edited=\u00bbon|tablet\u00bb admin_label=\u00bbSection\u00bb _builder_version=\u00bb4.20.4&#8243; background_color=\u00bb#d5e3e9&#8243; background_color_gradient_start=\u00bb#8fabc1&#8243; background_color_gradient_end=\u00bb#ffffff\u00bb background_enable_image=\u00bboff\u00bb parallax=\u00bbon\u00bb min_height=\u00bb901px\u00bb custom_margin=\u00bb-1px||24px||false|false\u00bb custom_padding=\u00bb0px||293px||false|false\u00bb custom_padding_tablet=\u00bb48px||48px||true|false\u00bb custom_padding_phone=\u00bb\u00bb global_colors_info=\u00bb{}\u00bb][\/et_pb_section][et_pb_section fb_built=\u00bb1&#8243; specialty=\u00bbon\u00bb custom_padding_last_edited=\u00bbon|tablet\u00bb background_color_1=\u00bbrgba(25,25,25,0)\u00bb background_color_2=\u00bbRGBA(255,255,255,0)\u00bb _builder_version=\u00bb4.24.2&#8243; background_color=\u00bb#d5e3e9&#8243; background_color_gradient_start=\u00bb#ffffff\u00bb background_color_gradient_end=\u00bb#e5e5e5&#8243; background_enable_image=\u00bboff\u00bb parallax=\u00bbon\u00bb background_enable_video_mp4=\u00bboff\u00bb min_height=\u00bb959px\u00bb custom_margin=\u00bb-305px||0px||false|false\u00bb custom_padding=\u00bb7px||0px||false|false\u00bb custom_padding_tablet=\u00bb120px||0px||false|false\u00bb custom_padding_phone=\u00bb\u00bb top_divider_height=\u00bb0px\u00bb box_shadow_vertical_tablet=\u00bb0px\u00bb box_shadow_vertical_phone=\u00bb\u00bb box_shadow_vertical_last_edited=\u00bbon|tablet\u00bb global_colors_info=\u00bb{}\u00bb][et_pb_column type=\u00bb1_2&#8243; _builder_version=\u00bb4.16&#8243; custom_padding=\u00bb|||\u00bb global_colors_info=\u00bb{}\u00bb custom_padding__hover=\u00bb|||\u00bb][et_pb_image src=\u00bbhttp:\/\/dcv.artcom.mx\/pda\/1210116\/wp-content\/uploads\/sites\/34\/2022\/03\/IMG_8107-scaled-e1652225411604.jpg\u00bb title_text=\u00bbme and the sunset\u00bb url=\u00bbhttps:\/\/dcv.artcom.mx\/pda\/1210116\/fotografias\/\u00bb url_new_window=\u00bbon\u00bb use_overlay=\u00bbon\u00bb overlay_icon_color=\u00bb#FFFFFF\u00bb hover_overlay_color=\u00bbrgba(255,255,255,0.43)\u00bb hover_icon=\u00bb&#x39;||divi||400&#8243; _builder_version=\u00bb4.24.2&#8243; min_height=\u00bb539.2px\u00bb custom_margin=\u00bb||0px||false|false\u00bb box_shadow_style=\u00bbpreset1&#8243; locked=\u00bboff\u00bb global_colors_info=\u00bb{}\u00bb][\/et_pb_image][et_pb_text _builder_version=\u00bb4.24.2&#8243; text_font=\u00bbCapriola||||||||\u00bb text_text_color=\u00bb#f4f1ec\u00bb text_font_size=\u00bb149px\u00bb text_line_height=\u00bb0.8em\u00bb positioning=\u00bbabsolute\u00bb position_origin_a=\u00bbbottom_right\u00bb background_layout=\u00bbdark\u00bb custom_margin=\u00bb||0px||false|false\u00bb text_font_size_tablet=\u00bb26vw\u00bb text_font_size_phone=\u00bb150px\u00bb text_font_size_last_edited=\u00bbon|tablet\u00bb locked=\u00bboff\u00bb inline_fonts=\u00bbCapriola\u00bb global_colors_info=\u00bb{}\u00bb]<\/p>\n<p><span style=\"font-family: Capriola;font-weight: normal\">Pics<\/span><\/p>\n<p>[\/et_pb_text][\/et_pb_column][et_pb_column type=\u00bb1_2&#8243; specialty_columns=\u00bb2&#8243; _builder_version=\u00bb4.16&#8243; custom_padding=\u00bb|||\u00bb global_colors_info=\u00bb{}\u00bb custom_padding__hover=\u00bb|||\u00bb][et_pb_row_inner _builder_version=\u00bb4.16&#8243; overflow-x=\u00bbhidden\u00bb overflow-y=\u00bbhidden\u00bb custom_margin=\u00bb60px|||60px|false|false\u00bb custom_margin_tablet=\u00bb0px|||0px|false|false\u00bb custom_margin_phone=\u00bb\u00bb custom_margin_last_edited=\u00bbon|tablet\u00bb custom_padding=\u00bb1px||0px|||\u00bb scroll_vertical_motion_enable=\u00bbon\u00bb scroll_vertical_motion=\u00bb0|50|50|100|1|0|-1&#8243; global_colors_info=\u00bb{}\u00bb][et_pb_column_inner saved_specialty_column_type=\u00bb1_2&#8243; _builder_version=\u00bb4.16&#8243; global_colors_info=\u00bb{}\u00bb][et_pb_text _builder_version=\u00bb4.16&#8243; text_font=\u00bbBerkshire Swash||||||||\u00bb text_text_color=\u00bb#f4f1ec\u00bb text_font_size=\u00bb114px\u00bb text_line_height=\u00bb1.3em\u00bb positioning=\u00bbabsolute\u00bb vertical_offset=\u00bb11px\u00bb horizontal_offset=\u00bb91px\u00bb z_index=\u00bb1&#8243; background_layout=\u00bbdark\u00bb custom_margin=\u00bb-42px|||-10px|false|false\u00bb text_font_size_tablet=\u00bb\u00bb text_font_size_phone=\u00bb20vw\u00bb text_font_size_last_edited=\u00bbon|phone\u00bb text_text_shadow_style=\u00bbpreset3&#8243; text_text_shadow_horizontal_length=\u00bb-0.53em\u00bb text_text_shadow_vertical_length=\u00bb0.22em\u00bb text_text_shadow_blur_strength=\u00bb0.27em\u00bb locked=\u00bboff\u00bb inline_fonts=\u00bbCapriola\u00bb global_colors_info=\u00bb{}\u00bb]<\/p>\n<p><span style=\"font-family: Capriola\">Refer<\/span><\/p>\n<p>[\/et_pb_text][et_pb_image src=\u00bbhttp:\/\/dcv.artcom.mx\/pda\/1210116\/wp-content\/uploads\/sites\/34\/2022\/05\/IMG_2667_jpg.jpg\u00bb title_text=\u00bb08&#8243; url=\u00bbhttps:\/\/pin.it\/5nvtsxz\u00bb url_new_window=\u00bbon\u00bb use_overlay=\u00bbon\u00bb overlay_icon_color=\u00bb#FFFFFF\u00bb hover_overlay_color=\u00bbrgba(255,255,255,0.28)\u00bb hover_icon=\u00bb&#x39;||divi||400&#8243; _builder_version=\u00bb4.24.2&#8243; background_enable_image=\u00bboff\u00bb box_shadow_style=\u00bbpreset1&#8243; global_colors_info=\u00bb{}\u00bb][\/et_pb_image][\/et_pb_column_inner][\/et_pb_row_inner][et_pb_row_inner _builder_version=\u00bb4.16&#8243; z_index=\u00bb9&#8243; max_width=\u00bb270px\u00bb custom_margin=\u00bb-171px||||false|false\u00bb custom_padding=\u00bb||0px|||\u00bb scroll_vertical_motion_enable=\u00bbon\u00bb scroll_vertical_motion=\u00bb0|50|50|100|-1|0|1&#8243; global_colors_info=\u00bb{}\u00bb][et_pb_column_inner saved_specialty_column_type=\u00bb1_2&#8243; _builder_version=\u00bb4.16&#8243; global_colors_info=\u00bb{}\u00bb][et_pb_image src=\u00bbhttp:\/\/dcv.artcom.mx\/pda\/1210116\/wp-content\/uploads\/sites\/34\/2022\/05\/Screen-Shot-2022-05-10-at-22.04.16.png\u00bb title_text=\u00bbAutoretrato\u00bb url=\u00bbhttps:\/\/instagram.com\/messywork.ai\u00bb url_new_window=\u00bbon\u00bb use_overlay=\u00bbon\u00bb overlay_icon_color=\u00bb#FFFFFF\u00bb hover_overlay_color=\u00bbrgba(255,255,255,0.33)\u00bb hover_icon=\u00bb&#x39;||divi||400&#8243; _builder_version=\u00bb4.16&#8243; width=\u00bb100%\u00bb custom_margin=\u00bb||0px||false|false\u00bb global_colors_info=\u00bb{}\u00bb][\/et_pb_image][et_pb_text _builder_version=\u00bb4.24.2&#8243; text_font=\u00bbCapriola|700|||||||\u00bb text_font_size=\u00bb46px\u00bb text_letter_spacing=\u00bb7px\u00bb text_line_height=\u00bb1em\u00bb header_font_size=\u00bb23px\u00bb positioning=\u00bbabsolute\u00bb position_origin_a=\u00bbbottom_center\u00bb vertical_offset=\u00bb-49px\u00bb text_orientation=\u00bbcenter\u00bb background_layout=\u00bbdark\u00bb custom_margin=\u00bb||-10px||false|false\u00bb text_font_size_tablet=\u00bb\u00bb text_font_size_phone=\u00bb55px\u00bb text_font_size_last_edited=\u00bbon|phone\u00bb locked=\u00bboff\u00bb inline_fonts=\u00bbAntic\u00bb global_colors_info=\u00bb{}\u00bb]<\/p>\n<p><strong><span style=\"font-size: xx-large;color: #ffffff\">Socials<\/span><\/strong><\/p>\n<p>[\/et_pb_text][\/et_pb_column_inner][\/et_pb_row_inner][\/et_pb_column][\/et_pb_section]<\/p>\n","protected":false},"excerpt":{"rendered":"<p>\u00bfC\u00f3mo fue que llegu\u00e9 a Dise\u00f1o? Conoce un poco m\u00e1s de por qu\u00e9 estoy aqu\u00ed, y tambi\u00e9n m\u00e1s sobre mi.&nbsp; &nbsp;PicsReferSocials<\/p>\n","protected":false},"author":37,"featured_media":0,"parent":0,"menu_order":1,"comment_status":"closed","ping_status":"closed","template":"","meta":{"_et_pb_use_builder":"on","_et_pb_old_content":"","_et_gb_content_width":"","inline_featured_image":false,"footnotes":""},"_links":{"self":[{"href":"https:\/\/dcv.artcom.mx\/pda\/1210116\/wp-json\/wp\/v2\/pages\/102"}],"collection":[{"href":"https:\/\/dcv.artcom.mx\/pda\/1210116\/wp-json\/wp\/v2\/pages"}],"about":[{"href":"https:\/\/dcv.artcom.mx\/pda\/1210116\/wp-json\/wp\/v2\/types\/page"}],"author":[{"embeddable":true,"href":"https:\/\/dcv.artcom.mx\/pda\/1210116\/wp-json\/wp\/v2\/users\/37"}],"replies":[{"embeddable":true,"href":"https:\/\/dcv.artcom.mx\/pda\/1210116\/wp-json\/wp\/v2\/comments?post=102"}],"version-history":[{"count":86,"href":"https:\/\/dcv.artcom.mx\/pda\/1210116\/wp-json\/wp\/v2\/pages\/102\/revisions"}],"predecessor-version":[{"id":1047,"href":"https:\/\/dcv.artcom.mx\/pda\/1210116\/wp-json\/wp\/v2\/pages\/102\/revisions\/1047"}],"wp:attachment":[{"href":"https:\/\/dcv.artcom.mx\/pda\/1210116\/wp-json\/wp\/v2\/media?parent=102"}],"curies":[{"name":"wp","href":"https:\/\/api.w.org\/{rel}","templated":true}]}}