{"id":71,"date":"2020-03-03T18:04:57","date_gmt":"2020-03-03T18:04:57","guid":{"rendered":"http:\/\/pdadcv.artcom.mx\/portafolio-demo\/?page_id=71"},"modified":"2022-02-11T02:08:46","modified_gmt":"2022-02-11T02:08:46","slug":"proyectos-academicos","status":"publish","type":"page","link":"https:\/\/dcv.artcom.mx\/pda\/1200642\/evidencias\/proyectos-academicos\/","title":{"rendered":"Proyectos Acad\u00e9micos Primer semestre"},"content":{"rendered":"<p>[et_pb_section fb_built=\u00bb1&#8243; admin_label=\u00bbServices\u00bb _builder_version=\u00bb3.22&#8243; custom_padding=\u00bb90px|0px|90px|0px\u00bb global_colors_info=\u00bb{}\u00bb][et_pb_row column_structure=\u00bb1_2,1_2&#8243; _builder_version=\u00bb3.25&#8243; max_width=\u00bb1440px\u00bb custom_margin=\u00bb||50px|\u00bb use_custom_width=\u00bbon\u00bb custom_width_px=\u00bb1440px\u00bb global_colors_info=\u00bb{}\u00bb][et_pb_column type=\u00bb1_2&#8243; _builder_version=\u00bb3.25&#8243; custom_padding=\u00bb|||\u00bb global_colors_info=\u00bb{}\u00bb custom_padding__hover=\u00bb|||\u00bb][et_pb_image src=\u00bbhttp:\/\/dcv.artcom.mx\/pda\/1200642\/wp-content\/uploads\/sites\/26\/2021\/03\/poseidon-final.jpg\u00bb title_text=\u00bbposeidon final\u00bb align_tablet=\u00bbcenter\u00bb align_phone=\u00bbcenter\u00bb align_last_edited=\u00bbon|desktop\u00bb _builder_version=\u00bb4.14.7&#8243; max_width_last_edited=\u00bboff|desktop\u00bb custom_margin=\u00bb|||\u00bb custom_margin_tablet=\u00bb60px|60px|60px|60px\u00bb custom_margin_last_edited=\u00bboff|desktop\u00bb custom_padding=\u00bb|||\u00bb animation_style=\u00bbslide\u00bb animation_direction=\u00bbleft\u00bb animation_intensity_slide=\u00bb4%\u00bb box_shadow_style=\u00bbpreset3&#8243; box_shadow_blur=\u00bb80px\u00bb global_colors_info=\u00bb{}\u00bb][\/et_pb_image][\/et_pb_column][et_pb_column type=\u00bb1_2&#8243; _builder_version=\u00bb3.25&#8243; custom_padding=\u00bb|||\u00bb global_colors_info=\u00bb{}\u00bb custom_padding__hover=\u00bb|||\u00bb][et_pb_text _builder_version=\u00bb4.14.7&#8243; text_font=\u00bbKarla||||||||\u00bb text_font_size=\u00bb16px\u00bb text_line_height=\u00bb1.8em\u00bb header_font=\u00bbArimo||||||||\u00bb header_font_size=\u00bb26px\u00bb header_2_font=\u00bbCormorant Garamond||||||||\u00bb header_2_font_size=\u00bb40px\u00bb header_2_line_height=\u00bb1.4em\u00bb header_3_font=\u00bb||||||||\u00bb locked=\u00bboff\u00bb global_colors_info=\u00bb{}\u00bb]<\/p>\n<h1><strong>Historia del arte y del dise\u00f1o<\/strong><\/h1>\n<p>Actividad: Esta actividad consist\u00eda en hacer una representaci\u00f3n de alguna de las etapas y regi\u00f3n del arte y del dise\u00f1o. Me base en los Griegos, principalmente en Poseid\u00f3n.<\/p>\n<p>Profesor Rub\u00ed L\u00f3pez<\/p>\n<p>Entrega<\/p>\n<p>Tama\u00f1o 2000\u2033 x 1750\u2033\u00a0 72 dpi<\/p>\n<p>T\u00e9cnica Mapa de bits<\/p>\n<p>Software Photoshop<\/p>\n<p>Unidad 1<\/p>\n<p>Enfoque negocios<\/p>\n<p>[\/et_pb_text][\/et_pb_column][\/et_pb_row][et_pb_row column_structure=\u00bb1_2,1_2&#8243; _builder_version=\u00bb3.25&#8243; max_width=\u00bb1440px\u00bb custom_margin=\u00bb||50px|\u00bb use_custom_width=\u00bbon\u00bb custom_width_px=\u00bb1440px\u00bb global_colors_info=\u00bb{}\u00bb][et_pb_column type=\u00bb1_2&#8243; _builder_version=\u00bb3.25&#8243; custom_padding=\u00bb|||\u00bb global_colors_info=\u00bb{}\u00bb custom_padding__hover=\u00bb|||\u00bb][et_pb_image src=\u00bbhttp:\/\/dcv.artcom.mx\/pda\/1200642\/wp-content\/uploads\/sites\/26\/2021\/03\/134.jpg\u00bb title_text=\u00bb134&#8243; align_tablet=\u00bbcenter\u00bb align_phone=\u00bbcenter\u00bb align_last_edited=\u00bbon|desktop\u00bb _builder_version=\u00bb4.14.7&#8243; max_width_last_edited=\u00bboff|desktop\u00bb custom_margin=\u00bb|||\u00bb custom_margin_tablet=\u00bb60px|60px|60px|60px\u00bb custom_margin_last_edited=\u00bboff|desktop\u00bb custom_padding=\u00bb|||\u00bb animation_style=\u00bbslide\u00bb animation_direction=\u00bbleft\u00bb animation_intensity_slide=\u00bb4%\u00bb box_shadow_style=\u00bbpreset3&#8243; box_shadow_blur=\u00bb80px\u00bb global_colors_info=\u00bb{}\u00bb][\/et_pb_image][\/et_pb_column][et_pb_column type=\u00bb1_2&#8243; _builder_version=\u00bb3.25&#8243; custom_padding=\u00bb|||\u00bb global_colors_info=\u00bb{}\u00bb custom_padding__hover=\u00bb|||\u00bb][et_pb_text _builder_version=\u00bb4.14.7&#8243; text_font=\u00bbKarla||||||||\u00bb text_font_size=\u00bb16px\u00bb text_line_height=\u00bb1.8em\u00bb header_font=\u00bbArimo||||||||\u00bb header_font_size=\u00bb26px\u00bb header_2_font=\u00bbCormorant Garamond||||||||\u00bb header_2_font_size=\u00bb40px\u00bb header_2_line_height=\u00bb1.4em\u00bb header_3_font=\u00bb||||||||\u00bb locked=\u00bboff\u00bb global_colors_info=\u00bb{}\u00bb]<\/p>\n<h1><strong>Proceso creativo<\/strong><\/h1>\n<p>Proyecto: Ten\u00edamos que realizar un envase de leche para ni\u00f1os, usando los diferentes pasos del proceso creativo. La catedr\u00e1tica nos dio las especificaciones y nosotros escogimos y dise\u00f1amos lo dem\u00e1s.<\/p>\n<p>Profesor Rub\u00ed L\u00f3pez<\/p>\n<p>Entrega<\/p>\n<p>Tama\u00f1o 1067\u2033 x 1067\u2033 80 dpi<\/p>\n<p>T\u00e9cnica Mapa de bits<\/p>\n<p>Software Photoshop<\/p>\n<p>Unidad 3<\/p>\n<p>Enfoque negocios<\/p>\n<p>[\/et_pb_text][\/et_pb_column][\/et_pb_row][et_pb_row column_structure=\u00bb1_2,1_2&#8243; _builder_version=\u00bb3.25&#8243; max_width=\u00bb1440px\u00bb custom_margin=\u00bb||50px|\u00bb use_custom_width=\u00bbon\u00bb custom_width_px=\u00bb1440px\u00bb global_colors_info=\u00bb{}\u00bb][et_pb_column type=\u00bb1_2&#8243; _builder_version=\u00bb3.25&#8243; custom_padding=\u00bb|||\u00bb global_colors_info=\u00bb{}\u00bb custom_padding__hover=\u00bb|||\u00bb][et_pb_image src=\u00bbhttp:\/\/dcv.artcom.mx\/pda\/1200642\/wp-content\/uploads\/sites\/26\/2022\/02\/Captura-de-Pantalla-2022-02-10-a-las-18.00.20.png\u00bb title_text=\u00bbCaptura de Pantalla 2022-02-10 a la(s) 18.00.20&#8243; align_tablet=\u00bbcenter\u00bb align_phone=\u00bbcenter\u00bb align_last_edited=\u00bbon|desktop\u00bb _builder_version=\u00bb4.14.7&#8243; max_width_last_edited=\u00bboff|desktop\u00bb min_height=\u00bb510.6px\u00bb custom_margin=\u00bb|||\u00bb custom_margin_tablet=\u00bb60px|60px|60px|60px\u00bb custom_margin_last_edited=\u00bboff|desktop\u00bb custom_padding=\u00bb|||\u00bb animation_style=\u00bbslide\u00bb animation_direction=\u00bbleft\u00bb animation_intensity_slide=\u00bb4%\u00bb box_shadow_style=\u00bbpreset3&#8243; box_shadow_blur=\u00bb80px\u00bb global_colors_info=\u00bb{}\u00bb][\/et_pb_image][\/et_pb_column][et_pb_column type=\u00bb1_2&#8243; _builder_version=\u00bb3.25&#8243; custom_padding=\u00bb|||\u00bb global_colors_info=\u00bb{}\u00bb custom_padding__hover=\u00bb|||\u00bb][et_pb_text _builder_version=\u00bb4.14.7&#8243; text_font=\u00bbKarla||||||||\u00bb text_font_size=\u00bb16px\u00bb text_line_height=\u00bb1.8em\u00bb header_font=\u00bbArimo||||||||\u00bb header_font_size=\u00bb26px\u00bb header_2_font=\u00bbCormorant Garamond||||||||\u00bb header_2_font_size=\u00bb40px\u00bb header_2_line_height=\u00bb1.4em\u00bb header_3_font=\u00bb||||||||\u00bb locked=\u00bboff\u00bb global_colors_info=\u00bb{}\u00bb]<\/p>\n<h1><strong>Proceso creativo<\/strong><\/h1>\n<p>Proyecto: Este proyecto consisti\u00f3 en crear un logotipo para alguna empresa, en donde a cada alumno se nos proporciono el genero, edad, regi\u00f3n y de que era la empresa.<\/p>\n<p>Profesor Rub\u00ed L\u00f3pez<\/p>\n<p>Entrega<\/p>\n<p>Tama\u00f1o 952\u2033 x 952\u2033 80 dpi<\/p>\n<p>T\u00e9cnica Mapa de bits<\/p>\n<p>Software Photoshop<\/p>\n<p>Unidad 2<\/p>\n<p>Enfoque negocios<\/p>\n<p>[\/et_pb_text][\/et_pb_column][\/et_pb_row][et_pb_row column_structure=\u00bb1_2,1_2&#8243; _builder_version=\u00bb3.25&#8243; max_width=\u00bb1440px\u00bb custom_margin=\u00bb||50px|\u00bb use_custom_width=\u00bbon\u00bb custom_width_px=\u00bb1440px\u00bb global_colors_info=\u00bb{}\u00bb][et_pb_column type=\u00bb1_2&#8243; _builder_version=\u00bb3.25&#8243; custom_padding=\u00bb|||\u00bb global_colors_info=\u00bb{}\u00bb custom_padding__hover=\u00bb|||\u00bb][et_pb_image src=\u00bbhttp:\/\/dcv.artcom.mx\/pda\/1200642\/wp-content\/uploads\/sites\/26\/2021\/03\/PC-2-scaled.jpg\u00bb title_text=\u00bbPC 2&#8243; align_tablet=\u00bbcenter\u00bb align_phone=\u00bbcenter\u00bb align_last_edited=\u00bbon|desktop\u00bb _builder_version=\u00bb4.14.7&#8243; max_width_last_edited=\u00bboff|desktop\u00bb min_height=\u00bb510.6px\u00bb custom_margin=\u00bb||-203px|||\u00bb custom_margin_tablet=\u00bb60px|60px|60px|60px\u00bb custom_margin_last_edited=\u00bboff|desktop\u00bb custom_padding=\u00bb|87px||||\u00bb animation_style=\u00bbslide\u00bb animation_direction=\u00bbleft\u00bb animation_intensity_slide=\u00bb4%\u00bb box_shadow_style=\u00bbpreset3&#8243; box_shadow_blur=\u00bb80px\u00bb global_colors_info=\u00bb{}\u00bb][\/et_pb_image][\/et_pb_column][et_pb_column type=\u00bb1_2&#8243; _builder_version=\u00bb3.25&#8243; custom_padding=\u00bb|||\u00bb global_colors_info=\u00bb{}\u00bb custom_padding__hover=\u00bb|||\u00bb][et_pb_text _builder_version=\u00bb4.14.7&#8243; text_font=\u00bbKarla||||||||\u00bb text_font_size=\u00bb16px\u00bb text_line_height=\u00bb1.8em\u00bb header_font=\u00bbArimo||||||||\u00bb header_font_size=\u00bb26px\u00bb header_2_font=\u00bbCormorant Garamond||||||||\u00bb header_2_font_size=\u00bb40px\u00bb header_2_line_height=\u00bb1.4em\u00bb header_3_font=\u00bb||||||||\u00bb locked=\u00bboff\u00bb global_colors_info=\u00bb{}\u00bb]<\/p>\n<h1><strong>Proceso creativo<\/strong><\/h1>\n<p>Actividad: Esta actividad consist\u00eda en definir y de simplificar alg\u00fan proceso creativo de una forma f\u00e1cil y infogr\u00e1fica.<\/p>\n<p>Profesor Rub\u00ed L\u00f3pez<\/p>\n<p>Entrega<\/p>\n<p>Tama\u00f1o 1772\u2033 x 3300\u2033 80 dpi<\/p>\n<p>Software Illustrator<\/p>\n<p>Unidad 2<\/p>\n<p>Enfoque informativo<\/p>\n<p><strong>\u00a0<\/strong><\/p>\n<p>[\/et_pb_text][\/et_pb_column][\/et_pb_row][\/et_pb_section][et_pb_section fb_built=\u00bb1&#8243; _builder_version=\u00bb3.22&#8243; global_colors_info=\u00bb{}\u00bb][et_pb_row column_structure=\u00bb1_2,1_2&#8243; _builder_version=\u00bb3.25&#8243; max_width=\u00bb1440px\u00bb custom_margin=\u00bb||50px|\u00bb use_custom_width=\u00bbon\u00bb custom_width_px=\u00bb1440px\u00bb global_colors_info=\u00bb{}\u00bb][et_pb_column type=\u00bb1_2&#8243; _builder_version=\u00bb3.25&#8243; custom_padding=\u00bb|||\u00bb global_colors_info=\u00bb{}\u00bb custom_padding__hover=\u00bb|||\u00bb][et_pb_image src=\u00bbhttp:\/\/dcv.artcom.mx\/pda\/1200642\/wp-content\/uploads\/sites\/26\/2021\/03\/paloma.jpg\u00bb title_text=\u00bbpaloma\u00bb align_tablet=\u00bbcenter\u00bb align_phone=\u00bbcenter\u00bb align_last_edited=\u00bbon|desktop\u00bb _builder_version=\u00bb4.14.7&#8243; max_width_last_edited=\u00bboff|desktop\u00bb min_height=\u00bb510.6px\u00bb custom_margin=\u00bb|||\u00bb custom_margin_tablet=\u00bb60px|60px|60px|60px\u00bb custom_margin_last_edited=\u00bboff|desktop\u00bb custom_padding=\u00bb|||\u00bb animation_style=\u00bbslide\u00bb animation_direction=\u00bbleft\u00bb animation_intensity_slide=\u00bb4%\u00bb box_shadow_style=\u00bbpreset3&#8243; box_shadow_blur=\u00bb80px\u00bb global_colors_info=\u00bb{}\u00bb][\/et_pb_image][\/et_pb_column][et_pb_column type=\u00bb1_2&#8243; _builder_version=\u00bb3.25&#8243; custom_padding=\u00bb|||\u00bb global_colors_info=\u00bb{}\u00bb custom_padding__hover=\u00bb|||\u00bb][et_pb_text _builder_version=\u00bb4.14.7&#8243; text_font=\u00bbKarla||||||||\u00bb text_font_size=\u00bb16px\u00bb text_line_height=\u00bb1.8em\u00bb header_font=\u00bbArimo||||||||\u00bb header_font_size=\u00bb26px\u00bb header_2_font=\u00bbCormorant Garamond||||||||\u00bb header_2_font_size=\u00bb40px\u00bb header_2_line_height=\u00bb1.4em\u00bb header_3_font=\u00bb||||||||\u00bb locked=\u00bboff\u00bb global_colors_info=\u00bb{}\u00bb]<\/p>\n<h1><strong>Ilustraci\u00f3<\/strong><strong>n<\/strong><\/h1>\n<p>Proyecto: Cada alumno escogi\u00f3 un animal de la Biblia y tenia que hacer una ilustraci\u00f3n cient\u00edfica utilizando cuatro herramientas (pintura acr\u00edlica, acuarela, pasteles y l\u00e1piz de color).<\/p>\n<p>Profesor Jos\u00e9 Fabi\u00e1n<\/p>\n<p>Entrega 09 de octubre de 2020<\/p>\n<p>Tama\u00f1o 452\u2033 x 640\u2033 72 dpi<\/p>\n<p>T\u00e9cnica pintura acr\u00edlica, acuarela, pasteles y l\u00e1piz de color.<\/p>\n<p>Unidad 1<\/p>\n<p>Enfoque negocios y religioso<\/p>\n<p>[\/et_pb_text][\/et_pb_column][\/et_pb_row][et_pb_row column_structure=\u00bb1_2,1_2&#8243; _builder_version=\u00bb3.25&#8243; max_width=\u00bb1440px\u00bb custom_margin=\u00bb||50px|\u00bb use_custom_width=\u00bbon\u00bb custom_width_px=\u00bb1440px\u00bb global_colors_info=\u00bb{}\u00bb][et_pb_column type=\u00bb1_2&#8243; _builder_version=\u00bb3.25&#8243; custom_padding=\u00bb|||\u00bb global_colors_info=\u00bb{}\u00bb custom_padding__hover=\u00bb|||\u00bb][et_pb_image src=\u00bbhttp:\/\/dcv.artcom.mx\/pda\/1200642\/wp-content\/uploads\/sites\/26\/2021\/03\/Caballero.jpg\u00bb title_text=\u00bbCaballero\u00bb align_tablet=\u00bbcenter\u00bb align_phone=\u00bbcenter\u00bb align_last_edited=\u00bbon|desktop\u00bb _builder_version=\u00bb4.14.7&#8243; max_width_last_edited=\u00bboff|desktop\u00bb min_height=\u00bb510.6px\u00bb custom_margin=\u00bb|||\u00bb custom_margin_tablet=\u00bb60px|60px|60px|60px\u00bb custom_margin_last_edited=\u00bboff|desktop\u00bb custom_padding=\u00bb|||\u00bb animation_style=\u00bbslide\u00bb animation_direction=\u00bbleft\u00bb animation_intensity_slide=\u00bb4%\u00bb box_shadow_style=\u00bbpreset3&#8243; box_shadow_blur=\u00bb80px\u00bb global_colors_info=\u00bb{}\u00bb][\/et_pb_image][\/et_pb_column][et_pb_column type=\u00bb1_2&#8243; _builder_version=\u00bb3.25&#8243; custom_padding=\u00bb|||\u00bb global_colors_info=\u00bb{}\u00bb custom_padding__hover=\u00bb|||\u00bb][et_pb_text _builder_version=\u00bb4.14.7&#8243; text_font=\u00bbKarla||||||||\u00bb text_font_size=\u00bb16px\u00bb text_line_height=\u00bb1.8em\u00bb header_font=\u00bbArimo||||||||\u00bb header_font_size=\u00bb26px\u00bb header_2_font=\u00bbCormorant Garamond||||||||\u00bb header_2_font_size=\u00bb40px\u00bb header_2_line_height=\u00bb1.4em\u00bb header_3_font=\u00bb||||||||\u00bb locked=\u00bboff\u00bb global_colors_info=\u00bb{}\u00bb]<\/p>\n<h1><strong>Ilustraci\u00f3<\/strong><strong>n<\/strong><\/h1>\n<p>Proyecto: En este trabajo el profesor de la clase nos dejo de tarea recrear la portada del libro\u00a0 \u00abEl caballero de la armadura oxidada\u00bb utilizando alguna de las t\u00e9cnicas de pasteles o l\u00e1piz de color, por lo que yo decid\u00ed escoger los pasteles.<\/p>\n<p>Profesor Jos\u00e9 Fabi\u00e1n<\/p>\n<p>Entrega 22 de octubre de 2020<\/p>\n<p>Tama\u00f1o 448\u2033 x 640\u2033 80 dpi<\/p>\n<p>T\u00e9cnica pintura\u00a0 pasteles<\/p>\n<p>Unidad 2<\/p>\n<p>Enfoque negocios y sociedad<\/p>\n<p>[\/et_pb_text][\/et_pb_column][\/et_pb_row][et_pb_row column_structure=\u00bb1_2,1_2&#8243; _builder_version=\u00bb3.25&#8243; max_width=\u00bb1440px\u00bb custom_margin=\u00bb||50px|\u00bb use_custom_width=\u00bbon\u00bb custom_width_px=\u00bb1440px\u00bb global_colors_info=\u00bb{}\u00bb][et_pb_column type=\u00bb1_2&#8243; _builder_version=\u00bb3.25&#8243; custom_padding=\u00bb|||\u00bb global_colors_info=\u00bb{}\u00bb custom_padding__hover=\u00bb|||\u00bb][et_pb_image src=\u00bbhttp:\/\/dcv.artcom.mx\/pda\/1200642\/wp-content\/uploads\/sites\/26\/2021\/03\/Frutas.jpg\u00bb title_text=\u00bbFrutas\u00bb align_tablet=\u00bbcenter\u00bb align_phone=\u00bbcenter\u00bb align_last_edited=\u00bbon|desktop\u00bb _builder_version=\u00bb4.14.7&#8243; max_width_last_edited=\u00bboff|desktop\u00bb min_height=\u00bb510.6px\u00bb custom_margin=\u00bb|||\u00bb custom_margin_tablet=\u00bb60px|60px|60px|60px\u00bb custom_margin_last_edited=\u00bboff|desktop\u00bb custom_padding=\u00bb|||\u00bb animation_style=\u00bbslide\u00bb animation_direction=\u00bbleft\u00bb animation_intensity_slide=\u00bb4%\u00bb box_shadow_style=\u00bbpreset3&#8243; box_shadow_blur=\u00bb80px\u00bb global_colors_info=\u00bb{}\u00bb][\/et_pb_image][\/et_pb_column][et_pb_column type=\u00bb1_2&#8243; _builder_version=\u00bb3.25&#8243; custom_padding=\u00bb|||\u00bb global_colors_info=\u00bb{}\u00bb custom_padding__hover=\u00bb|||\u00bb][et_pb_text _builder_version=\u00bb4.14.7&#8243; text_font=\u00bbKarla||||||||\u00bb text_font_size=\u00bb16px\u00bb text_line_height=\u00bb1.8em\u00bb header_font=\u00bbArimo||||||||\u00bb header_font_size=\u00bb26px\u00bb header_2_font=\u00bbCormorant Garamond||||||||\u00bb header_2_font_size=\u00bb40px\u00bb header_2_line_height=\u00bb1.4em\u00bb header_3_font=\u00bb||||||||\u00bb locked=\u00bboff\u00bb global_colors_info=\u00bb{}\u00bb]<\/p>\n<h1><strong>Ilustraci\u00f3<\/strong><strong>n<\/strong><\/h1>\n<p>Proyecto: El ultimo proyecto de esta materia consisti\u00f3 en crear una imagen visual de una empresa ya existente, pod\u00edamos hacer las t\u00e9cnicas de l\u00e1piz de color y acuarelas y yo escog\u00ed las acuarelas.<\/p>\n<p>Profesor Jos\u00e9 Fabi\u00e1n<\/p>\n<p>Entrega 23 de noviembre de 2020<\/p>\n<p>Tama\u00f1o 960\u2033 x 665\u2033 80 dpi<\/p>\n<p>T\u00e9cnica de pintura\u00a0 acuarelas<\/p>\n<p>Unidad 3<\/p>\n<p>Enfoque negocios y sociedad<\/p>\n<p>[\/et_pb_text][\/et_pb_column][\/et_pb_row][\/et_pb_section]<\/p>\n","protected":false},"excerpt":{"rendered":"<p>Historia del arte y del dise\u00f1o Actividad: Esta actividad consist\u00eda en hacer una representaci\u00f3n de alguna de las etapas y regi\u00f3n del arte y del dise\u00f1o. Me base en los Griegos, principalmente en Poseid\u00f3n. Profesor Rub\u00ed L\u00f3pez Entrega Tama\u00f1o 2000\u2033 x 1750\u2033\u00a0 72 dpi T\u00e9cnica Mapa de bits Software Photoshop Unidad 1 Enfoque negociosProceso creativo [&hellip;]<\/p>\n","protected":false},"author":30,"featured_media":0,"parent":11,"menu_order":1,"comment_status":"closed","ping_status":"closed","template":"","meta":{"_et_pb_use_builder":"on","_et_pb_old_content":"","_et_gb_content_width":"","inline_featured_image":false,"footnotes":""},"_links":{"self":[{"href":"https:\/\/dcv.artcom.mx\/pda\/1200642\/wp-json\/wp\/v2\/pages\/71"}],"collection":[{"href":"https:\/\/dcv.artcom.mx\/pda\/1200642\/wp-json\/wp\/v2\/pages"}],"about":[{"href":"https:\/\/dcv.artcom.mx\/pda\/1200642\/wp-json\/wp\/v2\/types\/page"}],"author":[{"embeddable":true,"href":"https:\/\/dcv.artcom.mx\/pda\/1200642\/wp-json\/wp\/v2\/users\/30"}],"replies":[{"embeddable":true,"href":"https:\/\/dcv.artcom.mx\/pda\/1200642\/wp-json\/wp\/v2\/comments?post=71"}],"version-history":[{"count":16,"href":"https:\/\/dcv.artcom.mx\/pda\/1200642\/wp-json\/wp\/v2\/pages\/71\/revisions"}],"predecessor-version":[{"id":554,"href":"https:\/\/dcv.artcom.mx\/pda\/1200642\/wp-json\/wp\/v2\/pages\/71\/revisions\/554"}],"up":[{"embeddable":true,"href":"https:\/\/dcv.artcom.mx\/pda\/1200642\/wp-json\/wp\/v2\/pages\/11"}],"wp:attachment":[{"href":"https:\/\/dcv.artcom.mx\/pda\/1200642\/wp-json\/wp\/v2\/media?parent=71"}],"curies":[{"name":"wp","href":"https:\/\/api.w.org\/{rel}","templated":true}]}}