{"id":63,"date":"2020-03-03T17:43:09","date_gmt":"2020-03-03T23:43:09","guid":{"rendered":"http:\/\/pdadcv.artcom.mx\/portafolio-demo\/?page_id=63"},"modified":"2022-03-25T18:49:17","modified_gmt":"2022-03-25T18:49:17","slug":"actividades-eclesiasticas-y-espirituales","status":"publish","type":"page","link":"https:\/\/dcv.artcom.mx\/pda\/1200642\/evidencias\/actividades-eclesiasticas-y-espirituales\/","title":{"rendered":"Actividades eclesi\u00e1sticas y espirituales"},"content":{"rendered":"<p>[et_pb_section fb_built=\u00bb1&#8243; admin_label=\u00bbHero Section\u00bb _builder_version=\u00bb3.22&#8243; custom_padding=\u00bb0|0px|0px|0px\u00bb global_colors_info=\u00bb{}\u00bb][et_pb_row column_structure=\u00bb1_2,1_2&#8243; make_equal=\u00bbon\u00bb _builder_version=\u00bb4.14.7&#8243; width=\u00bb100%\u00bb max_width=\u00bb100%\u00bb custom_padding=\u00bb0px|0|0px|\u00bb use_custom_width=\u00bbon\u00bb width_unit=\u00bboff\u00bb custom_width_percent=\u00bb100%\u00bb global_colors_info=\u00bb{}\u00bb][et_pb_column type=\u00bb1_2&#8243; _builder_version=\u00bb3.25&#8243; custom_padding=\u00bb200px|8%|260px|8%\u00bb custom_padding_tablet=\u00bb80px|10%|80px|10%\u00bb custom_padding_phone=\u00bb\u00bb custom_padding_last_edited=\u00bbon|tablet\u00bb global_colors_info=\u00bb{}\u00bb padding_tablet=\u00bb80px|10%|80px|10%\u00bb padding_last_edited=\u00bbon|tablet\u00bb custom_padding__hover=\u00bb|||\u00bb padding_phone=\u00bb80px|10%|80px|10%\u00bb][et_pb_text _builder_version=\u00bb4.14.7&#8243; text_font=\u00bbKarla||||||||\u00bb text_font_size=\u00bb18px\u00bb text_line_height=\u00bb1.8em\u00bb header_font=\u00bbCormorant Garamond||||||||\u00bb header_font_size=\u00bb56px\u00bb header_line_height=\u00bb1.4em\u00bb header_2_font=\u00bbArimo||||||||\u00bb header_2_text_color=\u00bb#c2ab92&#8243; header_2_font_size=\u00bb56px\u00bb header_3_font=\u00bb||||||||\u00bb max_width=\u00bb600px\u00bb header_font_size_tablet=\u00bb40px\u00bb header_font_size_phone=\u00bb\u00bb header_font_size_last_edited=\u00bbon|tablet\u00bb locked=\u00bboff\u00bb global_colors_info=\u00bb{}\u00bb]<\/p>\n<h2><strong>Actividades eclesi\u00e1sticas y espirituales<\/strong><\/h2>\n<p><span>Desde que tengo uso de raz\u00f3n mis padres siempre me instruyeron en el camino de Jes\u00fas, tanto en los clubes, departamentos y las escuela de iglesia. Me gusta apoyar en los diferentes clubs de mi iglesia, en este a\u00f1o que paso tuve la oportunidad de trabajar de forma virtual con ni\u00f1os de M\u00e9rida, Yucat\u00e1n.<\/span><\/p>\n<p>[\/et_pb_text][\/et_pb_column][et_pb_column type=\u00bb1_2&#8243; _builder_version=\u00bb4.14.7&#8243; background_color=\u00bb#121212&#8243; use_background_color_gradient=\u00bbon\u00bb background_color_gradient_start=\u00bbrgba(18,18,18,0.5)\u00bb background_color_gradient_end=\u00bb#121212&#8243; background_color_gradient_overlays_image=\u00bbon\u00bb background_image=\u00bbhttp:\/\/dcv.artcom.mx\/pda\/1200642\/wp-content\/uploads\/sites\/26\/2022\/02\/laura-rivera-dkb4YWdEDVw-unsplash-scaled.jpg\u00bb custom_padding=\u00bb200px||260px|8%\u00bb custom_padding_tablet=\u00bb80px|10%|80px|10%\u00bb custom_padding_phone=\u00bb\u00bb custom_padding_last_edited=\u00bbon|desktop\u00bb global_colors_info=\u00bb{}\u00bb padding_tablet=\u00bb80px|10%|80px|10%\u00bb padding_last_edited=\u00bbon|desktop\u00bb custom_padding__hover=\u00bb|||\u00bb padding_phone=\u00bb80px|10%|80px|10%\u00bb][\/et_pb_column][\/et_pb_row][\/et_pb_section][et_pb_section fb_built=\u00bb1&#8243; admin_label=\u00bbWelcome &amp; About Us\u00bb _builder_version=\u00bb3.22&#8243; background_color=\u00bb#121212&#8243; min_height=\u00bb180px\u00bb custom_padding=\u00bb100px|0px|19px|0px||\u00bb global_colors_info=\u00bb{}\u00bb][et_pb_row column_structure=\u00bb1_2,1_2&#8243; _builder_version=\u00bb3.25&#8243; custom_padding=\u00bb27px|0px|0|0px\u00bb global_colors_info=\u00bb{}\u00bb][et_pb_column type=\u00bb1_2&#8243; _builder_version=\u00bb3.25&#8243; custom_padding=\u00bb|||\u00bb global_colors_info=\u00bb{}\u00bb custom_padding__hover=\u00bb|||\u00bb][et_pb_text _builder_version=\u00bb4.14.7&#8243; text_font=\u00bb||||||||\u00bb header_font=\u00bb||||||||\u00bb header_2_font=\u00bbArimo||||||||\u00bb header_2_text_align=\u00bbcenter\u00bb header_2_font_size=\u00bb56px\u00bb header_3_font=\u00bbKarla|700||on|||||\u00bb header_3_text_color=\u00bbrgba(255,255,255,0.6)\u00bb header_3_font_size=\u00bb16px\u00bb header_3_letter_spacing=\u00bb1px\u00bb background_layout=\u00bbdark\u00bb max_width=\u00bb600px\u00bb module_alignment=\u00bbleft\u00bb custom_margin=\u00bb|-96px||||\u00bb locked=\u00bboff\u00bb global_colors_info=\u00bb{}\u00bb]<\/p>\n<h2>En la Universidad<\/h2>\n<p>[\/et_pb_text][\/et_pb_column][et_pb_column type=\u00bb1_2&#8243; _builder_version=\u00bb3.25&#8243; custom_padding=\u00bb|||\u00bb global_colors_info=\u00bb{}\u00bb custom_padding__hover=\u00bb|||\u00bb][et_pb_text _builder_version=\u00bb4.14.7&#8243; _module_preset=\u00bbdefault\u00bb text_font=\u00bbKarla||||||||\u00bb global_colors_info=\u00bb{}\u00bb]<\/p>\n<p><span>En la universidad llevamos muy pocas actividades, pero que son tan especiales para mi el por compartir un tiempo con Dios, con mis maestros y compa\u00f1eros, muy aparte de temas educativos y escolares, el poder hablar sobre nosotros y podernos conocer un poco mas con alumnos de otros semestres.\u00a0<\/span><\/p>\n<p>[\/et_pb_text][\/et_pb_column][\/et_pb_row][\/et_pb_section][et_pb_section fb_built=\u00bb1&#8243; admin_label=\u00bbWelcome &amp; About Us\u00bb _builder_version=\u00bb3.22&#8243; background_color=\u00bb#121212&#8243; min_height=\u00bb180px\u00bb custom_margin=\u00bb||-86px|||\u00bb custom_padding=\u00bb47px|0px|19px|0px||\u00bb global_colors_info=\u00bb{}\u00bb][et_pb_row _builder_version=\u00bb3.25&#8243; custom_margin=\u00bb|auto|-3px|auto||\u00bb custom_padding=\u00bb24px|0px|0|0px||\u00bb global_colors_info=\u00bb{}\u00bb][et_pb_column type=\u00bb4_4&#8243; _builder_version=\u00bb3.25&#8243; custom_padding=\u00bb|||\u00bb global_colors_info=\u00bb{}\u00bb custom_padding__hover=\u00bb|||\u00bb][et_pb_text _builder_version=\u00bb4.14.7&#8243; text_font=\u00bb||||||||\u00bb header_font=\u00bb||||||||\u00bb header_2_font=\u00bbArimo||||||||\u00bb header_2_text_align=\u00bbleft\u00bb header_2_text_color=\u00bb#c2ab92&#8243; header_2_font_size=\u00bb24px\u00bb header_3_font=\u00bbKarla|700||on|||||\u00bb header_3_text_color=\u00bbrgba(255,255,255,0.6)\u00bb header_3_font_size=\u00bb16px\u00bb header_3_letter_spacing=\u00bb1px\u00bb background_layout=\u00bbdark\u00bb max_width=\u00bb600px\u00bb module_alignment=\u00bbleft\u00bb custom_margin=\u00bb|-96px||||\u00bb locked=\u00bboff\u00bb global_colors_info=\u00bb{}\u00bb]<\/p>\n<h2>Primer semestre<\/h2>\n<p>[\/et_pb_text][\/et_pb_column][\/et_pb_row][\/et_pb_section][et_pb_section fb_built=\u00bb1&#8243; admin_label=\u00bbWelcome &amp; About Us\u00bb _builder_version=\u00bb3.22&#8243; background_color=\u00bb#121212&#8243; min_height=\u00bb180px\u00bb custom_padding=\u00bb2px|0px|6px|0px||\u00bb global_colors_info=\u00bb{}\u00bb][et_pb_row column_structure=\u00bb1_3,1_3,1_3&#8243; _builder_version=\u00bb3.25&#8243; custom_padding=\u00bb27px|0px|0|0px\u00bb global_colors_info=\u00bb{}\u00bb][et_pb_column type=\u00bb1_3&#8243; _builder_version=\u00bb3.25&#8243; custom_padding=\u00bb|||\u00bb global_colors_info=\u00bb{}\u00bb custom_padding__hover=\u00bb|||\u00bb][et_pb_text _builder_version=\u00bb4.14.7&#8243; text_font=\u00bbKarla||||||||\u00bb header_font=\u00bb||||||||\u00bb header_2_font=\u00bbArimo||||||||\u00bb header_2_text_align=\u00bbcenter\u00bb header_2_font_size=\u00bb56px\u00bb header_3_font=\u00bbKarla|700||on|||||\u00bb header_3_text_color=\u00bbrgba(255,255,255,0.6)\u00bb header_3_font_size=\u00bb16px\u00bb header_3_letter_spacing=\u00bb1px\u00bb background_layout=\u00bbdark\u00bb max_width=\u00bb600px\u00bb module_alignment=\u00bbleft\u00bb custom_margin=\u00bb|-96px||||\u00bb locked=\u00bboff\u00bb global_colors_info=\u00bb{}\u00bb]<\/p>\n<p><span><strong>Semana de\u00a0<\/strong><strong>Oraci\u00f3n<\/strong><\/span><strong>\u00a0<\/strong><\/p>\n<p>En la semana de oraci\u00f3n nos estuvieron dando temas muy interesantes para todos los alumnos y eso nos ayuda para seguir adelante en los diferentes problemas que tengamos en nuestra vida acad\u00e9mica y tambi\u00e9n espiritual.<\/p>\n<p>[\/et_pb_text][\/et_pb_column][et_pb_column type=\u00bb1_3&#8243; _builder_version=\u00bb3.25&#8243; custom_padding=\u00bb|||\u00bb global_colors_info=\u00bb{}\u00bb custom_padding__hover=\u00bb|||\u00bb][et_pb_text _builder_version=\u00bb4.14.7&#8243; _module_preset=\u00bbdefault\u00bb text_font=\u00bbArimo||||||||\u00bb text_text_color=\u00bb#FFFFFF\u00bb global_colors_info=\u00bb{}\u00bb]<\/p>\n<p><span><strong>Culto de DCV<\/strong><\/span><\/p>\n<p>Se realiz\u00f3 un culto dirigido por alumnos y maestros de nuestra carrera, en donde las actividades y el tema que se realizo estuvo muy bien, este culto fue de manera presencial en la Iglesia de Montemorelos la Universidad.<\/p>\n<p>[\/et_pb_text][\/et_pb_column][et_pb_column type=\u00bb1_3&#8243; _builder_version=\u00bb3.25&#8243; custom_padding=\u00bb|||\u00bb global_colors_info=\u00bb{}\u00bb custom_padding__hover=\u00bb|||\u00bb][et_pb_text _builder_version=\u00bb4.14.7&#8243; _module_preset=\u00bbdefault\u00bb text_font=\u00bbKarla||||||||\u00bb text_text_color=\u00bb#FFFFFF\u00bb global_colors_info=\u00bb{}\u00bb]<\/p>\n<p><span><strong>Retiro Espiritual de 1er semestre<\/strong><\/span><\/p>\n<p>Esta actividad fue a inicio de semestre, todos los alumnos de las diferentes carreras nos reunimos de forma virtual para tener nuestro retiro espiritual de bienvenida, fue un momento muy padre ya que conocimos en ese momento alumnos de otras carreras.<\/p>\n<p>[\/et_pb_text][\/et_pb_column][\/et_pb_row][\/et_pb_section][et_pb_section fb_built=\u00bb1&#8243; admin_label=\u00bbWelcome &amp; About Us\u00bb _builder_version=\u00bb3.22&#8243; background_color=\u00bb#121212&#8243; min_height=\u00bb180px\u00bb custom_margin=\u00bb||-86px|||\u00bb custom_padding=\u00bb47px|0px|19px|0px||\u00bb global_colors_info=\u00bb{}\u00bb][et_pb_row _builder_version=\u00bb3.25&#8243; custom_margin=\u00bb|auto|-3px|auto||\u00bb custom_padding=\u00bb24px|0px|0|0px||\u00bb global_colors_info=\u00bb{}\u00bb][et_pb_column type=\u00bb4_4&#8243; _builder_version=\u00bb3.25&#8243; custom_padding=\u00bb|||\u00bb global_colors_info=\u00bb{}\u00bb custom_padding__hover=\u00bb|||\u00bb][et_pb_text _builder_version=\u00bb4.14.7&#8243; text_font=\u00bb||||||||\u00bb header_font=\u00bb||||||||\u00bb header_2_font=\u00bbArimo||||||||\u00bb header_2_text_align=\u00bbleft\u00bb header_2_text_color=\u00bb#c2ab92&#8243; header_2_font_size=\u00bb24px\u00bb header_3_font=\u00bbKarla|700||on|||||\u00bb header_3_text_color=\u00bbrgba(255,255,255,0.6)\u00bb header_3_font_size=\u00bb16px\u00bb header_3_letter_spacing=\u00bb1px\u00bb background_layout=\u00bbdark\u00bb max_width=\u00bb600px\u00bb module_alignment=\u00bbleft\u00bb custom_margin=\u00bb|-96px||||\u00bb locked=\u00bboff\u00bb global_colors_info=\u00bb{}\u00bb]<\/p>\n<h2>Segundo semestre<\/h2>\n<p>[\/et_pb_text][\/et_pb_column][\/et_pb_row][\/et_pb_section][et_pb_section fb_built=\u00bb1&#8243; admin_label=\u00bbWelcome &amp; About Us\u00bb _builder_version=\u00bb3.22&#8243; background_color=\u00bb#121212&#8243; min_height=\u00bb180px\u00bb custom_padding=\u00bb2px|0px|6px|0px||\u00bb global_colors_info=\u00bb{}\u00bb][et_pb_row column_structure=\u00bb1_3,1_3,1_3&#8243; _builder_version=\u00bb3.25&#8243; custom_padding=\u00bb27px|0px|0|0px\u00bb global_colors_info=\u00bb{}\u00bb][et_pb_column type=\u00bb1_3&#8243; _builder_version=\u00bb3.25&#8243; custom_padding=\u00bb|||\u00bb global_colors_info=\u00bb{}\u00bb custom_padding__hover=\u00bb|||\u00bb][et_pb_text _builder_version=\u00bb4.14.7&#8243; text_font=\u00bbKarla||||||||\u00bb header_font=\u00bb||||||||\u00bb header_2_font=\u00bbArimo||||||||\u00bb header_2_text_align=\u00bbcenter\u00bb header_2_font_size=\u00bb56px\u00bb header_3_font=\u00bbKarla|700||on|||||\u00bb header_3_text_color=\u00bbrgba(255,255,255,0.6)\u00bb header_3_font_size=\u00bb16px\u00bb header_3_letter_spacing=\u00bb1px\u00bb background_layout=\u00bbdark\u00bb max_width=\u00bb600px\u00bb module_alignment=\u00bbleft\u00bb custom_margin=\u00bb|-96px||||\u00bb locked=\u00bboff\u00bb global_colors_info=\u00bb{}\u00bb]<\/p>\n<p class=\"p1\"><b>Recepci\u00f3n\u00a0de\u00a0s\u00e1bado\u00a0DCV<\/b><\/p>\n<p class=\"p1\">Todos los alumnos y maestros de la carrera nos juntamos un viernes por la tarde-noche para poder recibir el s\u00e1bado juntos, fue una experiencia padre ya que olvidos las actividades laborales y convivimos con los dem\u00e1s.<\/p>\n<p>[\/et_pb_text][\/et_pb_column][et_pb_column type=\u00bb1_3&#8243; _builder_version=\u00bb3.25&#8243; custom_padding=\u00bb|||\u00bb global_colors_info=\u00bb{}\u00bb custom_padding__hover=\u00bb|||\u00bb][et_pb_text _builder_version=\u00bb4.14.7&#8243; _module_preset=\u00bbdefault\u00bb text_font=\u00bbArimo||||||||\u00bb text_text_color=\u00bb#FFFFFF\u00bb global_colors_info=\u00bb{}\u00bb]<\/p>\n<p class=\"p1\"><b>Retiro Espiritual de 2do semestre<\/b><\/p>\n<p class=\"p1\">Nuestro Capell\u00e1n de la facultad organizo un retiro espiritual, pero est\u00e1bamos todos los alumnos, maestros y coordinadores de la facultad, donde pasamos un momento agradable conviviendo.<\/p>\n<p class=\"p1\">[\/et_pb_text][\/et_pb_column][et_pb_column type=\u00bb1_3&#8243; _builder_version=\u00bb3.25&#8243; custom_padding=\u00bb|||\u00bb global_colors_info=\u00bb{}\u00bb custom_padding__hover=\u00bb|||\u00bb][et_pb_text _builder_version=\u00bb4.14.7&#8243; _module_preset=\u00bbdefault\u00bb text_font=\u00bbKarla||||||||\u00bb text_text_color=\u00bb#FFFFFF\u00bb global_colors_info=\u00bb{}\u00bb]<\/p>\n<p class=\"p1\"><b>Semana de\u00a0oraci\u00f3n<\/b><\/p>\n<p class=\"p1\">La semana de oraci\u00f3n me motiva a seguir adelante cada semestre, creo que para cada alumno es de bendici\u00f3n poder escuchar a las personas que nos dan los temas.<\/p>\n<p>[\/et_pb_text][\/et_pb_column][\/et_pb_row][\/et_pb_section]<\/p>\n","protected":false},"excerpt":{"rendered":"<p>Actividades eclesi\u00e1sticas y espirituales Desde que tengo uso de raz\u00f3n mis padres siempre me instruyeron en el camino de Jes\u00fas, tanto en los clubes, departamentos y las escuela de iglesia. Me gusta apoyar en los diferentes clubs de mi iglesia, en este a\u00f1o que paso tuve la oportunidad de trabajar de forma virtual con ni\u00f1os [&hellip;]<\/p>\n","protected":false},"author":30,"featured_media":0,"parent":11,"menu_order":5,"comment_status":"closed","ping_status":"closed","template":"","meta":{"_et_pb_use_builder":"on","_et_pb_old_content":"<!-- wp:divi\/placeholder \/-->","_et_gb_content_width":"","inline_featured_image":false,"footnotes":""},"_links":{"self":[{"href":"https:\/\/dcv.artcom.mx\/pda\/1200642\/wp-json\/wp\/v2\/pages\/63"}],"collection":[{"href":"https:\/\/dcv.artcom.mx\/pda\/1200642\/wp-json\/wp\/v2\/pages"}],"about":[{"href":"https:\/\/dcv.artcom.mx\/pda\/1200642\/wp-json\/wp\/v2\/types\/page"}],"author":[{"embeddable":true,"href":"https:\/\/dcv.artcom.mx\/pda\/1200642\/wp-json\/wp\/v2\/users\/30"}],"replies":[{"embeddable":true,"href":"https:\/\/dcv.artcom.mx\/pda\/1200642\/wp-json\/wp\/v2\/comments?post=63"}],"version-history":[{"count":11,"href":"https:\/\/dcv.artcom.mx\/pda\/1200642\/wp-json\/wp\/v2\/pages\/63\/revisions"}],"predecessor-version":[{"id":611,"href":"https:\/\/dcv.artcom.mx\/pda\/1200642\/wp-json\/wp\/v2\/pages\/63\/revisions\/611"}],"up":[{"embeddable":true,"href":"https:\/\/dcv.artcom.mx\/pda\/1200642\/wp-json\/wp\/v2\/pages\/11"}],"wp:attachment":[{"href":"https:\/\/dcv.artcom.mx\/pda\/1200642\/wp-json\/wp\/v2\/media?parent=63"}],"curies":[{"name":"wp","href":"https:\/\/api.w.org\/{rel}","templated":true}]}}