{"id":575,"date":"2022-02-18T18:48:41","date_gmt":"2022-02-18T18:48:41","guid":{"rendered":"https:\/\/dcv.artcom.mx\/pda\/1200642\/?page_id=575"},"modified":"2022-05-10T16:24:25","modified_gmt":"2022-05-10T16:24:25","slug":"proyectos-academicos-cuarto-semestre","status":"publish","type":"page","link":"https:\/\/dcv.artcom.mx\/pda\/1200642\/evidencias\/proyectos-academicos-cuarto-semestre\/","title":{"rendered":"Proyectos Acad\u00e9micos Cuarto Semestre"},"content":{"rendered":"<p>[et_pb_section fb_built=\u00bb1&#8243; admin_label=\u00bbServices\u00bb _builder_version=\u00bb4.14.7&#8243; custom_margin=\u00bb||-11px|||\u00bb custom_padding=\u00bb90px|0px|3px|0px||\u00bb global_colors_info=\u00bb{}\u00bb][et_pb_row column_structure=\u00bb1_2,1_2&#8243; _builder_version=\u00bb4.14.7&#8243; custom_padding=\u00bb||1px|||\u00bb use_custom_width=\u00bbon\u00bb custom_width_px=\u00bb1440px\u00bb global_colors_info=\u00bb{}\u00bb][et_pb_column type=\u00bb1_2&#8243; _builder_version=\u00bb3.25&#8243; custom_padding=\u00bb|||\u00bb global_colors_info=\u00bb{}\u00bb custom_padding__hover=\u00bb|||\u00bb][et_pb_gallery gallery_ids=\u00bb735,736,737,738,739,740,741,742&#8243; fullwidth=\u00bbon\u00bb _builder_version=\u00bb4.14.7&#8243; _module_preset=\u00bbdefault\u00bb global_colors_info=\u00bb{}\u00bb][\/et_pb_gallery][\/et_pb_column][et_pb_column type=\u00bb1_2&#8243; _builder_version=\u00bb3.25&#8243; custom_padding=\u00bb|||\u00bb global_colors_info=\u00bb{}\u00bb custom_padding__hover=\u00bb|||\u00bb][et_pb_text _builder_version=\u00bb4.14.7&#8243; text_font=\u00bbKarla||||||||\u00bb text_font_size=\u00bb18px\u00bb text_line_height=\u00bb1.8em\u00bb header_font=\u00bbArimo||||||||\u00bb header_2_font=\u00bbArimo||||||||\u00bb header_2_font_size=\u00bb40px\u00bb header_2_line_height=\u00bb1.4em\u00bb header_3_font=\u00bb||||||||\u00bb min_height=\u00bb353.8px\u00bb custom_padding=\u00bb||0px|||\u00bb locked=\u00bboff\u00bb global_colors_info=\u00bb{}\u00bb]<\/p>\n<h1>Dise\u00f1o de informaci\u00f3n impreso e interactivo<\/h1>\n<p>Deb\u00edamos crear un set iconos reticulados en formas constantes, aptos para transmitir informaci\u00f3n (4 iconos), y argumentar cu\u00e1l es la categor\u00eda en la que corresponde, el Ema que me toco fue categor\u00edas de Expo Artcom.<\/p>\n<p>Profesor: Moises Varela Delgado<\/p>\n<p>Entrega: 04 de marzo de 2022<\/p>\n<p>&nbsp;<\/p>\n<p>&nbsp;<\/p>\n<p>[\/et_pb_text][\/et_pb_column][\/et_pb_row][et_pb_row column_structure=\u00bb1_2,1_2&#8243; _builder_version=\u00bb4.14.7&#8243; custom_padding=\u00bb||1px|||\u00bb use_custom_width=\u00bbon\u00bb custom_width_px=\u00bb1440px\u00bb global_colors_info=\u00bb{}\u00bb][et_pb_column type=\u00bb1_2&#8243; _builder_version=\u00bb3.25&#8243; custom_padding=\u00bb|||\u00bb global_colors_info=\u00bb{}\u00bb custom_padding__hover=\u00bb|||\u00bb][et_pb_gallery gallery_ids=\u00bb745,746,747,748,749&#8243; fullwidth=\u00bbon\u00bb _builder_version=\u00bb4.14.7&#8243; _module_preset=\u00bbdefault\u00bb global_colors_info=\u00bb{}\u00bb][\/et_pb_gallery][\/et_pb_column][et_pb_column type=\u00bb1_2&#8243; _builder_version=\u00bb3.25&#8243; custom_padding=\u00bb|||\u00bb global_colors_info=\u00bb{}\u00bb custom_padding__hover=\u00bb|||\u00bb][et_pb_text _builder_version=\u00bb4.14.7&#8243; text_font=\u00bbKarla||||||||\u00bb text_font_size=\u00bb18px\u00bb text_line_height=\u00bb1.8em\u00bb header_font=\u00bbArimo||||||||\u00bb header_2_font=\u00bbArimo||||||||\u00bb header_2_font_size=\u00bb40px\u00bb header_2_line_height=\u00bb1.4em\u00bb header_3_font=\u00bb||||||||\u00bb min_height=\u00bb320.8px\u00bb custom_padding=\u00bb||0px|||\u00bb locked=\u00bboff\u00bb global_colors_info=\u00bb{}\u00bb]<\/p>\n<h1>Dise\u00f1o de informaci\u00f3n impreso e interactivo<\/h1>\n<p class=\"p1\">Esta actividad consist\u00eda en recopilar ejemplos de dato e informaci\u00f3n que encontr\u00e1ramos en nuestro d\u00eda a d\u00eda, para as\u00ed poder identificar m\u00e1s f\u00e1cilmente las cosas en los proyectos.<\/p>\n<p>Profesor: Moises Varela Delgado<\/p>\n<p>Entrega: 24 de enero de 2022<\/p>\n<p>&nbsp;<\/p>\n<p>&nbsp;<\/p>\n<p>[\/et_pb_text][\/et_pb_column][\/et_pb_row][et_pb_row column_structure=\u00bb1_2,1_2&#8243; _builder_version=\u00bb4.14.7&#8243; use_custom_width=\u00bbon\u00bb custom_width_px=\u00bb1440px\u00bb global_colors_info=\u00bb{}\u00bb][et_pb_column type=\u00bb1_2&#8243; _builder_version=\u00bb3.25&#8243; custom_padding=\u00bb|||\u00bb global_colors_info=\u00bb{}\u00bb custom_padding__hover=\u00bb|||\u00bb][et_pb_gallery gallery_ids=\u00bb753,754&#8243; fullwidth=\u00bbon\u00bb _builder_version=\u00bb4.14.7&#8243; _module_preset=\u00bbdefault\u00bb global_colors_info=\u00bb{}\u00bb][\/et_pb_gallery][\/et_pb_column][et_pb_column type=\u00bb1_2&#8243; _builder_version=\u00bb3.25&#8243; custom_padding=\u00bb|||\u00bb global_colors_info=\u00bb{}\u00bb custom_padding__hover=\u00bb|||\u00bb][et_pb_text _builder_version=\u00bb4.14.7&#8243; text_font=\u00bbKarla||||||||\u00bb text_font_size=\u00bb18px\u00bb text_line_height=\u00bb1.8em\u00bb header_font=\u00bbArimo||||||||\u00bb header_2_font=\u00bbArimo||||||||\u00bb header_2_font_size=\u00bb40px\u00bb header_2_line_height=\u00bb1.4em\u00bb header_3_font=\u00bb||||||||\u00bb locked=\u00bboff\u00bb global_colors_info=\u00bb{}\u00bb]<\/p>\n<h1>Dise\u00f1o de informaci\u00f3n impreso e interactivo<\/h1>\n<p>Esta actividad deb\u00edamos lograr un enfoque creativo que desemboque en la propuesta novedosa de gr\u00e1ficos nuevos y eficaces para visualizaci\u00f3n de informaci\u00f3n mediante la inspiraci\u00f3n en la naturaleza.<\/p>\n<p>Profesor: Moises Varela Delgado<\/p>\n<p>Entrega: 17 de Febrero de 2022<\/p>\n<p><strong>\u00a0<\/strong><\/p>\n<p>&nbsp;<\/p>\n<p>&nbsp;<\/p>\n<p>[\/et_pb_text][\/et_pb_column][\/et_pb_row][et_pb_row column_structure=\u00bb1_2,1_2&#8243; _builder_version=\u00bb4.14.7&#8243; use_custom_width=\u00bbon\u00bb custom_width_px=\u00bb1440px\u00bb global_colors_info=\u00bb{}\u00bb][et_pb_column type=\u00bb1_2&#8243; _builder_version=\u00bb3.25&#8243; custom_padding=\u00bb|||\u00bb global_colors_info=\u00bb{}\u00bb custom_padding__hover=\u00bb|||\u00bb][et_pb_gallery gallery_ids=\u00bb757,758,759,760,761&#8243; fullwidth=\u00bbon\u00bb _builder_version=\u00bb4.14.7&#8243; _module_preset=\u00bbdefault\u00bb global_colors_info=\u00bb{}\u00bb][\/et_pb_gallery][\/et_pb_column][et_pb_column type=\u00bb1_2&#8243; _builder_version=\u00bb3.25&#8243; custom_padding=\u00bb|||\u00bb global_colors_info=\u00bb{}\u00bb custom_padding__hover=\u00bb|||\u00bb][et_pb_text _builder_version=\u00bb4.14.7&#8243; text_font=\u00bbKarla||||||||\u00bb text_font_size=\u00bb18px\u00bb text_line_height=\u00bb1.8em\u00bb header_font=\u00bbArimo||||||||\u00bb header_2_font=\u00bbArimo||||||||\u00bb header_2_font_size=\u00bb40px\u00bb header_2_line_height=\u00bb1.4em\u00bb header_3_font=\u00bb||||||||\u00bb custom_padding=\u00bb0px|||||\u00bb locked=\u00bboff\u00bb global_colors_info=\u00bb{}\u00bb]<\/p>\n<h1>Dise\u00f1o de informaci\u00f3n impreso e interactivo<\/h1>\n<p>Presentar 1 ejemplo de Dise\u00f1o de Informaci\u00f3n de cada categor\u00eda, que haya sido aplicado con \u00e9xito y que funciones eficazmente.<\/p>\n<ol class=\"ol1\">\n<li class=\"li1\">DDI Impreso<\/li>\n<li class=\"li1\">DDI Interactivo<\/li>\n<li class=\"li1\">DDI Ambiental<\/li>\n<\/ol>\n<p>Profesor: Moises Varela Delgado<\/p>\n<p>Entrega: 9 de marzo de 2022<\/p>\n<p>&nbsp;<\/p>\n<p>&nbsp;<\/p>\n<p>[\/et_pb_text][\/et_pb_column][\/et_pb_row][et_pb_row column_structure=\u00bb1_2,1_2&#8243; _builder_version=\u00bb4.14.7&#8243; use_custom_width=\u00bbon\u00bb custom_width_px=\u00bb1440px\u00bb global_colors_info=\u00bb{}\u00bb][et_pb_column type=\u00bb1_2&#8243; _builder_version=\u00bb3.25&#8243; custom_padding=\u00bb|||\u00bb global_colors_info=\u00bb{}\u00bb custom_padding__hover=\u00bb|||\u00bb][et_pb_gallery _builder_version=\u00bb4.14.7&#8243; _module_preset=\u00bbdefault\u00bb gallery_ids=\u00bb798,799,800,801,802,803&#8243; hover_enabled=\u00bb0&#8243; sticky_enabled=\u00bb0&#8243; fullwidth=\u00bbon\u00bb custom_padding=\u00bb1px||1px|||\u00bb min_height=\u00bb712.8px\u00bb][\/et_pb_gallery][\/et_pb_column][et_pb_column type=\u00bb1_2&#8243; _builder_version=\u00bb3.25&#8243; custom_padding=\u00bb|||\u00bb global_colors_info=\u00bb{}\u00bb custom_padding__hover=\u00bb|||\u00bb][et_pb_text _builder_version=\u00bb4.14.7&#8243; text_font=\u00bbKarla||||||||\u00bb text_font_size=\u00bb18px\u00bb text_line_height=\u00bb1.8em\u00bb header_font=\u00bbArimo||||||||\u00bb header_2_font=\u00bbArimo||||||||\u00bb header_2_font_size=\u00bb40px\u00bb header_2_line_height=\u00bb1.4em\u00bb header_3_font=\u00bb||||||||\u00bb custom_padding=\u00bb0px|||||\u00bb locked=\u00bboff\u00bb global_colors_info=\u00bb{}\u00bb]<\/p>\n<h1>Dise\u00f1o de informaci\u00f3n impreso e interactivo<\/h1>\n<p class=\"p1\">El proyecto integrador consiste en crear una interfaz donde las personas puedan filtrar la informaci\u00f3n y poder tener un mejor resultado, donde antes se realizo una investigaci\u00f3n etnogr\u00e1fica para saber mas sobre el publico que la utilizara.<\/p>\n<p>Profesor: Moises Varela Delgado<\/p>\n<p>Entrega: 04 de mayo de 2022<\/p>\n<p>&nbsp;<\/p>\n<p>&nbsp;<\/p>\n<p>[\/et_pb_text][\/et_pb_column][\/et_pb_row][et_pb_row column_structure=\u00bb1_2,1_2&#8243; _builder_version=\u00bb4.14.7&#8243; custom_padding=\u00bb||0px|||\u00bb use_custom_width=\u00bbon\u00bb custom_width_px=\u00bb1440px\u00bb global_colors_info=\u00bb{}\u00bb][et_pb_column type=\u00bb1_2&#8243; _builder_version=\u00bb3.25&#8243; custom_padding=\u00bb|||\u00bb global_colors_info=\u00bb{}\u00bb custom_padding__hover=\u00bb|||\u00bb][et_pb_gallery gallery_ids=\u00bb731,732&#8243; fullwidth=\u00bbon\u00bb _builder_version=\u00bb4.14.7&#8243; _module_preset=\u00bbdefault\u00bb min_height=\u00bb559.7px\u00bb custom_margin=\u00bb|94px||||\u00bb custom_padding=\u00bb||0px|||\u00bb global_colors_info=\u00bb{}\u00bb][\/et_pb_gallery][\/et_pb_column][et_pb_column type=\u00bb1_2&#8243; _builder_version=\u00bb3.25&#8243; custom_padding=\u00bb|||\u00bb global_colors_info=\u00bb{}\u00bb custom_padding__hover=\u00bb|||\u00bb][et_pb_text _builder_version=\u00bb4.14.7&#8243; text_font=\u00bbKarla||||||||\u00bb text_font_size=\u00bb18px\u00bb text_line_height=\u00bb1.8em\u00bb header_font=\u00bbArimo||||||||\u00bb header_2_font=\u00bbArimo||||||||\u00bb header_2_font_size=\u00bb40px\u00bb header_2_line_height=\u00bb1.4em\u00bb header_3_font=\u00bb||||||||\u00bb locked=\u00bboff\u00bb global_colors_info=\u00bb{}\u00bb]<\/p>\n<h1>Dise\u00f1o Contempor\u00e1neo<\/h1>\n<p>De forma individual, deb\u00edamos crear una <b>pieza de dise\u00f1o\u00a0l\u00fadica, informativa y\/o funcional<\/b>\u00a0(de caracter\u00edsticas y dimensiones libres) que represente conceptualmente la inspiraci\u00f3n y aportes destacados de la escuela de la Bauhaus. La pieza de dise\u00f1o debia abordar puntos hist\u00f3ricos, ideol\u00f3gicos y visuales de la Bauhaus.<\/p>\n<p>Profesor: Moises Varela Delgado<\/p>\n<p>Entrega: 1 de abril de 2022<\/p>\n<p>&nbsp;<\/p>\n<p>&nbsp;<\/p>\n<p>[\/et_pb_text][\/et_pb_column][\/et_pb_row][et_pb_row column_structure=\u00bb1_2,1_2&#8243; _builder_version=\u00bb4.14.7&#8243; custom_padding=\u00bb||0px|||\u00bb use_custom_width=\u00bbon\u00bb custom_width_px=\u00bb1440px\u00bb global_colors_info=\u00bb{}\u00bb][et_pb_column type=\u00bb1_2&#8243; _builder_version=\u00bb3.25&#8243; custom_padding=\u00bb|||\u00bb global_colors_info=\u00bb{}\u00bb custom_padding__hover=\u00bb|||\u00bb][et_pb_gallery gallery_ids=\u00bb795&#8243; fullwidth=\u00bbon\u00bb _builder_version=\u00bb4.14.7&#8243; _module_preset=\u00bbdefault\u00bb min_height=\u00bb559.7px\u00bb custom_margin=\u00bb|94px||||\u00bb custom_padding=\u00bb||0px|||\u00bb global_colors_info=\u00bb{}\u00bb][\/et_pb_gallery][\/et_pb_column][et_pb_column type=\u00bb1_2&#8243; _builder_version=\u00bb3.25&#8243; custom_padding=\u00bb|||\u00bb global_colors_info=\u00bb{}\u00bb custom_padding__hover=\u00bb|||\u00bb][et_pb_text _builder_version=\u00bb4.14.7&#8243; text_font=\u00bbKarla||||||||\u00bb text_font_size=\u00bb18px\u00bb text_line_height=\u00bb1.8em\u00bb header_font=\u00bbArimo||||||||\u00bb header_2_font=\u00bbArimo||||||||\u00bb header_2_font_size=\u00bb40px\u00bb header_2_line_height=\u00bb1.4em\u00bb header_3_font=\u00bb||||||||\u00bb locked=\u00bboff\u00bb global_colors_info=\u00bb{}\u00bb]<\/p>\n<h1>Dise\u00f1o Contempor\u00e1neo<\/h1>\n<p class=\"p1\">Cada alumno creamos 2 manifiestos que hayan sido postulados como medio de planteamientos, comunicaci\u00f3n y difusi\u00f3n de alg\u00fan moviendo art\u00edstico, grupo filos\u00f3fico.<\/p>\n<p>Profesor: Moises Varela Delgado<\/p>\n<p>Entrega: 04 de mayo de 2022<\/p>\n<p>&nbsp;<\/p>\n<p>&nbsp;<\/p>\n<p>[\/et_pb_text][\/et_pb_column][\/et_pb_row][et_pb_row column_structure=\u00bb1_2,1_2&#8243; _builder_version=\u00bb4.14.7&#8243; use_custom_width=\u00bbon\u00bb custom_width_px=\u00bb1440px\u00bb global_colors_info=\u00bb{}\u00bb][et_pb_column type=\u00bb1_2&#8243; _builder_version=\u00bb3.25&#8243; custom_padding=\u00bb|||\u00bb global_colors_info=\u00bb{}\u00bb custom_padding__hover=\u00bb|||\u00bb][et_pb_gallery gallery_ids=\u00bb766,767,768,769,770,771,772,773&#8243; fullwidth=\u00bbon\u00bb _builder_version=\u00bb4.14.7&#8243; _module_preset=\u00bbdefault\u00bb global_colors_info=\u00bb{}\u00bb][\/et_pb_gallery][\/et_pb_column][et_pb_column type=\u00bb1_2&#8243; _builder_version=\u00bb3.25&#8243; custom_padding=\u00bb|||\u00bb global_colors_info=\u00bb{}\u00bb custom_padding__hover=\u00bb|||\u00bb][et_pb_text _builder_version=\u00bb4.14.7&#8243; text_font=\u00bbKarla||||||||\u00bb text_font_size=\u00bb18px\u00bb text_line_height=\u00bb1.8em\u00bb header_font=\u00bbArimo||||||||\u00bb header_2_font=\u00bbArimo||||||||\u00bb header_2_font_size=\u00bb40px\u00bb header_2_line_height=\u00bb1.4em\u00bb header_3_font=\u00bb||||||||\u00bb locked=\u00bboff\u00bb global_colors_info=\u00bb{}\u00bb]<\/p>\n<h1>Pentateuco<\/h1>\n<p>Investigar en equipo acerca acerca de las fiestas del tabern\u00e1culo en especif\u00edco a la fiesta de las trompetas.<\/p>\n<p>Profesor: Agustin Andrade Diaz<\/p>\n<p>Entrega: 23 de marzo de 2022<\/p>\n<p>[\/et_pb_text][\/et_pb_column][\/et_pb_row][et_pb_row column_structure=\u00bb1_2,1_2&#8243; _builder_version=\u00bb4.14.7&#8243; use_custom_width=\u00bbon\u00bb custom_width_px=\u00bb1440px\u00bb global_colors_info=\u00bb{}\u00bb][et_pb_column type=\u00bb1_2&#8243; _builder_version=\u00bb3.25&#8243; custom_padding=\u00bb|||\u00bb global_colors_info=\u00bb{}\u00bb custom_padding__hover=\u00bb|||\u00bb][et_pb_gallery gallery_ids=\u00bb775,776&#8243; fullwidth=\u00bbon\u00bb _builder_version=\u00bb4.14.7&#8243; _module_preset=\u00bbdefault\u00bb global_colors_info=\u00bb{}\u00bb][\/et_pb_gallery][\/et_pb_column][et_pb_column type=\u00bb1_2&#8243; _builder_version=\u00bb3.25&#8243; custom_padding=\u00bb|||\u00bb global_colors_info=\u00bb{}\u00bb custom_padding__hover=\u00bb|||\u00bb][et_pb_text _builder_version=\u00bb4.14.7&#8243; text_font=\u00bbKarla||||||||\u00bb text_font_size=\u00bb18px\u00bb text_line_height=\u00bb1.8em\u00bb header_font=\u00bbArimo||||||||\u00bb header_2_font=\u00bbArimo||||||||\u00bb header_2_font_size=\u00bb40px\u00bb header_2_line_height=\u00bb1.4em\u00bb header_3_font=\u00bb||||||||\u00bb locked=\u00bboff\u00bb global_colors_info=\u00bb{}\u00bb]<\/p>\n<h1>Marketing<\/h1>\n<p><span>Realizamos un resumen (con nuestras propias palabras) de algun libro que escogimos, tenia que ser de al menos una p\u00e1gina, y debia contener que tener una breve conclusi\u00f3n al final.<\/span><\/p>\n<p>Profesor: Allen Kevin Zapien Zamora<\/p>\n<p>Entrega: 3 de marzo de 2022<\/p>\n<p>[\/et_pb_text][\/et_pb_column][\/et_pb_row][et_pb_row column_structure=\u00bb1_2,1_2&#8243; _builder_version=\u00bb4.14.7&#8243; use_custom_width=\u00bbon\u00bb custom_width_px=\u00bb1440px\u00bb global_colors_info=\u00bb{}\u00bb][et_pb_column type=\u00bb1_2&#8243; _builder_version=\u00bb3.25&#8243; custom_padding=\u00bb|||\u00bb global_colors_info=\u00bb{}\u00bb custom_padding__hover=\u00bb|||\u00bb][et_pb_gallery gallery_ids=\u00bb777&#8243; fullwidth=\u00bbon\u00bb _builder_version=\u00bb4.14.7&#8243; _module_preset=\u00bbdefault\u00bb global_colors_info=\u00bb{}\u00bb][\/et_pb_gallery][\/et_pb_column][et_pb_column type=\u00bb1_2&#8243; _builder_version=\u00bb3.25&#8243; custom_padding=\u00bb|||\u00bb global_colors_info=\u00bb{}\u00bb custom_padding__hover=\u00bb|||\u00bb][et_pb_text _builder_version=\u00bb4.14.7&#8243; text_font=\u00bbKarla||||||||\u00bb text_font_size=\u00bb18px\u00bb text_line_height=\u00bb1.8em\u00bb header_font=\u00bbArimo||||||||\u00bb header_2_font=\u00bbArimo||||||||\u00bb header_2_font_size=\u00bb40px\u00bb header_2_line_height=\u00bb1.4em\u00bb header_3_font=\u00bb||||||||\u00bb locked=\u00bboff\u00bb global_colors_info=\u00bb{}\u00bb]<\/p>\n<h1>Marketing<\/h1>\n<p><span>Realizamos un resumen (con nuestras propias palabras) de alg\u00fan libro que escogimos, tenia que ser de al menos una p\u00e1gina, y deb\u00eda contener que tener una breve conclusi\u00f3n al final, cada reporte de lectura contiene diferentes temas y tambi\u00e9n libros para leer.\u00a0<\/span><\/p>\n<p>Profesor: Allen Kevin Zapien Zamora<\/p>\n<p>Entrega: 24 de marzo de 2022<\/p>\n<p>[\/et_pb_text][\/et_pb_column][\/et_pb_row][\/et_pb_section]<\/p>\n","protected":false},"excerpt":{"rendered":"<p>Dise\u00f1o de informaci\u00f3n impreso e interactivo Deb\u00edamos crear un set iconos reticulados en formas constantes, aptos para transmitir informaci\u00f3n (4 iconos), y argumentar cu\u00e1l es la categor\u00eda en la que corresponde, el Ema que me toco fue categor\u00edas de Expo Artcom. Profesor: Moises Varela Delgado Entrega: 04 de marzo de 2022 &nbsp; &nbsp;Dise\u00f1o de informaci\u00f3n [&hellip;]<\/p>\n","protected":false},"author":30,"featured_media":0,"parent":11,"menu_order":1,"comment_status":"closed","ping_status":"closed","template":"","meta":{"_et_pb_use_builder":"on","_et_pb_old_content":"","_et_gb_content_width":"","inline_featured_image":false,"footnotes":""},"_links":{"self":[{"href":"https:\/\/dcv.artcom.mx\/pda\/1200642\/wp-json\/wp\/v2\/pages\/575"}],"collection":[{"href":"https:\/\/dcv.artcom.mx\/pda\/1200642\/wp-json\/wp\/v2\/pages"}],"about":[{"href":"https:\/\/dcv.artcom.mx\/pda\/1200642\/wp-json\/wp\/v2\/types\/page"}],"author":[{"embeddable":true,"href":"https:\/\/dcv.artcom.mx\/pda\/1200642\/wp-json\/wp\/v2\/users\/30"}],"replies":[{"embeddable":true,"href":"https:\/\/dcv.artcom.mx\/pda\/1200642\/wp-json\/wp\/v2\/comments?post=575"}],"version-history":[{"count":16,"href":"https:\/\/dcv.artcom.mx\/pda\/1200642\/wp-json\/wp\/v2\/pages\/575\/revisions"}],"predecessor-version":[{"id":805,"href":"https:\/\/dcv.artcom.mx\/pda\/1200642\/wp-json\/wp\/v2\/pages\/575\/revisions\/805"}],"up":[{"embeddable":true,"href":"https:\/\/dcv.artcom.mx\/pda\/1200642\/wp-json\/wp\/v2\/pages\/11"}],"wp:attachment":[{"href":"https:\/\/dcv.artcom.mx\/pda\/1200642\/wp-json\/wp\/v2\/media?parent=575"}],"curies":[{"name":"wp","href":"https:\/\/api.w.org\/{rel}","templated":true}]}}