{"id":17,"date":"2020-03-03T22:36:20","date_gmt":"2020-03-04T04:36:20","guid":{"rendered":"http:\/\/pdadcv.artcom.mx\/portafolio-demo\/?page_id=17"},"modified":"2023-05-09T22:49:59","modified_gmt":"2023-05-09T22:49:59","slug":"investigaciones","status":"publish","type":"page","link":"https:\/\/dcv.artcom.mx\/pda\/1200642\/investigaciones\/","title":{"rendered":"Investigaciones"},"content":{"rendered":"<p>[et_pb_section fb_built=\u00bb1&#8243; admin_label=\u00bbHero Section\u00bb _builder_version=\u00bb4.16&#8243; custom_padding=\u00bb0|0px|0px|0px\u00bb global_colors_info=\u00bb{}\u00bb][et_pb_row column_structure=\u00bb1_2,1_2&#8243; use_custom_gutter=\u00bbon\u00bb make_equal=\u00bbon\u00bb _builder_version=\u00bb4.16&#8243; width=\u00bb100%\u00bb max_width=\u00bb100%\u00bb custom_padding=\u00bb0px|0|0px|\u00bb use_custom_width=\u00bbon\u00bb width_unit=\u00bboff\u00bb custom_width_percent=\u00bb100%\u00bb global_colors_info=\u00bb{}\u00bb][et_pb_column type=\u00bb1_2&#8243; _builder_version=\u00bb4.16&#8243; custom_padding=\u00bb200px|4%|200px|8%\u00bb custom_padding_tablet=\u00bb60px|10%|60px|10%\u00bb custom_padding_phone=\u00bb60px|10%|60px|10%\u00bb custom_padding_last_edited=\u00bbon|tablet\u00bb global_colors_info=\u00bb{}\u00bb padding_tablet=\u00bb60px|10%|60px|10%\u00bb padding_last_edited=\u00bbon|tablet\u00bb custom_padding__hover=\u00bb|||\u00bb padding_phone=\u00bb60px|10%|60px|10%\u00bb][et_pb_text _builder_version=\u00bb4.16&#8243; text_font=\u00bbKarla||||||||\u00bb text_font_size=\u00bb18px\u00bb text_line_height=\u00bb1.8em\u00bb header_font=\u00bbArimo||||||||\u00bb header_font_size=\u00bb56px\u00bb header_line_height=\u00bb1.4em\u00bb header_2_font=\u00bb||||||||\u00bb header_3_font=\u00bb||||||||\u00bb max_width=\u00bb600px\u00bb header_font_size_tablet=\u00bb40px\u00bb header_font_size_phone=\u00bb\u00bb header_font_size_last_edited=\u00bbon|tablet\u00bb locked=\u00bboff\u00bb global_colors_info=\u00bb{}\u00bb]<\/p>\n<h1>Investigaci\u00f3n<\/h1>\n<p>[\/et_pb_text][et_pb_text _builder_version=\u00bb4.16&#8243; _module_preset=\u00bbdefault\u00bb text_font=\u00bbKarla||||||||\u00bb text_font_size=\u00bb16px\u00bb global_colors_info=\u00bb{}\u00bb]<\/p>\n<p><span>En esta parte quiero poner el tema de la investigaci\u00f3n que empezare a realizar lo sientes semestres.<\/span><\/p>\n<p>[\/et_pb_text][\/et_pb_column][et_pb_column type=\u00bb1_2&#8243; _builder_version=\u00bb4.16&#8243; background_color=\u00bb#121212&#8243; use_background_color_gradient=\u00bbon\u00bb background_color_gradient_stops=\u00bbrgba(18,18,18,0.5) 0%|#121212 100%\u00bb background_color_gradient_overlays_image=\u00bbon\u00bb background_color_gradient_start=\u00bbrgba(18,18,18,0.5)\u00bb background_color_gradient_end=\u00bb#121212&#8243; background_image=\u00bbhttp:\/\/dcv.artcom.mx\/pda\/1200642\/wp-content\/uploads\/sites\/26\/2022\/02\/sarah-dorweiler-qddLJnd51bU-unsplash-scaled.jpg\u00bb custom_padding=\u00bb100px||100px|\u00bb custom_padding_tablet=\u00bb60px||60px|\u00bb custom_padding_phone=\u00bb60px||60px|\u00bb custom_padding_last_edited=\u00bbon|desktop\u00bb global_colors_info=\u00bb{}\u00bb padding_tablet=\u00bb60px||60px|\u00bb padding_last_edited=\u00bbon|desktop\u00bb custom_padding__hover=\u00bb|||\u00bb padding_phone=\u00bb60px||60px|\u00bb][et_pb_divider show_divider=\u00bboff\u00bb _builder_version=\u00bb4.16&#8243; height=\u00bb100px\u00bb global_colors_info=\u00bb{}\u00bb][\/et_pb_divider][\/et_pb_column][\/et_pb_row][\/et_pb_section][et_pb_section fb_built=\u00bb1&#8243; admin_label=\u00bbAbout\u00bb _builder_version=\u00bb4.16&#8243; background_color=\u00bb#121212&#8243; custom_padding=\u00bb100px|0px|0px|0px||\u00bb global_colors_info=\u00bb{}\u00bb][et_pb_row column_structure=\u00bb1_3,2_3&#8243; make_equal=\u00bbon\u00bb _builder_version=\u00bb4.16&#8243; custom_margin=\u00bb|||\u00bb custom_padding=\u00bb50px|0px|50px|0px\u00bb global_colors_info=\u00bb{}\u00bb][et_pb_column type=\u00bb1_3&#8243; _builder_version=\u00bb4.16&#8243; custom_padding=\u00bb|||\u00bb global_colors_info=\u00bb{}\u00bb custom_padding__hover=\u00bb|||\u00bb][et_pb_image src=\u00bbhttp:\/\/dcv.artcom.mx\/pda\/1200642\/wp-content\/uploads\/sites\/26\/2022\/02\/sincerely-media-PWetccrWJbI-unsplash-scaled.jpg\u00bb title_text=\u00bbsincerely-media-PWetccrWJbI-unsplash\u00bb align_tablet=\u00bbcenter\u00bb align_phone=\u00bbcenter\u00bb align_last_edited=\u00bbon|desktop\u00bb _builder_version=\u00bb4.16&#8243; global_colors_info=\u00bb{}\u00bb][\/et_pb_image][\/et_pb_column][et_pb_column type=\u00bb2_3&#8243; _builder_version=\u00bb4.16&#8243; background_color=\u00bb#1b1b1b\u00bb custom_padding=\u00bb50px|40px|50px|40px\u00bb global_colors_info=\u00bb{}\u00bb custom_padding__hover=\u00bb|||\u00bb][et_pb_text _builder_version=\u00bb4.20.4&#8243; text_font=\u00bbKarla||||||||\u00bb text_text_color=\u00bbrgba(255,255,255,0.7)\u00bb text_font_size=\u00bb18px\u00bb text_line_height=\u00bb1.8em\u00bb header_font=\u00bb||||||||\u00bb header_2_font=\u00bb||||||||\u00bb header_3_font=\u00bbCormorant Garamond||||||||\u00bb header_3_font_size=\u00bb24px\u00bb header_3_line_height=\u00bb1.4em\u00bb background_layout=\u00bbdark\u00bb max_width=\u00bb600px\u00bb hover_enabled=\u00bb0&#8243; locked=\u00bboff\u00bb global_colors_info=\u00bb{}\u00bb sticky_enabled=\u00bb0&#8243;]<\/p>\n<p><strong>Titulo de la investigaci\u00f3n:<\/strong><span><\/span><\/p>\n<p><span style=\"font-weight: 400\">Identificar los estilos tipogr\u00e1ficos que permiten el aprendizaje b\u00e1sico de la lectura en los ni\u00f1os del 3er grado de primaria del Instituto Soledad Acevedo de los Reyes, Montemorelos, Nuevo Le\u00f3n<\/span><\/p>\n<p><strong>Docente:<\/strong><span>\u00a0<\/span><\/p>\n<p>Mois\u00e9s Varela<\/p>\n<p><strong>Objetivos:<\/strong><\/p>\n<p><i><span style=\"font-weight: 400\">Objetivo general:<\/span><\/i><\/p>\n<p><span style=\"font-weight: 400\">Identificar los estilos tipogr\u00e1ficos que permiten el aprendizaje b\u00e1sico de la lectura en los ni\u00f1os del 3er grado de la primaria del Instituto Soledad Acevedo de los Reyes, en Montemorelos, Nuevo Le\u00f3n.<\/span><\/p>\n<p><i><span style=\"font-weight: 400\">Objetivos espec\u00edficos<\/span><\/i><strong><\/strong><\/p>\n<ol>\n<li style=\"font-weight: 400\"><span style=\"font-weight: 400\">Seleccionar qu\u00e9 tipograf\u00edas se les complica m\u00e1s a los ni\u00f1os al momento de aprender a leer.<\/span><\/li>\n<li style=\"font-weight: 400\"><span style=\"font-weight: 400\">Identificar la legibilidad y eficacia que tienen distintas tipograf\u00edas para el aprendizaje de la lectura.<\/span><\/li>\n<li style=\"font-weight: 400\"><span style=\"font-weight: 400\">Conocer las tipograf\u00edas m\u00e1s adecuadas para el desarrollo de la lectura en ni\u00f1os de 6 a\u00f1os.<\/span><\/li>\n<\/ol>\n<p><strong><br \/><\/strong><strong>Pregunta de Investigaci\u00f3n:\u00a0<\/strong>\u00a0<\/p>\n<p><span style=\"font-weight: 400\">\u00bfQu\u00e9 estilos tipogr\u00e1ficos permiten el aprendizaje b\u00e1sico de la lectura en los ni\u00f1os del 3er grado de primaria del Instituto Soledad Acevedo de los Reyes, en Montemorelos, Nuevo Le\u00f3n?<\/span><\/p>\n<p>[\/et_pb_text][et_pb_divider color=\u00bb#c2ab92&#8243; divider_weight=\u00bb2px\u00bb _builder_version=\u00bb4.16&#8243; max_width=\u00bb50px\u00bb locked=\u00bboff\u00bb global_colors_info=\u00bb{}\u00bb][\/et_pb_divider][\/et_pb_column][\/et_pb_row][\/et_pb_section][et_pb_section fb_built=\u00bb1&#8243; _builder_version=\u00bb4.16&#8243; _module_preset=\u00bbdefault\u00bb use_background_color_gradient=\u00bbon\u00bb background_color_gradient_stops=\u00bb#ffffff 0%|#0a0000 100%\u00bb background_color_gradient_start=\u00bb#ffffff\u00bb background_color_gradient_end=\u00bb#0a0000&#8243; background_image=\u00bbhttp:\/\/dcv.artcom.mx\/pda\/1200642\/wp-content\/uploads\/sites\/26\/2022\/02\/o.jpg\u00bb min_height=\u00bb912.8px\u00bb global_colors_info=\u00bb{}\u00bb][et_pb_row _builder_version=\u00bb4.16&#8243; _module_preset=\u00bbdefault\u00bb global_colors_info=\u00bb{}\u00bb][et_pb_column type=\u00bb4_4&#8243; _builder_version=\u00bb4.16&#8243; _module_preset=\u00bbdefault\u00bb global_colors_info=\u00bb{}\u00bb][\/et_pb_column][\/et_pb_row][\/et_pb_section]<\/p>\n","protected":false},"excerpt":{"rendered":"<p>Investigaci\u00f3nEn esta parte quiero poner el tema de la investigaci\u00f3n que empezare a realizar lo sientes semestres.Titulo de la investigaci\u00f3n: Identificar los estilos tipogr\u00e1ficos que permiten el aprendizaje b\u00e1sico de la lectura en los ni\u00f1os del 3er grado de primaria del Instituto Soledad Acevedo de los Reyes, Montemorelos, Nuevo Le\u00f3n Docente:\u00a0 Mois\u00e9s Varela Objetivos: Objetivo [&hellip;]<\/p>\n","protected":false},"author":30,"featured_media":0,"parent":0,"menu_order":7,"comment_status":"closed","ping_status":"closed","template":"","meta":{"_et_pb_use_builder":"on","_et_pb_old_content":"<!-- wp:divi\/placeholder \/-->","_et_gb_content_width":"","inline_featured_image":false,"footnotes":""},"_links":{"self":[{"href":"https:\/\/dcv.artcom.mx\/pda\/1200642\/wp-json\/wp\/v2\/pages\/17"}],"collection":[{"href":"https:\/\/dcv.artcom.mx\/pda\/1200642\/wp-json\/wp\/v2\/pages"}],"about":[{"href":"https:\/\/dcv.artcom.mx\/pda\/1200642\/wp-json\/wp\/v2\/types\/page"}],"author":[{"embeddable":true,"href":"https:\/\/dcv.artcom.mx\/pda\/1200642\/wp-json\/wp\/v2\/users\/30"}],"replies":[{"embeddable":true,"href":"https:\/\/dcv.artcom.mx\/pda\/1200642\/wp-json\/wp\/v2\/comments?post=17"}],"version-history":[{"count":4,"href":"https:\/\/dcv.artcom.mx\/pda\/1200642\/wp-json\/wp\/v2\/pages\/17\/revisions"}],"predecessor-version":[{"id":1044,"href":"https:\/\/dcv.artcom.mx\/pda\/1200642\/wp-json\/wp\/v2\/pages\/17\/revisions\/1044"}],"wp:attachment":[{"href":"https:\/\/dcv.artcom.mx\/pda\/1200642\/wp-json\/wp\/v2\/media?parent=17"}],"curies":[{"name":"wp","href":"https:\/\/api.w.org\/{rel}","templated":true}]}}