{"id":15,"date":"2020-03-03T22:35:51","date_gmt":"2020-03-04T04:35:51","guid":{"rendered":"http:\/\/pdadcv.artcom.mx\/portafolio-demo\/?page_id=15"},"modified":"2023-05-01T16:01:16","modified_gmt":"2023-05-01T16:01:16","slug":"autoevaluaciones","status":"publish","type":"page","link":"https:\/\/dcv.artcom.mx\/pda\/1200642\/autoevaluaciones\/","title":{"rendered":"Autoevaluaciones"},"content":{"rendered":"<p>[et_pb_section fb_built=\u00bb1&#8243; admin_label=\u00bbHero Section\u00bb _builder_version=\u00bb4.16&#8243; custom_padding=\u00bb0|0px|0px|0px\u00bb global_colors_info=\u00bb{}\u00bb][et_pb_row column_structure=\u00bb1_2,1_2&#8243; make_equal=\u00bbon\u00bb _builder_version=\u00bb4.16&#8243; width=\u00bb100%\u00bb max_width=\u00bb100%\u00bb min_height=\u00bb480.4px\u00bb custom_padding=\u00bb0px|0|0px|\u00bb use_custom_width=\u00bbon\u00bb width_unit=\u00bboff\u00bb custom_width_percent=\u00bb100%\u00bb global_colors_info=\u00bb{}\u00bb][et_pb_column type=\u00bb1_2&#8243; _builder_version=\u00bb4.16&#8243; custom_padding=\u00bb200px|8%|260px|8%\u00bb custom_padding_tablet=\u00bb80px|10%|80px|10%\u00bb custom_padding_phone=\u00bb80px|10%|80px|10%\u00bb custom_padding_last_edited=\u00bbon|tablet\u00bb global_colors_info=\u00bb{}\u00bb padding_tablet=\u00bb80px|10%|80px|10%\u00bb padding_last_edited=\u00bbon|tablet\u00bb custom_padding__hover=\u00bb|||\u00bb padding_phone=\u00bb80px|10%|80px|10%\u00bb][et_pb_text _builder_version=\u00bb4.16&#8243; text_font=\u00bbKarla||||||||\u00bb text_font_size=\u00bb18px\u00bb text_line_height=\u00bb1.8em\u00bb header_font=\u00bbArimo||||||||\u00bb header_font_size=\u00bb56px\u00bb header_line_height=\u00bb1.4em\u00bb header_2_font=\u00bb||||||||\u00bb header_3_font=\u00bb||||||||\u00bb max_width=\u00bb680px\u00bb custom_margin=\u00bb|-83px||||\u00bb custom_padding=\u00bb|0px||||\u00bb header_font_size_tablet=\u00bb40px\u00bb header_font_size_phone=\u00bb\u00bb header_font_size_last_edited=\u00bbon|tablet\u00bb locked=\u00bboff\u00bb global_colors_info=\u00bb{}\u00bb]<\/p>\n<h1>Autoevaluaci\u00f3n<\/h1>\n<p>[\/et_pb_text][et_pb_text _builder_version=\u00bb4.16&#8243; text_font=\u00bb||||||||\u00bb header_font=\u00bb||||||||\u00bb header_3_font=\u00bbKarla|700|||||||\u00bb header_3_text_color=\u00bb#c2ab92&#8243; header_3_font_size=\u00bb16px\u00bb header_3_letter_spacing=\u00bb1px\u00bb background_layout=\u00bbdark\u00bb max_width=\u00bb600px\u00bb module_alignment=\u00bbleft\u00bb custom_margin=\u00bb||20px|\u00bb locked=\u00bboff\u00bb global_colors_info=\u00bb{}\u00bb]<\/p>\n<h3>Por semestre<\/h3>\n<p>[\/et_pb_text][et_pb_text _builder_version=\u00bb4.16&#8243; text_font=\u00bb||||||||\u00bb header_font=\u00bb||||||||\u00bb header_3_font=\u00bbKarla|700|||||||\u00bb header_3_text_color=\u00bb#1E0700&#8243; header_3_font_size=\u00bb16px\u00bb header_3_letter_spacing=\u00bb1px\u00bb background_layout=\u00bbdark\u00bb max_width=\u00bb600px\u00bb module_alignment=\u00bbleft\u00bb custom_margin=\u00bb||20px|\u00bb locked=\u00bboff\u00bb global_colors_info=\u00bb{}\u00bb]<\/p>\n<h3><span>Este apartado es para hablar como me fue en cada a\u00f1o, estar\u00e1 dividido por semestre, me autoevaluar\u00e9 con las justificaci\u00f3n y evaluaci\u00f3n de los maestros que estas aportando en mi educaci\u00f3n.<\/span><\/h3>\n<p>[\/et_pb_text][\/et_pb_column][et_pb_column type=\u00bb1_2&#8243; _builder_version=\u00bb4.16&#8243; background_color=\u00bb#000000&#8243; use_background_color_gradient=\u00bbon\u00bb background_color_gradient_stops=\u00bbrgba(18,18,18,0.5) 0%|#121212 100%\u00bb background_color_gradient_overlays_image=\u00bbon\u00bb background_color_gradient_start=\u00bbrgba(18,18,18,0.5)\u00bb background_color_gradient_end=\u00bb#121212&#8243; background_image=\u00bbhttp:\/\/dcv.artcom.mx\/pda\/1200642\/wp-content\/uploads\/sites\/26\/2022\/02\/l.jpg\u00bb custom_padding=\u00bb200px||260px|8%\u00bb custom_padding_tablet=\u00bb80px|10%|80px|10%\u00bb custom_padding_phone=\u00bb80px|10%|80px|10%\u00bb custom_padding_last_edited=\u00bbon|desktop\u00bb global_colors_info=\u00bb{}\u00bb padding_tablet=\u00bb80px|10%|80px|10%\u00bb padding_last_edited=\u00bbon|desktop\u00bb custom_padding__hover=\u00bb|||\u00bb padding_phone=\u00bb80px|10%|80px|10%\u00bb][et_pb_divider show_divider=\u00bboff\u00bb _builder_version=\u00bb4.16&#8243; height=\u00bb100px\u00bb global_colors_info=\u00bb{}\u00bb][\/et_pb_divider][\/et_pb_column][\/et_pb_row][\/et_pb_section][et_pb_section fb_built=\u00bb1&#8243; admin_label=\u00bbprojects\u00bb _builder_version=\u00bb4.16&#8243; background_color=\u00bb#121212&#8243; custom_padding=\u00bb100px|0px|100px|0px\u00bb global_colors_info=\u00bb{}\u00bb][et_pb_row _builder_version=\u00bb4.16&#8243; use_background_color_gradient=\u00bbon\u00bb background_color_gradient_stops=\u00bbrgba(18,18,18,0.6) 0%|rgba(18,18,18,0.9) 100%\u00bb background_color_gradient_overlays_image=\u00bbon\u00bb background_color_gradient_start=\u00bbrgba(18,18,18,0.6)\u00bb background_color_gradient_end=\u00bbrgba(18,18,18,0.9)\u00bb background_image=\u00bbhttp:\/\/dcv.artcom.mx\/pda\/1200642\/wp-content\/uploads\/sites\/26\/2022\/02\/m.jpg\u00bb min_height=\u00bb98.1px\u00bb custom_margin=\u00bb||75px|\u00bb custom_padding=\u00bb50px||2px|50px||\u00bb animation_style=\u00bbslide\u00bb animation_direction=\u00bbbottom\u00bb animation_intensity_slide=\u00bb4%\u00bb hover_enabled=\u00bb0&#8243; global_colors_info=\u00bb{}\u00bb sticky_enabled=\u00bb0&#8243;][et_pb_column type=\u00bb4_4&#8243; _builder_version=\u00bb4.16&#8243; custom_padding=\u00bb|||\u00bb hover_enabled=\u00bb0&#8243; global_colors_info=\u00bb{}\u00bb custom_padding__hover=\u00bb|||\u00bb sticky_enabled=\u00bb0&#8243;][et_pb_text _builder_version=\u00bb4.16&#8243; text_font=\u00bbArimo|700|||||||\u00bb text_text_color=\u00bb#c2ab92&#8243; text_font_size=\u00bb20px\u00bb text_letter_spacing=\u00bb2px\u00bb text_line_height=\u00bb1.8em\u00bb global_colors_info=\u00bb{}\u00bb]<\/p>\n<p>Primer semestre<\/p>\n<p>[\/et_pb_text][et_pb_text _builder_version=\u00bb4.16&#8243; text_font=\u00bbKarla||||||||\u00bb text_text_color=\u00bb#FFFFFF\u00bb text_font_size=\u00bb18px\u00bb text_line_height=\u00bb1.8em\u00bb header_font=\u00bb||||||||\u00bb header_2_font=\u00bbCormorant Garamond||||||||\u00bb header_2_font_size=\u00bb40px\u00bb header_2_line_height=\u00bb1.4em\u00bb background_layout=\u00bbdark\u00bb width=\u00bb93.5%\u00bb custom_margin=\u00bb||9.2%|||\u00bb custom_padding=\u00bb|79px||28px||\u00bb global_colors_info=\u00bb{}\u00bb]<\/p>\n<p><span>En primer semestre fue empece con temores al momento de empezar en una escuela,\u00a0 la mayor\u00eda era nuevo para mi, las materias que lleve fueron mas te\u00f3ricas que practicas y eso facilito mas mi adaptaci\u00f3n a los programas y materias que se imparten. Mi resultado se vio reflejado al final del semestre al tener una buena nota. Se me hizo un semestre corto, ya que no llevaba todas las materias, fue de gran ayuda.\u00a0<\/span><\/p>\n<p>[\/et_pb_text][\/et_pb_column][\/et_pb_row][et_pb_row _builder_version=\u00bb4.16&#8243; use_background_color_gradient=\u00bbon\u00bb background_color_gradient_stops=\u00bbrgba(18,18,18,0.6) 0%|rgba(18,18,18,0.9) 100%\u00bb background_color_gradient_overlays_image=\u00bbon\u00bb background_color_gradient_start=\u00bbrgba(18,18,18,0.6)\u00bb background_color_gradient_end=\u00bbrgba(18,18,18,0.9)\u00bb background_image=\u00bbhttp:\/\/dcv.artcom.mx\/pda\/1200642\/wp-content\/uploads\/sites\/26\/2022\/01\/architect-firm-01.jpg\u00bb custom_margin=\u00bb||75px|\u00bb custom_padding=\u00bb50px||1px|50px||\u00bb animation_style=\u00bbslide\u00bb animation_direction=\u00bbbottom\u00bb animation_intensity_slide=\u00bb4%\u00bb hover_enabled=\u00bb0&#8243; global_colors_info=\u00bb{}\u00bb min_height=\u00bb133.1px\u00bb sticky_enabled=\u00bb0&#8243;][et_pb_column type=\u00bb4_4&#8243; _builder_version=\u00bb4.16&#8243; custom_padding=\u00bb|||\u00bb global_colors_info=\u00bb{}\u00bb custom_padding__hover=\u00bb|||\u00bb][et_pb_text _builder_version=\u00bb4.16&#8243; text_font=\u00bbArimo|700|||||||\u00bb text_text_color=\u00bb#c2ab92&#8243; text_font_size=\u00bb20px\u00bb text_letter_spacing=\u00bb2px\u00bb text_line_height=\u00bb1.8em\u00bb global_colors_info=\u00bb{}\u00bb]<\/p>\n<p>Segundo semestre<\/p>\n<p>[\/et_pb_text][et_pb_text _builder_version=\u00bb4.16&#8243; text_font=\u00bbKarla||||||||\u00bb text_text_color=\u00bb#FFFFFF\u00bb text_font_size=\u00bb18px\u00bb text_line_height=\u00bb1.8em\u00bb header_font=\u00bb||||||||\u00bb header_2_font=\u00bbCormorant Garamond||||||||\u00bb header_2_font_size=\u00bb40px\u00bb header_2_line_height=\u00bb1.4em\u00bb background_layout=\u00bbdark\u00bb width=\u00bb93.5%\u00bb custom_margin=\u00bb||11.2%|||\u00bb custom_padding=\u00bb|79px||28px||\u00bb global_colors_info=\u00bb{}\u00bb]<\/p>\n<p><span>El segundo semestre fue un poco diferente al primero, la mayor\u00eda de mis materias fueron practicas, lleve otras materias dem\u00e1s que a pesar de las dificultades fueron muy buenos resultados finales. Los mismo maestros que me dieron en primer semestre me dieron en segundo con las materias principales de la carrera. El segundo semestre sin duda alguna lo sent\u00ed m\u00e1s complicado por la entrega de mas proyectos y actividades finales de cada materia en general.\u00a0<\/span><\/p>\n<p>[\/et_pb_text][\/et_pb_column][\/et_pb_row][et_pb_row _builder_version=\u00bb4.16&#8243; use_background_color_gradient=\u00bbon\u00bb background_color_gradient_stops=\u00bbrgba(18,18,18,0.6) 0%|rgba(18,18,18,0.9) 100%\u00bb background_color_gradient_overlays_image=\u00bbon\u00bb background_color_gradient_start=\u00bbrgba(18,18,18,0.6)\u00bb background_color_gradient_end=\u00bbrgba(18,18,18,0.9)\u00bb background_image=\u00bbhttp:\/\/dcv.artcom.mx\/pda\/1200642\/wp-content\/uploads\/sites\/26\/2022\/02\/n\u0303.jpg\u00bb custom_margin=\u00bb||75px|\u00bb custom_padding=\u00bb50px||50px|50px\u00bb animation_style=\u00bbslide\u00bb animation_direction=\u00bbbottom\u00bb animation_intensity_slide=\u00bb4%\u00bb global_colors_info=\u00bb{}\u00bb min_height=\u00bb420.8px\u00bb][et_pb_column type=\u00bb4_4&#8243; _builder_version=\u00bb4.16&#8243; custom_padding=\u00bb|||\u00bb global_colors_info=\u00bb{}\u00bb custom_padding__hover=\u00bb|||\u00bb][et_pb_text _builder_version=\u00bb4.16&#8243; text_font=\u00bbArimo|700|||||||\u00bb text_text_color=\u00bb#c2ab92&#8243; text_font_size=\u00bb20px\u00bb text_letter_spacing=\u00bb2px\u00bb text_line_height=\u00bb1.8em\u00bb global_colors_info=\u00bb{}\u00bb]<\/p>\n<p>Tercer semestre<\/p>\n<p>[\/et_pb_text][et_pb_text _builder_version=\u00bb4.16&#8243; text_font=\u00bbKarla||||||||\u00bb text_text_color=\u00bb#FFFFFF\u00bb text_font_size=\u00bb18px\u00bb text_line_height=\u00bb1.8em\u00bb header_font=\u00bb||||||||\u00bb header_2_font=\u00bbCormorant Garamond||||||||\u00bb header_2_font_size=\u00bb40px\u00bb header_2_line_height=\u00bb1.4em\u00bb background_layout=\u00bbdark\u00bb width=\u00bb93.5%\u00bb custom_margin=\u00bb||3%|||\u00bb custom_padding=\u00bb|79px||28px||\u00bb global_colors_info=\u00bb{}\u00bb]<\/p>\n<p class=\"p1\">\n<p class=\"p2\">Mi tercer semestre a sido uno de mis favoritos hasta ahora, aprend\u00ed nuevos gustos del dise\u00f1o como el marketing y el dise\u00f1o editorial que me gust\u00f3 y me agrad\u00f3 mucho conocer m\u00e1s sobre ello, tambi\u00e9n conoc\u00ed a maestros nuevos que no me hab\u00edan dado clases en sus materias las cuales fueron muy interesantes y mucha utilidad para mi conocimiento de la carrera.<\/p>\n<p>[\/et_pb_text][\/et_pb_column][\/et_pb_row][et_pb_row _builder_version=\u00bb4.16&#8243; use_background_color_gradient=\u00bbon\u00bb background_color_gradient_stops=\u00bbrgba(18,18,18,0.6) 0%|rgba(18,18,18,0.9) 100%\u00bb background_color_gradient_overlays_image=\u00bbon\u00bb background_color_gradient_start=\u00bbrgba(18,18,18,0.6)\u00bb background_color_gradient_end=\u00bbrgba(18,18,18,0.9)\u00bb background_image=\u00bbhttp:\/\/dcv.artcom.mx\/pda\/1200642\/wp-content\/uploads\/sites\/26\/2022\/02\/n.jpg\u00bb custom_margin=\u00bb||75px|\u00bb custom_padding=\u00bb50px||50px|50px\u00bb animation_style=\u00bbslide\u00bb animation_direction=\u00bbbottom\u00bb animation_intensity_slide=\u00bb4%\u00bb hover_enabled=\u00bb0&#8243; global_colors_info=\u00bb{}\u00bb sticky_enabled=\u00bb0&#8243; min_height=\u00bb420.2px\u00bb][et_pb_column type=\u00bb4_4&#8243; _builder_version=\u00bb4.16&#8243; custom_padding=\u00bb|||\u00bb global_colors_info=\u00bb{}\u00bb custom_padding__hover=\u00bb|||\u00bb][et_pb_text _builder_version=\u00bb4.16&#8243; text_font=\u00bbArimo|700|||||||\u00bb text_text_color=\u00bb#c2ab92&#8243; text_font_size=\u00bb20px\u00bb text_letter_spacing=\u00bb2px\u00bb text_line_height=\u00bb1.8em\u00bb global_colors_info=\u00bb{}\u00bb]<\/p>\n<p>Cuarto semestre<\/p>\n<p>[\/et_pb_text][et_pb_text _builder_version=\u00bb4.16&#8243; text_font=\u00bbKarla||||||||\u00bb text_text_color=\u00bb#FFFFFF\u00bb text_font_size=\u00bb18px\u00bb text_line_height=\u00bb1.8em\u00bb header_font=\u00bb||||||||\u00bb header_2_font=\u00bbCormorant Garamond||||||||\u00bb header_2_font_size=\u00bb40px\u00bb header_2_line_height=\u00bb1.4em\u00bb background_layout=\u00bbdark\u00bb width=\u00bb93.5%\u00bb custom_margin=\u00bb||3%|||\u00bb custom_padding=\u00bb|79px||28px||\u00bb global_colors_info=\u00bb{}\u00bb]<\/p>\n<p class=\"p2\">Cuarto semestre es totalmente diferente, las clases son presenciales los me ayudan a reforzar m\u00e1s mis conocimientos para ponerlos en pr\u00e1ctica, la convivencia con mis compa\u00f1eros y maestros de manera presencial me ha ayudado ah comprender m\u00e1s sobre los diferentes temas del dise\u00f1o y sus diferentes \u00e1reas. Tambi\u00e9n siento la conexi\u00f3n con la carrera a m\u00e1s profundidad ya que estoy a mitad de terminar y siento que todo a salido bien gracias a Dios.<\/p>\n<p>[\/et_pb_text][\/et_pb_column][\/et_pb_row][et_pb_row _builder_version=\u00bb4.20.4&#8243; use_background_color_gradient=\u00bbon\u00bb background_color_gradient_stops=\u00bbrgba(18,18,18,0.6) 0%|rgba(18,18,18,0.9) 100%\u00bb background_color_gradient_overlays_image=\u00bbon\u00bb background_color_gradient_start=\u00bbrgba(18,18,18,0.6)\u00bb background_color_gradient_end=\u00bbrgba(18,18,18,0.9)\u00bb background_image=\u00bbhttp:\/\/dcv.artcom.mx\/pda\/1200642\/wp-content\/uploads\/sites\/26\/2023\/05\/5to-02.jpg\u00bb custom_margin=\u00bb||75px|\u00bb custom_padding=\u00bb50px||50px|50px\u00bb animation_style=\u00bbslide\u00bb animation_direction=\u00bbbottom\u00bb animation_intensity_slide=\u00bb4%\u00bb hover_enabled=\u00bb0&#8243; global_colors_info=\u00bb{}\u00bb sticky_enabled=\u00bb0&#8243; title_text=\u00bb5to-02&#8243; min_height=\u00bb420.2px\u00bb][et_pb_column type=\u00bb4_4&#8243; _builder_version=\u00bb4.16&#8243; custom_padding=\u00bb|||\u00bb hover_enabled=\u00bb0&#8243; global_colors_info=\u00bb{}\u00bb custom_padding__hover=\u00bb|||\u00bb sticky_enabled=\u00bb0&#8243;][et_pb_text _builder_version=\u00bb4.20.4&#8243; text_font=\u00bbArimo|700|||||||\u00bb text_text_color=\u00bb#c2ab92&#8243; text_font_size=\u00bb20px\u00bb text_letter_spacing=\u00bb2px\u00bb text_line_height=\u00bb1.8em\u00bb hover_enabled=\u00bb0&#8243; global_colors_info=\u00bb{}\u00bb sticky_enabled=\u00bb0&#8243;]<\/p>\n<p>Quinto semestre<\/p>\n<p>[\/et_pb_text][et_pb_text _builder_version=\u00bb4.20.4&#8243; text_font=\u00bbKarla||||||||\u00bb text_text_color=\u00bb#FFFFFF\u00bb text_font_size=\u00bb18px\u00bb text_line_height=\u00bb1.8em\u00bb header_font=\u00bb||||||||\u00bb header_2_font=\u00bbCormorant Garamond||||||||\u00bb header_2_font_size=\u00bb40px\u00bb header_2_line_height=\u00bb1.4em\u00bb background_layout=\u00bbdark\u00bb width=\u00bb93.5%\u00bb custom_margin=\u00bb||3%|||\u00bb custom_padding=\u00bb|79px||28px||\u00bb hover_enabled=\u00bb0&#8243; global_colors_info=\u00bb{}\u00bb sticky_enabled=\u00bb0&#8243;]<\/p>\n<p class=\"p2\">En este semestre aprend\u00ed muchas cosas y manuales y t\u00e9cnicas, aprend\u00ed a desarrollar cosas nuevas en InDesign el cual yo no sab\u00eda y no conoc\u00eda, el poder realizar estos trabajos en este semestre me ayuda a reforzar mi conocimiento en la carrera y en mis pr\u00e1cticas, Puedes realizar trabajos con mis compa\u00f1eros y maestros me hace muy feliz, ver como todos podemos trabajar en un mismo proyecto y que salga bien.<\/p>\n<p>[\/et_pb_text][\/et_pb_column][\/et_pb_row][et_pb_row _builder_version=\u00bb4.20.4&#8243; use_background_color_gradient=\u00bbon\u00bb background_color_gradient_stops=\u00bbrgba(18,18,18,0.6) 0%|rgba(18,18,18,0.9) 100%\u00bb background_color_gradient_overlays_image=\u00bbon\u00bb background_color_gradient_start=\u00bbrgba(18,18,18,0.6)\u00bb background_color_gradient_end=\u00bbrgba(18,18,18,0.9)\u00bb background_image=\u00bbhttp:\/\/dcv.artcom.mx\/pda\/1200642\/wp-content\/uploads\/sites\/26\/2023\/05\/6to-02.jpg\u00bb custom_margin=\u00bb||75px|\u00bb custom_padding=\u00bb50px||50px|50px\u00bb animation_style=\u00bbslide\u00bb animation_direction=\u00bbbottom\u00bb animation_intensity_slide=\u00bb4%\u00bb hover_enabled=\u00bb0&#8243; global_colors_info=\u00bb{}\u00bb sticky_enabled=\u00bb0&#8243; title_text=\u00bb6to-02&#8243; min_height=\u00bb420.2px\u00bb][et_pb_column type=\u00bb4_4&#8243; _builder_version=\u00bb4.16&#8243; custom_padding=\u00bb|||\u00bb hover_enabled=\u00bb0&#8243; global_colors_info=\u00bb{}\u00bb custom_padding__hover=\u00bb|||\u00bb sticky_enabled=\u00bb0&#8243;][et_pb_text _builder_version=\u00bb4.20.4&#8243; text_font=\u00bbArimo|700|||||||\u00bb text_text_color=\u00bb#c2ab92&#8243; text_font_size=\u00bb20px\u00bb text_letter_spacing=\u00bb2px\u00bb text_line_height=\u00bb1.8em\u00bb hover_enabled=\u00bb0&#8243; global_colors_info=\u00bb{}\u00bb sticky_enabled=\u00bb0&#8243;]<\/p>\n<p>Sexto semestre<\/p>\n<p>[\/et_pb_text][et_pb_text _builder_version=\u00bb4.20.4&#8243; text_font=\u00bbKarla||||||||\u00bb text_text_color=\u00bb#FFFFFF\u00bb text_font_size=\u00bb18px\u00bb text_line_height=\u00bb1.8em\u00bb header_font=\u00bb||||||||\u00bb header_2_font=\u00bbCormorant Garamond||||||||\u00bb header_2_font_size=\u00bb40px\u00bb header_2_line_height=\u00bb1.4em\u00bb background_layout=\u00bbdark\u00bb width=\u00bb93.5%\u00bb custom_margin=\u00bb||3%|||\u00bb custom_padding=\u00bb|79px||28px||\u00bb hover_enabled=\u00bb0&#8243; global_colors_info=\u00bb{}\u00bb sticky_enabled=\u00bb0&#8243;]<\/p>\n<p class=\"p2\">El sexto semestre estuvo lleno de emociones y entretenimientos, poder coincidir con mis amigos de mi grado y tambi\u00e9n de los dem\u00e1s es muy bonito cada actividad y cada momento fue lleno de aprendizaje y conocimiento, hacer proyectos con m\u00e1s facilidad por saber manejar cada programa fue de mucha ayuda para mi formaci\u00f3n profesional y acad\u00e9mico.<\/p>\n<p>[\/et_pb_text][\/et_pb_column][\/et_pb_row][\/et_pb_section]<\/p>\n","protected":false},"excerpt":{"rendered":"<p>Autoevaluaci\u00f3nPor semestreEste apartado es para hablar como me fue en cada a\u00f1o, estar\u00e1 dividido por semestre, me autoevaluar\u00e9 con las justificaci\u00f3n y evaluaci\u00f3n de los maestros que estas aportando en mi educaci\u00f3n.Primer semestreEn primer semestre fue empece con temores al momento de empezar en una escuela,\u00a0 la mayor\u00eda era nuevo para mi, las materias que [&hellip;]<\/p>\n","protected":false},"author":30,"featured_media":0,"parent":0,"menu_order":6,"comment_status":"closed","ping_status":"closed","template":"","meta":{"_et_pb_use_builder":"on","_et_pb_old_content":"<!-- wp:divi\/placeholder \/-->","_et_gb_content_width":"","inline_featured_image":false,"footnotes":""},"_links":{"self":[{"href":"https:\/\/dcv.artcom.mx\/pda\/1200642\/wp-json\/wp\/v2\/pages\/15"}],"collection":[{"href":"https:\/\/dcv.artcom.mx\/pda\/1200642\/wp-json\/wp\/v2\/pages"}],"about":[{"href":"https:\/\/dcv.artcom.mx\/pda\/1200642\/wp-json\/wp\/v2\/types\/page"}],"author":[{"embeddable":true,"href":"https:\/\/dcv.artcom.mx\/pda\/1200642\/wp-json\/wp\/v2\/users\/30"}],"replies":[{"embeddable":true,"href":"https:\/\/dcv.artcom.mx\/pda\/1200642\/wp-json\/wp\/v2\/comments?post=15"}],"version-history":[{"count":13,"href":"https:\/\/dcv.artcom.mx\/pda\/1200642\/wp-json\/wp\/v2\/pages\/15\/revisions"}],"predecessor-version":[{"id":997,"href":"https:\/\/dcv.artcom.mx\/pda\/1200642\/wp-json\/wp\/v2\/pages\/15\/revisions\/997"}],"wp:attachment":[{"href":"https:\/\/dcv.artcom.mx\/pda\/1200642\/wp-json\/wp\/v2\/media?parent=15"}],"curies":[{"name":"wp","href":"https:\/\/api.w.org\/{rel}","templated":true}]}}