{"id":884,"date":"2025-05-13T00:55:26","date_gmt":"2025-05-13T00:55:26","guid":{"rendered":"https:\/\/dcv.artcom.mx\/pda\/1200438\/?page_id=884"},"modified":"2025-05-13T06:03:17","modified_gmt":"2025-05-13T06:03:17","slug":"actividades-eclesiasticas-y-espirituales-2-2","status":"publish","type":"page","link":"https:\/\/dcv.artcom.mx\/pda\/1200438\/evidencias\/actividades-eclesiasticas-y-espirituales-2-2\/","title":{"rendered":"Actividades eclesi\u00e1sticas y espirituales 3"},"content":{"rendered":"<p>[et_pb_section fb_built=\u00bb1&#8243; _builder_version=\u00bb4.20.4&#8243; _module_preset=\u00bbdefault\u00bb hover_enabled=\u00bb0&#8243; global_colors_info=\u00bb{}\u00bb custom_padding=\u00bb||0px|||\u00bb sticky_enabled=\u00bb0&#8243;][et_pb_row _builder_version=\u00bb4.20.4&#8243; _module_preset=\u00bbdefault\u00bb global_colors_info=\u00bb{}\u00bb][et_pb_column type=\u00bb4_4&#8243; _builder_version=\u00bb4.20.4&#8243; _module_preset=\u00bbdefault\u00bb global_colors_info=\u00bb{}\u00bb][et_pb_text _builder_version=\u00bb4.20.4&#8243; _module_preset=\u00bbdefault\u00bb text_font=\u00bbCalistoga||||||||\u00bb text_text_color=\u00bb#000000&#8243; text_font_size=\u00bb40px\u00bb text_line_height=\u00bb1.2em\u00bb text_orientation=\u00bbcenter\u00bb global_colors_info=\u00bb{}\u00bb]Actividades eclesi\u00e1sticas y espirituales [\/et_pb_text][\/et_pb_column][\/et_pb_row][\/et_pb_section][et_pb_section fb_built=\u00bb1&#8243; _builder_version=\u00bb4.20.4&#8243; _module_preset=\u00bbdefault\u00bb global_colors_info=\u00bb{}\u00bb custom_padding=\u00bb||0px|||\u00bb][et_pb_row _builder_version=\u00bb4.20.4&#8243; _module_preset=\u00bbdefault\u00bb global_colors_info=\u00bb{}\u00bb custom_padding=\u00bb0px|||||\u00bb][et_pb_column type=\u00bb4_4&#8243; _builder_version=\u00bb4.20.4&#8243; _module_preset=\u00bbdefault\u00bb global_colors_info=\u00bb{}\u00bb][et_pb_text _builder_version=\u00bb4.20.4&#8243; _module_preset=\u00bbdefault\u00bb text_text_color=\u00bb#000000&#8243; text_font_size=\u00bb20px\u00bb text_line_height=\u00bb1.2em\u00bb text_orientation=\u00bbcenter\u00bb global_colors_info=\u00bb{}\u00bb]<\/p>\n<p data-start=\"0\" data-end=\"831\" class=\"\">Cubrir eventos en la iglesia como parte del equipo de fotograf\u00eda de Pulso fue una experiencia profundamente enriquecedora tanto personal como profesionalmente. A nivel profesional, me permiti\u00f3 perfeccionar mis habilidades para capturar momentos significativos, desde expresiones emotivas hasta detalles importantes, todo mientras trabajaba en un entorno que requer\u00eda discreci\u00f3n, respeto y un enfoque visual que reflejara adecuadamente la solemnidad y alegr\u00eda de cada ocasi\u00f3n. Aprend\u00ed a ser puntual, responsable y a adaptarme a diferentes situaciones, fortaleciendo mi capacidad para comunicar historias visualmente, incluso en condiciones de iluminaci\u00f3n cambiantes o en espacios concurridos. Cada evento represent\u00f3 un desaf\u00edo \u00fanico, pero tambi\u00e9n una oportunidad para mejorar mi t\u00e9cnica y mi capacidad de anticipar momentos clave.<\/p>\n<p data-start=\"833\" data-end=\"1548\" class=\"\">Sin embargo, el impacto m\u00e1s profundo fue en mi vida personal y espiritual. Ser testigo de ceremonias como bautismos, bodas, servicios de adoraci\u00f3n y celebraciones especiales, me permiti\u00f3 ver la fe desde una nueva perspectiva. No solo era un observador con c\u00e1mara en mano, sino alguien que, a trav\u00e9s del lente, presenciaba la devoci\u00f3n, la esperanza y el amor de las personas hacia Dios. Esto me llev\u00f3 a reflexionar sobre mi propia relaci\u00f3n espiritual, fortaleciendo mi conexi\u00f3n con Dios y record\u00e1ndome constantemente la importancia de la comunidad, el servicio y la fe compartida. Cubrir estos eventos no solo me hizo mejor fot\u00f3grafo, sino tambi\u00e9n una persona m\u00e1s emp\u00e1tica, consciente y comprometida espiritualmente.<\/p>\n<p>[\/et_pb_text][\/et_pb_column][\/et_pb_row][\/et_pb_section][et_pb_section fb_built=\u00bb1&#8243; theme_builder_area=\u00bbpost_content\u00bb _builder_version=\u00bb4.24.2&#8243; _module_preset=\u00bbdefault\u00bb][et_pb_row _builder_version=\u00bb4.24.2&#8243; _module_preset=\u00bbdefault\u00bb theme_builder_area=\u00bbpost_content\u00bb][et_pb_column _builder_version=\u00bb4.24.2&#8243; _module_preset=\u00bbdefault\u00bb type=\u00bb4_4&#8243; theme_builder_area=\u00bbpost_content\u00bb][et_pb_gallery _builder_version=\u00bb4.24.2&#8243; _module_preset=\u00bbdefault\u00bb theme_builder_area=\u00bbpost_content\u00bb show_title_and_caption=\u00bboff\u00bb show_pagination=\u00bboff\u00bb gallery_ids=\u00bb940,941,942,943&#8243; hover_enabled=\u00bb0&#8243; sticky_enabled=\u00bb0&#8243;][\/et_pb_gallery][\/et_pb_column][\/et_pb_row][\/et_pb_section]<\/p>\n","protected":false},"excerpt":{"rendered":"<p>Actividades eclesi\u00e1sticas y espirituales Cubrir eventos en la iglesia como parte del equipo de fotograf\u00eda de Pulso fue una experiencia profundamente enriquecedora tanto personal como profesionalmente. A nivel profesional, me permiti\u00f3 perfeccionar mis habilidades para capturar momentos significativos, desde expresiones emotivas hasta detalles importantes, todo mientras trabajaba en un entorno que requer\u00eda discreci\u00f3n, respeto y [&hellip;]<\/p>\n","protected":false},"author":42,"featured_media":0,"parent":11,"menu_order":5,"comment_status":"closed","ping_status":"closed","template":"","meta":{"_et_pb_use_builder":"on","_et_pb_old_content":"<!-- wp:divi\/placeholder \/-->","_et_gb_content_width":"","inline_featured_image":false,"footnotes":""},"_links":{"self":[{"href":"https:\/\/dcv.artcom.mx\/pda\/1200438\/wp-json\/wp\/v2\/pages\/884"}],"collection":[{"href":"https:\/\/dcv.artcom.mx\/pda\/1200438\/wp-json\/wp\/v2\/pages"}],"about":[{"href":"https:\/\/dcv.artcom.mx\/pda\/1200438\/wp-json\/wp\/v2\/types\/page"}],"author":[{"embeddable":true,"href":"https:\/\/dcv.artcom.mx\/pda\/1200438\/wp-json\/wp\/v2\/users\/42"}],"replies":[{"embeddable":true,"href":"https:\/\/dcv.artcom.mx\/pda\/1200438\/wp-json\/wp\/v2\/comments?post=884"}],"version-history":[{"count":3,"href":"https:\/\/dcv.artcom.mx\/pda\/1200438\/wp-json\/wp\/v2\/pages\/884\/revisions"}],"predecessor-version":[{"id":944,"href":"https:\/\/dcv.artcom.mx\/pda\/1200438\/wp-json\/wp\/v2\/pages\/884\/revisions\/944"}],"up":[{"embeddable":true,"href":"https:\/\/dcv.artcom.mx\/pda\/1200438\/wp-json\/wp\/v2\/pages\/11"}],"wp:attachment":[{"href":"https:\/\/dcv.artcom.mx\/pda\/1200438\/wp-json\/wp\/v2\/media?parent=884"}],"curies":[{"name":"wp","href":"https:\/\/api.w.org\/{rel}","templated":true}]}}