{"id":881,"date":"2025-05-13T00:55:02","date_gmt":"2025-05-13T00:55:02","guid":{"rendered":"https:\/\/dcv.artcom.mx\/pda\/1200438\/?page_id=881"},"modified":"2025-05-13T05:15:31","modified_gmt":"2025-05-13T05:15:31","slug":"emprendimientos-personales-3","status":"publish","type":"page","link":"https:\/\/dcv.artcom.mx\/pda\/1200438\/evidencias\/emprendimientos-personales-3\/","title":{"rendered":"Emprendimientos personales 3"},"content":{"rendered":"<p>[et_pb_section fb_built=\u00bb1&#8243; _builder_version=\u00bb4.20.4&#8243; _module_preset=\u00bbdefault\u00bb background_color=\u00bb#7ea0b7&#8243; global_colors_info=\u00bb{}\u00bb][et_pb_row _builder_version=\u00bb4.20.4&#8243; _module_preset=\u00bbdefault\u00bb global_colors_info=\u00bb{}\u00bb][et_pb_column type=\u00bb4_4&#8243; _builder_version=\u00bb4.20.4&#8243; _module_preset=\u00bbdefault\u00bb global_colors_info=\u00bb{}\u00bb][et_pb_text _builder_version=\u00bb4.20.4&#8243; _module_preset=\u00bbdefault\u00bb text_font=\u00bbCalistoga||||||||\u00bb text_text_color=\u00bb#000000&#8243; text_font_size=\u00bb40px\u00bb text_line_height=\u00bb1.2em\u00bb text_orientation=\u00bbcenter\u00bb global_colors_info=\u00bb{}\u00bb]Emprendimientos personales[\/et_pb_text][\/et_pb_column][\/et_pb_row][\/et_pb_section][et_pb_section fb_built=\u00bb1&#8243; _builder_version=\u00bb4.20.4&#8243; _module_preset=\u00bbdefault\u00bb background_image=\u00bbhttp:\/\/dcv.artcom.mx\/pda\/1200438\/wp-content\/uploads\/sites\/40\/2023\/05\/Mesa-de-trabajo-1-100-scaled.jpg\u00bb global_colors_info=\u00bb{}\u00bb][et_pb_row _builder_version=\u00bb4.20.4&#8243; _module_preset=\u00bbdefault\u00bb global_colors_info=\u00bb{}\u00bb][et_pb_column type=\u00bb4_4&#8243; _builder_version=\u00bb4.20.4&#8243; _module_preset=\u00bbdefault\u00bb global_colors_info=\u00bb{}\u00bb][et_pb_image src=\u00bbhttp:\/\/dcv.artcom.mx\/pda\/1200438\/wp-content\/uploads\/sites\/40\/2025\/05\/Captura-de-Pantalla-2025-05-12-a-las-18.25.43.png\u00bb title_text=\u00bbCaptura de Pantalla 2025-05-12 a la(s) 18.25.43&#8243; _builder_version=\u00bb4.24.2&#8243; _module_preset=\u00bbdefault\u00bb transform_scale=\u00bb133.5%|133.5%\u00bb hover_enabled=\u00bb0&#8243; global_colors_info=\u00bb{}\u00bb sticky_enabled=\u00bb0&#8243; force_fullwidth=\u00bbon\u00bb][\/et_pb_image][\/et_pb_column][\/et_pb_row][et_pb_row column_structure=\u00bb1_2,1_2&#8243; _builder_version=\u00bb4.20.4&#8243; _module_preset=\u00bbdefault\u00bb custom_margin=\u00bb118px|auto||auto||\u00bb global_colors_info=\u00bb{}\u00bb][et_pb_column type=\u00bb1_2&#8243; _builder_version=\u00bb4.20.4&#8243; _module_preset=\u00bbdefault\u00bb global_colors_info=\u00bb{}\u00bb][et_pb_image src=\u00bbhttp:\/\/dcv.artcom.mx\/pda\/1200438\/wp-content\/uploads\/sites\/40\/2025\/05\/Captura-de-Pantalla-2025-05-12-a-las-23.11.12.png\u00bb title_text=\u00bbCaptura de Pantalla 2025-05-12 a la(s) 23.11.12&#8243; _builder_version=\u00bb4.24.2&#8243; _module_preset=\u00bbdefault\u00bb custom_margin=\u00bb63px|132px||-24px||\u00bb global_colors_info=\u00bb{}\u00bb hover_enabled=\u00bb0&#8243; sticky_enabled=\u00bb0&#8243;][\/et_pb_image][\/et_pb_column][et_pb_column type=\u00bb1_2&#8243; _builder_version=\u00bb4.20.4&#8243; _module_preset=\u00bbdefault\u00bb global_colors_info=\u00bb{}\u00bb][et_pb_text _builder_version=\u00bb4.20.4&#8243; _module_preset=\u00bbdefault\u00bb text_font=\u00bbCalistoga||||||||\u00bb text_text_color=\u00bb#000000&#8243; text_font_size=\u00bb40px\u00bb text_line_height=\u00bb1.2em\u00bb text_orientation=\u00bbcenter\u00bb custom_margin=\u00bb121px|-59px||63px||\u00bb global_colors_info=\u00bb{}\u00bb]<\/p>\n<p>Sassography<\/p>\n<p>[\/et_pb_text][et_pb_text _builder_version=\u00bb4.20.4&#8243; _module_preset=\u00bbdefault\u00bb text_text_color=\u00bb#000000&#8243; text_font_size=\u00bb20px\u00bb text_line_height=\u00bb1.2em\u00bb text_orientation=\u00bbcenter\u00bb custom_margin=\u00bb|||119px||\u00bb global_colors_info=\u00bb{}\u00bb]<\/p>\n<p>Hace dos a\u00f1os, abr\u00ed una cuenta de fotograf\u00eda simplemente por diversi\u00f3n. Con el tiempo, mi presencia en l\u00ednea comenz\u00f3 a ganar reconocimiento y, poco a poco, las personas empezaron a contratarme para cubrir eventos importantes como bodas, bautizos, cumplea\u00f1os, etc. Lo que comenz\u00f3 como un pasatiempo se ha transformado en una emocionante oportunidad profesional que contin\u00faa creciendo.<\/p>\n<p>[\/et_pb_text][et_pb_icon font_icon=\u00bb&#xe0b1;||divi||400&#8243; icon_color=\u00bb#000000&#8243; icon_width=\u00bb57px\u00bb url=\u00bbhttps:\/\/www.instagram.com\/sassography_\/\u00bb url_new_window=\u00bbon\u00bb _builder_version=\u00bb4.24.2&#8243; _module_preset=\u00bbdefault\u00bb custom_margin=\u00bb|||129px||\u00bb global_colors_info=\u00bb{}\u00bb][\/et_pb_icon][\/et_pb_column][\/et_pb_row][\/et_pb_section]<\/p>\n","protected":false},"excerpt":{"rendered":"<p>Emprendimientos personalesSassographyHace dos a\u00f1os, abr\u00ed una cuenta de fotograf\u00eda simplemente por diversi\u00f3n. Con el tiempo, mi presencia en l\u00ednea comenz\u00f3 a ganar reconocimiento y, poco a poco, las personas empezaron a contratarme para cubrir eventos importantes como bodas, bautizos, cumplea\u00f1os, etc. Lo que comenz\u00f3 como un pasatiempo se ha transformado en una emocionante oportunidad profesional [&hellip;]<\/p>\n","protected":false},"author":42,"featured_media":0,"parent":11,"menu_order":4,"comment_status":"closed","ping_status":"closed","template":"","meta":{"_et_pb_use_builder":"on","_et_pb_old_content":"<!-- wp:divi\/placeholder \/-->","_et_gb_content_width":"","inline_featured_image":false,"footnotes":""},"_links":{"self":[{"href":"https:\/\/dcv.artcom.mx\/pda\/1200438\/wp-json\/wp\/v2\/pages\/881"}],"collection":[{"href":"https:\/\/dcv.artcom.mx\/pda\/1200438\/wp-json\/wp\/v2\/pages"}],"about":[{"href":"https:\/\/dcv.artcom.mx\/pda\/1200438\/wp-json\/wp\/v2\/types\/page"}],"author":[{"embeddable":true,"href":"https:\/\/dcv.artcom.mx\/pda\/1200438\/wp-json\/wp\/v2\/users\/42"}],"replies":[{"embeddable":true,"href":"https:\/\/dcv.artcom.mx\/pda\/1200438\/wp-json\/wp\/v2\/comments?post=881"}],"version-history":[{"count":3,"href":"https:\/\/dcv.artcom.mx\/pda\/1200438\/wp-json\/wp\/v2\/pages\/881\/revisions"}],"predecessor-version":[{"id":918,"href":"https:\/\/dcv.artcom.mx\/pda\/1200438\/wp-json\/wp\/v2\/pages\/881\/revisions\/918"}],"up":[{"embeddable":true,"href":"https:\/\/dcv.artcom.mx\/pda\/1200438\/wp-json\/wp\/v2\/pages\/11"}],"wp:attachment":[{"href":"https:\/\/dcv.artcom.mx\/pda\/1200438\/wp-json\/wp\/v2\/media?parent=881"}],"curies":[{"name":"wp","href":"https:\/\/api.w.org\/{rel}","templated":true}]}}