{"id":878,"date":"2025-05-13T00:54:32","date_gmt":"2025-05-13T00:54:32","guid":{"rendered":"https:\/\/dcv.artcom.mx\/pda\/1200438\/?page_id=878"},"modified":"2025-05-13T05:02:40","modified_gmt":"2025-05-13T05:02:40","slug":"actividades-laborales-y-certificaciones-3","status":"publish","type":"page","link":"https:\/\/dcv.artcom.mx\/pda\/1200438\/evidencias\/actividades-laborales-y-certificaciones-3\/","title":{"rendered":"Actividades laborales y certificaciones 3"},"content":{"rendered":"<p>[et_pb_section fb_built=\u00bb1&#8243; _builder_version=\u00bb4.20.4&#8243; _module_preset=\u00bbdefault\u00bb global_colors_info=\u00bb{}\u00bb][et_pb_row _builder_version=\u00bb4.20.4&#8243; _module_preset=\u00bbdefault\u00bb global_colors_info=\u00bb{}\u00bb][et_pb_column type=\u00bb4_4&#8243; _builder_version=\u00bb4.20.4&#8243; _module_preset=\u00bbdefault\u00bb global_colors_info=\u00bb{}\u00bb][et_pb_text _builder_version=\u00bb4.20.4&#8243; _module_preset=\u00bbdefault\u00bb text_font=\u00bbCalistoga||||||||\u00bb text_text_color=\u00bb#000000&#8243; text_font_size=\u00bb40px\u00bb text_line_height=\u00bb1.2em\u00bb text_orientation=\u00bbcenter\u00bb custom_margin=\u00bb-36px|||||\u00bb global_colors_info=\u00bb{}\u00bb]Actividades laborales[\/et_pb_text][\/et_pb_column][\/et_pb_row][\/et_pb_section][et_pb_section fb_built=\u00bb1&#8243; _builder_version=\u00bb4.20.4&#8243; _module_preset=\u00bbdefault\u00bb min_height=\u00bb526px\u00bb global_colors_info=\u00bb{}\u00bb][et_pb_row _builder_version=\u00bb4.20.4&#8243; _module_preset=\u00bbdefault\u00bb global_colors_info=\u00bb{}\u00bb][et_pb_column type=\u00bb4_4&#8243; _builder_version=\u00bb4.20.4&#8243; _module_preset=\u00bbdefault\u00bb global_colors_info=\u00bb{}\u00bb][et_pb_image src=\u00bbhttp:\/\/dcv.artcom.mx\/pda\/1200438\/wp-content\/uploads\/sites\/40\/2025\/05\/efb22f50-bf41-4fb8-abdb-09ecd9fc7c38.jpg\u00bb title_text=\u00bbefb22f50-bf41-4fb8-abdb-09ecd9fc7c38&#8243; force_fullwidth=\u00bbon\u00bb _builder_version=\u00bb4.24.2&#8243; _module_preset=\u00bbdefault\u00bb transform_scale=\u00bb133.5%|133.5%\u00bb custom_margin=\u00bb|25px|-19px|||\u00bb hover_enabled=\u00bb0&#8243; global_colors_info=\u00bb{}\u00bb sticky_enabled=\u00bb0&#8243;][\/et_pb_image][\/et_pb_column][\/et_pb_row][\/et_pb_section][et_pb_section fb_built=\u00bb1&#8243; _builder_version=\u00bb4.20.4&#8243; _module_preset=\u00bbdefault\u00bb background_image=\u00bbhttp:\/\/dcv.artcom.mx\/pda\/1200438\/wp-content\/uploads\/sites\/40\/2023\/05\/Mesa-de-trabajo-1-100-8-scaled.jpg\u00bb global_colors_info=\u00bb{}\u00bb][et_pb_row _builder_version=\u00bb4.20.4&#8243; _module_preset=\u00bbdefault\u00bb global_colors_info=\u00bb{}\u00bb][et_pb_column type=\u00bb4_4&#8243; _builder_version=\u00bb4.20.4&#8243; _module_preset=\u00bbdefault\u00bb global_colors_info=\u00bb{}\u00bb][et_pb_text _builder_version=\u00bb4.24.2&#8243; _module_preset=\u00bbdefault\u00bb text_font=\u00bbCalistoga||||||||\u00bb text_text_color=\u00bb#000000&#8243; text_font_size=\u00bb40px\u00bb text_line_height=\u00bb1.2em\u00bb text_orientation=\u00bbcenter\u00bb custom_margin=\u00bb45px|||532px||\u00bb global_colors_info=\u00bb{}\u00bb]<\/p>\n<p>PULSO<\/p>\n<p>[\/et_pb_text][\/et_pb_column][\/et_pb_row][et_pb_row column_structure=\u00bb2_5,3_5&#8243; _builder_version=\u00bb4.20.4&#8243; _module_preset=\u00bbdefault\u00bb global_colors_info=\u00bb{}\u00bb][et_pb_column type=\u00bb2_5&#8243; _builder_version=\u00bb4.20.4&#8243; _module_preset=\u00bbdefault\u00bb global_colors_info=\u00bb{}\u00bb][et_pb_image src=\u00bbhttp:\/\/dcv.artcom.mx\/pda\/1200438\/wp-content\/uploads\/sites\/40\/2025\/05\/f4cd5172-d708-43b3-a215-f02b5d283b50.jpg\u00bb title_text=\u00bbf4cd5172-d708-43b3-a215-f02b5d283b50&#8243; _builder_version=\u00bb4.24.2&#8243; _module_preset=\u00bbdefault\u00bb custom_margin=\u00bb-25px|168px||-112px||\u00bb hover_enabled=\u00bb0&#8243; global_colors_info=\u00bb{}\u00bb sticky_enabled=\u00bb0&#8243; custom_padding=\u00bb0px|||||\u00bb][\/et_pb_image][\/et_pb_column][et_pb_column type=\u00bb3_5&#8243; _builder_version=\u00bb4.20.4&#8243; _module_preset=\u00bbdefault\u00bb global_colors_info=\u00bb{}\u00bb][et_pb_text _builder_version=\u00bb4.20.4&#8243; _module_preset=\u00bbdefault\u00bb text_text_color=\u00bb#000000&#8243; text_font_size=\u00bb20px\u00bb text_line_height=\u00bb1.2em\u00bb text_orientation=\u00bbcenter\u00bb custom_margin=\u00bb|||112px||\u00bb global_colors_info=\u00bb{}\u00bb]<\/p>\n<p data-pm-slice=\"1 1 []\"><span>Trabajar en el departamento de fotograf\u00eda Pulso de la Universidad de Montemorelos ha sido clave en mi desarrollo profesional. Cubriendo eventos deportivos, ceremonias religiosas y actividades sociales, perfeccion\u00e9 mis habilidades t\u00e9cnicas: desde ajustar la c\u00e1mara en distintas condiciones hasta capturar emociones aut\u00e9nticas.<\/span><\/p>\n<p><span>Adem\u00e1s, aprend\u00ed a ser puntual y responsable, adapt\u00e1ndome a la din\u00e1mica de los eventos en vivo. La colaboraci\u00f3n en equipo me permiti\u00f3 recibir retroalimentaci\u00f3n valiosa y mejorar continuamente.<\/span><\/p>\n<p><span>Gracias a Pulso, no solo soy mejor fot\u00f3grafo, sino tambi\u00e9n una persona m\u00e1s organizada y emp\u00e1tica, lista para nuevos desaf\u00edos.<\/span><\/p>\n<p>&nbsp;<\/p>\n<p>[\/et_pb_text][\/et_pb_column][\/et_pb_row][\/et_pb_section]<\/p>\n","protected":false},"excerpt":{"rendered":"<p>Actividades laboralesPULSOTrabajar en el departamento de fotograf\u00eda Pulso de la Universidad de Montemorelos ha sido clave en mi desarrollo profesional. Cubriendo eventos deportivos, ceremonias religiosas y actividades sociales, perfeccion\u00e9 mis habilidades t\u00e9cnicas: desde ajustar la c\u00e1mara en distintas condiciones hasta capturar emociones aut\u00e9nticas. Adem\u00e1s, aprend\u00ed a ser puntual y responsable, adapt\u00e1ndome a la din\u00e1mica de [&hellip;]<\/p>\n","protected":false},"author":42,"featured_media":0,"parent":11,"menu_order":3,"comment_status":"closed","ping_status":"closed","template":"","meta":{"_et_pb_use_builder":"on","_et_pb_old_content":"","_et_gb_content_width":"","inline_featured_image":false,"footnotes":""},"_links":{"self":[{"href":"https:\/\/dcv.artcom.mx\/pda\/1200438\/wp-json\/wp\/v2\/pages\/878"}],"collection":[{"href":"https:\/\/dcv.artcom.mx\/pda\/1200438\/wp-json\/wp\/v2\/pages"}],"about":[{"href":"https:\/\/dcv.artcom.mx\/pda\/1200438\/wp-json\/wp\/v2\/types\/page"}],"author":[{"embeddable":true,"href":"https:\/\/dcv.artcom.mx\/pda\/1200438\/wp-json\/wp\/v2\/users\/42"}],"replies":[{"embeddable":true,"href":"https:\/\/dcv.artcom.mx\/pda\/1200438\/wp-json\/wp\/v2\/comments?post=878"}],"version-history":[{"count":4,"href":"https:\/\/dcv.artcom.mx\/pda\/1200438\/wp-json\/wp\/v2\/pages\/878\/revisions"}],"predecessor-version":[{"id":914,"href":"https:\/\/dcv.artcom.mx\/pda\/1200438\/wp-json\/wp\/v2\/pages\/878\/revisions\/914"}],"up":[{"embeddable":true,"href":"https:\/\/dcv.artcom.mx\/pda\/1200438\/wp-json\/wp\/v2\/pages\/11"}],"wp:attachment":[{"href":"https:\/\/dcv.artcom.mx\/pda\/1200438\/wp-json\/wp\/v2\/media?parent=878"}],"curies":[{"name":"wp","href":"https:\/\/api.w.org\/{rel}","templated":true}]}}