{"id":7,"date":"2020-03-03T22:17:35","date_gmt":"2020-03-04T04:17:35","guid":{"rendered":"http:\/\/pdadcv.artcom.mx\/portafolio-demo\/?page_id=7"},"modified":"2025-05-13T00:44:49","modified_gmt":"2025-05-13T00:44:49","slug":"mi-carrera","status":"publish","type":"page","link":"https:\/\/dcv.artcom.mx\/pda\/1200438\/mi-carrera\/","title":{"rendered":"Mi carrera"},"content":{"rendered":"<p>[et_pb_section fb_built=\u00bb1&#8243; _builder_version=\u00bb4.20.4&#8243; _module_preset=\u00bbdefault\u00bb background_color=\u00bb#a9cced\u00bb custom_padding=\u00bb||0px|||\u00bb global_colors_info=\u00bb{}\u00bb][et_pb_row _builder_version=\u00bb4.20.4&#8243; _module_preset=\u00bbdefault\u00bb global_colors_info=\u00bb{}\u00bb][et_pb_column type=\u00bb4_4&#8243; _builder_version=\u00bb4.20.4&#8243; _module_preset=\u00bbdefault\u00bb global_colors_info=\u00bb{}\u00bb][et_pb_text _builder_version=\u00bb4.20.4&#8243; _module_preset=\u00bbdefault\u00bb text_font=\u00bbCalistoga||||||||\u00bb text_text_color=\u00bb#000000&#8243; text_font_size=\u00bb40px\u00bb text_line_height=\u00bb1.2em\u00bb text_orientation=\u00bbcenter\u00bb global_colors_info=\u00bb{}\u00bb]Mi carrera[\/et_pb_text][\/et_pb_column][\/et_pb_row][\/et_pb_section][et_pb_section fb_built=\u00bb1&#8243; _builder_version=\u00bb4.20.4&#8243; _module_preset=\u00bbdefault\u00bb background_image=\u00bbhttp:\/\/dcv.artcom.mx\/pda\/1200438\/wp-content\/uploads\/sites\/40\/2023\/05\/Mesa-de-trabajo-1-100-8-scaled.jpg\u00bb global_colors_info=\u00bb{}\u00bb][et_pb_row column_structure=\u00bb2_5,3_5&#8243; _builder_version=\u00bb4.20.4&#8243; _module_preset=\u00bbdefault\u00bb global_colors_info=\u00bb{}\u00bb][et_pb_column type=\u00bb2_5&#8243; _builder_version=\u00bb4.20.4&#8243; _module_preset=\u00bbdefault\u00bb global_colors_info=\u00bb{}\u00bb][et_pb_image src=\u00bbhttp:\/\/dcv.artcom.mx\/pda\/1200438\/wp-content\/uploads\/sites\/40\/2024\/05\/WhatsApp-Image-2024-05-01-at-01.27.12-scaled.jpeg\u00bb title_text=\u00bbWhatsApp Image 2024-05-01 at 01.27.12&#8243; _builder_version=\u00bb4.24.2&#8243; _module_preset=\u00bbdefault\u00bb custom_margin=\u00bb|81px||-128px||\u00bb custom_padding=\u00bb|31px||||\u00bb global_colors_info=\u00bb{}\u00bb][\/et_pb_image][\/et_pb_column][et_pb_column type=\u00bb3_5&#8243; _builder_version=\u00bb4.20.4&#8243; _module_preset=\u00bbdefault\u00bb global_colors_info=\u00bb{}\u00bb][et_pb_text _builder_version=\u00bb4.20.4&#8243; _module_preset=\u00bbdefault\u00bb text_text_color=\u00bb#000000&#8243; text_font_size=\u00bb20px\u00bb text_line_height=\u00bb1.2em\u00bb text_orientation=\u00bbcenter\u00bb custom_margin=\u00bb-65px|||||\u00bb global_colors_info=\u00bb{}\u00bb]<\/p>\n<p>Desde muy chiquito me he sentido atra\u00eddo por el arte en sus diferentes presentaciones, descubr\u00ed un gusto especial por el dibujo, colorear, por la m\u00fasica entre otra variedad de cosas.<\/p>\n<p>Conforme fui creciendo fui dejando de lado un poco el dibujo, pero nunca perd\u00ed el gusto.<\/p>\n<p>Durante mis estudios en la preparatoria, ten\u00eda planes de estudiar odontolog\u00eda, incluso me met\u00ed a la especialidad de ciencias de la salud, con la cu\u00e1l termin\u00e9 la preparatoria.<\/p>\n<p>El estar en salud me ayud\u00f3 a darme cuenta que no quer\u00eda estudiar nada relacionado con el \u00e1rea de la salud, y me decid\u00ed por arquitectura, un d\u00eda antes de que cerraran las inscripciones, leyendo el plan de estudio de arquitectura, vi que hab\u00edan cosas que no me terminaban de convencer, as\u00ed que me puse a indagar en m\u00e1s carreras.<\/p>\n<p>Al leer el plan de estudio de la carrera de Dise\u00f1o de Comunicaci\u00f3n Visual qued\u00e9 fascinado, y sin dudarlo, agend\u00e9 mi examen de admisi\u00f3n para la carrera.<\/p>\n<p>Ya estudiando esta hermosa carrera, descubr\u00ed mi pasi\u00f3n por la fotograf\u00eda, y el gusto por otras ramas que no conoc\u00eda.<\/p>\n<p>Actualmente estoy enfocando mi carrera en la rama del branding y la fotograf\u00eda deportiva ya que me parece que cuentan con muchas posibilidades y una gran visibilidad.<\/p>\n<p>[\/et_pb_text][\/et_pb_column][\/et_pb_row][\/et_pb_section]<\/p>\n","protected":false},"excerpt":{"rendered":"<p>Mi carreraDesde muy chiquito me he sentido atra\u00eddo por el arte en sus diferentes presentaciones, descubr\u00ed un gusto especial por el dibujo, colorear, por la m\u00fasica entre otra variedad de cosas. Conforme fui creciendo fui dejando de lado un poco el dibujo, pero nunca perd\u00ed el gusto. Durante mis estudios en la preparatoria, ten\u00eda planes [&hellip;]<\/p>\n","protected":false},"author":42,"featured_media":0,"parent":0,"menu_order":3,"comment_status":"closed","ping_status":"closed","template":"","meta":{"_et_pb_use_builder":"on","_et_pb_old_content":"","_et_gb_content_width":"","inline_featured_image":false,"footnotes":""},"_links":{"self":[{"href":"https:\/\/dcv.artcom.mx\/pda\/1200438\/wp-json\/wp\/v2\/pages\/7"}],"collection":[{"href":"https:\/\/dcv.artcom.mx\/pda\/1200438\/wp-json\/wp\/v2\/pages"}],"about":[{"href":"https:\/\/dcv.artcom.mx\/pda\/1200438\/wp-json\/wp\/v2\/types\/page"}],"author":[{"embeddable":true,"href":"https:\/\/dcv.artcom.mx\/pda\/1200438\/wp-json\/wp\/v2\/users\/42"}],"replies":[{"embeddable":true,"href":"https:\/\/dcv.artcom.mx\/pda\/1200438\/wp-json\/wp\/v2\/comments?post=7"}],"version-history":[{"count":7,"href":"https:\/\/dcv.artcom.mx\/pda\/1200438\/wp-json\/wp\/v2\/pages\/7\/revisions"}],"predecessor-version":[{"id":870,"href":"https:\/\/dcv.artcom.mx\/pda\/1200438\/wp-json\/wp\/v2\/pages\/7\/revisions\/870"}],"wp:attachment":[{"href":"https:\/\/dcv.artcom.mx\/pda\/1200438\/wp-json\/wp\/v2\/media?parent=7"}],"curies":[{"name":"wp","href":"https:\/\/api.w.org\/{rel}","templated":true}]}}